{"id":5406,"date":"2024-06-13T05:20:38","date_gmt":"2024-06-13T05:20:38","guid":{"rendered":"https:\/\/rs-audiovideo.com\/?post_type=product&#038;p=5406"},"modified":"2025-08-01T17:07:56","modified_gmt":"2025-08-01T17:07:56","slug":"stinger-10-a-g3-altavoz-bass-reflex-pasivo-de-10-y-2-vias-para-pa","status":"publish","type":"product","link":"https:\/\/rs-audiovideo.com\/index.php\/product\/stinger-10-a-g3-altavoz-bass-reflex-pasivo-de-10-y-2-vias-para-pa\/","title":{"rendered":"STINGER 10 A G3 Altavoz bass reflex Pasivo de 10&#8243; y 2 v\u00edas para PA"},"content":{"rendered":"<div class=\"article-nr\"><span class=\"article-nr-text\">N.\u00ba art\u00edculo:\u00a0<\/span><span class=\"article-nr-content\">LDEB102G3<\/span><\/div>\n<div class=\"series-nr\"><span class=\"series-nr-text\">Serie:<\/span>\u00a0<span class=\"series-nr-content\">STINGER G3<\/span><\/div>\n<p>Este altavoz de 2\u00a0v\u00edas de uso profesional ha sido fabricado para ofrecer una fiabilidad duradera. Gracias a su recinto bass reflex multifuncional, este altavoz se puede utilizar como full range, sat\u00e9lite o monitor de suelo en sistemas de PA port\u00e1til y para instalaci\u00f3n. El STINGER\u00ae 10 G3 tiene una potencia nominal de 300\u00a0W y alcanza un SPL m\u00e1ximo de 120\u00a0dB. Su woofer de 10&#8243; especialmente desarrollado y el motor de agudos de BMS consiguen una excelente respuesta de graves y unos agudos vivos y naturales. La gu\u00eda de ondas de agudos ha sido desarrollada mediante el m\u00e9todo BEM (Boundary Element Method), una simulaci\u00f3n num\u00e9rica de la dispersi\u00f3n y propagaci\u00f3n ac\u00fastica. Esta gu\u00eda reduce las reflexiones en suelos y techos, elimina los l\u00f3bulos laterales y logra as\u00ed una dispersi\u00f3n uniforme. El STINGER\u00ae\u00a010 G3 est\u00e1 dise\u00f1ado como un aut\u00e9ntico caballo de batalla. La s\u00f3lida carcasa de contrachapado de abedul lleva un recubrimiento de poliurea muy resistente que ofrece una excepcional durabilidad y robustez. Otras caracter\u00edsticas destacadas son una rejilla frontal de acero, un vaso de soporte de doble inclinaci\u00f3n, puntos de volado y una asa ergon\u00f3mica. El STINGER\u00ae\u00a010 G3 es una soluci\u00f3n asequible para refuerzo sonoro profesional y cuenta con una amplia gama de accesorios para escenarios e instalaciones fijas.<\/p>\n<p>&nbsp;<\/p>\n<div class=\"detail-feature\">\n<div class=\"detail-feature-text\">Altavoz bass reflex pasivo de 2 v\u00edas para PA<\/div>\n<div class=\"clear\"><\/div>\n<\/div>\n<div class=\"detail-feature\">\n<p>&nbsp;<\/p>\n<div class=\"detail-feature-text\">Potencia de 300 W RMS<\/div>\n<div class=\"clear\"><\/div>\n<\/div>\n<div class=\"detail-feature\">\n<p>&nbsp;<\/p>\n<div class=\"detail-feature-text\">SPL m\u00e1ximo de 120 dB<\/div>\n<div class=\"clear\"><\/div>\n<\/div>\n<div class=\"detail-feature\">\n<p>&nbsp;<\/p>\n<div class=\"detail-feature-text\">Woofer personalizado de 10&#8243; y compresor de BMS<\/div>\n<div class=\"clear\"><\/div>\n<\/div>\n<div class=\"detail-feature\">\n<p>&nbsp;<\/p>\n<div class=\"detail-feature-text\">Gu\u00eda de ondas de agudos optimizada con BEM para una dispersi\u00f3n homog\u00e9nea<\/div>\n<div class=\"clear\"><\/div>\n<\/div>\n<div class=\"detail-feature\">\n<p>&nbsp;<\/p>\n<div class=\"detail-feature-text\">Carcasa de contrachapado de abedul con recubrimiento de poliurea ultrarresistente<\/div>\n<div class=\"clear\"><\/div>\n<\/div>\n<div class=\"detail-feature\">\n<p>&nbsp;<\/p>\n<div class=\"detail-feature-text\">Rejilla frontal robusta que protege eficazmente el altavoz<\/div>\n<div class=\"clear\"><\/div>\n<\/div>\n<div class=\"detail-feature\">\n<p>&nbsp;<\/p>\n<div class=\"detail-feature-text\">Conexi\u00f3n de soporte de doble inclinaci\u00f3n (0\u00b0\/5\u00b0) de 36 mm<\/div>\n<div class=\"clear\"><\/div>\n<\/div>\n<div class=\"detail-feature\">\n<p>&nbsp;<\/p>\n<div class=\"detail-feature-text\">Amplia gama de accesorios pr\u00e1cticos para la instalaci\u00f3n y el transporte<\/div>\n<\/div>\n","protected":false},"excerpt":{"rendered":"<p>N.\u00ba art\u00edculo:\u00a0LDEB102G3 Serie:\u00a0STINGER G3 Este altavoz de 2\u00a0v\u00edas de uso profesional ha sido fabricado para ofrecer una fiabilidad duradera. Gracias a su recinto bass reflex multifuncional, este altavoz se puede<\/p>\n","protected":false},"featured_media":5405,"comment_status":"open","ping_status":"closed","template":"","meta":{"_acf_changed":false},"product_brand":[],"product_cat":[242,259,231],"product_tag":[],"class_list":{"0":"post-5406","1":"product","2":"type-product","3":"status-publish","4":"has-post-thumbnail","6":"product_cat-cabinas-pasivas","7":"product_cat-ld-systems","8":"product_cat-sonido-profesional","10":"first","11":"onbackorder","12":"shipping-taxable","13":"product-type-simple","14":"add-to-wishlist-after_add_to_cart"},"acf":[],"yoast_head":"<!-- This site is optimized with the Yoast SEO plugin v26.0 - https:\/\/yoast.com\/wordpress\/plugins\/seo\/ -->\n<title>STINGER 10 A G3 Altavoz bass reflex Pasivo de 10&quot; y 2 v\u00edas para PA - Soluciones, Asesoria y Venta de Equipos Audiovisuales<\/title>\n<meta name=\"robots\" content=\"index, follow, max-snippet:-1, max-image-preview:large, max-video-preview:-1\" \/>\n<link rel=\"canonical\" href=\"https:\/\/rs-audiovideo.com\/index.php\/product\/stinger-10-a-g3-altavoz-bass-reflex-pasivo-de-10-y-2-vias-para-pa\/\" \/>\n<meta property=\"og:locale\" content=\"en_US\" \/>\n<meta property=\"og:type\" content=\"article\" \/>\n<meta property=\"og:title\" content=\"STINGER 10 A G3 Altavoz bass reflex Pasivo de 10&quot; y 2 v\u00edas para PA - Soluciones, Asesoria y Venta de Equipos Audiovisuales\" \/>\n<meta property=\"og:description\" content=\"N.\u00ba art\u00edculo:\u00a0LDEB102G3 Serie:\u00a0STINGER G3 Este altavoz de 2\u00a0v\u00edas de uso profesional ha sido fabricado para ofrecer una fiabilidad duradera. Gracias a su recinto bass reflex multifuncional, este altavoz se puede\" \/>\n<meta property=\"og:url\" content=\"https:\/\/rs-audiovideo.com\/index.php\/product\/stinger-10-a-g3-altavoz-bass-reflex-pasivo-de-10-y-2-vias-para-pa\/\" \/>\n<meta property=\"og:site_name\" content=\"Soluciones, Asesoria y Venta de Equipos Audiovisuales\" \/>\n<meta property=\"article:modified_time\" content=\"2025-08-01T17:07:56+00:00\" \/>\n<meta property=\"og:image\" content=\"https:\/\/rs-audiovideo.com\/wp-content\/uploads\/2024\/06\/LDEB152AG3_1.jpg\" \/>\n\t<meta property=\"og:image:width\" content=\"2000\" \/>\n\t<meta property=\"og:image:height\" content=\"2000\" \/>\n\t<meta property=\"og:image:type\" content=\"image\/jpeg\" \/>\n<meta name=\"twitter:card\" content=\"summary_large_image\" \/>\n<meta name=\"twitter:label1\" content=\"Est. reading time\" \/>\n\t<meta name=\"twitter:data1\" content=\"2 minutes\" \/>\n<script type=\"application\/ld+json\" class=\"yoast-schema-graph\">{\"@context\":\"https:\/\/schema.org\",\"@graph\":[{\"@type\":\"WebPage\",\"@id\":\"https:\/\/rs-audiovideo.com\/index.php\/product\/stinger-10-a-g3-altavoz-bass-reflex-pasivo-de-10-y-2-vias-para-pa\/\",\"url\":\"https:\/\/rs-audiovideo.com\/index.php\/product\/stinger-10-a-g3-altavoz-bass-reflex-pasivo-de-10-y-2-vias-para-pa\/\",\"name\":\"STINGER 10 A G3 Altavoz bass reflex Pasivo de 10\\\" y 2 v\u00edas para PA - Soluciones, Asesoria y Venta de Equipos Audiovisuales\",\"isPartOf\":{\"@id\":\"https:\/\/rs-audiovideo.com\/#website\"},\"primaryImageOfPage\":{\"@id\":\"https:\/\/rs-audiovideo.com\/index.php\/product\/stinger-10-a-g3-altavoz-bass-reflex-pasivo-de-10-y-2-vias-para-pa\/#primaryimage\"},\"image\":{\"@id\":\"https:\/\/rs-audiovideo.com\/index.php\/product\/stinger-10-a-g3-altavoz-bass-reflex-pasivo-de-10-y-2-vias-para-pa\/#primaryimage\"},\"thumbnailUrl\":\"https:\/\/rs-audiovideo.com\/wp-content\/uploads\/2024\/06\/LDEB152AG3_1.jpg\",\"datePublished\":\"2024-06-13T05:20:38+00:00\",\"dateModified\":\"2025-08-01T17:07:56+00:00\",\"breadcrumb\":{\"@id\":\"https:\/\/rs-audiovideo.com\/index.php\/product\/stinger-10-a-g3-altavoz-bass-reflex-pasivo-de-10-y-2-vias-para-pa\/#breadcrumb\"},\"inLanguage\":\"en-US\",\"potentialAction\":[{\"@type\":\"ReadAction\",\"target\":[\"https:\/\/rs-audiovideo.com\/index.php\/product\/stinger-10-a-g3-altavoz-bass-reflex-pasivo-de-10-y-2-vias-para-pa\/\"]}]},{\"@type\":\"ImageObject\",\"inLanguage\":\"en-US\",\"@id\":\"https:\/\/rs-audiovideo.com\/index.php\/product\/stinger-10-a-g3-altavoz-bass-reflex-pasivo-de-10-y-2-vias-para-pa\/#primaryimage\",\"url\":\"https:\/\/rs-audiovideo.com\/wp-content\/uploads\/2024\/06\/LDEB152AG3_1.jpg\",\"contentUrl\":\"https:\/\/rs-audiovideo.com\/wp-content\/uploads\/2024\/06\/LDEB152AG3_1.jpg\",\"width\":2000,\"height\":2000},{\"@type\":\"BreadcrumbList\",\"@id\":\"https:\/\/rs-audiovideo.com\/index.php\/product\/stinger-10-a-g3-altavoz-bass-reflex-pasivo-de-10-y-2-vias-para-pa\/#breadcrumb\",\"itemListElement\":[{\"@type\":\"ListItem\",\"position\":1,\"name\":\"Home\",\"item\":\"https:\/\/rs-audiovideo.com\/\"},{\"@type\":\"ListItem\",\"position\":2,\"name\":\"Shop\",\"item\":\"https:\/\/rs-audiovideo.com\/index.php\/shop-2\/\"},{\"@type\":\"ListItem\",\"position\":3,\"name\":\"STINGER 10 A G3 Altavoz bass reflex Pasivo de 10&#8243; y 2 v\u00edas para PA\"}]},{\"@type\":\"WebSite\",\"@id\":\"https:\/\/rs-audiovideo.com\/#website\",\"url\":\"https:\/\/rs-audiovideo.com\/\",\"name\":\"Soluciones, Asesoria y Venta de Equipos Audiovisuales\",\"description\":\"\",\"publisher\":{\"@id\":\"https:\/\/rs-audiovideo.com\/#organization\"},\"potentialAction\":[{\"@type\":\"SearchAction\",\"target\":{\"@type\":\"EntryPoint\",\"urlTemplate\":\"https:\/\/rs-audiovideo.com\/?s={search_term_string}\"},\"query-input\":{\"@type\":\"PropertyValueSpecification\",\"valueRequired\":true,\"valueName\":\"search_term_string\"}}],\"inLanguage\":\"en-US\"},{\"@type\":\"Organization\",\"@id\":\"https:\/\/rs-audiovideo.com\/#organization\",\"name\":\"Soluciones, Asesoria y Venta de Equipos Audiovisuales\",\"url\":\"https:\/\/rs-audiovideo.com\/\",\"logo\":{\"@type\":\"ImageObject\",\"inLanguage\":\"en-US\",\"@id\":\"https:\/\/rs-audiovideo.com\/#\/schema\/logo\/image\/\",\"url\":\"https:\/\/rs-audiovideo.com\/wp-content\/uploads\/2024\/06\/cropped-logointro.png\",\"contentUrl\":\"https:\/\/rs-audiovideo.com\/wp-content\/uploads\/2024\/06\/cropped-logointro.png\",\"width\":579,\"height\":127,\"caption\":\"Soluciones, Asesoria y Venta de Equipos Audiovisuales\"},\"image\":{\"@id\":\"https:\/\/rs-audiovideo.com\/#\/schema\/logo\/image\/\"}}]}<\/script>\n<!-- \/ Yoast SEO plugin. -->","yoast_head_json":{"title":"STINGER 10 A G3 Altavoz bass reflex Pasivo de 10\" y 2 v\u00edas para PA - Soluciones, Asesoria y Venta de Equipos Audiovisuales","robots":{"index":"index","follow":"follow","max-snippet":"max-snippet:-1","max-image-preview":"max-image-preview:large","max-video-preview":"max-video-preview:-1"},"canonical":"https:\/\/rs-audiovideo.com\/index.php\/product\/stinger-10-a-g3-altavoz-bass-reflex-pasivo-de-10-y-2-vias-para-pa\/","og_locale":"en_US","og_type":"article","og_title":"STINGER 10 A G3 Altavoz bass reflex Pasivo de 10\" y 2 v\u00edas para PA - Soluciones, Asesoria y Venta de Equipos Audiovisuales","og_description":"N.\u00ba art\u00edculo:\u00a0LDEB102G3 Serie:\u00a0STINGER G3 Este altavoz de 2\u00a0v\u00edas de uso profesional ha sido fabricado para ofrecer una fiabilidad duradera. Gracias a su recinto bass reflex multifuncional, este altavoz se puede","og_url":"https:\/\/rs-audiovideo.com\/index.php\/product\/stinger-10-a-g3-altavoz-bass-reflex-pasivo-de-10-y-2-vias-para-pa\/","og_site_name":"Soluciones, Asesoria y Venta de Equipos Audiovisuales","article_modified_time":"2025-08-01T17:07:56+00:00","og_image":[{"width":2000,"height":2000,"url":"https:\/\/rs-audiovideo.com\/wp-content\/uploads\/2024\/06\/LDEB152AG3_1.jpg","type":"image\/jpeg"}],"twitter_card":"summary_large_image","twitter_misc":{"Est. reading time":"2 minutes"},"schema":{"@context":"https:\/\/schema.org","@graph":[{"@type":"WebPage","@id":"https:\/\/rs-audiovideo.com\/index.php\/product\/stinger-10-a-g3-altavoz-bass-reflex-pasivo-de-10-y-2-vias-para-pa\/","url":"https:\/\/rs-audiovideo.com\/index.php\/product\/stinger-10-a-g3-altavoz-bass-reflex-pasivo-de-10-y-2-vias-para-pa\/","name":"STINGER 10 A G3 Altavoz bass reflex Pasivo de 10\" y 2 v\u00edas para PA - Soluciones, Asesoria y Venta de Equipos Audiovisuales","isPartOf":{"@id":"https:\/\/rs-audiovideo.com\/#website"},"primaryImageOfPage":{"@id":"https:\/\/rs-audiovideo.com\/index.php\/product\/stinger-10-a-g3-altavoz-bass-reflex-pasivo-de-10-y-2-vias-para-pa\/#primaryimage"},"image":{"@id":"https:\/\/rs-audiovideo.com\/index.php\/product\/stinger-10-a-g3-altavoz-bass-reflex-pasivo-de-10-y-2-vias-para-pa\/#primaryimage"},"thumbnailUrl":"https:\/\/rs-audiovideo.com\/wp-content\/uploads\/2024\/06\/LDEB152AG3_1.jpg","datePublished":"2024-06-13T05:20:38+00:00","dateModified":"2025-08-01T17:07:56+00:00","breadcrumb":{"@id":"https:\/\/rs-audiovideo.com\/index.php\/product\/stinger-10-a-g3-altavoz-bass-reflex-pasivo-de-10-y-2-vias-para-pa\/#breadcrumb"},"inLanguage":"en-US","potentialAction":[{"@type":"ReadAction","target":["https:\/\/rs-audiovideo.com\/index.php\/product\/stinger-10-a-g3-altavoz-bass-reflex-pasivo-de-10-y-2-vias-para-pa\/"]}]},{"@type":"ImageObject","inLanguage":"en-US","@id":"https:\/\/rs-audiovideo.com\/index.php\/product\/stinger-10-a-g3-altavoz-bass-reflex-pasivo-de-10-y-2-vias-para-pa\/#primaryimage","url":"https:\/\/rs-audiovideo.com\/wp-content\/uploads\/2024\/06\/LDEB152AG3_1.jpg","contentUrl":"https:\/\/rs-audiovideo.com\/wp-content\/uploads\/2024\/06\/LDEB152AG3_1.jpg","width":2000,"height":2000},{"@type":"BreadcrumbList","@id":"https:\/\/rs-audiovideo.com\/index.php\/product\/stinger-10-a-g3-altavoz-bass-reflex-pasivo-de-10-y-2-vias-para-pa\/#breadcrumb","itemListElement":[{"@type":"ListItem","position":1,"name":"Home","item":"https:\/\/rs-audiovideo.com\/"},{"@type":"ListItem","position":2,"name":"Shop","item":"https:\/\/rs-audiovideo.com\/index.php\/shop-2\/"},{"@type":"ListItem","position":3,"name":"STINGER 10 A G3 Altavoz bass reflex Pasivo de 10&#8243; y 2 v\u00edas para PA"}]},{"@type":"WebSite","@id":"https:\/\/rs-audiovideo.com\/#website","url":"https:\/\/rs-audiovideo.com\/","name":"Soluciones, Asesoria y Venta de Equipos Audiovisuales","description":"","publisher":{"@id":"https:\/\/rs-audiovideo.com\/#organization"},"potentialAction":[{"@type":"SearchAction","target":{"@type":"EntryPoint","urlTemplate":"https:\/\/rs-audiovideo.com\/?s={search_term_string}"},"query-input":{"@type":"PropertyValueSpecification","valueRequired":true,"valueName":"search_term_string"}}],"inLanguage":"en-US"},{"@type":"Organization","@id":"https:\/\/rs-audiovideo.com\/#organization","name":"Soluciones, Asesoria y Venta de Equipos Audiovisuales","url":"https:\/\/rs-audiovideo.com\/","logo":{"@type":"ImageObject","inLanguage":"en-US","@id":"https:\/\/rs-audiovideo.com\/#\/schema\/logo\/image\/","url":"https:\/\/rs-audiovideo.com\/wp-content\/uploads\/2024\/06\/cropped-logointro.png","contentUrl":"https:\/\/rs-audiovideo.com\/wp-content\/uploads\/2024\/06\/cropped-logointro.png","width":579,"height":127,"caption":"Soluciones, Asesoria y Venta de Equipos Audiovisuales"},"image":{"@id":"https:\/\/rs-audiovideo.com\/#\/schema\/logo\/image\/"}}]}},"_links":{"self":[{"href":"https:\/\/rs-audiovideo.com\/index.php\/wp-json\/wp\/v2\/product\/5406","targetHints":{"allow":["GET"]}}],"collection":[{"href":"https:\/\/rs-audiovideo.com\/index.php\/wp-json\/wp\/v2\/product"}],"about":[{"href":"https:\/\/rs-audiovideo.com\/index.php\/wp-json\/wp\/v2\/types\/product"}],"replies":[{"embeddable":true,"href":"https:\/\/rs-audiovideo.com\/index.php\/wp-json\/wp\/v2\/comments?post=5406"}],"wp:featuredmedia":[{"embeddable":true,"href":"https:\/\/rs-audiovideo.com\/index.php\/wp-json\/wp\/v2\/media\/5405"}],"wp:attachment":[{"href":"https:\/\/rs-audiovideo.com\/index.php\/wp-json\/wp\/v2\/media?parent=5406"}],"wp:term":[{"taxonomy":"product_brand","embeddable":true,"href":"https:\/\/rs-audiovideo.com\/index.php\/wp-json\/wp\/v2\/product_brand?post=5406"},{"taxonomy":"product_cat","embeddable":true,"href":"https:\/\/rs-audiovideo.com\/index.php\/wp-json\/wp\/v2\/product_cat?post=5406"},{"taxonomy":"product_tag","embeddable":true,"href":"https:\/\/rs-audiovideo.com\/index.php\/wp-json\/wp\/v2\/product_tag?post=5406"}],"curies":[{"name":"wp","href":"https:\/\/api.w.org\/{rel}","templated":true}]}}