{"id":5429,"date":"2024-06-13T05:45:01","date_gmt":"2024-06-13T05:45:01","guid":{"rendered":"https:\/\/rs-audiovideo.com\/?post_type=product&#038;p=5429"},"modified":"2025-08-01T17:09:04","modified_gmt":"2025-08-01T17:09:04","slug":"icoa-12-a-bt-altavoz-coaxial-activo-de-12-con-bluetooth","status":"publish","type":"product","link":"https:\/\/rs-audiovideo.com\/index.php\/product\/icoa-12-a-bt-altavoz-coaxial-activo-de-12-con-bluetooth\/","title":{"rendered":"ICOA 12 A BT Altavoz coaxial activo de 12&#8243; con Bluetooth"},"content":{"rendered":"<div class=\"article-nr\"><span class=\"article-nr-text\">N.\u00ba art\u00edculo:\u00a0<\/span><span class=\"article-nr-content\">LDICOA12ABT<\/span><\/div>\n<div class=\"series-nr\"><span class=\"series-nr-text\">Serie:<\/span>\u00a0<span class=\"series-nr-content\">ICOA<\/span><\/div>\n<div><\/div>\n<div>\n<div class=\"detail-feature\">\n<div class=\"detail-feature-text\">Un aut\u00e9ntico todoterreno para aplicaciones como altavoz de rango-completo, sat\u00e9lite o monitor<\/div>\n<div class=\"clear\">SPL m\u00e1x. de 126 dB y potencia de 1200 W PEAK<\/div>\n<\/div>\n<div class=\"detail-feature\">\n<div class=\"clear\">Uso vertical y horizontal gracias al dise\u00f1o coaxial con difusor giratorio de directividad constante, optimizado por BEM (patente pendiente)<\/div>\n<\/div>\n<div class=\"detail-feature\">\n<div class=\"clear\">Woofer con difusor<\/div>\n<\/div>\n<div class=\"detail-feature\">\n<div class=\"clear\">DynX DSP con 4 presets, ecualizador de 3 bandas y funci\u00f3n de retardo<\/div>\n<\/div>\n<div class=\"detail-feature\">\n<div class=\"clear\">2 canales de entrada de micro\/l\u00ednea con control de ganancia individual, y salida de mezcla mono;<\/div>\n<\/div>\n<div class=\"detail-feature\">\n<div class=\"clear\">Reproducci\u00f3n v\u00eda Bluetooth\u00ae en el modelo BT<\/div>\n<\/div>\n<div class=\"detail-feature\">\n<div class=\"clear\">Vaso de soporte de doble inclinaci\u00f3n (0\u00b0\/5\u00b0) de 36 mm, y \u00e1ngulo de 55\u00b0para aplicaciones de monitor con base robusta<\/div>\n<\/div>\n<div class=\"detail-feature\">\n<div class=\"clear\">Puntos de volado 6 x M10<\/div>\n<\/div>\n<div class=\"detail-feature\">\n<div class=\"clear\">Rejilla frontal resistente a impactos que protege eficazmente el altavoz<\/div>\n<\/div>\n<div class=\"detail-feature\">\n<div class=\"clear\">4 asas de aluminio con superficie ergon\u00f3mica revestida de goma<\/div>\n<\/div>\n<div class=\"detail-feature\">\n<div class=\"clear\">Amplia gama de accesorios opcionales para su instalaci\u00f3n y transporte<\/div>\n<\/div>\n<\/div>\n","protected":false},"excerpt":{"rendered":"<p>N.\u00ba art\u00edculo:\u00a0LDICOA12ABT Serie:\u00a0ICOA Un aut\u00e9ntico todoterreno para aplicaciones como altavoz de rango-completo, sat\u00e9lite o monitor SPL m\u00e1x. de 126 dB y potencia de 1200 W PEAK Uso vertical y horizontal<\/p>\n","protected":false},"featured_media":5419,"comment_status":"open","ping_status":"closed","template":"","meta":{"_acf_changed":false},"product_brand":[],"product_cat":[241,259,231],"product_tag":[],"class_list":{"0":"post-5429","1":"product","2":"type-product","3":"status-publish","4":"has-post-thumbnail","6":"product_cat-cabinas-activas","7":"product_cat-ld-systems","8":"product_cat-sonido-profesional","10":"first","11":"onbackorder","12":"shipping-taxable","13":"product-type-simple","14":"add-to-wishlist-after_add_to_cart"},"acf":[],"yoast_head":"<!-- This site is optimized with the Yoast SEO plugin v26.0 - https:\/\/yoast.com\/wordpress\/plugins\/seo\/ -->\n<title>ICOA 12 A BT Altavoz coaxial activo de 12&quot; con Bluetooth - Soluciones, Asesoria y Venta de Equipos Audiovisuales<\/title>\n<meta name=\"robots\" content=\"index, follow, max-snippet:-1, max-image-preview:large, max-video-preview:-1\" \/>\n<link rel=\"canonical\" href=\"https:\/\/rs-audiovideo.com\/index.php\/product\/icoa-12-a-bt-altavoz-coaxial-activo-de-12-con-bluetooth\/\" \/>\n<meta property=\"og:locale\" content=\"en_US\" \/>\n<meta property=\"og:type\" content=\"article\" \/>\n<meta property=\"og:title\" content=\"ICOA 12 A BT Altavoz coaxial activo de 12&quot; con Bluetooth - Soluciones, Asesoria y Venta de Equipos Audiovisuales\" \/>\n<meta property=\"og:description\" content=\"N.\u00ba art\u00edculo:\u00a0LDICOA12ABT Serie:\u00a0ICOA Un aut\u00e9ntico todoterreno para aplicaciones como altavoz de rango-completo, sat\u00e9lite o monitor SPL m\u00e1x. de 126 dB y potencia de 1200 W PEAK Uso vertical y horizontal\" \/>\n<meta property=\"og:url\" content=\"https:\/\/rs-audiovideo.com\/index.php\/product\/icoa-12-a-bt-altavoz-coaxial-activo-de-12-con-bluetooth\/\" \/>\n<meta property=\"og:site_name\" content=\"Soluciones, Asesoria y Venta de Equipos Audiovisuales\" \/>\n<meta property=\"article:modified_time\" content=\"2025-08-01T17:09:04+00:00\" \/>\n<meta property=\"og:image\" content=\"https:\/\/rs-audiovideo.com\/wp-content\/uploads\/2024\/06\/LDICOA12_1.jpg\" \/>\n\t<meta property=\"og:image:width\" content=\"2000\" \/>\n\t<meta property=\"og:image:height\" content=\"2000\" \/>\n\t<meta property=\"og:image:type\" content=\"image\/jpeg\" \/>\n<meta name=\"twitter:card\" content=\"summary_large_image\" \/>\n<meta name=\"twitter:label1\" content=\"Est. reading time\" \/>\n\t<meta name=\"twitter:data1\" content=\"1 minute\" \/>\n<script type=\"application\/ld+json\" class=\"yoast-schema-graph\">{\"@context\":\"https:\/\/schema.org\",\"@graph\":[{\"@type\":\"WebPage\",\"@id\":\"https:\/\/rs-audiovideo.com\/index.php\/product\/icoa-12-a-bt-altavoz-coaxial-activo-de-12-con-bluetooth\/\",\"url\":\"https:\/\/rs-audiovideo.com\/index.php\/product\/icoa-12-a-bt-altavoz-coaxial-activo-de-12-con-bluetooth\/\",\"name\":\"ICOA 12 A BT Altavoz coaxial activo de 12\\\" con Bluetooth - Soluciones, Asesoria y Venta de Equipos Audiovisuales\",\"isPartOf\":{\"@id\":\"https:\/\/rs-audiovideo.com\/#website\"},\"primaryImageOfPage\":{\"@id\":\"https:\/\/rs-audiovideo.com\/index.php\/product\/icoa-12-a-bt-altavoz-coaxial-activo-de-12-con-bluetooth\/#primaryimage\"},\"image\":{\"@id\":\"https:\/\/rs-audiovideo.com\/index.php\/product\/icoa-12-a-bt-altavoz-coaxial-activo-de-12-con-bluetooth\/#primaryimage\"},\"thumbnailUrl\":\"https:\/\/rs-audiovideo.com\/wp-content\/uploads\/2024\/06\/LDICOA12_1.jpg\",\"datePublished\":\"2024-06-13T05:45:01+00:00\",\"dateModified\":\"2025-08-01T17:09:04+00:00\",\"breadcrumb\":{\"@id\":\"https:\/\/rs-audiovideo.com\/index.php\/product\/icoa-12-a-bt-altavoz-coaxial-activo-de-12-con-bluetooth\/#breadcrumb\"},\"inLanguage\":\"en-US\",\"potentialAction\":[{\"@type\":\"ReadAction\",\"target\":[\"https:\/\/rs-audiovideo.com\/index.php\/product\/icoa-12-a-bt-altavoz-coaxial-activo-de-12-con-bluetooth\/\"]}]},{\"@type\":\"ImageObject\",\"inLanguage\":\"en-US\",\"@id\":\"https:\/\/rs-audiovideo.com\/index.php\/product\/icoa-12-a-bt-altavoz-coaxial-activo-de-12-con-bluetooth\/#primaryimage\",\"url\":\"https:\/\/rs-audiovideo.com\/wp-content\/uploads\/2024\/06\/LDICOA12_1.jpg\",\"contentUrl\":\"https:\/\/rs-audiovideo.com\/wp-content\/uploads\/2024\/06\/LDICOA12_1.jpg\",\"width\":2000,\"height\":2000},{\"@type\":\"BreadcrumbList\",\"@id\":\"https:\/\/rs-audiovideo.com\/index.php\/product\/icoa-12-a-bt-altavoz-coaxial-activo-de-12-con-bluetooth\/#breadcrumb\",\"itemListElement\":[{\"@type\":\"ListItem\",\"position\":1,\"name\":\"Home\",\"item\":\"https:\/\/rs-audiovideo.com\/\"},{\"@type\":\"ListItem\",\"position\":2,\"name\":\"Shop\",\"item\":\"https:\/\/rs-audiovideo.com\/index.php\/shop-2\/\"},{\"@type\":\"ListItem\",\"position\":3,\"name\":\"ICOA 12 A BT Altavoz coaxial activo de 12&#8243; con Bluetooth\"}]},{\"@type\":\"WebSite\",\"@id\":\"https:\/\/rs-audiovideo.com\/#website\",\"url\":\"https:\/\/rs-audiovideo.com\/\",\"name\":\"Soluciones, Asesoria y Venta de Equipos Audiovisuales\",\"description\":\"\",\"publisher\":{\"@id\":\"https:\/\/rs-audiovideo.com\/#organization\"},\"potentialAction\":[{\"@type\":\"SearchAction\",\"target\":{\"@type\":\"EntryPoint\",\"urlTemplate\":\"https:\/\/rs-audiovideo.com\/?s={search_term_string}\"},\"query-input\":{\"@type\":\"PropertyValueSpecification\",\"valueRequired\":true,\"valueName\":\"search_term_string\"}}],\"inLanguage\":\"en-US\"},{\"@type\":\"Organization\",\"@id\":\"https:\/\/rs-audiovideo.com\/#organization\",\"name\":\"Soluciones, Asesoria y Venta de Equipos Audiovisuales\",\"url\":\"https:\/\/rs-audiovideo.com\/\",\"logo\":{\"@type\":\"ImageObject\",\"inLanguage\":\"en-US\",\"@id\":\"https:\/\/rs-audiovideo.com\/#\/schema\/logo\/image\/\",\"url\":\"https:\/\/rs-audiovideo.com\/wp-content\/uploads\/2024\/06\/cropped-logointro.png\",\"contentUrl\":\"https:\/\/rs-audiovideo.com\/wp-content\/uploads\/2024\/06\/cropped-logointro.png\",\"width\":579,\"height\":127,\"caption\":\"Soluciones, Asesoria y Venta de Equipos Audiovisuales\"},\"image\":{\"@id\":\"https:\/\/rs-audiovideo.com\/#\/schema\/logo\/image\/\"}}]}<\/script>\n<!-- \/ Yoast SEO plugin. -->","yoast_head_json":{"title":"ICOA 12 A BT Altavoz coaxial activo de 12\" con Bluetooth - Soluciones, Asesoria y Venta de Equipos Audiovisuales","robots":{"index":"index","follow":"follow","max-snippet":"max-snippet:-1","max-image-preview":"max-image-preview:large","max-video-preview":"max-video-preview:-1"},"canonical":"https:\/\/rs-audiovideo.com\/index.php\/product\/icoa-12-a-bt-altavoz-coaxial-activo-de-12-con-bluetooth\/","og_locale":"en_US","og_type":"article","og_title":"ICOA 12 A BT Altavoz coaxial activo de 12\" con Bluetooth - Soluciones, Asesoria y Venta de Equipos Audiovisuales","og_description":"N.\u00ba art\u00edculo:\u00a0LDICOA12ABT Serie:\u00a0ICOA Un aut\u00e9ntico todoterreno para aplicaciones como altavoz de rango-completo, sat\u00e9lite o monitor SPL m\u00e1x. de 126 dB y potencia de 1200 W PEAK Uso vertical y horizontal","og_url":"https:\/\/rs-audiovideo.com\/index.php\/product\/icoa-12-a-bt-altavoz-coaxial-activo-de-12-con-bluetooth\/","og_site_name":"Soluciones, Asesoria y Venta de Equipos Audiovisuales","article_modified_time":"2025-08-01T17:09:04+00:00","og_image":[{"width":2000,"height":2000,"url":"https:\/\/rs-audiovideo.com\/wp-content\/uploads\/2024\/06\/LDICOA12_1.jpg","type":"image\/jpeg"}],"twitter_card":"summary_large_image","twitter_misc":{"Est. reading time":"1 minute"},"schema":{"@context":"https:\/\/schema.org","@graph":[{"@type":"WebPage","@id":"https:\/\/rs-audiovideo.com\/index.php\/product\/icoa-12-a-bt-altavoz-coaxial-activo-de-12-con-bluetooth\/","url":"https:\/\/rs-audiovideo.com\/index.php\/product\/icoa-12-a-bt-altavoz-coaxial-activo-de-12-con-bluetooth\/","name":"ICOA 12 A BT Altavoz coaxial activo de 12\" con Bluetooth - Soluciones, Asesoria y Venta de Equipos Audiovisuales","isPartOf":{"@id":"https:\/\/rs-audiovideo.com\/#website"},"primaryImageOfPage":{"@id":"https:\/\/rs-audiovideo.com\/index.php\/product\/icoa-12-a-bt-altavoz-coaxial-activo-de-12-con-bluetooth\/#primaryimage"},"image":{"@id":"https:\/\/rs-audiovideo.com\/index.php\/product\/icoa-12-a-bt-altavoz-coaxial-activo-de-12-con-bluetooth\/#primaryimage"},"thumbnailUrl":"https:\/\/rs-audiovideo.com\/wp-content\/uploads\/2024\/06\/LDICOA12_1.jpg","datePublished":"2024-06-13T05:45:01+00:00","dateModified":"2025-08-01T17:09:04+00:00","breadcrumb":{"@id":"https:\/\/rs-audiovideo.com\/index.php\/product\/icoa-12-a-bt-altavoz-coaxial-activo-de-12-con-bluetooth\/#breadcrumb"},"inLanguage":"en-US","potentialAction":[{"@type":"ReadAction","target":["https:\/\/rs-audiovideo.com\/index.php\/product\/icoa-12-a-bt-altavoz-coaxial-activo-de-12-con-bluetooth\/"]}]},{"@type":"ImageObject","inLanguage":"en-US","@id":"https:\/\/rs-audiovideo.com\/index.php\/product\/icoa-12-a-bt-altavoz-coaxial-activo-de-12-con-bluetooth\/#primaryimage","url":"https:\/\/rs-audiovideo.com\/wp-content\/uploads\/2024\/06\/LDICOA12_1.jpg","contentUrl":"https:\/\/rs-audiovideo.com\/wp-content\/uploads\/2024\/06\/LDICOA12_1.jpg","width":2000,"height":2000},{"@type":"BreadcrumbList","@id":"https:\/\/rs-audiovideo.com\/index.php\/product\/icoa-12-a-bt-altavoz-coaxial-activo-de-12-con-bluetooth\/#breadcrumb","itemListElement":[{"@type":"ListItem","position":1,"name":"Home","item":"https:\/\/rs-audiovideo.com\/"},{"@type":"ListItem","position":2,"name":"Shop","item":"https:\/\/rs-audiovideo.com\/index.php\/shop-2\/"},{"@type":"ListItem","position":3,"name":"ICOA 12 A BT Altavoz coaxial activo de 12&#8243; con Bluetooth"}]},{"@type":"WebSite","@id":"https:\/\/rs-audiovideo.com\/#website","url":"https:\/\/rs-audiovideo.com\/","name":"Soluciones, Asesoria y Venta de Equipos Audiovisuales","description":"","publisher":{"@id":"https:\/\/rs-audiovideo.com\/#organization"},"potentialAction":[{"@type":"SearchAction","target":{"@type":"EntryPoint","urlTemplate":"https:\/\/rs-audiovideo.com\/?s={search_term_string}"},"query-input":{"@type":"PropertyValueSpecification","valueRequired":true,"valueName":"search_term_string"}}],"inLanguage":"en-US"},{"@type":"Organization","@id":"https:\/\/rs-audiovideo.com\/#organization","name":"Soluciones, Asesoria y Venta de Equipos Audiovisuales","url":"https:\/\/rs-audiovideo.com\/","logo":{"@type":"ImageObject","inLanguage":"en-US","@id":"https:\/\/rs-audiovideo.com\/#\/schema\/logo\/image\/","url":"https:\/\/rs-audiovideo.com\/wp-content\/uploads\/2024\/06\/cropped-logointro.png","contentUrl":"https:\/\/rs-audiovideo.com\/wp-content\/uploads\/2024\/06\/cropped-logointro.png","width":579,"height":127,"caption":"Soluciones, Asesoria y Venta de Equipos Audiovisuales"},"image":{"@id":"https:\/\/rs-audiovideo.com\/#\/schema\/logo\/image\/"}}]}},"_links":{"self":[{"href":"https:\/\/rs-audiovideo.com\/index.php\/wp-json\/wp\/v2\/product\/5429","targetHints":{"allow":["GET"]}}],"collection":[{"href":"https:\/\/rs-audiovideo.com\/index.php\/wp-json\/wp\/v2\/product"}],"about":[{"href":"https:\/\/rs-audiovideo.com\/index.php\/wp-json\/wp\/v2\/types\/product"}],"replies":[{"embeddable":true,"href":"https:\/\/rs-audiovideo.com\/index.php\/wp-json\/wp\/v2\/comments?post=5429"}],"wp:featuredmedia":[{"embeddable":true,"href":"https:\/\/rs-audiovideo.com\/index.php\/wp-json\/wp\/v2\/media\/5419"}],"wp:attachment":[{"href":"https:\/\/rs-audiovideo.com\/index.php\/wp-json\/wp\/v2\/media?parent=5429"}],"wp:term":[{"taxonomy":"product_brand","embeddable":true,"href":"https:\/\/rs-audiovideo.com\/index.php\/wp-json\/wp\/v2\/product_brand?post=5429"},{"taxonomy":"product_cat","embeddable":true,"href":"https:\/\/rs-audiovideo.com\/index.php\/wp-json\/wp\/v2\/product_cat?post=5429"},{"taxonomy":"product_tag","embeddable":true,"href":"https:\/\/rs-audiovideo.com\/index.php\/wp-json\/wp\/v2\/product_tag?post=5429"}],"curies":[{"name":"wp","href":"https:\/\/api.w.org\/{rel}","templated":true}]}}