{"id":5437,"date":"2024-06-13T05:55:24","date_gmt":"2024-06-13T05:55:24","guid":{"rendered":"https:\/\/rs-audiovideo.com\/?post_type=product&#038;p=5437"},"modified":"2025-08-01T17:05:18","modified_gmt":"2025-08-01T17:05:18","slug":"icoa-sub-15-a-subwoofer-pa-con-reflejo-de-bajos-de-15","status":"publish","type":"product","link":"https:\/\/rs-audiovideo.com\/index.php\/product\/icoa-sub-15-a-subwoofer-pa-con-reflejo-de-bajos-de-15\/","title":{"rendered":"ICOA SUB 15 A Subwoofer PA con reflejo de bajos de 15&#8243;"},"content":{"rendered":"<div class=\"article-nr\"><span class=\"article-nr-text\">N.\u00ba art\u00edculo:\u00a0<\/span><span class=\"article-nr-content\">LDICOASUB15A<\/span><\/div>\n<div class=\"series-nr\"><span class=\"series-nr-text\">Serie:<\/span>\u00a0<span class=\"series-nr-content\">ICOA<\/span><\/div>\n<div><\/div>\n<div>\n<div class=\"detail-feature\">\n<div class=\"detail-feature-text\">Subwoofer de 15&#8243; para graves potentes hasta 36 Hz<\/div>\n<div class=\"clear\">131 dB m\u00e1x. SPL y 1600 vatios de potencia m\u00e1xima a trav\u00e9s de un amplificador de potencia digital de clase D de alta eficiencia<\/div>\n<\/div>\n<div class=\"detail-feature\">\n<div class=\"clear\">Aberturas de bass reflex optimizadas<\/div>\n<\/div>\n<div class=\"detail-feature\">\n<div class=\"clear\">Procesador digital de se\u00f1ales DynX con cuatro presets de aplicaci\u00f3n (tres frecuencias de transici\u00f3n, modo cardioide)<\/div>\n<\/div>\n<div class=\"detail-feature\">\n<div class=\"clear\">Polaridad conmutable de la se\u00f1al y l\u00ednea de retardo ajustable para hasta 10 metros<\/div>\n<\/div>\n<div class=\"detail-feature\">\n<div class=\"clear\">2 entradas combo (jack\/XLR), 2 salidas XLR<\/div>\n<\/div>\n<div class=\"detail-feature\">\n<div class=\"clear\">Caja s\u00f3lida de madera laminada de 18 mm con una rejilla frontal robusta<\/div>\n<\/div>\n<div class=\"detail-feature\">\n<div class=\"clear\">Manejo sencillo gracias a las cuatro asas de aluminio ergon\u00f3micas con revestimiento de goma<\/div>\n<\/div>\n<div class=\"detail-feature\">\n<div class=\"clear\">Apilable con seguridad mediante cuatro ranuras<\/div>\n<\/div>\n<div class=\"detail-feature\">\n<div class=\"clear\">Rosca M20 para montar una barra de extensi\u00f3n<\/div>\n<\/div>\n<\/div>\n","protected":false},"excerpt":{"rendered":"<p>N.\u00ba art\u00edculo:\u00a0LDICOASUB15A Serie:\u00a0ICOA Subwoofer de 15&#8243; para graves potentes hasta 36 Hz 131 dB m\u00e1x. SPL y 1600 vatios de potencia m\u00e1xima a trav\u00e9s de un amplificador de potencia digital<\/p>\n","protected":false},"featured_media":5436,"comment_status":"open","ping_status":"closed","template":"","meta":{"_acf_changed":false},"product_brand":[],"product_cat":[259,231,246],"product_tag":[],"class_list":{"0":"post-5437","1":"product","2":"type-product","3":"status-publish","4":"has-post-thumbnail","6":"product_cat-ld-systems","7":"product_cat-sonido-profesional","8":"product_cat-subwoofer-activo","10":"first","11":"instock","12":"shipping-taxable","13":"purchasable","14":"product-type-simple","15":"add-to-wishlist-after_add_to_cart"},"acf":[],"yoast_head":"<!-- This site is optimized with the Yoast SEO plugin v26.0 - https:\/\/yoast.com\/wordpress\/plugins\/seo\/ -->\n<title>ICOA SUB 15 A Subwoofer PA con reflejo de bajos de 15&quot; - Soluciones, Asesoria y Venta de Equipos Audiovisuales<\/title>\n<meta name=\"robots\" content=\"index, follow, max-snippet:-1, max-image-preview:large, max-video-preview:-1\" \/>\n<link rel=\"canonical\" href=\"https:\/\/rs-audiovideo.com\/index.php\/product\/icoa-sub-15-a-subwoofer-pa-con-reflejo-de-bajos-de-15\/\" \/>\n<meta property=\"og:locale\" content=\"en_US\" \/>\n<meta property=\"og:type\" content=\"article\" \/>\n<meta property=\"og:title\" content=\"ICOA SUB 15 A Subwoofer PA con reflejo de bajos de 15&quot; - Soluciones, Asesoria y Venta de Equipos Audiovisuales\" \/>\n<meta property=\"og:description\" content=\"N.\u00ba art\u00edculo:\u00a0LDICOASUB15A Serie:\u00a0ICOA Subwoofer de 15&#8243; para graves potentes hasta 36 Hz 131 dB m\u00e1x. SPL y 1600 vatios de potencia m\u00e1xima a trav\u00e9s de un amplificador de potencia digital\" \/>\n<meta property=\"og:url\" content=\"https:\/\/rs-audiovideo.com\/index.php\/product\/icoa-sub-15-a-subwoofer-pa-con-reflejo-de-bajos-de-15\/\" \/>\n<meta property=\"og:site_name\" content=\"Soluciones, Asesoria y Venta de Equipos Audiovisuales\" \/>\n<meta property=\"article:modified_time\" content=\"2025-08-01T17:05:18+00:00\" \/>\n<meta property=\"og:image\" content=\"https:\/\/rs-audiovideo.com\/wp-content\/uploads\/2024\/06\/LDICOASUB18A_1.jpg\" \/>\n\t<meta property=\"og:image:width\" content=\"2000\" \/>\n\t<meta property=\"og:image:height\" content=\"2000\" \/>\n\t<meta property=\"og:image:type\" content=\"image\/jpeg\" \/>\n<meta name=\"twitter:card\" content=\"summary_large_image\" \/>\n<meta name=\"twitter:label1\" content=\"Est. reading time\" \/>\n\t<meta name=\"twitter:data1\" content=\"1 minute\" \/>\n<script type=\"application\/ld+json\" class=\"yoast-schema-graph\">{\"@context\":\"https:\/\/schema.org\",\"@graph\":[{\"@type\":\"WebPage\",\"@id\":\"https:\/\/rs-audiovideo.com\/index.php\/product\/icoa-sub-15-a-subwoofer-pa-con-reflejo-de-bajos-de-15\/\",\"url\":\"https:\/\/rs-audiovideo.com\/index.php\/product\/icoa-sub-15-a-subwoofer-pa-con-reflejo-de-bajos-de-15\/\",\"name\":\"ICOA SUB 15 A Subwoofer PA con reflejo de bajos de 15\\\" - Soluciones, Asesoria y Venta de Equipos Audiovisuales\",\"isPartOf\":{\"@id\":\"https:\/\/rs-audiovideo.com\/#website\"},\"primaryImageOfPage\":{\"@id\":\"https:\/\/rs-audiovideo.com\/index.php\/product\/icoa-sub-15-a-subwoofer-pa-con-reflejo-de-bajos-de-15\/#primaryimage\"},\"image\":{\"@id\":\"https:\/\/rs-audiovideo.com\/index.php\/product\/icoa-sub-15-a-subwoofer-pa-con-reflejo-de-bajos-de-15\/#primaryimage\"},\"thumbnailUrl\":\"https:\/\/rs-audiovideo.com\/wp-content\/uploads\/2024\/06\/LDICOASUB18A_1.jpg\",\"datePublished\":\"2024-06-13T05:55:24+00:00\",\"dateModified\":\"2025-08-01T17:05:18+00:00\",\"breadcrumb\":{\"@id\":\"https:\/\/rs-audiovideo.com\/index.php\/product\/icoa-sub-15-a-subwoofer-pa-con-reflejo-de-bajos-de-15\/#breadcrumb\"},\"inLanguage\":\"en-US\",\"potentialAction\":[{\"@type\":\"ReadAction\",\"target\":[\"https:\/\/rs-audiovideo.com\/index.php\/product\/icoa-sub-15-a-subwoofer-pa-con-reflejo-de-bajos-de-15\/\"]}]},{\"@type\":\"ImageObject\",\"inLanguage\":\"en-US\",\"@id\":\"https:\/\/rs-audiovideo.com\/index.php\/product\/icoa-sub-15-a-subwoofer-pa-con-reflejo-de-bajos-de-15\/#primaryimage\",\"url\":\"https:\/\/rs-audiovideo.com\/wp-content\/uploads\/2024\/06\/LDICOASUB18A_1.jpg\",\"contentUrl\":\"https:\/\/rs-audiovideo.com\/wp-content\/uploads\/2024\/06\/LDICOASUB18A_1.jpg\",\"width\":2000,\"height\":2000},{\"@type\":\"BreadcrumbList\",\"@id\":\"https:\/\/rs-audiovideo.com\/index.php\/product\/icoa-sub-15-a-subwoofer-pa-con-reflejo-de-bajos-de-15\/#breadcrumb\",\"itemListElement\":[{\"@type\":\"ListItem\",\"position\":1,\"name\":\"Home\",\"item\":\"https:\/\/rs-audiovideo.com\/\"},{\"@type\":\"ListItem\",\"position\":2,\"name\":\"Shop\",\"item\":\"https:\/\/rs-audiovideo.com\/index.php\/shop-2\/\"},{\"@type\":\"ListItem\",\"position\":3,\"name\":\"ICOA SUB 15 A Subwoofer PA con reflejo de bajos de 15&#8243;\"}]},{\"@type\":\"WebSite\",\"@id\":\"https:\/\/rs-audiovideo.com\/#website\",\"url\":\"https:\/\/rs-audiovideo.com\/\",\"name\":\"Soluciones, Asesoria y Venta de Equipos Audiovisuales\",\"description\":\"\",\"publisher\":{\"@id\":\"https:\/\/rs-audiovideo.com\/#organization\"},\"potentialAction\":[{\"@type\":\"SearchAction\",\"target\":{\"@type\":\"EntryPoint\",\"urlTemplate\":\"https:\/\/rs-audiovideo.com\/?s={search_term_string}\"},\"query-input\":{\"@type\":\"PropertyValueSpecification\",\"valueRequired\":true,\"valueName\":\"search_term_string\"}}],\"inLanguage\":\"en-US\"},{\"@type\":\"Organization\",\"@id\":\"https:\/\/rs-audiovideo.com\/#organization\",\"name\":\"Soluciones, Asesoria y Venta de Equipos Audiovisuales\",\"url\":\"https:\/\/rs-audiovideo.com\/\",\"logo\":{\"@type\":\"ImageObject\",\"inLanguage\":\"en-US\",\"@id\":\"https:\/\/rs-audiovideo.com\/#\/schema\/logo\/image\/\",\"url\":\"https:\/\/rs-audiovideo.com\/wp-content\/uploads\/2024\/06\/cropped-logointro.png\",\"contentUrl\":\"https:\/\/rs-audiovideo.com\/wp-content\/uploads\/2024\/06\/cropped-logointro.png\",\"width\":579,\"height\":127,\"caption\":\"Soluciones, Asesoria y Venta de Equipos Audiovisuales\"},\"image\":{\"@id\":\"https:\/\/rs-audiovideo.com\/#\/schema\/logo\/image\/\"}}]}<\/script>\n<!-- \/ Yoast SEO plugin. -->","yoast_head_json":{"title":"ICOA SUB 15 A Subwoofer PA con reflejo de bajos de 15\" - Soluciones, Asesoria y Venta de Equipos Audiovisuales","robots":{"index":"index","follow":"follow","max-snippet":"max-snippet:-1","max-image-preview":"max-image-preview:large","max-video-preview":"max-video-preview:-1"},"canonical":"https:\/\/rs-audiovideo.com\/index.php\/product\/icoa-sub-15-a-subwoofer-pa-con-reflejo-de-bajos-de-15\/","og_locale":"en_US","og_type":"article","og_title":"ICOA SUB 15 A Subwoofer PA con reflejo de bajos de 15\" - Soluciones, Asesoria y Venta de Equipos Audiovisuales","og_description":"N.\u00ba art\u00edculo:\u00a0LDICOASUB15A Serie:\u00a0ICOA Subwoofer de 15&#8243; para graves potentes hasta 36 Hz 131 dB m\u00e1x. SPL y 1600 vatios de potencia m\u00e1xima a trav\u00e9s de un amplificador de potencia digital","og_url":"https:\/\/rs-audiovideo.com\/index.php\/product\/icoa-sub-15-a-subwoofer-pa-con-reflejo-de-bajos-de-15\/","og_site_name":"Soluciones, Asesoria y Venta de Equipos Audiovisuales","article_modified_time":"2025-08-01T17:05:18+00:00","og_image":[{"width":2000,"height":2000,"url":"https:\/\/rs-audiovideo.com\/wp-content\/uploads\/2024\/06\/LDICOASUB18A_1.jpg","type":"image\/jpeg"}],"twitter_card":"summary_large_image","twitter_misc":{"Est. reading time":"1 minute"},"schema":{"@context":"https:\/\/schema.org","@graph":[{"@type":"WebPage","@id":"https:\/\/rs-audiovideo.com\/index.php\/product\/icoa-sub-15-a-subwoofer-pa-con-reflejo-de-bajos-de-15\/","url":"https:\/\/rs-audiovideo.com\/index.php\/product\/icoa-sub-15-a-subwoofer-pa-con-reflejo-de-bajos-de-15\/","name":"ICOA SUB 15 A Subwoofer PA con reflejo de bajos de 15\" - Soluciones, Asesoria y Venta de Equipos Audiovisuales","isPartOf":{"@id":"https:\/\/rs-audiovideo.com\/#website"},"primaryImageOfPage":{"@id":"https:\/\/rs-audiovideo.com\/index.php\/product\/icoa-sub-15-a-subwoofer-pa-con-reflejo-de-bajos-de-15\/#primaryimage"},"image":{"@id":"https:\/\/rs-audiovideo.com\/index.php\/product\/icoa-sub-15-a-subwoofer-pa-con-reflejo-de-bajos-de-15\/#primaryimage"},"thumbnailUrl":"https:\/\/rs-audiovideo.com\/wp-content\/uploads\/2024\/06\/LDICOASUB18A_1.jpg","datePublished":"2024-06-13T05:55:24+00:00","dateModified":"2025-08-01T17:05:18+00:00","breadcrumb":{"@id":"https:\/\/rs-audiovideo.com\/index.php\/product\/icoa-sub-15-a-subwoofer-pa-con-reflejo-de-bajos-de-15\/#breadcrumb"},"inLanguage":"en-US","potentialAction":[{"@type":"ReadAction","target":["https:\/\/rs-audiovideo.com\/index.php\/product\/icoa-sub-15-a-subwoofer-pa-con-reflejo-de-bajos-de-15\/"]}]},{"@type":"ImageObject","inLanguage":"en-US","@id":"https:\/\/rs-audiovideo.com\/index.php\/product\/icoa-sub-15-a-subwoofer-pa-con-reflejo-de-bajos-de-15\/#primaryimage","url":"https:\/\/rs-audiovideo.com\/wp-content\/uploads\/2024\/06\/LDICOASUB18A_1.jpg","contentUrl":"https:\/\/rs-audiovideo.com\/wp-content\/uploads\/2024\/06\/LDICOASUB18A_1.jpg","width":2000,"height":2000},{"@type":"BreadcrumbList","@id":"https:\/\/rs-audiovideo.com\/index.php\/product\/icoa-sub-15-a-subwoofer-pa-con-reflejo-de-bajos-de-15\/#breadcrumb","itemListElement":[{"@type":"ListItem","position":1,"name":"Home","item":"https:\/\/rs-audiovideo.com\/"},{"@type":"ListItem","position":2,"name":"Shop","item":"https:\/\/rs-audiovideo.com\/index.php\/shop-2\/"},{"@type":"ListItem","position":3,"name":"ICOA SUB 15 A Subwoofer PA con reflejo de bajos de 15&#8243;"}]},{"@type":"WebSite","@id":"https:\/\/rs-audiovideo.com\/#website","url":"https:\/\/rs-audiovideo.com\/","name":"Soluciones, Asesoria y Venta de Equipos Audiovisuales","description":"","publisher":{"@id":"https:\/\/rs-audiovideo.com\/#organization"},"potentialAction":[{"@type":"SearchAction","target":{"@type":"EntryPoint","urlTemplate":"https:\/\/rs-audiovideo.com\/?s={search_term_string}"},"query-input":{"@type":"PropertyValueSpecification","valueRequired":true,"valueName":"search_term_string"}}],"inLanguage":"en-US"},{"@type":"Organization","@id":"https:\/\/rs-audiovideo.com\/#organization","name":"Soluciones, Asesoria y Venta de Equipos Audiovisuales","url":"https:\/\/rs-audiovideo.com\/","logo":{"@type":"ImageObject","inLanguage":"en-US","@id":"https:\/\/rs-audiovideo.com\/#\/schema\/logo\/image\/","url":"https:\/\/rs-audiovideo.com\/wp-content\/uploads\/2024\/06\/cropped-logointro.png","contentUrl":"https:\/\/rs-audiovideo.com\/wp-content\/uploads\/2024\/06\/cropped-logointro.png","width":579,"height":127,"caption":"Soluciones, Asesoria y Venta de Equipos Audiovisuales"},"image":{"@id":"https:\/\/rs-audiovideo.com\/#\/schema\/logo\/image\/"}}]}},"_links":{"self":[{"href":"https:\/\/rs-audiovideo.com\/index.php\/wp-json\/wp\/v2\/product\/5437","targetHints":{"allow":["GET"]}}],"collection":[{"href":"https:\/\/rs-audiovideo.com\/index.php\/wp-json\/wp\/v2\/product"}],"about":[{"href":"https:\/\/rs-audiovideo.com\/index.php\/wp-json\/wp\/v2\/types\/product"}],"replies":[{"embeddable":true,"href":"https:\/\/rs-audiovideo.com\/index.php\/wp-json\/wp\/v2\/comments?post=5437"}],"wp:featuredmedia":[{"embeddable":true,"href":"https:\/\/rs-audiovideo.com\/index.php\/wp-json\/wp\/v2\/media\/5436"}],"wp:attachment":[{"href":"https:\/\/rs-audiovideo.com\/index.php\/wp-json\/wp\/v2\/media?parent=5437"}],"wp:term":[{"taxonomy":"product_brand","embeddable":true,"href":"https:\/\/rs-audiovideo.com\/index.php\/wp-json\/wp\/v2\/product_brand?post=5437"},{"taxonomy":"product_cat","embeddable":true,"href":"https:\/\/rs-audiovideo.com\/index.php\/wp-json\/wp\/v2\/product_cat?post=5437"},{"taxonomy":"product_tag","embeddable":true,"href":"https:\/\/rs-audiovideo.com\/index.php\/wp-json\/wp\/v2\/product_tag?post=5437"}],"curies":[{"name":"wp","href":"https:\/\/api.w.org\/{rel}","templated":true}]}}