{"id":5438,"date":"2024-06-13T05:59:46","date_gmt":"2024-06-13T05:59:46","guid":{"rendered":"https:\/\/rs-audiovideo.com\/?post_type=product&#038;p=5438"},"modified":"2025-08-01T17:10:06","modified_gmt":"2025-08-01T17:10:06","slug":"u305-hhd-sistema-inalambrico-con-microfono-de-mano-dinamico-584-608-mhz","status":"publish","type":"product","link":"https:\/\/rs-audiovideo.com\/index.php\/product\/u305-hhd-sistema-inalambrico-con-microfono-de-mano-dinamico-584-608-mhz\/","title":{"rendered":"U305 HHD Sistema inal\u00e1mbrico con Micr\u00f3fono de Mano din\u00e1mico &#8211; 584 &#8211; 608 MHz"},"content":{"rendered":"<div class=\"detail-feature\">\n<div>\n<div class=\"article-nr\"><span class=\"article-nr-text\">N.\u00ba art\u00edculo:\u00a0<\/span><span class=\"article-nr-content\">LDU305HHD<\/span><\/div>\n<div class=\"series-nr\"><span class=\"series-nr-text\">Serie:<\/span>\u00a0<span class=\"series-nr-content\">U300<\/span><\/div>\n<\/div>\n<div><\/div>\n<div class=\"detail-feature-text\">Sistemas inal\u00e1mbricos UHF Diversity con tecnolog\u00eda FM<\/div>\n<div class=\"clear\">12 canales seleccionables<\/div>\n<\/div>\n<div class=\"detail-feature\">\n<div class=\"clear\">100 metros de alcance en condiciones ideales<\/div>\n<\/div>\n<div class=\"detail-feature\">\n<div class=\"clear\">Pueden utilizarse hasta 6 sistemas simult\u00e1neamente<\/div>\n<\/div>\n<div class=\"detail-feature\">\n<div class=\"clear\">Sincronizaci\u00f3n del transmisor y el receptor mediante funci\u00f3n ASC por infrarrojos<\/div>\n<\/div>\n<div class=\"detail-feature\">\n<div class=\"clear\">Silenciador con tono piloto<\/div>\n<\/div>\n<div class=\"detail-feature\">\n<div class=\"clear\">10 horas de autonom\u00eda del transmisor con dos pilas AA<\/div>\n<\/div>\n<div class=\"detail-feature\">\n<div class=\"clear\">Receptor con carcasa met\u00e1lica robusta<\/div>\n<\/div>\n<div class=\"detail-feature\">\n<div class=\"clear\">Kit opcional para montaje en rack, como accesorio<\/div>\n<\/div>\n<div class=\"detail-feature\">\n<div class=\"clear\">Las c\u00e1psulas intercambiables de la serie U500\u00ae tambi\u00e9n son adecuadas para el micr\u00f3fono de mano de la serie U300\u00ae<\/div>\n<\/div>\n","protected":false},"excerpt":{"rendered":"<p>N.\u00ba art\u00edculo:\u00a0LDU305HHD Serie:\u00a0U300 Sistemas inal\u00e1mbricos UHF Diversity con tecnolog\u00eda FM 12 canales seleccionables 100 metros de alcance en condiciones ideales Pueden utilizarse hasta 6 sistemas simult\u00e1neamente Sincronizaci\u00f3n del transmisor y<\/p>\n","protected":false},"featured_media":5442,"comment_status":"open","ping_status":"closed","template":"","meta":{"_acf_changed":false},"product_brand":[],"product_cat":[259,247],"product_tag":[],"class_list":{"0":"post-5438","1":"product","2":"type-product","3":"status-publish","4":"has-post-thumbnail","6":"product_cat-ld-systems","7":"product_cat-microfono-inalambrico","9":"first","10":"onbackorder","11":"shipping-taxable","12":"purchasable","13":"product-type-simple","14":"add-to-wishlist-after_add_to_cart"},"acf":[],"yoast_head":"<!-- This site is optimized with the Yoast SEO plugin v26.0 - https:\/\/yoast.com\/wordpress\/plugins\/seo\/ -->\n<title>U305 HHD Sistema inal\u00e1mbrico con Micr\u00f3fono de Mano din\u00e1mico - 584 - 608 MHz - Soluciones, Asesoria y Venta de Equipos Audiovisuales<\/title>\n<meta name=\"robots\" content=\"index, follow, max-snippet:-1, max-image-preview:large, max-video-preview:-1\" \/>\n<link rel=\"canonical\" href=\"https:\/\/rs-audiovideo.com\/index.php\/product\/u305-hhd-sistema-inalambrico-con-microfono-de-mano-dinamico-584-608-mhz\/\" \/>\n<meta property=\"og:locale\" content=\"en_US\" \/>\n<meta property=\"og:type\" content=\"article\" \/>\n<meta property=\"og:title\" content=\"U305 HHD Sistema inal\u00e1mbrico con Micr\u00f3fono de Mano din\u00e1mico - 584 - 608 MHz - Soluciones, Asesoria y Venta de Equipos Audiovisuales\" \/>\n<meta property=\"og:description\" content=\"N.\u00ba art\u00edculo:\u00a0LDU305HHD Serie:\u00a0U300 Sistemas inal\u00e1mbricos UHF Diversity con tecnolog\u00eda FM 12 canales seleccionables 100 metros de alcance en condiciones ideales Pueden utilizarse hasta 6 sistemas simult\u00e1neamente Sincronizaci\u00f3n del transmisor y\" \/>\n<meta property=\"og:url\" content=\"https:\/\/rs-audiovideo.com\/index.php\/product\/u305-hhd-sistema-inalambrico-con-microfono-de-mano-dinamico-584-608-mhz\/\" \/>\n<meta property=\"og:site_name\" content=\"Soluciones, Asesoria y Venta de Equipos Audiovisuales\" \/>\n<meta property=\"article:modified_time\" content=\"2025-08-01T17:10:06+00:00\" \/>\n<meta property=\"og:image\" content=\"https:\/\/rs-audiovideo.com\/wp-content\/uploads\/2024\/06\/LDU305HHD_1.jpg\" \/>\n\t<meta property=\"og:image:width\" content=\"2000\" \/>\n\t<meta property=\"og:image:height\" content=\"2000\" \/>\n\t<meta property=\"og:image:type\" content=\"image\/jpeg\" \/>\n<meta name=\"twitter:card\" content=\"summary_large_image\" \/>\n<script type=\"application\/ld+json\" class=\"yoast-schema-graph\">{\"@context\":\"https:\/\/schema.org\",\"@graph\":[{\"@type\":\"WebPage\",\"@id\":\"https:\/\/rs-audiovideo.com\/index.php\/product\/u305-hhd-sistema-inalambrico-con-microfono-de-mano-dinamico-584-608-mhz\/\",\"url\":\"https:\/\/rs-audiovideo.com\/index.php\/product\/u305-hhd-sistema-inalambrico-con-microfono-de-mano-dinamico-584-608-mhz\/\",\"name\":\"U305 HHD Sistema inal\u00e1mbrico con Micr\u00f3fono de Mano din\u00e1mico - 584 - 608 MHz - Soluciones, Asesoria y Venta de Equipos Audiovisuales\",\"isPartOf\":{\"@id\":\"https:\/\/rs-audiovideo.com\/#website\"},\"primaryImageOfPage\":{\"@id\":\"https:\/\/rs-audiovideo.com\/index.php\/product\/u305-hhd-sistema-inalambrico-con-microfono-de-mano-dinamico-584-608-mhz\/#primaryimage\"},\"image\":{\"@id\":\"https:\/\/rs-audiovideo.com\/index.php\/product\/u305-hhd-sistema-inalambrico-con-microfono-de-mano-dinamico-584-608-mhz\/#primaryimage\"},\"thumbnailUrl\":\"https:\/\/rs-audiovideo.com\/wp-content\/uploads\/2024\/06\/LDU305HHD_1.jpg\",\"datePublished\":\"2024-06-13T05:59:46+00:00\",\"dateModified\":\"2025-08-01T17:10:06+00:00\",\"breadcrumb\":{\"@id\":\"https:\/\/rs-audiovideo.com\/index.php\/product\/u305-hhd-sistema-inalambrico-con-microfono-de-mano-dinamico-584-608-mhz\/#breadcrumb\"},\"inLanguage\":\"en-US\",\"potentialAction\":[{\"@type\":\"ReadAction\",\"target\":[\"https:\/\/rs-audiovideo.com\/index.php\/product\/u305-hhd-sistema-inalambrico-con-microfono-de-mano-dinamico-584-608-mhz\/\"]}]},{\"@type\":\"ImageObject\",\"inLanguage\":\"en-US\",\"@id\":\"https:\/\/rs-audiovideo.com\/index.php\/product\/u305-hhd-sistema-inalambrico-con-microfono-de-mano-dinamico-584-608-mhz\/#primaryimage\",\"url\":\"https:\/\/rs-audiovideo.com\/wp-content\/uploads\/2024\/06\/LDU305HHD_1.jpg\",\"contentUrl\":\"https:\/\/rs-audiovideo.com\/wp-content\/uploads\/2024\/06\/LDU305HHD_1.jpg\",\"width\":2000,\"height\":2000},{\"@type\":\"BreadcrumbList\",\"@id\":\"https:\/\/rs-audiovideo.com\/index.php\/product\/u305-hhd-sistema-inalambrico-con-microfono-de-mano-dinamico-584-608-mhz\/#breadcrumb\",\"itemListElement\":[{\"@type\":\"ListItem\",\"position\":1,\"name\":\"Home\",\"item\":\"https:\/\/rs-audiovideo.com\/\"},{\"@type\":\"ListItem\",\"position\":2,\"name\":\"Shop\",\"item\":\"https:\/\/rs-audiovideo.com\/index.php\/shop-2\/\"},{\"@type\":\"ListItem\",\"position\":3,\"name\":\"U305 HHD Sistema inal\u00e1mbrico con Micr\u00f3fono de Mano din\u00e1mico &#8211; 584 &#8211; 608 MHz\"}]},{\"@type\":\"WebSite\",\"@id\":\"https:\/\/rs-audiovideo.com\/#website\",\"url\":\"https:\/\/rs-audiovideo.com\/\",\"name\":\"Soluciones, Asesoria y Venta de Equipos Audiovisuales\",\"description\":\"\",\"publisher\":{\"@id\":\"https:\/\/rs-audiovideo.com\/#organization\"},\"potentialAction\":[{\"@type\":\"SearchAction\",\"target\":{\"@type\":\"EntryPoint\",\"urlTemplate\":\"https:\/\/rs-audiovideo.com\/?s={search_term_string}\"},\"query-input\":{\"@type\":\"PropertyValueSpecification\",\"valueRequired\":true,\"valueName\":\"search_term_string\"}}],\"inLanguage\":\"en-US\"},{\"@type\":\"Organization\",\"@id\":\"https:\/\/rs-audiovideo.com\/#organization\",\"name\":\"Soluciones, Asesoria y Venta de Equipos Audiovisuales\",\"url\":\"https:\/\/rs-audiovideo.com\/\",\"logo\":{\"@type\":\"ImageObject\",\"inLanguage\":\"en-US\",\"@id\":\"https:\/\/rs-audiovideo.com\/#\/schema\/logo\/image\/\",\"url\":\"https:\/\/rs-audiovideo.com\/wp-content\/uploads\/2024\/06\/cropped-logointro.png\",\"contentUrl\":\"https:\/\/rs-audiovideo.com\/wp-content\/uploads\/2024\/06\/cropped-logointro.png\",\"width\":579,\"height\":127,\"caption\":\"Soluciones, Asesoria y Venta de Equipos Audiovisuales\"},\"image\":{\"@id\":\"https:\/\/rs-audiovideo.com\/#\/schema\/logo\/image\/\"}}]}<\/script>\n<!-- \/ Yoast SEO plugin. -->","yoast_head_json":{"title":"U305 HHD Sistema inal\u00e1mbrico con Micr\u00f3fono de Mano din\u00e1mico - 584 - 608 MHz - Soluciones, Asesoria y Venta de Equipos Audiovisuales","robots":{"index":"index","follow":"follow","max-snippet":"max-snippet:-1","max-image-preview":"max-image-preview:large","max-video-preview":"max-video-preview:-1"},"canonical":"https:\/\/rs-audiovideo.com\/index.php\/product\/u305-hhd-sistema-inalambrico-con-microfono-de-mano-dinamico-584-608-mhz\/","og_locale":"en_US","og_type":"article","og_title":"U305 HHD Sistema inal\u00e1mbrico con Micr\u00f3fono de Mano din\u00e1mico - 584 - 608 MHz - Soluciones, Asesoria y Venta de Equipos Audiovisuales","og_description":"N.\u00ba art\u00edculo:\u00a0LDU305HHD Serie:\u00a0U300 Sistemas inal\u00e1mbricos UHF Diversity con tecnolog\u00eda FM 12 canales seleccionables 100 metros de alcance en condiciones ideales Pueden utilizarse hasta 6 sistemas simult\u00e1neamente Sincronizaci\u00f3n del transmisor y","og_url":"https:\/\/rs-audiovideo.com\/index.php\/product\/u305-hhd-sistema-inalambrico-con-microfono-de-mano-dinamico-584-608-mhz\/","og_site_name":"Soluciones, Asesoria y Venta de Equipos Audiovisuales","article_modified_time":"2025-08-01T17:10:06+00:00","og_image":[{"width":2000,"height":2000,"url":"https:\/\/rs-audiovideo.com\/wp-content\/uploads\/2024\/06\/LDU305HHD_1.jpg","type":"image\/jpeg"}],"twitter_card":"summary_large_image","schema":{"@context":"https:\/\/schema.org","@graph":[{"@type":"WebPage","@id":"https:\/\/rs-audiovideo.com\/index.php\/product\/u305-hhd-sistema-inalambrico-con-microfono-de-mano-dinamico-584-608-mhz\/","url":"https:\/\/rs-audiovideo.com\/index.php\/product\/u305-hhd-sistema-inalambrico-con-microfono-de-mano-dinamico-584-608-mhz\/","name":"U305 HHD Sistema inal\u00e1mbrico con Micr\u00f3fono de Mano din\u00e1mico - 584 - 608 MHz - Soluciones, Asesoria y Venta de Equipos Audiovisuales","isPartOf":{"@id":"https:\/\/rs-audiovideo.com\/#website"},"primaryImageOfPage":{"@id":"https:\/\/rs-audiovideo.com\/index.php\/product\/u305-hhd-sistema-inalambrico-con-microfono-de-mano-dinamico-584-608-mhz\/#primaryimage"},"image":{"@id":"https:\/\/rs-audiovideo.com\/index.php\/product\/u305-hhd-sistema-inalambrico-con-microfono-de-mano-dinamico-584-608-mhz\/#primaryimage"},"thumbnailUrl":"https:\/\/rs-audiovideo.com\/wp-content\/uploads\/2024\/06\/LDU305HHD_1.jpg","datePublished":"2024-06-13T05:59:46+00:00","dateModified":"2025-08-01T17:10:06+00:00","breadcrumb":{"@id":"https:\/\/rs-audiovideo.com\/index.php\/product\/u305-hhd-sistema-inalambrico-con-microfono-de-mano-dinamico-584-608-mhz\/#breadcrumb"},"inLanguage":"en-US","potentialAction":[{"@type":"ReadAction","target":["https:\/\/rs-audiovideo.com\/index.php\/product\/u305-hhd-sistema-inalambrico-con-microfono-de-mano-dinamico-584-608-mhz\/"]}]},{"@type":"ImageObject","inLanguage":"en-US","@id":"https:\/\/rs-audiovideo.com\/index.php\/product\/u305-hhd-sistema-inalambrico-con-microfono-de-mano-dinamico-584-608-mhz\/#primaryimage","url":"https:\/\/rs-audiovideo.com\/wp-content\/uploads\/2024\/06\/LDU305HHD_1.jpg","contentUrl":"https:\/\/rs-audiovideo.com\/wp-content\/uploads\/2024\/06\/LDU305HHD_1.jpg","width":2000,"height":2000},{"@type":"BreadcrumbList","@id":"https:\/\/rs-audiovideo.com\/index.php\/product\/u305-hhd-sistema-inalambrico-con-microfono-de-mano-dinamico-584-608-mhz\/#breadcrumb","itemListElement":[{"@type":"ListItem","position":1,"name":"Home","item":"https:\/\/rs-audiovideo.com\/"},{"@type":"ListItem","position":2,"name":"Shop","item":"https:\/\/rs-audiovideo.com\/index.php\/shop-2\/"},{"@type":"ListItem","position":3,"name":"U305 HHD Sistema inal\u00e1mbrico con Micr\u00f3fono de Mano din\u00e1mico &#8211; 584 &#8211; 608 MHz"}]},{"@type":"WebSite","@id":"https:\/\/rs-audiovideo.com\/#website","url":"https:\/\/rs-audiovideo.com\/","name":"Soluciones, Asesoria y Venta de Equipos Audiovisuales","description":"","publisher":{"@id":"https:\/\/rs-audiovideo.com\/#organization"},"potentialAction":[{"@type":"SearchAction","target":{"@type":"EntryPoint","urlTemplate":"https:\/\/rs-audiovideo.com\/?s={search_term_string}"},"query-input":{"@type":"PropertyValueSpecification","valueRequired":true,"valueName":"search_term_string"}}],"inLanguage":"en-US"},{"@type":"Organization","@id":"https:\/\/rs-audiovideo.com\/#organization","name":"Soluciones, Asesoria y Venta de Equipos Audiovisuales","url":"https:\/\/rs-audiovideo.com\/","logo":{"@type":"ImageObject","inLanguage":"en-US","@id":"https:\/\/rs-audiovideo.com\/#\/schema\/logo\/image\/","url":"https:\/\/rs-audiovideo.com\/wp-content\/uploads\/2024\/06\/cropped-logointro.png","contentUrl":"https:\/\/rs-audiovideo.com\/wp-content\/uploads\/2024\/06\/cropped-logointro.png","width":579,"height":127,"caption":"Soluciones, Asesoria y Venta de Equipos Audiovisuales"},"image":{"@id":"https:\/\/rs-audiovideo.com\/#\/schema\/logo\/image\/"}}]}},"_links":{"self":[{"href":"https:\/\/rs-audiovideo.com\/index.php\/wp-json\/wp\/v2\/product\/5438","targetHints":{"allow":["GET"]}}],"collection":[{"href":"https:\/\/rs-audiovideo.com\/index.php\/wp-json\/wp\/v2\/product"}],"about":[{"href":"https:\/\/rs-audiovideo.com\/index.php\/wp-json\/wp\/v2\/types\/product"}],"replies":[{"embeddable":true,"href":"https:\/\/rs-audiovideo.com\/index.php\/wp-json\/wp\/v2\/comments?post=5438"}],"wp:featuredmedia":[{"embeddable":true,"href":"https:\/\/rs-audiovideo.com\/index.php\/wp-json\/wp\/v2\/media\/5442"}],"wp:attachment":[{"href":"https:\/\/rs-audiovideo.com\/index.php\/wp-json\/wp\/v2\/media?parent=5438"}],"wp:term":[{"taxonomy":"product_brand","embeddable":true,"href":"https:\/\/rs-audiovideo.com\/index.php\/wp-json\/wp\/v2\/product_brand?post=5438"},{"taxonomy":"product_cat","embeddable":true,"href":"https:\/\/rs-audiovideo.com\/index.php\/wp-json\/wp\/v2\/product_cat?post=5438"},{"taxonomy":"product_tag","embeddable":true,"href":"https:\/\/rs-audiovideo.com\/index.php\/wp-json\/wp\/v2\/product_tag?post=5438"}],"curies":[{"name":"wp","href":"https:\/\/api.w.org\/{rel}","templated":true}]}}