{"id":5443,"date":"2024-06-13T06:04:19","date_gmt":"2024-06-13T06:04:19","guid":{"rendered":"https:\/\/rs-audiovideo.com\/?post_type=product&#038;p=5443"},"modified":"2024-09-12T17:23:38","modified_gmt":"2024-09-12T17:23:38","slug":"u505-hhd-sistema-inalambrico-con-microfono-de-mano-dinamico-584-608-mhz","status":"publish","type":"product","link":"https:\/\/rs-audiovideo.com\/index.php\/product\/u505-hhd-sistema-inalambrico-con-microfono-de-mano-dinamico-584-608-mhz\/","title":{"rendered":"U505 HHD Sistema inal\u00e1mbrico con Micr\u00f3fono de Mano din\u00e1mico"},"content":{"rendered":"<div class=\"article-nr\"><span class=\"article-nr-text\">N.\u00ba art\u00edculo:\u00a0<\/span><span class=\"article-nr-content\">LDU505HHD<\/span><\/div>\n<div class=\"series-nr\"><span class=\"series-nr-text\">Serie:<\/span>\u00a0<span class=\"series-nr-content\">U500<\/span><\/div>\n<div>Modelo: 584 \u2013 608 MHz.<\/div>\n<div><\/div>\n<div>\n<div class=\"detail-feature\">\n<div class=\"detail-feature-text\">Sistemas inal\u00e1mbricos True Diversity<\/div>\n<div class=\"clear\">Micr\u00f3fonos din\u00e1micos y de condensador con c\u00e1psula antivibratoria<\/div>\n<\/div>\n<div class=\"detail-feature\">\n<div class=\"clear\">Tambi\u00e9n para instrumentos de metal y guitarras, con micr\u00f3fonos Lavalier y de diadema<\/div>\n<\/div>\n<div class=\"detail-feature\">\n<div class=\"clear\">B\u00fasqueda autom\u00e1tica de canales<\/div>\n<\/div>\n<div class=\"detail-feature\">\n<div class=\"clear\">M\u00e9todo sencillo de sincronizaci\u00f3n por infrarrojos entre transmisor y receptor<\/div>\n<\/div>\n<div class=\"detail-feature\">\n<div class=\"clear\">Silenciador con tono piloto<\/div>\n<\/div>\n<div class=\"detail-feature\">\n<div class=\"clear\">Potencia de transmisi\u00f3n seleccionable (2, 10 o 30 mW)<\/div>\n<\/div>\n<div class=\"detail-feature\">\n<div class=\"clear\">S\u00f3lida carcasa<\/div>\n<\/div>\n<div class=\"detail-feature\">\n<div class=\"clear\">Pantalla OLED de alto contraste<\/div>\n<\/div>\n<\/div>\n","protected":false},"excerpt":{"rendered":"<p>N.\u00ba art\u00edculo:\u00a0LDU505HHD Serie:\u00a0U500 Modelo: 584 \u2013 608 MHz. Sistemas inal\u00e1mbricos True Diversity Micr\u00f3fonos din\u00e1micos y de condensador con c\u00e1psula antivibratoria Tambi\u00e9n para instrumentos de metal y guitarras, con micr\u00f3fonos Lavalier<\/p>\n","protected":false},"featured_media":5447,"comment_status":"open","ping_status":"closed","template":"","meta":{"_acf_changed":false},"product_brand":[],"product_cat":[259,247,231],"product_tag":[],"class_list":{"0":"post-5443","1":"product","2":"type-product","3":"status-publish","4":"has-post-thumbnail","6":"product_cat-ld-systems","7":"product_cat-microfono-inalambrico","8":"product_cat-sonido-profesional","10":"first","11":"instock","12":"shipping-taxable","13":"purchasable","14":"product-type-simple","15":"add-to-wishlist-after_add_to_cart"},"acf":[],"yoast_head":"<!-- This site is optimized with the Yoast SEO plugin v26.0 - https:\/\/yoast.com\/wordpress\/plugins\/seo\/ -->\n<title>U505 HHD Sistema inal\u00e1mbrico con Micr\u00f3fono de Mano din\u00e1mico - Soluciones, Asesoria y Venta de Equipos Audiovisuales<\/title>\n<meta name=\"robots\" content=\"index, follow, max-snippet:-1, max-image-preview:large, max-video-preview:-1\" \/>\n<link rel=\"canonical\" href=\"https:\/\/rs-audiovideo.com\/index.php\/product\/u505-hhd-sistema-inalambrico-con-microfono-de-mano-dinamico-584-608-mhz\/\" \/>\n<meta property=\"og:locale\" content=\"en_US\" \/>\n<meta property=\"og:type\" content=\"article\" \/>\n<meta property=\"og:title\" content=\"U505 HHD Sistema inal\u00e1mbrico con Micr\u00f3fono de Mano din\u00e1mico - Soluciones, Asesoria y Venta de Equipos Audiovisuales\" \/>\n<meta property=\"og:description\" content=\"N.\u00ba art\u00edculo:\u00a0LDU505HHD Serie:\u00a0U500 Modelo: 584 \u2013 608 MHz. Sistemas inal\u00e1mbricos True Diversity Micr\u00f3fonos din\u00e1micos y de condensador con c\u00e1psula antivibratoria Tambi\u00e9n para instrumentos de metal y guitarras, con micr\u00f3fonos Lavalier\" \/>\n<meta property=\"og:url\" content=\"https:\/\/rs-audiovideo.com\/index.php\/product\/u505-hhd-sistema-inalambrico-con-microfono-de-mano-dinamico-584-608-mhz\/\" \/>\n<meta property=\"og:site_name\" content=\"Soluciones, Asesoria y Venta de Equipos Audiovisuales\" \/>\n<meta property=\"article:modified_time\" content=\"2024-09-12T17:23:38+00:00\" \/>\n<meta property=\"og:image\" content=\"https:\/\/rs-audiovideo.com\/wp-content\/uploads\/2024\/06\/LDU505HHD_1-scaled.jpg\" \/>\n\t<meta property=\"og:image:width\" content=\"2560\" \/>\n\t<meta property=\"og:image:height\" content=\"2560\" \/>\n\t<meta property=\"og:image:type\" content=\"image\/jpeg\" \/>\n<meta name=\"twitter:card\" content=\"summary_large_image\" \/>\n<script type=\"application\/ld+json\" class=\"yoast-schema-graph\">{\"@context\":\"https:\/\/schema.org\",\"@graph\":[{\"@type\":\"WebPage\",\"@id\":\"https:\/\/rs-audiovideo.com\/index.php\/product\/u505-hhd-sistema-inalambrico-con-microfono-de-mano-dinamico-584-608-mhz\/\",\"url\":\"https:\/\/rs-audiovideo.com\/index.php\/product\/u505-hhd-sistema-inalambrico-con-microfono-de-mano-dinamico-584-608-mhz\/\",\"name\":\"U505 HHD Sistema inal\u00e1mbrico con Micr\u00f3fono de Mano din\u00e1mico - Soluciones, Asesoria y Venta de Equipos Audiovisuales\",\"isPartOf\":{\"@id\":\"https:\/\/rs-audiovideo.com\/#website\"},\"primaryImageOfPage\":{\"@id\":\"https:\/\/rs-audiovideo.com\/index.php\/product\/u505-hhd-sistema-inalambrico-con-microfono-de-mano-dinamico-584-608-mhz\/#primaryimage\"},\"image\":{\"@id\":\"https:\/\/rs-audiovideo.com\/index.php\/product\/u505-hhd-sistema-inalambrico-con-microfono-de-mano-dinamico-584-608-mhz\/#primaryimage\"},\"thumbnailUrl\":\"https:\/\/rs-audiovideo.com\/wp-content\/uploads\/2024\/06\/LDU505HHD_1-scaled.jpg\",\"datePublished\":\"2024-06-13T06:04:19+00:00\",\"dateModified\":\"2024-09-12T17:23:38+00:00\",\"breadcrumb\":{\"@id\":\"https:\/\/rs-audiovideo.com\/index.php\/product\/u505-hhd-sistema-inalambrico-con-microfono-de-mano-dinamico-584-608-mhz\/#breadcrumb\"},\"inLanguage\":\"en-US\",\"potentialAction\":[{\"@type\":\"ReadAction\",\"target\":[\"https:\/\/rs-audiovideo.com\/index.php\/product\/u505-hhd-sistema-inalambrico-con-microfono-de-mano-dinamico-584-608-mhz\/\"]}]},{\"@type\":\"ImageObject\",\"inLanguage\":\"en-US\",\"@id\":\"https:\/\/rs-audiovideo.com\/index.php\/product\/u505-hhd-sistema-inalambrico-con-microfono-de-mano-dinamico-584-608-mhz\/#primaryimage\",\"url\":\"https:\/\/rs-audiovideo.com\/wp-content\/uploads\/2024\/06\/LDU505HHD_1-scaled.jpg\",\"contentUrl\":\"https:\/\/rs-audiovideo.com\/wp-content\/uploads\/2024\/06\/LDU505HHD_1-scaled.jpg\",\"width\":2560,\"height\":2560},{\"@type\":\"BreadcrumbList\",\"@id\":\"https:\/\/rs-audiovideo.com\/index.php\/product\/u505-hhd-sistema-inalambrico-con-microfono-de-mano-dinamico-584-608-mhz\/#breadcrumb\",\"itemListElement\":[{\"@type\":\"ListItem\",\"position\":1,\"name\":\"Home\",\"item\":\"https:\/\/rs-audiovideo.com\/\"},{\"@type\":\"ListItem\",\"position\":2,\"name\":\"Shop\",\"item\":\"https:\/\/rs-audiovideo.com\/index.php\/shop-2\/\"},{\"@type\":\"ListItem\",\"position\":3,\"name\":\"U505 HHD Sistema inal\u00e1mbrico con Micr\u00f3fono de Mano din\u00e1mico\"}]},{\"@type\":\"WebSite\",\"@id\":\"https:\/\/rs-audiovideo.com\/#website\",\"url\":\"https:\/\/rs-audiovideo.com\/\",\"name\":\"Soluciones, Asesoria y Venta de Equipos Audiovisuales\",\"description\":\"\",\"publisher\":{\"@id\":\"https:\/\/rs-audiovideo.com\/#organization\"},\"potentialAction\":[{\"@type\":\"SearchAction\",\"target\":{\"@type\":\"EntryPoint\",\"urlTemplate\":\"https:\/\/rs-audiovideo.com\/?s={search_term_string}\"},\"query-input\":{\"@type\":\"PropertyValueSpecification\",\"valueRequired\":true,\"valueName\":\"search_term_string\"}}],\"inLanguage\":\"en-US\"},{\"@type\":\"Organization\",\"@id\":\"https:\/\/rs-audiovideo.com\/#organization\",\"name\":\"Soluciones, Asesoria y Venta de Equipos Audiovisuales\",\"url\":\"https:\/\/rs-audiovideo.com\/\",\"logo\":{\"@type\":\"ImageObject\",\"inLanguage\":\"en-US\",\"@id\":\"https:\/\/rs-audiovideo.com\/#\/schema\/logo\/image\/\",\"url\":\"https:\/\/rs-audiovideo.com\/wp-content\/uploads\/2024\/06\/cropped-logointro.png\",\"contentUrl\":\"https:\/\/rs-audiovideo.com\/wp-content\/uploads\/2024\/06\/cropped-logointro.png\",\"width\":579,\"height\":127,\"caption\":\"Soluciones, Asesoria y Venta de Equipos Audiovisuales\"},\"image\":{\"@id\":\"https:\/\/rs-audiovideo.com\/#\/schema\/logo\/image\/\"}}]}<\/script>\n<!-- \/ Yoast SEO plugin. -->","yoast_head_json":{"title":"U505 HHD Sistema inal\u00e1mbrico con Micr\u00f3fono de Mano din\u00e1mico - Soluciones, Asesoria y Venta de Equipos Audiovisuales","robots":{"index":"index","follow":"follow","max-snippet":"max-snippet:-1","max-image-preview":"max-image-preview:large","max-video-preview":"max-video-preview:-1"},"canonical":"https:\/\/rs-audiovideo.com\/index.php\/product\/u505-hhd-sistema-inalambrico-con-microfono-de-mano-dinamico-584-608-mhz\/","og_locale":"en_US","og_type":"article","og_title":"U505 HHD Sistema inal\u00e1mbrico con Micr\u00f3fono de Mano din\u00e1mico - Soluciones, Asesoria y Venta de Equipos Audiovisuales","og_description":"N.\u00ba art\u00edculo:\u00a0LDU505HHD Serie:\u00a0U500 Modelo: 584 \u2013 608 MHz. Sistemas inal\u00e1mbricos True Diversity Micr\u00f3fonos din\u00e1micos y de condensador con c\u00e1psula antivibratoria Tambi\u00e9n para instrumentos de metal y guitarras, con micr\u00f3fonos Lavalier","og_url":"https:\/\/rs-audiovideo.com\/index.php\/product\/u505-hhd-sistema-inalambrico-con-microfono-de-mano-dinamico-584-608-mhz\/","og_site_name":"Soluciones, Asesoria y Venta de Equipos Audiovisuales","article_modified_time":"2024-09-12T17:23:38+00:00","og_image":[{"width":2560,"height":2560,"url":"https:\/\/rs-audiovideo.com\/wp-content\/uploads\/2024\/06\/LDU505HHD_1-scaled.jpg","type":"image\/jpeg"}],"twitter_card":"summary_large_image","schema":{"@context":"https:\/\/schema.org","@graph":[{"@type":"WebPage","@id":"https:\/\/rs-audiovideo.com\/index.php\/product\/u505-hhd-sistema-inalambrico-con-microfono-de-mano-dinamico-584-608-mhz\/","url":"https:\/\/rs-audiovideo.com\/index.php\/product\/u505-hhd-sistema-inalambrico-con-microfono-de-mano-dinamico-584-608-mhz\/","name":"U505 HHD Sistema inal\u00e1mbrico con Micr\u00f3fono de Mano din\u00e1mico - Soluciones, Asesoria y Venta de Equipos Audiovisuales","isPartOf":{"@id":"https:\/\/rs-audiovideo.com\/#website"},"primaryImageOfPage":{"@id":"https:\/\/rs-audiovideo.com\/index.php\/product\/u505-hhd-sistema-inalambrico-con-microfono-de-mano-dinamico-584-608-mhz\/#primaryimage"},"image":{"@id":"https:\/\/rs-audiovideo.com\/index.php\/product\/u505-hhd-sistema-inalambrico-con-microfono-de-mano-dinamico-584-608-mhz\/#primaryimage"},"thumbnailUrl":"https:\/\/rs-audiovideo.com\/wp-content\/uploads\/2024\/06\/LDU505HHD_1-scaled.jpg","datePublished":"2024-06-13T06:04:19+00:00","dateModified":"2024-09-12T17:23:38+00:00","breadcrumb":{"@id":"https:\/\/rs-audiovideo.com\/index.php\/product\/u505-hhd-sistema-inalambrico-con-microfono-de-mano-dinamico-584-608-mhz\/#breadcrumb"},"inLanguage":"en-US","potentialAction":[{"@type":"ReadAction","target":["https:\/\/rs-audiovideo.com\/index.php\/product\/u505-hhd-sistema-inalambrico-con-microfono-de-mano-dinamico-584-608-mhz\/"]}]},{"@type":"ImageObject","inLanguage":"en-US","@id":"https:\/\/rs-audiovideo.com\/index.php\/product\/u505-hhd-sistema-inalambrico-con-microfono-de-mano-dinamico-584-608-mhz\/#primaryimage","url":"https:\/\/rs-audiovideo.com\/wp-content\/uploads\/2024\/06\/LDU505HHD_1-scaled.jpg","contentUrl":"https:\/\/rs-audiovideo.com\/wp-content\/uploads\/2024\/06\/LDU505HHD_1-scaled.jpg","width":2560,"height":2560},{"@type":"BreadcrumbList","@id":"https:\/\/rs-audiovideo.com\/index.php\/product\/u505-hhd-sistema-inalambrico-con-microfono-de-mano-dinamico-584-608-mhz\/#breadcrumb","itemListElement":[{"@type":"ListItem","position":1,"name":"Home","item":"https:\/\/rs-audiovideo.com\/"},{"@type":"ListItem","position":2,"name":"Shop","item":"https:\/\/rs-audiovideo.com\/index.php\/shop-2\/"},{"@type":"ListItem","position":3,"name":"U505 HHD Sistema inal\u00e1mbrico con Micr\u00f3fono de Mano din\u00e1mico"}]},{"@type":"WebSite","@id":"https:\/\/rs-audiovideo.com\/#website","url":"https:\/\/rs-audiovideo.com\/","name":"Soluciones, Asesoria y Venta de Equipos Audiovisuales","description":"","publisher":{"@id":"https:\/\/rs-audiovideo.com\/#organization"},"potentialAction":[{"@type":"SearchAction","target":{"@type":"EntryPoint","urlTemplate":"https:\/\/rs-audiovideo.com\/?s={search_term_string}"},"query-input":{"@type":"PropertyValueSpecification","valueRequired":true,"valueName":"search_term_string"}}],"inLanguage":"en-US"},{"@type":"Organization","@id":"https:\/\/rs-audiovideo.com\/#organization","name":"Soluciones, Asesoria y Venta de Equipos Audiovisuales","url":"https:\/\/rs-audiovideo.com\/","logo":{"@type":"ImageObject","inLanguage":"en-US","@id":"https:\/\/rs-audiovideo.com\/#\/schema\/logo\/image\/","url":"https:\/\/rs-audiovideo.com\/wp-content\/uploads\/2024\/06\/cropped-logointro.png","contentUrl":"https:\/\/rs-audiovideo.com\/wp-content\/uploads\/2024\/06\/cropped-logointro.png","width":579,"height":127,"caption":"Soluciones, Asesoria y Venta de Equipos Audiovisuales"},"image":{"@id":"https:\/\/rs-audiovideo.com\/#\/schema\/logo\/image\/"}}]}},"_links":{"self":[{"href":"https:\/\/rs-audiovideo.com\/index.php\/wp-json\/wp\/v2\/product\/5443","targetHints":{"allow":["GET"]}}],"collection":[{"href":"https:\/\/rs-audiovideo.com\/index.php\/wp-json\/wp\/v2\/product"}],"about":[{"href":"https:\/\/rs-audiovideo.com\/index.php\/wp-json\/wp\/v2\/types\/product"}],"replies":[{"embeddable":true,"href":"https:\/\/rs-audiovideo.com\/index.php\/wp-json\/wp\/v2\/comments?post=5443"}],"wp:featuredmedia":[{"embeddable":true,"href":"https:\/\/rs-audiovideo.com\/index.php\/wp-json\/wp\/v2\/media\/5447"}],"wp:attachment":[{"href":"https:\/\/rs-audiovideo.com\/index.php\/wp-json\/wp\/v2\/media?parent=5443"}],"wp:term":[{"taxonomy":"product_brand","embeddable":true,"href":"https:\/\/rs-audiovideo.com\/index.php\/wp-json\/wp\/v2\/product_brand?post=5443"},{"taxonomy":"product_cat","embeddable":true,"href":"https:\/\/rs-audiovideo.com\/index.php\/wp-json\/wp\/v2\/product_cat?post=5443"},{"taxonomy":"product_tag","embeddable":true,"href":"https:\/\/rs-audiovideo.com\/index.php\/wp-json\/wp\/v2\/product_tag?post=5443"}],"curies":[{"name":"wp","href":"https:\/\/api.w.org\/{rel}","templated":true}]}}