{"id":5502,"date":"2024-06-13T17:39:57","date_gmt":"2024-06-13T17:39:57","guid":{"rendered":"https:\/\/rs-audiovideo.com\/?post_type=product&#038;p=5502"},"modified":"2024-06-15T04:38:35","modified_gmt":"2024-06-15T04:38:35","slug":"taburete-redondo-para-musicos-plegable-regulable-en-altura","status":"publish","type":"product","link":"https:\/\/rs-audiovideo.com\/index.php\/product\/taburete-redondo-para-musicos-plegable-regulable-en-altura\/","title":{"rendered":"Taburete redondo para m\u00fasicos, plegable, regulable en altura"},"content":{"rendered":"<div class=\"info pbxl\">\n<div class=\"article-nr\"><span class=\"article-nr-text\"> N.\u00ba art\u00edculo: <\/span> <span class=\"article-nr-content\"> GFDSEAT1<\/span><\/div>\n<div><\/div>\n<\/div>\n<div class=\"visible--xs visible--s visible--l visible--xl\">\n<div class=\"detail-features pbxxl pbn-m pbxxl-l\">\n<div class=\"detail-feature\"><i class=\"icon--check text--primary\"><\/i><\/p>\n<div class=\"detail-feature-text\">Silla de uso vers\u00e1til para m\u00fasicos<\/div>\n<div class=\"clear\">Ajustable de forma continua<\/div>\n<\/div>\n<div class=\"detail-feature\">\n<div class=\"clear\">Ajuste de altura bloqueable<\/div>\n<\/div>\n<div class=\"detail-feature\">\n<div class=\"clear\">Asiento transpirable<\/div>\n<\/div>\n<div class=\"detail-feature\">\n<div class=\"clear\">Construcci\u00f3n met\u00e1lica robusta<\/div>\n<\/div>\n<div class=\"detail-feature\">\n<div class=\"clear\">Pies grandes para una buena estabilidad<\/div>\n<\/div>\n<div>\n<p><iframe loading=\"lazy\" title=\"Gravity\u00ae Musicians stool - FD SEAT 1\" width=\"1170\" height=\"658\" src=\"https:\/\/www.youtube.com\/embed\/fjnLUzFayKI?feature=oembed\" frameborder=\"0\" allow=\"accelerometer; autoplay; clipboard-write; encrypted-media; gyroscope; picture-in-picture; web-share\" referrerpolicy=\"strict-origin-when-cross-origin\" allowfullscreen><\/iframe><\/p>\n<\/div>\n<\/div>\n<\/div>\n","protected":false},"excerpt":{"rendered":"<p>N.\u00ba art\u00edculo: GFDSEAT1 Silla de uso vers\u00e1til para m\u00fasicos Ajustable de forma continua Ajuste de altura bloqueable Asiento transpirable Construcci\u00f3n met\u00e1lica robusta Pies grandes para una buena estabilidad<\/p>\n","protected":false},"featured_media":5506,"comment_status":"open","ping_status":"closed","template":"","meta":{"_acf_changed":false},"product_brand":[],"product_cat":[251,258],"product_tag":[],"class_list":{"0":"post-5502","1":"product","2":"type-product","3":"status-publish","4":"has-post-thumbnail","6":"product_cat-bases","7":"product_cat-gravity","9":"first","10":"instock","11":"sale","12":"shipping-taxable","13":"purchasable","14":"product-type-simple","15":"add-to-wishlist-after_add_to_cart"},"acf":[],"yoast_head":"<!-- This site is optimized with the Yoast SEO plugin v26.0 - https:\/\/yoast.com\/wordpress\/plugins\/seo\/ -->\n<title>Taburete redondo para m\u00fasicos, plegable, regulable en altura - Soluciones, Asesoria y Venta de Equipos Audiovisuales<\/title>\n<meta name=\"robots\" content=\"index, follow, max-snippet:-1, max-image-preview:large, max-video-preview:-1\" \/>\n<link rel=\"canonical\" href=\"https:\/\/rs-audiovideo.com\/index.php\/product\/taburete-redondo-para-musicos-plegable-regulable-en-altura\/\" \/>\n<meta property=\"og:locale\" content=\"en_US\" \/>\n<meta property=\"og:type\" content=\"article\" \/>\n<meta property=\"og:title\" content=\"Taburete redondo para m\u00fasicos, plegable, regulable en altura - Soluciones, Asesoria y Venta de Equipos Audiovisuales\" \/>\n<meta property=\"og:description\" content=\"N.\u00ba art\u00edculo: GFDSEAT1 Silla de uso vers\u00e1til para m\u00fasicos Ajustable de forma continua Ajuste de altura bloqueable Asiento transpirable Construcci\u00f3n met\u00e1lica robusta Pies grandes para una buena estabilidad\" \/>\n<meta property=\"og:url\" content=\"https:\/\/rs-audiovideo.com\/index.php\/product\/taburete-redondo-para-musicos-plegable-regulable-en-altura\/\" \/>\n<meta property=\"og:site_name\" content=\"Soluciones, Asesoria y Venta de Equipos Audiovisuales\" \/>\n<meta property=\"article:modified_time\" content=\"2024-06-15T04:38:35+00:00\" \/>\n<meta property=\"og:image\" content=\"https:\/\/rs-audiovideo.com\/wp-content\/uploads\/2024\/06\/GFDSEAT1_1.jpg\" \/>\n\t<meta property=\"og:image:width\" content=\"2000\" \/>\n\t<meta property=\"og:image:height\" content=\"2000\" \/>\n\t<meta property=\"og:image:type\" content=\"image\/jpeg\" \/>\n<meta name=\"twitter:card\" content=\"summary_large_image\" \/>\n<script type=\"application\/ld+json\" class=\"yoast-schema-graph\">{\"@context\":\"https:\/\/schema.org\",\"@graph\":[{\"@type\":\"WebPage\",\"@id\":\"https:\/\/rs-audiovideo.com\/index.php\/product\/taburete-redondo-para-musicos-plegable-regulable-en-altura\/\",\"url\":\"https:\/\/rs-audiovideo.com\/index.php\/product\/taburete-redondo-para-musicos-plegable-regulable-en-altura\/\",\"name\":\"Taburete redondo para m\u00fasicos, plegable, regulable en altura - Soluciones, Asesoria y Venta de Equipos Audiovisuales\",\"isPartOf\":{\"@id\":\"https:\/\/rs-audiovideo.com\/#website\"},\"primaryImageOfPage\":{\"@id\":\"https:\/\/rs-audiovideo.com\/index.php\/product\/taburete-redondo-para-musicos-plegable-regulable-en-altura\/#primaryimage\"},\"image\":{\"@id\":\"https:\/\/rs-audiovideo.com\/index.php\/product\/taburete-redondo-para-musicos-plegable-regulable-en-altura\/#primaryimage\"},\"thumbnailUrl\":\"https:\/\/rs-audiovideo.com\/wp-content\/uploads\/2024\/06\/GFDSEAT1_1.jpg\",\"datePublished\":\"2024-06-13T17:39:57+00:00\",\"dateModified\":\"2024-06-15T04:38:35+00:00\",\"breadcrumb\":{\"@id\":\"https:\/\/rs-audiovideo.com\/index.php\/product\/taburete-redondo-para-musicos-plegable-regulable-en-altura\/#breadcrumb\"},\"inLanguage\":\"en-US\",\"potentialAction\":[{\"@type\":\"ReadAction\",\"target\":[\"https:\/\/rs-audiovideo.com\/index.php\/product\/taburete-redondo-para-musicos-plegable-regulable-en-altura\/\"]}]},{\"@type\":\"ImageObject\",\"inLanguage\":\"en-US\",\"@id\":\"https:\/\/rs-audiovideo.com\/index.php\/product\/taburete-redondo-para-musicos-plegable-regulable-en-altura\/#primaryimage\",\"url\":\"https:\/\/rs-audiovideo.com\/wp-content\/uploads\/2024\/06\/GFDSEAT1_1.jpg\",\"contentUrl\":\"https:\/\/rs-audiovideo.com\/wp-content\/uploads\/2024\/06\/GFDSEAT1_1.jpg\",\"width\":2000,\"height\":2000},{\"@type\":\"BreadcrumbList\",\"@id\":\"https:\/\/rs-audiovideo.com\/index.php\/product\/taburete-redondo-para-musicos-plegable-regulable-en-altura\/#breadcrumb\",\"itemListElement\":[{\"@type\":\"ListItem\",\"position\":1,\"name\":\"Home\",\"item\":\"https:\/\/rs-audiovideo.com\/\"},{\"@type\":\"ListItem\",\"position\":2,\"name\":\"Shop\",\"item\":\"https:\/\/rs-audiovideo.com\/index.php\/shop-2\/\"},{\"@type\":\"ListItem\",\"position\":3,\"name\":\"Taburete redondo para m\u00fasicos, plegable, regulable en altura\"}]},{\"@type\":\"WebSite\",\"@id\":\"https:\/\/rs-audiovideo.com\/#website\",\"url\":\"https:\/\/rs-audiovideo.com\/\",\"name\":\"Soluciones, Asesoria y Venta de Equipos Audiovisuales\",\"description\":\"\",\"publisher\":{\"@id\":\"https:\/\/rs-audiovideo.com\/#organization\"},\"potentialAction\":[{\"@type\":\"SearchAction\",\"target\":{\"@type\":\"EntryPoint\",\"urlTemplate\":\"https:\/\/rs-audiovideo.com\/?s={search_term_string}\"},\"query-input\":{\"@type\":\"PropertyValueSpecification\",\"valueRequired\":true,\"valueName\":\"search_term_string\"}}],\"inLanguage\":\"en-US\"},{\"@type\":\"Organization\",\"@id\":\"https:\/\/rs-audiovideo.com\/#organization\",\"name\":\"Soluciones, Asesoria y Venta de Equipos Audiovisuales\",\"url\":\"https:\/\/rs-audiovideo.com\/\",\"logo\":{\"@type\":\"ImageObject\",\"inLanguage\":\"en-US\",\"@id\":\"https:\/\/rs-audiovideo.com\/#\/schema\/logo\/image\/\",\"url\":\"https:\/\/rs-audiovideo.com\/wp-content\/uploads\/2024\/06\/cropped-logointro.png\",\"contentUrl\":\"https:\/\/rs-audiovideo.com\/wp-content\/uploads\/2024\/06\/cropped-logointro.png\",\"width\":579,\"height\":127,\"caption\":\"Soluciones, Asesoria y Venta de Equipos Audiovisuales\"},\"image\":{\"@id\":\"https:\/\/rs-audiovideo.com\/#\/schema\/logo\/image\/\"}}]}<\/script>\n<!-- \/ Yoast SEO plugin. -->","yoast_head_json":{"title":"Taburete redondo para m\u00fasicos, plegable, regulable en altura - Soluciones, Asesoria y Venta de Equipos Audiovisuales","robots":{"index":"index","follow":"follow","max-snippet":"max-snippet:-1","max-image-preview":"max-image-preview:large","max-video-preview":"max-video-preview:-1"},"canonical":"https:\/\/rs-audiovideo.com\/index.php\/product\/taburete-redondo-para-musicos-plegable-regulable-en-altura\/","og_locale":"en_US","og_type":"article","og_title":"Taburete redondo para m\u00fasicos, plegable, regulable en altura - Soluciones, Asesoria y Venta de Equipos Audiovisuales","og_description":"N.\u00ba art\u00edculo: GFDSEAT1 Silla de uso vers\u00e1til para m\u00fasicos Ajustable de forma continua Ajuste de altura bloqueable Asiento transpirable Construcci\u00f3n met\u00e1lica robusta Pies grandes para una buena estabilidad","og_url":"https:\/\/rs-audiovideo.com\/index.php\/product\/taburete-redondo-para-musicos-plegable-regulable-en-altura\/","og_site_name":"Soluciones, Asesoria y Venta de Equipos Audiovisuales","article_modified_time":"2024-06-15T04:38:35+00:00","og_image":[{"width":2000,"height":2000,"url":"https:\/\/rs-audiovideo.com\/wp-content\/uploads\/2024\/06\/GFDSEAT1_1.jpg","type":"image\/jpeg"}],"twitter_card":"summary_large_image","schema":{"@context":"https:\/\/schema.org","@graph":[{"@type":"WebPage","@id":"https:\/\/rs-audiovideo.com\/index.php\/product\/taburete-redondo-para-musicos-plegable-regulable-en-altura\/","url":"https:\/\/rs-audiovideo.com\/index.php\/product\/taburete-redondo-para-musicos-plegable-regulable-en-altura\/","name":"Taburete redondo para m\u00fasicos, plegable, regulable en altura - Soluciones, Asesoria y Venta de Equipos Audiovisuales","isPartOf":{"@id":"https:\/\/rs-audiovideo.com\/#website"},"primaryImageOfPage":{"@id":"https:\/\/rs-audiovideo.com\/index.php\/product\/taburete-redondo-para-musicos-plegable-regulable-en-altura\/#primaryimage"},"image":{"@id":"https:\/\/rs-audiovideo.com\/index.php\/product\/taburete-redondo-para-musicos-plegable-regulable-en-altura\/#primaryimage"},"thumbnailUrl":"https:\/\/rs-audiovideo.com\/wp-content\/uploads\/2024\/06\/GFDSEAT1_1.jpg","datePublished":"2024-06-13T17:39:57+00:00","dateModified":"2024-06-15T04:38:35+00:00","breadcrumb":{"@id":"https:\/\/rs-audiovideo.com\/index.php\/product\/taburete-redondo-para-musicos-plegable-regulable-en-altura\/#breadcrumb"},"inLanguage":"en-US","potentialAction":[{"@type":"ReadAction","target":["https:\/\/rs-audiovideo.com\/index.php\/product\/taburete-redondo-para-musicos-plegable-regulable-en-altura\/"]}]},{"@type":"ImageObject","inLanguage":"en-US","@id":"https:\/\/rs-audiovideo.com\/index.php\/product\/taburete-redondo-para-musicos-plegable-regulable-en-altura\/#primaryimage","url":"https:\/\/rs-audiovideo.com\/wp-content\/uploads\/2024\/06\/GFDSEAT1_1.jpg","contentUrl":"https:\/\/rs-audiovideo.com\/wp-content\/uploads\/2024\/06\/GFDSEAT1_1.jpg","width":2000,"height":2000},{"@type":"BreadcrumbList","@id":"https:\/\/rs-audiovideo.com\/index.php\/product\/taburete-redondo-para-musicos-plegable-regulable-en-altura\/#breadcrumb","itemListElement":[{"@type":"ListItem","position":1,"name":"Home","item":"https:\/\/rs-audiovideo.com\/"},{"@type":"ListItem","position":2,"name":"Shop","item":"https:\/\/rs-audiovideo.com\/index.php\/shop-2\/"},{"@type":"ListItem","position":3,"name":"Taburete redondo para m\u00fasicos, plegable, regulable en altura"}]},{"@type":"WebSite","@id":"https:\/\/rs-audiovideo.com\/#website","url":"https:\/\/rs-audiovideo.com\/","name":"Soluciones, Asesoria y Venta de Equipos Audiovisuales","description":"","publisher":{"@id":"https:\/\/rs-audiovideo.com\/#organization"},"potentialAction":[{"@type":"SearchAction","target":{"@type":"EntryPoint","urlTemplate":"https:\/\/rs-audiovideo.com\/?s={search_term_string}"},"query-input":{"@type":"PropertyValueSpecification","valueRequired":true,"valueName":"search_term_string"}}],"inLanguage":"en-US"},{"@type":"Organization","@id":"https:\/\/rs-audiovideo.com\/#organization","name":"Soluciones, Asesoria y Venta de Equipos Audiovisuales","url":"https:\/\/rs-audiovideo.com\/","logo":{"@type":"ImageObject","inLanguage":"en-US","@id":"https:\/\/rs-audiovideo.com\/#\/schema\/logo\/image\/","url":"https:\/\/rs-audiovideo.com\/wp-content\/uploads\/2024\/06\/cropped-logointro.png","contentUrl":"https:\/\/rs-audiovideo.com\/wp-content\/uploads\/2024\/06\/cropped-logointro.png","width":579,"height":127,"caption":"Soluciones, Asesoria y Venta de Equipos Audiovisuales"},"image":{"@id":"https:\/\/rs-audiovideo.com\/#\/schema\/logo\/image\/"}}]}},"_links":{"self":[{"href":"https:\/\/rs-audiovideo.com\/index.php\/wp-json\/wp\/v2\/product\/5502","targetHints":{"allow":["GET"]}}],"collection":[{"href":"https:\/\/rs-audiovideo.com\/index.php\/wp-json\/wp\/v2\/product"}],"about":[{"href":"https:\/\/rs-audiovideo.com\/index.php\/wp-json\/wp\/v2\/types\/product"}],"replies":[{"embeddable":true,"href":"https:\/\/rs-audiovideo.com\/index.php\/wp-json\/wp\/v2\/comments?post=5502"}],"wp:featuredmedia":[{"embeddable":true,"href":"https:\/\/rs-audiovideo.com\/index.php\/wp-json\/wp\/v2\/media\/5506"}],"wp:attachment":[{"href":"https:\/\/rs-audiovideo.com\/index.php\/wp-json\/wp\/v2\/media?parent=5502"}],"wp:term":[{"taxonomy":"product_brand","embeddable":true,"href":"https:\/\/rs-audiovideo.com\/index.php\/wp-json\/wp\/v2\/product_brand?post=5502"},{"taxonomy":"product_cat","embeddable":true,"href":"https:\/\/rs-audiovideo.com\/index.php\/wp-json\/wp\/v2\/product_cat?post=5502"},{"taxonomy":"product_tag","embeddable":true,"href":"https:\/\/rs-audiovideo.com\/index.php\/wp-json\/wp\/v2\/product_tag?post=5502"}],"curies":[{"name":"wp","href":"https:\/\/api.w.org\/{rel}","templated":true}]}}