{"id":5521,"date":"2024-06-13T18:10:22","date_gmt":"2024-06-13T18:10:22","guid":{"rendered":"https:\/\/rs-audiovideo.com\/?post_type=product&#038;p=5521"},"modified":"2024-06-15T04:38:03","modified_gmt":"2024-06-15T04:38:03","slug":"ipa-424-t-amplificador-de-instalacion-dsp-de-4-canales-4-x-240-w-4-ohm-70v-100v","status":"publish","type":"product","link":"https:\/\/rs-audiovideo.com\/index.php\/product\/ipa-424-t-amplificador-de-instalacion-dsp-de-4-canales-4-x-240-w-4-ohm-70v-100v\/","title":{"rendered":"IPA 424 T Amplificador de instalaci\u00f3n DSP de 4 canales 4 x 240 W @ 4 Ohm \/ 70V\/100V"},"content":{"rendered":"<div class=\"info pbxl\">\n<div class=\"article-nr\"><span class=\"article-nr-text\">N.\u00ba art\u00edculo:\u00a0<\/span><span class=\"article-nr-content\">LDIPA424T<\/span><\/div>\n<div class=\"series-nr\"><span class=\"series-nr-text\">Serie:<\/span>\u00a0<span class=\"series-nr-content\">IPA<\/span><\/div>\n<\/div>\n<div class=\"variants-wrapper\">\n<div class=\"select\"><\/div>\n<\/div>\n<div class=\"visible--xs visible--s visible--l visible--xl\">\n<div class=\"detail-features pbxxl pbn-m pbxxl-l\">\n<div class=\"detail-feature\">\n<div><\/div>\n<div class=\"detail-feature-text\">Amplificador de instalaci\u00f3n profesional de 4 canales<\/div>\n<div class=\"clear\">Potente amplificador de potencia de clase D con 4 salidas de 240 W (IPA 424 T) o 4 salidas de 120 W (IPA 412 T) a 4 ohmios (derivaci\u00f3n del transformador) o salidas de 70 V \/ 100 V a trav\u00e9s de un transformador de n\u00facleo toroidal<\/div>\n<\/div>\n<div class=\"detail-feature\">\n<div class=\"clear\">Selector de modo est\u00e9reo\/paralelo\/puente por par de canales<\/div>\n<\/div>\n<div class=\"detail-feature\">\n<div class=\"clear\">4 niveles de prioridad que ofrecen opciones completas de integraci\u00f3n<\/div>\n<\/div>\n<div class=\"detail-feature\">\n<div class=\"clear\">Panel frontal f\u00e1cil de usar con LED de se\u00f1al, l\u00edmite, protecci\u00f3n, silencio y modo puente por canal y LED de limitaci\u00f3n para las entradas<\/div>\n<\/div>\n<div class=\"detail-feature\">\n<div class=\"clear\">Circuitos de protecci\u00f3n del altavoz: Limitador DSP, contra sobrecorriente, corriente continua, sobrecalentamiento, cortocircuito y modo de espera autom\u00e1tico conmutable<\/div>\n<\/div>\n<div class=\"detail-feature\">\n<div class=\"clear\">Ajustes del DSP predefinidos con HPF y LPF que se pueden activar a trav\u00e9s de los interruptores DIP<\/div>\n<\/div>\n<div class=\"detail-feature\">\n<div class=\"clear\">Bus de control y sonido REMOTO basado en arquitectura CAN (Controller Area Network)<\/div>\n<\/div>\n<div class=\"detail-feature\">\n<div class=\"clear\">Equipado para los futuros paneles de control remoto y micr\u00f3fonos de avisos de LD Systems<\/div>\n<\/div>\n<div class=\"detail-feature\">\n<div class=\"clear\">Ranura para futuras tarjetas de expansi\u00f3n opcionales para Ethernet o Ethernet + Dante<\/div>\n<\/div>\n<div class=\"detail-feature\">\n<div class=\"clear\">Accesorios opcionales: ra\u00edles en L de 19&#8243;, longitud 450 mm<\/div>\n<\/div>\n<\/div>\n<\/div>\n","protected":false},"excerpt":{"rendered":"<p>N.\u00ba art\u00edculo:\u00a0LDIPA424T Serie:\u00a0IPA Amplificador de instalaci\u00f3n profesional de 4 canales Potente amplificador de potencia de clase D con 4 salidas de 240 W (IPA 424 T) o 4 salidas de<\/p>\n","protected":false},"featured_media":5524,"comment_status":"open","ping_status":"closed","template":"","meta":{"_acf_changed":false},"product_brand":[],"product_cat":[252,259,231],"product_tag":[],"class_list":{"0":"post-5521","1":"product","2":"type-product","3":"status-publish","4":"has-post-thumbnail","6":"product_cat-amplificador","7":"product_cat-ld-systems","8":"product_cat-sonido-profesional","10":"first","11":"instock","12":"shipping-taxable","13":"purchasable","14":"product-type-simple","15":"add-to-wishlist-after_add_to_cart"},"acf":[],"yoast_head":"<!-- This site is optimized with the Yoast SEO plugin v26.0 - https:\/\/yoast.com\/wordpress\/plugins\/seo\/ -->\n<title>IPA 424 T Amplificador de instalaci\u00f3n DSP de 4 canales 4 x 240 W @ 4 Ohm \/ 70V\/100V - Soluciones, Asesoria y Venta de Equipos Audiovisuales<\/title>\n<meta name=\"robots\" content=\"index, follow, max-snippet:-1, max-image-preview:large, max-video-preview:-1\" \/>\n<link rel=\"canonical\" href=\"https:\/\/rs-audiovideo.com\/index.php\/product\/ipa-424-t-amplificador-de-instalacion-dsp-de-4-canales-4-x-240-w-4-ohm-70v-100v\/\" \/>\n<meta property=\"og:locale\" content=\"en_US\" \/>\n<meta property=\"og:type\" content=\"article\" \/>\n<meta property=\"og:title\" content=\"IPA 424 T Amplificador de instalaci\u00f3n DSP de 4 canales 4 x 240 W @ 4 Ohm \/ 70V\/100V - Soluciones, Asesoria y Venta de Equipos Audiovisuales\" \/>\n<meta property=\"og:description\" content=\"N.\u00ba art\u00edculo:\u00a0LDIPA424T Serie:\u00a0IPA Amplificador de instalaci\u00f3n profesional de 4 canales Potente amplificador de potencia de clase D con 4 salidas de 240 W (IPA 424 T) o 4 salidas de\" \/>\n<meta property=\"og:url\" content=\"https:\/\/rs-audiovideo.com\/index.php\/product\/ipa-424-t-amplificador-de-instalacion-dsp-de-4-canales-4-x-240-w-4-ohm-70v-100v\/\" \/>\n<meta property=\"og:site_name\" content=\"Soluciones, Asesoria y Venta de Equipos Audiovisuales\" \/>\n<meta property=\"article:modified_time\" content=\"2024-06-15T04:38:03+00:00\" \/>\n<meta property=\"og:image\" content=\"https:\/\/rs-audiovideo.com\/wp-content\/uploads\/2024\/06\/LDIPA424T_3-scaled.jpg\" \/>\n\t<meta property=\"og:image:width\" content=\"2560\" \/>\n\t<meta property=\"og:image:height\" content=\"2560\" \/>\n\t<meta property=\"og:image:type\" content=\"image\/jpeg\" \/>\n<meta name=\"twitter:card\" content=\"summary_large_image\" \/>\n<meta name=\"twitter:label1\" content=\"Est. reading time\" \/>\n\t<meta name=\"twitter:data1\" content=\"1 minute\" \/>\n<script type=\"application\/ld+json\" class=\"yoast-schema-graph\">{\"@context\":\"https:\/\/schema.org\",\"@graph\":[{\"@type\":\"WebPage\",\"@id\":\"https:\/\/rs-audiovideo.com\/index.php\/product\/ipa-424-t-amplificador-de-instalacion-dsp-de-4-canales-4-x-240-w-4-ohm-70v-100v\/\",\"url\":\"https:\/\/rs-audiovideo.com\/index.php\/product\/ipa-424-t-amplificador-de-instalacion-dsp-de-4-canales-4-x-240-w-4-ohm-70v-100v\/\",\"name\":\"IPA 424 T Amplificador de instalaci\u00f3n DSP de 4 canales 4 x 240 W @ 4 Ohm \/ 70V\/100V - Soluciones, Asesoria y Venta de Equipos Audiovisuales\",\"isPartOf\":{\"@id\":\"https:\/\/rs-audiovideo.com\/#website\"},\"primaryImageOfPage\":{\"@id\":\"https:\/\/rs-audiovideo.com\/index.php\/product\/ipa-424-t-amplificador-de-instalacion-dsp-de-4-canales-4-x-240-w-4-ohm-70v-100v\/#primaryimage\"},\"image\":{\"@id\":\"https:\/\/rs-audiovideo.com\/index.php\/product\/ipa-424-t-amplificador-de-instalacion-dsp-de-4-canales-4-x-240-w-4-ohm-70v-100v\/#primaryimage\"},\"thumbnailUrl\":\"https:\/\/rs-audiovideo.com\/wp-content\/uploads\/2024\/06\/LDIPA424T_3-scaled.jpg\",\"datePublished\":\"2024-06-13T18:10:22+00:00\",\"dateModified\":\"2024-06-15T04:38:03+00:00\",\"breadcrumb\":{\"@id\":\"https:\/\/rs-audiovideo.com\/index.php\/product\/ipa-424-t-amplificador-de-instalacion-dsp-de-4-canales-4-x-240-w-4-ohm-70v-100v\/#breadcrumb\"},\"inLanguage\":\"en-US\",\"potentialAction\":[{\"@type\":\"ReadAction\",\"target\":[\"https:\/\/rs-audiovideo.com\/index.php\/product\/ipa-424-t-amplificador-de-instalacion-dsp-de-4-canales-4-x-240-w-4-ohm-70v-100v\/\"]}]},{\"@type\":\"ImageObject\",\"inLanguage\":\"en-US\",\"@id\":\"https:\/\/rs-audiovideo.com\/index.php\/product\/ipa-424-t-amplificador-de-instalacion-dsp-de-4-canales-4-x-240-w-4-ohm-70v-100v\/#primaryimage\",\"url\":\"https:\/\/rs-audiovideo.com\/wp-content\/uploads\/2024\/06\/LDIPA424T_3-scaled.jpg\",\"contentUrl\":\"https:\/\/rs-audiovideo.com\/wp-content\/uploads\/2024\/06\/LDIPA424T_3-scaled.jpg\",\"width\":2560,\"height\":2560},{\"@type\":\"BreadcrumbList\",\"@id\":\"https:\/\/rs-audiovideo.com\/index.php\/product\/ipa-424-t-amplificador-de-instalacion-dsp-de-4-canales-4-x-240-w-4-ohm-70v-100v\/#breadcrumb\",\"itemListElement\":[{\"@type\":\"ListItem\",\"position\":1,\"name\":\"Home\",\"item\":\"https:\/\/rs-audiovideo.com\/\"},{\"@type\":\"ListItem\",\"position\":2,\"name\":\"Shop\",\"item\":\"https:\/\/rs-audiovideo.com\/index.php\/shop-2\/\"},{\"@type\":\"ListItem\",\"position\":3,\"name\":\"IPA 424 T Amplificador de instalaci\u00f3n DSP de 4 canales 4 x 240 W @ 4 Ohm \/ 70V\/100V\"}]},{\"@type\":\"WebSite\",\"@id\":\"https:\/\/rs-audiovideo.com\/#website\",\"url\":\"https:\/\/rs-audiovideo.com\/\",\"name\":\"Soluciones, Asesoria y Venta de Equipos Audiovisuales\",\"description\":\"\",\"publisher\":{\"@id\":\"https:\/\/rs-audiovideo.com\/#organization\"},\"potentialAction\":[{\"@type\":\"SearchAction\",\"target\":{\"@type\":\"EntryPoint\",\"urlTemplate\":\"https:\/\/rs-audiovideo.com\/?s={search_term_string}\"},\"query-input\":{\"@type\":\"PropertyValueSpecification\",\"valueRequired\":true,\"valueName\":\"search_term_string\"}}],\"inLanguage\":\"en-US\"},{\"@type\":\"Organization\",\"@id\":\"https:\/\/rs-audiovideo.com\/#organization\",\"name\":\"Soluciones, Asesoria y Venta de Equipos Audiovisuales\",\"url\":\"https:\/\/rs-audiovideo.com\/\",\"logo\":{\"@type\":\"ImageObject\",\"inLanguage\":\"en-US\",\"@id\":\"https:\/\/rs-audiovideo.com\/#\/schema\/logo\/image\/\",\"url\":\"https:\/\/rs-audiovideo.com\/wp-content\/uploads\/2024\/06\/cropped-logointro.png\",\"contentUrl\":\"https:\/\/rs-audiovideo.com\/wp-content\/uploads\/2024\/06\/cropped-logointro.png\",\"width\":579,\"height\":127,\"caption\":\"Soluciones, Asesoria y Venta de Equipos Audiovisuales\"},\"image\":{\"@id\":\"https:\/\/rs-audiovideo.com\/#\/schema\/logo\/image\/\"}}]}<\/script>\n<!-- \/ Yoast SEO plugin. -->","yoast_head_json":{"title":"IPA 424 T Amplificador de instalaci\u00f3n DSP de 4 canales 4 x 240 W @ 4 Ohm \/ 70V\/100V - Soluciones, Asesoria y Venta de Equipos Audiovisuales","robots":{"index":"index","follow":"follow","max-snippet":"max-snippet:-1","max-image-preview":"max-image-preview:large","max-video-preview":"max-video-preview:-1"},"canonical":"https:\/\/rs-audiovideo.com\/index.php\/product\/ipa-424-t-amplificador-de-instalacion-dsp-de-4-canales-4-x-240-w-4-ohm-70v-100v\/","og_locale":"en_US","og_type":"article","og_title":"IPA 424 T Amplificador de instalaci\u00f3n DSP de 4 canales 4 x 240 W @ 4 Ohm \/ 70V\/100V - Soluciones, Asesoria y Venta de Equipos Audiovisuales","og_description":"N.\u00ba art\u00edculo:\u00a0LDIPA424T Serie:\u00a0IPA Amplificador de instalaci\u00f3n profesional de 4 canales Potente amplificador de potencia de clase D con 4 salidas de 240 W (IPA 424 T) o 4 salidas de","og_url":"https:\/\/rs-audiovideo.com\/index.php\/product\/ipa-424-t-amplificador-de-instalacion-dsp-de-4-canales-4-x-240-w-4-ohm-70v-100v\/","og_site_name":"Soluciones, Asesoria y Venta de Equipos Audiovisuales","article_modified_time":"2024-06-15T04:38:03+00:00","og_image":[{"width":2560,"height":2560,"url":"https:\/\/rs-audiovideo.com\/wp-content\/uploads\/2024\/06\/LDIPA424T_3-scaled.jpg","type":"image\/jpeg"}],"twitter_card":"summary_large_image","twitter_misc":{"Est. reading time":"1 minute"},"schema":{"@context":"https:\/\/schema.org","@graph":[{"@type":"WebPage","@id":"https:\/\/rs-audiovideo.com\/index.php\/product\/ipa-424-t-amplificador-de-instalacion-dsp-de-4-canales-4-x-240-w-4-ohm-70v-100v\/","url":"https:\/\/rs-audiovideo.com\/index.php\/product\/ipa-424-t-amplificador-de-instalacion-dsp-de-4-canales-4-x-240-w-4-ohm-70v-100v\/","name":"IPA 424 T Amplificador de instalaci\u00f3n DSP de 4 canales 4 x 240 W @ 4 Ohm \/ 70V\/100V - Soluciones, Asesoria y Venta de Equipos Audiovisuales","isPartOf":{"@id":"https:\/\/rs-audiovideo.com\/#website"},"primaryImageOfPage":{"@id":"https:\/\/rs-audiovideo.com\/index.php\/product\/ipa-424-t-amplificador-de-instalacion-dsp-de-4-canales-4-x-240-w-4-ohm-70v-100v\/#primaryimage"},"image":{"@id":"https:\/\/rs-audiovideo.com\/index.php\/product\/ipa-424-t-amplificador-de-instalacion-dsp-de-4-canales-4-x-240-w-4-ohm-70v-100v\/#primaryimage"},"thumbnailUrl":"https:\/\/rs-audiovideo.com\/wp-content\/uploads\/2024\/06\/LDIPA424T_3-scaled.jpg","datePublished":"2024-06-13T18:10:22+00:00","dateModified":"2024-06-15T04:38:03+00:00","breadcrumb":{"@id":"https:\/\/rs-audiovideo.com\/index.php\/product\/ipa-424-t-amplificador-de-instalacion-dsp-de-4-canales-4-x-240-w-4-ohm-70v-100v\/#breadcrumb"},"inLanguage":"en-US","potentialAction":[{"@type":"ReadAction","target":["https:\/\/rs-audiovideo.com\/index.php\/product\/ipa-424-t-amplificador-de-instalacion-dsp-de-4-canales-4-x-240-w-4-ohm-70v-100v\/"]}]},{"@type":"ImageObject","inLanguage":"en-US","@id":"https:\/\/rs-audiovideo.com\/index.php\/product\/ipa-424-t-amplificador-de-instalacion-dsp-de-4-canales-4-x-240-w-4-ohm-70v-100v\/#primaryimage","url":"https:\/\/rs-audiovideo.com\/wp-content\/uploads\/2024\/06\/LDIPA424T_3-scaled.jpg","contentUrl":"https:\/\/rs-audiovideo.com\/wp-content\/uploads\/2024\/06\/LDIPA424T_3-scaled.jpg","width":2560,"height":2560},{"@type":"BreadcrumbList","@id":"https:\/\/rs-audiovideo.com\/index.php\/product\/ipa-424-t-amplificador-de-instalacion-dsp-de-4-canales-4-x-240-w-4-ohm-70v-100v\/#breadcrumb","itemListElement":[{"@type":"ListItem","position":1,"name":"Home","item":"https:\/\/rs-audiovideo.com\/"},{"@type":"ListItem","position":2,"name":"Shop","item":"https:\/\/rs-audiovideo.com\/index.php\/shop-2\/"},{"@type":"ListItem","position":3,"name":"IPA 424 T Amplificador de instalaci\u00f3n DSP de 4 canales 4 x 240 W @ 4 Ohm \/ 70V\/100V"}]},{"@type":"WebSite","@id":"https:\/\/rs-audiovideo.com\/#website","url":"https:\/\/rs-audiovideo.com\/","name":"Soluciones, Asesoria y Venta de Equipos Audiovisuales","description":"","publisher":{"@id":"https:\/\/rs-audiovideo.com\/#organization"},"potentialAction":[{"@type":"SearchAction","target":{"@type":"EntryPoint","urlTemplate":"https:\/\/rs-audiovideo.com\/?s={search_term_string}"},"query-input":{"@type":"PropertyValueSpecification","valueRequired":true,"valueName":"search_term_string"}}],"inLanguage":"en-US"},{"@type":"Organization","@id":"https:\/\/rs-audiovideo.com\/#organization","name":"Soluciones, Asesoria y Venta de Equipos Audiovisuales","url":"https:\/\/rs-audiovideo.com\/","logo":{"@type":"ImageObject","inLanguage":"en-US","@id":"https:\/\/rs-audiovideo.com\/#\/schema\/logo\/image\/","url":"https:\/\/rs-audiovideo.com\/wp-content\/uploads\/2024\/06\/cropped-logointro.png","contentUrl":"https:\/\/rs-audiovideo.com\/wp-content\/uploads\/2024\/06\/cropped-logointro.png","width":579,"height":127,"caption":"Soluciones, Asesoria y Venta de Equipos Audiovisuales"},"image":{"@id":"https:\/\/rs-audiovideo.com\/#\/schema\/logo\/image\/"}}]}},"_links":{"self":[{"href":"https:\/\/rs-audiovideo.com\/index.php\/wp-json\/wp\/v2\/product\/5521","targetHints":{"allow":["GET"]}}],"collection":[{"href":"https:\/\/rs-audiovideo.com\/index.php\/wp-json\/wp\/v2\/product"}],"about":[{"href":"https:\/\/rs-audiovideo.com\/index.php\/wp-json\/wp\/v2\/types\/product"}],"replies":[{"embeddable":true,"href":"https:\/\/rs-audiovideo.com\/index.php\/wp-json\/wp\/v2\/comments?post=5521"}],"wp:featuredmedia":[{"embeddable":true,"href":"https:\/\/rs-audiovideo.com\/index.php\/wp-json\/wp\/v2\/media\/5524"}],"wp:attachment":[{"href":"https:\/\/rs-audiovideo.com\/index.php\/wp-json\/wp\/v2\/media?parent=5521"}],"wp:term":[{"taxonomy":"product_brand","embeddable":true,"href":"https:\/\/rs-audiovideo.com\/index.php\/wp-json\/wp\/v2\/product_brand?post=5521"},{"taxonomy":"product_cat","embeddable":true,"href":"https:\/\/rs-audiovideo.com\/index.php\/wp-json\/wp\/v2\/product_cat?post=5521"},{"taxonomy":"product_tag","embeddable":true,"href":"https:\/\/rs-audiovideo.com\/index.php\/wp-json\/wp\/v2\/product_tag?post=5521"}],"curies":[{"name":"wp","href":"https:\/\/api.w.org\/{rel}","templated":true}]}}