{"id":5526,"date":"2024-06-13T18:19:39","date_gmt":"2024-06-13T18:19:39","guid":{"rendered":"https:\/\/rs-audiovideo.com\/?post_type=product&#038;p=5526"},"modified":"2024-06-15T04:37:55","modified_gmt":"2024-06-15T04:37:55","slug":"microfono-vocal-dinamico-akg-d5-cs-switch","status":"publish","type":"product","link":"https:\/\/rs-audiovideo.com\/index.php\/product\/microfono-vocal-dinamico-akg-d5-cs-switch\/","title":{"rendered":"Microfono Vocal dinamico AKG D5 CS (Switch)"},"content":{"rendered":"<h3>Microfono AKG D5 CS<\/h3>\n<p>El micr\u00f3fono vocal din\u00e1mico profesional\u00a0<strong>AKG D5 CS<\/strong>\u00a0con interruptor de encendido\/apagado tiene un patr\u00f3n polar cardioide, lo que le brinda libertad en el escenario y garantiza una retroalimentaci\u00f3n m\u00ednima. Puede soportar niveles de presi\u00f3n de hasta 160 dB y est\u00e1 equipado con un amortiguador doble interno para eliminar el ruido de manejo. El\u00a0<strong>AKG D5 CS<\/strong>\u00a0est\u00e1 dise\u00f1ado para usarse tanto en el escenario (peque\u00f1os conciertos en vivo hasta grandes salas de conciertos) como en aplicaciones instaladas.<\/p>\n<p>El D5 CS tiene las mismas caracter\u00edsticas mec\u00e1nicas, el\u00e9ctricas y ac\u00fasticas que el\u00a0<a href=\"https:\/\/audioluces.com\/producto\/microfono-alambrico-d5\/\">AKG D5<\/a>\u00a0C y cuenta con un interruptor silencioso de encendido \/ apagado.<\/p>\n<p><strong>Diafragma laminado patentado Varimotion<\/strong><br \/>\nPara un sonido n\u00edtido que atraviesa todas las mezclas<\/p>\n<p><strong>Patr\u00f3n cardioide polar<\/strong><br \/>\nPara una amplia variedad de aplicaciones<\/p>\n<p><strong>Soporte de choque dual de la c\u00e1psula del micr\u00f3fono<\/strong><br \/>\nElimina cualquier tipo de ruido de manejo<\/p>\n<p><strong>Filtro pop integrado<\/strong><br \/>\nPara la eliminaci\u00f3n de pops y el ruido del viento<\/p>\n<p><strong>Rejilla de malla de alambre de resorte<\/strong><br \/>\nSoporta cada actuaci\u00f3n en directo<\/p>\n<p><img loading=\"lazy\" decoding=\"async\" class=\"aligncenter size-full wp-image-31994 ls-is-cached lazyloaded\" src=\"https:\/\/audioluces.com\/wp-content\/uploads\/2022\/07\/respuesta-de-frecuencia-akg-d5-cs.jpg\" alt=\"\" width=\"763\" height=\"314\" data-src=\"https:\/\/audioluces.com\/wp-content\/uploads\/2022\/07\/respuesta-de-frecuencia-akg-d5-cs.jpg\" \/><img loading=\"lazy\" decoding=\"async\" class=\"aligncenter size-full wp-image-31993 ls-is-cached lazyloaded\" src=\"https:\/\/audioluces.com\/wp-content\/uploads\/2022\/07\/patron-polar-akg-d5-cs.jpg\" alt=\"\" width=\"287\" height=\"307\" data-src=\"https:\/\/audioluces.com\/wp-content\/uploads\/2022\/07\/patron-polar-akg-d5-cs.jpg\" \/><\/p>\n<hr \/>\n<h3>Especificaciones<\/h3>\n<ul>\n<li>Factor de forma port\u00e1til<\/li>\n<li>Campo de sonido mono<\/li>\n<li>C\u00e1psula Din\u00e1mica<\/li>\n<li>Patr\u00f3n polar cardioide<\/li>\n<li>Direcci\u00f3n final de la orientaci\u00f3n<\/li>\n<li>Almohadilla Ninguno<\/li>\n<li>Filtro de paso alto Ninguno<\/li>\n<li>Ajuste de tono Ninguno<\/li>\n<li>Indicadores Ninguno<\/li>\n<li>Controles a bordo encendido\/apagado<\/li>\n<li>Espuma para parabrisas (disponible por separado)<\/li>\n<li><strong>Performance<\/strong>\n<ul>\n<li>Rango de frecuencia 20 Hz a 17 kHz<\/li>\n<li>SPL m\u00e1ximo 160 dB SPL<\/li>\n<li>Impedancia 600 ohmios<\/li>\n<li>Impedancia de carga 2 kiloohmios<\/li>\n<li>Sensibilidad 2,6 mV\/Pa<\/li>\n<\/ul>\n<\/li>\n<li><strong>Conectividad<\/strong>\n<ul>\n<li>Conectores de salida (anal\u00f3gicos) 1 x XLR de 3 pines (en el micr\u00f3fono)<\/li>\n<\/ul>\n<\/li>\n<li><strong>Construcci\u00f3n<\/strong>\n<ul>\n<li>De color negro<\/li>\n<li>Montaje Ninguno<\/li>\n<li>Estuche incluido Ninguno<\/li>\n<li>Filtros incluidos Ninguno<\/li>\n<li>Material de construcci\u00f3n Metal, rejilla de alambre de acero<\/li>\n<li>Temperatura de funcionamiento 14 a 140 \u00b0F \/ -10 a 60 \u00b0C<\/li>\n<li>Dimensiones \u00f8: 2 x L: 7.3\u2033 \/ \u00f8: 51 x L: 185 mm<\/li>\n<li>Peso 11,3 oz \/ 320 g<\/li>\n<\/ul>\n<\/li>\n<li><strong>Informaci\u00f3n de empaque<\/strong>\n<ul>\n<li>Peso del paquete 1.205 libras<\/li>\n<li>Dimensiones de la caja (LxAnxAl) 8.6 x 5.4 x 2.7\u2033<\/li>\n<\/ul>\n<\/li>\n<\/ul>\n","protected":false},"excerpt":{"rendered":"<p>Microfono AKG D5 CS El micr\u00f3fono vocal din\u00e1mico profesional\u00a0AKG D5 CS\u00a0con interruptor de encendido\/apagado tiene un patr\u00f3n polar cardioide, lo que le brinda libertad en el escenario y garantiza una<\/p>\n","protected":false},"featured_media":5532,"comment_status":"open","ping_status":"closed","template":"","meta":{"_acf_changed":false},"product_brand":[],"product_cat":[266,253,231],"product_tag":[],"class_list":{"0":"post-5526","1":"product","2":"type-product","3":"status-publish","4":"has-post-thumbnail","6":"product_cat-akg","7":"product_cat-microfonos-alambricos","8":"product_cat-sonido-profesional","10":"first","11":"instock","12":"shipping-taxable","13":"purchasable","14":"product-type-simple","15":"add-to-wishlist-after_add_to_cart"},"acf":[],"yoast_head":"<!-- This site is optimized with the Yoast SEO plugin v26.0 - https:\/\/yoast.com\/wordpress\/plugins\/seo\/ -->\n<title>Microfono Vocal dinamico AKG D5 CS (Switch) - Soluciones, Asesoria y Venta de Equipos Audiovisuales<\/title>\n<meta name=\"robots\" content=\"index, follow, max-snippet:-1, max-image-preview:large, max-video-preview:-1\" \/>\n<link rel=\"canonical\" href=\"https:\/\/rs-audiovideo.com\/index.php\/product\/microfono-vocal-dinamico-akg-d5-cs-switch\/\" \/>\n<meta property=\"og:locale\" content=\"en_US\" \/>\n<meta property=\"og:type\" content=\"article\" \/>\n<meta property=\"og:title\" content=\"Microfono Vocal dinamico AKG D5 CS (Switch) - Soluciones, Asesoria y Venta de Equipos Audiovisuales\" \/>\n<meta property=\"og:description\" content=\"Microfono AKG D5 CS El micr\u00f3fono vocal din\u00e1mico profesional\u00a0AKG D5 CS\u00a0con interruptor de encendido\/apagado tiene un patr\u00f3n polar cardioide, lo que le brinda libertad en el escenario y garantiza una\" \/>\n<meta property=\"og:url\" content=\"https:\/\/rs-audiovideo.com\/index.php\/product\/microfono-vocal-dinamico-akg-d5-cs-switch\/\" \/>\n<meta property=\"og:site_name\" content=\"Soluciones, Asesoria y Venta de Equipos Audiovisuales\" \/>\n<meta property=\"article:modified_time\" content=\"2024-06-15T04:37:55+00:00\" \/>\n<meta property=\"og:image\" content=\"https:\/\/rs-audiovideo.com\/wp-content\/uploads\/2024\/06\/akg-d5-cs.jpg\" \/>\n\t<meta property=\"og:image:width\" content=\"1000\" \/>\n\t<meta property=\"og:image:height\" content=\"1000\" \/>\n\t<meta property=\"og:image:type\" content=\"image\/jpeg\" \/>\n<meta name=\"twitter:card\" content=\"summary_large_image\" \/>\n<meta name=\"twitter:label1\" content=\"Est. reading time\" \/>\n\t<meta name=\"twitter:data1\" content=\"2 minutes\" \/>\n<script type=\"application\/ld+json\" class=\"yoast-schema-graph\">{\"@context\":\"https:\/\/schema.org\",\"@graph\":[{\"@type\":\"WebPage\",\"@id\":\"https:\/\/rs-audiovideo.com\/index.php\/product\/microfono-vocal-dinamico-akg-d5-cs-switch\/\",\"url\":\"https:\/\/rs-audiovideo.com\/index.php\/product\/microfono-vocal-dinamico-akg-d5-cs-switch\/\",\"name\":\"Microfono Vocal dinamico AKG D5 CS (Switch) - Soluciones, Asesoria y Venta de Equipos Audiovisuales\",\"isPartOf\":{\"@id\":\"https:\/\/rs-audiovideo.com\/#website\"},\"primaryImageOfPage\":{\"@id\":\"https:\/\/rs-audiovideo.com\/index.php\/product\/microfono-vocal-dinamico-akg-d5-cs-switch\/#primaryimage\"},\"image\":{\"@id\":\"https:\/\/rs-audiovideo.com\/index.php\/product\/microfono-vocal-dinamico-akg-d5-cs-switch\/#primaryimage\"},\"thumbnailUrl\":\"https:\/\/rs-audiovideo.com\/wp-content\/uploads\/2024\/06\/akg-d5-cs.jpg\",\"datePublished\":\"2024-06-13T18:19:39+00:00\",\"dateModified\":\"2024-06-15T04:37:55+00:00\",\"breadcrumb\":{\"@id\":\"https:\/\/rs-audiovideo.com\/index.php\/product\/microfono-vocal-dinamico-akg-d5-cs-switch\/#breadcrumb\"},\"inLanguage\":\"en-US\",\"potentialAction\":[{\"@type\":\"ReadAction\",\"target\":[\"https:\/\/rs-audiovideo.com\/index.php\/product\/microfono-vocal-dinamico-akg-d5-cs-switch\/\"]}]},{\"@type\":\"ImageObject\",\"inLanguage\":\"en-US\",\"@id\":\"https:\/\/rs-audiovideo.com\/index.php\/product\/microfono-vocal-dinamico-akg-d5-cs-switch\/#primaryimage\",\"url\":\"https:\/\/rs-audiovideo.com\/wp-content\/uploads\/2024\/06\/akg-d5-cs.jpg\",\"contentUrl\":\"https:\/\/rs-audiovideo.com\/wp-content\/uploads\/2024\/06\/akg-d5-cs.jpg\",\"width\":1000,\"height\":1000},{\"@type\":\"BreadcrumbList\",\"@id\":\"https:\/\/rs-audiovideo.com\/index.php\/product\/microfono-vocal-dinamico-akg-d5-cs-switch\/#breadcrumb\",\"itemListElement\":[{\"@type\":\"ListItem\",\"position\":1,\"name\":\"Home\",\"item\":\"https:\/\/rs-audiovideo.com\/\"},{\"@type\":\"ListItem\",\"position\":2,\"name\":\"Shop\",\"item\":\"https:\/\/rs-audiovideo.com\/index.php\/shop-2\/\"},{\"@type\":\"ListItem\",\"position\":3,\"name\":\"Microfono Vocal dinamico AKG D5 CS (Switch)\"}]},{\"@type\":\"WebSite\",\"@id\":\"https:\/\/rs-audiovideo.com\/#website\",\"url\":\"https:\/\/rs-audiovideo.com\/\",\"name\":\"Soluciones, Asesoria y Venta de Equipos Audiovisuales\",\"description\":\"\",\"publisher\":{\"@id\":\"https:\/\/rs-audiovideo.com\/#organization\"},\"potentialAction\":[{\"@type\":\"SearchAction\",\"target\":{\"@type\":\"EntryPoint\",\"urlTemplate\":\"https:\/\/rs-audiovideo.com\/?s={search_term_string}\"},\"query-input\":{\"@type\":\"PropertyValueSpecification\",\"valueRequired\":true,\"valueName\":\"search_term_string\"}}],\"inLanguage\":\"en-US\"},{\"@type\":\"Organization\",\"@id\":\"https:\/\/rs-audiovideo.com\/#organization\",\"name\":\"Soluciones, Asesoria y Venta de Equipos Audiovisuales\",\"url\":\"https:\/\/rs-audiovideo.com\/\",\"logo\":{\"@type\":\"ImageObject\",\"inLanguage\":\"en-US\",\"@id\":\"https:\/\/rs-audiovideo.com\/#\/schema\/logo\/image\/\",\"url\":\"https:\/\/rs-audiovideo.com\/wp-content\/uploads\/2024\/06\/cropped-logointro.png\",\"contentUrl\":\"https:\/\/rs-audiovideo.com\/wp-content\/uploads\/2024\/06\/cropped-logointro.png\",\"width\":579,\"height\":127,\"caption\":\"Soluciones, Asesoria y Venta de Equipos Audiovisuales\"},\"image\":{\"@id\":\"https:\/\/rs-audiovideo.com\/#\/schema\/logo\/image\/\"}}]}<\/script>\n<!-- \/ Yoast SEO plugin. -->","yoast_head_json":{"title":"Microfono Vocal dinamico AKG D5 CS (Switch) - Soluciones, Asesoria y Venta de Equipos Audiovisuales","robots":{"index":"index","follow":"follow","max-snippet":"max-snippet:-1","max-image-preview":"max-image-preview:large","max-video-preview":"max-video-preview:-1"},"canonical":"https:\/\/rs-audiovideo.com\/index.php\/product\/microfono-vocal-dinamico-akg-d5-cs-switch\/","og_locale":"en_US","og_type":"article","og_title":"Microfono Vocal dinamico AKG D5 CS (Switch) - Soluciones, Asesoria y Venta de Equipos Audiovisuales","og_description":"Microfono AKG D5 CS El micr\u00f3fono vocal din\u00e1mico profesional\u00a0AKG D5 CS\u00a0con interruptor de encendido\/apagado tiene un patr\u00f3n polar cardioide, lo que le brinda libertad en el escenario y garantiza una","og_url":"https:\/\/rs-audiovideo.com\/index.php\/product\/microfono-vocal-dinamico-akg-d5-cs-switch\/","og_site_name":"Soluciones, Asesoria y Venta de Equipos Audiovisuales","article_modified_time":"2024-06-15T04:37:55+00:00","og_image":[{"width":1000,"height":1000,"url":"https:\/\/rs-audiovideo.com\/wp-content\/uploads\/2024\/06\/akg-d5-cs.jpg","type":"image\/jpeg"}],"twitter_card":"summary_large_image","twitter_misc":{"Est. reading time":"2 minutes"},"schema":{"@context":"https:\/\/schema.org","@graph":[{"@type":"WebPage","@id":"https:\/\/rs-audiovideo.com\/index.php\/product\/microfono-vocal-dinamico-akg-d5-cs-switch\/","url":"https:\/\/rs-audiovideo.com\/index.php\/product\/microfono-vocal-dinamico-akg-d5-cs-switch\/","name":"Microfono Vocal dinamico AKG D5 CS (Switch) - Soluciones, Asesoria y Venta de Equipos Audiovisuales","isPartOf":{"@id":"https:\/\/rs-audiovideo.com\/#website"},"primaryImageOfPage":{"@id":"https:\/\/rs-audiovideo.com\/index.php\/product\/microfono-vocal-dinamico-akg-d5-cs-switch\/#primaryimage"},"image":{"@id":"https:\/\/rs-audiovideo.com\/index.php\/product\/microfono-vocal-dinamico-akg-d5-cs-switch\/#primaryimage"},"thumbnailUrl":"https:\/\/rs-audiovideo.com\/wp-content\/uploads\/2024\/06\/akg-d5-cs.jpg","datePublished":"2024-06-13T18:19:39+00:00","dateModified":"2024-06-15T04:37:55+00:00","breadcrumb":{"@id":"https:\/\/rs-audiovideo.com\/index.php\/product\/microfono-vocal-dinamico-akg-d5-cs-switch\/#breadcrumb"},"inLanguage":"en-US","potentialAction":[{"@type":"ReadAction","target":["https:\/\/rs-audiovideo.com\/index.php\/product\/microfono-vocal-dinamico-akg-d5-cs-switch\/"]}]},{"@type":"ImageObject","inLanguage":"en-US","@id":"https:\/\/rs-audiovideo.com\/index.php\/product\/microfono-vocal-dinamico-akg-d5-cs-switch\/#primaryimage","url":"https:\/\/rs-audiovideo.com\/wp-content\/uploads\/2024\/06\/akg-d5-cs.jpg","contentUrl":"https:\/\/rs-audiovideo.com\/wp-content\/uploads\/2024\/06\/akg-d5-cs.jpg","width":1000,"height":1000},{"@type":"BreadcrumbList","@id":"https:\/\/rs-audiovideo.com\/index.php\/product\/microfono-vocal-dinamico-akg-d5-cs-switch\/#breadcrumb","itemListElement":[{"@type":"ListItem","position":1,"name":"Home","item":"https:\/\/rs-audiovideo.com\/"},{"@type":"ListItem","position":2,"name":"Shop","item":"https:\/\/rs-audiovideo.com\/index.php\/shop-2\/"},{"@type":"ListItem","position":3,"name":"Microfono Vocal dinamico AKG D5 CS (Switch)"}]},{"@type":"WebSite","@id":"https:\/\/rs-audiovideo.com\/#website","url":"https:\/\/rs-audiovideo.com\/","name":"Soluciones, Asesoria y Venta de Equipos Audiovisuales","description":"","publisher":{"@id":"https:\/\/rs-audiovideo.com\/#organization"},"potentialAction":[{"@type":"SearchAction","target":{"@type":"EntryPoint","urlTemplate":"https:\/\/rs-audiovideo.com\/?s={search_term_string}"},"query-input":{"@type":"PropertyValueSpecification","valueRequired":true,"valueName":"search_term_string"}}],"inLanguage":"en-US"},{"@type":"Organization","@id":"https:\/\/rs-audiovideo.com\/#organization","name":"Soluciones, Asesoria y Venta de Equipos Audiovisuales","url":"https:\/\/rs-audiovideo.com\/","logo":{"@type":"ImageObject","inLanguage":"en-US","@id":"https:\/\/rs-audiovideo.com\/#\/schema\/logo\/image\/","url":"https:\/\/rs-audiovideo.com\/wp-content\/uploads\/2024\/06\/cropped-logointro.png","contentUrl":"https:\/\/rs-audiovideo.com\/wp-content\/uploads\/2024\/06\/cropped-logointro.png","width":579,"height":127,"caption":"Soluciones, Asesoria y Venta de Equipos Audiovisuales"},"image":{"@id":"https:\/\/rs-audiovideo.com\/#\/schema\/logo\/image\/"}}]}},"_links":{"self":[{"href":"https:\/\/rs-audiovideo.com\/index.php\/wp-json\/wp\/v2\/product\/5526","targetHints":{"allow":["GET"]}}],"collection":[{"href":"https:\/\/rs-audiovideo.com\/index.php\/wp-json\/wp\/v2\/product"}],"about":[{"href":"https:\/\/rs-audiovideo.com\/index.php\/wp-json\/wp\/v2\/types\/product"}],"replies":[{"embeddable":true,"href":"https:\/\/rs-audiovideo.com\/index.php\/wp-json\/wp\/v2\/comments?post=5526"}],"wp:featuredmedia":[{"embeddable":true,"href":"https:\/\/rs-audiovideo.com\/index.php\/wp-json\/wp\/v2\/media\/5532"}],"wp:attachment":[{"href":"https:\/\/rs-audiovideo.com\/index.php\/wp-json\/wp\/v2\/media?parent=5526"}],"wp:term":[{"taxonomy":"product_brand","embeddable":true,"href":"https:\/\/rs-audiovideo.com\/index.php\/wp-json\/wp\/v2\/product_brand?post=5526"},{"taxonomy":"product_cat","embeddable":true,"href":"https:\/\/rs-audiovideo.com\/index.php\/wp-json\/wp\/v2\/product_cat?post=5526"},{"taxonomy":"product_tag","embeddable":true,"href":"https:\/\/rs-audiovideo.com\/index.php\/wp-json\/wp\/v2\/product_tag?post=5526"}],"curies":[{"name":"wp","href":"https:\/\/api.w.org\/{rel}","templated":true}]}}