{"id":5528,"date":"2024-06-13T18:21:54","date_gmt":"2024-06-13T18:21:54","guid":{"rendered":"https:\/\/rs-audiovideo.com\/?post_type=product&#038;p=5528"},"modified":"2024-06-16T03:13:12","modified_gmt":"2024-06-16T03:13:12","slug":"microfono-vocal-instrumental-akg-p3s","status":"publish","type":"product","link":"https:\/\/rs-audiovideo.com\/index.php\/product\/microfono-vocal-instrumental-akg-p3s\/","title":{"rendered":"Micr\u00f3fono Vocal \/ Instrumental AKG P3S"},"content":{"rendered":"<div id=\"tab-description\" class=\"mf-Tabs-panel mf-Tabs-panel--description panel entry-content\" role=\"tabpanel\" aria-labelledby=\"tab-title-description\">\n<div class=\"tab-content-wrapper\">\n<p><strong>Para acompa\u00f1ar voces y guitarra<\/strong><br \/>\nEl Perception P3S es un micr\u00f3fono din\u00e1mico de alto rendimiento ideal para el acompa\u00f1amiento vocal y la guitarra. Su patr\u00f3n polar cardioide recoge el sonido de delante del micr\u00f3fono al tiempo que reduce la retroalimentaci\u00f3n y el ruido no deseado por detr\u00e1s.<\/p>\n<p>La Perception P3S proporciona una robusta caja de metal y rejilla de malla de alambre para una robustez excepcional. El micr\u00f3fono ofrece un conveniente interruptor de encendido \/ apagado para silencio.<\/p>\n<ul>\n<li>Patr\u00f3n cardioide polar<\/li>\n<li>Windscreen integrado<\/li>\n<li>Tapa robusta de malla de alambre y cuerpo robusto de fundici\u00f3n de metal<\/li>\n<li>Conector XLR enchapado en oro de 24 quilates<\/li>\n<li>Interruptor encendido \/ apagado<\/li>\n<li>General AKG P3S<\/li>\n<li>Ancho de banda de frecuencia de audio de 40 a 20000 Hz<\/li>\n<li>Sensibilidad 2,5 mV \/ Pa<\/li>\n<li>Impedancia el\u00e9ctrica 600 ohmios<\/li>\n<li>Impedancia de carga recomendada 2000 ohmios<\/li>\n<li>Patr\u00f3n polar cardioide<\/li>\n<li>Salida de audio<\/li>\n<li>Tipo XLR balanceado<\/li>\n<li>G\u00e9nero Macho<\/li>\n<li>Contactos de 3 pines<\/li>\n<li>Dise\u00f1o<\/li>\n<li>Cuerpo de metal<\/li>\n<li>Acabado negro<\/li>\n<li>Dimensiones y peso<\/li>\n<li>Longitud 190 mm<\/li>\n<li>51 mm de di\u00e1metro<\/li>\n<li>Peso neto 320 g<\/li>\n<\/ul>\n<\/div>\n<\/div>\n<div id=\"tab-additional_information\" class=\"mf-Tabs-panel mf-Tabs-panel--additional_information panel entry-content\" role=\"tabpanel\" aria-labelledby=\"tab-title-additional_information\">\n<h3 class=\"tab-title\">Especificaciones<\/h3>\n<div class=\"tab-content-wrapper\">\n<table class=\"woocommerce-product-attributes shop_attributes\">\n<tbody>\n<tr class=\"woocommerce-product-attributes-item woocommerce-product-attributes-item--weight\">\n<th class=\"woocommerce-product-attributes-item__label\">Peso<\/th>\n<td class=\"woocommerce-product-attributes-item__value\">0.32 kg<\/td>\n<\/tr>\n<tr class=\"woocommerce-product-attributes-item woocommerce-product-attributes-item--dimensions\">\n<th class=\"woocommerce-product-attributes-item__label\">Dimensiones<\/th>\n<td class=\"woocommerce-product-attributes-item__value\">5.1 \u00d7 19.0 cm<\/td>\n<\/tr>\n<tr class=\"woocommerce-product-attributes-item woocommerce-product-attributes-item--attribute_pa_marca\">\n<th class=\"woocommerce-product-attributes-item__label\">Marca<\/th>\n<td class=\"woocommerce-product-attributes-item__value\"><a href=\"https:\/\/audioluces.com\/marca\/akg\/\" rel=\"tag\">AKG<\/a><\/td>\n<\/tr>\n<tr class=\"woocommerce-product-attributes-item woocommerce-product-attributes-item--attribute_pa_garantia\">\n<th class=\"woocommerce-product-attributes-item__label\">Garant\u00eda<\/th>\n<td class=\"woocommerce-product-attributes-item__value\">6 meses<\/td>\n<\/tr>\n<tr class=\"woocommerce-product-attributes-item woocommerce-product-attributes-item--attribute_pa_patron-polar\">\n<th class=\"woocommerce-product-attributes-item__label\">Patron Polar<\/th>\n<td class=\"woocommerce-product-attributes-item__value\">Cardioide<\/td>\n<\/tr>\n<\/tbody>\n<\/table>\n<\/div>\n<\/div>\n","protected":false},"excerpt":{"rendered":"<p>Para acompa\u00f1ar voces y guitarra El Perception P3S es un micr\u00f3fono din\u00e1mico de alto rendimiento ideal para el acompa\u00f1amiento vocal y la guitarra. Su patr\u00f3n polar cardioide recoge el sonido<\/p>\n","protected":false},"featured_media":5529,"comment_status":"open","ping_status":"closed","template":"","meta":{"_acf_changed":false},"product_brand":[],"product_cat":[266,253,231],"product_tag":[],"class_list":{"0":"post-5528","1":"product","2":"type-product","3":"status-publish","4":"has-post-thumbnail","6":"product_cat-akg","7":"product_cat-microfonos-alambricos","8":"product_cat-sonido-profesional","10":"first","11":"instock","12":"sale","13":"shipping-taxable","14":"purchasable","15":"product-type-simple","16":"add-to-wishlist-after_add_to_cart"},"acf":[],"yoast_head":"<!-- This site is optimized with the Yoast SEO plugin v26.0 - https:\/\/yoast.com\/wordpress\/plugins\/seo\/ -->\n<title>Micr\u00f3fono Vocal \/ Instrumental AKG P3S - Soluciones, Asesoria y Venta de Equipos Audiovisuales<\/title>\n<meta name=\"robots\" content=\"index, follow, max-snippet:-1, max-image-preview:large, max-video-preview:-1\" \/>\n<link rel=\"canonical\" href=\"https:\/\/rs-audiovideo.com\/index.php\/product\/microfono-vocal-instrumental-akg-p3s\/\" \/>\n<meta property=\"og:locale\" content=\"en_US\" \/>\n<meta property=\"og:type\" content=\"article\" \/>\n<meta property=\"og:title\" content=\"Micr\u00f3fono Vocal \/ Instrumental AKG P3S - Soluciones, Asesoria y Venta de Equipos Audiovisuales\" \/>\n<meta property=\"og:description\" content=\"Para acompa\u00f1ar voces y guitarra El Perception P3S es un micr\u00f3fono din\u00e1mico de alto rendimiento ideal para el acompa\u00f1amiento vocal y la guitarra. Su patr\u00f3n polar cardioide recoge el sonido\" \/>\n<meta property=\"og:url\" content=\"https:\/\/rs-audiovideo.com\/index.php\/product\/microfono-vocal-instrumental-akg-p3s\/\" \/>\n<meta property=\"og:site_name\" content=\"Soluciones, Asesoria y Venta de Equipos Audiovisuales\" \/>\n<meta property=\"article:modified_time\" content=\"2024-06-16T03:13:12+00:00\" \/>\n<meta property=\"og:image\" content=\"https:\/\/rs-audiovideo.com\/wp-content\/uploads\/2024\/06\/P3S-1.jpg\" \/>\n\t<meta property=\"og:image:width\" content=\"1200\" \/>\n\t<meta property=\"og:image:height\" content=\"1200\" \/>\n\t<meta property=\"og:image:type\" content=\"image\/jpeg\" \/>\n<meta name=\"twitter:card\" content=\"summary_large_image\" \/>\n<meta name=\"twitter:label1\" content=\"Est. reading time\" \/>\n\t<meta name=\"twitter:data1\" content=\"1 minute\" \/>\n<script type=\"application\/ld+json\" class=\"yoast-schema-graph\">{\"@context\":\"https:\/\/schema.org\",\"@graph\":[{\"@type\":\"WebPage\",\"@id\":\"https:\/\/rs-audiovideo.com\/index.php\/product\/microfono-vocal-instrumental-akg-p3s\/\",\"url\":\"https:\/\/rs-audiovideo.com\/index.php\/product\/microfono-vocal-instrumental-akg-p3s\/\",\"name\":\"Micr\u00f3fono Vocal \/ Instrumental AKG P3S - Soluciones, Asesoria y Venta de Equipos Audiovisuales\",\"isPartOf\":{\"@id\":\"https:\/\/rs-audiovideo.com\/#website\"},\"primaryImageOfPage\":{\"@id\":\"https:\/\/rs-audiovideo.com\/index.php\/product\/microfono-vocal-instrumental-akg-p3s\/#primaryimage\"},\"image\":{\"@id\":\"https:\/\/rs-audiovideo.com\/index.php\/product\/microfono-vocal-instrumental-akg-p3s\/#primaryimage\"},\"thumbnailUrl\":\"https:\/\/rs-audiovideo.com\/wp-content\/uploads\/2024\/06\/P3S-1.jpg\",\"datePublished\":\"2024-06-13T18:21:54+00:00\",\"dateModified\":\"2024-06-16T03:13:12+00:00\",\"breadcrumb\":{\"@id\":\"https:\/\/rs-audiovideo.com\/index.php\/product\/microfono-vocal-instrumental-akg-p3s\/#breadcrumb\"},\"inLanguage\":\"en-US\",\"potentialAction\":[{\"@type\":\"ReadAction\",\"target\":[\"https:\/\/rs-audiovideo.com\/index.php\/product\/microfono-vocal-instrumental-akg-p3s\/\"]}]},{\"@type\":\"ImageObject\",\"inLanguage\":\"en-US\",\"@id\":\"https:\/\/rs-audiovideo.com\/index.php\/product\/microfono-vocal-instrumental-akg-p3s\/#primaryimage\",\"url\":\"https:\/\/rs-audiovideo.com\/wp-content\/uploads\/2024\/06\/P3S-1.jpg\",\"contentUrl\":\"https:\/\/rs-audiovideo.com\/wp-content\/uploads\/2024\/06\/P3S-1.jpg\",\"width\":1200,\"height\":1200},{\"@type\":\"BreadcrumbList\",\"@id\":\"https:\/\/rs-audiovideo.com\/index.php\/product\/microfono-vocal-instrumental-akg-p3s\/#breadcrumb\",\"itemListElement\":[{\"@type\":\"ListItem\",\"position\":1,\"name\":\"Home\",\"item\":\"https:\/\/rs-audiovideo.com\/\"},{\"@type\":\"ListItem\",\"position\":2,\"name\":\"Shop\",\"item\":\"https:\/\/rs-audiovideo.com\/index.php\/shop-2\/\"},{\"@type\":\"ListItem\",\"position\":3,\"name\":\"Micr\u00f3fono Vocal \/ Instrumental AKG P3S\"}]},{\"@type\":\"WebSite\",\"@id\":\"https:\/\/rs-audiovideo.com\/#website\",\"url\":\"https:\/\/rs-audiovideo.com\/\",\"name\":\"Soluciones, Asesoria y Venta de Equipos Audiovisuales\",\"description\":\"\",\"publisher\":{\"@id\":\"https:\/\/rs-audiovideo.com\/#organization\"},\"potentialAction\":[{\"@type\":\"SearchAction\",\"target\":{\"@type\":\"EntryPoint\",\"urlTemplate\":\"https:\/\/rs-audiovideo.com\/?s={search_term_string}\"},\"query-input\":{\"@type\":\"PropertyValueSpecification\",\"valueRequired\":true,\"valueName\":\"search_term_string\"}}],\"inLanguage\":\"en-US\"},{\"@type\":\"Organization\",\"@id\":\"https:\/\/rs-audiovideo.com\/#organization\",\"name\":\"Soluciones, Asesoria y Venta de Equipos Audiovisuales\",\"url\":\"https:\/\/rs-audiovideo.com\/\",\"logo\":{\"@type\":\"ImageObject\",\"inLanguage\":\"en-US\",\"@id\":\"https:\/\/rs-audiovideo.com\/#\/schema\/logo\/image\/\",\"url\":\"https:\/\/rs-audiovideo.com\/wp-content\/uploads\/2024\/06\/cropped-logointro.png\",\"contentUrl\":\"https:\/\/rs-audiovideo.com\/wp-content\/uploads\/2024\/06\/cropped-logointro.png\",\"width\":579,\"height\":127,\"caption\":\"Soluciones, Asesoria y Venta de Equipos Audiovisuales\"},\"image\":{\"@id\":\"https:\/\/rs-audiovideo.com\/#\/schema\/logo\/image\/\"}}]}<\/script>\n<!-- \/ Yoast SEO plugin. -->","yoast_head_json":{"title":"Micr\u00f3fono Vocal \/ Instrumental AKG P3S - Soluciones, Asesoria y Venta de Equipos Audiovisuales","robots":{"index":"index","follow":"follow","max-snippet":"max-snippet:-1","max-image-preview":"max-image-preview:large","max-video-preview":"max-video-preview:-1"},"canonical":"https:\/\/rs-audiovideo.com\/index.php\/product\/microfono-vocal-instrumental-akg-p3s\/","og_locale":"en_US","og_type":"article","og_title":"Micr\u00f3fono Vocal \/ Instrumental AKG P3S - Soluciones, Asesoria y Venta de Equipos Audiovisuales","og_description":"Para acompa\u00f1ar voces y guitarra El Perception P3S es un micr\u00f3fono din\u00e1mico de alto rendimiento ideal para el acompa\u00f1amiento vocal y la guitarra. Su patr\u00f3n polar cardioide recoge el sonido","og_url":"https:\/\/rs-audiovideo.com\/index.php\/product\/microfono-vocal-instrumental-akg-p3s\/","og_site_name":"Soluciones, Asesoria y Venta de Equipos Audiovisuales","article_modified_time":"2024-06-16T03:13:12+00:00","og_image":[{"width":1200,"height":1200,"url":"https:\/\/rs-audiovideo.com\/wp-content\/uploads\/2024\/06\/P3S-1.jpg","type":"image\/jpeg"}],"twitter_card":"summary_large_image","twitter_misc":{"Est. reading time":"1 minute"},"schema":{"@context":"https:\/\/schema.org","@graph":[{"@type":"WebPage","@id":"https:\/\/rs-audiovideo.com\/index.php\/product\/microfono-vocal-instrumental-akg-p3s\/","url":"https:\/\/rs-audiovideo.com\/index.php\/product\/microfono-vocal-instrumental-akg-p3s\/","name":"Micr\u00f3fono Vocal \/ Instrumental AKG P3S - Soluciones, Asesoria y Venta de Equipos Audiovisuales","isPartOf":{"@id":"https:\/\/rs-audiovideo.com\/#website"},"primaryImageOfPage":{"@id":"https:\/\/rs-audiovideo.com\/index.php\/product\/microfono-vocal-instrumental-akg-p3s\/#primaryimage"},"image":{"@id":"https:\/\/rs-audiovideo.com\/index.php\/product\/microfono-vocal-instrumental-akg-p3s\/#primaryimage"},"thumbnailUrl":"https:\/\/rs-audiovideo.com\/wp-content\/uploads\/2024\/06\/P3S-1.jpg","datePublished":"2024-06-13T18:21:54+00:00","dateModified":"2024-06-16T03:13:12+00:00","breadcrumb":{"@id":"https:\/\/rs-audiovideo.com\/index.php\/product\/microfono-vocal-instrumental-akg-p3s\/#breadcrumb"},"inLanguage":"en-US","potentialAction":[{"@type":"ReadAction","target":["https:\/\/rs-audiovideo.com\/index.php\/product\/microfono-vocal-instrumental-akg-p3s\/"]}]},{"@type":"ImageObject","inLanguage":"en-US","@id":"https:\/\/rs-audiovideo.com\/index.php\/product\/microfono-vocal-instrumental-akg-p3s\/#primaryimage","url":"https:\/\/rs-audiovideo.com\/wp-content\/uploads\/2024\/06\/P3S-1.jpg","contentUrl":"https:\/\/rs-audiovideo.com\/wp-content\/uploads\/2024\/06\/P3S-1.jpg","width":1200,"height":1200},{"@type":"BreadcrumbList","@id":"https:\/\/rs-audiovideo.com\/index.php\/product\/microfono-vocal-instrumental-akg-p3s\/#breadcrumb","itemListElement":[{"@type":"ListItem","position":1,"name":"Home","item":"https:\/\/rs-audiovideo.com\/"},{"@type":"ListItem","position":2,"name":"Shop","item":"https:\/\/rs-audiovideo.com\/index.php\/shop-2\/"},{"@type":"ListItem","position":3,"name":"Micr\u00f3fono Vocal \/ Instrumental AKG P3S"}]},{"@type":"WebSite","@id":"https:\/\/rs-audiovideo.com\/#website","url":"https:\/\/rs-audiovideo.com\/","name":"Soluciones, Asesoria y Venta de Equipos Audiovisuales","description":"","publisher":{"@id":"https:\/\/rs-audiovideo.com\/#organization"},"potentialAction":[{"@type":"SearchAction","target":{"@type":"EntryPoint","urlTemplate":"https:\/\/rs-audiovideo.com\/?s={search_term_string}"},"query-input":{"@type":"PropertyValueSpecification","valueRequired":true,"valueName":"search_term_string"}}],"inLanguage":"en-US"},{"@type":"Organization","@id":"https:\/\/rs-audiovideo.com\/#organization","name":"Soluciones, Asesoria y Venta de Equipos Audiovisuales","url":"https:\/\/rs-audiovideo.com\/","logo":{"@type":"ImageObject","inLanguage":"en-US","@id":"https:\/\/rs-audiovideo.com\/#\/schema\/logo\/image\/","url":"https:\/\/rs-audiovideo.com\/wp-content\/uploads\/2024\/06\/cropped-logointro.png","contentUrl":"https:\/\/rs-audiovideo.com\/wp-content\/uploads\/2024\/06\/cropped-logointro.png","width":579,"height":127,"caption":"Soluciones, Asesoria y Venta de Equipos Audiovisuales"},"image":{"@id":"https:\/\/rs-audiovideo.com\/#\/schema\/logo\/image\/"}}]}},"_links":{"self":[{"href":"https:\/\/rs-audiovideo.com\/index.php\/wp-json\/wp\/v2\/product\/5528","targetHints":{"allow":["GET"]}}],"collection":[{"href":"https:\/\/rs-audiovideo.com\/index.php\/wp-json\/wp\/v2\/product"}],"about":[{"href":"https:\/\/rs-audiovideo.com\/index.php\/wp-json\/wp\/v2\/types\/product"}],"replies":[{"embeddable":true,"href":"https:\/\/rs-audiovideo.com\/index.php\/wp-json\/wp\/v2\/comments?post=5528"}],"wp:featuredmedia":[{"embeddable":true,"href":"https:\/\/rs-audiovideo.com\/index.php\/wp-json\/wp\/v2\/media\/5529"}],"wp:attachment":[{"href":"https:\/\/rs-audiovideo.com\/index.php\/wp-json\/wp\/v2\/media?parent=5528"}],"wp:term":[{"taxonomy":"product_brand","embeddable":true,"href":"https:\/\/rs-audiovideo.com\/index.php\/wp-json\/wp\/v2\/product_brand?post=5528"},{"taxonomy":"product_cat","embeddable":true,"href":"https:\/\/rs-audiovideo.com\/index.php\/wp-json\/wp\/v2\/product_cat?post=5528"},{"taxonomy":"product_tag","embeddable":true,"href":"https:\/\/rs-audiovideo.com\/index.php\/wp-json\/wp\/v2\/product_tag?post=5528"}],"curies":[{"name":"wp","href":"https:\/\/api.w.org\/{rel}","templated":true}]}}