{"id":5535,"date":"2024-06-13T18:26:39","date_gmt":"2024-06-13T18:26:39","guid":{"rendered":"https:\/\/rs-audiovideo.com\/?post_type=product&#038;p=5535"},"modified":"2025-08-01T17:04:49","modified_gmt":"2025-08-01T17:04:49","slug":"dbx-djdi-caja-directa-pasiva-2ch","status":"publish","type":"product","link":"https:\/\/rs-audiovideo.com\/index.php\/product\/dbx-djdi-caja-directa-pasiva-2ch\/","title":{"rendered":"DBX DJDI Caja directa pasiva 2Ch"},"content":{"rendered":"<div id=\"tab-description\" class=\"mf-Tabs-panel mf-Tabs-panel--description panel entry-content\" role=\"tabpanel\" aria-labelledby=\"tab-title-description\">\n<div class=\"tab-content-wrapper\">\n<h3>Caja directa pasiva DBX DJDI<\/h3>\n<p>El DJdi pasivo de 2 canales est\u00e1 dise\u00f1ado para usarse como una herramienta est\u00e1ndar para muchas aplicaciones de audio. Al ofrecer dos canales, el DJdi resuelve f\u00e1cilmente el problema de convertir se\u00f1ales no balanceadas en una salida balanceada adecuada para su uso con\u00a0<a href=\"https:\/\/audioluces.com\/producto\/mezcladora-soundcraft-signature-22-16mic-4st-usb\/\">mezcladores<\/a>, PA, consolas de grabaci\u00f3n y m\u00e1s. El atenuador de se\u00f1al de entrada continuamente variable puede acomodar una amplia gama de niveles de se\u00f1al y su dise\u00f1o pasivo significa un funcionamiento limpio, silencioso y sin color sin necesidad de energ\u00eda.<\/p>\n<p><strong>Caracter\u00edsticas<\/strong><\/p>\n<ul>\n<li>Doble canal<\/li>\n<li>(2) Entradas TS de 1\/4 \u201d50k Ohm<\/li>\n<li>(2) Entradas \/ Salidas XLR de 600 ohmios aisladas por transformador<\/li>\n<li>Dise\u00f1o de circuito pasivo<\/li>\n<li>Atenuador de entrada continuamente variable<\/li>\n<li>Interruptor de elevaci\u00f3n de tierra<\/li>\n<\/ul>\n<h3>\u00bfPara que sirve una caja directa?<\/h3>\n<p><strong>Primero<\/strong>, una caja directa convierte la se\u00f1al de audio que se origina en un dispositivo no balanceado (como una guitarra) en una se\u00f1al de audio balanceada para transmisi\u00f3n a una distancia mayor de la recomendada para que viaje una se\u00f1al desequilibrada. Como sabe la gente de la industria del audio,<br \/>\nla ventaja de una se\u00f1al balanceada se realiza en el extremo de recepci\u00f3n (entrada de audio) del cable balanceado, t\u00edpicamente en forma de un entrada de preamplificador de micr\u00f3fono en una mesa de mezclas. El circuito de pre-entrada de micr\u00f3fono consta de un \u201camplificador diferencial\u201d cuyo trabajo es<br \/>\n\u201cAceptar\u201d la porci\u00f3n de audio de la se\u00f1al de entrada y \u201crechazar\u201d la porci\u00f3n de ruido de la se\u00f1al. La porci\u00f3n de ruido pasa a ser aproximadamente equivalente en (o \u201ccom\u00fan a\u201d) los conductores balanceados \u201c+\u201d y \u201c-\u201d en el cable del micr\u00f3fono, ya que los campos electromagn\u00e9ticos externos se inducen en ambos conductores de una manera m\u00e1s o menos similar. Dado que los conductores siempre est\u00e1n en una configuraci\u00f3n de \u201cpar trenzado\u201d, ellos \u201cven\u201d el mismo campo de ruido. Por lo tanto, esto se conoce como \u201cruido de modo com\u00fan\u201d. Otro tipo de ruido de modo com\u00fan algo uniformemente inducido en ambos conductores se debe a la f\u00edsica inherente de conectar dos equipos juntos y la flujo resultante de electrones debido a los voltajes de ruido presentes en cada equipo. La capacidad de una entrada balanceada para rechazar el ruido de modo com\u00fan se mide en dB y se denomina \u201c\u00edndice de rechazo de modo com\u00fan\u201d o CMRR.<\/p>\n<p><strong>La segunda funci\u00f3n de una caja directa<\/strong>\u00a0es convertir una salida de alta impedancia, en un instrumento como una guitarra el\u00e9ctrica con pastillas pasivas, por ejemplo, a una salida de baja impedancia. Un cable impulsado por una salida de alta impedancia es m\u00e1s susceptible a la p\u00e9rdida de se\u00f1al y la captaci\u00f3n de ruido que un cable impulsado por una salida de baja impedancia. Por lo tanto, el uso de una caja directa como DBX DJDI mejora nuevamente, para un diferente raz\u00f3n, la capacidad de correr distancias m\u00e1s largas debido a la conversi\u00f3n de impedancia de alta a baja impedancia.<\/p>\n<p><strong>En tercer lugar<\/strong>, en el coraz\u00f3n de la caja directa\u00a0<strong>DBX DJDI<\/strong>\u00a0hay un transformador de aislamiento que permite un aislamiento \u201cgalv\u00e1nico\u201d completo, si se desea, entre los equipo enchufado en cualquier extremo. Esto elimina el zumbido y el zumbido presentes en el sistema debido a los bucles de tierra<\/p>\n<p><strong>Especificaciones<\/strong><\/p>\n<ul>\n<li>Circuito pasivo<\/li>\n<li>Entradas 2<\/li>\n<li>Conectores de entrada TS de 1\/4 \u201d(punta caliente, manguito a tierra)<\/li>\n<li>Tipo de entrada no balanceada, RF filtrada<\/li>\n<li>Impedancia de entrada 50 kOhm<\/li>\n<li>Salidas 2<\/li>\n<li>Conectores de salida XLR macho, balanceado, pin 2 activo<\/li>\n<li>Impedancia de salida 600 ohmios<\/li>\n<li>Nivel de ruido -104dBu (22Hz -22kHz, entrada en corto)<\/li>\n<li>THD + N (10Hz-22kHz) 0.23% t\u00edpico @ + 4dBu @ 1kHz<\/li>\n<li>P\u00e9rdida de inserci\u00f3n 21dB t\u00edpica<\/li>\n<\/ul>\n<\/div>\n<\/div>\n<div id=\"tab-additional_information\" class=\"mf-Tabs-panel mf-Tabs-panel--additional_information panel entry-content\" role=\"tabpanel\" aria-labelledby=\"tab-title-additional_information\">\n<h3 class=\"tab-title\">Especificaciones<\/h3>\n<div class=\"tab-content-wrapper\">\n<table class=\"woocommerce-product-attributes shop_attributes\">\n<tbody>\n<tr class=\"woocommerce-product-attributes-item woocommerce-product-attributes-item--weight\">\n<th class=\"woocommerce-product-attributes-item__label\">Peso<\/th>\n<td class=\"woocommerce-product-attributes-item__value\">0.5 kg<\/td>\n<\/tr>\n<tr class=\"woocommerce-product-attributes-item woocommerce-product-attributes-item--dimensions\">\n<th class=\"woocommerce-product-attributes-item__label\">Dimensiones<\/th>\n<td class=\"woocommerce-product-attributes-item__value\">11.9 \u00d7 13.9 \u00d7 3.9 cm<\/td>\n<\/tr>\n<tr class=\"woocommerce-product-attributes-item woocommerce-product-attributes-item--attribute_pa_garantia\">\n<th class=\"woocommerce-product-attributes-item__label\">Garant\u00eda<\/th>\n<td class=\"woocommerce-product-attributes-item__value\">6 meses<\/td>\n<\/tr>\n<\/tbody>\n<\/table>\n<\/div>\n<\/div>\n","protected":false},"excerpt":{"rendered":"<p>Caja directa pasiva DBX DJDI El DJdi pasivo de 2 canales est\u00e1 dise\u00f1ado para usarse como una herramienta est\u00e1ndar para muchas aplicaciones de audio. Al ofrecer dos canales, el DJdi<\/p>\n","protected":false},"featured_media":5536,"comment_status":"open","ping_status":"closed","template":"","meta":{"_acf_changed":false},"product_brand":[],"product_cat":[248,264,231],"product_tag":[],"class_list":{"0":"post-5535","1":"product","2":"type-product","3":"status-publish","4":"has-post-thumbnail","6":"product_cat-cajas-directas","7":"product_cat-dbx","8":"product_cat-sonido-profesional","10":"first","11":"instock","12":"shipping-taxable","13":"purchasable","14":"product-type-simple","15":"add-to-wishlist-after_add_to_cart"},"acf":[],"yoast_head":"<!-- This site is optimized with the Yoast SEO plugin v26.0 - https:\/\/yoast.com\/wordpress\/plugins\/seo\/ -->\n<title>DBX DJDI Caja directa pasiva 2Ch - Soluciones, Asesoria y Venta de Equipos Audiovisuales<\/title>\n<meta name=\"robots\" content=\"index, follow, max-snippet:-1, max-image-preview:large, max-video-preview:-1\" \/>\n<link rel=\"canonical\" href=\"https:\/\/rs-audiovideo.com\/index.php\/product\/dbx-djdi-caja-directa-pasiva-2ch\/\" \/>\n<meta property=\"og:locale\" content=\"en_US\" \/>\n<meta property=\"og:type\" content=\"article\" \/>\n<meta property=\"og:title\" content=\"DBX DJDI Caja directa pasiva 2Ch - Soluciones, Asesoria y Venta de Equipos Audiovisuales\" \/>\n<meta property=\"og:description\" content=\"Caja directa pasiva DBX DJDI El DJdi pasivo de 2 canales est\u00e1 dise\u00f1ado para usarse como una herramienta est\u00e1ndar para muchas aplicaciones de audio. Al ofrecer dos canales, el DJdi\" \/>\n<meta property=\"og:url\" content=\"https:\/\/rs-audiovideo.com\/index.php\/product\/dbx-djdi-caja-directa-pasiva-2ch\/\" \/>\n<meta property=\"og:site_name\" content=\"Soluciones, Asesoria y Venta de Equipos Audiovisuales\" \/>\n<meta property=\"article:modified_time\" content=\"2025-08-01T17:04:49+00:00\" \/>\n<meta property=\"og:image\" content=\"https:\/\/rs-audiovideo.com\/wp-content\/uploads\/2024\/06\/caja-directa-dbx-djdi-4.jpg\" \/>\n\t<meta property=\"og:image:width\" content=\"1080\" \/>\n\t<meta property=\"og:image:height\" content=\"1080\" \/>\n\t<meta property=\"og:image:type\" content=\"image\/jpeg\" \/>\n<meta name=\"twitter:card\" content=\"summary_large_image\" \/>\n<meta name=\"twitter:label1\" content=\"Est. reading time\" \/>\n\t<meta name=\"twitter:data1\" content=\"3 minutes\" \/>\n<script type=\"application\/ld+json\" class=\"yoast-schema-graph\">{\"@context\":\"https:\/\/schema.org\",\"@graph\":[{\"@type\":\"WebPage\",\"@id\":\"https:\/\/rs-audiovideo.com\/index.php\/product\/dbx-djdi-caja-directa-pasiva-2ch\/\",\"url\":\"https:\/\/rs-audiovideo.com\/index.php\/product\/dbx-djdi-caja-directa-pasiva-2ch\/\",\"name\":\"DBX DJDI Caja directa pasiva 2Ch - Soluciones, Asesoria y Venta de Equipos Audiovisuales\",\"isPartOf\":{\"@id\":\"https:\/\/rs-audiovideo.com\/#website\"},\"primaryImageOfPage\":{\"@id\":\"https:\/\/rs-audiovideo.com\/index.php\/product\/dbx-djdi-caja-directa-pasiva-2ch\/#primaryimage\"},\"image\":{\"@id\":\"https:\/\/rs-audiovideo.com\/index.php\/product\/dbx-djdi-caja-directa-pasiva-2ch\/#primaryimage\"},\"thumbnailUrl\":\"https:\/\/rs-audiovideo.com\/wp-content\/uploads\/2024\/06\/caja-directa-dbx-djdi-4.jpg\",\"datePublished\":\"2024-06-13T18:26:39+00:00\",\"dateModified\":\"2025-08-01T17:04:49+00:00\",\"breadcrumb\":{\"@id\":\"https:\/\/rs-audiovideo.com\/index.php\/product\/dbx-djdi-caja-directa-pasiva-2ch\/#breadcrumb\"},\"inLanguage\":\"en-US\",\"potentialAction\":[{\"@type\":\"ReadAction\",\"target\":[\"https:\/\/rs-audiovideo.com\/index.php\/product\/dbx-djdi-caja-directa-pasiva-2ch\/\"]}]},{\"@type\":\"ImageObject\",\"inLanguage\":\"en-US\",\"@id\":\"https:\/\/rs-audiovideo.com\/index.php\/product\/dbx-djdi-caja-directa-pasiva-2ch\/#primaryimage\",\"url\":\"https:\/\/rs-audiovideo.com\/wp-content\/uploads\/2024\/06\/caja-directa-dbx-djdi-4.jpg\",\"contentUrl\":\"https:\/\/rs-audiovideo.com\/wp-content\/uploads\/2024\/06\/caja-directa-dbx-djdi-4.jpg\",\"width\":1080,\"height\":1080},{\"@type\":\"BreadcrumbList\",\"@id\":\"https:\/\/rs-audiovideo.com\/index.php\/product\/dbx-djdi-caja-directa-pasiva-2ch\/#breadcrumb\",\"itemListElement\":[{\"@type\":\"ListItem\",\"position\":1,\"name\":\"Home\",\"item\":\"https:\/\/rs-audiovideo.com\/\"},{\"@type\":\"ListItem\",\"position\":2,\"name\":\"Shop\",\"item\":\"https:\/\/rs-audiovideo.com\/index.php\/shop-2\/\"},{\"@type\":\"ListItem\",\"position\":3,\"name\":\"DBX DJDI Caja directa pasiva 2Ch\"}]},{\"@type\":\"WebSite\",\"@id\":\"https:\/\/rs-audiovideo.com\/#website\",\"url\":\"https:\/\/rs-audiovideo.com\/\",\"name\":\"Soluciones, Asesoria y Venta de Equipos Audiovisuales\",\"description\":\"\",\"publisher\":{\"@id\":\"https:\/\/rs-audiovideo.com\/#organization\"},\"potentialAction\":[{\"@type\":\"SearchAction\",\"target\":{\"@type\":\"EntryPoint\",\"urlTemplate\":\"https:\/\/rs-audiovideo.com\/?s={search_term_string}\"},\"query-input\":{\"@type\":\"PropertyValueSpecification\",\"valueRequired\":true,\"valueName\":\"search_term_string\"}}],\"inLanguage\":\"en-US\"},{\"@type\":\"Organization\",\"@id\":\"https:\/\/rs-audiovideo.com\/#organization\",\"name\":\"Soluciones, Asesoria y Venta de Equipos Audiovisuales\",\"url\":\"https:\/\/rs-audiovideo.com\/\",\"logo\":{\"@type\":\"ImageObject\",\"inLanguage\":\"en-US\",\"@id\":\"https:\/\/rs-audiovideo.com\/#\/schema\/logo\/image\/\",\"url\":\"https:\/\/rs-audiovideo.com\/wp-content\/uploads\/2024\/06\/cropped-logointro.png\",\"contentUrl\":\"https:\/\/rs-audiovideo.com\/wp-content\/uploads\/2024\/06\/cropped-logointro.png\",\"width\":579,\"height\":127,\"caption\":\"Soluciones, Asesoria y Venta de Equipos Audiovisuales\"},\"image\":{\"@id\":\"https:\/\/rs-audiovideo.com\/#\/schema\/logo\/image\/\"}}]}<\/script>\n<!-- \/ Yoast SEO plugin. -->","yoast_head_json":{"title":"DBX DJDI Caja directa pasiva 2Ch - Soluciones, Asesoria y Venta de Equipos Audiovisuales","robots":{"index":"index","follow":"follow","max-snippet":"max-snippet:-1","max-image-preview":"max-image-preview:large","max-video-preview":"max-video-preview:-1"},"canonical":"https:\/\/rs-audiovideo.com\/index.php\/product\/dbx-djdi-caja-directa-pasiva-2ch\/","og_locale":"en_US","og_type":"article","og_title":"DBX DJDI Caja directa pasiva 2Ch - Soluciones, Asesoria y Venta de Equipos Audiovisuales","og_description":"Caja directa pasiva DBX DJDI El DJdi pasivo de 2 canales est\u00e1 dise\u00f1ado para usarse como una herramienta est\u00e1ndar para muchas aplicaciones de audio. Al ofrecer dos canales, el DJdi","og_url":"https:\/\/rs-audiovideo.com\/index.php\/product\/dbx-djdi-caja-directa-pasiva-2ch\/","og_site_name":"Soluciones, Asesoria y Venta de Equipos Audiovisuales","article_modified_time":"2025-08-01T17:04:49+00:00","og_image":[{"width":1080,"height":1080,"url":"https:\/\/rs-audiovideo.com\/wp-content\/uploads\/2024\/06\/caja-directa-dbx-djdi-4.jpg","type":"image\/jpeg"}],"twitter_card":"summary_large_image","twitter_misc":{"Est. reading time":"3 minutes"},"schema":{"@context":"https:\/\/schema.org","@graph":[{"@type":"WebPage","@id":"https:\/\/rs-audiovideo.com\/index.php\/product\/dbx-djdi-caja-directa-pasiva-2ch\/","url":"https:\/\/rs-audiovideo.com\/index.php\/product\/dbx-djdi-caja-directa-pasiva-2ch\/","name":"DBX DJDI Caja directa pasiva 2Ch - Soluciones, Asesoria y Venta de Equipos Audiovisuales","isPartOf":{"@id":"https:\/\/rs-audiovideo.com\/#website"},"primaryImageOfPage":{"@id":"https:\/\/rs-audiovideo.com\/index.php\/product\/dbx-djdi-caja-directa-pasiva-2ch\/#primaryimage"},"image":{"@id":"https:\/\/rs-audiovideo.com\/index.php\/product\/dbx-djdi-caja-directa-pasiva-2ch\/#primaryimage"},"thumbnailUrl":"https:\/\/rs-audiovideo.com\/wp-content\/uploads\/2024\/06\/caja-directa-dbx-djdi-4.jpg","datePublished":"2024-06-13T18:26:39+00:00","dateModified":"2025-08-01T17:04:49+00:00","breadcrumb":{"@id":"https:\/\/rs-audiovideo.com\/index.php\/product\/dbx-djdi-caja-directa-pasiva-2ch\/#breadcrumb"},"inLanguage":"en-US","potentialAction":[{"@type":"ReadAction","target":["https:\/\/rs-audiovideo.com\/index.php\/product\/dbx-djdi-caja-directa-pasiva-2ch\/"]}]},{"@type":"ImageObject","inLanguage":"en-US","@id":"https:\/\/rs-audiovideo.com\/index.php\/product\/dbx-djdi-caja-directa-pasiva-2ch\/#primaryimage","url":"https:\/\/rs-audiovideo.com\/wp-content\/uploads\/2024\/06\/caja-directa-dbx-djdi-4.jpg","contentUrl":"https:\/\/rs-audiovideo.com\/wp-content\/uploads\/2024\/06\/caja-directa-dbx-djdi-4.jpg","width":1080,"height":1080},{"@type":"BreadcrumbList","@id":"https:\/\/rs-audiovideo.com\/index.php\/product\/dbx-djdi-caja-directa-pasiva-2ch\/#breadcrumb","itemListElement":[{"@type":"ListItem","position":1,"name":"Home","item":"https:\/\/rs-audiovideo.com\/"},{"@type":"ListItem","position":2,"name":"Shop","item":"https:\/\/rs-audiovideo.com\/index.php\/shop-2\/"},{"@type":"ListItem","position":3,"name":"DBX DJDI Caja directa pasiva 2Ch"}]},{"@type":"WebSite","@id":"https:\/\/rs-audiovideo.com\/#website","url":"https:\/\/rs-audiovideo.com\/","name":"Soluciones, Asesoria y Venta de Equipos Audiovisuales","description":"","publisher":{"@id":"https:\/\/rs-audiovideo.com\/#organization"},"potentialAction":[{"@type":"SearchAction","target":{"@type":"EntryPoint","urlTemplate":"https:\/\/rs-audiovideo.com\/?s={search_term_string}"},"query-input":{"@type":"PropertyValueSpecification","valueRequired":true,"valueName":"search_term_string"}}],"inLanguage":"en-US"},{"@type":"Organization","@id":"https:\/\/rs-audiovideo.com\/#organization","name":"Soluciones, Asesoria y Venta de Equipos Audiovisuales","url":"https:\/\/rs-audiovideo.com\/","logo":{"@type":"ImageObject","inLanguage":"en-US","@id":"https:\/\/rs-audiovideo.com\/#\/schema\/logo\/image\/","url":"https:\/\/rs-audiovideo.com\/wp-content\/uploads\/2024\/06\/cropped-logointro.png","contentUrl":"https:\/\/rs-audiovideo.com\/wp-content\/uploads\/2024\/06\/cropped-logointro.png","width":579,"height":127,"caption":"Soluciones, Asesoria y Venta de Equipos Audiovisuales"},"image":{"@id":"https:\/\/rs-audiovideo.com\/#\/schema\/logo\/image\/"}}]}},"_links":{"self":[{"href":"https:\/\/rs-audiovideo.com\/index.php\/wp-json\/wp\/v2\/product\/5535","targetHints":{"allow":["GET"]}}],"collection":[{"href":"https:\/\/rs-audiovideo.com\/index.php\/wp-json\/wp\/v2\/product"}],"about":[{"href":"https:\/\/rs-audiovideo.com\/index.php\/wp-json\/wp\/v2\/types\/product"}],"replies":[{"embeddable":true,"href":"https:\/\/rs-audiovideo.com\/index.php\/wp-json\/wp\/v2\/comments?post=5535"}],"wp:featuredmedia":[{"embeddable":true,"href":"https:\/\/rs-audiovideo.com\/index.php\/wp-json\/wp\/v2\/media\/5536"}],"wp:attachment":[{"href":"https:\/\/rs-audiovideo.com\/index.php\/wp-json\/wp\/v2\/media?parent=5535"}],"wp:term":[{"taxonomy":"product_brand","embeddable":true,"href":"https:\/\/rs-audiovideo.com\/index.php\/wp-json\/wp\/v2\/product_brand?post=5535"},{"taxonomy":"product_cat","embeddable":true,"href":"https:\/\/rs-audiovideo.com\/index.php\/wp-json\/wp\/v2\/product_cat?post=5535"},{"taxonomy":"product_tag","embeddable":true,"href":"https:\/\/rs-audiovideo.com\/index.php\/wp-json\/wp\/v2\/product_tag?post=5535"}],"curies":[{"name":"wp","href":"https:\/\/api.w.org\/{rel}","templated":true}]}}