{"id":5537,"date":"2024-06-13T18:33:05","date_gmt":"2024-06-13T18:33:05","guid":{"rendered":"https:\/\/rs-audiovideo.com\/?post_type=product&#038;p=5537"},"modified":"2024-06-21T21:49:40","modified_gmt":"2024-06-21T21:49:40","slug":"microfono-shure-sm57-lc-dinamico-instrumento","status":"publish","type":"product","link":"https:\/\/rs-audiovideo.com\/index.php\/product\/microfono-shure-sm57-lc-dinamico-instrumento\/","title":{"rendered":"MICR\u00d3FONO SHURE SM57-LC DINAMICO INSTRUMENTO"},"content":{"rendered":"<div class=\"elementor-element elementor-element-976afc4 elementor-widget elementor-widget-woocommerce-product-content\" data-id=\"976afc4\" data-element_type=\"widget\" data-widget_type=\"woocommerce-product-content.default\">\n<div class=\"elementor-widget-container\">\n<p>El golpe del caj\u00f3n. Un acorde en guitarra. El lamento de un saxof\u00f3n. Las notas potentes que provienen desde tu instrumento se conectan con el p\u00fablico a nivel visceral. Y el sonido necesita un micr\u00f3fono que pueda manejar esa fuerza. Para cada condici\u00f3n ac\u00fastica, el SM57 capta la potencia de tu ejecuci\u00f3n para que cada uno de tus fans la escuche.<\/p>\n<\/div>\n<\/div>\n<div class=\"elementor-element elementor-element-2ae060b elementor-widget elementor-widget-product-additional-information\" data-id=\"2ae060b\" data-element_type=\"widget\" data-widget_type=\"product-additional-information.default\">\n<div class=\"elementor-widget-container\">\n<div class=\"woocommerce-tabs-list entry-content\">\n<table class=\"woocommerce-product-attributes shop_attributes\">\n<tbody>\n<tr class=\"woocommerce-product-attributes-item woocommerce-product-attributes-item--weight\">\n<th class=\"woocommerce-product-attributes-item__label\">PESO<\/th>\n<td class=\"woocommerce-product-attributes-item__value\">1 kg<\/td>\n<\/tr>\n<tr class=\"woocommerce-product-attributes-item woocommerce-product-attributes-item--dimensions\">\n<th class=\"woocommerce-product-attributes-item__label\">DIMENSIONES<\/th>\n<td class=\"woocommerce-product-attributes-item__value\">26 \u00d7 12 \u00d7 8 cm<\/td>\n<\/tr>\n<tr class=\"woocommerce-product-attributes-item woocommerce-product-attributes-item--attribute_tipo\">\n<th class=\"woocommerce-product-attributes-item__label\">TIPO<\/th>\n<td class=\"woocommerce-product-attributes-item__value\">Din\u00e1mico (bobina m\u00f3vil)<\/td>\n<\/tr>\n<tr class=\"woocommerce-product-attributes-item woocommerce-product-attributes-item--attribute_patr%c3%b3n-polar\">\n<th class=\"woocommerce-product-attributes-item__label\">PATR\u00d3N POLAR<\/th>\n<td class=\"woocommerce-product-attributes-item__value\">Cardioide<\/td>\n<\/tr>\n<tr class=\"woocommerce-product-attributes-item woocommerce-product-attributes-item--attribute_respuesta-de-frecuencia\">\n<th class=\"woocommerce-product-attributes-item__label\">RESPUESTA DE FRECUENCIA<\/th>\n<td class=\"woocommerce-product-attributes-item__value\">40 a 15, 000 Hz<\/td>\n<\/tr>\n<tr class=\"woocommerce-product-attributes-item woocommerce-product-attributes-item--attribute_impedancia-de-salida\">\n<th class=\"woocommerce-product-attributes-item__label\">IMPEDANCIA DE SALIDA<\/th>\n<td class=\"woocommerce-product-attributes-item__value\">310\u00a0\u03a9<\/td>\n<\/tr>\n<tr class=\"woocommerce-product-attributes-item woocommerce-product-attributes-item--attribute_sensibilidad\">\n<th class=\"woocommerce-product-attributes-item__label\">SENSIBILIDAD<\/th>\n<td class=\"woocommerce-product-attributes-item__value\">a 1 kHz, voltaje con circuito abierto \u201356, 0 dBV\/Pa (1, 6 mV)<\/td>\n<\/tr>\n<tr class=\"woocommerce-product-attributes-item woocommerce-product-attributes-item--attribute_conector\">\n<th class=\"woocommerce-product-attributes-item__label\">CONECTOR<\/th>\n<td class=\"woocommerce-product-attributes-item__value\">Conector de audio de tres clavijas profesional (tipo XLR), macho<\/td>\n<\/tr>\n<tr class=\"woocommerce-product-attributes-item woocommerce-product-attributes-item--attribute_peso\">\n<th class=\"woocommerce-product-attributes-item__label\">PESO<\/th>\n<td class=\"woocommerce-product-attributes-item__value\">280 g<\/td>\n<\/tr>\n<\/tbody>\n<\/table>\n<\/div>\n<\/div>\n<\/div>\n","protected":false},"excerpt":{"rendered":"<p>El golpe del caj\u00f3n. Un acorde en guitarra. El lamento de un saxof\u00f3n. Las notas potentes que provienen desde tu instrumento se conectan con el p\u00fablico a nivel visceral. Y<\/p>\n","protected":false},"featured_media":5538,"comment_status":"open","ping_status":"closed","template":"","meta":{"_acf_changed":false},"product_brand":[],"product_cat":[253,267,231],"product_tag":[],"class_list":{"0":"post-5537","1":"product","2":"type-product","3":"status-publish","4":"has-post-thumbnail","6":"product_cat-microfonos-alambricos","7":"product_cat-shure","8":"product_cat-sonido-profesional","10":"first","11":"instock","12":"shipping-taxable","13":"purchasable","14":"product-type-simple","15":"add-to-wishlist-after_add_to_cart"},"acf":[],"yoast_head":"<!-- This site is optimized with the Yoast SEO plugin v26.0 - https:\/\/yoast.com\/wordpress\/plugins\/seo\/ -->\n<title>MICR\u00d3FONO SHURE SM57-LC DINAMICO INSTRUMENTO - Soluciones, Asesoria y Venta de Equipos Audiovisuales<\/title>\n<meta name=\"robots\" content=\"index, follow, max-snippet:-1, max-image-preview:large, max-video-preview:-1\" \/>\n<link rel=\"canonical\" href=\"https:\/\/rs-audiovideo.com\/index.php\/product\/microfono-shure-sm57-lc-dinamico-instrumento\/\" \/>\n<meta property=\"og:locale\" content=\"en_US\" \/>\n<meta property=\"og:type\" content=\"article\" \/>\n<meta property=\"og:title\" content=\"MICR\u00d3FONO SHURE SM57-LC DINAMICO INSTRUMENTO - Soluciones, Asesoria y Venta de Equipos Audiovisuales\" \/>\n<meta property=\"og:description\" content=\"El golpe del caj\u00f3n. Un acorde en guitarra. El lamento de un saxof\u00f3n. Las notas potentes que provienen desde tu instrumento se conectan con el p\u00fablico a nivel visceral. Y\" \/>\n<meta property=\"og:url\" content=\"https:\/\/rs-audiovideo.com\/index.php\/product\/microfono-shure-sm57-lc-dinamico-instrumento\/\" \/>\n<meta property=\"og:site_name\" content=\"Soluciones, Asesoria y Venta de Equipos Audiovisuales\" \/>\n<meta property=\"article:modified_time\" content=\"2024-06-21T21:49:40+00:00\" \/>\n<meta property=\"og:image\" content=\"https:\/\/rs-audiovideo.com\/wp-content\/uploads\/2024\/06\/SM57.jpg\" \/>\n\t<meta property=\"og:image:width\" content=\"700\" \/>\n\t<meta property=\"og:image:height\" content=\"700\" \/>\n\t<meta property=\"og:image:type\" content=\"image\/jpeg\" \/>\n<meta name=\"twitter:card\" content=\"summary_large_image\" \/>\n<meta name=\"twitter:label1\" content=\"Est. reading time\" \/>\n\t<meta name=\"twitter:data1\" content=\"1 minute\" \/>\n<script type=\"application\/ld+json\" class=\"yoast-schema-graph\">{\"@context\":\"https:\/\/schema.org\",\"@graph\":[{\"@type\":\"WebPage\",\"@id\":\"https:\/\/rs-audiovideo.com\/index.php\/product\/microfono-shure-sm57-lc-dinamico-instrumento\/\",\"url\":\"https:\/\/rs-audiovideo.com\/index.php\/product\/microfono-shure-sm57-lc-dinamico-instrumento\/\",\"name\":\"MICR\u00d3FONO SHURE SM57-LC DINAMICO INSTRUMENTO - Soluciones, Asesoria y Venta de Equipos Audiovisuales\",\"isPartOf\":{\"@id\":\"https:\/\/rs-audiovideo.com\/#website\"},\"primaryImageOfPage\":{\"@id\":\"https:\/\/rs-audiovideo.com\/index.php\/product\/microfono-shure-sm57-lc-dinamico-instrumento\/#primaryimage\"},\"image\":{\"@id\":\"https:\/\/rs-audiovideo.com\/index.php\/product\/microfono-shure-sm57-lc-dinamico-instrumento\/#primaryimage\"},\"thumbnailUrl\":\"https:\/\/rs-audiovideo.com\/wp-content\/uploads\/2024\/06\/SM57.jpg\",\"datePublished\":\"2024-06-13T18:33:05+00:00\",\"dateModified\":\"2024-06-21T21:49:40+00:00\",\"breadcrumb\":{\"@id\":\"https:\/\/rs-audiovideo.com\/index.php\/product\/microfono-shure-sm57-lc-dinamico-instrumento\/#breadcrumb\"},\"inLanguage\":\"en-US\",\"potentialAction\":[{\"@type\":\"ReadAction\",\"target\":[\"https:\/\/rs-audiovideo.com\/index.php\/product\/microfono-shure-sm57-lc-dinamico-instrumento\/\"]}]},{\"@type\":\"ImageObject\",\"inLanguage\":\"en-US\",\"@id\":\"https:\/\/rs-audiovideo.com\/index.php\/product\/microfono-shure-sm57-lc-dinamico-instrumento\/#primaryimage\",\"url\":\"https:\/\/rs-audiovideo.com\/wp-content\/uploads\/2024\/06\/SM57.jpg\",\"contentUrl\":\"https:\/\/rs-audiovideo.com\/wp-content\/uploads\/2024\/06\/SM57.jpg\",\"width\":700,\"height\":700},{\"@type\":\"BreadcrumbList\",\"@id\":\"https:\/\/rs-audiovideo.com\/index.php\/product\/microfono-shure-sm57-lc-dinamico-instrumento\/#breadcrumb\",\"itemListElement\":[{\"@type\":\"ListItem\",\"position\":1,\"name\":\"Home\",\"item\":\"https:\/\/rs-audiovideo.com\/\"},{\"@type\":\"ListItem\",\"position\":2,\"name\":\"Shop\",\"item\":\"https:\/\/rs-audiovideo.com\/index.php\/shop-2\/\"},{\"@type\":\"ListItem\",\"position\":3,\"name\":\"MICR\u00d3FONO SHURE SM57-LC DINAMICO INSTRUMENTO\"}]},{\"@type\":\"WebSite\",\"@id\":\"https:\/\/rs-audiovideo.com\/#website\",\"url\":\"https:\/\/rs-audiovideo.com\/\",\"name\":\"Soluciones, Asesoria y Venta de Equipos Audiovisuales\",\"description\":\"\",\"publisher\":{\"@id\":\"https:\/\/rs-audiovideo.com\/#organization\"},\"potentialAction\":[{\"@type\":\"SearchAction\",\"target\":{\"@type\":\"EntryPoint\",\"urlTemplate\":\"https:\/\/rs-audiovideo.com\/?s={search_term_string}\"},\"query-input\":{\"@type\":\"PropertyValueSpecification\",\"valueRequired\":true,\"valueName\":\"search_term_string\"}}],\"inLanguage\":\"en-US\"},{\"@type\":\"Organization\",\"@id\":\"https:\/\/rs-audiovideo.com\/#organization\",\"name\":\"Soluciones, Asesoria y Venta de Equipos Audiovisuales\",\"url\":\"https:\/\/rs-audiovideo.com\/\",\"logo\":{\"@type\":\"ImageObject\",\"inLanguage\":\"en-US\",\"@id\":\"https:\/\/rs-audiovideo.com\/#\/schema\/logo\/image\/\",\"url\":\"https:\/\/rs-audiovideo.com\/wp-content\/uploads\/2024\/06\/cropped-logointro.png\",\"contentUrl\":\"https:\/\/rs-audiovideo.com\/wp-content\/uploads\/2024\/06\/cropped-logointro.png\",\"width\":579,\"height\":127,\"caption\":\"Soluciones, Asesoria y Venta de Equipos Audiovisuales\"},\"image\":{\"@id\":\"https:\/\/rs-audiovideo.com\/#\/schema\/logo\/image\/\"}}]}<\/script>\n<!-- \/ Yoast SEO plugin. -->","yoast_head_json":{"title":"MICR\u00d3FONO SHURE SM57-LC DINAMICO INSTRUMENTO - Soluciones, Asesoria y Venta de Equipos Audiovisuales","robots":{"index":"index","follow":"follow","max-snippet":"max-snippet:-1","max-image-preview":"max-image-preview:large","max-video-preview":"max-video-preview:-1"},"canonical":"https:\/\/rs-audiovideo.com\/index.php\/product\/microfono-shure-sm57-lc-dinamico-instrumento\/","og_locale":"en_US","og_type":"article","og_title":"MICR\u00d3FONO SHURE SM57-LC DINAMICO INSTRUMENTO - Soluciones, Asesoria y Venta de Equipos Audiovisuales","og_description":"El golpe del caj\u00f3n. Un acorde en guitarra. El lamento de un saxof\u00f3n. Las notas potentes que provienen desde tu instrumento se conectan con el p\u00fablico a nivel visceral. Y","og_url":"https:\/\/rs-audiovideo.com\/index.php\/product\/microfono-shure-sm57-lc-dinamico-instrumento\/","og_site_name":"Soluciones, Asesoria y Venta de Equipos Audiovisuales","article_modified_time":"2024-06-21T21:49:40+00:00","og_image":[{"width":700,"height":700,"url":"https:\/\/rs-audiovideo.com\/wp-content\/uploads\/2024\/06\/SM57.jpg","type":"image\/jpeg"}],"twitter_card":"summary_large_image","twitter_misc":{"Est. reading time":"1 minute"},"schema":{"@context":"https:\/\/schema.org","@graph":[{"@type":"WebPage","@id":"https:\/\/rs-audiovideo.com\/index.php\/product\/microfono-shure-sm57-lc-dinamico-instrumento\/","url":"https:\/\/rs-audiovideo.com\/index.php\/product\/microfono-shure-sm57-lc-dinamico-instrumento\/","name":"MICR\u00d3FONO SHURE SM57-LC DINAMICO INSTRUMENTO - Soluciones, Asesoria y Venta de Equipos Audiovisuales","isPartOf":{"@id":"https:\/\/rs-audiovideo.com\/#website"},"primaryImageOfPage":{"@id":"https:\/\/rs-audiovideo.com\/index.php\/product\/microfono-shure-sm57-lc-dinamico-instrumento\/#primaryimage"},"image":{"@id":"https:\/\/rs-audiovideo.com\/index.php\/product\/microfono-shure-sm57-lc-dinamico-instrumento\/#primaryimage"},"thumbnailUrl":"https:\/\/rs-audiovideo.com\/wp-content\/uploads\/2024\/06\/SM57.jpg","datePublished":"2024-06-13T18:33:05+00:00","dateModified":"2024-06-21T21:49:40+00:00","breadcrumb":{"@id":"https:\/\/rs-audiovideo.com\/index.php\/product\/microfono-shure-sm57-lc-dinamico-instrumento\/#breadcrumb"},"inLanguage":"en-US","potentialAction":[{"@type":"ReadAction","target":["https:\/\/rs-audiovideo.com\/index.php\/product\/microfono-shure-sm57-lc-dinamico-instrumento\/"]}]},{"@type":"ImageObject","inLanguage":"en-US","@id":"https:\/\/rs-audiovideo.com\/index.php\/product\/microfono-shure-sm57-lc-dinamico-instrumento\/#primaryimage","url":"https:\/\/rs-audiovideo.com\/wp-content\/uploads\/2024\/06\/SM57.jpg","contentUrl":"https:\/\/rs-audiovideo.com\/wp-content\/uploads\/2024\/06\/SM57.jpg","width":700,"height":700},{"@type":"BreadcrumbList","@id":"https:\/\/rs-audiovideo.com\/index.php\/product\/microfono-shure-sm57-lc-dinamico-instrumento\/#breadcrumb","itemListElement":[{"@type":"ListItem","position":1,"name":"Home","item":"https:\/\/rs-audiovideo.com\/"},{"@type":"ListItem","position":2,"name":"Shop","item":"https:\/\/rs-audiovideo.com\/index.php\/shop-2\/"},{"@type":"ListItem","position":3,"name":"MICR\u00d3FONO SHURE SM57-LC DINAMICO INSTRUMENTO"}]},{"@type":"WebSite","@id":"https:\/\/rs-audiovideo.com\/#website","url":"https:\/\/rs-audiovideo.com\/","name":"Soluciones, Asesoria y Venta de Equipos Audiovisuales","description":"","publisher":{"@id":"https:\/\/rs-audiovideo.com\/#organization"},"potentialAction":[{"@type":"SearchAction","target":{"@type":"EntryPoint","urlTemplate":"https:\/\/rs-audiovideo.com\/?s={search_term_string}"},"query-input":{"@type":"PropertyValueSpecification","valueRequired":true,"valueName":"search_term_string"}}],"inLanguage":"en-US"},{"@type":"Organization","@id":"https:\/\/rs-audiovideo.com\/#organization","name":"Soluciones, Asesoria y Venta de Equipos Audiovisuales","url":"https:\/\/rs-audiovideo.com\/","logo":{"@type":"ImageObject","inLanguage":"en-US","@id":"https:\/\/rs-audiovideo.com\/#\/schema\/logo\/image\/","url":"https:\/\/rs-audiovideo.com\/wp-content\/uploads\/2024\/06\/cropped-logointro.png","contentUrl":"https:\/\/rs-audiovideo.com\/wp-content\/uploads\/2024\/06\/cropped-logointro.png","width":579,"height":127,"caption":"Soluciones, Asesoria y Venta de Equipos Audiovisuales"},"image":{"@id":"https:\/\/rs-audiovideo.com\/#\/schema\/logo\/image\/"}}]}},"_links":{"self":[{"href":"https:\/\/rs-audiovideo.com\/index.php\/wp-json\/wp\/v2\/product\/5537","targetHints":{"allow":["GET"]}}],"collection":[{"href":"https:\/\/rs-audiovideo.com\/index.php\/wp-json\/wp\/v2\/product"}],"about":[{"href":"https:\/\/rs-audiovideo.com\/index.php\/wp-json\/wp\/v2\/types\/product"}],"replies":[{"embeddable":true,"href":"https:\/\/rs-audiovideo.com\/index.php\/wp-json\/wp\/v2\/comments?post=5537"}],"wp:featuredmedia":[{"embeddable":true,"href":"https:\/\/rs-audiovideo.com\/index.php\/wp-json\/wp\/v2\/media\/5538"}],"wp:attachment":[{"href":"https:\/\/rs-audiovideo.com\/index.php\/wp-json\/wp\/v2\/media?parent=5537"}],"wp:term":[{"taxonomy":"product_brand","embeddable":true,"href":"https:\/\/rs-audiovideo.com\/index.php\/wp-json\/wp\/v2\/product_brand?post=5537"},{"taxonomy":"product_cat","embeddable":true,"href":"https:\/\/rs-audiovideo.com\/index.php\/wp-json\/wp\/v2\/product_cat?post=5537"},{"taxonomy":"product_tag","embeddable":true,"href":"https:\/\/rs-audiovideo.com\/index.php\/wp-json\/wp\/v2\/product_tag?post=5537"}],"curies":[{"name":"wp","href":"https:\/\/api.w.org\/{rel}","templated":true}]}}