{"id":5549,"date":"2024-06-13T18:44:33","date_gmt":"2024-06-13T18:44:33","guid":{"rendered":"https:\/\/rs-audiovideo.com\/?post_type=product&#038;p=5549"},"modified":"2024-06-15T06:09:15","modified_gmt":"2024-06-15T06:09:15","slug":"set-de-microfonos-para-bateria-drum-set-session-i","status":"publish","type":"product","link":"https:\/\/rs-audiovideo.com\/index.php\/product\/set-de-microfonos-para-bateria-drum-set-session-i\/","title":{"rendered":"Set de Micr\u00f3fonos para bater\u00eda Drum Set Session I"},"content":{"rendered":"<div id=\"tab-description\" class=\"mf-Tabs-panel mf-Tabs-panel--description panel entry-content\" role=\"tabpanel\" aria-labelledby=\"tab-title-description\">\n<div class=\"tab-content-wrapper\">\n<p><strong>EL PAQUETE COMPLETO<\/strong><br \/>\n<em>Para uso en escenario, salas de ensayo y estudios de grabaci\u00f3n<\/em><br \/>\nEl set Drum Set Session I de AKG es un conjunto de micr\u00f3fonos de bater\u00eda de alto rendimiento. Contiene siete micr\u00f3fonos y accesorios empaquetados en un malet\u00edn de aluminio duradero, proporciona todos los elementos esenciales necesarios para capturar una bater\u00eda completa. Tambi\u00e9n se puede utilizar para sonorizar percusi\u00f3n, bajos y amplificadores de guitarra, instrumentos de viento entre otros instrumentos. Todos los micr\u00f3fonos son de la serie Perception Live y cuentan con una resistente carcasa met\u00e1lica, una robusta rejilla de micr\u00f3fono de acero de resorte, un acabado resistente a los ara\u00f1azos y una capacidad de SPL m\u00e1xima.<\/p>\n<p><strong>El juego contiene:<\/strong><br \/>\n1 x micr\u00f3fono de percusi\u00f3n P2<br \/>\n2 x P17 * para superpuestos<br \/>\n4 x P4 para toms y snare<\/p>\n<p>* El P17 es t\u00e9cnicamente id\u00e9ntico al P170 y no est\u00e1 disponible como una sola unidad.<\/p>\n<p><strong><img loading=\"lazy\" decoding=\"async\" class=\"aligncenter size-full wp-image-7672 ls-is-cached lazyloaded\" src=\"https:\/\/audioluces.com\/wp-content\/uploads\/2016\/09\/drum-set-session-akg.png\" alt=\"Drum Set Sessions AKG\" width=\"529\" height=\"412\" data-src=\"https:\/\/audioluces.com\/wp-content\/uploads\/2016\/09\/drum-set-session-akg.png\" \/>Micr\u00f3fonos optimizados<\/strong><br \/>\nTrabajar en armon\u00eda<br \/>\n<strong>Incluye todas las pinzas de micr\u00f3fono y adaptadores de soporte<\/strong><br \/>\nPermitiendo una configuraci\u00f3n r\u00e1pida y f\u00e1cil<br \/>\n<strong>Malet\u00edn de transporte de aluminio resistente a la marcha<\/strong><br \/>\nOfreciendo protecci\u00f3n port\u00e1til para almacenar micr\u00f3fonos y accesorios<\/p>\n<p>&nbsp;<\/p>\n<p>El set contiene: 1 micr\u00f3fono de bombo x P2 2 x P17* para gastos generales 4 x P4 para snare y toms * el P17 es t\u00e9cnicamente id\u00e9ntica a la P170 y no est\u00e1 disponible como una sola unidad.<\/p>\n<\/div>\n<\/div>\n<div id=\"tab-additional_information\" class=\"mf-Tabs-panel mf-Tabs-panel--additional_information panel entry-content\" role=\"tabpanel\" aria-labelledby=\"tab-title-additional_information\">\n<h3 class=\"tab-title\">Especificaciones<\/h3>\n<div class=\"tab-content-wrapper\">\n<table class=\"woocommerce-product-attributes shop_attributes\">\n<tbody>\n<tr class=\"woocommerce-product-attributes-item woocommerce-product-attributes-item--weight\">\n<th class=\"woocommerce-product-attributes-item__label\">Peso<\/th>\n<td class=\"woocommerce-product-attributes-item__value\">18.4 kg<\/td>\n<\/tr>\n<tr class=\"woocommerce-product-attributes-item woocommerce-product-attributes-item--dimensions\">\n<th class=\"woocommerce-product-attributes-item__label\">Dimensiones<\/th>\n<td class=\"woocommerce-product-attributes-item__value\">18.4 \u00d7 35 \u00d7 20 cm<\/td>\n<\/tr>\n<tr class=\"woocommerce-product-attributes-item woocommerce-product-attributes-item--attribute_pa_marca\">\n<th class=\"woocommerce-product-attributes-item__label\">Marca<\/th>\n<td class=\"woocommerce-product-attributes-item__value\"><a href=\"https:\/\/audioluces.com\/marca\/akg\/\" rel=\"tag\">AKG<\/a><\/td>\n<\/tr>\n<tr class=\"woocommerce-product-attributes-item woocommerce-product-attributes-item--attribute_pa_garantia\">\n<th class=\"woocommerce-product-attributes-item__label\">Garant\u00eda<\/th>\n<td class=\"woocommerce-product-attributes-item__value\">6 meses<\/td>\n<\/tr>\n<tr class=\"woocommerce-product-attributes-item woocommerce-product-attributes-item--attribute_pa_patron-polar\">\n<th class=\"woocommerce-product-attributes-item__label\">Patron Polar<\/th>\n<td class=\"woocommerce-product-attributes-item__value\">Supercardioide<\/td>\n<\/tr>\n<\/tbody>\n<\/table>\n<\/div>\n<\/div>\n","protected":false},"excerpt":{"rendered":"<p>EL PAQUETE COMPLETO Para uso en escenario, salas de ensayo y estudios de grabaci\u00f3n El set Drum Set Session I de AKG es un conjunto de micr\u00f3fonos de bater\u00eda de<\/p>\n","protected":false},"featured_media":5550,"comment_status":"open","ping_status":"closed","template":"","meta":{"_acf_changed":false},"product_brand":[],"product_cat":[266,271,231],"product_tag":[],"class_list":{"0":"post-5549","1":"product","2":"type-product","3":"status-publish","4":"has-post-thumbnail","6":"product_cat-akg","7":"product_cat-microfonos-instrumentos-musicales","8":"product_cat-sonido-profesional","10":"first","11":"instock","12":"shipping-taxable","13":"purchasable","14":"product-type-simple","15":"add-to-wishlist-after_add_to_cart"},"acf":[],"yoast_head":"<!-- This site is optimized with the Yoast SEO plugin v26.0 - https:\/\/yoast.com\/wordpress\/plugins\/seo\/ -->\n<title>Set de Micr\u00f3fonos para bater\u00eda Drum Set Session I - Soluciones, Asesoria y Venta de Equipos Audiovisuales<\/title>\n<meta name=\"robots\" content=\"index, follow, max-snippet:-1, max-image-preview:large, max-video-preview:-1\" \/>\n<link rel=\"canonical\" href=\"https:\/\/rs-audiovideo.com\/index.php\/product\/set-de-microfonos-para-bateria-drum-set-session-i\/\" \/>\n<meta property=\"og:locale\" content=\"en_US\" \/>\n<meta property=\"og:type\" content=\"article\" \/>\n<meta property=\"og:title\" content=\"Set de Micr\u00f3fonos para bater\u00eda Drum Set Session I - Soluciones, Asesoria y Venta de Equipos Audiovisuales\" \/>\n<meta property=\"og:description\" content=\"EL PAQUETE COMPLETO Para uso en escenario, salas de ensayo y estudios de grabaci\u00f3n El set Drum Set Session I de AKG es un conjunto de micr\u00f3fonos de bater\u00eda de\" \/>\n<meta property=\"og:url\" content=\"https:\/\/rs-audiovideo.com\/index.php\/product\/set-de-microfonos-para-bateria-drum-set-session-i\/\" \/>\n<meta property=\"og:site_name\" content=\"Soluciones, Asesoria y Venta de Equipos Audiovisuales\" \/>\n<meta property=\"article:modified_time\" content=\"2024-06-15T06:09:15+00:00\" \/>\n<meta property=\"og:image\" content=\"https:\/\/rs-audiovideo.com\/wp-content\/uploads\/2024\/06\/Set-De-Microfonos-Para-Bateria-Drum-Set-Session-I-2.jpg\" \/>\n\t<meta property=\"og:image:width\" content=\"1000\" \/>\n\t<meta property=\"og:image:height\" content=\"1000\" \/>\n\t<meta property=\"og:image:type\" content=\"image\/jpeg\" \/>\n<meta name=\"twitter:card\" content=\"summary_large_image\" \/>\n<meta name=\"twitter:label1\" content=\"Est. reading time\" \/>\n\t<meta name=\"twitter:data1\" content=\"1 minute\" \/>\n<script type=\"application\/ld+json\" class=\"yoast-schema-graph\">{\"@context\":\"https:\/\/schema.org\",\"@graph\":[{\"@type\":\"WebPage\",\"@id\":\"https:\/\/rs-audiovideo.com\/index.php\/product\/set-de-microfonos-para-bateria-drum-set-session-i\/\",\"url\":\"https:\/\/rs-audiovideo.com\/index.php\/product\/set-de-microfonos-para-bateria-drum-set-session-i\/\",\"name\":\"Set de Micr\u00f3fonos para bater\u00eda Drum Set Session I - Soluciones, Asesoria y Venta de Equipos Audiovisuales\",\"isPartOf\":{\"@id\":\"https:\/\/rs-audiovideo.com\/#website\"},\"primaryImageOfPage\":{\"@id\":\"https:\/\/rs-audiovideo.com\/index.php\/product\/set-de-microfonos-para-bateria-drum-set-session-i\/#primaryimage\"},\"image\":{\"@id\":\"https:\/\/rs-audiovideo.com\/index.php\/product\/set-de-microfonos-para-bateria-drum-set-session-i\/#primaryimage\"},\"thumbnailUrl\":\"https:\/\/rs-audiovideo.com\/wp-content\/uploads\/2024\/06\/Set-De-Microfonos-Para-Bateria-Drum-Set-Session-I-2.jpg\",\"datePublished\":\"2024-06-13T18:44:33+00:00\",\"dateModified\":\"2024-06-15T06:09:15+00:00\",\"breadcrumb\":{\"@id\":\"https:\/\/rs-audiovideo.com\/index.php\/product\/set-de-microfonos-para-bateria-drum-set-session-i\/#breadcrumb\"},\"inLanguage\":\"en-US\",\"potentialAction\":[{\"@type\":\"ReadAction\",\"target\":[\"https:\/\/rs-audiovideo.com\/index.php\/product\/set-de-microfonos-para-bateria-drum-set-session-i\/\"]}]},{\"@type\":\"ImageObject\",\"inLanguage\":\"en-US\",\"@id\":\"https:\/\/rs-audiovideo.com\/index.php\/product\/set-de-microfonos-para-bateria-drum-set-session-i\/#primaryimage\",\"url\":\"https:\/\/rs-audiovideo.com\/wp-content\/uploads\/2024\/06\/Set-De-Microfonos-Para-Bateria-Drum-Set-Session-I-2.jpg\",\"contentUrl\":\"https:\/\/rs-audiovideo.com\/wp-content\/uploads\/2024\/06\/Set-De-Microfonos-Para-Bateria-Drum-Set-Session-I-2.jpg\",\"width\":1000,\"height\":1000},{\"@type\":\"BreadcrumbList\",\"@id\":\"https:\/\/rs-audiovideo.com\/index.php\/product\/set-de-microfonos-para-bateria-drum-set-session-i\/#breadcrumb\",\"itemListElement\":[{\"@type\":\"ListItem\",\"position\":1,\"name\":\"Home\",\"item\":\"https:\/\/rs-audiovideo.com\/\"},{\"@type\":\"ListItem\",\"position\":2,\"name\":\"Shop\",\"item\":\"https:\/\/rs-audiovideo.com\/index.php\/shop-2\/\"},{\"@type\":\"ListItem\",\"position\":3,\"name\":\"Set de Micr\u00f3fonos para bater\u00eda Drum Set Session I\"}]},{\"@type\":\"WebSite\",\"@id\":\"https:\/\/rs-audiovideo.com\/#website\",\"url\":\"https:\/\/rs-audiovideo.com\/\",\"name\":\"Soluciones, Asesoria y Venta de Equipos Audiovisuales\",\"description\":\"\",\"publisher\":{\"@id\":\"https:\/\/rs-audiovideo.com\/#organization\"},\"potentialAction\":[{\"@type\":\"SearchAction\",\"target\":{\"@type\":\"EntryPoint\",\"urlTemplate\":\"https:\/\/rs-audiovideo.com\/?s={search_term_string}\"},\"query-input\":{\"@type\":\"PropertyValueSpecification\",\"valueRequired\":true,\"valueName\":\"search_term_string\"}}],\"inLanguage\":\"en-US\"},{\"@type\":\"Organization\",\"@id\":\"https:\/\/rs-audiovideo.com\/#organization\",\"name\":\"Soluciones, Asesoria y Venta de Equipos Audiovisuales\",\"url\":\"https:\/\/rs-audiovideo.com\/\",\"logo\":{\"@type\":\"ImageObject\",\"inLanguage\":\"en-US\",\"@id\":\"https:\/\/rs-audiovideo.com\/#\/schema\/logo\/image\/\",\"url\":\"https:\/\/rs-audiovideo.com\/wp-content\/uploads\/2024\/06\/cropped-logointro.png\",\"contentUrl\":\"https:\/\/rs-audiovideo.com\/wp-content\/uploads\/2024\/06\/cropped-logointro.png\",\"width\":579,\"height\":127,\"caption\":\"Soluciones, Asesoria y Venta de Equipos Audiovisuales\"},\"image\":{\"@id\":\"https:\/\/rs-audiovideo.com\/#\/schema\/logo\/image\/\"}}]}<\/script>\n<!-- \/ Yoast SEO plugin. -->","yoast_head_json":{"title":"Set de Micr\u00f3fonos para bater\u00eda Drum Set Session I - Soluciones, Asesoria y Venta de Equipos Audiovisuales","robots":{"index":"index","follow":"follow","max-snippet":"max-snippet:-1","max-image-preview":"max-image-preview:large","max-video-preview":"max-video-preview:-1"},"canonical":"https:\/\/rs-audiovideo.com\/index.php\/product\/set-de-microfonos-para-bateria-drum-set-session-i\/","og_locale":"en_US","og_type":"article","og_title":"Set de Micr\u00f3fonos para bater\u00eda Drum Set Session I - Soluciones, Asesoria y Venta de Equipos Audiovisuales","og_description":"EL PAQUETE COMPLETO Para uso en escenario, salas de ensayo y estudios de grabaci\u00f3n El set Drum Set Session I de AKG es un conjunto de micr\u00f3fonos de bater\u00eda de","og_url":"https:\/\/rs-audiovideo.com\/index.php\/product\/set-de-microfonos-para-bateria-drum-set-session-i\/","og_site_name":"Soluciones, Asesoria y Venta de Equipos Audiovisuales","article_modified_time":"2024-06-15T06:09:15+00:00","og_image":[{"width":1000,"height":1000,"url":"https:\/\/rs-audiovideo.com\/wp-content\/uploads\/2024\/06\/Set-De-Microfonos-Para-Bateria-Drum-Set-Session-I-2.jpg","type":"image\/jpeg"}],"twitter_card":"summary_large_image","twitter_misc":{"Est. reading time":"1 minute"},"schema":{"@context":"https:\/\/schema.org","@graph":[{"@type":"WebPage","@id":"https:\/\/rs-audiovideo.com\/index.php\/product\/set-de-microfonos-para-bateria-drum-set-session-i\/","url":"https:\/\/rs-audiovideo.com\/index.php\/product\/set-de-microfonos-para-bateria-drum-set-session-i\/","name":"Set de Micr\u00f3fonos para bater\u00eda Drum Set Session I - Soluciones, Asesoria y Venta de Equipos Audiovisuales","isPartOf":{"@id":"https:\/\/rs-audiovideo.com\/#website"},"primaryImageOfPage":{"@id":"https:\/\/rs-audiovideo.com\/index.php\/product\/set-de-microfonos-para-bateria-drum-set-session-i\/#primaryimage"},"image":{"@id":"https:\/\/rs-audiovideo.com\/index.php\/product\/set-de-microfonos-para-bateria-drum-set-session-i\/#primaryimage"},"thumbnailUrl":"https:\/\/rs-audiovideo.com\/wp-content\/uploads\/2024\/06\/Set-De-Microfonos-Para-Bateria-Drum-Set-Session-I-2.jpg","datePublished":"2024-06-13T18:44:33+00:00","dateModified":"2024-06-15T06:09:15+00:00","breadcrumb":{"@id":"https:\/\/rs-audiovideo.com\/index.php\/product\/set-de-microfonos-para-bateria-drum-set-session-i\/#breadcrumb"},"inLanguage":"en-US","potentialAction":[{"@type":"ReadAction","target":["https:\/\/rs-audiovideo.com\/index.php\/product\/set-de-microfonos-para-bateria-drum-set-session-i\/"]}]},{"@type":"ImageObject","inLanguage":"en-US","@id":"https:\/\/rs-audiovideo.com\/index.php\/product\/set-de-microfonos-para-bateria-drum-set-session-i\/#primaryimage","url":"https:\/\/rs-audiovideo.com\/wp-content\/uploads\/2024\/06\/Set-De-Microfonos-Para-Bateria-Drum-Set-Session-I-2.jpg","contentUrl":"https:\/\/rs-audiovideo.com\/wp-content\/uploads\/2024\/06\/Set-De-Microfonos-Para-Bateria-Drum-Set-Session-I-2.jpg","width":1000,"height":1000},{"@type":"BreadcrumbList","@id":"https:\/\/rs-audiovideo.com\/index.php\/product\/set-de-microfonos-para-bateria-drum-set-session-i\/#breadcrumb","itemListElement":[{"@type":"ListItem","position":1,"name":"Home","item":"https:\/\/rs-audiovideo.com\/"},{"@type":"ListItem","position":2,"name":"Shop","item":"https:\/\/rs-audiovideo.com\/index.php\/shop-2\/"},{"@type":"ListItem","position":3,"name":"Set de Micr\u00f3fonos para bater\u00eda Drum Set Session I"}]},{"@type":"WebSite","@id":"https:\/\/rs-audiovideo.com\/#website","url":"https:\/\/rs-audiovideo.com\/","name":"Soluciones, Asesoria y Venta de Equipos Audiovisuales","description":"","publisher":{"@id":"https:\/\/rs-audiovideo.com\/#organization"},"potentialAction":[{"@type":"SearchAction","target":{"@type":"EntryPoint","urlTemplate":"https:\/\/rs-audiovideo.com\/?s={search_term_string}"},"query-input":{"@type":"PropertyValueSpecification","valueRequired":true,"valueName":"search_term_string"}}],"inLanguage":"en-US"},{"@type":"Organization","@id":"https:\/\/rs-audiovideo.com\/#organization","name":"Soluciones, Asesoria y Venta de Equipos Audiovisuales","url":"https:\/\/rs-audiovideo.com\/","logo":{"@type":"ImageObject","inLanguage":"en-US","@id":"https:\/\/rs-audiovideo.com\/#\/schema\/logo\/image\/","url":"https:\/\/rs-audiovideo.com\/wp-content\/uploads\/2024\/06\/cropped-logointro.png","contentUrl":"https:\/\/rs-audiovideo.com\/wp-content\/uploads\/2024\/06\/cropped-logointro.png","width":579,"height":127,"caption":"Soluciones, Asesoria y Venta de Equipos Audiovisuales"},"image":{"@id":"https:\/\/rs-audiovideo.com\/#\/schema\/logo\/image\/"}}]}},"_links":{"self":[{"href":"https:\/\/rs-audiovideo.com\/index.php\/wp-json\/wp\/v2\/product\/5549","targetHints":{"allow":["GET"]}}],"collection":[{"href":"https:\/\/rs-audiovideo.com\/index.php\/wp-json\/wp\/v2\/product"}],"about":[{"href":"https:\/\/rs-audiovideo.com\/index.php\/wp-json\/wp\/v2\/types\/product"}],"replies":[{"embeddable":true,"href":"https:\/\/rs-audiovideo.com\/index.php\/wp-json\/wp\/v2\/comments?post=5549"}],"wp:featuredmedia":[{"embeddable":true,"href":"https:\/\/rs-audiovideo.com\/index.php\/wp-json\/wp\/v2\/media\/5550"}],"wp:attachment":[{"href":"https:\/\/rs-audiovideo.com\/index.php\/wp-json\/wp\/v2\/media?parent=5549"}],"wp:term":[{"taxonomy":"product_brand","embeddable":true,"href":"https:\/\/rs-audiovideo.com\/index.php\/wp-json\/wp\/v2\/product_brand?post=5549"},{"taxonomy":"product_cat","embeddable":true,"href":"https:\/\/rs-audiovideo.com\/index.php\/wp-json\/wp\/v2\/product_cat?post=5549"},{"taxonomy":"product_tag","embeddable":true,"href":"https:\/\/rs-audiovideo.com\/index.php\/wp-json\/wp\/v2\/product_tag?post=5549"}],"curies":[{"name":"wp","href":"https:\/\/api.w.org\/{rel}","templated":true}]}}