{"id":5556,"date":"2024-06-13T18:56:19","date_gmt":"2024-06-13T18:56:19","guid":{"rendered":"https:\/\/rs-audiovideo.com\/?post_type=product&#038;p=5556"},"modified":"2024-06-15T04:34:59","modified_gmt":"2024-06-15T04:34:59","slug":"vari-g-3-rack-de-guitarra-para-3-instrumentos","status":"publish","type":"product","link":"https:\/\/rs-audiovideo.com\/index.php\/product\/vari-g-3-rack-de-guitarra-para-3-instrumentos\/","title":{"rendered":"VARI\u00ae-G 3 Rack de guitarra para 3 instrumentos"},"content":{"rendered":"<div class=\"info pbxl\">\n<div class=\"article-nr\"><span class=\"article-nr-text\"> N.\u00ba art\u00edculo: <\/span> <span class=\"article-nr-content\"> GGSMG03 <\/span><\/div>\n<\/div>\n<div class=\"variants-wrapper\"><span class=\"title\">Modelos: <\/span><\/p>\n<div class=\"select\">\n<div class=\"js--fancy-select select-field\"><\/div>\n<\/div>\n<\/div>\n<div class=\"variants-wrapper\">\n<div class=\"select\"><\/div>\n<\/div>\n<div class=\"visible--xs visible--s visible--l visible--xl\">\n<div class=\"detail-features pbxxl pbn-m pbxxl-l\">\n<div class=\"detail-feature\">\n<div class=\"detail-feature-text\">Construcci\u00f3n robusta y ergon\u00f3mica<\/div>\n<div class=\"clear\">Se puede plegar para facilitar el transporte<\/div>\n<\/div>\n<div class=\"detail-feature\">\n<div class=\"clear\">Mecanismos sujeta m\u00e1stil ajustables y con acolchado de goma<\/div>\n<\/div>\n<div class=\"detail-feature\">\n<div class=\"clear\">Apoyos acolchados de espuma para el cuerpo de la guitarra<\/div>\n<\/div>\n<\/div>\n<div>\n<div class=\"description-text is--align-center\">\n<p>Los soportes m\u00faltiples de Gravity est\u00e1n disponibles en cuatro modelos: para 3, 5, 7 o 9 guitarras. Son adecuados para todo tipo de guitarras y bajos, ya que est\u00e1n provistos de mecanismos sujetam\u00e1stil f\u00e1cilmente ajustables y que tambi\u00e9n se pueden retirar. Para proteger los instrumentos contra ara\u00f1azos y rayones, todos los puntos de contacto llevan un suave acolchado. Los soportes para guitarra VARI\u00ae-G est\u00e1n fabricados con tubos de acero resistente con recubrimiento texturizado negro, son duraderos, se montan r\u00e1pidamente y se pueden plegar para ahorrar espacio durante el transporte.<\/p>\n<p>* No apto para uso prolongado con guitarras acabadas en laca nitrocelul\u00f3sica.<\/p>\n<\/div>\n<\/div>\n<\/div>\n","protected":false},"excerpt":{"rendered":"<p>N.\u00ba art\u00edculo: GGSMG03 Modelos: Construcci\u00f3n robusta y ergon\u00f3mica Se puede plegar para facilitar el transporte Mecanismos sujeta m\u00e1stil ajustables y con acolchado de goma Apoyos acolchados de espuma para el<\/p>\n","protected":false},"featured_media":5560,"comment_status":"open","ping_status":"closed","template":"","meta":{"_acf_changed":false},"product_brand":[],"product_cat":[251,258],"product_tag":[],"class_list":{"0":"post-5556","1":"product","2":"type-product","3":"status-publish","4":"has-post-thumbnail","6":"product_cat-bases","7":"product_cat-gravity","9":"first","10":"instock","11":"shipping-taxable","12":"purchasable","13":"product-type-simple","14":"add-to-wishlist-after_add_to_cart"},"acf":[],"yoast_head":"<!-- This site is optimized with the Yoast SEO plugin v26.0 - https:\/\/yoast.com\/wordpress\/plugins\/seo\/ -->\n<title>VARI\u00ae-G 3 Rack de guitarra para 3 instrumentos - Soluciones, Asesoria y Venta de Equipos Audiovisuales<\/title>\n<meta name=\"robots\" content=\"index, follow, max-snippet:-1, max-image-preview:large, max-video-preview:-1\" \/>\n<link rel=\"canonical\" href=\"https:\/\/rs-audiovideo.com\/index.php\/product\/vari-g-3-rack-de-guitarra-para-3-instrumentos\/\" \/>\n<meta property=\"og:locale\" content=\"en_US\" \/>\n<meta property=\"og:type\" content=\"article\" \/>\n<meta property=\"og:title\" content=\"VARI\u00ae-G 3 Rack de guitarra para 3 instrumentos - Soluciones, Asesoria y Venta de Equipos Audiovisuales\" \/>\n<meta property=\"og:description\" content=\"N.\u00ba art\u00edculo: GGSMG03 Modelos: Construcci\u00f3n robusta y ergon\u00f3mica Se puede plegar para facilitar el transporte Mecanismos sujeta m\u00e1stil ajustables y con acolchado de goma Apoyos acolchados de espuma para el\" \/>\n<meta property=\"og:url\" content=\"https:\/\/rs-audiovideo.com\/index.php\/product\/vari-g-3-rack-de-guitarra-para-3-instrumentos\/\" \/>\n<meta property=\"og:site_name\" content=\"Soluciones, Asesoria y Venta de Equipos Audiovisuales\" \/>\n<meta property=\"article:modified_time\" content=\"2024-06-15T04:34:59+00:00\" \/>\n<meta property=\"og:image\" content=\"https:\/\/rs-audiovideo.com\/wp-content\/uploads\/2024\/06\/GGSMG03_1.jpg\" \/>\n\t<meta property=\"og:image:width\" content=\"1000\" \/>\n\t<meta property=\"og:image:height\" content=\"993\" \/>\n\t<meta property=\"og:image:type\" content=\"image\/jpeg\" \/>\n<meta name=\"twitter:card\" content=\"summary_large_image\" \/>\n<meta name=\"twitter:label1\" content=\"Est. reading time\" \/>\n\t<meta name=\"twitter:data1\" content=\"1 minute\" \/>\n<script type=\"application\/ld+json\" class=\"yoast-schema-graph\">{\"@context\":\"https:\/\/schema.org\",\"@graph\":[{\"@type\":\"WebPage\",\"@id\":\"https:\/\/rs-audiovideo.com\/index.php\/product\/vari-g-3-rack-de-guitarra-para-3-instrumentos\/\",\"url\":\"https:\/\/rs-audiovideo.com\/index.php\/product\/vari-g-3-rack-de-guitarra-para-3-instrumentos\/\",\"name\":\"VARI\u00ae-G 3 Rack de guitarra para 3 instrumentos - Soluciones, Asesoria y Venta de Equipos Audiovisuales\",\"isPartOf\":{\"@id\":\"https:\/\/rs-audiovideo.com\/#website\"},\"primaryImageOfPage\":{\"@id\":\"https:\/\/rs-audiovideo.com\/index.php\/product\/vari-g-3-rack-de-guitarra-para-3-instrumentos\/#primaryimage\"},\"image\":{\"@id\":\"https:\/\/rs-audiovideo.com\/index.php\/product\/vari-g-3-rack-de-guitarra-para-3-instrumentos\/#primaryimage\"},\"thumbnailUrl\":\"https:\/\/rs-audiovideo.com\/wp-content\/uploads\/2024\/06\/GGSMG03_1.jpg\",\"datePublished\":\"2024-06-13T18:56:19+00:00\",\"dateModified\":\"2024-06-15T04:34:59+00:00\",\"breadcrumb\":{\"@id\":\"https:\/\/rs-audiovideo.com\/index.php\/product\/vari-g-3-rack-de-guitarra-para-3-instrumentos\/#breadcrumb\"},\"inLanguage\":\"en-US\",\"potentialAction\":[{\"@type\":\"ReadAction\",\"target\":[\"https:\/\/rs-audiovideo.com\/index.php\/product\/vari-g-3-rack-de-guitarra-para-3-instrumentos\/\"]}]},{\"@type\":\"ImageObject\",\"inLanguage\":\"en-US\",\"@id\":\"https:\/\/rs-audiovideo.com\/index.php\/product\/vari-g-3-rack-de-guitarra-para-3-instrumentos\/#primaryimage\",\"url\":\"https:\/\/rs-audiovideo.com\/wp-content\/uploads\/2024\/06\/GGSMG03_1.jpg\",\"contentUrl\":\"https:\/\/rs-audiovideo.com\/wp-content\/uploads\/2024\/06\/GGSMG03_1.jpg\",\"width\":1000,\"height\":993},{\"@type\":\"BreadcrumbList\",\"@id\":\"https:\/\/rs-audiovideo.com\/index.php\/product\/vari-g-3-rack-de-guitarra-para-3-instrumentos\/#breadcrumb\",\"itemListElement\":[{\"@type\":\"ListItem\",\"position\":1,\"name\":\"Home\",\"item\":\"https:\/\/rs-audiovideo.com\/\"},{\"@type\":\"ListItem\",\"position\":2,\"name\":\"Shop\",\"item\":\"https:\/\/rs-audiovideo.com\/index.php\/shop-2\/\"},{\"@type\":\"ListItem\",\"position\":3,\"name\":\"VARI\u00ae-G 3 Rack de guitarra para 3 instrumentos\"}]},{\"@type\":\"WebSite\",\"@id\":\"https:\/\/rs-audiovideo.com\/#website\",\"url\":\"https:\/\/rs-audiovideo.com\/\",\"name\":\"Soluciones, Asesoria y Venta de Equipos Audiovisuales\",\"description\":\"\",\"publisher\":{\"@id\":\"https:\/\/rs-audiovideo.com\/#organization\"},\"potentialAction\":[{\"@type\":\"SearchAction\",\"target\":{\"@type\":\"EntryPoint\",\"urlTemplate\":\"https:\/\/rs-audiovideo.com\/?s={search_term_string}\"},\"query-input\":{\"@type\":\"PropertyValueSpecification\",\"valueRequired\":true,\"valueName\":\"search_term_string\"}}],\"inLanguage\":\"en-US\"},{\"@type\":\"Organization\",\"@id\":\"https:\/\/rs-audiovideo.com\/#organization\",\"name\":\"Soluciones, Asesoria y Venta de Equipos Audiovisuales\",\"url\":\"https:\/\/rs-audiovideo.com\/\",\"logo\":{\"@type\":\"ImageObject\",\"inLanguage\":\"en-US\",\"@id\":\"https:\/\/rs-audiovideo.com\/#\/schema\/logo\/image\/\",\"url\":\"https:\/\/rs-audiovideo.com\/wp-content\/uploads\/2024\/06\/cropped-logointro.png\",\"contentUrl\":\"https:\/\/rs-audiovideo.com\/wp-content\/uploads\/2024\/06\/cropped-logointro.png\",\"width\":579,\"height\":127,\"caption\":\"Soluciones, Asesoria y Venta de Equipos Audiovisuales\"},\"image\":{\"@id\":\"https:\/\/rs-audiovideo.com\/#\/schema\/logo\/image\/\"}}]}<\/script>\n<!-- \/ Yoast SEO plugin. -->","yoast_head_json":{"title":"VARI\u00ae-G 3 Rack de guitarra para 3 instrumentos - Soluciones, Asesoria y Venta de Equipos Audiovisuales","robots":{"index":"index","follow":"follow","max-snippet":"max-snippet:-1","max-image-preview":"max-image-preview:large","max-video-preview":"max-video-preview:-1"},"canonical":"https:\/\/rs-audiovideo.com\/index.php\/product\/vari-g-3-rack-de-guitarra-para-3-instrumentos\/","og_locale":"en_US","og_type":"article","og_title":"VARI\u00ae-G 3 Rack de guitarra para 3 instrumentos - Soluciones, Asesoria y Venta de Equipos Audiovisuales","og_description":"N.\u00ba art\u00edculo: GGSMG03 Modelos: Construcci\u00f3n robusta y ergon\u00f3mica Se puede plegar para facilitar el transporte Mecanismos sujeta m\u00e1stil ajustables y con acolchado de goma Apoyos acolchados de espuma para el","og_url":"https:\/\/rs-audiovideo.com\/index.php\/product\/vari-g-3-rack-de-guitarra-para-3-instrumentos\/","og_site_name":"Soluciones, Asesoria y Venta de Equipos Audiovisuales","article_modified_time":"2024-06-15T04:34:59+00:00","og_image":[{"width":1000,"height":993,"url":"https:\/\/rs-audiovideo.com\/wp-content\/uploads\/2024\/06\/GGSMG03_1.jpg","type":"image\/jpeg"}],"twitter_card":"summary_large_image","twitter_misc":{"Est. reading time":"1 minute"},"schema":{"@context":"https:\/\/schema.org","@graph":[{"@type":"WebPage","@id":"https:\/\/rs-audiovideo.com\/index.php\/product\/vari-g-3-rack-de-guitarra-para-3-instrumentos\/","url":"https:\/\/rs-audiovideo.com\/index.php\/product\/vari-g-3-rack-de-guitarra-para-3-instrumentos\/","name":"VARI\u00ae-G 3 Rack de guitarra para 3 instrumentos - Soluciones, Asesoria y Venta de Equipos Audiovisuales","isPartOf":{"@id":"https:\/\/rs-audiovideo.com\/#website"},"primaryImageOfPage":{"@id":"https:\/\/rs-audiovideo.com\/index.php\/product\/vari-g-3-rack-de-guitarra-para-3-instrumentos\/#primaryimage"},"image":{"@id":"https:\/\/rs-audiovideo.com\/index.php\/product\/vari-g-3-rack-de-guitarra-para-3-instrumentos\/#primaryimage"},"thumbnailUrl":"https:\/\/rs-audiovideo.com\/wp-content\/uploads\/2024\/06\/GGSMG03_1.jpg","datePublished":"2024-06-13T18:56:19+00:00","dateModified":"2024-06-15T04:34:59+00:00","breadcrumb":{"@id":"https:\/\/rs-audiovideo.com\/index.php\/product\/vari-g-3-rack-de-guitarra-para-3-instrumentos\/#breadcrumb"},"inLanguage":"en-US","potentialAction":[{"@type":"ReadAction","target":["https:\/\/rs-audiovideo.com\/index.php\/product\/vari-g-3-rack-de-guitarra-para-3-instrumentos\/"]}]},{"@type":"ImageObject","inLanguage":"en-US","@id":"https:\/\/rs-audiovideo.com\/index.php\/product\/vari-g-3-rack-de-guitarra-para-3-instrumentos\/#primaryimage","url":"https:\/\/rs-audiovideo.com\/wp-content\/uploads\/2024\/06\/GGSMG03_1.jpg","contentUrl":"https:\/\/rs-audiovideo.com\/wp-content\/uploads\/2024\/06\/GGSMG03_1.jpg","width":1000,"height":993},{"@type":"BreadcrumbList","@id":"https:\/\/rs-audiovideo.com\/index.php\/product\/vari-g-3-rack-de-guitarra-para-3-instrumentos\/#breadcrumb","itemListElement":[{"@type":"ListItem","position":1,"name":"Home","item":"https:\/\/rs-audiovideo.com\/"},{"@type":"ListItem","position":2,"name":"Shop","item":"https:\/\/rs-audiovideo.com\/index.php\/shop-2\/"},{"@type":"ListItem","position":3,"name":"VARI\u00ae-G 3 Rack de guitarra para 3 instrumentos"}]},{"@type":"WebSite","@id":"https:\/\/rs-audiovideo.com\/#website","url":"https:\/\/rs-audiovideo.com\/","name":"Soluciones, Asesoria y Venta de Equipos Audiovisuales","description":"","publisher":{"@id":"https:\/\/rs-audiovideo.com\/#organization"},"potentialAction":[{"@type":"SearchAction","target":{"@type":"EntryPoint","urlTemplate":"https:\/\/rs-audiovideo.com\/?s={search_term_string}"},"query-input":{"@type":"PropertyValueSpecification","valueRequired":true,"valueName":"search_term_string"}}],"inLanguage":"en-US"},{"@type":"Organization","@id":"https:\/\/rs-audiovideo.com\/#organization","name":"Soluciones, Asesoria y Venta de Equipos Audiovisuales","url":"https:\/\/rs-audiovideo.com\/","logo":{"@type":"ImageObject","inLanguage":"en-US","@id":"https:\/\/rs-audiovideo.com\/#\/schema\/logo\/image\/","url":"https:\/\/rs-audiovideo.com\/wp-content\/uploads\/2024\/06\/cropped-logointro.png","contentUrl":"https:\/\/rs-audiovideo.com\/wp-content\/uploads\/2024\/06\/cropped-logointro.png","width":579,"height":127,"caption":"Soluciones, Asesoria y Venta de Equipos Audiovisuales"},"image":{"@id":"https:\/\/rs-audiovideo.com\/#\/schema\/logo\/image\/"}}]}},"_links":{"self":[{"href":"https:\/\/rs-audiovideo.com\/index.php\/wp-json\/wp\/v2\/product\/5556","targetHints":{"allow":["GET"]}}],"collection":[{"href":"https:\/\/rs-audiovideo.com\/index.php\/wp-json\/wp\/v2\/product"}],"about":[{"href":"https:\/\/rs-audiovideo.com\/index.php\/wp-json\/wp\/v2\/types\/product"}],"replies":[{"embeddable":true,"href":"https:\/\/rs-audiovideo.com\/index.php\/wp-json\/wp\/v2\/comments?post=5556"}],"wp:featuredmedia":[{"embeddable":true,"href":"https:\/\/rs-audiovideo.com\/index.php\/wp-json\/wp\/v2\/media\/5560"}],"wp:attachment":[{"href":"https:\/\/rs-audiovideo.com\/index.php\/wp-json\/wp\/v2\/media?parent=5556"}],"wp:term":[{"taxonomy":"product_brand","embeddable":true,"href":"https:\/\/rs-audiovideo.com\/index.php\/wp-json\/wp\/v2\/product_brand?post=5556"},{"taxonomy":"product_cat","embeddable":true,"href":"https:\/\/rs-audiovideo.com\/index.php\/wp-json\/wp\/v2\/product_cat?post=5556"},{"taxonomy":"product_tag","embeddable":true,"href":"https:\/\/rs-audiovideo.com\/index.php\/wp-json\/wp\/v2\/product_tag?post=5556"}],"curies":[{"name":"wp","href":"https:\/\/api.w.org\/{rel}","templated":true}]}}