{"id":5585,"date":"2024-06-13T22:35:45","date_gmt":"2024-06-13T22:35:45","guid":{"rendered":"https:\/\/rs-audiovideo.com\/?post_type=product&#038;p=5585"},"modified":"2024-06-19T00:14:10","modified_gmt":"2024-06-19T00:14:10","slug":"mezclador-video-blackmagic-atem-mini-extreme","status":"publish","type":"product","link":"https:\/\/rs-audiovideo.com\/index.php\/product\/mezclador-video-blackmagic-atem-mini-extreme\/","title":{"rendered":"MEZCLADOR VIDEO BLACKMAGIC ATEM MINI EXTREME"},"content":{"rendered":"<div class=\"elementor-element elementor-element-976afc4 elementor-widget elementor-widget-woocommerce-product-content\" data-id=\"976afc4\" data-element_type=\"widget\" data-widget_type=\"woocommerce-product-content.default\">\n<div class=\"elementor-widget-container\">\n<p>Mezclador de video profesional con 8 entradas HDMI, 16 ventanas de visualizaci\u00f3n simult\u00e1nea, 4 compositores por crominancia avanzados, funci\u00f3n SuperSource con 4 canales para efectos visuales, 2 salidas HDMI, 2 puertos USB y panel de control de mayor capacidad.<\/p>\n<\/div>\n<\/div>\n<div class=\"elementor-element elementor-element-2ae060b elementor-widget elementor-widget-product-additional-information\" data-id=\"2ae060b\" data-element_type=\"widget\" data-widget_type=\"product-additional-information.default\">\n<div class=\"elementor-widget-container\">\n<div class=\"woocommerce-tabs-list entry-content\">\n<table class=\"woocommerce-product-attributes shop_attributes\">\n<tbody>\n<tr class=\"woocommerce-product-attributes-item woocommerce-product-attributes-item--attribute_entradas\">\n<th class=\"woocommerce-product-attributes-item__label\">ENTRADAS:<\/th>\n<td class=\"woocommerce-product-attributes-item__value\">8 entradas HDMI, 2 TRS 1\/8 Mic<\/td>\n<\/tr>\n<tr class=\"woocommerce-product-attributes-item woocommerce-product-attributes-item--attribute_salidas\">\n<th class=\"woocommerce-product-attributes-item__label\">SALIDAS:<\/th>\n<td class=\"woocommerce-product-attributes-item__value\">2 Salidas HDMI, 2 USB C 3.1, 1 audifono TRS 1\/8<\/td>\n<\/tr>\n<tr class=\"woocommerce-product-attributes-item woocommerce-product-attributes-item--attribute_puerto-ethernet\">\n<th class=\"woocommerce-product-attributes-item__label\">PUERTO ETHERNET:<\/th>\n<td class=\"woocommerce-product-attributes-item__value\">1, 10\/100\/1000 BaseT<\/td>\n<\/tr>\n<tr class=\"woocommerce-product-attributes-item woocommerce-product-attributes-item--attribute_formatos-hd-compatibles-entrada\">\n<th class=\"woocommerce-product-attributes-item__label\">FORMATOS HD COMPATIBLES (ENTRADA):<\/th>\n<td class=\"woocommerce-product-attributes-item__value\">720p50, 720p59.94, 720p60. 1080p23.98, 1080p24, 1080p25, 1080p29.97, 1080p30, 1080p50, 1080p59.94, 1080p60. 1080i50, 1080i59.94, 1080i60.<\/td>\n<\/tr>\n<tr class=\"woocommerce-product-attributes-item woocommerce-product-attributes-item--attribute_formatos-hd-compatibles-salida\">\n<th class=\"woocommerce-product-attributes-item__label\">FORMATOS HD COMPATIBLES (SALIDA):<\/th>\n<td class=\"woocommerce-product-attributes-item__value\">1080p23.98, 1080p24, 1080p25, 1080p29.97, 1080p30, 1080p50, 1080p59.94, 1080p60.<\/td>\n<\/tr>\n<tr class=\"woocommerce-product-attributes-item woocommerce-product-attributes-item--attribute_formatos-de-transmisi%c3%b3n-por-internet\">\n<th class=\"woocommerce-product-attributes-item__label\">FORMATOS DE TRANSMISI\u00d3N POR INTERNET:<\/th>\n<td class=\"woocommerce-product-attributes-item__value\">1080p23.98, 1080p24, 1080p25, 1080p29.97, 1080p30, 1080p50, 1080p59.94, 1080p60.<\/td>\n<\/tr>\n<tr class=\"woocommerce-product-attributes-item woocommerce-product-attributes-item--attribute_grabaci%c3%b3n\">\n<th class=\"woocommerce-product-attributes-item__label\">GRABACI\u00d3N:<\/th>\n<td class=\"woocommerce-product-attributes-item__value\">1 clip de produccion audiovisual en disco duro externo<\/td>\n<\/tr>\n<tr class=\"woocommerce-product-attributes-item woocommerce-product-attributes-item--attribute_multiviewer\">\n<th class=\"woocommerce-product-attributes-item__label\">MULTIVIEWER:<\/th>\n<td class=\"woocommerce-product-attributes-item__value\">Si<\/td>\n<\/tr>\n<\/tbody>\n<\/table>\n<\/div>\n<\/div>\n<\/div>\n","protected":false},"excerpt":{"rendered":"<p>Mezclador de video profesional con 8 entradas HDMI, 16 ventanas de visualizaci\u00f3n simult\u00e1nea, 4 compositores por crominancia avanzados, funci\u00f3n SuperSource con 4 canales para efectos visuales, 2 salidas HDMI, 2<\/p>\n","protected":false},"featured_media":5588,"comment_status":"open","ping_status":"closed","template":"","meta":{"_acf_changed":false},"product_brand":[],"product_cat":[260,255,237,233],"product_tag":[],"class_list":{"0":"post-5585","1":"product","2":"type-product","3":"status-publish","4":"has-post-thumbnail","6":"product_cat-blackmagic-desing","7":"product_cat-mezclador-de-video","8":"product_cat-streaming","9":"product_cat-video-profesional","11":"first","12":"instock","13":"shipping-taxable","14":"purchasable","15":"product-type-simple","16":"add-to-wishlist-after_add_to_cart"},"acf":[],"yoast_head":"<!-- This site is optimized with the Yoast SEO plugin v26.0 - https:\/\/yoast.com\/wordpress\/plugins\/seo\/ -->\n<title>MEZCLADOR VIDEO BLACKMAGIC ATEM MINI EXTREME - Soluciones, Asesoria y Venta de Equipos Audiovisuales<\/title>\n<meta name=\"description\" content=\"Los Mejores equipos de sonido profesional para tus proyectos, cumpliendo garant\u00eda, soporte y respaldo, Env\u00edos a nivel nacional Colombia.\" \/>\n<meta name=\"robots\" content=\"index, follow, max-snippet:-1, max-image-preview:large, max-video-preview:-1\" \/>\n<link rel=\"canonical\" href=\"https:\/\/rs-audiovideo.com\/index.php\/product\/mezclador-video-blackmagic-atem-mini-extreme\/\" \/>\n<meta property=\"og:locale\" content=\"en_US\" \/>\n<meta property=\"og:type\" content=\"article\" \/>\n<meta property=\"og:title\" content=\"MEZCLADOR VIDEO BLACKMAGIC ATEM MINI EXTREME - Soluciones, Asesoria y Venta de Equipos Audiovisuales\" \/>\n<meta property=\"og:description\" content=\"Los Mejores equipos de sonido profesional para tus proyectos, cumpliendo garant\u00eda, soporte y respaldo, Env\u00edos a nivel nacional Colombia.\" \/>\n<meta property=\"og:url\" content=\"https:\/\/rs-audiovideo.com\/index.php\/product\/mezclador-video-blackmagic-atem-mini-extreme\/\" \/>\n<meta property=\"og:site_name\" content=\"Soluciones, Asesoria y Venta de Equipos Audiovisuales\" \/>\n<meta property=\"article:modified_time\" content=\"2024-06-19T00:14:10+00:00\" \/>\n<meta property=\"og:image\" content=\"https:\/\/rs-audiovideo.com\/wp-content\/uploads\/2024\/06\/BM_SWATEMMINICEXT-02.png\" \/>\n\t<meta property=\"og:image:width\" content=\"700\" \/>\n\t<meta property=\"og:image:height\" content=\"700\" \/>\n\t<meta property=\"og:image:type\" content=\"image\/png\" \/>\n<meta name=\"twitter:card\" content=\"summary_large_image\" \/>\n<meta name=\"twitter:label1\" content=\"Est. reading time\" \/>\n\t<meta name=\"twitter:data1\" content=\"1 minute\" \/>\n<script type=\"application\/ld+json\" class=\"yoast-schema-graph\">{\"@context\":\"https:\/\/schema.org\",\"@graph\":[{\"@type\":\"WebPage\",\"@id\":\"https:\/\/rs-audiovideo.com\/index.php\/product\/mezclador-video-blackmagic-atem-mini-extreme\/\",\"url\":\"https:\/\/rs-audiovideo.com\/index.php\/product\/mezclador-video-blackmagic-atem-mini-extreme\/\",\"name\":\"MEZCLADOR VIDEO BLACKMAGIC ATEM MINI EXTREME - Soluciones, Asesoria y Venta de Equipos Audiovisuales\",\"isPartOf\":{\"@id\":\"https:\/\/rs-audiovideo.com\/#website\"},\"primaryImageOfPage\":{\"@id\":\"https:\/\/rs-audiovideo.com\/index.php\/product\/mezclador-video-blackmagic-atem-mini-extreme\/#primaryimage\"},\"image\":{\"@id\":\"https:\/\/rs-audiovideo.com\/index.php\/product\/mezclador-video-blackmagic-atem-mini-extreme\/#primaryimage\"},\"thumbnailUrl\":\"https:\/\/rs-audiovideo.com\/wp-content\/uploads\/2024\/06\/BM_SWATEMMINICEXT-02.png\",\"datePublished\":\"2024-06-13T22:35:45+00:00\",\"dateModified\":\"2024-06-19T00:14:10+00:00\",\"description\":\"Los Mejores equipos de sonido profesional para tus proyectos, cumpliendo garant\u00eda, soporte y respaldo, Env\u00edos a nivel nacional Colombia.\",\"breadcrumb\":{\"@id\":\"https:\/\/rs-audiovideo.com\/index.php\/product\/mezclador-video-blackmagic-atem-mini-extreme\/#breadcrumb\"},\"inLanguage\":\"en-US\",\"potentialAction\":[{\"@type\":\"ReadAction\",\"target\":[\"https:\/\/rs-audiovideo.com\/index.php\/product\/mezclador-video-blackmagic-atem-mini-extreme\/\"]}]},{\"@type\":\"ImageObject\",\"inLanguage\":\"en-US\",\"@id\":\"https:\/\/rs-audiovideo.com\/index.php\/product\/mezclador-video-blackmagic-atem-mini-extreme\/#primaryimage\",\"url\":\"https:\/\/rs-audiovideo.com\/wp-content\/uploads\/2024\/06\/BM_SWATEMMINICEXT-02.png\",\"contentUrl\":\"https:\/\/rs-audiovideo.com\/wp-content\/uploads\/2024\/06\/BM_SWATEMMINICEXT-02.png\",\"width\":700,\"height\":700},{\"@type\":\"BreadcrumbList\",\"@id\":\"https:\/\/rs-audiovideo.com\/index.php\/product\/mezclador-video-blackmagic-atem-mini-extreme\/#breadcrumb\",\"itemListElement\":[{\"@type\":\"ListItem\",\"position\":1,\"name\":\"Home\",\"item\":\"https:\/\/rs-audiovideo.com\/\"},{\"@type\":\"ListItem\",\"position\":2,\"name\":\"Shop\",\"item\":\"https:\/\/rs-audiovideo.com\/index.php\/shop-2\/\"},{\"@type\":\"ListItem\",\"position\":3,\"name\":\"MEZCLADOR VIDEO BLACKMAGIC ATEM MINI EXTREME\"}]},{\"@type\":\"WebSite\",\"@id\":\"https:\/\/rs-audiovideo.com\/#website\",\"url\":\"https:\/\/rs-audiovideo.com\/\",\"name\":\"Soluciones, Asesoria y Venta de Equipos Audiovisuales\",\"description\":\"\",\"publisher\":{\"@id\":\"https:\/\/rs-audiovideo.com\/#organization\"},\"potentialAction\":[{\"@type\":\"SearchAction\",\"target\":{\"@type\":\"EntryPoint\",\"urlTemplate\":\"https:\/\/rs-audiovideo.com\/?s={search_term_string}\"},\"query-input\":{\"@type\":\"PropertyValueSpecification\",\"valueRequired\":true,\"valueName\":\"search_term_string\"}}],\"inLanguage\":\"en-US\"},{\"@type\":\"Organization\",\"@id\":\"https:\/\/rs-audiovideo.com\/#organization\",\"name\":\"Soluciones, Asesoria y Venta de Equipos Audiovisuales\",\"url\":\"https:\/\/rs-audiovideo.com\/\",\"logo\":{\"@type\":\"ImageObject\",\"inLanguage\":\"en-US\",\"@id\":\"https:\/\/rs-audiovideo.com\/#\/schema\/logo\/image\/\",\"url\":\"https:\/\/rs-audiovideo.com\/wp-content\/uploads\/2024\/06\/cropped-logointro.png\",\"contentUrl\":\"https:\/\/rs-audiovideo.com\/wp-content\/uploads\/2024\/06\/cropped-logointro.png\",\"width\":579,\"height\":127,\"caption\":\"Soluciones, Asesoria y Venta de Equipos Audiovisuales\"},\"image\":{\"@id\":\"https:\/\/rs-audiovideo.com\/#\/schema\/logo\/image\/\"}}]}<\/script>\n<!-- \/ Yoast SEO plugin. -->","yoast_head_json":{"title":"MEZCLADOR VIDEO BLACKMAGIC ATEM MINI EXTREME - Soluciones, Asesoria y Venta de Equipos Audiovisuales","description":"Los Mejores equipos de sonido profesional para tus proyectos, cumpliendo garant\u00eda, soporte y respaldo, Env\u00edos a nivel nacional Colombia.","robots":{"index":"index","follow":"follow","max-snippet":"max-snippet:-1","max-image-preview":"max-image-preview:large","max-video-preview":"max-video-preview:-1"},"canonical":"https:\/\/rs-audiovideo.com\/index.php\/product\/mezclador-video-blackmagic-atem-mini-extreme\/","og_locale":"en_US","og_type":"article","og_title":"MEZCLADOR VIDEO BLACKMAGIC ATEM MINI EXTREME - Soluciones, Asesoria y Venta de Equipos Audiovisuales","og_description":"Los Mejores equipos de sonido profesional para tus proyectos, cumpliendo garant\u00eda, soporte y respaldo, Env\u00edos a nivel nacional Colombia.","og_url":"https:\/\/rs-audiovideo.com\/index.php\/product\/mezclador-video-blackmagic-atem-mini-extreme\/","og_site_name":"Soluciones, Asesoria y Venta de Equipos Audiovisuales","article_modified_time":"2024-06-19T00:14:10+00:00","og_image":[{"width":700,"height":700,"url":"https:\/\/rs-audiovideo.com\/wp-content\/uploads\/2024\/06\/BM_SWATEMMINICEXT-02.png","type":"image\/png"}],"twitter_card":"summary_large_image","twitter_misc":{"Est. reading time":"1 minute"},"schema":{"@context":"https:\/\/schema.org","@graph":[{"@type":"WebPage","@id":"https:\/\/rs-audiovideo.com\/index.php\/product\/mezclador-video-blackmagic-atem-mini-extreme\/","url":"https:\/\/rs-audiovideo.com\/index.php\/product\/mezclador-video-blackmagic-atem-mini-extreme\/","name":"MEZCLADOR VIDEO BLACKMAGIC ATEM MINI EXTREME - Soluciones, Asesoria y Venta de Equipos Audiovisuales","isPartOf":{"@id":"https:\/\/rs-audiovideo.com\/#website"},"primaryImageOfPage":{"@id":"https:\/\/rs-audiovideo.com\/index.php\/product\/mezclador-video-blackmagic-atem-mini-extreme\/#primaryimage"},"image":{"@id":"https:\/\/rs-audiovideo.com\/index.php\/product\/mezclador-video-blackmagic-atem-mini-extreme\/#primaryimage"},"thumbnailUrl":"https:\/\/rs-audiovideo.com\/wp-content\/uploads\/2024\/06\/BM_SWATEMMINICEXT-02.png","datePublished":"2024-06-13T22:35:45+00:00","dateModified":"2024-06-19T00:14:10+00:00","description":"Los Mejores equipos de sonido profesional para tus proyectos, cumpliendo garant\u00eda, soporte y respaldo, Env\u00edos a nivel nacional Colombia.","breadcrumb":{"@id":"https:\/\/rs-audiovideo.com\/index.php\/product\/mezclador-video-blackmagic-atem-mini-extreme\/#breadcrumb"},"inLanguage":"en-US","potentialAction":[{"@type":"ReadAction","target":["https:\/\/rs-audiovideo.com\/index.php\/product\/mezclador-video-blackmagic-atem-mini-extreme\/"]}]},{"@type":"ImageObject","inLanguage":"en-US","@id":"https:\/\/rs-audiovideo.com\/index.php\/product\/mezclador-video-blackmagic-atem-mini-extreme\/#primaryimage","url":"https:\/\/rs-audiovideo.com\/wp-content\/uploads\/2024\/06\/BM_SWATEMMINICEXT-02.png","contentUrl":"https:\/\/rs-audiovideo.com\/wp-content\/uploads\/2024\/06\/BM_SWATEMMINICEXT-02.png","width":700,"height":700},{"@type":"BreadcrumbList","@id":"https:\/\/rs-audiovideo.com\/index.php\/product\/mezclador-video-blackmagic-atem-mini-extreme\/#breadcrumb","itemListElement":[{"@type":"ListItem","position":1,"name":"Home","item":"https:\/\/rs-audiovideo.com\/"},{"@type":"ListItem","position":2,"name":"Shop","item":"https:\/\/rs-audiovideo.com\/index.php\/shop-2\/"},{"@type":"ListItem","position":3,"name":"MEZCLADOR VIDEO BLACKMAGIC ATEM MINI EXTREME"}]},{"@type":"WebSite","@id":"https:\/\/rs-audiovideo.com\/#website","url":"https:\/\/rs-audiovideo.com\/","name":"Soluciones, Asesoria y Venta de Equipos Audiovisuales","description":"","publisher":{"@id":"https:\/\/rs-audiovideo.com\/#organization"},"potentialAction":[{"@type":"SearchAction","target":{"@type":"EntryPoint","urlTemplate":"https:\/\/rs-audiovideo.com\/?s={search_term_string}"},"query-input":{"@type":"PropertyValueSpecification","valueRequired":true,"valueName":"search_term_string"}}],"inLanguage":"en-US"},{"@type":"Organization","@id":"https:\/\/rs-audiovideo.com\/#organization","name":"Soluciones, Asesoria y Venta de Equipos Audiovisuales","url":"https:\/\/rs-audiovideo.com\/","logo":{"@type":"ImageObject","inLanguage":"en-US","@id":"https:\/\/rs-audiovideo.com\/#\/schema\/logo\/image\/","url":"https:\/\/rs-audiovideo.com\/wp-content\/uploads\/2024\/06\/cropped-logointro.png","contentUrl":"https:\/\/rs-audiovideo.com\/wp-content\/uploads\/2024\/06\/cropped-logointro.png","width":579,"height":127,"caption":"Soluciones, Asesoria y Venta de Equipos Audiovisuales"},"image":{"@id":"https:\/\/rs-audiovideo.com\/#\/schema\/logo\/image\/"}}]}},"_links":{"self":[{"href":"https:\/\/rs-audiovideo.com\/index.php\/wp-json\/wp\/v2\/product\/5585","targetHints":{"allow":["GET"]}}],"collection":[{"href":"https:\/\/rs-audiovideo.com\/index.php\/wp-json\/wp\/v2\/product"}],"about":[{"href":"https:\/\/rs-audiovideo.com\/index.php\/wp-json\/wp\/v2\/types\/product"}],"replies":[{"embeddable":true,"href":"https:\/\/rs-audiovideo.com\/index.php\/wp-json\/wp\/v2\/comments?post=5585"}],"wp:featuredmedia":[{"embeddable":true,"href":"https:\/\/rs-audiovideo.com\/index.php\/wp-json\/wp\/v2\/media\/5588"}],"wp:attachment":[{"href":"https:\/\/rs-audiovideo.com\/index.php\/wp-json\/wp\/v2\/media?parent=5585"}],"wp:term":[{"taxonomy":"product_brand","embeddable":true,"href":"https:\/\/rs-audiovideo.com\/index.php\/wp-json\/wp\/v2\/product_brand?post=5585"},{"taxonomy":"product_cat","embeddable":true,"href":"https:\/\/rs-audiovideo.com\/index.php\/wp-json\/wp\/v2\/product_cat?post=5585"},{"taxonomy":"product_tag","embeddable":true,"href":"https:\/\/rs-audiovideo.com\/index.php\/wp-json\/wp\/v2\/product_tag?post=5585"}],"curies":[{"name":"wp","href":"https:\/\/api.w.org\/{rel}","templated":true}]}}