{"id":5589,"date":"2024-06-13T22:39:12","date_gmt":"2024-06-13T22:39:12","guid":{"rendered":"https:\/\/rs-audiovideo.com\/?post_type=product&#038;p=5589"},"modified":"2024-06-21T23:54:52","modified_gmt":"2024-06-21T23:54:52","slug":"soundcraft-ui16-consola-digital-16ch-wifi","status":"publish","type":"product","link":"https:\/\/rs-audiovideo.com\/index.php\/product\/soundcraft-ui16-consola-digital-16ch-wifi\/","title":{"rendered":"Soundcraft Ui16 Consola digital 16Ch"},"content":{"rendered":"<p>Mezclador de la serie Ui ofrece compatibilidad entre plataformas con dispositivos iOS, Android, Windows, Mac OS y Linux y puede utilizar hasta 10 dispositivos de control simult\u00e1neamente. Los\u00a0<strong>Ui16<\/strong>\u00a0incorporan el procesamiento de se\u00f1al HARMAN de dbx, DigiTech y Lexicon, incluyendo dbx AFS2, DigiTech Amp Modeling y m\u00e1s. cuenta con ganancia de micr\u00f3fono y alimentaci\u00f3n Ghost completamente remotos y controlados a distancia, junto con EQ param\u00e9trico de 4 bandas, filtro de paso alto, compresor, de-esser y puerta de ruido en los canales de entrada.<\/p>\n<p>Ofrece ecualizaci\u00f3n gr\u00e1fica de 31 bandas, compuerta de ruido y compresor en todas las salidas, adem\u00e1s de un analizador de frecuencia en tiempo real (RTA) en entradas y salidas. Construido en tres autobuses dedicados de Lexicon FX: Reverb, Delay y Chorus. Adem\u00e1s, los controles del mezclador incluyen subgrupos, grupos Mute y grupos View, entre otros. El mezclador\u00a0<strong>Ui16<\/strong>\u00a0ofrece una capacidad de memoria completa de presentaci\u00f3n\/instant\u00e1nea con cajas fuertes de recuperaci\u00f3n de canales. Mientras que las caracter\u00edsticas de bloqueo de seguridad permiten la personalizaci\u00f3n del acceso del dispositivo s\u00f3lo a funciones espec\u00edficas y mezclas si es necesario. Ambas mezcladoras tambi\u00e9n ofrecen interfaces de red independientes a bordo para un control simult\u00e1neo por Wi-Fi y Ethernet, adem\u00e1s de un chasis resistente al suelo para aplicaciones en vivo.<\/p>\n<p><strong>La Soundcraft Ui16<\/strong>\u00a0cuenta con ocho entradas combinadas XLR de micr\u00f3fono \/ l\u00ednea, cuatro entradas de micr\u00f3fono XLR, dos canales de entradas Hi- Z \/ instrumento, as\u00ed como una entrada de l\u00ednea est\u00e9reo RCA. Se incluye un reproductor de medios USB de 2 canales, cuatro salidas XLR balanceadas, dos salidas de auriculares de cuarto de pulgada con control de nivel, adem\u00e1s de salidas XLR est\u00e9reo balanceadas y salidas principales de un cuarto de pulgada. La reproducci\u00f3n de audio USB de dos canales es compatible con los formatos MP3, WAV y AIFF, y la funcionalidad de dispositivos USB de 2 canales de grabaci\u00f3n directa a memoria tambi\u00e9n es posible. El\u00a0<strong>Ui16<\/strong>\u00a0tambi\u00e9n tiene una salida de conexi\u00f3n de pantalla HDMI.<\/p>\n<ul>\n<li>Tablet \/ PC \/ Smartphone Controlled Digital Mixer<\/li>\n<li>Wi-Fi integrado<\/li>\n<li>Compatibilidad entre plataformas con dispositivos iOS, Android, Windows, Mac OS y Linux<\/li>\n<li>Utilice hasta 10 dispositivos de control (tabletas, tel\u00e9fonos, PCs) simult\u00e1neamente<\/li>\n<li>Legendary Harman Signal Processing de dbx\u00ae, Digitech\u00ae y Lexicon\u00ae<\/li>\n<li>Preamplificadores de micr\u00f3fono completamente remotos y controlados a distancia<\/li>\n<li>Ecualizador param\u00e9trico de 4 bandas, filtro de paso alto, compresor, de-esser y noise gate en los canales de entrada<\/li>\n<li>EQ gr\u00e1fico de 31 bandas, Noise Gate y compresor en todas las salidas<\/li>\n<li>Analizador de frecuencia en tiempo real (RTA) en entradas y salidas<\/li>\n<li>3 procesadores de efectos dedicados Lexicon\u00ae FX: Reverb, Delay y Chorus<\/li>\n<li>Subgrupos, Mute Groups, View Groups y m\u00e1s controles de mezclador<\/li>\n<li>Mostrar \/ Recuerdo de instant\u00e1nea con cajas fuertes de canales y bloqueo de seguridad<\/li>\n<li>Reproducci\u00f3n y grabaci\u00f3n de audio USB de 2 canales<\/li>\n<li>Sistema de limitaci\u00f3n de acceso protegido por contrase\u00f1a<\/li>\n<li>ID de sincronizaci\u00f3n (varias ventanas del navegador que permanecen en el canal Sync)<\/li>\n<\/ul>\n","protected":false},"excerpt":{"rendered":"<p>Mezclador de la serie Ui ofrece compatibilidad entre plataformas con dispositivos iOS, Android, Windows, Mac OS y Linux y puede utilizar hasta 10 dispositivos de control simult\u00e1neamente. Los\u00a0Ui16\u00a0incorporan el procesamiento<\/p>\n","protected":false},"featured_media":5591,"comment_status":"open","ping_status":"closed","template":"","meta":{"_acf_changed":false},"product_brand":[],"product_cat":[243,231,262],"product_tag":[],"class_list":{"0":"post-5589","1":"product","2":"type-product","3":"status-publish","4":"has-post-thumbnail","6":"product_cat-consola-audio-digital","7":"product_cat-sonido-profesional","8":"product_cat-soundcraft","10":"first","11":"instock","12":"shipping-taxable","13":"purchasable","14":"product-type-simple","15":"add-to-wishlist-after_add_to_cart"},"acf":[],"yoast_head":"<!-- This site is optimized with the Yoast SEO plugin v26.0 - https:\/\/yoast.com\/wordpress\/plugins\/seo\/ -->\n<title>Soundcraft Ui16 Consola digital 16Ch - Soluciones, Asesoria y Venta de Equipos Audiovisuales<\/title>\n<meta name=\"description\" content=\"Los Mejores equipos de sonido profesional para tus proyectos, cumpliendo garant\u00eda, soporte y respaldo, Env\u00edos a nivel nacional Colombia.\" \/>\n<meta name=\"robots\" content=\"index, follow, max-snippet:-1, max-image-preview:large, max-video-preview:-1\" \/>\n<link rel=\"canonical\" href=\"https:\/\/rs-audiovideo.com\/index.php\/product\/soundcraft-ui16-consola-digital-16ch-wifi\/\" \/>\n<meta property=\"og:locale\" content=\"en_US\" \/>\n<meta property=\"og:type\" content=\"article\" \/>\n<meta property=\"og:title\" content=\"Soundcraft Ui16 Consola digital 16Ch - Soluciones, Asesoria y Venta de Equipos Audiovisuales\" \/>\n<meta property=\"og:description\" content=\"Los Mejores equipos de sonido profesional para tus proyectos, cumpliendo garant\u00eda, soporte y respaldo, Env\u00edos a nivel nacional Colombia.\" \/>\n<meta property=\"og:url\" content=\"https:\/\/rs-audiovideo.com\/index.php\/product\/soundcraft-ui16-consola-digital-16ch-wifi\/\" \/>\n<meta property=\"og:site_name\" content=\"Soluciones, Asesoria y Venta de Equipos Audiovisuales\" \/>\n<meta property=\"article:modified_time\" content=\"2024-06-21T23:54:52+00:00\" \/>\n<meta property=\"og:image\" content=\"https:\/\/rs-audiovideo.com\/wp-content\/uploads\/2024\/06\/ui16.jpg\" \/>\n\t<meta property=\"og:image:width\" content=\"1200\" \/>\n\t<meta property=\"og:image:height\" content=\"1200\" \/>\n\t<meta property=\"og:image:type\" content=\"image\/jpeg\" \/>\n<meta name=\"twitter:card\" content=\"summary_large_image\" \/>\n<meta name=\"twitter:label1\" content=\"Est. reading time\" \/>\n\t<meta name=\"twitter:data1\" content=\"3 minutes\" \/>\n<script type=\"application\/ld+json\" class=\"yoast-schema-graph\">{\"@context\":\"https:\/\/schema.org\",\"@graph\":[{\"@type\":\"WebPage\",\"@id\":\"https:\/\/rs-audiovideo.com\/index.php\/product\/soundcraft-ui16-consola-digital-16ch-wifi\/\",\"url\":\"https:\/\/rs-audiovideo.com\/index.php\/product\/soundcraft-ui16-consola-digital-16ch-wifi\/\",\"name\":\"Soundcraft Ui16 Consola digital 16Ch - Soluciones, Asesoria y Venta de Equipos Audiovisuales\",\"isPartOf\":{\"@id\":\"https:\/\/rs-audiovideo.com\/#website\"},\"primaryImageOfPage\":{\"@id\":\"https:\/\/rs-audiovideo.com\/index.php\/product\/soundcraft-ui16-consola-digital-16ch-wifi\/#primaryimage\"},\"image\":{\"@id\":\"https:\/\/rs-audiovideo.com\/index.php\/product\/soundcraft-ui16-consola-digital-16ch-wifi\/#primaryimage\"},\"thumbnailUrl\":\"https:\/\/rs-audiovideo.com\/wp-content\/uploads\/2024\/06\/ui16.jpg\",\"datePublished\":\"2024-06-13T22:39:12+00:00\",\"dateModified\":\"2024-06-21T23:54:52+00:00\",\"description\":\"Los Mejores equipos de sonido profesional para tus proyectos, cumpliendo garant\u00eda, soporte y respaldo, Env\u00edos a nivel nacional Colombia.\",\"breadcrumb\":{\"@id\":\"https:\/\/rs-audiovideo.com\/index.php\/product\/soundcraft-ui16-consola-digital-16ch-wifi\/#breadcrumb\"},\"inLanguage\":\"en-US\",\"potentialAction\":[{\"@type\":\"ReadAction\",\"target\":[\"https:\/\/rs-audiovideo.com\/index.php\/product\/soundcraft-ui16-consola-digital-16ch-wifi\/\"]}]},{\"@type\":\"ImageObject\",\"inLanguage\":\"en-US\",\"@id\":\"https:\/\/rs-audiovideo.com\/index.php\/product\/soundcraft-ui16-consola-digital-16ch-wifi\/#primaryimage\",\"url\":\"https:\/\/rs-audiovideo.com\/wp-content\/uploads\/2024\/06\/ui16.jpg\",\"contentUrl\":\"https:\/\/rs-audiovideo.com\/wp-content\/uploads\/2024\/06\/ui16.jpg\",\"width\":1200,\"height\":1200},{\"@type\":\"BreadcrumbList\",\"@id\":\"https:\/\/rs-audiovideo.com\/index.php\/product\/soundcraft-ui16-consola-digital-16ch-wifi\/#breadcrumb\",\"itemListElement\":[{\"@type\":\"ListItem\",\"position\":1,\"name\":\"Home\",\"item\":\"https:\/\/rs-audiovideo.com\/\"},{\"@type\":\"ListItem\",\"position\":2,\"name\":\"Shop\",\"item\":\"https:\/\/rs-audiovideo.com\/index.php\/shop-2\/\"},{\"@type\":\"ListItem\",\"position\":3,\"name\":\"Soundcraft Ui16 Consola digital 16Ch\"}]},{\"@type\":\"WebSite\",\"@id\":\"https:\/\/rs-audiovideo.com\/#website\",\"url\":\"https:\/\/rs-audiovideo.com\/\",\"name\":\"Soluciones, Asesoria y Venta de Equipos Audiovisuales\",\"description\":\"\",\"publisher\":{\"@id\":\"https:\/\/rs-audiovideo.com\/#organization\"},\"potentialAction\":[{\"@type\":\"SearchAction\",\"target\":{\"@type\":\"EntryPoint\",\"urlTemplate\":\"https:\/\/rs-audiovideo.com\/?s={search_term_string}\"},\"query-input\":{\"@type\":\"PropertyValueSpecification\",\"valueRequired\":true,\"valueName\":\"search_term_string\"}}],\"inLanguage\":\"en-US\"},{\"@type\":\"Organization\",\"@id\":\"https:\/\/rs-audiovideo.com\/#organization\",\"name\":\"Soluciones, Asesoria y Venta de Equipos Audiovisuales\",\"url\":\"https:\/\/rs-audiovideo.com\/\",\"logo\":{\"@type\":\"ImageObject\",\"inLanguage\":\"en-US\",\"@id\":\"https:\/\/rs-audiovideo.com\/#\/schema\/logo\/image\/\",\"url\":\"https:\/\/rs-audiovideo.com\/wp-content\/uploads\/2024\/06\/cropped-logointro.png\",\"contentUrl\":\"https:\/\/rs-audiovideo.com\/wp-content\/uploads\/2024\/06\/cropped-logointro.png\",\"width\":579,\"height\":127,\"caption\":\"Soluciones, Asesoria y Venta de Equipos Audiovisuales\"},\"image\":{\"@id\":\"https:\/\/rs-audiovideo.com\/#\/schema\/logo\/image\/\"}}]}<\/script>\n<!-- \/ Yoast SEO plugin. -->","yoast_head_json":{"title":"Soundcraft Ui16 Consola digital 16Ch - Soluciones, Asesoria y Venta de Equipos Audiovisuales","description":"Los Mejores equipos de sonido profesional para tus proyectos, cumpliendo garant\u00eda, soporte y respaldo, Env\u00edos a nivel nacional Colombia.","robots":{"index":"index","follow":"follow","max-snippet":"max-snippet:-1","max-image-preview":"max-image-preview:large","max-video-preview":"max-video-preview:-1"},"canonical":"https:\/\/rs-audiovideo.com\/index.php\/product\/soundcraft-ui16-consola-digital-16ch-wifi\/","og_locale":"en_US","og_type":"article","og_title":"Soundcraft Ui16 Consola digital 16Ch - Soluciones, Asesoria y Venta de Equipos Audiovisuales","og_description":"Los Mejores equipos de sonido profesional para tus proyectos, cumpliendo garant\u00eda, soporte y respaldo, Env\u00edos a nivel nacional Colombia.","og_url":"https:\/\/rs-audiovideo.com\/index.php\/product\/soundcraft-ui16-consola-digital-16ch-wifi\/","og_site_name":"Soluciones, Asesoria y Venta de Equipos Audiovisuales","article_modified_time":"2024-06-21T23:54:52+00:00","og_image":[{"width":1200,"height":1200,"url":"https:\/\/rs-audiovideo.com\/wp-content\/uploads\/2024\/06\/ui16.jpg","type":"image\/jpeg"}],"twitter_card":"summary_large_image","twitter_misc":{"Est. reading time":"3 minutes"},"schema":{"@context":"https:\/\/schema.org","@graph":[{"@type":"WebPage","@id":"https:\/\/rs-audiovideo.com\/index.php\/product\/soundcraft-ui16-consola-digital-16ch-wifi\/","url":"https:\/\/rs-audiovideo.com\/index.php\/product\/soundcraft-ui16-consola-digital-16ch-wifi\/","name":"Soundcraft Ui16 Consola digital 16Ch - Soluciones, Asesoria y Venta de Equipos Audiovisuales","isPartOf":{"@id":"https:\/\/rs-audiovideo.com\/#website"},"primaryImageOfPage":{"@id":"https:\/\/rs-audiovideo.com\/index.php\/product\/soundcraft-ui16-consola-digital-16ch-wifi\/#primaryimage"},"image":{"@id":"https:\/\/rs-audiovideo.com\/index.php\/product\/soundcraft-ui16-consola-digital-16ch-wifi\/#primaryimage"},"thumbnailUrl":"https:\/\/rs-audiovideo.com\/wp-content\/uploads\/2024\/06\/ui16.jpg","datePublished":"2024-06-13T22:39:12+00:00","dateModified":"2024-06-21T23:54:52+00:00","description":"Los Mejores equipos de sonido profesional para tus proyectos, cumpliendo garant\u00eda, soporte y respaldo, Env\u00edos a nivel nacional Colombia.","breadcrumb":{"@id":"https:\/\/rs-audiovideo.com\/index.php\/product\/soundcraft-ui16-consola-digital-16ch-wifi\/#breadcrumb"},"inLanguage":"en-US","potentialAction":[{"@type":"ReadAction","target":["https:\/\/rs-audiovideo.com\/index.php\/product\/soundcraft-ui16-consola-digital-16ch-wifi\/"]}]},{"@type":"ImageObject","inLanguage":"en-US","@id":"https:\/\/rs-audiovideo.com\/index.php\/product\/soundcraft-ui16-consola-digital-16ch-wifi\/#primaryimage","url":"https:\/\/rs-audiovideo.com\/wp-content\/uploads\/2024\/06\/ui16.jpg","contentUrl":"https:\/\/rs-audiovideo.com\/wp-content\/uploads\/2024\/06\/ui16.jpg","width":1200,"height":1200},{"@type":"BreadcrumbList","@id":"https:\/\/rs-audiovideo.com\/index.php\/product\/soundcraft-ui16-consola-digital-16ch-wifi\/#breadcrumb","itemListElement":[{"@type":"ListItem","position":1,"name":"Home","item":"https:\/\/rs-audiovideo.com\/"},{"@type":"ListItem","position":2,"name":"Shop","item":"https:\/\/rs-audiovideo.com\/index.php\/shop-2\/"},{"@type":"ListItem","position":3,"name":"Soundcraft Ui16 Consola digital 16Ch"}]},{"@type":"WebSite","@id":"https:\/\/rs-audiovideo.com\/#website","url":"https:\/\/rs-audiovideo.com\/","name":"Soluciones, Asesoria y Venta de Equipos Audiovisuales","description":"","publisher":{"@id":"https:\/\/rs-audiovideo.com\/#organization"},"potentialAction":[{"@type":"SearchAction","target":{"@type":"EntryPoint","urlTemplate":"https:\/\/rs-audiovideo.com\/?s={search_term_string}"},"query-input":{"@type":"PropertyValueSpecification","valueRequired":true,"valueName":"search_term_string"}}],"inLanguage":"en-US"},{"@type":"Organization","@id":"https:\/\/rs-audiovideo.com\/#organization","name":"Soluciones, Asesoria y Venta de Equipos Audiovisuales","url":"https:\/\/rs-audiovideo.com\/","logo":{"@type":"ImageObject","inLanguage":"en-US","@id":"https:\/\/rs-audiovideo.com\/#\/schema\/logo\/image\/","url":"https:\/\/rs-audiovideo.com\/wp-content\/uploads\/2024\/06\/cropped-logointro.png","contentUrl":"https:\/\/rs-audiovideo.com\/wp-content\/uploads\/2024\/06\/cropped-logointro.png","width":579,"height":127,"caption":"Soluciones, Asesoria y Venta de Equipos Audiovisuales"},"image":{"@id":"https:\/\/rs-audiovideo.com\/#\/schema\/logo\/image\/"}}]}},"_links":{"self":[{"href":"https:\/\/rs-audiovideo.com\/index.php\/wp-json\/wp\/v2\/product\/5589","targetHints":{"allow":["GET"]}}],"collection":[{"href":"https:\/\/rs-audiovideo.com\/index.php\/wp-json\/wp\/v2\/product"}],"about":[{"href":"https:\/\/rs-audiovideo.com\/index.php\/wp-json\/wp\/v2\/types\/product"}],"replies":[{"embeddable":true,"href":"https:\/\/rs-audiovideo.com\/index.php\/wp-json\/wp\/v2\/comments?post=5589"}],"wp:featuredmedia":[{"embeddable":true,"href":"https:\/\/rs-audiovideo.com\/index.php\/wp-json\/wp\/v2\/media\/5591"}],"wp:attachment":[{"href":"https:\/\/rs-audiovideo.com\/index.php\/wp-json\/wp\/v2\/media?parent=5589"}],"wp:term":[{"taxonomy":"product_brand","embeddable":true,"href":"https:\/\/rs-audiovideo.com\/index.php\/wp-json\/wp\/v2\/product_brand?post=5589"},{"taxonomy":"product_cat","embeddable":true,"href":"https:\/\/rs-audiovideo.com\/index.php\/wp-json\/wp\/v2\/product_cat?post=5589"},{"taxonomy":"product_tag","embeddable":true,"href":"https:\/\/rs-audiovideo.com\/index.php\/wp-json\/wp\/v2\/product_tag?post=5589"}],"curies":[{"name":"wp","href":"https:\/\/api.w.org\/{rel}","templated":true}]}}