{"id":5592,"date":"2024-06-13T22:41:10","date_gmt":"2024-06-13T22:41:10","guid":{"rendered":"https:\/\/rs-audiovideo.com\/?post_type=product&#038;p=5592"},"modified":"2024-06-19T00:08:57","modified_gmt":"2024-06-19T00:08:57","slug":"soundcraft-signature-10-consola-mezcladora-6mic-2st-usb","status":"publish","type":"product","link":"https:\/\/rs-audiovideo.com\/index.php\/product\/soundcraft-signature-10-consola-mezcladora-6mic-2st-usb\/","title":{"rendered":"Soundcraft Signature 10 Consola Mezcladora \/ 6mic \u2013 2st \u2013 USB"},"content":{"rendered":"<p>Todas las consolas de la serie\u00a0<strong>Soundcraft Signature<\/strong>\u00a0incorporan los preamplificadores de micr\u00f3fono Ghost de\u00a0<strong>Soundcraft<\/strong>, extra\u00eddos directamente de las consolas profesionales de primera l\u00ednea de la compa\u00f1\u00eda, para ofrecer una extraordinaria calidad de audio con gran espacio libre, amplio rango din\u00e1mico y excepcional resoluci\u00f3n y claridad con una excelente se\u00f1al al ruido proporci\u00f3n. Emplean el Sapphyre Assymetric EQ de Soundcraft para igualar perfectamente cada elemento vocal e instrumental en una mezcla con la inconfundible musicalidad inherente a cada consola de Soundcraft, adem\u00e1s de la tecnolog\u00eda de enrutamiento de audio de la serie GB famosa en miles de salas en vivo en todo el mundo.<\/p>\n<p>Todos ellos incluyen una amplia variedad de efectos de reverb, chorus, modulaci\u00f3n y otros efectos y limitadores de dbx incorporados en los canales de entrada de Lexicon studio-grade. Las consolas ofrecen entradas XLR y conmutables Hi-Z que permiten conectar directamente guitarras, bajos y otros instrumentos.<\/p>\n<p>Soundcraft Signature 10 viene con una interfaz USB de 2-in \/ 2-out. Acompa\u00f1ando las consolas son descargas gratuitas del plug-in nativo Lexicon MPX-L y Ableton Live 9 Lite.<\/p>\n<p>Adem\u00e1s, las consolas cuentan con faders suaves y de calidad premium con enrutamiento de audio de la serie GB\u00ae con conmutaci\u00f3n pre\/post flexible en cada Aux y subgrupos con potentes opciones de enrutamiento y conmutaci\u00f3n, as\u00ed como salidas dedicadas. Las Series Signature se construyen utilizando una construcci\u00f3n de metal robusto y componentes de alta calidad y tienen una fuente de alimentaci\u00f3n interna universal.<\/p>\n<h3>Especificaciones T\u00e9cnicas<\/h3>\n<ul>\n<li>10-mezcladores de entrada anal\u00f3gicas de formato peque\u00f1o en el rendimiento altos con efectos integrados<\/li>\n<li>Ic\u00f3nicos preamplificadores de micr\u00f3fono fantasma Soundcraft\u00ae con un rendimiento ultra-bajo ruido<\/li>\n<li>El reconocido EQ Soundcraft\u00ae Sapphyre brit\u00e1nico con barrido de medios-bandas por canal<\/li>\n<li>Lexicon\u00ae Efectos del motor que ofrece galardonados reverberaciones, retardos, chorus y modulaciones<\/li>\n<li>dbx\u00ae limitadores (de alta relaci\u00f3n de compresores) en canales de entrada<br \/>\n\/ Reproducci\u00f3n de audio 2 de salida del USB 2-in y la grabaci\u00f3n *<\/li>\n<li>entradas de alta impedancia que permite cambiar entre guitarras, bajos y otros instrumentos<\/li>\n<li>Los filtros pasa-altos (corte bajo) y 48 V de alimentaci\u00f3n phantom en todos los canales de micr\u00f3fono<\/li>\n<li>enrutamiento de audio integral Soundcraft\u00ae GB Series<\/li>\n<li>atenuadores de primera calidad lisos<\/li>\n<li>Construcci\u00f3n de metal s\u00f3lido para la calidad y la fiabilidad de construcci\u00f3n recorrido de grado<\/li>\n<li>fuente de alimentaci\u00f3n interna universal<br \/>\n* Compatibilidad de la interfaz USB: PC: Compatible con Windows 7, Windows 8 y Windows 10. Mac: Mac OS 10.7.x Soporta Le\u00f3n a trav\u00e9s 10.11.x El Capit\u00e1n<\/li>\n<\/ul>\n","protected":false},"excerpt":{"rendered":"<p>Todas las consolas de la serie\u00a0Soundcraft Signature\u00a0incorporan los preamplificadores de micr\u00f3fono Ghost de\u00a0Soundcraft, extra\u00eddos directamente de las consolas profesionales de primera l\u00ednea de la compa\u00f1\u00eda, para ofrecer una extraordinaria calidad<\/p>\n","protected":false},"featured_media":5593,"comment_status":"open","ping_status":"closed","template":"","meta":{"_acf_changed":false},"product_brand":[],"product_cat":[244,231,262],"product_tag":[],"class_list":{"0":"post-5592","1":"product","2":"type-product","3":"status-publish","4":"has-post-thumbnail","6":"product_cat-consola-audio-analoga","7":"product_cat-sonido-profesional","8":"product_cat-soundcraft","10":"first","11":"instock","12":"shipping-taxable","13":"purchasable","14":"product-type-simple","15":"add-to-wishlist-after_add_to_cart"},"acf":[],"yoast_head":"<!-- This site is optimized with the Yoast SEO plugin v26.0 - https:\/\/yoast.com\/wordpress\/plugins\/seo\/ -->\n<title>Soundcraft Signature 10 Consola Mezcladora \/ 6mic \u2013 2st \u2013 USB - Soluciones, Asesoria y Venta de Equipos Audiovisuales<\/title>\n<meta name=\"description\" content=\"Los Mejores equipos de sonido profesional para tus proyectos, cumpliendo garant\u00eda, soporte y respaldo, Env\u00edos a nivel nacional Colombia.\" \/>\n<meta name=\"robots\" content=\"index, follow, max-snippet:-1, max-image-preview:large, max-video-preview:-1\" \/>\n<link rel=\"canonical\" href=\"https:\/\/rs-audiovideo.com\/index.php\/product\/soundcraft-signature-10-consola-mezcladora-6mic-2st-usb\/\" \/>\n<meta property=\"og:locale\" content=\"en_US\" \/>\n<meta property=\"og:type\" content=\"article\" \/>\n<meta property=\"og:title\" content=\"Soundcraft Signature 10 Consola Mezcladora \/ 6mic \u2013 2st \u2013 USB - Soluciones, Asesoria y Venta de Equipos Audiovisuales\" \/>\n<meta property=\"og:description\" content=\"Los Mejores equipos de sonido profesional para tus proyectos, cumpliendo garant\u00eda, soporte y respaldo, Env\u00edos a nivel nacional Colombia.\" \/>\n<meta property=\"og:url\" content=\"https:\/\/rs-audiovideo.com\/index.php\/product\/soundcraft-signature-10-consola-mezcladora-6mic-2st-usb\/\" \/>\n<meta property=\"og:site_name\" content=\"Soluciones, Asesoria y Venta de Equipos Audiovisuales\" \/>\n<meta property=\"article:modified_time\" content=\"2024-06-19T00:08:57+00:00\" \/>\n<meta property=\"og:image\" content=\"https:\/\/rs-audiovideo.com\/wp-content\/uploads\/2024\/06\/signature-10.jpg\" \/>\n\t<meta property=\"og:image:width\" content=\"1000\" \/>\n\t<meta property=\"og:image:height\" content=\"1000\" \/>\n\t<meta property=\"og:image:type\" content=\"image\/jpeg\" \/>\n<meta name=\"twitter:card\" content=\"summary_large_image\" \/>\n<meta name=\"twitter:label1\" content=\"Est. reading time\" \/>\n\t<meta name=\"twitter:data1\" content=\"2 minutes\" \/>\n<script type=\"application\/ld+json\" class=\"yoast-schema-graph\">{\"@context\":\"https:\/\/schema.org\",\"@graph\":[{\"@type\":\"WebPage\",\"@id\":\"https:\/\/rs-audiovideo.com\/index.php\/product\/soundcraft-signature-10-consola-mezcladora-6mic-2st-usb\/\",\"url\":\"https:\/\/rs-audiovideo.com\/index.php\/product\/soundcraft-signature-10-consola-mezcladora-6mic-2st-usb\/\",\"name\":\"Soundcraft Signature 10 Consola Mezcladora \/ 6mic \u2013 2st \u2013 USB - Soluciones, Asesoria y Venta de Equipos Audiovisuales\",\"isPartOf\":{\"@id\":\"https:\/\/rs-audiovideo.com\/#website\"},\"primaryImageOfPage\":{\"@id\":\"https:\/\/rs-audiovideo.com\/index.php\/product\/soundcraft-signature-10-consola-mezcladora-6mic-2st-usb\/#primaryimage\"},\"image\":{\"@id\":\"https:\/\/rs-audiovideo.com\/index.php\/product\/soundcraft-signature-10-consola-mezcladora-6mic-2st-usb\/#primaryimage\"},\"thumbnailUrl\":\"https:\/\/rs-audiovideo.com\/wp-content\/uploads\/2024\/06\/signature-10.jpg\",\"datePublished\":\"2024-06-13T22:41:10+00:00\",\"dateModified\":\"2024-06-19T00:08:57+00:00\",\"description\":\"Los Mejores equipos de sonido profesional para tus proyectos, cumpliendo garant\u00eda, soporte y respaldo, Env\u00edos a nivel nacional Colombia.\",\"breadcrumb\":{\"@id\":\"https:\/\/rs-audiovideo.com\/index.php\/product\/soundcraft-signature-10-consola-mezcladora-6mic-2st-usb\/#breadcrumb\"},\"inLanguage\":\"en-US\",\"potentialAction\":[{\"@type\":\"ReadAction\",\"target\":[\"https:\/\/rs-audiovideo.com\/index.php\/product\/soundcraft-signature-10-consola-mezcladora-6mic-2st-usb\/\"]}]},{\"@type\":\"ImageObject\",\"inLanguage\":\"en-US\",\"@id\":\"https:\/\/rs-audiovideo.com\/index.php\/product\/soundcraft-signature-10-consola-mezcladora-6mic-2st-usb\/#primaryimage\",\"url\":\"https:\/\/rs-audiovideo.com\/wp-content\/uploads\/2024\/06\/signature-10.jpg\",\"contentUrl\":\"https:\/\/rs-audiovideo.com\/wp-content\/uploads\/2024\/06\/signature-10.jpg\",\"width\":1000,\"height\":1000},{\"@type\":\"BreadcrumbList\",\"@id\":\"https:\/\/rs-audiovideo.com\/index.php\/product\/soundcraft-signature-10-consola-mezcladora-6mic-2st-usb\/#breadcrumb\",\"itemListElement\":[{\"@type\":\"ListItem\",\"position\":1,\"name\":\"Home\",\"item\":\"https:\/\/rs-audiovideo.com\/\"},{\"@type\":\"ListItem\",\"position\":2,\"name\":\"Shop\",\"item\":\"https:\/\/rs-audiovideo.com\/index.php\/shop-2\/\"},{\"@type\":\"ListItem\",\"position\":3,\"name\":\"Soundcraft Signature 10 Consola Mezcladora \/ 6mic \u2013 2st \u2013 USB\"}]},{\"@type\":\"WebSite\",\"@id\":\"https:\/\/rs-audiovideo.com\/#website\",\"url\":\"https:\/\/rs-audiovideo.com\/\",\"name\":\"Soluciones, Asesoria y Venta de Equipos Audiovisuales\",\"description\":\"\",\"publisher\":{\"@id\":\"https:\/\/rs-audiovideo.com\/#organization\"},\"potentialAction\":[{\"@type\":\"SearchAction\",\"target\":{\"@type\":\"EntryPoint\",\"urlTemplate\":\"https:\/\/rs-audiovideo.com\/?s={search_term_string}\"},\"query-input\":{\"@type\":\"PropertyValueSpecification\",\"valueRequired\":true,\"valueName\":\"search_term_string\"}}],\"inLanguage\":\"en-US\"},{\"@type\":\"Organization\",\"@id\":\"https:\/\/rs-audiovideo.com\/#organization\",\"name\":\"Soluciones, Asesoria y Venta de Equipos Audiovisuales\",\"url\":\"https:\/\/rs-audiovideo.com\/\",\"logo\":{\"@type\":\"ImageObject\",\"inLanguage\":\"en-US\",\"@id\":\"https:\/\/rs-audiovideo.com\/#\/schema\/logo\/image\/\",\"url\":\"https:\/\/rs-audiovideo.com\/wp-content\/uploads\/2024\/06\/cropped-logointro.png\",\"contentUrl\":\"https:\/\/rs-audiovideo.com\/wp-content\/uploads\/2024\/06\/cropped-logointro.png\",\"width\":579,\"height\":127,\"caption\":\"Soluciones, Asesoria y Venta de Equipos Audiovisuales\"},\"image\":{\"@id\":\"https:\/\/rs-audiovideo.com\/#\/schema\/logo\/image\/\"}}]}<\/script>\n<!-- \/ Yoast SEO plugin. -->","yoast_head_json":{"title":"Soundcraft Signature 10 Consola Mezcladora \/ 6mic \u2013 2st \u2013 USB - Soluciones, Asesoria y Venta de Equipos Audiovisuales","description":"Los Mejores equipos de sonido profesional para tus proyectos, cumpliendo garant\u00eda, soporte y respaldo, Env\u00edos a nivel nacional Colombia.","robots":{"index":"index","follow":"follow","max-snippet":"max-snippet:-1","max-image-preview":"max-image-preview:large","max-video-preview":"max-video-preview:-1"},"canonical":"https:\/\/rs-audiovideo.com\/index.php\/product\/soundcraft-signature-10-consola-mezcladora-6mic-2st-usb\/","og_locale":"en_US","og_type":"article","og_title":"Soundcraft Signature 10 Consola Mezcladora \/ 6mic \u2013 2st \u2013 USB - Soluciones, Asesoria y Venta de Equipos Audiovisuales","og_description":"Los Mejores equipos de sonido profesional para tus proyectos, cumpliendo garant\u00eda, soporte y respaldo, Env\u00edos a nivel nacional Colombia.","og_url":"https:\/\/rs-audiovideo.com\/index.php\/product\/soundcraft-signature-10-consola-mezcladora-6mic-2st-usb\/","og_site_name":"Soluciones, Asesoria y Venta de Equipos Audiovisuales","article_modified_time":"2024-06-19T00:08:57+00:00","og_image":[{"width":1000,"height":1000,"url":"https:\/\/rs-audiovideo.com\/wp-content\/uploads\/2024\/06\/signature-10.jpg","type":"image\/jpeg"}],"twitter_card":"summary_large_image","twitter_misc":{"Est. reading time":"2 minutes"},"schema":{"@context":"https:\/\/schema.org","@graph":[{"@type":"WebPage","@id":"https:\/\/rs-audiovideo.com\/index.php\/product\/soundcraft-signature-10-consola-mezcladora-6mic-2st-usb\/","url":"https:\/\/rs-audiovideo.com\/index.php\/product\/soundcraft-signature-10-consola-mezcladora-6mic-2st-usb\/","name":"Soundcraft Signature 10 Consola Mezcladora \/ 6mic \u2013 2st \u2013 USB - Soluciones, Asesoria y Venta de Equipos Audiovisuales","isPartOf":{"@id":"https:\/\/rs-audiovideo.com\/#website"},"primaryImageOfPage":{"@id":"https:\/\/rs-audiovideo.com\/index.php\/product\/soundcraft-signature-10-consola-mezcladora-6mic-2st-usb\/#primaryimage"},"image":{"@id":"https:\/\/rs-audiovideo.com\/index.php\/product\/soundcraft-signature-10-consola-mezcladora-6mic-2st-usb\/#primaryimage"},"thumbnailUrl":"https:\/\/rs-audiovideo.com\/wp-content\/uploads\/2024\/06\/signature-10.jpg","datePublished":"2024-06-13T22:41:10+00:00","dateModified":"2024-06-19T00:08:57+00:00","description":"Los Mejores equipos de sonido profesional para tus proyectos, cumpliendo garant\u00eda, soporte y respaldo, Env\u00edos a nivel nacional Colombia.","breadcrumb":{"@id":"https:\/\/rs-audiovideo.com\/index.php\/product\/soundcraft-signature-10-consola-mezcladora-6mic-2st-usb\/#breadcrumb"},"inLanguage":"en-US","potentialAction":[{"@type":"ReadAction","target":["https:\/\/rs-audiovideo.com\/index.php\/product\/soundcraft-signature-10-consola-mezcladora-6mic-2st-usb\/"]}]},{"@type":"ImageObject","inLanguage":"en-US","@id":"https:\/\/rs-audiovideo.com\/index.php\/product\/soundcraft-signature-10-consola-mezcladora-6mic-2st-usb\/#primaryimage","url":"https:\/\/rs-audiovideo.com\/wp-content\/uploads\/2024\/06\/signature-10.jpg","contentUrl":"https:\/\/rs-audiovideo.com\/wp-content\/uploads\/2024\/06\/signature-10.jpg","width":1000,"height":1000},{"@type":"BreadcrumbList","@id":"https:\/\/rs-audiovideo.com\/index.php\/product\/soundcraft-signature-10-consola-mezcladora-6mic-2st-usb\/#breadcrumb","itemListElement":[{"@type":"ListItem","position":1,"name":"Home","item":"https:\/\/rs-audiovideo.com\/"},{"@type":"ListItem","position":2,"name":"Shop","item":"https:\/\/rs-audiovideo.com\/index.php\/shop-2\/"},{"@type":"ListItem","position":3,"name":"Soundcraft Signature 10 Consola Mezcladora \/ 6mic \u2013 2st \u2013 USB"}]},{"@type":"WebSite","@id":"https:\/\/rs-audiovideo.com\/#website","url":"https:\/\/rs-audiovideo.com\/","name":"Soluciones, Asesoria y Venta de Equipos Audiovisuales","description":"","publisher":{"@id":"https:\/\/rs-audiovideo.com\/#organization"},"potentialAction":[{"@type":"SearchAction","target":{"@type":"EntryPoint","urlTemplate":"https:\/\/rs-audiovideo.com\/?s={search_term_string}"},"query-input":{"@type":"PropertyValueSpecification","valueRequired":true,"valueName":"search_term_string"}}],"inLanguage":"en-US"},{"@type":"Organization","@id":"https:\/\/rs-audiovideo.com\/#organization","name":"Soluciones, Asesoria y Venta de Equipos Audiovisuales","url":"https:\/\/rs-audiovideo.com\/","logo":{"@type":"ImageObject","inLanguage":"en-US","@id":"https:\/\/rs-audiovideo.com\/#\/schema\/logo\/image\/","url":"https:\/\/rs-audiovideo.com\/wp-content\/uploads\/2024\/06\/cropped-logointro.png","contentUrl":"https:\/\/rs-audiovideo.com\/wp-content\/uploads\/2024\/06\/cropped-logointro.png","width":579,"height":127,"caption":"Soluciones, Asesoria y Venta de Equipos Audiovisuales"},"image":{"@id":"https:\/\/rs-audiovideo.com\/#\/schema\/logo\/image\/"}}]}},"_links":{"self":[{"href":"https:\/\/rs-audiovideo.com\/index.php\/wp-json\/wp\/v2\/product\/5592","targetHints":{"allow":["GET"]}}],"collection":[{"href":"https:\/\/rs-audiovideo.com\/index.php\/wp-json\/wp\/v2\/product"}],"about":[{"href":"https:\/\/rs-audiovideo.com\/index.php\/wp-json\/wp\/v2\/types\/product"}],"replies":[{"embeddable":true,"href":"https:\/\/rs-audiovideo.com\/index.php\/wp-json\/wp\/v2\/comments?post=5592"}],"wp:featuredmedia":[{"embeddable":true,"href":"https:\/\/rs-audiovideo.com\/index.php\/wp-json\/wp\/v2\/media\/5593"}],"wp:attachment":[{"href":"https:\/\/rs-audiovideo.com\/index.php\/wp-json\/wp\/v2\/media?parent=5592"}],"wp:term":[{"taxonomy":"product_brand","embeddable":true,"href":"https:\/\/rs-audiovideo.com\/index.php\/wp-json\/wp\/v2\/product_brand?post=5592"},{"taxonomy":"product_cat","embeddable":true,"href":"https:\/\/rs-audiovideo.com\/index.php\/wp-json\/wp\/v2\/product_cat?post=5592"},{"taxonomy":"product_tag","embeddable":true,"href":"https:\/\/rs-audiovideo.com\/index.php\/wp-json\/wp\/v2\/product_tag?post=5592"}],"curies":[{"name":"wp","href":"https:\/\/api.w.org\/{rel}","templated":true}]}}