{"id":5611,"date":"2024-06-13T23:04:32","date_gmt":"2024-06-13T23:04:32","guid":{"rendered":"https:\/\/rs-audiovideo.com\/?post_type=product&#038;p=5611"},"modified":"2024-06-19T00:09:28","modified_gmt":"2024-06-19T00:09:28","slug":"consola-digital-digico-21-d-rack-tarjeta-dmi-madi-c-y-cable-cat5-2","status":"publish","type":"product","link":"https:\/\/rs-audiovideo.com\/index.php\/product\/consola-digital-digico-21-d-rack-tarjeta-dmi-madi-c-y-cable-cat5-2\/","title":{"rendered":"Consola Digital DiGiCo 21, D-Rack, tarjeta DMI-MADI C y CAT5"},"content":{"rendered":"<p>Cuando se dise\u00f1\u00f3 la S21, DiGiCo puso su tecnolog\u00eca y trayector\u00eca en este modelo \u00f9nico y compacto. Un procesador ARM quad-core RISC robusto entrega un abundante poder de procesamiento sobre la S21. Las dos pantallas touchscreen brindan un control t\u00e1ctil intuitivo y brindan informaci\u00f3n de f\u00e1cil identificaci\u00f3n visual. Las 24 entradas de micr\u00f3fono\/l\u00ednea que presenta sumado a las 12 salidas an\u00e1logas, brindan un buen n\u00famero de entradas y salidas como punto de partida, mientras que los dos slots de puertos DMI te brindan la opci\u00f3n de poder ampliar con diversos protocolos. La S21 entrega audio digital de clase mundial con una frecuencia de muestreo y tasa de bits de 24-bit\/96kHz y est\u00e1 equipado con un arsenal de efectos digitales. Por \u00faltimo, la interfaz interna USB de 48 canales en la S21 hace que el registro sea muy sencillo. Adem\u00e1s es caracterizado por que su construcci\u00f3n es mediante una extrusi\u00f3n de aluminio de grado aeroespacial y una capa de policarbonato resistente, lo que hace a la DiGiCo S21 es una consola digital hecha para soportar el camino.<\/p>\n<p>La DiGiCo D-Rack es la manera m\u00e1s sencilla de enviar y obtener audio de tu consola digital de la serie S o SD. Ubicas el D-Rack en el escenario, conectas mediante un cable Cat5 a la consola y listo, de una manera sencilla se logra una conexi\u00f3n con una consola con el puerto MADI tipo C \u2013 Esto no solo facilita el transporte de la se\u00f1al en un solo cable liviano, si no que elimina problemas como Humz y ruidos que pod\u00edan filtrarse en un sistema an\u00e1logo. Este stagebox entrega 32 entradas de micr\u00f3fono y 8 salidas anal\u00f3gicas de tipo XLR. Adem\u00e1s presenta un slot de expansi\u00f3n que te da la opci\u00f3n de agregar m\u00e1s salidas del tipo anal\u00f3gico o AES, logrando sumar hasta 16 salidas. El D-Rack es una manera flexible de a\u00f1adir m\u00e1s entradas y salidas a una consola digital DiGiCo.<\/p>\n<p>Esta tarjeta de expansi\u00f3n es usada para conectar una consola digital DiGiCo que tenga slots de expansi\u00f3n MIDI a otro dispositivo DiGiCo que emplee MADI RJ45 Standard (64 canales de entrada y salida) a 48KHz o 96KHz como un D-Rack o D2-Rack que emple\u00e9 los conectores apropiados. El flujo de se\u00f1al MADI (Multichannel Audio Digital Interface) es uno de los protocolos m\u00e1s populares para transmitir grandes cantidades de canales en audio profesional. Su f\u00e1cil uso y posibilidad de que los cables puedan transmitir a grandes distancias con una m\u00ednima p\u00e9rdida, hacen que sea un protocolo muy solicitado en audio en vivo y Broadcast.<\/p>\n<p>DiGiCo ofrece dos tipos de tarjetas DMI MADI(DMI MADI-B y DMI MADI-C), cada una con diferentes puertos de conexi\u00f3n pero con la misma capacidad de administrar los 64 canales a 48KHz y 96KHz. Cuando se trabaja a 96kHz, la conexi\u00f3n B tiene que estar conectada para proveer la totalidad de los 64 canales.\u00bb<\/p>\n","protected":false},"excerpt":{"rendered":"<p>Cuando se dise\u00f1\u00f3 la S21, DiGiCo puso su tecnolog\u00eca y trayector\u00eca en este modelo \u00f9nico y compacto. Un procesador ARM quad-core RISC robusto entrega un abundante poder de procesamiento sobre<\/p>\n","protected":false},"featured_media":5604,"comment_status":"open","ping_status":"closed","template":"","meta":{"_acf_changed":false},"product_brand":[],"product_cat":[243,261,231],"product_tag":[],"class_list":{"0":"post-5611","1":"product","2":"type-product","3":"status-publish","4":"has-post-thumbnail","6":"product_cat-consola-audio-digital","7":"product_cat-digico","8":"product_cat-sonido-profesional","10":"first","11":"instock","12":"shipping-taxable","13":"purchasable","14":"product-type-simple","15":"add-to-wishlist-after_add_to_cart"},"acf":[],"yoast_head":"<!-- This site is optimized with the Yoast SEO plugin v26.0 - https:\/\/yoast.com\/wordpress\/plugins\/seo\/ -->\n<title>Consola Digital DiGiCo 21, D-Rack, tarjeta DMI-MADI C y CAT5 - Soluciones, Asesoria y Venta de Equipos Audiovisuales<\/title>\n<meta name=\"description\" content=\"Los Mejores equipos de sonido profesional para tus proyectos, cumpliendo garant\u00eda, soporte y respaldo, Env\u00edos a nivel nacional Colombia.\" \/>\n<meta name=\"robots\" content=\"index, follow, max-snippet:-1, max-image-preview:large, max-video-preview:-1\" \/>\n<link rel=\"canonical\" href=\"https:\/\/rs-audiovideo.com\/index.php\/product\/consola-digital-digico-21-d-rack-tarjeta-dmi-madi-c-y-cable-cat5-2\/\" \/>\n<meta property=\"og:locale\" content=\"en_US\" \/>\n<meta property=\"og:type\" content=\"article\" \/>\n<meta property=\"og:title\" content=\"Consola Digital DiGiCo 21, D-Rack, tarjeta DMI-MADI C y CAT5 - Soluciones, Asesoria y Venta de Equipos Audiovisuales\" \/>\n<meta property=\"og:description\" content=\"Los Mejores equipos de sonido profesional para tus proyectos, cumpliendo garant\u00eda, soporte y respaldo, Env\u00edos a nivel nacional Colombia.\" \/>\n<meta property=\"og:url\" content=\"https:\/\/rs-audiovideo.com\/index.php\/product\/consola-digital-digico-21-d-rack-tarjeta-dmi-madi-c-y-cable-cat5-2\/\" \/>\n<meta property=\"og:site_name\" content=\"Soluciones, Asesoria y Venta de Equipos Audiovisuales\" \/>\n<meta property=\"article:modified_time\" content=\"2024-06-19T00:09:28+00:00\" \/>\n<meta property=\"og:image\" content=\"https:\/\/rs-audiovideo.com\/wp-content\/uploads\/2024\/06\/Digico-S21-BUNDLE-1.jpg\" \/>\n\t<meta property=\"og:image:width\" content=\"1800\" \/>\n\t<meta property=\"og:image:height\" content=\"1800\" \/>\n\t<meta property=\"og:image:type\" content=\"image\/jpeg\" \/>\n<meta name=\"twitter:card\" content=\"summary_large_image\" \/>\n<meta name=\"twitter:label1\" content=\"Est. reading time\" \/>\n\t<meta name=\"twitter:data1\" content=\"3 minutes\" \/>\n<script type=\"application\/ld+json\" class=\"yoast-schema-graph\">{\"@context\":\"https:\/\/schema.org\",\"@graph\":[{\"@type\":\"WebPage\",\"@id\":\"https:\/\/rs-audiovideo.com\/index.php\/product\/consola-digital-digico-21-d-rack-tarjeta-dmi-madi-c-y-cable-cat5-2\/\",\"url\":\"https:\/\/rs-audiovideo.com\/index.php\/product\/consola-digital-digico-21-d-rack-tarjeta-dmi-madi-c-y-cable-cat5-2\/\",\"name\":\"Consola Digital DiGiCo 21, D-Rack, tarjeta DMI-MADI C y CAT5 - Soluciones, Asesoria y Venta de Equipos Audiovisuales\",\"isPartOf\":{\"@id\":\"https:\/\/rs-audiovideo.com\/#website\"},\"primaryImageOfPage\":{\"@id\":\"https:\/\/rs-audiovideo.com\/index.php\/product\/consola-digital-digico-21-d-rack-tarjeta-dmi-madi-c-y-cable-cat5-2\/#primaryimage\"},\"image\":{\"@id\":\"https:\/\/rs-audiovideo.com\/index.php\/product\/consola-digital-digico-21-d-rack-tarjeta-dmi-madi-c-y-cable-cat5-2\/#primaryimage\"},\"thumbnailUrl\":\"https:\/\/rs-audiovideo.com\/wp-content\/uploads\/2024\/06\/Digico-S21-BUNDLE-1.jpg\",\"datePublished\":\"2024-06-13T23:04:32+00:00\",\"dateModified\":\"2024-06-19T00:09:28+00:00\",\"description\":\"Los Mejores equipos de sonido profesional para tus proyectos, cumpliendo garant\u00eda, soporte y respaldo, Env\u00edos a nivel nacional Colombia.\",\"breadcrumb\":{\"@id\":\"https:\/\/rs-audiovideo.com\/index.php\/product\/consola-digital-digico-21-d-rack-tarjeta-dmi-madi-c-y-cable-cat5-2\/#breadcrumb\"},\"inLanguage\":\"en-US\",\"potentialAction\":[{\"@type\":\"ReadAction\",\"target\":[\"https:\/\/rs-audiovideo.com\/index.php\/product\/consola-digital-digico-21-d-rack-tarjeta-dmi-madi-c-y-cable-cat5-2\/\"]}]},{\"@type\":\"ImageObject\",\"inLanguage\":\"en-US\",\"@id\":\"https:\/\/rs-audiovideo.com\/index.php\/product\/consola-digital-digico-21-d-rack-tarjeta-dmi-madi-c-y-cable-cat5-2\/#primaryimage\",\"url\":\"https:\/\/rs-audiovideo.com\/wp-content\/uploads\/2024\/06\/Digico-S21-BUNDLE-1.jpg\",\"contentUrl\":\"https:\/\/rs-audiovideo.com\/wp-content\/uploads\/2024\/06\/Digico-S21-BUNDLE-1.jpg\",\"width\":1800,\"height\":1800},{\"@type\":\"BreadcrumbList\",\"@id\":\"https:\/\/rs-audiovideo.com\/index.php\/product\/consola-digital-digico-21-d-rack-tarjeta-dmi-madi-c-y-cable-cat5-2\/#breadcrumb\",\"itemListElement\":[{\"@type\":\"ListItem\",\"position\":1,\"name\":\"Home\",\"item\":\"https:\/\/rs-audiovideo.com\/\"},{\"@type\":\"ListItem\",\"position\":2,\"name\":\"Shop\",\"item\":\"https:\/\/rs-audiovideo.com\/index.php\/shop-2\/\"},{\"@type\":\"ListItem\",\"position\":3,\"name\":\"Consola Digital DiGiCo 21, D-Rack, tarjeta DMI-MADI C y CAT5\"}]},{\"@type\":\"WebSite\",\"@id\":\"https:\/\/rs-audiovideo.com\/#website\",\"url\":\"https:\/\/rs-audiovideo.com\/\",\"name\":\"Soluciones, Asesoria y Venta de Equipos Audiovisuales\",\"description\":\"\",\"publisher\":{\"@id\":\"https:\/\/rs-audiovideo.com\/#organization\"},\"potentialAction\":[{\"@type\":\"SearchAction\",\"target\":{\"@type\":\"EntryPoint\",\"urlTemplate\":\"https:\/\/rs-audiovideo.com\/?s={search_term_string}\"},\"query-input\":{\"@type\":\"PropertyValueSpecification\",\"valueRequired\":true,\"valueName\":\"search_term_string\"}}],\"inLanguage\":\"en-US\"},{\"@type\":\"Organization\",\"@id\":\"https:\/\/rs-audiovideo.com\/#organization\",\"name\":\"Soluciones, Asesoria y Venta de Equipos Audiovisuales\",\"url\":\"https:\/\/rs-audiovideo.com\/\",\"logo\":{\"@type\":\"ImageObject\",\"inLanguage\":\"en-US\",\"@id\":\"https:\/\/rs-audiovideo.com\/#\/schema\/logo\/image\/\",\"url\":\"https:\/\/rs-audiovideo.com\/wp-content\/uploads\/2024\/06\/cropped-logointro.png\",\"contentUrl\":\"https:\/\/rs-audiovideo.com\/wp-content\/uploads\/2024\/06\/cropped-logointro.png\",\"width\":579,\"height\":127,\"caption\":\"Soluciones, Asesoria y Venta de Equipos Audiovisuales\"},\"image\":{\"@id\":\"https:\/\/rs-audiovideo.com\/#\/schema\/logo\/image\/\"}}]}<\/script>\n<!-- \/ Yoast SEO plugin. -->","yoast_head_json":{"title":"Consola Digital DiGiCo 21, D-Rack, tarjeta DMI-MADI C y CAT5 - Soluciones, Asesoria y Venta de Equipos Audiovisuales","description":"Los Mejores equipos de sonido profesional para tus proyectos, cumpliendo garant\u00eda, soporte y respaldo, Env\u00edos a nivel nacional Colombia.","robots":{"index":"index","follow":"follow","max-snippet":"max-snippet:-1","max-image-preview":"max-image-preview:large","max-video-preview":"max-video-preview:-1"},"canonical":"https:\/\/rs-audiovideo.com\/index.php\/product\/consola-digital-digico-21-d-rack-tarjeta-dmi-madi-c-y-cable-cat5-2\/","og_locale":"en_US","og_type":"article","og_title":"Consola Digital DiGiCo 21, D-Rack, tarjeta DMI-MADI C y CAT5 - Soluciones, Asesoria y Venta de Equipos Audiovisuales","og_description":"Los Mejores equipos de sonido profesional para tus proyectos, cumpliendo garant\u00eda, soporte y respaldo, Env\u00edos a nivel nacional Colombia.","og_url":"https:\/\/rs-audiovideo.com\/index.php\/product\/consola-digital-digico-21-d-rack-tarjeta-dmi-madi-c-y-cable-cat5-2\/","og_site_name":"Soluciones, Asesoria y Venta de Equipos Audiovisuales","article_modified_time":"2024-06-19T00:09:28+00:00","og_image":[{"width":1800,"height":1800,"url":"https:\/\/rs-audiovideo.com\/wp-content\/uploads\/2024\/06\/Digico-S21-BUNDLE-1.jpg","type":"image\/jpeg"}],"twitter_card":"summary_large_image","twitter_misc":{"Est. reading time":"3 minutes"},"schema":{"@context":"https:\/\/schema.org","@graph":[{"@type":"WebPage","@id":"https:\/\/rs-audiovideo.com\/index.php\/product\/consola-digital-digico-21-d-rack-tarjeta-dmi-madi-c-y-cable-cat5-2\/","url":"https:\/\/rs-audiovideo.com\/index.php\/product\/consola-digital-digico-21-d-rack-tarjeta-dmi-madi-c-y-cable-cat5-2\/","name":"Consola Digital DiGiCo 21, D-Rack, tarjeta DMI-MADI C y CAT5 - Soluciones, Asesoria y Venta de Equipos Audiovisuales","isPartOf":{"@id":"https:\/\/rs-audiovideo.com\/#website"},"primaryImageOfPage":{"@id":"https:\/\/rs-audiovideo.com\/index.php\/product\/consola-digital-digico-21-d-rack-tarjeta-dmi-madi-c-y-cable-cat5-2\/#primaryimage"},"image":{"@id":"https:\/\/rs-audiovideo.com\/index.php\/product\/consola-digital-digico-21-d-rack-tarjeta-dmi-madi-c-y-cable-cat5-2\/#primaryimage"},"thumbnailUrl":"https:\/\/rs-audiovideo.com\/wp-content\/uploads\/2024\/06\/Digico-S21-BUNDLE-1.jpg","datePublished":"2024-06-13T23:04:32+00:00","dateModified":"2024-06-19T00:09:28+00:00","description":"Los Mejores equipos de sonido profesional para tus proyectos, cumpliendo garant\u00eda, soporte y respaldo, Env\u00edos a nivel nacional Colombia.","breadcrumb":{"@id":"https:\/\/rs-audiovideo.com\/index.php\/product\/consola-digital-digico-21-d-rack-tarjeta-dmi-madi-c-y-cable-cat5-2\/#breadcrumb"},"inLanguage":"en-US","potentialAction":[{"@type":"ReadAction","target":["https:\/\/rs-audiovideo.com\/index.php\/product\/consola-digital-digico-21-d-rack-tarjeta-dmi-madi-c-y-cable-cat5-2\/"]}]},{"@type":"ImageObject","inLanguage":"en-US","@id":"https:\/\/rs-audiovideo.com\/index.php\/product\/consola-digital-digico-21-d-rack-tarjeta-dmi-madi-c-y-cable-cat5-2\/#primaryimage","url":"https:\/\/rs-audiovideo.com\/wp-content\/uploads\/2024\/06\/Digico-S21-BUNDLE-1.jpg","contentUrl":"https:\/\/rs-audiovideo.com\/wp-content\/uploads\/2024\/06\/Digico-S21-BUNDLE-1.jpg","width":1800,"height":1800},{"@type":"BreadcrumbList","@id":"https:\/\/rs-audiovideo.com\/index.php\/product\/consola-digital-digico-21-d-rack-tarjeta-dmi-madi-c-y-cable-cat5-2\/#breadcrumb","itemListElement":[{"@type":"ListItem","position":1,"name":"Home","item":"https:\/\/rs-audiovideo.com\/"},{"@type":"ListItem","position":2,"name":"Shop","item":"https:\/\/rs-audiovideo.com\/index.php\/shop-2\/"},{"@type":"ListItem","position":3,"name":"Consola Digital DiGiCo 21, D-Rack, tarjeta DMI-MADI C y CAT5"}]},{"@type":"WebSite","@id":"https:\/\/rs-audiovideo.com\/#website","url":"https:\/\/rs-audiovideo.com\/","name":"Soluciones, Asesoria y Venta de Equipos Audiovisuales","description":"","publisher":{"@id":"https:\/\/rs-audiovideo.com\/#organization"},"potentialAction":[{"@type":"SearchAction","target":{"@type":"EntryPoint","urlTemplate":"https:\/\/rs-audiovideo.com\/?s={search_term_string}"},"query-input":{"@type":"PropertyValueSpecification","valueRequired":true,"valueName":"search_term_string"}}],"inLanguage":"en-US"},{"@type":"Organization","@id":"https:\/\/rs-audiovideo.com\/#organization","name":"Soluciones, Asesoria y Venta de Equipos Audiovisuales","url":"https:\/\/rs-audiovideo.com\/","logo":{"@type":"ImageObject","inLanguage":"en-US","@id":"https:\/\/rs-audiovideo.com\/#\/schema\/logo\/image\/","url":"https:\/\/rs-audiovideo.com\/wp-content\/uploads\/2024\/06\/cropped-logointro.png","contentUrl":"https:\/\/rs-audiovideo.com\/wp-content\/uploads\/2024\/06\/cropped-logointro.png","width":579,"height":127,"caption":"Soluciones, Asesoria y Venta de Equipos Audiovisuales"},"image":{"@id":"https:\/\/rs-audiovideo.com\/#\/schema\/logo\/image\/"}}]}},"_links":{"self":[{"href":"https:\/\/rs-audiovideo.com\/index.php\/wp-json\/wp\/v2\/product\/5611","targetHints":{"allow":["GET"]}}],"collection":[{"href":"https:\/\/rs-audiovideo.com\/index.php\/wp-json\/wp\/v2\/product"}],"about":[{"href":"https:\/\/rs-audiovideo.com\/index.php\/wp-json\/wp\/v2\/types\/product"}],"replies":[{"embeddable":true,"href":"https:\/\/rs-audiovideo.com\/index.php\/wp-json\/wp\/v2\/comments?post=5611"}],"wp:featuredmedia":[{"embeddable":true,"href":"https:\/\/rs-audiovideo.com\/index.php\/wp-json\/wp\/v2\/media\/5604"}],"wp:attachment":[{"href":"https:\/\/rs-audiovideo.com\/index.php\/wp-json\/wp\/v2\/media?parent=5611"}],"wp:term":[{"taxonomy":"product_brand","embeddable":true,"href":"https:\/\/rs-audiovideo.com\/index.php\/wp-json\/wp\/v2\/product_brand?post=5611"},{"taxonomy":"product_cat","embeddable":true,"href":"https:\/\/rs-audiovideo.com\/index.php\/wp-json\/wp\/v2\/product_cat?post=5611"},{"taxonomy":"product_tag","embeddable":true,"href":"https:\/\/rs-audiovideo.com\/index.php\/wp-json\/wp\/v2\/product_tag?post=5611"}],"curies":[{"name":"wp","href":"https:\/\/api.w.org\/{rel}","templated":true}]}}