{"id":5612,"date":"2024-06-13T23:08:03","date_gmt":"2024-06-13T23:08:03","guid":{"rendered":"https:\/\/rs-audiovideo.com\/?post_type=product&#038;p=5612"},"modified":"2024-06-19T00:08:26","modified_gmt":"2024-06-19T00:08:26","slug":"consola-digital-digico-s31-de-48-canales-flexi","status":"publish","type":"product","link":"https:\/\/rs-audiovideo.com\/index.php\/product\/consola-digital-digico-s31-de-48-canales-flexi\/","title":{"rendered":"Consola Digital DiGiCo S31 de 48 canales Flexi"},"content":{"rendered":"<section class=\"wd-negative-gap elementor-section elementor-top-section elementor-element elementor-element-e204256 elementor-section-boxed elementor-section-height-default elementor-section-height-default wd-section-disabled\" data-id=\"e204256\" data-element_type=\"section\">\n<div class=\"elementor-container elementor-column-gap-default\">\n<div class=\"elementor-column elementor-col-100 elementor-top-column elementor-element elementor-element-56d1981e\" data-id=\"56d1981e\" data-element_type=\"column\">\n<div class=\"elementor-widget-wrap elementor-element-populated\">\n<div class=\"elementor-element elementor-element-435a8e64 color-scheme-inherit text-left elementor-widget elementor-widget-text-editor\" data-id=\"435a8e64\" data-element_type=\"widget\" data-widget_type=\"text-editor.default\">\n<div class=\"elementor-widget-container\">\n<p>Cuando se dise\u00f1\u00f3 la 31, DiGiCo puso su tecnolog\u00eca y trayector\u00eca en este modelo \u00f9nico y compacto. Un procesador ARM quad-core RISC robusto entrega un abundante poder de procesamiento sobre la S21. Las tres pantallas touchscreen brindan un control t\u00e1ctil intuitivo y brindan informaci\u00f3n de f\u00e1cil identificaci\u00f3n visual. Las 24 entradas de micr\u00f3fono\/l\u00ednea que presenta sumado a las 12 salidas an\u00e1logas, brindan un buen n\u00famero de entradas y salidas como punto de partida, mientras que los dos slots de puertos DMI te brindan la opci\u00f3n de poder ampliar con diversos protocolos. La S21 entrega audio digital de clase mundial con una frecuencia de muestreo y tasa de bits de 24-bit\/96kHz y est\u00e1 equipado con un arsenal de efectos digitales. Por \u00faltimo, la interfaz interna USB de 48 canales en la S31 hace que el registro sea muy sencillo. Adem\u00e1s es caracterizado por que su construcci\u00f3n es mediante una extrusi\u00f3n de aluminio de grado aeroespacial y una capa de policarbonato resistente, lo que hace a la DiGiCo S31 es una consola digital hecha para soportar el camino.<\/p>\n<\/div>\n<\/div>\n<\/div>\n<\/div>\n<\/div>\n<\/section>\n<section class=\"wd-negative-gap elementor-section elementor-top-section elementor-element elementor-element-3dd2c88c elementor-section-boxed elementor-section-height-default elementor-section-height-default wd-section-disabled\" data-id=\"3dd2c88c\" data-element_type=\"section\">\n<div class=\"elementor-container elementor-column-gap-default\">\n<div class=\"elementor-column elementor-col-50 elementor-top-column elementor-element elementor-element-239dd801\" data-id=\"239dd801\" data-element_type=\"column\">\n<div class=\"elementor-widget-wrap elementor-element-populated\">\n<div class=\"elementor-element elementor-element-3a30b83a elementor-widget elementor-widget-spacer\" data-id=\"3a30b83a\" data-element_type=\"widget\" data-widget_type=\"spacer.default\">\n<div class=\"elementor-widget-container\">\n<div class=\"elementor-spacer\">\n<div class=\"elementor-spacer-inner\">CARACTER\u00cdSTICAS<\/div>\n<\/div>\n<\/div>\n<\/div>\n<div class=\"elementor-element elementor-element-2015333 elementor-widget elementor-widget-spacer\" data-id=\"2015333\" data-element_type=\"widget\" data-widget_type=\"spacer.default\">\n<div class=\"elementor-widget-container\">\n<div class=\"elementor-spacer\">\n<div class=\"elementor-spacer-inner\"><\/div>\n<\/div>\n<\/div>\n<\/div>\n<\/div>\n<\/div>\n<\/div>\n<\/section>\n<section class=\"wd-negative-gap elementor-section elementor-top-section elementor-element elementor-element-29d3d1ee elementor-section-boxed elementor-section-height-default elementor-section-height-default wd-section-disabled\" data-id=\"29d3d1ee\" data-element_type=\"section\">\n<div class=\"elementor-container elementor-column-gap-default\">\n<div class=\"elementor-column elementor-col-50 elementor-top-column elementor-element elementor-element-3b858a1d\" data-id=\"3b858a1d\" data-element_type=\"column\">\n<div class=\"elementor-widget-wrap elementor-element-populated\">\n<div class=\"elementor-element elementor-element-1f82a548 elementor-widget elementor-widget-image\" data-id=\"1f82a548\" data-element_type=\"widget\" data-widget_type=\"image.default\">\n<div class=\"elementor-widget-container\"><img loading=\"lazy\" decoding=\"async\" class=\"attachment-large size-large wp-image-69868\" src=\"https:\/\/sonotecperu.com\/wp-content\/uploads\/2021\/01\/Digico-S31-4.jpg\" sizes=\"auto, (max-width: 680px) 100vw, 680px\" srcset=\"https:\/\/sonotecperu.com\/wp-content\/uploads\/2021\/01\/Digico-S31-4.jpg 680w, https:\/\/sonotecperu.com\/wp-content\/uploads\/2021\/01\/Digico-S31-4-150x99.jpg 150w, https:\/\/sonotecperu.com\/wp-content\/uploads\/2021\/01\/Digico-S31-4-300x199.jpg 300w\" alt=\"\" width=\"680\" height=\"450\" \/><\/div>\n<\/div>\n<\/div>\n<\/div>\n<div class=\"elementor-column elementor-col-50 elementor-top-column elementor-element elementor-element-54783601\" data-id=\"54783601\" data-element_type=\"column\">\n<div class=\"elementor-widget-wrap elementor-element-populated\">\n<div class=\"elementor-element elementor-element-681e1c8 color-scheme-inherit text-left elementor-widget elementor-widget-text-editor\" data-id=\"681e1c8\" data-element_type=\"widget\" data-widget_type=\"text-editor.default\">\n<div class=\"elementor-widget-container\">\n<p>48 Flexi Input Channels<br \/>\n16 Flexi Aux \/ Sub-Group Busses<\/p>\n<\/div>\n<\/div>\n<\/div>\n<\/div>\n<\/div>\n<\/section>\n<section class=\"wd-negative-gap elementor-section elementor-top-section elementor-element elementor-element-641a8891 elementor-section-boxed elementor-section-height-default elementor-section-height-default wd-section-disabled\" data-id=\"641a8891\" data-element_type=\"section\">\n<div class=\"elementor-container elementor-column-gap-default\">\n<div class=\"elementor-column elementor-col-50 elementor-top-column elementor-element elementor-element-12538dd1\" data-id=\"12538dd1\" data-element_type=\"column\">\n<div class=\"elementor-widget-wrap elementor-element-populated\">\n<div class=\"elementor-element elementor-element-65f161c7 color-scheme-inherit text-left elementor-widget elementor-widget-text-editor\" data-id=\"65f161c7\" data-element_type=\"widget\" data-widget_type=\"text-editor.default\">\n<div class=\"elementor-widget-container\">\n<p>LR Master Buss<br \/>\n10 x 8 Full Processing<\/p>\n<\/div>\n<\/div>\n<\/div>\n<\/div>\n<div class=\"elementor-column elementor-col-50 elementor-top-column elementor-element elementor-element-a8ebf9f\" data-id=\"a8ebf9f\" data-element_type=\"column\">\n<div class=\"elementor-widget-wrap elementor-element-populated\">\n<div class=\"elementor-element elementor-element-347fb939 elementor-widget elementor-widget-image\" data-id=\"347fb939\" data-element_type=\"widget\" data-widget_type=\"image.default\">\n<div class=\"elementor-widget-container\"><img loading=\"lazy\" decoding=\"async\" class=\"attachment-large size-large wp-image-69869\" src=\"https:\/\/sonotecperu.com\/wp-content\/uploads\/2021\/01\/Digico-S31-5.jpg\" sizes=\"auto, (max-width: 680px) 100vw, 680px\" srcset=\"https:\/\/sonotecperu.com\/wp-content\/uploads\/2021\/01\/Digico-S31-5.jpg 680w, https:\/\/sonotecperu.com\/wp-content\/uploads\/2021\/01\/Digico-S31-5-150x99.jpg 150w, https:\/\/sonotecperu.com\/wp-content\/uploads\/2021\/01\/Digico-S31-5-300x199.jpg 300w\" alt=\"\" width=\"680\" height=\"450\" \/><\/div>\n<\/div>\n<\/div>\n<\/div>\n<\/div>\n<\/section>\n<section class=\"wd-negative-gap elementor-section elementor-top-section elementor-element elementor-element-5253cc6b elementor-section-boxed elementor-section-height-default elementor-section-height-default wd-section-disabled\" data-id=\"5253cc6b\" data-element_type=\"section\">\n<div class=\"elementor-container elementor-column-gap-default\">\n<div class=\"elementor-column elementor-col-50 elementor-top-column elementor-element elementor-element-6f96e9a3\" data-id=\"6f96e9a3\" data-element_type=\"column\">\n<div class=\"elementor-widget-wrap elementor-element-populated\">\n<div class=\"elementor-element elementor-element-316ea7ef elementor-widget elementor-widget-image\" data-id=\"316ea7ef\" data-element_type=\"widget\" data-widget_type=\"image.default\">\n<div class=\"elementor-widget-container\"><img loading=\"lazy\" decoding=\"async\" class=\"attachment-large size-large wp-image-69870\" src=\"https:\/\/sonotecperu.com\/wp-content\/uploads\/2021\/01\/Digico-S31-6.jpg\" sizes=\"auto, (max-width: 680px) 100vw, 680px\" srcset=\"https:\/\/sonotecperu.com\/wp-content\/uploads\/2021\/01\/Digico-S31-6.jpg 680w, https:\/\/sonotecperu.com\/wp-content\/uploads\/2021\/01\/Digico-S31-6-150x99.jpg 150w, https:\/\/sonotecperu.com\/wp-content\/uploads\/2021\/01\/Digico-S31-6-300x199.jpg 300w\" alt=\"\" width=\"680\" height=\"450\" \/><\/div>\n<\/div>\n<\/div>\n<\/div>\n<div class=\"elementor-column elementor-col-50 elementor-top-column elementor-element elementor-element-44ddc183\" data-id=\"44ddc183\" data-element_type=\"column\">\n<div class=\"elementor-widget-wrap elementor-element-populated\">\n<div class=\"elementor-element elementor-element-393f985e color-scheme-inherit text-left elementor-widget elementor-widget-text-editor\" data-id=\"393f985e\" data-element_type=\"widget\" data-widget_type=\"text-editor.default\">\n<div class=\"elementor-widget-container\">\n<p>Matrix21<br \/>\nDynamic Equalizers<br \/>\n96kHz Sample Rate<\/p>\n<\/div>\n<\/div>\n<\/div>\n<\/div>\n<\/div>\n<\/section>\n<section class=\"wd-negative-gap elementor-section elementor-top-section elementor-element elementor-element-1b4fb256 elementor-section-boxed elementor-section-height-default elementor-section-height-default wd-section-disabled\" data-id=\"1b4fb256\" data-element_type=\"section\">\n<div class=\"elementor-container elementor-column-gap-default\">\n<div class=\"elementor-column elementor-col-50 elementor-top-column elementor-element elementor-element-2f1b3bd0\" data-id=\"2f1b3bd0\" data-element_type=\"column\">\n<div class=\"elementor-widget-wrap elementor-element-populated\">\n<div class=\"elementor-element elementor-element-18aa0077 elementor-widget elementor-widget-spacer\" data-id=\"18aa0077\" data-element_type=\"widget\" data-widget_type=\"spacer.default\">\n<div class=\"elementor-widget-container\">\n<div class=\"elementor-spacer\">\n<div class=\"elementor-spacer-inner\">ESPECIFICACIONES T\u00c9CNICAS<\/div>\n<\/div>\n<\/div>\n<\/div>\n<div class=\"elementor-element elementor-element-7a635b54 elementor-widget elementor-widget-spacer\" data-id=\"7a635b54\" data-element_type=\"widget\" data-widget_type=\"spacer.default\">\n<div class=\"elementor-widget-container\">\n<div class=\"elementor-spacer\">\n<div class=\"elementor-spacer-inner\"><\/div>\n<\/div>\n<\/div>\n<\/div>\n<\/div>\n<\/div>\n<div class=\"elementor-column elementor-col-50 elementor-top-column elementor-element elementor-element-416244bf\" data-id=\"416244bf\" data-element_type=\"column\">\n<div class=\"elementor-widget-wrap\">Tipo: Mezclador digital<\/div>\n<\/div>\n<\/div>\n<\/section>\n<section class=\"wd-negative-gap elementor-section elementor-top-section elementor-element elementor-element-7549a13b elementor-section-boxed elementor-section-height-default elementor-section-height-default wd-section-disabled\" data-id=\"7549a13b\" data-element_type=\"section\">\n<div class=\"elementor-container elementor-column-gap-default\">\n<div class=\"elementor-column elementor-col-100 elementor-top-column elementor-element elementor-element-442ed04a\" data-id=\"442ed04a\" data-element_type=\"column\">\n<div class=\"elementor-widget-wrap elementor-element-populated\">\n<div class=\"elementor-element elementor-element-1088837f color-scheme-inherit text-left elementor-widget elementor-widget-text-editor\" data-id=\"1088837f\" data-element_type=\"widget\" data-widget_type=\"text-editor.default\">\n<div class=\"elementor-widget-container\">\n<p>Canales: 48 mezclas, 24 entradas<br \/>\nEntradas \u2013 Preamplificadores de micr\u00f3fono: 24 x XLR<br \/>\nPoder fantasma: 24 canales<br \/>\nSalidas \u2013 Principal: 12 x XLR<br \/>\nEntradas \u2013 Digital: 1 x XLR (AES \/ EBU)<br \/>\nSalidas \u2013 Digital: 1 x XLR (AES \/ EBU)<br \/>\nAutobuses \/ Grupos: 16 buses Flexi Aux \/ Subgrupo, matriz de procesamiento de 10 x 8<br \/>\nE \/ S de datos: 2 x Ethernet (redes), 1 x salida DVI, 2 x 1\/4 \u00ab(funci\u00f3n futura GPI \/ O)<br \/>\nUSB: 3 x tipo A, 1 x tipo B<br \/>\nConectividad inform\u00e1tica: USB (48 x 48 compatible con UB MADI)<br \/>\nRanuras de expansi\u00f3n de E \/ S: 2 x ranuras DMI<br \/>\nAuriculares: 1 x 1\/4 \u00ab, 1 x 1\/8\u00bb<br \/>\nWord Clock: 2 x BNC<br \/>\nFaders: Faders motorizados sensibles al tacto de 31 x 100 mm<br \/>\nResoluci\u00f3n A \/ D: 24 bits \/ 96 kHz<br \/>\nBandas de ecualizaci\u00f3n: Ecualizador param\u00e9trico \/ din\u00e1mico de 4 bandas, Shelving bajo \/ alto, EQ gr\u00e1fico de 32 bandas, LPF, HPF<br \/>\nEfectos: Delay, Reverb, DigiTube Drive, 8 motores de efectos<br \/>\nProcesamiento de la se\u00f1al: Compresor, puerta<br \/>\nPantalla: 3 pantallas multit\u00e1ctiles de 10 \u00ab<br \/>\nFuente de alimentaci\u00f3n: Cable est\u00e1ndar IEC AC<br \/>\nAltura: 11,6 \u00ab<br \/>\nProfundidad: 23,1 \u00ab<br \/>\nAnchura: 40,3 \u00ab<br \/>\nN\u00famero de pieza del fabricante: X-S31-WS<\/p>\n<\/div>\n<\/div>\n<\/div>\n<\/div>\n<\/div>\n<\/section>\n","protected":false},"excerpt":{"rendered":"<p>Cuando se dise\u00f1\u00f3 la 31, DiGiCo puso su tecnolog\u00eca y trayector\u00eca en este modelo \u00f9nico y compacto. Un procesador ARM quad-core RISC robusto entrega un abundante poder de procesamiento sobre<\/p>\n","protected":false},"featured_media":5614,"comment_status":"open","ping_status":"closed","template":"","meta":{"_acf_changed":false},"product_brand":[],"product_cat":[243,261,231],"product_tag":[],"class_list":{"0":"post-5612","1":"product","2":"type-product","3":"status-publish","4":"has-post-thumbnail","6":"product_cat-consola-audio-digital","7":"product_cat-digico","8":"product_cat-sonido-profesional","10":"first","11":"instock","12":"shipping-taxable","13":"product-type-simple","14":"add-to-wishlist-after_add_to_cart"},"acf":[],"yoast_head":"<!-- This site is optimized with the Yoast SEO plugin v26.0 - https:\/\/yoast.com\/wordpress\/plugins\/seo\/ -->\n<title>Consola Digital DiGiCo S31 de 48 canales Flexi - Soluciones, Asesoria y Venta de Equipos Audiovisuales<\/title>\n<meta name=\"description\" content=\"Los Mejores equipos de sonido profesional para tus proyectos, cumpliendo garant\u00eda, soporte y respaldo, Env\u00edos a nivel nacional Colombia.\" \/>\n<meta name=\"robots\" content=\"index, follow, max-snippet:-1, max-image-preview:large, max-video-preview:-1\" \/>\n<link rel=\"canonical\" href=\"https:\/\/rs-audiovideo.com\/index.php\/product\/consola-digital-digico-s31-de-48-canales-flexi\/\" \/>\n<meta property=\"og:locale\" content=\"en_US\" \/>\n<meta property=\"og:type\" content=\"article\" \/>\n<meta property=\"og:title\" content=\"Consola Digital DiGiCo S31 de 48 canales Flexi - Soluciones, Asesoria y Venta de Equipos Audiovisuales\" \/>\n<meta property=\"og:description\" content=\"Los Mejores equipos de sonido profesional para tus proyectos, cumpliendo garant\u00eda, soporte y respaldo, Env\u00edos a nivel nacional Colombia.\" \/>\n<meta property=\"og:url\" content=\"https:\/\/rs-audiovideo.com\/index.php\/product\/consola-digital-digico-s31-de-48-canales-flexi\/\" \/>\n<meta property=\"og:site_name\" content=\"Soluciones, Asesoria y Venta de Equipos Audiovisuales\" \/>\n<meta property=\"article:modified_time\" content=\"2024-06-19T00:08:26+00:00\" \/>\n<meta property=\"og:image\" content=\"https:\/\/rs-audiovideo.com\/wp-content\/uploads\/2024\/06\/Digico-S31-2.jpg\" \/>\n\t<meta property=\"og:image:width\" content=\"1800\" \/>\n\t<meta property=\"og:image:height\" content=\"1800\" \/>\n\t<meta property=\"og:image:type\" content=\"image\/jpeg\" \/>\n<meta name=\"twitter:card\" content=\"summary_large_image\" \/>\n<meta name=\"twitter:label1\" content=\"Est. reading time\" \/>\n\t<meta name=\"twitter:data1\" content=\"3 minutes\" \/>\n<script type=\"application\/ld+json\" class=\"yoast-schema-graph\">{\"@context\":\"https:\/\/schema.org\",\"@graph\":[{\"@type\":\"WebPage\",\"@id\":\"https:\/\/rs-audiovideo.com\/index.php\/product\/consola-digital-digico-s31-de-48-canales-flexi\/\",\"url\":\"https:\/\/rs-audiovideo.com\/index.php\/product\/consola-digital-digico-s31-de-48-canales-flexi\/\",\"name\":\"Consola Digital DiGiCo S31 de 48 canales Flexi - Soluciones, Asesoria y Venta de Equipos Audiovisuales\",\"isPartOf\":{\"@id\":\"https:\/\/rs-audiovideo.com\/#website\"},\"primaryImageOfPage\":{\"@id\":\"https:\/\/rs-audiovideo.com\/index.php\/product\/consola-digital-digico-s31-de-48-canales-flexi\/#primaryimage\"},\"image\":{\"@id\":\"https:\/\/rs-audiovideo.com\/index.php\/product\/consola-digital-digico-s31-de-48-canales-flexi\/#primaryimage\"},\"thumbnailUrl\":\"https:\/\/rs-audiovideo.com\/wp-content\/uploads\/2024\/06\/Digico-S31-2.jpg\",\"datePublished\":\"2024-06-13T23:08:03+00:00\",\"dateModified\":\"2024-06-19T00:08:26+00:00\",\"description\":\"Los Mejores equipos de sonido profesional para tus proyectos, cumpliendo garant\u00eda, soporte y respaldo, Env\u00edos a nivel nacional Colombia.\",\"breadcrumb\":{\"@id\":\"https:\/\/rs-audiovideo.com\/index.php\/product\/consola-digital-digico-s31-de-48-canales-flexi\/#breadcrumb\"},\"inLanguage\":\"en-US\",\"potentialAction\":[{\"@type\":\"ReadAction\",\"target\":[\"https:\/\/rs-audiovideo.com\/index.php\/product\/consola-digital-digico-s31-de-48-canales-flexi\/\"]}]},{\"@type\":\"ImageObject\",\"inLanguage\":\"en-US\",\"@id\":\"https:\/\/rs-audiovideo.com\/index.php\/product\/consola-digital-digico-s31-de-48-canales-flexi\/#primaryimage\",\"url\":\"https:\/\/rs-audiovideo.com\/wp-content\/uploads\/2024\/06\/Digico-S31-2.jpg\",\"contentUrl\":\"https:\/\/rs-audiovideo.com\/wp-content\/uploads\/2024\/06\/Digico-S31-2.jpg\",\"width\":1800,\"height\":1800},{\"@type\":\"BreadcrumbList\",\"@id\":\"https:\/\/rs-audiovideo.com\/index.php\/product\/consola-digital-digico-s31-de-48-canales-flexi\/#breadcrumb\",\"itemListElement\":[{\"@type\":\"ListItem\",\"position\":1,\"name\":\"Home\",\"item\":\"https:\/\/rs-audiovideo.com\/\"},{\"@type\":\"ListItem\",\"position\":2,\"name\":\"Shop\",\"item\":\"https:\/\/rs-audiovideo.com\/index.php\/shop-2\/\"},{\"@type\":\"ListItem\",\"position\":3,\"name\":\"Consola Digital DiGiCo S31 de 48 canales Flexi\"}]},{\"@type\":\"WebSite\",\"@id\":\"https:\/\/rs-audiovideo.com\/#website\",\"url\":\"https:\/\/rs-audiovideo.com\/\",\"name\":\"Soluciones, Asesoria y Venta de Equipos Audiovisuales\",\"description\":\"\",\"publisher\":{\"@id\":\"https:\/\/rs-audiovideo.com\/#organization\"},\"potentialAction\":[{\"@type\":\"SearchAction\",\"target\":{\"@type\":\"EntryPoint\",\"urlTemplate\":\"https:\/\/rs-audiovideo.com\/?s={search_term_string}\"},\"query-input\":{\"@type\":\"PropertyValueSpecification\",\"valueRequired\":true,\"valueName\":\"search_term_string\"}}],\"inLanguage\":\"en-US\"},{\"@type\":\"Organization\",\"@id\":\"https:\/\/rs-audiovideo.com\/#organization\",\"name\":\"Soluciones, Asesoria y Venta de Equipos Audiovisuales\",\"url\":\"https:\/\/rs-audiovideo.com\/\",\"logo\":{\"@type\":\"ImageObject\",\"inLanguage\":\"en-US\",\"@id\":\"https:\/\/rs-audiovideo.com\/#\/schema\/logo\/image\/\",\"url\":\"https:\/\/rs-audiovideo.com\/wp-content\/uploads\/2024\/06\/cropped-logointro.png\",\"contentUrl\":\"https:\/\/rs-audiovideo.com\/wp-content\/uploads\/2024\/06\/cropped-logointro.png\",\"width\":579,\"height\":127,\"caption\":\"Soluciones, Asesoria y Venta de Equipos Audiovisuales\"},\"image\":{\"@id\":\"https:\/\/rs-audiovideo.com\/#\/schema\/logo\/image\/\"}}]}<\/script>\n<!-- \/ Yoast SEO plugin. -->","yoast_head_json":{"title":"Consola Digital DiGiCo S31 de 48 canales Flexi - Soluciones, Asesoria y Venta de Equipos Audiovisuales","description":"Los Mejores equipos de sonido profesional para tus proyectos, cumpliendo garant\u00eda, soporte y respaldo, Env\u00edos a nivel nacional Colombia.","robots":{"index":"index","follow":"follow","max-snippet":"max-snippet:-1","max-image-preview":"max-image-preview:large","max-video-preview":"max-video-preview:-1"},"canonical":"https:\/\/rs-audiovideo.com\/index.php\/product\/consola-digital-digico-s31-de-48-canales-flexi\/","og_locale":"en_US","og_type":"article","og_title":"Consola Digital DiGiCo S31 de 48 canales Flexi - Soluciones, Asesoria y Venta de Equipos Audiovisuales","og_description":"Los Mejores equipos de sonido profesional para tus proyectos, cumpliendo garant\u00eda, soporte y respaldo, Env\u00edos a nivel nacional Colombia.","og_url":"https:\/\/rs-audiovideo.com\/index.php\/product\/consola-digital-digico-s31-de-48-canales-flexi\/","og_site_name":"Soluciones, Asesoria y Venta de Equipos Audiovisuales","article_modified_time":"2024-06-19T00:08:26+00:00","og_image":[{"width":1800,"height":1800,"url":"https:\/\/rs-audiovideo.com\/wp-content\/uploads\/2024\/06\/Digico-S31-2.jpg","type":"image\/jpeg"}],"twitter_card":"summary_large_image","twitter_misc":{"Est. reading time":"3 minutes"},"schema":{"@context":"https:\/\/schema.org","@graph":[{"@type":"WebPage","@id":"https:\/\/rs-audiovideo.com\/index.php\/product\/consola-digital-digico-s31-de-48-canales-flexi\/","url":"https:\/\/rs-audiovideo.com\/index.php\/product\/consola-digital-digico-s31-de-48-canales-flexi\/","name":"Consola Digital DiGiCo S31 de 48 canales Flexi - Soluciones, Asesoria y Venta de Equipos Audiovisuales","isPartOf":{"@id":"https:\/\/rs-audiovideo.com\/#website"},"primaryImageOfPage":{"@id":"https:\/\/rs-audiovideo.com\/index.php\/product\/consola-digital-digico-s31-de-48-canales-flexi\/#primaryimage"},"image":{"@id":"https:\/\/rs-audiovideo.com\/index.php\/product\/consola-digital-digico-s31-de-48-canales-flexi\/#primaryimage"},"thumbnailUrl":"https:\/\/rs-audiovideo.com\/wp-content\/uploads\/2024\/06\/Digico-S31-2.jpg","datePublished":"2024-06-13T23:08:03+00:00","dateModified":"2024-06-19T00:08:26+00:00","description":"Los Mejores equipos de sonido profesional para tus proyectos, cumpliendo garant\u00eda, soporte y respaldo, Env\u00edos a nivel nacional Colombia.","breadcrumb":{"@id":"https:\/\/rs-audiovideo.com\/index.php\/product\/consola-digital-digico-s31-de-48-canales-flexi\/#breadcrumb"},"inLanguage":"en-US","potentialAction":[{"@type":"ReadAction","target":["https:\/\/rs-audiovideo.com\/index.php\/product\/consola-digital-digico-s31-de-48-canales-flexi\/"]}]},{"@type":"ImageObject","inLanguage":"en-US","@id":"https:\/\/rs-audiovideo.com\/index.php\/product\/consola-digital-digico-s31-de-48-canales-flexi\/#primaryimage","url":"https:\/\/rs-audiovideo.com\/wp-content\/uploads\/2024\/06\/Digico-S31-2.jpg","contentUrl":"https:\/\/rs-audiovideo.com\/wp-content\/uploads\/2024\/06\/Digico-S31-2.jpg","width":1800,"height":1800},{"@type":"BreadcrumbList","@id":"https:\/\/rs-audiovideo.com\/index.php\/product\/consola-digital-digico-s31-de-48-canales-flexi\/#breadcrumb","itemListElement":[{"@type":"ListItem","position":1,"name":"Home","item":"https:\/\/rs-audiovideo.com\/"},{"@type":"ListItem","position":2,"name":"Shop","item":"https:\/\/rs-audiovideo.com\/index.php\/shop-2\/"},{"@type":"ListItem","position":3,"name":"Consola Digital DiGiCo S31 de 48 canales Flexi"}]},{"@type":"WebSite","@id":"https:\/\/rs-audiovideo.com\/#website","url":"https:\/\/rs-audiovideo.com\/","name":"Soluciones, Asesoria y Venta de Equipos Audiovisuales","description":"","publisher":{"@id":"https:\/\/rs-audiovideo.com\/#organization"},"potentialAction":[{"@type":"SearchAction","target":{"@type":"EntryPoint","urlTemplate":"https:\/\/rs-audiovideo.com\/?s={search_term_string}"},"query-input":{"@type":"PropertyValueSpecification","valueRequired":true,"valueName":"search_term_string"}}],"inLanguage":"en-US"},{"@type":"Organization","@id":"https:\/\/rs-audiovideo.com\/#organization","name":"Soluciones, Asesoria y Venta de Equipos Audiovisuales","url":"https:\/\/rs-audiovideo.com\/","logo":{"@type":"ImageObject","inLanguage":"en-US","@id":"https:\/\/rs-audiovideo.com\/#\/schema\/logo\/image\/","url":"https:\/\/rs-audiovideo.com\/wp-content\/uploads\/2024\/06\/cropped-logointro.png","contentUrl":"https:\/\/rs-audiovideo.com\/wp-content\/uploads\/2024\/06\/cropped-logointro.png","width":579,"height":127,"caption":"Soluciones, Asesoria y Venta de Equipos Audiovisuales"},"image":{"@id":"https:\/\/rs-audiovideo.com\/#\/schema\/logo\/image\/"}}]}},"_links":{"self":[{"href":"https:\/\/rs-audiovideo.com\/index.php\/wp-json\/wp\/v2\/product\/5612","targetHints":{"allow":["GET"]}}],"collection":[{"href":"https:\/\/rs-audiovideo.com\/index.php\/wp-json\/wp\/v2\/product"}],"about":[{"href":"https:\/\/rs-audiovideo.com\/index.php\/wp-json\/wp\/v2\/types\/product"}],"replies":[{"embeddable":true,"href":"https:\/\/rs-audiovideo.com\/index.php\/wp-json\/wp\/v2\/comments?post=5612"}],"wp:featuredmedia":[{"embeddable":true,"href":"https:\/\/rs-audiovideo.com\/index.php\/wp-json\/wp\/v2\/media\/5614"}],"wp:attachment":[{"href":"https:\/\/rs-audiovideo.com\/index.php\/wp-json\/wp\/v2\/media?parent=5612"}],"wp:term":[{"taxonomy":"product_brand","embeddable":true,"href":"https:\/\/rs-audiovideo.com\/index.php\/wp-json\/wp\/v2\/product_brand?post=5612"},{"taxonomy":"product_cat","embeddable":true,"href":"https:\/\/rs-audiovideo.com\/index.php\/wp-json\/wp\/v2\/product_cat?post=5612"},{"taxonomy":"product_tag","embeddable":true,"href":"https:\/\/rs-audiovideo.com\/index.php\/wp-json\/wp\/v2\/product_tag?post=5612"}],"curies":[{"name":"wp","href":"https:\/\/api.w.org\/{rel}","templated":true}]}}