{"id":5616,"date":"2024-06-13T23:13:53","date_gmt":"2024-06-13T23:13:53","guid":{"rendered":"https:\/\/rs-audiovideo.com\/?post_type=product&#038;p=5616"},"modified":"2024-06-19T00:08:13","modified_gmt":"2024-06-19T00:08:13","slug":"seismic-audio-altavoces-8-canales-de-bajo-perfil-xlr-15-metros","status":"publish","type":"product","link":"https:\/\/rs-audiovideo.com\/index.php\/product\/seismic-audio-altavoces-8-canales-de-bajo-perfil-xlr-15-metros\/","title":{"rendered":"Seismic Audio Snake Medusa 8&#215;4 15 Metros"},"content":{"rendered":"<h2 class=\"default\">Descripci\u00f3n del producto<\/h2>\n<div id=\"productDescription\" class=\"a-section a-spacing-small\">\n<p>Ya sea que tenga una instalaci\u00f3n permanente o m\u00f3vil, este cable de serpiente de bajo perfil es lo suficientemente resistente como para manejar lo que le arroje. Con la tecnolog\u00eda de placa de circuito en este cable XLR de 50 pies, garantiza una conexi\u00f3n s\u00f3lida con sus conectores. La calidad de su sonido solo puede ser tan buena como las conexiones entre el escenario y el mezclador. Con este cable de serpiente, cada par de conductores resistentes est\u00e1 blindado individualmente, produciendo un sonido claro mientras rechaza el ruido extra\u00f1o. Los conectores XLR en las devoluciones hacen que este cable de serpiente se ajuste perfectamente con amplificadores de potencia profesionales y consolas de mezcla sin la necesidad de convertidores o acopladores. El cable divisor XLR mide 50 pies de largo y tiene conductores resistentes de calibre 25. Conecte 8 canales diferentes a la caja del escenario. Los conectores de la caja son XLR hembra y los conectores fantail son XLR macho. La caja divisora de 8 canales de Seismic Audio Speakers est\u00e1 etiquetada num\u00e9ricamente y tiene tecnolog\u00eda de placa de circuito. Los cables de serpiente de calidad impresionante son muy dif\u00edciles de encontrar, especialmente a un precio decente. La marca Seismic Audio fue dise\u00f1ada para hacer que el m\u00fasico profesional, as\u00ed como el m\u00fasico con poco dinero, suenen genial.<\/p>\n<\/div>\n<div>Conectores XLR de calidad profesional.<\/div>\n<div>Todos los conectores XLR de Seismic Audio son de calidad y grado profesional. Tenga la seguridad de que tendr\u00e1 una conexi\u00f3n de audio s\u00f3lida y sin ruidos no deseados. \u00a1Nuestros conectores XLR son de la m\u00e1s alta calidad, niquelados y lo suficientemente duraderos para soportar los rigores de la carretera!<\/div>\n<div>Caja de escenario de perfil bajo<\/div>\n<div>La serie SACB de cables Snake de Seismic Audio cuenta con una caja de escenario de perfil bajo, lo que reduce el espacio que ocupa. Tambi\u00e9n cuentan con tecnolog\u00eda de placa de circuito que garantiza una conexi\u00f3n s\u00f3lida con los conectores, lo que produce un sonido n\u00edtido y rechaza ruidos extra\u00f1os.<\/div>\n<div>Caja de escenario etiquetada de alta resistencia<\/div>\n<div>Estos cables tipo serpiente son resistentes, duraderos, est\u00e1n listos para la carretera y est\u00e1n fabricados para durar. El cuadro de etapa est\u00e1 etiquetado num\u00e9ricamente para cada env\u00edo y devoluci\u00f3n. La cola de milano tiene c\u00f3digos de colores y tambi\u00e9n est\u00e1 etiquetada num\u00e9ricamente, lo que facilita un poco el montaje y el desmontaje.<\/div>\n","protected":false},"excerpt":{"rendered":"<p>Descripci\u00f3n del producto Ya sea que tenga una instalaci\u00f3n permanente o m\u00f3vil, este cable de serpiente de bajo perfil es lo suficientemente resistente como para manejar lo que le arroje.<\/p>\n","protected":false},"featured_media":5617,"comment_status":"open","ping_status":"closed","template":"","meta":{"_acf_changed":false},"product_brand":[],"product_cat":[254,231],"product_tag":[],"class_list":{"0":"post-5616","1":"product","2":"type-product","3":"status-publish","4":"has-post-thumbnail","6":"product_cat-cables-audio","7":"product_cat-sonido-profesional","9":"first","10":"instock","11":"shipping-taxable","12":"purchasable","13":"product-type-simple","14":"add-to-wishlist-after_add_to_cart"},"acf":[],"yoast_head":"<!-- This site is optimized with the Yoast SEO plugin v26.0 - https:\/\/yoast.com\/wordpress\/plugins\/seo\/ -->\n<title>Seismic Audio Snake Medusa 8x4 15 Metros - Soluciones, Asesoria y Venta de Equipos Audiovisuales<\/title>\n<meta name=\"description\" content=\"Los Mejores equipos de sonido profesional para tus proyectos, cumpliendo garant\u00eda, soporte y respaldo, Env\u00edos a nivel nacional Colombia.\" \/>\n<meta name=\"robots\" content=\"index, follow, max-snippet:-1, max-image-preview:large, max-video-preview:-1\" \/>\n<link rel=\"canonical\" href=\"https:\/\/rs-audiovideo.com\/index.php\/product\/seismic-audio-altavoces-8-canales-de-bajo-perfil-xlr-15-metros\/\" \/>\n<meta property=\"og:locale\" content=\"en_US\" \/>\n<meta property=\"og:type\" content=\"article\" \/>\n<meta property=\"og:title\" content=\"Seismic Audio Snake Medusa 8x4 15 Metros - Soluciones, Asesoria y Venta de Equipos Audiovisuales\" \/>\n<meta property=\"og:description\" content=\"Los Mejores equipos de sonido profesional para tus proyectos, cumpliendo garant\u00eda, soporte y respaldo, Env\u00edos a nivel nacional Colombia.\" \/>\n<meta property=\"og:url\" content=\"https:\/\/rs-audiovideo.com\/index.php\/product\/seismic-audio-altavoces-8-canales-de-bajo-perfil-xlr-15-metros\/\" \/>\n<meta property=\"og:site_name\" content=\"Soluciones, Asesoria y Venta de Equipos Audiovisuales\" \/>\n<meta property=\"article:modified_time\" content=\"2024-06-19T00:08:13+00:00\" \/>\n<meta property=\"og:image\" content=\"https:\/\/rs-audiovideo.com\/wp-content\/uploads\/2024\/06\/71nkxro2HS._AC_SL1500_.jpg\" \/>\n\t<meta property=\"og:image:width\" content=\"1500\" \/>\n\t<meta property=\"og:image:height\" content=\"1180\" \/>\n\t<meta property=\"og:image:type\" content=\"image\/jpeg\" \/>\n<meta name=\"twitter:card\" content=\"summary_large_image\" \/>\n<meta name=\"twitter:label1\" content=\"Est. reading time\" \/>\n\t<meta name=\"twitter:data1\" content=\"2 minutes\" \/>\n<script type=\"application\/ld+json\" class=\"yoast-schema-graph\">{\"@context\":\"https:\/\/schema.org\",\"@graph\":[{\"@type\":\"WebPage\",\"@id\":\"https:\/\/rs-audiovideo.com\/index.php\/product\/seismic-audio-altavoces-8-canales-de-bajo-perfil-xlr-15-metros\/\",\"url\":\"https:\/\/rs-audiovideo.com\/index.php\/product\/seismic-audio-altavoces-8-canales-de-bajo-perfil-xlr-15-metros\/\",\"name\":\"Seismic Audio Snake Medusa 8x4 15 Metros - Soluciones, Asesoria y Venta de Equipos Audiovisuales\",\"isPartOf\":{\"@id\":\"https:\/\/rs-audiovideo.com\/#website\"},\"primaryImageOfPage\":{\"@id\":\"https:\/\/rs-audiovideo.com\/index.php\/product\/seismic-audio-altavoces-8-canales-de-bajo-perfil-xlr-15-metros\/#primaryimage\"},\"image\":{\"@id\":\"https:\/\/rs-audiovideo.com\/index.php\/product\/seismic-audio-altavoces-8-canales-de-bajo-perfil-xlr-15-metros\/#primaryimage\"},\"thumbnailUrl\":\"https:\/\/rs-audiovideo.com\/wp-content\/uploads\/2024\/06\/71nkxro2HS._AC_SL1500_.jpg\",\"datePublished\":\"2024-06-13T23:13:53+00:00\",\"dateModified\":\"2024-06-19T00:08:13+00:00\",\"description\":\"Los Mejores equipos de sonido profesional para tus proyectos, cumpliendo garant\u00eda, soporte y respaldo, Env\u00edos a nivel nacional Colombia.\",\"breadcrumb\":{\"@id\":\"https:\/\/rs-audiovideo.com\/index.php\/product\/seismic-audio-altavoces-8-canales-de-bajo-perfil-xlr-15-metros\/#breadcrumb\"},\"inLanguage\":\"en-US\",\"potentialAction\":[{\"@type\":\"ReadAction\",\"target\":[\"https:\/\/rs-audiovideo.com\/index.php\/product\/seismic-audio-altavoces-8-canales-de-bajo-perfil-xlr-15-metros\/\"]}]},{\"@type\":\"ImageObject\",\"inLanguage\":\"en-US\",\"@id\":\"https:\/\/rs-audiovideo.com\/index.php\/product\/seismic-audio-altavoces-8-canales-de-bajo-perfil-xlr-15-metros\/#primaryimage\",\"url\":\"https:\/\/rs-audiovideo.com\/wp-content\/uploads\/2024\/06\/71nkxro2HS._AC_SL1500_.jpg\",\"contentUrl\":\"https:\/\/rs-audiovideo.com\/wp-content\/uploads\/2024\/06\/71nkxro2HS._AC_SL1500_.jpg\",\"width\":1500,\"height\":1180},{\"@type\":\"BreadcrumbList\",\"@id\":\"https:\/\/rs-audiovideo.com\/index.php\/product\/seismic-audio-altavoces-8-canales-de-bajo-perfil-xlr-15-metros\/#breadcrumb\",\"itemListElement\":[{\"@type\":\"ListItem\",\"position\":1,\"name\":\"Home\",\"item\":\"https:\/\/rs-audiovideo.com\/\"},{\"@type\":\"ListItem\",\"position\":2,\"name\":\"Shop\",\"item\":\"https:\/\/rs-audiovideo.com\/index.php\/shop-2\/\"},{\"@type\":\"ListItem\",\"position\":3,\"name\":\"Seismic Audio Snake Medusa 8&#215;4 15 Metros\"}]},{\"@type\":\"WebSite\",\"@id\":\"https:\/\/rs-audiovideo.com\/#website\",\"url\":\"https:\/\/rs-audiovideo.com\/\",\"name\":\"Soluciones, Asesoria y Venta de Equipos Audiovisuales\",\"description\":\"\",\"publisher\":{\"@id\":\"https:\/\/rs-audiovideo.com\/#organization\"},\"potentialAction\":[{\"@type\":\"SearchAction\",\"target\":{\"@type\":\"EntryPoint\",\"urlTemplate\":\"https:\/\/rs-audiovideo.com\/?s={search_term_string}\"},\"query-input\":{\"@type\":\"PropertyValueSpecification\",\"valueRequired\":true,\"valueName\":\"search_term_string\"}}],\"inLanguage\":\"en-US\"},{\"@type\":\"Organization\",\"@id\":\"https:\/\/rs-audiovideo.com\/#organization\",\"name\":\"Soluciones, Asesoria y Venta de Equipos Audiovisuales\",\"url\":\"https:\/\/rs-audiovideo.com\/\",\"logo\":{\"@type\":\"ImageObject\",\"inLanguage\":\"en-US\",\"@id\":\"https:\/\/rs-audiovideo.com\/#\/schema\/logo\/image\/\",\"url\":\"https:\/\/rs-audiovideo.com\/wp-content\/uploads\/2024\/06\/cropped-logointro.png\",\"contentUrl\":\"https:\/\/rs-audiovideo.com\/wp-content\/uploads\/2024\/06\/cropped-logointro.png\",\"width\":579,\"height\":127,\"caption\":\"Soluciones, Asesoria y Venta de Equipos Audiovisuales\"},\"image\":{\"@id\":\"https:\/\/rs-audiovideo.com\/#\/schema\/logo\/image\/\"}}]}<\/script>\n<!-- \/ Yoast SEO plugin. -->","yoast_head_json":{"title":"Seismic Audio Snake Medusa 8x4 15 Metros - Soluciones, Asesoria y Venta de Equipos Audiovisuales","description":"Los Mejores equipos de sonido profesional para tus proyectos, cumpliendo garant\u00eda, soporte y respaldo, Env\u00edos a nivel nacional Colombia.","robots":{"index":"index","follow":"follow","max-snippet":"max-snippet:-1","max-image-preview":"max-image-preview:large","max-video-preview":"max-video-preview:-1"},"canonical":"https:\/\/rs-audiovideo.com\/index.php\/product\/seismic-audio-altavoces-8-canales-de-bajo-perfil-xlr-15-metros\/","og_locale":"en_US","og_type":"article","og_title":"Seismic Audio Snake Medusa 8x4 15 Metros - Soluciones, Asesoria y Venta de Equipos Audiovisuales","og_description":"Los Mejores equipos de sonido profesional para tus proyectos, cumpliendo garant\u00eda, soporte y respaldo, Env\u00edos a nivel nacional Colombia.","og_url":"https:\/\/rs-audiovideo.com\/index.php\/product\/seismic-audio-altavoces-8-canales-de-bajo-perfil-xlr-15-metros\/","og_site_name":"Soluciones, Asesoria y Venta de Equipos Audiovisuales","article_modified_time":"2024-06-19T00:08:13+00:00","og_image":[{"width":1500,"height":1180,"url":"https:\/\/rs-audiovideo.com\/wp-content\/uploads\/2024\/06\/71nkxro2HS._AC_SL1500_.jpg","type":"image\/jpeg"}],"twitter_card":"summary_large_image","twitter_misc":{"Est. reading time":"2 minutes"},"schema":{"@context":"https:\/\/schema.org","@graph":[{"@type":"WebPage","@id":"https:\/\/rs-audiovideo.com\/index.php\/product\/seismic-audio-altavoces-8-canales-de-bajo-perfil-xlr-15-metros\/","url":"https:\/\/rs-audiovideo.com\/index.php\/product\/seismic-audio-altavoces-8-canales-de-bajo-perfil-xlr-15-metros\/","name":"Seismic Audio Snake Medusa 8x4 15 Metros - Soluciones, Asesoria y Venta de Equipos Audiovisuales","isPartOf":{"@id":"https:\/\/rs-audiovideo.com\/#website"},"primaryImageOfPage":{"@id":"https:\/\/rs-audiovideo.com\/index.php\/product\/seismic-audio-altavoces-8-canales-de-bajo-perfil-xlr-15-metros\/#primaryimage"},"image":{"@id":"https:\/\/rs-audiovideo.com\/index.php\/product\/seismic-audio-altavoces-8-canales-de-bajo-perfil-xlr-15-metros\/#primaryimage"},"thumbnailUrl":"https:\/\/rs-audiovideo.com\/wp-content\/uploads\/2024\/06\/71nkxro2HS._AC_SL1500_.jpg","datePublished":"2024-06-13T23:13:53+00:00","dateModified":"2024-06-19T00:08:13+00:00","description":"Los Mejores equipos de sonido profesional para tus proyectos, cumpliendo garant\u00eda, soporte y respaldo, Env\u00edos a nivel nacional Colombia.","breadcrumb":{"@id":"https:\/\/rs-audiovideo.com\/index.php\/product\/seismic-audio-altavoces-8-canales-de-bajo-perfil-xlr-15-metros\/#breadcrumb"},"inLanguage":"en-US","potentialAction":[{"@type":"ReadAction","target":["https:\/\/rs-audiovideo.com\/index.php\/product\/seismic-audio-altavoces-8-canales-de-bajo-perfil-xlr-15-metros\/"]}]},{"@type":"ImageObject","inLanguage":"en-US","@id":"https:\/\/rs-audiovideo.com\/index.php\/product\/seismic-audio-altavoces-8-canales-de-bajo-perfil-xlr-15-metros\/#primaryimage","url":"https:\/\/rs-audiovideo.com\/wp-content\/uploads\/2024\/06\/71nkxro2HS._AC_SL1500_.jpg","contentUrl":"https:\/\/rs-audiovideo.com\/wp-content\/uploads\/2024\/06\/71nkxro2HS._AC_SL1500_.jpg","width":1500,"height":1180},{"@type":"BreadcrumbList","@id":"https:\/\/rs-audiovideo.com\/index.php\/product\/seismic-audio-altavoces-8-canales-de-bajo-perfil-xlr-15-metros\/#breadcrumb","itemListElement":[{"@type":"ListItem","position":1,"name":"Home","item":"https:\/\/rs-audiovideo.com\/"},{"@type":"ListItem","position":2,"name":"Shop","item":"https:\/\/rs-audiovideo.com\/index.php\/shop-2\/"},{"@type":"ListItem","position":3,"name":"Seismic Audio Snake Medusa 8&#215;4 15 Metros"}]},{"@type":"WebSite","@id":"https:\/\/rs-audiovideo.com\/#website","url":"https:\/\/rs-audiovideo.com\/","name":"Soluciones, Asesoria y Venta de Equipos Audiovisuales","description":"","publisher":{"@id":"https:\/\/rs-audiovideo.com\/#organization"},"potentialAction":[{"@type":"SearchAction","target":{"@type":"EntryPoint","urlTemplate":"https:\/\/rs-audiovideo.com\/?s={search_term_string}"},"query-input":{"@type":"PropertyValueSpecification","valueRequired":true,"valueName":"search_term_string"}}],"inLanguage":"en-US"},{"@type":"Organization","@id":"https:\/\/rs-audiovideo.com\/#organization","name":"Soluciones, Asesoria y Venta de Equipos Audiovisuales","url":"https:\/\/rs-audiovideo.com\/","logo":{"@type":"ImageObject","inLanguage":"en-US","@id":"https:\/\/rs-audiovideo.com\/#\/schema\/logo\/image\/","url":"https:\/\/rs-audiovideo.com\/wp-content\/uploads\/2024\/06\/cropped-logointro.png","contentUrl":"https:\/\/rs-audiovideo.com\/wp-content\/uploads\/2024\/06\/cropped-logointro.png","width":579,"height":127,"caption":"Soluciones, Asesoria y Venta de Equipos Audiovisuales"},"image":{"@id":"https:\/\/rs-audiovideo.com\/#\/schema\/logo\/image\/"}}]}},"_links":{"self":[{"href":"https:\/\/rs-audiovideo.com\/index.php\/wp-json\/wp\/v2\/product\/5616","targetHints":{"allow":["GET"]}}],"collection":[{"href":"https:\/\/rs-audiovideo.com\/index.php\/wp-json\/wp\/v2\/product"}],"about":[{"href":"https:\/\/rs-audiovideo.com\/index.php\/wp-json\/wp\/v2\/types\/product"}],"replies":[{"embeddable":true,"href":"https:\/\/rs-audiovideo.com\/index.php\/wp-json\/wp\/v2\/comments?post=5616"}],"wp:featuredmedia":[{"embeddable":true,"href":"https:\/\/rs-audiovideo.com\/index.php\/wp-json\/wp\/v2\/media\/5617"}],"wp:attachment":[{"href":"https:\/\/rs-audiovideo.com\/index.php\/wp-json\/wp\/v2\/media?parent=5616"}],"wp:term":[{"taxonomy":"product_brand","embeddable":true,"href":"https:\/\/rs-audiovideo.com\/index.php\/wp-json\/wp\/v2\/product_brand?post=5616"},{"taxonomy":"product_cat","embeddable":true,"href":"https:\/\/rs-audiovideo.com\/index.php\/wp-json\/wp\/v2\/product_cat?post=5616"},{"taxonomy":"product_tag","embeddable":true,"href":"https:\/\/rs-audiovideo.com\/index.php\/wp-json\/wp\/v2\/product_tag?post=5616"}],"curies":[{"name":"wp","href":"https:\/\/api.w.org\/{rel}","templated":true}]}}