{"id":5643,"date":"2024-06-14T03:42:14","date_gmt":"2024-06-14T03:42:14","guid":{"rendered":"https:\/\/rs-audiovideo.com\/?post_type=product&#038;p=5643"},"modified":"2024-06-19T00:06:04","modified_gmt":"2024-06-19T00:06:04","slug":"maila-xl-sistema-line-array-compacto-175-kw-18-satelite-6-subwoofers","status":"publish","type":"product","link":"https:\/\/rs-audiovideo.com\/index.php\/product\/maila-xl-sistema-line-array-compacto-175-kw-18-satelite-6-subwoofers\/","title":{"rendered":"MAILA XL Sistema Line Array Compacto, 17,5 kW"},"content":{"rendered":"<div class=\"info pbxl\">\n<div class=\"article-nr\"><span class=\"article-nr-text\"> N.\u00ba art\u00edculo: <\/span> <span class=\"article-nr-content\"> LDMAILAXL <\/span><\/div>\n<div class=\"series-nr\"><span class=\"series-nr-text\">Serie:<\/span> <span class=\"series-nr-content\">MAILA\u00ae<\/span><\/div>\n<\/div>\n<div>Sistema 9 Satelite\u00a0 y 3 subwoofers por lado.<\/div>\n<div class=\"variants-wrapper\">\n<p>Sistema est\u00e9reo line array compacto con una flexibilidad \u00fanica<\/p>\n<\/div>\n<div class=\"visible--xs visible--s visible--l visible--xl\">\n<div class=\"detail-features pbxxl pbn-m pbxxl-l\">\n<div class=\"detail-feature\">\n<div class=\"clear\">Potencia total: 17,5 kW<\/div>\n<\/div>\n<div class=\"detail-feature\">\n<div class=\"clear\">2&#215;15&#8243; subwoofers de alto rendimiento con dise\u00f1o de paso de banda<\/div>\n<\/div>\n<div class=\"detail-feature\">\n<div class=\"clear\">M\u00f3dulo amplificador MAILA SPA con soporte EasyMount+\u00ae integrado para aplicaciones voladas<\/div>\n<\/div>\n<div class=\"detail-feature\">\n<div class=\"clear\">Tweeter y controlador de medios de los sat\u00e9lites en disposici\u00f3n WaveAhead\u00ae + membrana pasiva para una reproducci\u00f3n ampliada de los medios bajos<\/div>\n<\/div>\n<div class=\"detail-feature\">\n<div class=\"clear\">Elegante y robusta carcasa de aluminio para MAILA SAT y MAILA SPA<\/div>\n<\/div>\n<div class=\"detail-feature\">\n<div class=\"clear\">Innovador mecanismo EasySplay\u00ae para ajustar el \u00e1ngulo (0 &#8211; 8\u00b0) de cada sat\u00e9lite con una sola mano<\/div>\n<\/div>\n<div class=\"detail-feature\">\n<div class=\"clear\">SmartLink+\u00ae permite la conexi\u00f3n sin cables del m\u00f3dulo amplificador y el sat\u00e9lite<\/div>\n<\/div>\n<div class=\"detail-feature\">\n<div class=\"clear\">Configurable a trav\u00e9s de la aplicaci\u00f3n dedicada MAILA Quick Setup (iPadOS)<\/div>\n<\/div>\n<div class=\"detail-feature\">\n<div class=\"clear\">LogoLink\u00ae: Antenas inal\u00e1mbricas integradas en el logotipo de LD para la conexi\u00f3n inal\u00e1mbrica de aplicaciones<\/div>\n<\/div>\n<div>\n<p><iframe loading=\"lazy\" title=\"LD Systems - The people behind MAILA\u00ae\" width=\"1170\" height=\"658\" src=\"https:\/\/www.youtube.com\/embed\/A73UO7Rmv2k?feature=oembed\" frameborder=\"0\" allow=\"accelerometer; autoplay; clipboard-write; encrypted-media; gyroscope; picture-in-picture; web-share\" referrerpolicy=\"strict-origin-when-cross-origin\" allowfullscreen><\/iframe><\/p>\n<\/div>\n<\/div>\n<\/div>\n","protected":false},"excerpt":{"rendered":"<p>N.\u00ba art\u00edculo: LDMAILAXL Serie: MAILA\u00ae Sistema 9 Satelite\u00a0 y 3 subwoofers por lado. Sistema est\u00e9reo line array compacto con una flexibilidad \u00fanica Potencia total: 17,5 kW 2&#215;15&#8243; subwoofers de alto<\/p>\n","protected":false},"featured_media":5645,"comment_status":"open","ping_status":"closed","template":"","meta":{"_acf_changed":false},"product_brand":[],"product_cat":[259,245,231],"product_tag":[],"class_list":{"0":"post-5643","1":"product","2":"type-product","3":"status-publish","4":"has-post-thumbnail","6":"product_cat-ld-systems","7":"product_cat-line-array","8":"product_cat-sonido-profesional","10":"first","11":"onbackorder","12":"shipping-taxable","13":"purchasable","14":"product-type-simple","15":"add-to-wishlist-after_add_to_cart"},"acf":[],"yoast_head":"<!-- This site is optimized with the Yoast SEO plugin v26.0 - https:\/\/yoast.com\/wordpress\/plugins\/seo\/ -->\n<title>MAILA XL Sistema Line Array Compacto, 17,5 kW - Soluciones, Asesoria y Venta de Equipos Audiovisuales<\/title>\n<meta name=\"description\" content=\"Los Mejores equipos de sonido profesional para tus proyectos, cumpliendo garant\u00eda, soporte y respaldo, Env\u00edos a nivel nacional Colombia.\" \/>\n<meta name=\"robots\" content=\"index, follow, max-snippet:-1, max-image-preview:large, max-video-preview:-1\" \/>\n<link rel=\"canonical\" href=\"https:\/\/rs-audiovideo.com\/index.php\/product\/maila-xl-sistema-line-array-compacto-175-kw-18-satelite-6-subwoofers\/\" \/>\n<meta property=\"og:locale\" content=\"en_US\" \/>\n<meta property=\"og:type\" content=\"article\" \/>\n<meta property=\"og:title\" content=\"MAILA XL Sistema Line Array Compacto, 17,5 kW - Soluciones, Asesoria y Venta de Equipos Audiovisuales\" \/>\n<meta property=\"og:description\" content=\"Los Mejores equipos de sonido profesional para tus proyectos, cumpliendo garant\u00eda, soporte y respaldo, Env\u00edos a nivel nacional Colombia.\" \/>\n<meta property=\"og:url\" content=\"https:\/\/rs-audiovideo.com\/index.php\/product\/maila-xl-sistema-line-array-compacto-175-kw-18-satelite-6-subwoofers\/\" \/>\n<meta property=\"og:site_name\" content=\"Soluciones, Asesoria y Venta de Equipos Audiovisuales\" \/>\n<meta property=\"article:modified_time\" content=\"2024-06-19T00:06:04+00:00\" \/>\n<meta property=\"og:image\" content=\"https:\/\/rs-audiovideo.com\/wp-content\/uploads\/2024\/06\/LDMAILAXL_1.jpg\" \/>\n\t<meta property=\"og:image:width\" content=\"2000\" \/>\n\t<meta property=\"og:image:height\" content=\"2000\" \/>\n\t<meta property=\"og:image:type\" content=\"image\/jpeg\" \/>\n<meta name=\"twitter:card\" content=\"summary_large_image\" \/>\n<meta name=\"twitter:label1\" content=\"Est. reading time\" \/>\n\t<meta name=\"twitter:data1\" content=\"1 minute\" \/>\n<script type=\"application\/ld+json\" class=\"yoast-schema-graph\">{\"@context\":\"https:\/\/schema.org\",\"@graph\":[{\"@type\":\"WebPage\",\"@id\":\"https:\/\/rs-audiovideo.com\/index.php\/product\/maila-xl-sistema-line-array-compacto-175-kw-18-satelite-6-subwoofers\/\",\"url\":\"https:\/\/rs-audiovideo.com\/index.php\/product\/maila-xl-sistema-line-array-compacto-175-kw-18-satelite-6-subwoofers\/\",\"name\":\"MAILA XL Sistema Line Array Compacto, 17,5 kW - Soluciones, Asesoria y Venta de Equipos Audiovisuales\",\"isPartOf\":{\"@id\":\"https:\/\/rs-audiovideo.com\/#website\"},\"primaryImageOfPage\":{\"@id\":\"https:\/\/rs-audiovideo.com\/index.php\/product\/maila-xl-sistema-line-array-compacto-175-kw-18-satelite-6-subwoofers\/#primaryimage\"},\"image\":{\"@id\":\"https:\/\/rs-audiovideo.com\/index.php\/product\/maila-xl-sistema-line-array-compacto-175-kw-18-satelite-6-subwoofers\/#primaryimage\"},\"thumbnailUrl\":\"https:\/\/rs-audiovideo.com\/wp-content\/uploads\/2024\/06\/LDMAILAXL_1.jpg\",\"datePublished\":\"2024-06-14T03:42:14+00:00\",\"dateModified\":\"2024-06-19T00:06:04+00:00\",\"description\":\"Los Mejores equipos de sonido profesional para tus proyectos, cumpliendo garant\u00eda, soporte y respaldo, Env\u00edos a nivel nacional Colombia.\",\"breadcrumb\":{\"@id\":\"https:\/\/rs-audiovideo.com\/index.php\/product\/maila-xl-sistema-line-array-compacto-175-kw-18-satelite-6-subwoofers\/#breadcrumb\"},\"inLanguage\":\"en-US\",\"potentialAction\":[{\"@type\":\"ReadAction\",\"target\":[\"https:\/\/rs-audiovideo.com\/index.php\/product\/maila-xl-sistema-line-array-compacto-175-kw-18-satelite-6-subwoofers\/\"]}]},{\"@type\":\"ImageObject\",\"inLanguage\":\"en-US\",\"@id\":\"https:\/\/rs-audiovideo.com\/index.php\/product\/maila-xl-sistema-line-array-compacto-175-kw-18-satelite-6-subwoofers\/#primaryimage\",\"url\":\"https:\/\/rs-audiovideo.com\/wp-content\/uploads\/2024\/06\/LDMAILAXL_1.jpg\",\"contentUrl\":\"https:\/\/rs-audiovideo.com\/wp-content\/uploads\/2024\/06\/LDMAILAXL_1.jpg\",\"width\":2000,\"height\":2000},{\"@type\":\"BreadcrumbList\",\"@id\":\"https:\/\/rs-audiovideo.com\/index.php\/product\/maila-xl-sistema-line-array-compacto-175-kw-18-satelite-6-subwoofers\/#breadcrumb\",\"itemListElement\":[{\"@type\":\"ListItem\",\"position\":1,\"name\":\"Home\",\"item\":\"https:\/\/rs-audiovideo.com\/\"},{\"@type\":\"ListItem\",\"position\":2,\"name\":\"Shop\",\"item\":\"https:\/\/rs-audiovideo.com\/index.php\/shop-2\/\"},{\"@type\":\"ListItem\",\"position\":3,\"name\":\"MAILA XL Sistema Line Array Compacto, 17,5 kW\"}]},{\"@type\":\"WebSite\",\"@id\":\"https:\/\/rs-audiovideo.com\/#website\",\"url\":\"https:\/\/rs-audiovideo.com\/\",\"name\":\"Soluciones, Asesoria y Venta de Equipos Audiovisuales\",\"description\":\"\",\"publisher\":{\"@id\":\"https:\/\/rs-audiovideo.com\/#organization\"},\"potentialAction\":[{\"@type\":\"SearchAction\",\"target\":{\"@type\":\"EntryPoint\",\"urlTemplate\":\"https:\/\/rs-audiovideo.com\/?s={search_term_string}\"},\"query-input\":{\"@type\":\"PropertyValueSpecification\",\"valueRequired\":true,\"valueName\":\"search_term_string\"}}],\"inLanguage\":\"en-US\"},{\"@type\":\"Organization\",\"@id\":\"https:\/\/rs-audiovideo.com\/#organization\",\"name\":\"Soluciones, Asesoria y Venta de Equipos Audiovisuales\",\"url\":\"https:\/\/rs-audiovideo.com\/\",\"logo\":{\"@type\":\"ImageObject\",\"inLanguage\":\"en-US\",\"@id\":\"https:\/\/rs-audiovideo.com\/#\/schema\/logo\/image\/\",\"url\":\"https:\/\/rs-audiovideo.com\/wp-content\/uploads\/2024\/06\/cropped-logointro.png\",\"contentUrl\":\"https:\/\/rs-audiovideo.com\/wp-content\/uploads\/2024\/06\/cropped-logointro.png\",\"width\":579,\"height\":127,\"caption\":\"Soluciones, Asesoria y Venta de Equipos Audiovisuales\"},\"image\":{\"@id\":\"https:\/\/rs-audiovideo.com\/#\/schema\/logo\/image\/\"}}]}<\/script>\n<!-- \/ Yoast SEO plugin. -->","yoast_head_json":{"title":"MAILA XL Sistema Line Array Compacto, 17,5 kW - Soluciones, Asesoria y Venta de Equipos Audiovisuales","description":"Los Mejores equipos de sonido profesional para tus proyectos, cumpliendo garant\u00eda, soporte y respaldo, Env\u00edos a nivel nacional Colombia.","robots":{"index":"index","follow":"follow","max-snippet":"max-snippet:-1","max-image-preview":"max-image-preview:large","max-video-preview":"max-video-preview:-1"},"canonical":"https:\/\/rs-audiovideo.com\/index.php\/product\/maila-xl-sistema-line-array-compacto-175-kw-18-satelite-6-subwoofers\/","og_locale":"en_US","og_type":"article","og_title":"MAILA XL Sistema Line Array Compacto, 17,5 kW - Soluciones, Asesoria y Venta de Equipos Audiovisuales","og_description":"Los Mejores equipos de sonido profesional para tus proyectos, cumpliendo garant\u00eda, soporte y respaldo, Env\u00edos a nivel nacional Colombia.","og_url":"https:\/\/rs-audiovideo.com\/index.php\/product\/maila-xl-sistema-line-array-compacto-175-kw-18-satelite-6-subwoofers\/","og_site_name":"Soluciones, Asesoria y Venta de Equipos Audiovisuales","article_modified_time":"2024-06-19T00:06:04+00:00","og_image":[{"width":2000,"height":2000,"url":"https:\/\/rs-audiovideo.com\/wp-content\/uploads\/2024\/06\/LDMAILAXL_1.jpg","type":"image\/jpeg"}],"twitter_card":"summary_large_image","twitter_misc":{"Est. reading time":"1 minute"},"schema":{"@context":"https:\/\/schema.org","@graph":[{"@type":"WebPage","@id":"https:\/\/rs-audiovideo.com\/index.php\/product\/maila-xl-sistema-line-array-compacto-175-kw-18-satelite-6-subwoofers\/","url":"https:\/\/rs-audiovideo.com\/index.php\/product\/maila-xl-sistema-line-array-compacto-175-kw-18-satelite-6-subwoofers\/","name":"MAILA XL Sistema Line Array Compacto, 17,5 kW - Soluciones, Asesoria y Venta de Equipos Audiovisuales","isPartOf":{"@id":"https:\/\/rs-audiovideo.com\/#website"},"primaryImageOfPage":{"@id":"https:\/\/rs-audiovideo.com\/index.php\/product\/maila-xl-sistema-line-array-compacto-175-kw-18-satelite-6-subwoofers\/#primaryimage"},"image":{"@id":"https:\/\/rs-audiovideo.com\/index.php\/product\/maila-xl-sistema-line-array-compacto-175-kw-18-satelite-6-subwoofers\/#primaryimage"},"thumbnailUrl":"https:\/\/rs-audiovideo.com\/wp-content\/uploads\/2024\/06\/LDMAILAXL_1.jpg","datePublished":"2024-06-14T03:42:14+00:00","dateModified":"2024-06-19T00:06:04+00:00","description":"Los Mejores equipos de sonido profesional para tus proyectos, cumpliendo garant\u00eda, soporte y respaldo, Env\u00edos a nivel nacional Colombia.","breadcrumb":{"@id":"https:\/\/rs-audiovideo.com\/index.php\/product\/maila-xl-sistema-line-array-compacto-175-kw-18-satelite-6-subwoofers\/#breadcrumb"},"inLanguage":"en-US","potentialAction":[{"@type":"ReadAction","target":["https:\/\/rs-audiovideo.com\/index.php\/product\/maila-xl-sistema-line-array-compacto-175-kw-18-satelite-6-subwoofers\/"]}]},{"@type":"ImageObject","inLanguage":"en-US","@id":"https:\/\/rs-audiovideo.com\/index.php\/product\/maila-xl-sistema-line-array-compacto-175-kw-18-satelite-6-subwoofers\/#primaryimage","url":"https:\/\/rs-audiovideo.com\/wp-content\/uploads\/2024\/06\/LDMAILAXL_1.jpg","contentUrl":"https:\/\/rs-audiovideo.com\/wp-content\/uploads\/2024\/06\/LDMAILAXL_1.jpg","width":2000,"height":2000},{"@type":"BreadcrumbList","@id":"https:\/\/rs-audiovideo.com\/index.php\/product\/maila-xl-sistema-line-array-compacto-175-kw-18-satelite-6-subwoofers\/#breadcrumb","itemListElement":[{"@type":"ListItem","position":1,"name":"Home","item":"https:\/\/rs-audiovideo.com\/"},{"@type":"ListItem","position":2,"name":"Shop","item":"https:\/\/rs-audiovideo.com\/index.php\/shop-2\/"},{"@type":"ListItem","position":3,"name":"MAILA XL Sistema Line Array Compacto, 17,5 kW"}]},{"@type":"WebSite","@id":"https:\/\/rs-audiovideo.com\/#website","url":"https:\/\/rs-audiovideo.com\/","name":"Soluciones, Asesoria y Venta de Equipos Audiovisuales","description":"","publisher":{"@id":"https:\/\/rs-audiovideo.com\/#organization"},"potentialAction":[{"@type":"SearchAction","target":{"@type":"EntryPoint","urlTemplate":"https:\/\/rs-audiovideo.com\/?s={search_term_string}"},"query-input":{"@type":"PropertyValueSpecification","valueRequired":true,"valueName":"search_term_string"}}],"inLanguage":"en-US"},{"@type":"Organization","@id":"https:\/\/rs-audiovideo.com\/#organization","name":"Soluciones, Asesoria y Venta de Equipos Audiovisuales","url":"https:\/\/rs-audiovideo.com\/","logo":{"@type":"ImageObject","inLanguage":"en-US","@id":"https:\/\/rs-audiovideo.com\/#\/schema\/logo\/image\/","url":"https:\/\/rs-audiovideo.com\/wp-content\/uploads\/2024\/06\/cropped-logointro.png","contentUrl":"https:\/\/rs-audiovideo.com\/wp-content\/uploads\/2024\/06\/cropped-logointro.png","width":579,"height":127,"caption":"Soluciones, Asesoria y Venta de Equipos Audiovisuales"},"image":{"@id":"https:\/\/rs-audiovideo.com\/#\/schema\/logo\/image\/"}}]}},"_links":{"self":[{"href":"https:\/\/rs-audiovideo.com\/index.php\/wp-json\/wp\/v2\/product\/5643","targetHints":{"allow":["GET"]}}],"collection":[{"href":"https:\/\/rs-audiovideo.com\/index.php\/wp-json\/wp\/v2\/product"}],"about":[{"href":"https:\/\/rs-audiovideo.com\/index.php\/wp-json\/wp\/v2\/types\/product"}],"replies":[{"embeddable":true,"href":"https:\/\/rs-audiovideo.com\/index.php\/wp-json\/wp\/v2\/comments?post=5643"}],"wp:featuredmedia":[{"embeddable":true,"href":"https:\/\/rs-audiovideo.com\/index.php\/wp-json\/wp\/v2\/media\/5645"}],"wp:attachment":[{"href":"https:\/\/rs-audiovideo.com\/index.php\/wp-json\/wp\/v2\/media?parent=5643"}],"wp:term":[{"taxonomy":"product_brand","embeddable":true,"href":"https:\/\/rs-audiovideo.com\/index.php\/wp-json\/wp\/v2\/product_brand?post=5643"},{"taxonomy":"product_cat","embeddable":true,"href":"https:\/\/rs-audiovideo.com\/index.php\/wp-json\/wp\/v2\/product_cat?post=5643"},{"taxonomy":"product_tag","embeddable":true,"href":"https:\/\/rs-audiovideo.com\/index.php\/wp-json\/wp\/v2\/product_tag?post=5643"}],"curies":[{"name":"wp","href":"https:\/\/api.w.org\/{rel}","templated":true}]}}