{"id":5646,"date":"2024-06-14T03:46:20","date_gmt":"2024-06-14T03:46:20","guid":{"rendered":"https:\/\/rs-audiovideo.com\/?post_type=product&#038;p=5646"},"modified":"2024-06-20T02:10:30","modified_gmt":"2024-06-20T02:10:30","slug":"altavoz-dual-pasivo-de-matriz-lineal-autoamplificado-de-12-pulgadas-y-3-vias","status":"publish","type":"product","link":"https:\/\/rs-audiovideo.com\/index.php\/product\/altavoz-dual-pasivo-de-matriz-lineal-autoamplificado-de-12-pulgadas-y-3-vias\/","title":{"rendered":"VA LAL Dual 12 pulgadas de 3 v\u00edas pasivo"},"content":{"rendered":"<p>Caracter\u00edstica:<\/p>\n<pre>Estructura sim\u00e9trica de graves, triamplificador, sistema line array de tres v\u00edas\r\nConfiguraci\u00f3n coaxial H&amp;M, centraliza la imagen del sonido.\r\nNeodimio H&amp;M&amp;L para reducir peso\r\nLos controladores de neodimio proporcionan un alto SPL y un margen din\u00e1mico\r\n\u00c1ngulos preestablecidos y f\u00e1cil de colgar.\r\nTipo de datos de procesador preestablecido para satisfacer diferentes rendimientos\r\nInterfaz de altavoz segura y transporte con ruedas humanizado\r\nPintura de poliurea el\u00e1stica.<\/pre>\n<p>&nbsp;<\/p>\n<p>Solicitud:<\/p>\n<p>Rendimiento a gran escala<br \/>\nEstadio<br \/>\nPlaza al aire libre<br \/>\nTeatro<\/p>\n<p><strong>Structure and Size<\/strong><\/p>\n<p><strong><img loading=\"lazy\" decoding=\"async\" class=\"\" title=\"1648112293192637.png\" src=\"https:\/\/www.concord-audio.com\/static\/upload\/image\/20220324\/1648112293192637.png\" alt=\"LAL.png\" width=\"890\" height=\"217\" \/><\/strong><\/p>\n<p><strong>Frequency Response Curve<\/strong><\/p>\n<p><strong><img loading=\"lazy\" decoding=\"async\" title=\"1648112325961281.png\" src=\"https:\/\/www.concord-audio.com\/static\/upload\/image\/20220324\/1648112325961281.png\" alt=\"LAL-\u9891.png\" width=\"569\" height=\"369\" \/><\/strong><\/p>\n<p><strong>Impedance Curve<\/strong><\/p>\n<p><strong><img loading=\"lazy\" decoding=\"async\" title=\"1648112341820749.png\" src=\"https:\/\/www.concord-audio.com\/static\/upload\/image\/20220324\/1648112341820749.png\" alt=\"LAL-\u963b.png\" width=\"560\" height=\"362\" \/><\/strong><\/p>\n<table width=\"854\">\n<tbody>\n<tr class=\"firstRow\">\n<td colspan=\"2\" rowspan=\"1\"><strong>Technical specification\uff1a<\/strong><\/td>\n<\/tr>\n<tr>\n<td>\u00a0 Frequency response\uff1a<\/td>\n<td>\u00a0\u00a0 50Hz~18kHz(\u00b13db)\u00a0 45Hz~20kHz(-10db)<\/td>\n<\/tr>\n<tr>\n<td>\u00a0 Nominal coverage(-6dB)\uff1a<\/td>\n<td>\u00a0\u00a0 90\u00b0(H) \u00d7 8\u00b0(V) constant directivity<\/td>\n<\/tr>\n<tr>\n<td>\u00a0 Average sensitivity(1w\/1m)\uff1a<\/td>\n<td>\u00a0 103db<\/td>\n<\/tr>\n<tr>\n<td>\u00a0 Power handling(AES\/PEAK)\uff1a<\/td>\n<td>\u00a0 1310W\/5240W<\/td>\n<\/tr>\n<tr>\n<td>\u00a0 Nominal impedance\uff1a<\/td>\n<td>\u00a0 HF\/MF\/LF\uff1a16\u03a9\/13\u03a9\/13\u03a9<\/td>\n<\/tr>\n<tr>\n<td>\u00a0 Maximum SPL(AES\/PEAK)\uff1a<\/td>\n<td>\u00a0 134dB\/140dB<\/td>\n<\/tr>\n<tr>\n<td>\u00a0 LF driver\uff1a<\/td>\n<td>\u00a0 2 \u00d7 12&#8243;\u00a0 customized neodymium driver(3&#8243; voice coil)<\/td>\n<\/tr>\n<tr>\n<td>\u00a0 MF driver\uff1a<\/td>\n<td>\u00a0 1 \u00d7 10&#8243;\u00a0customized\u00a0neodymium driver(2.5&#8243; voice coil)<\/td>\n<\/tr>\n<tr>\n<td>\u00a0 HF driver\uff1a<\/td>\n<td>\u00a0 2 \u00d7 3&#8243;\u00a0customized\u00a0neodymium compression PD driver(3&#8243; voice coil)<\/td>\n<\/tr>\n<tr>\n<td><\/td>\n<td><\/td>\n<\/tr>\n<tr>\n<td colspan=\"2\" rowspan=\"1\"><strong>\u00a0\u00a0Physical data\uff1a<\/strong><\/td>\n<\/tr>\n<tr>\n<td>\u00a0 Cabinet size(H\u00d7W\u00d7D)\uff1a<\/td>\n<td>\u00a0 373\u00d71050\u00d7560mm<\/td>\n<\/tr>\n<tr>\n<td>\u00a0 N.W\uff1a<\/td>\n<td>\u00a0 65kg<\/td>\n<\/tr>\n<tr>\n<td>\u00a0 Connectors\uff1a<\/td>\n<td>\u00a0 2 \u00d7 7-pin Speakon WP8<\/td>\n<\/tr>\n<tr>\n<td>\u00a0 Installation<\/td>\n<td>\u00a0 3-point rigging<\/td>\n<\/tr>\n<tr>\n<td>\u00a0 Material\uff1a<\/td>\n<td>\u00a0 18mm or 24mm birch plywood<\/td>\n<\/tr>\n<tr>\n<td>\u00a0 Finish\uff1a<\/td>\n<td>\u00a0\u00a0 black waterproof polyurea paint<\/td>\n<\/tr>\n<tr>\n<td>\u00a0 Grille\uff1a<\/td>\n<td>\u00a0 steel mesh<\/td>\n<\/tr>\n<tr>\n<td>\u00a0 Angle\uff1a<\/td>\n<td>\u00a0\u00a0 0\u00b0, 1\u00b0, 2\u00b0, 3\u00b0, 4\u00b0, 5\u00b0,\u00a06\u00b0,\u00a07\u00b0,\u00a08\u00b0 adjustable<\/td>\n<\/tr>\n<\/tbody>\n<\/table>\n","protected":false},"excerpt":{"rendered":"<p>Caracter\u00edstica: Estructura sim\u00e9trica de graves, triamplificador, sistema line array de tres v\u00edas Configuraci\u00f3n coaxial H&amp;M, centraliza la imagen del sonido. Neodimio H&amp;M&amp;L para reducir peso Los controladores de neodimio proporcionan<\/p>\n","protected":false},"featured_media":5648,"comment_status":"open","ping_status":"closed","template":"","meta":{"_acf_changed":false},"product_brand":[],"product_cat":[245,274,231],"product_tag":[],"class_list":{"0":"post-5646","1":"product","2":"type-product","3":"status-publish","4":"has-post-thumbnail","6":"product_cat-line-array","7":"product_cat-rs-sound","8":"product_cat-sonido-profesional","10":"first","11":"onbackorder","12":"shipping-taxable","13":"product-type-simple","14":"add-to-wishlist-after_add_to_cart"},"acf":[],"yoast_head":"<!-- This site is optimized with the Yoast SEO plugin v26.0 - https:\/\/yoast.com\/wordpress\/plugins\/seo\/ -->\n<title>VA LAL Dual 12 pulgadas de 3 v\u00edas pasivo - Soluciones, Asesoria y Venta de Equipos Audiovisuales<\/title>\n<meta name=\"robots\" content=\"index, follow, max-snippet:-1, max-image-preview:large, max-video-preview:-1\" \/>\n<link rel=\"canonical\" href=\"https:\/\/rs-audiovideo.com\/index.php\/product\/altavoz-dual-pasivo-de-matriz-lineal-autoamplificado-de-12-pulgadas-y-3-vias\/\" \/>\n<meta property=\"og:locale\" content=\"en_US\" \/>\n<meta property=\"og:type\" content=\"article\" \/>\n<meta property=\"og:title\" content=\"VA LAL Dual 12 pulgadas de 3 v\u00edas pasivo - Soluciones, Asesoria y Venta de Equipos Audiovisuales\" \/>\n<meta property=\"og:description\" content=\"Caracter\u00edstica: Estructura sim\u00e9trica de graves, triamplificador, sistema line array de tres v\u00edas Configuraci\u00f3n coaxial H&amp;M, centraliza la imagen del sonido. Neodimio H&amp;M&amp;L para reducir peso Los controladores de neodimio proporcionan\" \/>\n<meta property=\"og:url\" content=\"https:\/\/rs-audiovideo.com\/index.php\/product\/altavoz-dual-pasivo-de-matriz-lineal-autoamplificado-de-12-pulgadas-y-3-vias\/\" \/>\n<meta property=\"og:site_name\" content=\"Soluciones, Asesoria y Venta de Equipos Audiovisuales\" \/>\n<meta property=\"article:modified_time\" content=\"2024-06-20T02:10:30+00:00\" \/>\n<meta property=\"og:image\" content=\"https:\/\/rs-audiovideo.com\/wp-content\/uploads\/2024\/06\/1647567455930898.jpg\" \/>\n\t<meta property=\"og:image:width\" content=\"452\" \/>\n\t<meta property=\"og:image:height\" content=\"452\" \/>\n\t<meta property=\"og:image:type\" content=\"image\/jpeg\" \/>\n<meta name=\"twitter:card\" content=\"summary_large_image\" \/>\n<meta name=\"twitter:label1\" content=\"Est. reading time\" \/>\n\t<meta name=\"twitter:data1\" content=\"2 minutes\" \/>\n<script type=\"application\/ld+json\" class=\"yoast-schema-graph\">{\"@context\":\"https:\/\/schema.org\",\"@graph\":[{\"@type\":\"WebPage\",\"@id\":\"https:\/\/rs-audiovideo.com\/index.php\/product\/altavoz-dual-pasivo-de-matriz-lineal-autoamplificado-de-12-pulgadas-y-3-vias\/\",\"url\":\"https:\/\/rs-audiovideo.com\/index.php\/product\/altavoz-dual-pasivo-de-matriz-lineal-autoamplificado-de-12-pulgadas-y-3-vias\/\",\"name\":\"VA LAL Dual 12 pulgadas de 3 v\u00edas pasivo - Soluciones, Asesoria y Venta de Equipos Audiovisuales\",\"isPartOf\":{\"@id\":\"https:\/\/rs-audiovideo.com\/#website\"},\"primaryImageOfPage\":{\"@id\":\"https:\/\/rs-audiovideo.com\/index.php\/product\/altavoz-dual-pasivo-de-matriz-lineal-autoamplificado-de-12-pulgadas-y-3-vias\/#primaryimage\"},\"image\":{\"@id\":\"https:\/\/rs-audiovideo.com\/index.php\/product\/altavoz-dual-pasivo-de-matriz-lineal-autoamplificado-de-12-pulgadas-y-3-vias\/#primaryimage\"},\"thumbnailUrl\":\"https:\/\/rs-audiovideo.com\/wp-content\/uploads\/2024\/06\/1647567455930898.jpg\",\"datePublished\":\"2024-06-14T03:46:20+00:00\",\"dateModified\":\"2024-06-20T02:10:30+00:00\",\"breadcrumb\":{\"@id\":\"https:\/\/rs-audiovideo.com\/index.php\/product\/altavoz-dual-pasivo-de-matriz-lineal-autoamplificado-de-12-pulgadas-y-3-vias\/#breadcrumb\"},\"inLanguage\":\"en-US\",\"potentialAction\":[{\"@type\":\"ReadAction\",\"target\":[\"https:\/\/rs-audiovideo.com\/index.php\/product\/altavoz-dual-pasivo-de-matriz-lineal-autoamplificado-de-12-pulgadas-y-3-vias\/\"]}]},{\"@type\":\"ImageObject\",\"inLanguage\":\"en-US\",\"@id\":\"https:\/\/rs-audiovideo.com\/index.php\/product\/altavoz-dual-pasivo-de-matriz-lineal-autoamplificado-de-12-pulgadas-y-3-vias\/#primaryimage\",\"url\":\"https:\/\/rs-audiovideo.com\/wp-content\/uploads\/2024\/06\/1647567455930898.jpg\",\"contentUrl\":\"https:\/\/rs-audiovideo.com\/wp-content\/uploads\/2024\/06\/1647567455930898.jpg\",\"width\":452,\"height\":452},{\"@type\":\"BreadcrumbList\",\"@id\":\"https:\/\/rs-audiovideo.com\/index.php\/product\/altavoz-dual-pasivo-de-matriz-lineal-autoamplificado-de-12-pulgadas-y-3-vias\/#breadcrumb\",\"itemListElement\":[{\"@type\":\"ListItem\",\"position\":1,\"name\":\"Home\",\"item\":\"https:\/\/rs-audiovideo.com\/\"},{\"@type\":\"ListItem\",\"position\":2,\"name\":\"Shop\",\"item\":\"https:\/\/rs-audiovideo.com\/index.php\/shop-2\/\"},{\"@type\":\"ListItem\",\"position\":3,\"name\":\"VA LAL Dual 12 pulgadas de 3 v\u00edas pasivo\"}]},{\"@type\":\"WebSite\",\"@id\":\"https:\/\/rs-audiovideo.com\/#website\",\"url\":\"https:\/\/rs-audiovideo.com\/\",\"name\":\"Soluciones, Asesoria y Venta de Equipos Audiovisuales\",\"description\":\"\",\"publisher\":{\"@id\":\"https:\/\/rs-audiovideo.com\/#organization\"},\"potentialAction\":[{\"@type\":\"SearchAction\",\"target\":{\"@type\":\"EntryPoint\",\"urlTemplate\":\"https:\/\/rs-audiovideo.com\/?s={search_term_string}\"},\"query-input\":{\"@type\":\"PropertyValueSpecification\",\"valueRequired\":true,\"valueName\":\"search_term_string\"}}],\"inLanguage\":\"en-US\"},{\"@type\":\"Organization\",\"@id\":\"https:\/\/rs-audiovideo.com\/#organization\",\"name\":\"Soluciones, Asesoria y Venta de Equipos Audiovisuales\",\"url\":\"https:\/\/rs-audiovideo.com\/\",\"logo\":{\"@type\":\"ImageObject\",\"inLanguage\":\"en-US\",\"@id\":\"https:\/\/rs-audiovideo.com\/#\/schema\/logo\/image\/\",\"url\":\"https:\/\/rs-audiovideo.com\/wp-content\/uploads\/2024\/06\/cropped-logointro.png\",\"contentUrl\":\"https:\/\/rs-audiovideo.com\/wp-content\/uploads\/2024\/06\/cropped-logointro.png\",\"width\":579,\"height\":127,\"caption\":\"Soluciones, Asesoria y Venta de Equipos Audiovisuales\"},\"image\":{\"@id\":\"https:\/\/rs-audiovideo.com\/#\/schema\/logo\/image\/\"}}]}<\/script>\n<!-- \/ Yoast SEO plugin. -->","yoast_head_json":{"title":"VA LAL Dual 12 pulgadas de 3 v\u00edas pasivo - Soluciones, Asesoria y Venta de Equipos Audiovisuales","robots":{"index":"index","follow":"follow","max-snippet":"max-snippet:-1","max-image-preview":"max-image-preview:large","max-video-preview":"max-video-preview:-1"},"canonical":"https:\/\/rs-audiovideo.com\/index.php\/product\/altavoz-dual-pasivo-de-matriz-lineal-autoamplificado-de-12-pulgadas-y-3-vias\/","og_locale":"en_US","og_type":"article","og_title":"VA LAL Dual 12 pulgadas de 3 v\u00edas pasivo - Soluciones, Asesoria y Venta de Equipos Audiovisuales","og_description":"Caracter\u00edstica: Estructura sim\u00e9trica de graves, triamplificador, sistema line array de tres v\u00edas Configuraci\u00f3n coaxial H&amp;M, centraliza la imagen del sonido. Neodimio H&amp;M&amp;L para reducir peso Los controladores de neodimio proporcionan","og_url":"https:\/\/rs-audiovideo.com\/index.php\/product\/altavoz-dual-pasivo-de-matriz-lineal-autoamplificado-de-12-pulgadas-y-3-vias\/","og_site_name":"Soluciones, Asesoria y Venta de Equipos Audiovisuales","article_modified_time":"2024-06-20T02:10:30+00:00","og_image":[{"width":452,"height":452,"url":"https:\/\/rs-audiovideo.com\/wp-content\/uploads\/2024\/06\/1647567455930898.jpg","type":"image\/jpeg"}],"twitter_card":"summary_large_image","twitter_misc":{"Est. reading time":"2 minutes"},"schema":{"@context":"https:\/\/schema.org","@graph":[{"@type":"WebPage","@id":"https:\/\/rs-audiovideo.com\/index.php\/product\/altavoz-dual-pasivo-de-matriz-lineal-autoamplificado-de-12-pulgadas-y-3-vias\/","url":"https:\/\/rs-audiovideo.com\/index.php\/product\/altavoz-dual-pasivo-de-matriz-lineal-autoamplificado-de-12-pulgadas-y-3-vias\/","name":"VA LAL Dual 12 pulgadas de 3 v\u00edas pasivo - Soluciones, Asesoria y Venta de Equipos Audiovisuales","isPartOf":{"@id":"https:\/\/rs-audiovideo.com\/#website"},"primaryImageOfPage":{"@id":"https:\/\/rs-audiovideo.com\/index.php\/product\/altavoz-dual-pasivo-de-matriz-lineal-autoamplificado-de-12-pulgadas-y-3-vias\/#primaryimage"},"image":{"@id":"https:\/\/rs-audiovideo.com\/index.php\/product\/altavoz-dual-pasivo-de-matriz-lineal-autoamplificado-de-12-pulgadas-y-3-vias\/#primaryimage"},"thumbnailUrl":"https:\/\/rs-audiovideo.com\/wp-content\/uploads\/2024\/06\/1647567455930898.jpg","datePublished":"2024-06-14T03:46:20+00:00","dateModified":"2024-06-20T02:10:30+00:00","breadcrumb":{"@id":"https:\/\/rs-audiovideo.com\/index.php\/product\/altavoz-dual-pasivo-de-matriz-lineal-autoamplificado-de-12-pulgadas-y-3-vias\/#breadcrumb"},"inLanguage":"en-US","potentialAction":[{"@type":"ReadAction","target":["https:\/\/rs-audiovideo.com\/index.php\/product\/altavoz-dual-pasivo-de-matriz-lineal-autoamplificado-de-12-pulgadas-y-3-vias\/"]}]},{"@type":"ImageObject","inLanguage":"en-US","@id":"https:\/\/rs-audiovideo.com\/index.php\/product\/altavoz-dual-pasivo-de-matriz-lineal-autoamplificado-de-12-pulgadas-y-3-vias\/#primaryimage","url":"https:\/\/rs-audiovideo.com\/wp-content\/uploads\/2024\/06\/1647567455930898.jpg","contentUrl":"https:\/\/rs-audiovideo.com\/wp-content\/uploads\/2024\/06\/1647567455930898.jpg","width":452,"height":452},{"@type":"BreadcrumbList","@id":"https:\/\/rs-audiovideo.com\/index.php\/product\/altavoz-dual-pasivo-de-matriz-lineal-autoamplificado-de-12-pulgadas-y-3-vias\/#breadcrumb","itemListElement":[{"@type":"ListItem","position":1,"name":"Home","item":"https:\/\/rs-audiovideo.com\/"},{"@type":"ListItem","position":2,"name":"Shop","item":"https:\/\/rs-audiovideo.com\/index.php\/shop-2\/"},{"@type":"ListItem","position":3,"name":"VA LAL Dual 12 pulgadas de 3 v\u00edas pasivo"}]},{"@type":"WebSite","@id":"https:\/\/rs-audiovideo.com\/#website","url":"https:\/\/rs-audiovideo.com\/","name":"Soluciones, Asesoria y Venta de Equipos Audiovisuales","description":"","publisher":{"@id":"https:\/\/rs-audiovideo.com\/#organization"},"potentialAction":[{"@type":"SearchAction","target":{"@type":"EntryPoint","urlTemplate":"https:\/\/rs-audiovideo.com\/?s={search_term_string}"},"query-input":{"@type":"PropertyValueSpecification","valueRequired":true,"valueName":"search_term_string"}}],"inLanguage":"en-US"},{"@type":"Organization","@id":"https:\/\/rs-audiovideo.com\/#organization","name":"Soluciones, Asesoria y Venta de Equipos Audiovisuales","url":"https:\/\/rs-audiovideo.com\/","logo":{"@type":"ImageObject","inLanguage":"en-US","@id":"https:\/\/rs-audiovideo.com\/#\/schema\/logo\/image\/","url":"https:\/\/rs-audiovideo.com\/wp-content\/uploads\/2024\/06\/cropped-logointro.png","contentUrl":"https:\/\/rs-audiovideo.com\/wp-content\/uploads\/2024\/06\/cropped-logointro.png","width":579,"height":127,"caption":"Soluciones, Asesoria y Venta de Equipos Audiovisuales"},"image":{"@id":"https:\/\/rs-audiovideo.com\/#\/schema\/logo\/image\/"}}]}},"_links":{"self":[{"href":"https:\/\/rs-audiovideo.com\/index.php\/wp-json\/wp\/v2\/product\/5646","targetHints":{"allow":["GET"]}}],"collection":[{"href":"https:\/\/rs-audiovideo.com\/index.php\/wp-json\/wp\/v2\/product"}],"about":[{"href":"https:\/\/rs-audiovideo.com\/index.php\/wp-json\/wp\/v2\/types\/product"}],"replies":[{"embeddable":true,"href":"https:\/\/rs-audiovideo.com\/index.php\/wp-json\/wp\/v2\/comments?post=5646"}],"wp:featuredmedia":[{"embeddable":true,"href":"https:\/\/rs-audiovideo.com\/index.php\/wp-json\/wp\/v2\/media\/5648"}],"wp:attachment":[{"href":"https:\/\/rs-audiovideo.com\/index.php\/wp-json\/wp\/v2\/media?parent=5646"}],"wp:term":[{"taxonomy":"product_brand","embeddable":true,"href":"https:\/\/rs-audiovideo.com\/index.php\/wp-json\/wp\/v2\/product_brand?post=5646"},{"taxonomy":"product_cat","embeddable":true,"href":"https:\/\/rs-audiovideo.com\/index.php\/wp-json\/wp\/v2\/product_cat?post=5646"},{"taxonomy":"product_tag","embeddable":true,"href":"https:\/\/rs-audiovideo.com\/index.php\/wp-json\/wp\/v2\/product_tag?post=5646"}],"curies":[{"name":"wp","href":"https:\/\/api.w.org\/{rel}","templated":true}]}}