{"id":5747,"date":"2024-06-15T22:58:56","date_gmt":"2024-06-15T22:58:56","guid":{"rendered":"https:\/\/rs-audiovideo.com\/?post_type=product&#038;p=5747"},"modified":"2024-09-24T18:56:59","modified_gmt":"2024-09-24T18:56:59","slug":"ld-systems-sistema-inalambrico-con-petaca-y-cable-de-guitarra","status":"publish","type":"product","link":"https:\/\/rs-audiovideo.com\/index.php\/product\/ld-systems-sistema-inalambrico-con-petaca-y-cable-de-guitarra\/","title":{"rendered":"LD-Systems &#8211; Sistema in\u00e1lambrico con petaca y cable de guitarra"},"content":{"rendered":"<div class=\"product-name-description\">\n<h1 class=\"is-headline\"><span class=\"is-description\">Sistema inal\u00e1mbrico con Petaca y Cable de Guitarra &#8211; 584 \u2013 608 MHz.<\/span><\/h1>\n<\/div>\n<div class=\"info pbxl\">\n<div class=\"article-nr\"><span class=\"article-nr-text\"> N.\u00ba art\u00edculo: <\/span> <span class=\"article-nr-content\"> LDU505BPG <\/span><\/div>\n<div class=\"series-nr\"><span class=\"series-nr-text\">Serie:<\/span> <span class=\"series-nr-content\"><a href=\"https:\/\/www.ld-systems.com\/es\/listing\/index\/sCategory\/3193\">U500<\/a><\/span><\/div>\n<\/div>\n<div class=\"variants-wrapper\">\n<p><span class=\"title\">Modelos: 584-608 Mhz<\/span><\/p>\n<div class=\"select\">\n<div class=\"js--fancy-select select-field\">Sistemas inal\u00e1mbricos True Diversity<\/div>\n<\/div>\n<\/div>\n<div class=\"visible--xs visible--s visible--l visible--xl\">\n<div class=\"detail-features pbxxl pbn-m pbxxl-l\">\n<div class=\"detail-feature\">\n<div class=\"clear\">Micr\u00f3fonos din\u00e1micos y de condensador con c\u00e1psula antivibratoria<\/div>\n<\/div>\n<div class=\"detail-feature\">\n<div class=\"clear\">Tambi\u00e9n para instrumentos de metal y guitarras, con micr\u00f3fonos Lavalier y de diadema<\/div>\n<\/div>\n<div class=\"detail-feature\">\n<div class=\"clear\">B\u00fasqueda autom\u00e1tica de canales<\/div>\n<\/div>\n<div class=\"detail-feature\">\n<div class=\"clear\">M\u00e9todo sencillo de sincronizaci\u00f3n por infrarrojos entre transmisor y receptor<\/div>\n<\/div>\n<div class=\"detail-feature\">\n<div class=\"clear\">Silenciador con tono piloto<\/div>\n<\/div>\n<div class=\"detail-feature\">\n<div class=\"clear\">Potencia de transmisi\u00f3n seleccionable (2, 10 o 30 mW)<\/div>\n<\/div>\n<div class=\"detail-feature\">\n<div class=\"clear\">S\u00f3lida carcasa<\/div>\n<\/div>\n<div class=\"detail-feature\">\n<div class=\"clear\">Pantalla OLED de alto contraste<\/div>\n<\/div>\n<\/div>\n<\/div>\n","protected":false},"excerpt":{"rendered":"<p>Sistema inal\u00e1mbrico con Petaca y Cable de Guitarra &#8211; 584 \u2013 608 MHz. N.\u00ba art\u00edculo: LDU505BPG Serie: U500 Modelos: 584-608 Mhz Sistemas inal\u00e1mbricos True Diversity Micr\u00f3fonos din\u00e1micos y de condensador<\/p>\n","protected":false},"featured_media":5750,"comment_status":"open","ping_status":"closed","template":"","meta":{"_acf_changed":false},"product_brand":[],"product_cat":[259,247,271],"product_tag":[],"class_list":{"0":"post-5747","1":"product","2":"type-product","3":"status-publish","4":"has-post-thumbnail","6":"product_cat-ld-systems","7":"product_cat-microfono-inalambrico","8":"product_cat-microfonos-instrumentos-musicales","10":"first","11":"instock","12":"shipping-taxable","13":"purchasable","14":"product-type-simple","15":"add-to-wishlist-after_add_to_cart"},"acf":[],"yoast_head":"<!-- This site is optimized with the Yoast SEO plugin v26.0 - https:\/\/yoast.com\/wordpress\/plugins\/seo\/ -->\n<title>LD-Systems - Sistema in\u00e1lambrico con petaca y cable de guitarra - Soluciones, Asesoria y Venta de Equipos Audiovisuales<\/title>\n<meta name=\"description\" content=\"Los Mejores equipos de sonido profesional para tus proyectos, cumpliendo garant\u00eda, soporte y respaldo, Env\u00edos a nivel nacional Colombia.\" \/>\n<meta name=\"robots\" content=\"index, follow, max-snippet:-1, max-image-preview:large, max-video-preview:-1\" \/>\n<link rel=\"canonical\" href=\"https:\/\/rs-audiovideo.com\/index.php\/product\/ld-systems-sistema-inalambrico-con-petaca-y-cable-de-guitarra\/\" \/>\n<meta property=\"og:locale\" content=\"en_US\" \/>\n<meta property=\"og:type\" content=\"article\" \/>\n<meta property=\"og:title\" content=\"LD-Systems - Sistema in\u00e1lambrico con petaca y cable de guitarra - Soluciones, Asesoria y Venta de Equipos Audiovisuales\" \/>\n<meta property=\"og:description\" content=\"Los Mejores equipos de sonido profesional para tus proyectos, cumpliendo garant\u00eda, soporte y respaldo, Env\u00edos a nivel nacional Colombia.\" \/>\n<meta property=\"og:url\" content=\"https:\/\/rs-audiovideo.com\/index.php\/product\/ld-systems-sistema-inalambrico-con-petaca-y-cable-de-guitarra\/\" \/>\n<meta property=\"og:site_name\" content=\"Soluciones, Asesoria y Venta de Equipos Audiovisuales\" \/>\n<meta property=\"article:modified_time\" content=\"2024-09-24T18:56:59+00:00\" \/>\n<meta property=\"og:image\" content=\"https:\/\/rs-audiovideo.com\/wp-content\/uploads\/2024\/06\/LDU505BPG_1-scaled.jpg\" \/>\n\t<meta property=\"og:image:width\" content=\"2560\" \/>\n\t<meta property=\"og:image:height\" content=\"2560\" \/>\n\t<meta property=\"og:image:type\" content=\"image\/jpeg\" \/>\n<meta name=\"twitter:card\" content=\"summary_large_image\" \/>\n<meta name=\"twitter:label1\" content=\"Est. reading time\" \/>\n\t<meta name=\"twitter:data1\" content=\"1 minute\" \/>\n<script type=\"application\/ld+json\" class=\"yoast-schema-graph\">{\"@context\":\"https:\/\/schema.org\",\"@graph\":[{\"@type\":\"WebPage\",\"@id\":\"https:\/\/rs-audiovideo.com\/index.php\/product\/ld-systems-sistema-inalambrico-con-petaca-y-cable-de-guitarra\/\",\"url\":\"https:\/\/rs-audiovideo.com\/index.php\/product\/ld-systems-sistema-inalambrico-con-petaca-y-cable-de-guitarra\/\",\"name\":\"LD-Systems - Sistema in\u00e1lambrico con petaca y cable de guitarra - Soluciones, Asesoria y Venta de Equipos Audiovisuales\",\"isPartOf\":{\"@id\":\"https:\/\/rs-audiovideo.com\/#website\"},\"primaryImageOfPage\":{\"@id\":\"https:\/\/rs-audiovideo.com\/index.php\/product\/ld-systems-sistema-inalambrico-con-petaca-y-cable-de-guitarra\/#primaryimage\"},\"image\":{\"@id\":\"https:\/\/rs-audiovideo.com\/index.php\/product\/ld-systems-sistema-inalambrico-con-petaca-y-cable-de-guitarra\/#primaryimage\"},\"thumbnailUrl\":\"https:\/\/rs-audiovideo.com\/wp-content\/uploads\/2024\/06\/LDU505BPG_1-scaled.jpg\",\"datePublished\":\"2024-06-15T22:58:56+00:00\",\"dateModified\":\"2024-09-24T18:56:59+00:00\",\"description\":\"Los Mejores equipos de sonido profesional para tus proyectos, cumpliendo garant\u00eda, soporte y respaldo, Env\u00edos a nivel nacional Colombia.\",\"breadcrumb\":{\"@id\":\"https:\/\/rs-audiovideo.com\/index.php\/product\/ld-systems-sistema-inalambrico-con-petaca-y-cable-de-guitarra\/#breadcrumb\"},\"inLanguage\":\"en-US\",\"potentialAction\":[{\"@type\":\"ReadAction\",\"target\":[\"https:\/\/rs-audiovideo.com\/index.php\/product\/ld-systems-sistema-inalambrico-con-petaca-y-cable-de-guitarra\/\"]}]},{\"@type\":\"ImageObject\",\"inLanguage\":\"en-US\",\"@id\":\"https:\/\/rs-audiovideo.com\/index.php\/product\/ld-systems-sistema-inalambrico-con-petaca-y-cable-de-guitarra\/#primaryimage\",\"url\":\"https:\/\/rs-audiovideo.com\/wp-content\/uploads\/2024\/06\/LDU505BPG_1-scaled.jpg\",\"contentUrl\":\"https:\/\/rs-audiovideo.com\/wp-content\/uploads\/2024\/06\/LDU505BPG_1-scaled.jpg\",\"width\":2560,\"height\":2560},{\"@type\":\"BreadcrumbList\",\"@id\":\"https:\/\/rs-audiovideo.com\/index.php\/product\/ld-systems-sistema-inalambrico-con-petaca-y-cable-de-guitarra\/#breadcrumb\",\"itemListElement\":[{\"@type\":\"ListItem\",\"position\":1,\"name\":\"Home\",\"item\":\"https:\/\/rs-audiovideo.com\/\"},{\"@type\":\"ListItem\",\"position\":2,\"name\":\"Shop\",\"item\":\"https:\/\/rs-audiovideo.com\/index.php\/shop-2\/\"},{\"@type\":\"ListItem\",\"position\":3,\"name\":\"LD-Systems &#8211; Sistema in\u00e1lambrico con petaca y cable de guitarra\"}]},{\"@type\":\"WebSite\",\"@id\":\"https:\/\/rs-audiovideo.com\/#website\",\"url\":\"https:\/\/rs-audiovideo.com\/\",\"name\":\"Soluciones, Asesoria y Venta de Equipos Audiovisuales\",\"description\":\"\",\"publisher\":{\"@id\":\"https:\/\/rs-audiovideo.com\/#organization\"},\"potentialAction\":[{\"@type\":\"SearchAction\",\"target\":{\"@type\":\"EntryPoint\",\"urlTemplate\":\"https:\/\/rs-audiovideo.com\/?s={search_term_string}\"},\"query-input\":{\"@type\":\"PropertyValueSpecification\",\"valueRequired\":true,\"valueName\":\"search_term_string\"}}],\"inLanguage\":\"en-US\"},{\"@type\":\"Organization\",\"@id\":\"https:\/\/rs-audiovideo.com\/#organization\",\"name\":\"Soluciones, Asesoria y Venta de Equipos Audiovisuales\",\"url\":\"https:\/\/rs-audiovideo.com\/\",\"logo\":{\"@type\":\"ImageObject\",\"inLanguage\":\"en-US\",\"@id\":\"https:\/\/rs-audiovideo.com\/#\/schema\/logo\/image\/\",\"url\":\"https:\/\/rs-audiovideo.com\/wp-content\/uploads\/2024\/06\/cropped-logointro.png\",\"contentUrl\":\"https:\/\/rs-audiovideo.com\/wp-content\/uploads\/2024\/06\/cropped-logointro.png\",\"width\":579,\"height\":127,\"caption\":\"Soluciones, Asesoria y Venta de Equipos Audiovisuales\"},\"image\":{\"@id\":\"https:\/\/rs-audiovideo.com\/#\/schema\/logo\/image\/\"}}]}<\/script>\n<!-- \/ Yoast SEO plugin. -->","yoast_head_json":{"title":"LD-Systems - Sistema in\u00e1lambrico con petaca y cable de guitarra - Soluciones, Asesoria y Venta de Equipos Audiovisuales","description":"Los Mejores equipos de sonido profesional para tus proyectos, cumpliendo garant\u00eda, soporte y respaldo, Env\u00edos a nivel nacional Colombia.","robots":{"index":"index","follow":"follow","max-snippet":"max-snippet:-1","max-image-preview":"max-image-preview:large","max-video-preview":"max-video-preview:-1"},"canonical":"https:\/\/rs-audiovideo.com\/index.php\/product\/ld-systems-sistema-inalambrico-con-petaca-y-cable-de-guitarra\/","og_locale":"en_US","og_type":"article","og_title":"LD-Systems - Sistema in\u00e1lambrico con petaca y cable de guitarra - Soluciones, Asesoria y Venta de Equipos Audiovisuales","og_description":"Los Mejores equipos de sonido profesional para tus proyectos, cumpliendo garant\u00eda, soporte y respaldo, Env\u00edos a nivel nacional Colombia.","og_url":"https:\/\/rs-audiovideo.com\/index.php\/product\/ld-systems-sistema-inalambrico-con-petaca-y-cable-de-guitarra\/","og_site_name":"Soluciones, Asesoria y Venta de Equipos Audiovisuales","article_modified_time":"2024-09-24T18:56:59+00:00","og_image":[{"width":2560,"height":2560,"url":"https:\/\/rs-audiovideo.com\/wp-content\/uploads\/2024\/06\/LDU505BPG_1-scaled.jpg","type":"image\/jpeg"}],"twitter_card":"summary_large_image","twitter_misc":{"Est. reading time":"1 minute"},"schema":{"@context":"https:\/\/schema.org","@graph":[{"@type":"WebPage","@id":"https:\/\/rs-audiovideo.com\/index.php\/product\/ld-systems-sistema-inalambrico-con-petaca-y-cable-de-guitarra\/","url":"https:\/\/rs-audiovideo.com\/index.php\/product\/ld-systems-sistema-inalambrico-con-petaca-y-cable-de-guitarra\/","name":"LD-Systems - Sistema in\u00e1lambrico con petaca y cable de guitarra - Soluciones, Asesoria y Venta de Equipos Audiovisuales","isPartOf":{"@id":"https:\/\/rs-audiovideo.com\/#website"},"primaryImageOfPage":{"@id":"https:\/\/rs-audiovideo.com\/index.php\/product\/ld-systems-sistema-inalambrico-con-petaca-y-cable-de-guitarra\/#primaryimage"},"image":{"@id":"https:\/\/rs-audiovideo.com\/index.php\/product\/ld-systems-sistema-inalambrico-con-petaca-y-cable-de-guitarra\/#primaryimage"},"thumbnailUrl":"https:\/\/rs-audiovideo.com\/wp-content\/uploads\/2024\/06\/LDU505BPG_1-scaled.jpg","datePublished":"2024-06-15T22:58:56+00:00","dateModified":"2024-09-24T18:56:59+00:00","description":"Los Mejores equipos de sonido profesional para tus proyectos, cumpliendo garant\u00eda, soporte y respaldo, Env\u00edos a nivel nacional Colombia.","breadcrumb":{"@id":"https:\/\/rs-audiovideo.com\/index.php\/product\/ld-systems-sistema-inalambrico-con-petaca-y-cable-de-guitarra\/#breadcrumb"},"inLanguage":"en-US","potentialAction":[{"@type":"ReadAction","target":["https:\/\/rs-audiovideo.com\/index.php\/product\/ld-systems-sistema-inalambrico-con-petaca-y-cable-de-guitarra\/"]}]},{"@type":"ImageObject","inLanguage":"en-US","@id":"https:\/\/rs-audiovideo.com\/index.php\/product\/ld-systems-sistema-inalambrico-con-petaca-y-cable-de-guitarra\/#primaryimage","url":"https:\/\/rs-audiovideo.com\/wp-content\/uploads\/2024\/06\/LDU505BPG_1-scaled.jpg","contentUrl":"https:\/\/rs-audiovideo.com\/wp-content\/uploads\/2024\/06\/LDU505BPG_1-scaled.jpg","width":2560,"height":2560},{"@type":"BreadcrumbList","@id":"https:\/\/rs-audiovideo.com\/index.php\/product\/ld-systems-sistema-inalambrico-con-petaca-y-cable-de-guitarra\/#breadcrumb","itemListElement":[{"@type":"ListItem","position":1,"name":"Home","item":"https:\/\/rs-audiovideo.com\/"},{"@type":"ListItem","position":2,"name":"Shop","item":"https:\/\/rs-audiovideo.com\/index.php\/shop-2\/"},{"@type":"ListItem","position":3,"name":"LD-Systems &#8211; Sistema in\u00e1lambrico con petaca y cable de guitarra"}]},{"@type":"WebSite","@id":"https:\/\/rs-audiovideo.com\/#website","url":"https:\/\/rs-audiovideo.com\/","name":"Soluciones, Asesoria y Venta de Equipos Audiovisuales","description":"","publisher":{"@id":"https:\/\/rs-audiovideo.com\/#organization"},"potentialAction":[{"@type":"SearchAction","target":{"@type":"EntryPoint","urlTemplate":"https:\/\/rs-audiovideo.com\/?s={search_term_string}"},"query-input":{"@type":"PropertyValueSpecification","valueRequired":true,"valueName":"search_term_string"}}],"inLanguage":"en-US"},{"@type":"Organization","@id":"https:\/\/rs-audiovideo.com\/#organization","name":"Soluciones, Asesoria y Venta de Equipos Audiovisuales","url":"https:\/\/rs-audiovideo.com\/","logo":{"@type":"ImageObject","inLanguage":"en-US","@id":"https:\/\/rs-audiovideo.com\/#\/schema\/logo\/image\/","url":"https:\/\/rs-audiovideo.com\/wp-content\/uploads\/2024\/06\/cropped-logointro.png","contentUrl":"https:\/\/rs-audiovideo.com\/wp-content\/uploads\/2024\/06\/cropped-logointro.png","width":579,"height":127,"caption":"Soluciones, Asesoria y Venta de Equipos Audiovisuales"},"image":{"@id":"https:\/\/rs-audiovideo.com\/#\/schema\/logo\/image\/"}}]}},"_links":{"self":[{"href":"https:\/\/rs-audiovideo.com\/index.php\/wp-json\/wp\/v2\/product\/5747","targetHints":{"allow":["GET"]}}],"collection":[{"href":"https:\/\/rs-audiovideo.com\/index.php\/wp-json\/wp\/v2\/product"}],"about":[{"href":"https:\/\/rs-audiovideo.com\/index.php\/wp-json\/wp\/v2\/types\/product"}],"replies":[{"embeddable":true,"href":"https:\/\/rs-audiovideo.com\/index.php\/wp-json\/wp\/v2\/comments?post=5747"}],"wp:featuredmedia":[{"embeddable":true,"href":"https:\/\/rs-audiovideo.com\/index.php\/wp-json\/wp\/v2\/media\/5750"}],"wp:attachment":[{"href":"https:\/\/rs-audiovideo.com\/index.php\/wp-json\/wp\/v2\/media?parent=5747"}],"wp:term":[{"taxonomy":"product_brand","embeddable":true,"href":"https:\/\/rs-audiovideo.com\/index.php\/wp-json\/wp\/v2\/product_brand?post=5747"},{"taxonomy":"product_cat","embeddable":true,"href":"https:\/\/rs-audiovideo.com\/index.php\/wp-json\/wp\/v2\/product_cat?post=5747"},{"taxonomy":"product_tag","embeddable":true,"href":"https:\/\/rs-audiovideo.com\/index.php\/wp-json\/wp\/v2\/product_tag?post=5747"}],"curies":[{"name":"wp","href":"https:\/\/api.w.org\/{rel}","templated":true}]}}