{"id":5758,"date":"2024-06-15T23:13:28","date_gmt":"2024-06-15T23:13:28","guid":{"rendered":"https:\/\/rs-audiovideo.com\/?post_type=product&#038;p=5758"},"modified":"2024-07-06T04:58:51","modified_gmt":"2024-07-06T04:58:51","slug":"ld-systems-ld-u305-sistema-de-monitorizacion-en-oido","status":"publish","type":"product","link":"https:\/\/rs-audiovideo.com\/index.php\/product\/ld-systems-ld-u305-sistema-de-monitorizacion-en-oido\/","title":{"rendered":"LD-Systems LD U305- Sistema de monitorizaci\u00f3n en o\u00eddo"},"content":{"rendered":"<div class=\"info pbxl\">\n<div class=\"article-nr\"><span class=\"article-nr-text\"> N.\u00ba art\u00edculo: <\/span> <span class=\"article-nr-content\"> LDU305IEM <\/span><\/div>\n<div class=\"series-nr\"><span class=\"series-nr-text\">Serie:<\/span> <span class=\"series-nr-content\"><a href=\"https:\/\/www.ld-systems.com\/es\/listing\/index\/sCategory\/3187\">U300 IEM<\/a><\/span><\/div>\n<\/div>\n<div class=\"variants-wrapper\">\n<p><span class=\"title\">Modelos: 584 &#8211; 608 MHz <\/span><\/p>\n<div class=\"select\">\n<div class=\"js--fancy-select select-field\">Fiable transmisi\u00f3n inal\u00e1mbrica con un alcance de hasta 100 m<\/div>\n<\/div>\n<\/div>\n<div class=\"visible--xs visible--s visible--l visible--xl\">\n<div class=\"detail-features pbxxl pbn-m pbxxl-l\">\n<div class=\"detail-feature\">\n<div class=\"clear\">Excelente respuesta en frecuencia de bajos<\/div>\n<\/div>\n<div class=\"detail-feature\">\n<div class=\"clear\">12 canales seleccionables<\/div>\n<\/div>\n<div class=\"detail-feature\">\n<div class=\"clear\">Modos mono o est\u00e9reo para elegir<\/div>\n<\/div>\n<div class=\"detail-feature\">\n<div class=\"clear\">Pueden utilizarse hasta 6 sistemas simult\u00e1neamente<\/div>\n<\/div>\n<div class=\"detail-feature\">\n<div class=\"clear\">Petaca con 10 horas de autonom\u00eda con dos pilas AA<\/div>\n<\/div>\n<div class=\"detail-feature\">\n<div class=\"clear\">Se puede ajustar un n\u00famero ilimitado de petacas a la misma frecuencia emisora<\/div>\n<\/div>\n<div class=\"detail-feature\">\n<div class=\"clear\">Visualizaci\u00f3n del canal y de la recepci\u00f3n RF en la petaca<\/div>\n<\/div>\n<div class=\"detail-feature\">\n<div class=\"clear\">Transmisor alojado en una robusta carcasa met\u00e1lica con indicador de volumen est\u00e9reo<\/div>\n<\/div>\n<div class=\"detail-feature\">\n<div class=\"clear\">Antena desmontable con conector BNC<\/div>\n<\/div>\n<div class=\"detail-feature\">\n<div class=\"clear\">Se suministra con un kit de montaje en rack de 19&#8243;<\/div>\n<\/div>\n<\/div>\n<\/div>\n","protected":false},"excerpt":{"rendered":"<p>N.\u00ba art\u00edculo: LDU305IEM Serie: U300 IEM Modelos: 584 &#8211; 608 MHz Fiable transmisi\u00f3n inal\u00e1mbrica con un alcance de hasta 100 m Excelente respuesta en frecuencia de bajos 12 canales seleccionables<\/p>\n","protected":false},"featured_media":5763,"comment_status":"open","ping_status":"closed","template":"","meta":{"_acf_changed":false},"product_brand":[],"product_cat":[269,259],"product_tag":[],"class_list":{"0":"post-5758","1":"product","2":"type-product","3":"status-publish","4":"has-post-thumbnail","6":"product_cat-in-ears-sistema-inalambrico","7":"product_cat-ld-systems","9":"first","10":"instock","11":"shipping-taxable","12":"purchasable","13":"product-type-simple","14":"add-to-wishlist-after_add_to_cart"},"acf":[],"yoast_head":"<!-- This site is optimized with the Yoast SEO plugin v26.0 - https:\/\/yoast.com\/wordpress\/plugins\/seo\/ -->\n<title>LD-Systems LD U305- Sistema de monitorizaci\u00f3n en o\u00eddo - Soluciones, Asesoria y Venta de Equipos Audiovisuales<\/title>\n<meta name=\"description\" content=\"Los Mejores equipos de sonido profesional para tus proyectos, cumpliendo garant\u00eda, soporte y respaldo, Env\u00edos a nivel nacional Colombia.\" \/>\n<meta name=\"robots\" content=\"index, follow, max-snippet:-1, max-image-preview:large, max-video-preview:-1\" \/>\n<link rel=\"canonical\" href=\"https:\/\/rs-audiovideo.com\/index.php\/product\/ld-systems-ld-u305-sistema-de-monitorizacion-en-oido\/\" \/>\n<meta property=\"og:locale\" content=\"en_US\" \/>\n<meta property=\"og:type\" content=\"article\" \/>\n<meta property=\"og:title\" content=\"LD-Systems LD U305- Sistema de monitorizaci\u00f3n en o\u00eddo - Soluciones, Asesoria y Venta de Equipos Audiovisuales\" \/>\n<meta property=\"og:description\" content=\"Los Mejores equipos de sonido profesional para tus proyectos, cumpliendo garant\u00eda, soporte y respaldo, Env\u00edos a nivel nacional Colombia.\" \/>\n<meta property=\"og:url\" content=\"https:\/\/rs-audiovideo.com\/index.php\/product\/ld-systems-ld-u305-sistema-de-monitorizacion-en-oido\/\" \/>\n<meta property=\"og:site_name\" content=\"Soluciones, Asesoria y Venta de Equipos Audiovisuales\" \/>\n<meta property=\"article:modified_time\" content=\"2024-07-06T04:58:51+00:00\" \/>\n<meta property=\"og:image\" content=\"https:\/\/rs-audiovideo.com\/wp-content\/uploads\/2024\/06\/LDU305IEM_1-scaled.jpg\" \/>\n\t<meta property=\"og:image:width\" content=\"2560\" \/>\n\t<meta property=\"og:image:height\" content=\"2560\" \/>\n\t<meta property=\"og:image:type\" content=\"image\/jpeg\" \/>\n<meta name=\"twitter:card\" content=\"summary_large_image\" \/>\n<meta name=\"twitter:label1\" content=\"Est. reading time\" \/>\n\t<meta name=\"twitter:data1\" content=\"1 minute\" \/>\n<script type=\"application\/ld+json\" class=\"yoast-schema-graph\">{\"@context\":\"https:\/\/schema.org\",\"@graph\":[{\"@type\":\"WebPage\",\"@id\":\"https:\/\/rs-audiovideo.com\/index.php\/product\/ld-systems-ld-u305-sistema-de-monitorizacion-en-oido\/\",\"url\":\"https:\/\/rs-audiovideo.com\/index.php\/product\/ld-systems-ld-u305-sistema-de-monitorizacion-en-oido\/\",\"name\":\"LD-Systems LD U305- Sistema de monitorizaci\u00f3n en o\u00eddo - Soluciones, Asesoria y Venta de Equipos Audiovisuales\",\"isPartOf\":{\"@id\":\"https:\/\/rs-audiovideo.com\/#website\"},\"primaryImageOfPage\":{\"@id\":\"https:\/\/rs-audiovideo.com\/index.php\/product\/ld-systems-ld-u305-sistema-de-monitorizacion-en-oido\/#primaryimage\"},\"image\":{\"@id\":\"https:\/\/rs-audiovideo.com\/index.php\/product\/ld-systems-ld-u305-sistema-de-monitorizacion-en-oido\/#primaryimage\"},\"thumbnailUrl\":\"https:\/\/rs-audiovideo.com\/wp-content\/uploads\/2024\/06\/LDU305IEM_1-scaled.jpg\",\"datePublished\":\"2024-06-15T23:13:28+00:00\",\"dateModified\":\"2024-07-06T04:58:51+00:00\",\"description\":\"Los Mejores equipos de sonido profesional para tus proyectos, cumpliendo garant\u00eda, soporte y respaldo, Env\u00edos a nivel nacional Colombia.\",\"breadcrumb\":{\"@id\":\"https:\/\/rs-audiovideo.com\/index.php\/product\/ld-systems-ld-u305-sistema-de-monitorizacion-en-oido\/#breadcrumb\"},\"inLanguage\":\"en-US\",\"potentialAction\":[{\"@type\":\"ReadAction\",\"target\":[\"https:\/\/rs-audiovideo.com\/index.php\/product\/ld-systems-ld-u305-sistema-de-monitorizacion-en-oido\/\"]}]},{\"@type\":\"ImageObject\",\"inLanguage\":\"en-US\",\"@id\":\"https:\/\/rs-audiovideo.com\/index.php\/product\/ld-systems-ld-u305-sistema-de-monitorizacion-en-oido\/#primaryimage\",\"url\":\"https:\/\/rs-audiovideo.com\/wp-content\/uploads\/2024\/06\/LDU305IEM_1-scaled.jpg\",\"contentUrl\":\"https:\/\/rs-audiovideo.com\/wp-content\/uploads\/2024\/06\/LDU305IEM_1-scaled.jpg\",\"width\":2560,\"height\":2560},{\"@type\":\"BreadcrumbList\",\"@id\":\"https:\/\/rs-audiovideo.com\/index.php\/product\/ld-systems-ld-u305-sistema-de-monitorizacion-en-oido\/#breadcrumb\",\"itemListElement\":[{\"@type\":\"ListItem\",\"position\":1,\"name\":\"Home\",\"item\":\"https:\/\/rs-audiovideo.com\/\"},{\"@type\":\"ListItem\",\"position\":2,\"name\":\"Shop\",\"item\":\"https:\/\/rs-audiovideo.com\/index.php\/shop-2\/\"},{\"@type\":\"ListItem\",\"position\":3,\"name\":\"LD-Systems LD U305- Sistema de monitorizaci\u00f3n en o\u00eddo\"}]},{\"@type\":\"WebSite\",\"@id\":\"https:\/\/rs-audiovideo.com\/#website\",\"url\":\"https:\/\/rs-audiovideo.com\/\",\"name\":\"Soluciones, Asesoria y Venta de Equipos Audiovisuales\",\"description\":\"\",\"publisher\":{\"@id\":\"https:\/\/rs-audiovideo.com\/#organization\"},\"potentialAction\":[{\"@type\":\"SearchAction\",\"target\":{\"@type\":\"EntryPoint\",\"urlTemplate\":\"https:\/\/rs-audiovideo.com\/?s={search_term_string}\"},\"query-input\":{\"@type\":\"PropertyValueSpecification\",\"valueRequired\":true,\"valueName\":\"search_term_string\"}}],\"inLanguage\":\"en-US\"},{\"@type\":\"Organization\",\"@id\":\"https:\/\/rs-audiovideo.com\/#organization\",\"name\":\"Soluciones, Asesoria y Venta de Equipos Audiovisuales\",\"url\":\"https:\/\/rs-audiovideo.com\/\",\"logo\":{\"@type\":\"ImageObject\",\"inLanguage\":\"en-US\",\"@id\":\"https:\/\/rs-audiovideo.com\/#\/schema\/logo\/image\/\",\"url\":\"https:\/\/rs-audiovideo.com\/wp-content\/uploads\/2024\/06\/cropped-logointro.png\",\"contentUrl\":\"https:\/\/rs-audiovideo.com\/wp-content\/uploads\/2024\/06\/cropped-logointro.png\",\"width\":579,\"height\":127,\"caption\":\"Soluciones, Asesoria y Venta de Equipos Audiovisuales\"},\"image\":{\"@id\":\"https:\/\/rs-audiovideo.com\/#\/schema\/logo\/image\/\"}}]}<\/script>\n<!-- \/ Yoast SEO plugin. -->","yoast_head_json":{"title":"LD-Systems LD U305- Sistema de monitorizaci\u00f3n en o\u00eddo - Soluciones, Asesoria y Venta de Equipos Audiovisuales","description":"Los Mejores equipos de sonido profesional para tus proyectos, cumpliendo garant\u00eda, soporte y respaldo, Env\u00edos a nivel nacional Colombia.","robots":{"index":"index","follow":"follow","max-snippet":"max-snippet:-1","max-image-preview":"max-image-preview:large","max-video-preview":"max-video-preview:-1"},"canonical":"https:\/\/rs-audiovideo.com\/index.php\/product\/ld-systems-ld-u305-sistema-de-monitorizacion-en-oido\/","og_locale":"en_US","og_type":"article","og_title":"LD-Systems LD U305- Sistema de monitorizaci\u00f3n en o\u00eddo - Soluciones, Asesoria y Venta de Equipos Audiovisuales","og_description":"Los Mejores equipos de sonido profesional para tus proyectos, cumpliendo garant\u00eda, soporte y respaldo, Env\u00edos a nivel nacional Colombia.","og_url":"https:\/\/rs-audiovideo.com\/index.php\/product\/ld-systems-ld-u305-sistema-de-monitorizacion-en-oido\/","og_site_name":"Soluciones, Asesoria y Venta de Equipos Audiovisuales","article_modified_time":"2024-07-06T04:58:51+00:00","og_image":[{"width":2560,"height":2560,"url":"https:\/\/rs-audiovideo.com\/wp-content\/uploads\/2024\/06\/LDU305IEM_1-scaled.jpg","type":"image\/jpeg"}],"twitter_card":"summary_large_image","twitter_misc":{"Est. reading time":"1 minute"},"schema":{"@context":"https:\/\/schema.org","@graph":[{"@type":"WebPage","@id":"https:\/\/rs-audiovideo.com\/index.php\/product\/ld-systems-ld-u305-sistema-de-monitorizacion-en-oido\/","url":"https:\/\/rs-audiovideo.com\/index.php\/product\/ld-systems-ld-u305-sistema-de-monitorizacion-en-oido\/","name":"LD-Systems LD U305- Sistema de monitorizaci\u00f3n en o\u00eddo - Soluciones, Asesoria y Venta de Equipos Audiovisuales","isPartOf":{"@id":"https:\/\/rs-audiovideo.com\/#website"},"primaryImageOfPage":{"@id":"https:\/\/rs-audiovideo.com\/index.php\/product\/ld-systems-ld-u305-sistema-de-monitorizacion-en-oido\/#primaryimage"},"image":{"@id":"https:\/\/rs-audiovideo.com\/index.php\/product\/ld-systems-ld-u305-sistema-de-monitorizacion-en-oido\/#primaryimage"},"thumbnailUrl":"https:\/\/rs-audiovideo.com\/wp-content\/uploads\/2024\/06\/LDU305IEM_1-scaled.jpg","datePublished":"2024-06-15T23:13:28+00:00","dateModified":"2024-07-06T04:58:51+00:00","description":"Los Mejores equipos de sonido profesional para tus proyectos, cumpliendo garant\u00eda, soporte y respaldo, Env\u00edos a nivel nacional Colombia.","breadcrumb":{"@id":"https:\/\/rs-audiovideo.com\/index.php\/product\/ld-systems-ld-u305-sistema-de-monitorizacion-en-oido\/#breadcrumb"},"inLanguage":"en-US","potentialAction":[{"@type":"ReadAction","target":["https:\/\/rs-audiovideo.com\/index.php\/product\/ld-systems-ld-u305-sistema-de-monitorizacion-en-oido\/"]}]},{"@type":"ImageObject","inLanguage":"en-US","@id":"https:\/\/rs-audiovideo.com\/index.php\/product\/ld-systems-ld-u305-sistema-de-monitorizacion-en-oido\/#primaryimage","url":"https:\/\/rs-audiovideo.com\/wp-content\/uploads\/2024\/06\/LDU305IEM_1-scaled.jpg","contentUrl":"https:\/\/rs-audiovideo.com\/wp-content\/uploads\/2024\/06\/LDU305IEM_1-scaled.jpg","width":2560,"height":2560},{"@type":"BreadcrumbList","@id":"https:\/\/rs-audiovideo.com\/index.php\/product\/ld-systems-ld-u305-sistema-de-monitorizacion-en-oido\/#breadcrumb","itemListElement":[{"@type":"ListItem","position":1,"name":"Home","item":"https:\/\/rs-audiovideo.com\/"},{"@type":"ListItem","position":2,"name":"Shop","item":"https:\/\/rs-audiovideo.com\/index.php\/shop-2\/"},{"@type":"ListItem","position":3,"name":"LD-Systems LD U305- Sistema de monitorizaci\u00f3n en o\u00eddo"}]},{"@type":"WebSite","@id":"https:\/\/rs-audiovideo.com\/#website","url":"https:\/\/rs-audiovideo.com\/","name":"Soluciones, Asesoria y Venta de Equipos Audiovisuales","description":"","publisher":{"@id":"https:\/\/rs-audiovideo.com\/#organization"},"potentialAction":[{"@type":"SearchAction","target":{"@type":"EntryPoint","urlTemplate":"https:\/\/rs-audiovideo.com\/?s={search_term_string}"},"query-input":{"@type":"PropertyValueSpecification","valueRequired":true,"valueName":"search_term_string"}}],"inLanguage":"en-US"},{"@type":"Organization","@id":"https:\/\/rs-audiovideo.com\/#organization","name":"Soluciones, Asesoria y Venta de Equipos Audiovisuales","url":"https:\/\/rs-audiovideo.com\/","logo":{"@type":"ImageObject","inLanguage":"en-US","@id":"https:\/\/rs-audiovideo.com\/#\/schema\/logo\/image\/","url":"https:\/\/rs-audiovideo.com\/wp-content\/uploads\/2024\/06\/cropped-logointro.png","contentUrl":"https:\/\/rs-audiovideo.com\/wp-content\/uploads\/2024\/06\/cropped-logointro.png","width":579,"height":127,"caption":"Soluciones, Asesoria y Venta de Equipos Audiovisuales"},"image":{"@id":"https:\/\/rs-audiovideo.com\/#\/schema\/logo\/image\/"}}]}},"_links":{"self":[{"href":"https:\/\/rs-audiovideo.com\/index.php\/wp-json\/wp\/v2\/product\/5758","targetHints":{"allow":["GET"]}}],"collection":[{"href":"https:\/\/rs-audiovideo.com\/index.php\/wp-json\/wp\/v2\/product"}],"about":[{"href":"https:\/\/rs-audiovideo.com\/index.php\/wp-json\/wp\/v2\/types\/product"}],"replies":[{"embeddable":true,"href":"https:\/\/rs-audiovideo.com\/index.php\/wp-json\/wp\/v2\/comments?post=5758"}],"wp:featuredmedia":[{"embeddable":true,"href":"https:\/\/rs-audiovideo.com\/index.php\/wp-json\/wp\/v2\/media\/5763"}],"wp:attachment":[{"href":"https:\/\/rs-audiovideo.com\/index.php\/wp-json\/wp\/v2\/media?parent=5758"}],"wp:term":[{"taxonomy":"product_brand","embeddable":true,"href":"https:\/\/rs-audiovideo.com\/index.php\/wp-json\/wp\/v2\/product_brand?post=5758"},{"taxonomy":"product_cat","embeddable":true,"href":"https:\/\/rs-audiovideo.com\/index.php\/wp-json\/wp\/v2\/product_cat?post=5758"},{"taxonomy":"product_tag","embeddable":true,"href":"https:\/\/rs-audiovideo.com\/index.php\/wp-json\/wp\/v2\/product_tag?post=5758"}],"curies":[{"name":"wp","href":"https:\/\/api.w.org\/{rel}","templated":true}]}}