{"id":5764,"date":"2024-06-15T23:17:54","date_gmt":"2024-06-15T23:17:54","guid":{"rendered":"https:\/\/rs-audiovideo.com\/?post_type=product&#038;p=5764"},"modified":"2024-06-19T00:03:14","modified_gmt":"2024-06-19T00:03:14","slug":"p4-amplificador-de-monitor-intrauditivo-portatil-iem-estereo-mono-interruptor-monitor-amplificador","status":"publish","type":"product","link":"https:\/\/rs-audiovideo.com\/index.php\/product\/p4-amplificador-de-monitor-intrauditivo-portatil-iem-estereo-mono-interruptor-monitor-amplificador\/","title":{"rendered":"P4 Amplificador de monitor intrauditivo port\u00e1til IEM est\u00e9reo\/mono"},"content":{"rendered":"<div class=\"celwidget aplus-module module-9 aplus-standard\" data-csa-c-id=\"qhosxt-9bt60-7qdf5v-66ulcj\" data-cel-widget=\"aplus-module-9\">\n<div class=\"aplus-module-wrapper apm-fixed-width\">\n<div class=\"apm-spacing apm-fixed-width\">\n<table class=\"apm-fixed-width apm-eventhirdcol-table\">\n<tbody>\n<tr>\n<th class=\"apm-center\">\n<div class=\"apm-eventhirdcol apm-floatleft\">\n<p><img decoding=\"async\" class=\"a-spacing-mini\" src=\"https:\/\/m.media-amazon.com\/images\/S\/aplus-media-library-service-media\/8fe5c2de-bd81-49a6-b2d2-f7512e1cbdea.__CR0,0,300,300_PT0_SX300_V1___.jpg\" alt=\"P4\/2\" data-src=\"https:\/\/m.media-amazon.com\/images\/S\/aplus-media-library-service-media\/8fe5c2de-bd81-49a6-b2d2-f7512e1cbdea.__CR0,0,300,300_PT0_SX300_V1___.jpg\" \/><\/p>\n<\/div>\n<\/th>\n<th class=\"apm-center\">\n<div class=\"apm-eventhirdcol apm-floatleft\">\n<p><img decoding=\"async\" class=\"a-spacing-mini\" src=\"https:\/\/m.media-amazon.com\/images\/S\/aplus-media-library-service-media\/ec4d301b-1174-4f4f-ae4d-bf9e64b0481e.__CR0,0,300,300_PT0_SX300_V1___.jpg\" alt=\"P4\/3\" data-src=\"https:\/\/m.media-amazon.com\/images\/S\/aplus-media-library-service-media\/ec4d301b-1174-4f4f-ae4d-bf9e64b0481e.__CR0,0,300,300_PT0_SX300_V1___.jpg\" \/><\/p>\n<\/div>\n<\/th>\n<th class=\"apm-center\">\n<div class=\"apm-eventhirdcol apm-floatleft\">\n<p><img decoding=\"async\" class=\"a-spacing-mini\" src=\"https:\/\/m.media-amazon.com\/images\/S\/aplus-media-library-service-media\/894d0440-a857-4f1d-9df0-eeaf313e3a9e.__CR0,0,300,300_PT0_SX300_V1___.jpg\" alt=\"P4\/4\" data-src=\"https:\/\/m.media-amazon.com\/images\/S\/aplus-media-library-service-media\/894d0440-a857-4f1d-9df0-eeaf313e3a9e.__CR0,0,300,300_PT0_SX300_V1___.jpg\" \/><\/p>\n<\/div>\n<\/th>\n<\/tr>\n<tr>\n<td class=\"apm-top\">\n<div class=\"apm-eventhirdcol apm-floatleft\">\n<h4 class=\"a-spacing-mini\">Fzone P4<\/h4>\n<p>Para m\u00fasicos que son tecladistas, bateristas o cualquier otro int\u00e9rprete que permanezca estacionario durante sus actuaciones, el amplificador de monitor intrauditivo P4 est\u00e1 hecho a medida para ti. Las caracter\u00edsticas t\u00e9cnicas excepcionales, la impresionante calidad de sonido, la reproducci\u00f3n de audio fiel a original y la ausencia de distorsi\u00f3n de audio se han condensado en un formato compacto para el P4, lo que le permite disfrutar de la aut\u00e9ntica experiencia de sonido de una actuaci\u00f3n en vivo donde y cuando lo desee.<\/p>\n<\/div>\n<\/td>\n<td class=\"apm-top\">\n<div class=\"apm-eventhirdcol apm-floatleft\">\n<h4 class=\"a-spacing-mini\">Clip met\u00e1lico para cintur\u00f3n<\/h4>\n<p>El clip de metal para cintur\u00f3n est\u00e1 dise\u00f1ado para fijarse c\u00f3modamente a tu cintura, proporcionando flexibilidad ya sea que est\u00e9s estacionario o en movimiento. Usted tiene la libertad de ajustar el volumen y el canal cuando sea necesario.<\/p>\n<\/div>\n<\/td>\n<td class=\"apm-top\">\n<div class=\"apm-eventhirdcol apm-floatleft\">\n<h4 class=\"a-spacing-mini\">Valor de sonido<\/h4>\n<p>El P4 se jacta de su carcasa de aleaci\u00f3n de aluminio duradera, dise\u00f1o excepcionalmente compacto y una calidad de sonido excepcional y funcionalidades de amplificaci\u00f3n de se\u00f1al. Mejora tu capacidad para escuchar tanto tu propio rendimiento como el sonido de la banda sin esfuerzo.<\/p>\n<\/div>\n<\/td>\n<\/tr>\n<\/tbody>\n<\/table>\n<\/div>\n<\/div>\n<div><\/div>\n<\/div>\n<div class=\"celwidget aplus-module module-9 aplus-standard\" data-csa-c-id=\"dviatc-c1bqi0-yqqtsf-nljnzo\" data-cel-widget=\"aplus-module-9\">\n<div class=\"aplus-module-wrapper apm-fixed-width\">\n<div class=\"apm-spacing apm-fixed-width\">\n<table class=\"apm-fixed-width apm-eventhirdcol-table\">\n<tbody>\n<tr>\n<th class=\"apm-center\">\n<div class=\"apm-eventhirdcol apm-floatleft\">\n<p><img decoding=\"async\" class=\"a-spacing-mini\" src=\"https:\/\/m.media-amazon.com\/images\/S\/aplus-media-library-service-media\/45c5daf8-8e1d-422f-a2a6-a560e917b6fc.__CR0,0,300,300_PT0_SX300_V1___.jpg\" alt=\"P4\/5\" data-src=\"https:\/\/m.media-amazon.com\/images\/S\/aplus-media-library-service-media\/45c5daf8-8e1d-422f-a2a6-a560e917b6fc.__CR0,0,300,300_PT0_SX300_V1___.jpg\" \/><\/p>\n<\/div>\n<\/th>\n<th class=\"apm-center\">\n<div class=\"apm-eventhirdcol apm-floatleft\">\n<p><img decoding=\"async\" class=\"a-spacing-mini\" src=\"https:\/\/m.media-amazon.com\/images\/S\/aplus-media-library-service-media\/f94cd203-accf-467d-a473-7831318a07c3.__CR0,0,300,300_PT0_SX300_V1___.jpg\" alt=\"P4\/6\" data-src=\"https:\/\/m.media-amazon.com\/images\/S\/aplus-media-library-service-media\/f94cd203-accf-467d-a473-7831318a07c3.__CR0,0,300,300_PT0_SX300_V1___.jpg\" \/><\/p>\n<\/div>\n<\/th>\n<th class=\"apm-center\">\n<div class=\"apm-eventhirdcol apm-floatleft\">\n<p><img decoding=\"async\" class=\"a-spacing-mini\" src=\"https:\/\/m.media-amazon.com\/images\/S\/aplus-media-library-service-media\/5606a580-faed-4f0b-9b1e-a435421587ec.__CR0,0,300,300_PT0_SX300_V1___.jpg\" alt=\"P4\/7\" data-src=\"https:\/\/m.media-amazon.com\/images\/S\/aplus-media-library-service-media\/5606a580-faed-4f0b-9b1e-a435421587ec.__CR0,0,300,300_PT0_SX300_V1___.jpg\" \/><\/p>\n<\/div>\n<\/th>\n<\/tr>\n<tr>\n<td class=\"apm-top\">\n<div class=\"apm-eventhirdcol apm-floatleft\">\n<h4 class=\"a-spacing-mini\">Control de volumen y funcionamiento de modo dual<\/h4>\n<p>Tiene la flexibilidad de modificar sin esfuerzo el volumen de la salida. Adem\u00e1s, ofrece la opci\u00f3n de cambiar entre los modos est\u00e9reo y mono para satisfacer diversas necesidades de monitoreo.<\/p>\n<\/div>\n<\/td>\n<td class=\"apm-top\">\n<div class=\"apm-eventhirdcol apm-floatleft\">\n<h4 class=\"a-spacing-mini\">Entrada XLR\/TRS de bloqueo<\/h4>\n<p>El P4 est\u00e1 equipado con conectores de entrada combinados XLR \/ TRS que tienen un mecanismo de bloqueo integrado para evitar cualquier desconexi\u00f3n accidental de cables XLR.<\/p>\n<\/div>\n<\/td>\n<td class=\"apm-top\">\n<div class=\"apm-eventhirdcol apm-floatleft\">\n<h4 class=\"a-spacing-mini\">Conector de salida est\u00e9reo de 0.138 in (1\/8 pulgadas)<\/h4>\n<p>Gracias al conector de salida est\u00e9reo ubicado en la parte superior, tiene la comodidad de usar sus auriculares y tapones para los o\u00eddos preferidos con la conexi\u00f3n est\u00e1ndar de 0.138 in (1\/8&#8243;).<\/p>\n<\/div>\n<\/td>\n<\/tr>\n<\/tbody>\n<\/table>\n<\/div>\n<\/div>\n<\/div>\n<h2><\/h2>\n<h2>Informaci\u00f3n de producto<\/h2>\n<div class=\"a-row a-spacing-top-base\">\n<div class=\"a-column a-span6\">\n<div class=\"a-row a-spacing-base\">\n<div class=\"a-section table-padding\">\n<table id=\"productDetails_detailBullets_sections1\" class=\"a-keyvalue prodDetTable\" role=\"presentation\">\n<tbody>\n<tr>\n<th class=\"a-color-secondary a-size-base prodDetSectionEntry\">Nombre del modelo<\/th>\n<td class=\"a-size-base prodDetAttrValue\">Amplificador IEM P4<\/td>\n<\/tr>\n<tr>\n<th class=\"a-color-secondary a-size-base prodDetSectionEntry\">Tecnolog\u00eda de conectividad<\/th>\n<td class=\"a-size-base prodDetAttrValue\">Al\u00e1mbrico<\/td>\n<\/tr>\n<tr>\n<th class=\"a-color-secondary a-size-base prodDetSectionEntry\">Tecnolog\u00eda de comunicaci\u00f3n inal\u00e1mbrica<\/th>\n<td class=\"a-size-base prodDetAttrValue\">No<\/td>\n<\/tr>\n<tr>\n<th class=\"a-color-secondary a-size-base prodDetSectionEntry\">Caracter\u00edsticas especiales<\/th>\n<td class=\"a-size-base prodDetAttrValue\">EST\u00c9REO, Control de volumen<\/td>\n<\/tr>\n<tr>\n<th class=\"a-color-secondary a-size-base prodDetSectionEntry\">Componentes incluidos<\/th>\n<td class=\"a-size-base prodDetAttrValue\">Manual de usuario, P4, Bater\u00eda<\/td>\n<\/tr>\n<tr>\n<th class=\"a-color-secondary a-size-base prodDetSectionEntry\">Rango de edad (descripci\u00f3n)<\/th>\n<td class=\"a-size-base prodDetAttrValue\">Adulto<\/td>\n<\/tr>\n<tr>\n<th class=\"a-color-secondary a-size-base prodDetSectionEntry\">Material<\/th>\n<td class=\"a-size-base prodDetAttrValue\">Aluminio<\/td>\n<\/tr>\n<tr>\n<th class=\"a-color-secondary a-size-base prodDetSectionEntry\">Usos espec\u00edficos del producto<\/th>\n<td class=\"a-size-base prodDetAttrValue\">M\u00fasica<\/td>\n<\/tr>\n<tr>\n<th class=\"a-color-secondary a-size-base prodDetSectionEntry\">Tiempo de carga<\/th>\n<td class=\"a-size-base prodDetAttrValue\">12 Horas<\/td>\n<\/tr>\n<tr>\n<th class=\"a-color-secondary a-size-base prodDetSectionEntry\">Usos Recomendados Para Producto<\/th>\n<td class=\"a-size-base prodDetAttrValue\">Monitoreo de Audio<\/td>\n<\/tr>\n<tr>\n<th class=\"a-color-secondary a-size-base prodDetSectionEntry\">Dispositivos compatibles<\/th>\n<td class=\"a-size-base prodDetAttrValue\">Equipo de producci\u00f3n de m\u00fasica, ordenadores portatiles, computadoras de escritorio, tabletas, telefonos celulares<\/td>\n<\/tr>\n<tr>\n<th class=\"a-color-secondary a-size-base prodDetSectionEntry\">Tema<\/th>\n<td class=\"a-size-base prodDetAttrValue\">M\u00daSICA<\/td>\n<\/tr>\n<tr>\n<th class=\"a-color-secondary a-size-base prodDetSectionEntry\">Tipo de control<\/th>\n<td class=\"a-size-base prodDetAttrValue\">Control de volumen<\/td>\n<\/tr>\n<tr>\n<th class=\"a-color-secondary a-size-base prodDetSectionEntry\">Caracter\u00edstica del cable<\/th>\n<td class=\"a-size-base prodDetAttrValue\">Retr\u00e1ctil<\/td>\n<\/tr>\n<tr>\n<th class=\"a-color-secondary a-size-base prodDetSectionEntry\">Peso del art\u00edculo<\/th>\n<td class=\"a-size-base prodDetAttrValue\">100 Gramos<\/td>\n<\/tr>\n<tr>\n<th class=\"a-color-secondary a-size-base prodDetSectionEntry\">Recuento de unidades<\/th>\n<td class=\"a-size-base prodDetAttrValue\">1.0 Count<\/td>\n<\/tr>\n<tr>\n<th class=\"a-color-secondary a-size-base prodDetSectionEntry\">M\u00e9todo de control<\/th>\n<td class=\"a-size-base prodDetAttrValue\">T\u00e1ctil<\/td>\n<\/tr>\n<tr>\n<th class=\"a-color-secondary a-size-base prodDetSectionEntry\">N\u00famero de art\u00edculos<\/th>\n<td class=\"a-size-base prodDetAttrValue\">1<\/td>\n<\/tr>\n<tr>\n<th class=\"a-color-secondary a-size-base prodDetSectionEntry\">Fabricante<\/th>\n<td class=\"a-size-base prodDetAttrValue\">FZONE<\/td>\n<\/tr>\n<tr>\n<th class=\"a-color-secondary a-size-base prodDetSectionEntry\">Dimensiones del producto<\/th>\n<td class=\"a-size-base prodDetAttrValue\">2 x 3 x 1,5 pulgadas<\/td>\n<\/tr>\n<tr>\n<th class=\"a-color-secondary a-size-base prodDetSectionEntry\">Pa\u00eds de origen<\/th>\n<td class=\"a-size-base prodDetAttrValue\">China<\/td>\n<\/tr>\n<tr>\n<th class=\"a-color-secondary a-size-base prodDetSectionEntry\">ASIN<\/th>\n<td class=\"a-size-base prodDetAttrValue\">B0C61Z37P5<\/td>\n<\/tr>\n<tr>\n<th class=\"a-color-secondary a-size-base prodDetSectionEntry\">N\u00famero de modelo del producto<\/th>\n<td class=\"a-size-base prodDetAttrValue\">P4 IEM Amplifier<\/td>\n<\/tr>\n<tr>\n<th class=\"a-color-secondary a-size-base prodDetSectionEntry\">Pilas<\/th>\n<td class=\"a-size-base prodDetAttrValue\">2 AAA (Tipo de pila necesaria)<\/td>\n<\/tr>\n<\/tbody>\n<\/table>\n<\/div>\n<\/div>\n<\/div>\n<\/div>\n","protected":false},"excerpt":{"rendered":"<p>Fzone P4 Para m\u00fasicos que son tecladistas, bateristas o cualquier otro int\u00e9rprete que permanezca estacionario durante sus actuaciones, el amplificador de monitor intrauditivo P4 est\u00e1 hecho a medida para ti.<\/p>\n","protected":false},"featured_media":5686,"comment_status":"open","ping_status":"closed","template":"","meta":{"_acf_changed":false},"product_brand":[],"product_cat":[268,274],"product_tag":[],"class_list":{"0":"post-5764","1":"product","2":"type-product","3":"status-publish","4":"has-post-thumbnail","6":"product_cat-in-ears-sistema-alambrico","7":"product_cat-rs-sound","9":"first","10":"instock","11":"shipping-taxable","12":"purchasable","13":"product-type-simple","14":"add-to-wishlist-after_add_to_cart"},"acf":[],"yoast_head":"<!-- This site is optimized with the Yoast SEO plugin v26.0 - https:\/\/yoast.com\/wordpress\/plugins\/seo\/ -->\n<title>P4 Amplificador de monitor intrauditivo port\u00e1til IEM est\u00e9reo\/mono - Soluciones, Asesoria y Venta de Equipos Audiovisuales<\/title>\n<meta name=\"description\" content=\"Los Mejores equipos de sonido profesional para tus proyectos, cumpliendo garant\u00eda, soporte y respaldo, Env\u00edos a nivel nacional Colombia.\" \/>\n<meta name=\"robots\" content=\"index, follow, max-snippet:-1, max-image-preview:large, max-video-preview:-1\" \/>\n<link rel=\"canonical\" href=\"https:\/\/rs-audiovideo.com\/index.php\/product\/p4-amplificador-de-monitor-intrauditivo-portatil-iem-estereo-mono-interruptor-monitor-amplificador\/\" \/>\n<meta property=\"og:locale\" content=\"en_US\" \/>\n<meta property=\"og:type\" content=\"article\" \/>\n<meta property=\"og:title\" content=\"P4 Amplificador de monitor intrauditivo port\u00e1til IEM est\u00e9reo\/mono - Soluciones, Asesoria y Venta de Equipos Audiovisuales\" \/>\n<meta property=\"og:description\" content=\"Los Mejores equipos de sonido profesional para tus proyectos, cumpliendo garant\u00eda, soporte y respaldo, Env\u00edos a nivel nacional Colombia.\" \/>\n<meta property=\"og:url\" content=\"https:\/\/rs-audiovideo.com\/index.php\/product\/p4-amplificador-de-monitor-intrauditivo-portatil-iem-estereo-mono-interruptor-monitor-amplificador\/\" \/>\n<meta property=\"og:site_name\" content=\"Soluciones, Asesoria y Venta de Equipos Audiovisuales\" \/>\n<meta property=\"article:modified_time\" content=\"2024-06-19T00:03:14+00:00\" \/>\n<meta property=\"og:image\" content=\"https:\/\/rs-audiovideo.com\/wp-content\/uploads\/2024\/06\/51mLETUSAeL._AC_SL1500_.jpg\" \/>\n\t<meta property=\"og:image:width\" content=\"1296\" \/>\n\t<meta property=\"og:image:height\" content=\"1188\" \/>\n\t<meta property=\"og:image:type\" content=\"image\/jpeg\" \/>\n<meta name=\"twitter:card\" content=\"summary_large_image\" \/>\n<meta name=\"twitter:label1\" content=\"Est. reading time\" \/>\n\t<meta name=\"twitter:data1\" content=\"4 minutes\" \/>\n<script type=\"application\/ld+json\" class=\"yoast-schema-graph\">{\"@context\":\"https:\/\/schema.org\",\"@graph\":[{\"@type\":\"WebPage\",\"@id\":\"https:\/\/rs-audiovideo.com\/index.php\/product\/p4-amplificador-de-monitor-intrauditivo-portatil-iem-estereo-mono-interruptor-monitor-amplificador\/\",\"url\":\"https:\/\/rs-audiovideo.com\/index.php\/product\/p4-amplificador-de-monitor-intrauditivo-portatil-iem-estereo-mono-interruptor-monitor-amplificador\/\",\"name\":\"P4 Amplificador de monitor intrauditivo port\u00e1til IEM est\u00e9reo\/mono - Soluciones, Asesoria y Venta de Equipos Audiovisuales\",\"isPartOf\":{\"@id\":\"https:\/\/rs-audiovideo.com\/#website\"},\"primaryImageOfPage\":{\"@id\":\"https:\/\/rs-audiovideo.com\/index.php\/product\/p4-amplificador-de-monitor-intrauditivo-portatil-iem-estereo-mono-interruptor-monitor-amplificador\/#primaryimage\"},\"image\":{\"@id\":\"https:\/\/rs-audiovideo.com\/index.php\/product\/p4-amplificador-de-monitor-intrauditivo-portatil-iem-estereo-mono-interruptor-monitor-amplificador\/#primaryimage\"},\"thumbnailUrl\":\"https:\/\/rs-audiovideo.com\/wp-content\/uploads\/2024\/06\/51mLETUSAeL._AC_SL1500_.jpg\",\"datePublished\":\"2024-06-15T23:17:54+00:00\",\"dateModified\":\"2024-06-19T00:03:14+00:00\",\"description\":\"Los Mejores equipos de sonido profesional para tus proyectos, cumpliendo garant\u00eda, soporte y respaldo, Env\u00edos a nivel nacional Colombia.\",\"breadcrumb\":{\"@id\":\"https:\/\/rs-audiovideo.com\/index.php\/product\/p4-amplificador-de-monitor-intrauditivo-portatil-iem-estereo-mono-interruptor-monitor-amplificador\/#breadcrumb\"},\"inLanguage\":\"en-US\",\"potentialAction\":[{\"@type\":\"ReadAction\",\"target\":[\"https:\/\/rs-audiovideo.com\/index.php\/product\/p4-amplificador-de-monitor-intrauditivo-portatil-iem-estereo-mono-interruptor-monitor-amplificador\/\"]}]},{\"@type\":\"ImageObject\",\"inLanguage\":\"en-US\",\"@id\":\"https:\/\/rs-audiovideo.com\/index.php\/product\/p4-amplificador-de-monitor-intrauditivo-portatil-iem-estereo-mono-interruptor-monitor-amplificador\/#primaryimage\",\"url\":\"https:\/\/rs-audiovideo.com\/wp-content\/uploads\/2024\/06\/51mLETUSAeL._AC_SL1500_.jpg\",\"contentUrl\":\"https:\/\/rs-audiovideo.com\/wp-content\/uploads\/2024\/06\/51mLETUSAeL._AC_SL1500_.jpg\",\"width\":1296,\"height\":1188},{\"@type\":\"BreadcrumbList\",\"@id\":\"https:\/\/rs-audiovideo.com\/index.php\/product\/p4-amplificador-de-monitor-intrauditivo-portatil-iem-estereo-mono-interruptor-monitor-amplificador\/#breadcrumb\",\"itemListElement\":[{\"@type\":\"ListItem\",\"position\":1,\"name\":\"Home\",\"item\":\"https:\/\/rs-audiovideo.com\/\"},{\"@type\":\"ListItem\",\"position\":2,\"name\":\"Shop\",\"item\":\"https:\/\/rs-audiovideo.com\/index.php\/shop-2\/\"},{\"@type\":\"ListItem\",\"position\":3,\"name\":\"P4 Amplificador de monitor intrauditivo port\u00e1til IEM est\u00e9reo\/mono\"}]},{\"@type\":\"WebSite\",\"@id\":\"https:\/\/rs-audiovideo.com\/#website\",\"url\":\"https:\/\/rs-audiovideo.com\/\",\"name\":\"Soluciones, Asesoria y Venta de Equipos Audiovisuales\",\"description\":\"\",\"publisher\":{\"@id\":\"https:\/\/rs-audiovideo.com\/#organization\"},\"potentialAction\":[{\"@type\":\"SearchAction\",\"target\":{\"@type\":\"EntryPoint\",\"urlTemplate\":\"https:\/\/rs-audiovideo.com\/?s={search_term_string}\"},\"query-input\":{\"@type\":\"PropertyValueSpecification\",\"valueRequired\":true,\"valueName\":\"search_term_string\"}}],\"inLanguage\":\"en-US\"},{\"@type\":\"Organization\",\"@id\":\"https:\/\/rs-audiovideo.com\/#organization\",\"name\":\"Soluciones, Asesoria y Venta de Equipos Audiovisuales\",\"url\":\"https:\/\/rs-audiovideo.com\/\",\"logo\":{\"@type\":\"ImageObject\",\"inLanguage\":\"en-US\",\"@id\":\"https:\/\/rs-audiovideo.com\/#\/schema\/logo\/image\/\",\"url\":\"https:\/\/rs-audiovideo.com\/wp-content\/uploads\/2024\/06\/cropped-logointro.png\",\"contentUrl\":\"https:\/\/rs-audiovideo.com\/wp-content\/uploads\/2024\/06\/cropped-logointro.png\",\"width\":579,\"height\":127,\"caption\":\"Soluciones, Asesoria y Venta de Equipos Audiovisuales\"},\"image\":{\"@id\":\"https:\/\/rs-audiovideo.com\/#\/schema\/logo\/image\/\"}}]}<\/script>\n<!-- \/ Yoast SEO plugin. -->","yoast_head_json":{"title":"P4 Amplificador de monitor intrauditivo port\u00e1til IEM est\u00e9reo\/mono - Soluciones, Asesoria y Venta de Equipos Audiovisuales","description":"Los Mejores equipos de sonido profesional para tus proyectos, cumpliendo garant\u00eda, soporte y respaldo, Env\u00edos a nivel nacional Colombia.","robots":{"index":"index","follow":"follow","max-snippet":"max-snippet:-1","max-image-preview":"max-image-preview:large","max-video-preview":"max-video-preview:-1"},"canonical":"https:\/\/rs-audiovideo.com\/index.php\/product\/p4-amplificador-de-monitor-intrauditivo-portatil-iem-estereo-mono-interruptor-monitor-amplificador\/","og_locale":"en_US","og_type":"article","og_title":"P4 Amplificador de monitor intrauditivo port\u00e1til IEM est\u00e9reo\/mono - Soluciones, Asesoria y Venta de Equipos Audiovisuales","og_description":"Los Mejores equipos de sonido profesional para tus proyectos, cumpliendo garant\u00eda, soporte y respaldo, Env\u00edos a nivel nacional Colombia.","og_url":"https:\/\/rs-audiovideo.com\/index.php\/product\/p4-amplificador-de-monitor-intrauditivo-portatil-iem-estereo-mono-interruptor-monitor-amplificador\/","og_site_name":"Soluciones, Asesoria y Venta de Equipos Audiovisuales","article_modified_time":"2024-06-19T00:03:14+00:00","og_image":[{"width":1296,"height":1188,"url":"https:\/\/rs-audiovideo.com\/wp-content\/uploads\/2024\/06\/51mLETUSAeL._AC_SL1500_.jpg","type":"image\/jpeg"}],"twitter_card":"summary_large_image","twitter_misc":{"Est. reading time":"4 minutes"},"schema":{"@context":"https:\/\/schema.org","@graph":[{"@type":"WebPage","@id":"https:\/\/rs-audiovideo.com\/index.php\/product\/p4-amplificador-de-monitor-intrauditivo-portatil-iem-estereo-mono-interruptor-monitor-amplificador\/","url":"https:\/\/rs-audiovideo.com\/index.php\/product\/p4-amplificador-de-monitor-intrauditivo-portatil-iem-estereo-mono-interruptor-monitor-amplificador\/","name":"P4 Amplificador de monitor intrauditivo port\u00e1til IEM est\u00e9reo\/mono - Soluciones, Asesoria y Venta de Equipos Audiovisuales","isPartOf":{"@id":"https:\/\/rs-audiovideo.com\/#website"},"primaryImageOfPage":{"@id":"https:\/\/rs-audiovideo.com\/index.php\/product\/p4-amplificador-de-monitor-intrauditivo-portatil-iem-estereo-mono-interruptor-monitor-amplificador\/#primaryimage"},"image":{"@id":"https:\/\/rs-audiovideo.com\/index.php\/product\/p4-amplificador-de-monitor-intrauditivo-portatil-iem-estereo-mono-interruptor-monitor-amplificador\/#primaryimage"},"thumbnailUrl":"https:\/\/rs-audiovideo.com\/wp-content\/uploads\/2024\/06\/51mLETUSAeL._AC_SL1500_.jpg","datePublished":"2024-06-15T23:17:54+00:00","dateModified":"2024-06-19T00:03:14+00:00","description":"Los Mejores equipos de sonido profesional para tus proyectos, cumpliendo garant\u00eda, soporte y respaldo, Env\u00edos a nivel nacional Colombia.","breadcrumb":{"@id":"https:\/\/rs-audiovideo.com\/index.php\/product\/p4-amplificador-de-monitor-intrauditivo-portatil-iem-estereo-mono-interruptor-monitor-amplificador\/#breadcrumb"},"inLanguage":"en-US","potentialAction":[{"@type":"ReadAction","target":["https:\/\/rs-audiovideo.com\/index.php\/product\/p4-amplificador-de-monitor-intrauditivo-portatil-iem-estereo-mono-interruptor-monitor-amplificador\/"]}]},{"@type":"ImageObject","inLanguage":"en-US","@id":"https:\/\/rs-audiovideo.com\/index.php\/product\/p4-amplificador-de-monitor-intrauditivo-portatil-iem-estereo-mono-interruptor-monitor-amplificador\/#primaryimage","url":"https:\/\/rs-audiovideo.com\/wp-content\/uploads\/2024\/06\/51mLETUSAeL._AC_SL1500_.jpg","contentUrl":"https:\/\/rs-audiovideo.com\/wp-content\/uploads\/2024\/06\/51mLETUSAeL._AC_SL1500_.jpg","width":1296,"height":1188},{"@type":"BreadcrumbList","@id":"https:\/\/rs-audiovideo.com\/index.php\/product\/p4-amplificador-de-monitor-intrauditivo-portatil-iem-estereo-mono-interruptor-monitor-amplificador\/#breadcrumb","itemListElement":[{"@type":"ListItem","position":1,"name":"Home","item":"https:\/\/rs-audiovideo.com\/"},{"@type":"ListItem","position":2,"name":"Shop","item":"https:\/\/rs-audiovideo.com\/index.php\/shop-2\/"},{"@type":"ListItem","position":3,"name":"P4 Amplificador de monitor intrauditivo port\u00e1til IEM est\u00e9reo\/mono"}]},{"@type":"WebSite","@id":"https:\/\/rs-audiovideo.com\/#website","url":"https:\/\/rs-audiovideo.com\/","name":"Soluciones, Asesoria y Venta de Equipos Audiovisuales","description":"","publisher":{"@id":"https:\/\/rs-audiovideo.com\/#organization"},"potentialAction":[{"@type":"SearchAction","target":{"@type":"EntryPoint","urlTemplate":"https:\/\/rs-audiovideo.com\/?s={search_term_string}"},"query-input":{"@type":"PropertyValueSpecification","valueRequired":true,"valueName":"search_term_string"}}],"inLanguage":"en-US"},{"@type":"Organization","@id":"https:\/\/rs-audiovideo.com\/#organization","name":"Soluciones, Asesoria y Venta de Equipos Audiovisuales","url":"https:\/\/rs-audiovideo.com\/","logo":{"@type":"ImageObject","inLanguage":"en-US","@id":"https:\/\/rs-audiovideo.com\/#\/schema\/logo\/image\/","url":"https:\/\/rs-audiovideo.com\/wp-content\/uploads\/2024\/06\/cropped-logointro.png","contentUrl":"https:\/\/rs-audiovideo.com\/wp-content\/uploads\/2024\/06\/cropped-logointro.png","width":579,"height":127,"caption":"Soluciones, Asesoria y Venta de Equipos Audiovisuales"},"image":{"@id":"https:\/\/rs-audiovideo.com\/#\/schema\/logo\/image\/"}}]}},"_links":{"self":[{"href":"https:\/\/rs-audiovideo.com\/index.php\/wp-json\/wp\/v2\/product\/5764","targetHints":{"allow":["GET"]}}],"collection":[{"href":"https:\/\/rs-audiovideo.com\/index.php\/wp-json\/wp\/v2\/product"}],"about":[{"href":"https:\/\/rs-audiovideo.com\/index.php\/wp-json\/wp\/v2\/types\/product"}],"replies":[{"embeddable":true,"href":"https:\/\/rs-audiovideo.com\/index.php\/wp-json\/wp\/v2\/comments?post=5764"}],"wp:featuredmedia":[{"embeddable":true,"href":"https:\/\/rs-audiovideo.com\/index.php\/wp-json\/wp\/v2\/media\/5686"}],"wp:attachment":[{"href":"https:\/\/rs-audiovideo.com\/index.php\/wp-json\/wp\/v2\/media?parent=5764"}],"wp:term":[{"taxonomy":"product_brand","embeddable":true,"href":"https:\/\/rs-audiovideo.com\/index.php\/wp-json\/wp\/v2\/product_brand?post=5764"},{"taxonomy":"product_cat","embeddable":true,"href":"https:\/\/rs-audiovideo.com\/index.php\/wp-json\/wp\/v2\/product_cat?post=5764"},{"taxonomy":"product_tag","embeddable":true,"href":"https:\/\/rs-audiovideo.com\/index.php\/wp-json\/wp\/v2\/product_tag?post=5764"}],"curies":[{"name":"wp","href":"https:\/\/api.w.org\/{rel}","templated":true}]}}