{"id":5792,"date":"2024-06-16T03:16:49","date_gmt":"2024-06-16T03:16:49","guid":{"rendered":"https:\/\/rs-audiovideo.com\/?post_type=product&#038;p=5792"},"modified":"2024-06-19T00:00:30","modified_gmt":"2024-06-19T00:00:30","slug":"se-electronics-paquete-de-microfono-de-bateria-v-pack-arena","status":"publish","type":"product","link":"https:\/\/rs-audiovideo.com\/index.php\/product\/se-electronics-paquete-de-microfono-de-bateria-v-pack-arena\/","title":{"rendered":"sE Electronics Paquete de micr\u00f3fono de bater\u00eda V Pack Arena"},"content":{"rendered":"<h2 class=\"default\">Descripci\u00f3n del producto<\/h2>\n<div id=\"productDescription\" class=\"a-section a-spacing-small\">\n<p>Todo lo que necesitas para grabar tus tambores y hacer que suenen Great sE Electronics&#8217; V Pack Arena te ofrece todos los micr\u00f3fonos que necesitas para subir un micr\u00f3fono a un kit de bater\u00eda y hacer que suene genial. Obtienes un micr\u00f3fono de bombo din\u00e1mico V Kick, tres micr\u00f3fonos tom din\u00e1micos V Beat con abrazaderas V, un micr\u00f3fono de instrumento din\u00e1mico supercardioide V7 X para caja y un par de micr\u00f3fonos de condensador de diafragma peque\u00f1o sE8 para sobrecargas. Todos los micr\u00f3fonos y accesorios vienen en un estuche de pl\u00e1stico apto para carretera que tiene una litera vac\u00eda para tu micr\u00f3fono favorito de hi-hat. Dise\u00f1ado para su uso con bombos, toms de piso, timbales u otros tambores grandes donde la energ\u00eda de baja frecuencia es cr\u00edtica y los SPL son altos, el sE Electronics V Kick es el micr\u00f3fono de bombo m\u00e1s compacto y vers\u00e1til de su clase. La junta giratoria integrada del V Kick permite flexibilidad de colocaci\u00f3n, y su c\u00e1psula especialmente dise\u00f1ada ofrece un sonido de estudio en vivo<\/p>\n<p><img decoding=\"async\" class=\"sFlh5c pT0Scc iPVvYb\" src=\"https:\/\/jubalstore.com\/cdn\/shop\/products\/VPackArena_r01_c01.jpg?v=1679381785&amp;width=1445\" alt=\"sE Electronics V Pack Arena Drum Microphone Package \u2013 Jubal Store\" aria-hidden=\"false\" \/><\/p>\n<\/div>\n","protected":false},"excerpt":{"rendered":"<p>Descripci\u00f3n del producto Todo lo que necesitas para grabar tus tambores y hacer que suenen Great sE Electronics&#8217; V Pack Arena te ofrece todos los micr\u00f3fonos que necesitas para subir<\/p>\n","protected":false},"featured_media":5794,"comment_status":"open","ping_status":"closed","template":"","meta":{"_acf_changed":false},"product_brand":[],"product_cat":[271,275],"product_tag":[],"class_list":{"0":"post-5792","1":"product","2":"type-product","3":"status-publish","4":"has-post-thumbnail","6":"product_cat-microfonos-instrumentos-musicales","7":"product_cat-se-electronics","9":"first","10":"instock","11":"shipping-taxable","12":"purchasable","13":"product-type-simple","14":"add-to-wishlist-after_add_to_cart"},"acf":[],"yoast_head":"<!-- This site is optimized with the Yoast SEO plugin v26.0 - https:\/\/yoast.com\/wordpress\/plugins\/seo\/ -->\n<title>sE Electronics Paquete de micr\u00f3fono de bater\u00eda V Pack Arena - Soluciones, Asesoria y Venta de Equipos Audiovisuales<\/title>\n<meta name=\"description\" content=\"Los Mejores equipos de sonido profesional para tus proyectos, cumpliendo garant\u00eda, soporte y respaldo, Env\u00edos a nivel nacional Colombia.\" \/>\n<meta name=\"robots\" content=\"index, follow, max-snippet:-1, max-image-preview:large, max-video-preview:-1\" \/>\n<link rel=\"canonical\" href=\"https:\/\/rs-audiovideo.com\/index.php\/product\/se-electronics-paquete-de-microfono-de-bateria-v-pack-arena\/\" \/>\n<meta property=\"og:locale\" content=\"en_US\" \/>\n<meta property=\"og:type\" content=\"article\" \/>\n<meta property=\"og:title\" content=\"sE Electronics Paquete de micr\u00f3fono de bater\u00eda V Pack Arena - Soluciones, Asesoria y Venta de Equipos Audiovisuales\" \/>\n<meta property=\"og:description\" content=\"Los Mejores equipos de sonido profesional para tus proyectos, cumpliendo garant\u00eda, soporte y respaldo, Env\u00edos a nivel nacional Colombia.\" \/>\n<meta property=\"og:url\" content=\"https:\/\/rs-audiovideo.com\/index.php\/product\/se-electronics-paquete-de-microfono-de-bateria-v-pack-arena\/\" \/>\n<meta property=\"og:site_name\" content=\"Soluciones, Asesoria y Venta de Equipos Audiovisuales\" \/>\n<meta property=\"article:modified_time\" content=\"2024-06-19T00:00:30+00:00\" \/>\n<meta property=\"og:image\" content=\"https:\/\/rs-audiovideo.com\/wp-content\/uploads\/2024\/06\/91X68qczz3S._AC_SL1500_.jpg\" \/>\n\t<meta property=\"og:image:width\" content=\"1500\" \/>\n\t<meta property=\"og:image:height\" content=\"1283\" \/>\n\t<meta property=\"og:image:type\" content=\"image\/jpeg\" \/>\n<meta name=\"twitter:card\" content=\"summary_large_image\" \/>\n<meta name=\"twitter:label1\" content=\"Est. reading time\" \/>\n\t<meta name=\"twitter:data1\" content=\"2 minutes\" \/>\n<script type=\"application\/ld+json\" class=\"yoast-schema-graph\">{\"@context\":\"https:\/\/schema.org\",\"@graph\":[{\"@type\":\"WebPage\",\"@id\":\"https:\/\/rs-audiovideo.com\/index.php\/product\/se-electronics-paquete-de-microfono-de-bateria-v-pack-arena\/\",\"url\":\"https:\/\/rs-audiovideo.com\/index.php\/product\/se-electronics-paquete-de-microfono-de-bateria-v-pack-arena\/\",\"name\":\"sE Electronics Paquete de micr\u00f3fono de bater\u00eda V Pack Arena - Soluciones, Asesoria y Venta de Equipos Audiovisuales\",\"isPartOf\":{\"@id\":\"https:\/\/rs-audiovideo.com\/#website\"},\"primaryImageOfPage\":{\"@id\":\"https:\/\/rs-audiovideo.com\/index.php\/product\/se-electronics-paquete-de-microfono-de-bateria-v-pack-arena\/#primaryimage\"},\"image\":{\"@id\":\"https:\/\/rs-audiovideo.com\/index.php\/product\/se-electronics-paquete-de-microfono-de-bateria-v-pack-arena\/#primaryimage\"},\"thumbnailUrl\":\"https:\/\/rs-audiovideo.com\/wp-content\/uploads\/2024\/06\/91X68qczz3S._AC_SL1500_.jpg\",\"datePublished\":\"2024-06-16T03:16:49+00:00\",\"dateModified\":\"2024-06-19T00:00:30+00:00\",\"description\":\"Los Mejores equipos de sonido profesional para tus proyectos, cumpliendo garant\u00eda, soporte y respaldo, Env\u00edos a nivel nacional Colombia.\",\"breadcrumb\":{\"@id\":\"https:\/\/rs-audiovideo.com\/index.php\/product\/se-electronics-paquete-de-microfono-de-bateria-v-pack-arena\/#breadcrumb\"},\"inLanguage\":\"en-US\",\"potentialAction\":[{\"@type\":\"ReadAction\",\"target\":[\"https:\/\/rs-audiovideo.com\/index.php\/product\/se-electronics-paquete-de-microfono-de-bateria-v-pack-arena\/\"]}]},{\"@type\":\"ImageObject\",\"inLanguage\":\"en-US\",\"@id\":\"https:\/\/rs-audiovideo.com\/index.php\/product\/se-electronics-paquete-de-microfono-de-bateria-v-pack-arena\/#primaryimage\",\"url\":\"https:\/\/rs-audiovideo.com\/wp-content\/uploads\/2024\/06\/91X68qczz3S._AC_SL1500_.jpg\",\"contentUrl\":\"https:\/\/rs-audiovideo.com\/wp-content\/uploads\/2024\/06\/91X68qczz3S._AC_SL1500_.jpg\",\"width\":1500,\"height\":1283},{\"@type\":\"BreadcrumbList\",\"@id\":\"https:\/\/rs-audiovideo.com\/index.php\/product\/se-electronics-paquete-de-microfono-de-bateria-v-pack-arena\/#breadcrumb\",\"itemListElement\":[{\"@type\":\"ListItem\",\"position\":1,\"name\":\"Home\",\"item\":\"https:\/\/rs-audiovideo.com\/\"},{\"@type\":\"ListItem\",\"position\":2,\"name\":\"Shop\",\"item\":\"https:\/\/rs-audiovideo.com\/index.php\/shop-2\/\"},{\"@type\":\"ListItem\",\"position\":3,\"name\":\"sE Electronics Paquete de micr\u00f3fono de bater\u00eda V Pack Arena\"}]},{\"@type\":\"WebSite\",\"@id\":\"https:\/\/rs-audiovideo.com\/#website\",\"url\":\"https:\/\/rs-audiovideo.com\/\",\"name\":\"Soluciones, Asesoria y Venta de Equipos Audiovisuales\",\"description\":\"\",\"publisher\":{\"@id\":\"https:\/\/rs-audiovideo.com\/#organization\"},\"potentialAction\":[{\"@type\":\"SearchAction\",\"target\":{\"@type\":\"EntryPoint\",\"urlTemplate\":\"https:\/\/rs-audiovideo.com\/?s={search_term_string}\"},\"query-input\":{\"@type\":\"PropertyValueSpecification\",\"valueRequired\":true,\"valueName\":\"search_term_string\"}}],\"inLanguage\":\"en-US\"},{\"@type\":\"Organization\",\"@id\":\"https:\/\/rs-audiovideo.com\/#organization\",\"name\":\"Soluciones, Asesoria y Venta de Equipos Audiovisuales\",\"url\":\"https:\/\/rs-audiovideo.com\/\",\"logo\":{\"@type\":\"ImageObject\",\"inLanguage\":\"en-US\",\"@id\":\"https:\/\/rs-audiovideo.com\/#\/schema\/logo\/image\/\",\"url\":\"https:\/\/rs-audiovideo.com\/wp-content\/uploads\/2024\/06\/cropped-logointro.png\",\"contentUrl\":\"https:\/\/rs-audiovideo.com\/wp-content\/uploads\/2024\/06\/cropped-logointro.png\",\"width\":579,\"height\":127,\"caption\":\"Soluciones, Asesoria y Venta de Equipos Audiovisuales\"},\"image\":{\"@id\":\"https:\/\/rs-audiovideo.com\/#\/schema\/logo\/image\/\"}}]}<\/script>\n<!-- \/ Yoast SEO plugin. -->","yoast_head_json":{"title":"sE Electronics Paquete de micr\u00f3fono de bater\u00eda V Pack Arena - Soluciones, Asesoria y Venta de Equipos Audiovisuales","description":"Los Mejores equipos de sonido profesional para tus proyectos, cumpliendo garant\u00eda, soporte y respaldo, Env\u00edos a nivel nacional Colombia.","robots":{"index":"index","follow":"follow","max-snippet":"max-snippet:-1","max-image-preview":"max-image-preview:large","max-video-preview":"max-video-preview:-1"},"canonical":"https:\/\/rs-audiovideo.com\/index.php\/product\/se-electronics-paquete-de-microfono-de-bateria-v-pack-arena\/","og_locale":"en_US","og_type":"article","og_title":"sE Electronics Paquete de micr\u00f3fono de bater\u00eda V Pack Arena - Soluciones, Asesoria y Venta de Equipos Audiovisuales","og_description":"Los Mejores equipos de sonido profesional para tus proyectos, cumpliendo garant\u00eda, soporte y respaldo, Env\u00edos a nivel nacional Colombia.","og_url":"https:\/\/rs-audiovideo.com\/index.php\/product\/se-electronics-paquete-de-microfono-de-bateria-v-pack-arena\/","og_site_name":"Soluciones, Asesoria y Venta de Equipos Audiovisuales","article_modified_time":"2024-06-19T00:00:30+00:00","og_image":[{"width":1500,"height":1283,"url":"https:\/\/rs-audiovideo.com\/wp-content\/uploads\/2024\/06\/91X68qczz3S._AC_SL1500_.jpg","type":"image\/jpeg"}],"twitter_card":"summary_large_image","twitter_misc":{"Est. reading time":"2 minutes"},"schema":{"@context":"https:\/\/schema.org","@graph":[{"@type":"WebPage","@id":"https:\/\/rs-audiovideo.com\/index.php\/product\/se-electronics-paquete-de-microfono-de-bateria-v-pack-arena\/","url":"https:\/\/rs-audiovideo.com\/index.php\/product\/se-electronics-paquete-de-microfono-de-bateria-v-pack-arena\/","name":"sE Electronics Paquete de micr\u00f3fono de bater\u00eda V Pack Arena - Soluciones, Asesoria y Venta de Equipos Audiovisuales","isPartOf":{"@id":"https:\/\/rs-audiovideo.com\/#website"},"primaryImageOfPage":{"@id":"https:\/\/rs-audiovideo.com\/index.php\/product\/se-electronics-paquete-de-microfono-de-bateria-v-pack-arena\/#primaryimage"},"image":{"@id":"https:\/\/rs-audiovideo.com\/index.php\/product\/se-electronics-paquete-de-microfono-de-bateria-v-pack-arena\/#primaryimage"},"thumbnailUrl":"https:\/\/rs-audiovideo.com\/wp-content\/uploads\/2024\/06\/91X68qczz3S._AC_SL1500_.jpg","datePublished":"2024-06-16T03:16:49+00:00","dateModified":"2024-06-19T00:00:30+00:00","description":"Los Mejores equipos de sonido profesional para tus proyectos, cumpliendo garant\u00eda, soporte y respaldo, Env\u00edos a nivel nacional Colombia.","breadcrumb":{"@id":"https:\/\/rs-audiovideo.com\/index.php\/product\/se-electronics-paquete-de-microfono-de-bateria-v-pack-arena\/#breadcrumb"},"inLanguage":"en-US","potentialAction":[{"@type":"ReadAction","target":["https:\/\/rs-audiovideo.com\/index.php\/product\/se-electronics-paquete-de-microfono-de-bateria-v-pack-arena\/"]}]},{"@type":"ImageObject","inLanguage":"en-US","@id":"https:\/\/rs-audiovideo.com\/index.php\/product\/se-electronics-paquete-de-microfono-de-bateria-v-pack-arena\/#primaryimage","url":"https:\/\/rs-audiovideo.com\/wp-content\/uploads\/2024\/06\/91X68qczz3S._AC_SL1500_.jpg","contentUrl":"https:\/\/rs-audiovideo.com\/wp-content\/uploads\/2024\/06\/91X68qczz3S._AC_SL1500_.jpg","width":1500,"height":1283},{"@type":"BreadcrumbList","@id":"https:\/\/rs-audiovideo.com\/index.php\/product\/se-electronics-paquete-de-microfono-de-bateria-v-pack-arena\/#breadcrumb","itemListElement":[{"@type":"ListItem","position":1,"name":"Home","item":"https:\/\/rs-audiovideo.com\/"},{"@type":"ListItem","position":2,"name":"Shop","item":"https:\/\/rs-audiovideo.com\/index.php\/shop-2\/"},{"@type":"ListItem","position":3,"name":"sE Electronics Paquete de micr\u00f3fono de bater\u00eda V Pack Arena"}]},{"@type":"WebSite","@id":"https:\/\/rs-audiovideo.com\/#website","url":"https:\/\/rs-audiovideo.com\/","name":"Soluciones, Asesoria y Venta de Equipos Audiovisuales","description":"","publisher":{"@id":"https:\/\/rs-audiovideo.com\/#organization"},"potentialAction":[{"@type":"SearchAction","target":{"@type":"EntryPoint","urlTemplate":"https:\/\/rs-audiovideo.com\/?s={search_term_string}"},"query-input":{"@type":"PropertyValueSpecification","valueRequired":true,"valueName":"search_term_string"}}],"inLanguage":"en-US"},{"@type":"Organization","@id":"https:\/\/rs-audiovideo.com\/#organization","name":"Soluciones, Asesoria y Venta de Equipos Audiovisuales","url":"https:\/\/rs-audiovideo.com\/","logo":{"@type":"ImageObject","inLanguage":"en-US","@id":"https:\/\/rs-audiovideo.com\/#\/schema\/logo\/image\/","url":"https:\/\/rs-audiovideo.com\/wp-content\/uploads\/2024\/06\/cropped-logointro.png","contentUrl":"https:\/\/rs-audiovideo.com\/wp-content\/uploads\/2024\/06\/cropped-logointro.png","width":579,"height":127,"caption":"Soluciones, Asesoria y Venta de Equipos Audiovisuales"},"image":{"@id":"https:\/\/rs-audiovideo.com\/#\/schema\/logo\/image\/"}}]}},"_links":{"self":[{"href":"https:\/\/rs-audiovideo.com\/index.php\/wp-json\/wp\/v2\/product\/5792","targetHints":{"allow":["GET"]}}],"collection":[{"href":"https:\/\/rs-audiovideo.com\/index.php\/wp-json\/wp\/v2\/product"}],"about":[{"href":"https:\/\/rs-audiovideo.com\/index.php\/wp-json\/wp\/v2\/types\/product"}],"replies":[{"embeddable":true,"href":"https:\/\/rs-audiovideo.com\/index.php\/wp-json\/wp\/v2\/comments?post=5792"}],"wp:featuredmedia":[{"embeddable":true,"href":"https:\/\/rs-audiovideo.com\/index.php\/wp-json\/wp\/v2\/media\/5794"}],"wp:attachment":[{"href":"https:\/\/rs-audiovideo.com\/index.php\/wp-json\/wp\/v2\/media?parent=5792"}],"wp:term":[{"taxonomy":"product_brand","embeddable":true,"href":"https:\/\/rs-audiovideo.com\/index.php\/wp-json\/wp\/v2\/product_brand?post=5792"},{"taxonomy":"product_cat","embeddable":true,"href":"https:\/\/rs-audiovideo.com\/index.php\/wp-json\/wp\/v2\/product_cat?post=5792"},{"taxonomy":"product_tag","embeddable":true,"href":"https:\/\/rs-audiovideo.com\/index.php\/wp-json\/wp\/v2\/product_tag?post=5792"}],"curies":[{"name":"wp","href":"https:\/\/api.w.org\/{rel}","templated":true}]}}