{"id":5796,"date":"2024-06-16T03:31:59","date_gmt":"2024-06-16T03:31:59","guid":{"rendered":"https:\/\/rs-audiovideo.com\/?post_type=product&#038;p=5796"},"modified":"2024-06-18T23:58:18","modified_gmt":"2024-06-18T23:58:18","slug":"luces-led-de-escenario-dmx-8-unidades-de-18-x-3-w-rgb-par-can-paquete-de-luces-con-control-remoto-activado-por-sonido-iluminacion-de-efecto-de-escenario","status":"publish","type":"product","link":"https:\/\/rs-audiovideo.com\/index.php\/product\/luces-led-de-escenario-dmx-8-unidades-de-18-x-3-w-rgb-par-can-paquete-de-luces-con-control-remoto-activado-por-sonido-iluminacion-de-efecto-de-escenario\/","title":{"rendered":"Luces LED de escenario DMX, 8 unidades de 18 x 3 W RGB Par Can Paquete de luces con control remoto activado por sonido Iluminaci\u00f3n de efecto de escenario,"},"content":{"rendered":"<div id=\"twister_feature_div\" class=\"celwidget\" data-feature-name=\"twister\" data-csa-c-type=\"widget\" data-csa-c-content-id=\"twister\" data-csa-c-slot-id=\"twister_feature_div\" data-csa-c-asin=\"B01NCE5F8G\" data-csa-c-is-in-initial-active-row=\"false\" data-csa-c-id=\"xcibjl-ffl5w4-fr9842-2fbbff\">\n<div id=\"twisterContainer\" class=\"addTwisterMargin\" data-csa-c-content-id=\"twisterContainer\" data-csa-c-type=\"slot\" data-csa-c-slot-id=\"twisterContainer\" data-csa-c-id=\"dzvfu7-8wseit-encx9f-5o0sud\">\n<div class=\"a-section\">\n<form id=\"twister\" class=\"a-spacing-small\" action=\"\/gp\/product\" method=\"get\">\n<div id=\"variation_size_name\" class=\"a-section a-spacing-small\">\n<div class=\"a-row a-spacing-micro singleton\"><label class=\"a-form-label\"> Tama\u00f1o: <\/label> <span class=\"selection\">8 Pack<\/span><\/div>\n<\/div>\n<\/form>\n<\/div>\n<\/div>\n<\/div>\n<div id=\"gestaltCustomizationSummary_feature_div\" class=\"celwidget\" data-feature-name=\"gestaltCustomizationSummary\" data-csa-c-type=\"widget\" data-csa-c-content-id=\"gestaltCustomizationSummary\" data-csa-c-slot-id=\"gestaltCustomizationSummary_feature_div\" data-csa-c-asin=\"B01NCE5F8G\" data-csa-c-is-in-initial-active-row=\"false\" data-csa-c-id=\"pfern0-lztprg-8uxbo7-z2us07\"><\/div>\n<div id=\"productOverview_feature_div\" class=\"celwidget\" data-feature-name=\"productOverview\" data-csa-c-type=\"widget\" data-csa-c-content-id=\"productOverview\" data-csa-c-slot-id=\"productOverview_feature_div\" data-csa-c-asin=\"B01NCE5F8G\" data-csa-c-is-in-initial-active-row=\"false\" data-csa-c-id=\"jixwxt-6k5vqc-9lsp5e-csknx0\">\n<div class=\"a-section a-spacing-small a-spacing-top-small\">\n<table class=\"a-normal a-spacing-micro\">\n<tbody>\n<tr class=\"a-spacing-small po-color\">\n<td class=\"a-span3\"><span class=\"a-size-base a-text-bold\">Color<\/span><\/td>\n<td class=\"a-span9\"><span class=\"a-size-base po-break-word\">Luces Par y DMX<\/span><\/td>\n<\/tr>\n<tr class=\"a-spacing-small po-item_shape\">\n<td class=\"a-span3\"><span class=\"a-size-base a-text-bold\">Forma<\/span><\/td>\n<td class=\"a-span9\"><span class=\"a-size-base po-break-word\">Redondo<\/span><\/td>\n<\/tr>\n<tr class=\"a-spacing-small po-material\">\n<td class=\"a-span3\"><span class=\"a-size-base a-text-bold\">Material<\/span><\/td>\n<td class=\"a-span9\"><span class=\"a-size-base po-break-word\">Pl\u00e1stico<\/span><\/td>\n<\/tr>\n<tr class=\"a-spacing-small po-finish_type\">\n<td class=\"a-span3\"><span class=\"a-size-base a-text-bold\">Tipo de acabado<\/span><\/td>\n<td class=\"a-span9\"><span class=\"a-size-base po-break-word\">Pl\u00e1stico<\/span><\/td>\n<\/tr>\n<tr class=\"a-spacing-small po-light_source.type\">\n<td class=\"a-span3\"><span class=\"a-size-base a-text-bold\">Tipo de fuente de luz<\/span><\/td>\n<td class=\"a-span9\"><span class=\"a-size-base po-break-word\">Diodo emisor de luz<\/span><\/td>\n<\/tr>\n<\/tbody>\n<\/table>\n<\/div>\n<\/div>\n","protected":false},"excerpt":{"rendered":"<p>Tama\u00f1o: 8 Pack Color Luces Par y DMX Forma Redondo Material Pl\u00e1stico Tipo de acabado Pl\u00e1stico Tipo de fuente de luz Diodo emisor de luz<\/p>\n","protected":false},"featured_media":5797,"comment_status":"open","ping_status":"closed","template":"","meta":{"_acf_changed":false},"product_brand":[],"product_cat":[232,274],"product_tag":[],"class_list":{"0":"post-5796","1":"product","2":"type-product","3":"status-publish","4":"has-post-thumbnail","6":"product_cat-iluminacion","7":"product_cat-rs-sound","9":"first","10":"instock","11":"shipping-taxable","12":"purchasable","13":"product-type-simple","14":"add-to-wishlist-after_add_to_cart"},"acf":[],"yoast_head":"<!-- This site is optimized with the Yoast SEO plugin v26.0 - https:\/\/yoast.com\/wordpress\/plugins\/seo\/ -->\n<title>Luces LED de escenario DMX, 8 unidades de 18 x 3 W RGB Par Can Paquete de luces con control remoto activado por sonido Iluminaci\u00f3n de efecto de escenario, - Soluciones, Asesoria y Venta de Equipos Audiovisuales<\/title>\n<meta name=\"description\" content=\"Los Mejores equipos de sonido profesional para tus proyectos, cumpliendo garant\u00eda, soporte y respaldo, Env\u00edos a nivel nacional Colombia.\" \/>\n<meta name=\"robots\" content=\"index, follow, max-snippet:-1, max-image-preview:large, max-video-preview:-1\" \/>\n<link rel=\"canonical\" href=\"https:\/\/rs-audiovideo.com\/index.php\/product\/luces-led-de-escenario-dmx-8-unidades-de-18-x-3-w-rgb-par-can-paquete-de-luces-con-control-remoto-activado-por-sonido-iluminacion-de-efecto-de-escenario\/\" \/>\n<meta property=\"og:locale\" content=\"en_US\" \/>\n<meta property=\"og:type\" content=\"article\" \/>\n<meta property=\"og:title\" content=\"Luces LED de escenario DMX, 8 unidades de 18 x 3 W RGB Par Can Paquete de luces con control remoto activado por sonido Iluminaci\u00f3n de efecto de escenario, - Soluciones, Asesoria y Venta de Equipos Audiovisuales\" \/>\n<meta property=\"og:description\" content=\"Los Mejores equipos de sonido profesional para tus proyectos, cumpliendo garant\u00eda, soporte y respaldo, Env\u00edos a nivel nacional Colombia.\" \/>\n<meta property=\"og:url\" content=\"https:\/\/rs-audiovideo.com\/index.php\/product\/luces-led-de-escenario-dmx-8-unidades-de-18-x-3-w-rgb-par-can-paquete-de-luces-con-control-remoto-activado-por-sonido-iluminacion-de-efecto-de-escenario\/\" \/>\n<meta property=\"og:site_name\" content=\"Soluciones, Asesoria y Venta de Equipos Audiovisuales\" \/>\n<meta property=\"article:modified_time\" content=\"2024-06-18T23:58:18+00:00\" \/>\n<meta property=\"og:image\" content=\"https:\/\/rs-audiovideo.com\/wp-content\/uploads\/2024\/06\/81-Gu7xyrL._AC_SL1500_.jpg\" \/>\n\t<meta property=\"og:image:width\" content=\"1500\" \/>\n\t<meta property=\"og:image:height\" content=\"1403\" \/>\n\t<meta property=\"og:image:type\" content=\"image\/jpeg\" \/>\n<meta name=\"twitter:card\" content=\"summary_large_image\" \/>\n<meta name=\"twitter:label1\" content=\"Est. reading time\" \/>\n\t<meta name=\"twitter:data1\" content=\"1 minute\" \/>\n<script type=\"application\/ld+json\" class=\"yoast-schema-graph\">{\"@context\":\"https:\/\/schema.org\",\"@graph\":[{\"@type\":\"WebPage\",\"@id\":\"https:\/\/rs-audiovideo.com\/index.php\/product\/luces-led-de-escenario-dmx-8-unidades-de-18-x-3-w-rgb-par-can-paquete-de-luces-con-control-remoto-activado-por-sonido-iluminacion-de-efecto-de-escenario\/\",\"url\":\"https:\/\/rs-audiovideo.com\/index.php\/product\/luces-led-de-escenario-dmx-8-unidades-de-18-x-3-w-rgb-par-can-paquete-de-luces-con-control-remoto-activado-por-sonido-iluminacion-de-efecto-de-escenario\/\",\"name\":\"Luces LED de escenario DMX, 8 unidades de 18 x 3 W RGB Par Can Paquete de luces con control remoto activado por sonido Iluminaci\u00f3n de efecto de escenario, - Soluciones, Asesoria y Venta de Equipos Audiovisuales\",\"isPartOf\":{\"@id\":\"https:\/\/rs-audiovideo.com\/#website\"},\"primaryImageOfPage\":{\"@id\":\"https:\/\/rs-audiovideo.com\/index.php\/product\/luces-led-de-escenario-dmx-8-unidades-de-18-x-3-w-rgb-par-can-paquete-de-luces-con-control-remoto-activado-por-sonido-iluminacion-de-efecto-de-escenario\/#primaryimage\"},\"image\":{\"@id\":\"https:\/\/rs-audiovideo.com\/index.php\/product\/luces-led-de-escenario-dmx-8-unidades-de-18-x-3-w-rgb-par-can-paquete-de-luces-con-control-remoto-activado-por-sonido-iluminacion-de-efecto-de-escenario\/#primaryimage\"},\"thumbnailUrl\":\"https:\/\/rs-audiovideo.com\/wp-content\/uploads\/2024\/06\/81-Gu7xyrL._AC_SL1500_.jpg\",\"datePublished\":\"2024-06-16T03:31:59+00:00\",\"dateModified\":\"2024-06-18T23:58:18+00:00\",\"description\":\"Los Mejores equipos de sonido profesional para tus proyectos, cumpliendo garant\u00eda, soporte y respaldo, Env\u00edos a nivel nacional Colombia.\",\"breadcrumb\":{\"@id\":\"https:\/\/rs-audiovideo.com\/index.php\/product\/luces-led-de-escenario-dmx-8-unidades-de-18-x-3-w-rgb-par-can-paquete-de-luces-con-control-remoto-activado-por-sonido-iluminacion-de-efecto-de-escenario\/#breadcrumb\"},\"inLanguage\":\"en-US\",\"potentialAction\":[{\"@type\":\"ReadAction\",\"target\":[\"https:\/\/rs-audiovideo.com\/index.php\/product\/luces-led-de-escenario-dmx-8-unidades-de-18-x-3-w-rgb-par-can-paquete-de-luces-con-control-remoto-activado-por-sonido-iluminacion-de-efecto-de-escenario\/\"]}]},{\"@type\":\"ImageObject\",\"inLanguage\":\"en-US\",\"@id\":\"https:\/\/rs-audiovideo.com\/index.php\/product\/luces-led-de-escenario-dmx-8-unidades-de-18-x-3-w-rgb-par-can-paquete-de-luces-con-control-remoto-activado-por-sonido-iluminacion-de-efecto-de-escenario\/#primaryimage\",\"url\":\"https:\/\/rs-audiovideo.com\/wp-content\/uploads\/2024\/06\/81-Gu7xyrL._AC_SL1500_.jpg\",\"contentUrl\":\"https:\/\/rs-audiovideo.com\/wp-content\/uploads\/2024\/06\/81-Gu7xyrL._AC_SL1500_.jpg\",\"width\":1500,\"height\":1403},{\"@type\":\"BreadcrumbList\",\"@id\":\"https:\/\/rs-audiovideo.com\/index.php\/product\/luces-led-de-escenario-dmx-8-unidades-de-18-x-3-w-rgb-par-can-paquete-de-luces-con-control-remoto-activado-por-sonido-iluminacion-de-efecto-de-escenario\/#breadcrumb\",\"itemListElement\":[{\"@type\":\"ListItem\",\"position\":1,\"name\":\"Home\",\"item\":\"https:\/\/rs-audiovideo.com\/\"},{\"@type\":\"ListItem\",\"position\":2,\"name\":\"Shop\",\"item\":\"https:\/\/rs-audiovideo.com\/index.php\/shop-2\/\"},{\"@type\":\"ListItem\",\"position\":3,\"name\":\"Luces LED de escenario DMX, 8 unidades de 18 x 3 W RGB Par Can Paquete de luces con control remoto activado por sonido Iluminaci\u00f3n de efecto de escenario,\"}]},{\"@type\":\"WebSite\",\"@id\":\"https:\/\/rs-audiovideo.com\/#website\",\"url\":\"https:\/\/rs-audiovideo.com\/\",\"name\":\"Soluciones, Asesoria y Venta de Equipos Audiovisuales\",\"description\":\"\",\"publisher\":{\"@id\":\"https:\/\/rs-audiovideo.com\/#organization\"},\"potentialAction\":[{\"@type\":\"SearchAction\",\"target\":{\"@type\":\"EntryPoint\",\"urlTemplate\":\"https:\/\/rs-audiovideo.com\/?s={search_term_string}\"},\"query-input\":{\"@type\":\"PropertyValueSpecification\",\"valueRequired\":true,\"valueName\":\"search_term_string\"}}],\"inLanguage\":\"en-US\"},{\"@type\":\"Organization\",\"@id\":\"https:\/\/rs-audiovideo.com\/#organization\",\"name\":\"Soluciones, Asesoria y Venta de Equipos Audiovisuales\",\"url\":\"https:\/\/rs-audiovideo.com\/\",\"logo\":{\"@type\":\"ImageObject\",\"inLanguage\":\"en-US\",\"@id\":\"https:\/\/rs-audiovideo.com\/#\/schema\/logo\/image\/\",\"url\":\"https:\/\/rs-audiovideo.com\/wp-content\/uploads\/2024\/06\/cropped-logointro.png\",\"contentUrl\":\"https:\/\/rs-audiovideo.com\/wp-content\/uploads\/2024\/06\/cropped-logointro.png\",\"width\":579,\"height\":127,\"caption\":\"Soluciones, Asesoria y Venta de Equipos Audiovisuales\"},\"image\":{\"@id\":\"https:\/\/rs-audiovideo.com\/#\/schema\/logo\/image\/\"}}]}<\/script>\n<!-- \/ Yoast SEO plugin. -->","yoast_head_json":{"title":"Luces LED de escenario DMX, 8 unidades de 18 x 3 W RGB Par Can Paquete de luces con control remoto activado por sonido Iluminaci\u00f3n de efecto de escenario, - Soluciones, Asesoria y Venta de Equipos Audiovisuales","description":"Los Mejores equipos de sonido profesional para tus proyectos, cumpliendo garant\u00eda, soporte y respaldo, Env\u00edos a nivel nacional Colombia.","robots":{"index":"index","follow":"follow","max-snippet":"max-snippet:-1","max-image-preview":"max-image-preview:large","max-video-preview":"max-video-preview:-1"},"canonical":"https:\/\/rs-audiovideo.com\/index.php\/product\/luces-led-de-escenario-dmx-8-unidades-de-18-x-3-w-rgb-par-can-paquete-de-luces-con-control-remoto-activado-por-sonido-iluminacion-de-efecto-de-escenario\/","og_locale":"en_US","og_type":"article","og_title":"Luces LED de escenario DMX, 8 unidades de 18 x 3 W RGB Par Can Paquete de luces con control remoto activado por sonido Iluminaci\u00f3n de efecto de escenario, - Soluciones, Asesoria y Venta de Equipos Audiovisuales","og_description":"Los Mejores equipos de sonido profesional para tus proyectos, cumpliendo garant\u00eda, soporte y respaldo, Env\u00edos a nivel nacional Colombia.","og_url":"https:\/\/rs-audiovideo.com\/index.php\/product\/luces-led-de-escenario-dmx-8-unidades-de-18-x-3-w-rgb-par-can-paquete-de-luces-con-control-remoto-activado-por-sonido-iluminacion-de-efecto-de-escenario\/","og_site_name":"Soluciones, Asesoria y Venta de Equipos Audiovisuales","article_modified_time":"2024-06-18T23:58:18+00:00","og_image":[{"width":1500,"height":1403,"url":"https:\/\/rs-audiovideo.com\/wp-content\/uploads\/2024\/06\/81-Gu7xyrL._AC_SL1500_.jpg","type":"image\/jpeg"}],"twitter_card":"summary_large_image","twitter_misc":{"Est. reading time":"1 minute"},"schema":{"@context":"https:\/\/schema.org","@graph":[{"@type":"WebPage","@id":"https:\/\/rs-audiovideo.com\/index.php\/product\/luces-led-de-escenario-dmx-8-unidades-de-18-x-3-w-rgb-par-can-paquete-de-luces-con-control-remoto-activado-por-sonido-iluminacion-de-efecto-de-escenario\/","url":"https:\/\/rs-audiovideo.com\/index.php\/product\/luces-led-de-escenario-dmx-8-unidades-de-18-x-3-w-rgb-par-can-paquete-de-luces-con-control-remoto-activado-por-sonido-iluminacion-de-efecto-de-escenario\/","name":"Luces LED de escenario DMX, 8 unidades de 18 x 3 W RGB Par Can Paquete de luces con control remoto activado por sonido Iluminaci\u00f3n de efecto de escenario, - Soluciones, Asesoria y Venta de Equipos Audiovisuales","isPartOf":{"@id":"https:\/\/rs-audiovideo.com\/#website"},"primaryImageOfPage":{"@id":"https:\/\/rs-audiovideo.com\/index.php\/product\/luces-led-de-escenario-dmx-8-unidades-de-18-x-3-w-rgb-par-can-paquete-de-luces-con-control-remoto-activado-por-sonido-iluminacion-de-efecto-de-escenario\/#primaryimage"},"image":{"@id":"https:\/\/rs-audiovideo.com\/index.php\/product\/luces-led-de-escenario-dmx-8-unidades-de-18-x-3-w-rgb-par-can-paquete-de-luces-con-control-remoto-activado-por-sonido-iluminacion-de-efecto-de-escenario\/#primaryimage"},"thumbnailUrl":"https:\/\/rs-audiovideo.com\/wp-content\/uploads\/2024\/06\/81-Gu7xyrL._AC_SL1500_.jpg","datePublished":"2024-06-16T03:31:59+00:00","dateModified":"2024-06-18T23:58:18+00:00","description":"Los Mejores equipos de sonido profesional para tus proyectos, cumpliendo garant\u00eda, soporte y respaldo, Env\u00edos a nivel nacional Colombia.","breadcrumb":{"@id":"https:\/\/rs-audiovideo.com\/index.php\/product\/luces-led-de-escenario-dmx-8-unidades-de-18-x-3-w-rgb-par-can-paquete-de-luces-con-control-remoto-activado-por-sonido-iluminacion-de-efecto-de-escenario\/#breadcrumb"},"inLanguage":"en-US","potentialAction":[{"@type":"ReadAction","target":["https:\/\/rs-audiovideo.com\/index.php\/product\/luces-led-de-escenario-dmx-8-unidades-de-18-x-3-w-rgb-par-can-paquete-de-luces-con-control-remoto-activado-por-sonido-iluminacion-de-efecto-de-escenario\/"]}]},{"@type":"ImageObject","inLanguage":"en-US","@id":"https:\/\/rs-audiovideo.com\/index.php\/product\/luces-led-de-escenario-dmx-8-unidades-de-18-x-3-w-rgb-par-can-paquete-de-luces-con-control-remoto-activado-por-sonido-iluminacion-de-efecto-de-escenario\/#primaryimage","url":"https:\/\/rs-audiovideo.com\/wp-content\/uploads\/2024\/06\/81-Gu7xyrL._AC_SL1500_.jpg","contentUrl":"https:\/\/rs-audiovideo.com\/wp-content\/uploads\/2024\/06\/81-Gu7xyrL._AC_SL1500_.jpg","width":1500,"height":1403},{"@type":"BreadcrumbList","@id":"https:\/\/rs-audiovideo.com\/index.php\/product\/luces-led-de-escenario-dmx-8-unidades-de-18-x-3-w-rgb-par-can-paquete-de-luces-con-control-remoto-activado-por-sonido-iluminacion-de-efecto-de-escenario\/#breadcrumb","itemListElement":[{"@type":"ListItem","position":1,"name":"Home","item":"https:\/\/rs-audiovideo.com\/"},{"@type":"ListItem","position":2,"name":"Shop","item":"https:\/\/rs-audiovideo.com\/index.php\/shop-2\/"},{"@type":"ListItem","position":3,"name":"Luces LED de escenario DMX, 8 unidades de 18 x 3 W RGB Par Can Paquete de luces con control remoto activado por sonido Iluminaci\u00f3n de efecto de escenario,"}]},{"@type":"WebSite","@id":"https:\/\/rs-audiovideo.com\/#website","url":"https:\/\/rs-audiovideo.com\/","name":"Soluciones, Asesoria y Venta de Equipos Audiovisuales","description":"","publisher":{"@id":"https:\/\/rs-audiovideo.com\/#organization"},"potentialAction":[{"@type":"SearchAction","target":{"@type":"EntryPoint","urlTemplate":"https:\/\/rs-audiovideo.com\/?s={search_term_string}"},"query-input":{"@type":"PropertyValueSpecification","valueRequired":true,"valueName":"search_term_string"}}],"inLanguage":"en-US"},{"@type":"Organization","@id":"https:\/\/rs-audiovideo.com\/#organization","name":"Soluciones, Asesoria y Venta de Equipos Audiovisuales","url":"https:\/\/rs-audiovideo.com\/","logo":{"@type":"ImageObject","inLanguage":"en-US","@id":"https:\/\/rs-audiovideo.com\/#\/schema\/logo\/image\/","url":"https:\/\/rs-audiovideo.com\/wp-content\/uploads\/2024\/06\/cropped-logointro.png","contentUrl":"https:\/\/rs-audiovideo.com\/wp-content\/uploads\/2024\/06\/cropped-logointro.png","width":579,"height":127,"caption":"Soluciones, Asesoria y Venta de Equipos Audiovisuales"},"image":{"@id":"https:\/\/rs-audiovideo.com\/#\/schema\/logo\/image\/"}}]}},"_links":{"self":[{"href":"https:\/\/rs-audiovideo.com\/index.php\/wp-json\/wp\/v2\/product\/5796","targetHints":{"allow":["GET"]}}],"collection":[{"href":"https:\/\/rs-audiovideo.com\/index.php\/wp-json\/wp\/v2\/product"}],"about":[{"href":"https:\/\/rs-audiovideo.com\/index.php\/wp-json\/wp\/v2\/types\/product"}],"replies":[{"embeddable":true,"href":"https:\/\/rs-audiovideo.com\/index.php\/wp-json\/wp\/v2\/comments?post=5796"}],"wp:featuredmedia":[{"embeddable":true,"href":"https:\/\/rs-audiovideo.com\/index.php\/wp-json\/wp\/v2\/media\/5797"}],"wp:attachment":[{"href":"https:\/\/rs-audiovideo.com\/index.php\/wp-json\/wp\/v2\/media?parent=5796"}],"wp:term":[{"taxonomy":"product_brand","embeddable":true,"href":"https:\/\/rs-audiovideo.com\/index.php\/wp-json\/wp\/v2\/product_brand?post=5796"},{"taxonomy":"product_cat","embeddable":true,"href":"https:\/\/rs-audiovideo.com\/index.php\/wp-json\/wp\/v2\/product_cat?post=5796"},{"taxonomy":"product_tag","embeddable":true,"href":"https:\/\/rs-audiovideo.com\/index.php\/wp-json\/wp\/v2\/product_tag?post=5796"}],"curies":[{"name":"wp","href":"https:\/\/api.w.org\/{rel}","templated":true}]}}