{"id":5803,"date":"2024-06-17T21:28:33","date_gmt":"2024-06-17T21:28:33","guid":{"rendered":"https:\/\/rs-audiovideo.com\/?post_type=product&#038;p=5803"},"modified":"2025-09-29T23:54:31","modified_gmt":"2025-09-29T23:54:31","slug":"jbl-srx910la-line-array-activo-600w-135db","status":"publish","type":"product","link":"https:\/\/rs-audiovideo.com\/index.php\/product\/jbl-srx910la-line-array-activo-600w-135db\/","title":{"rendered":"JBL SRX910LA Line Array Activo 600w 135dB"},"content":{"rendered":"<div class=\"product_main_tab_content content active\">\n<div class=\"description text-content\">\n<p>La serie SRX900 incorpora los principios de rendimiento avanzado que impulsan el desarrollo de productos de audio de JBL que marcan una diferencia real en el mundo del audio profesional.\u00a0Esta familia de subwoofers y arreglos lineales autoamplificados de pr\u00f3xima generaci\u00f3n aborda la creciente necesidad de soluciones escalables de refuerzo de sonido profesional de formato peque\u00f1o y mediano para empresas de alquiler, instalaciones fijas y m\u00fasicos que buscan la mejor combinaci\u00f3n de rendimiento y portabilidad.<\/p>\n<p><img loading=\"lazy\" decoding=\"async\" class=\"aligncenter size-full wp-image-33949 lazyloaded\" src=\"https:\/\/audioluces.com\/wp-content\/uploads\/2023\/06\/JBL-SRX910LA-11.jpg\" alt=\"\" width=\"1140\" height=\"620\" data-src=\"https:\/\/audioluces.com\/wp-content\/uploads\/2023\/06\/JBL-SRX910LA-11.jpg\" \/><\/p>\n<p>El SRX910LA es un elemento de arreglo en l\u00ednea activo bidireccional que puede cubrir una variedad de aplicaciones de tama\u00f1o mediano a grande, incluidas casas de alquiler, artistas en gira, DJ e instalaciones.\u00a0El DSP y la amplificaci\u00f3n incorporados ofrecen una experiencia plug and play al tiempo que brindan consistencia y un rendimiento \u00f3ptimo en cualquier parte del mundo.<\/p>\n<p><img loading=\"lazy\" decoding=\"async\" class=\"aligncenter size-full wp-image-33951 lazyloaded\" src=\"https:\/\/audioluces.com\/wp-content\/uploads\/2023\/06\/JBL-SRX910LA-13.jpg\" alt=\"\" width=\"1140\" height=\"620\" data-src=\"https:\/\/audioluces.com\/wp-content\/uploads\/2023\/06\/JBL-SRX910LA-13.jpg\" \/><\/p>\n<p>Los transductores JBL y un nuevo dise\u00f1o ac\u00fastico brindan una excelente fidelidad de sonido y el mejor SPL m\u00e1ximo de su clase.\u00a0El producto cuenta con dos woofers Differential Drive\u00ae de neodimio de 10 pulgadas y un controlador de compresi\u00f3n de tres pulgadas.\u00a0La carcasa optimizada por computadora est\u00e1 hecha de material compuesto y ofrece un rendimiento excelente sin dejar de ser compacta y liviana.<\/p>\n<p><img loading=\"lazy\" decoding=\"async\" class=\"aligncenter size-full wp-image-33950 lazyloaded\" src=\"https:\/\/audioluces.com\/wp-content\/uploads\/2023\/06\/JBL-SRX910LA-12.jpg\" alt=\"\" width=\"1140\" height=\"620\" data-src=\"https:\/\/audioluces.com\/wp-content\/uploads\/2023\/06\/JBL-SRX910LA-12.jpg\" \/><img loading=\"lazy\" decoding=\"async\" class=\"aligncenter size-full wp-image-33953 lazyloaded\" src=\"https:\/\/audioluces.com\/wp-content\/uploads\/2023\/06\/JBL-SRX910LA-15.jpg\" alt=\"\" width=\"1140\" height=\"620\" data-src=\"https:\/\/audioluces.com\/wp-content\/uploads\/2023\/06\/JBL-SRX910LA-15.jpg\" \/><\/p>\n<p>Un innovador sistema de suspensi\u00f3n de tres puntos y un conjunto completo de accesorios permiten escalar los sistemas y resolver las diversas necesidades de las empresas de producci\u00f3n y las casas de instalaci\u00f3n.\u00a0JBL Performance \u00a0es un nuevo paquete de software con todas las funciones que brinda a los usuarios el control del sistema en varias plataformas, incluidos Windows, macOS y iPad OS.<\/p>\n<p><img loading=\"lazy\" decoding=\"async\" class=\"aligncenter size-full wp-image-33955 lazyloaded\" src=\"https:\/\/audioluces.com\/wp-content\/uploads\/2023\/06\/JBL-SRX910LA-17.jpg\" alt=\"\" width=\"1140\" height=\"620\" data-src=\"https:\/\/audioluces.com\/wp-content\/uploads\/2023\/06\/JBL-SRX910LA-17.jpg\" \/><img loading=\"lazy\" decoding=\"async\" class=\"aligncenter size-full wp-image-33954 lazyloaded\" src=\"https:\/\/audioluces.com\/wp-content\/uploads\/2023\/06\/JBL-SRX910LA-16.jpg\" alt=\"\" width=\"1140\" height=\"620\" data-src=\"https:\/\/audioluces.com\/wp-content\/uploads\/2023\/06\/JBL-SRX910LA-16.jpg\" \/><\/p>\n<\/div>\n<\/div>\n<div id=\"product-features\" class=\"row product-subheader\">\n<div class=\"small-10 columns\">\n<h3 class=\"content-nav\" data-magellan-destination=\"features\">Caracter\u00edsticas<\/h3>\n<\/div>\n<\/div>\n<div id=\"panel_features\" class=\"product_main_tab_content content \">\n<div class=\"features text-content\">\n<ul>\n<li>Soluci\u00f3n de sistema de alta densidad y alto rendimiento en un formato apto para camiones<\/li>\n<li>Los transductores de manejo de alta potencia ofrecen baja distorsi\u00f3n, alta fidelidad y salida l\u00edder en su clase<\/li>\n<li>Amplificaci\u00f3n Clase D incorporada, enfriada pasivamente con una fuente de alimentaci\u00f3n universal<\/li>\n<li>Puertos Ethernet duales con conectores Neutrik etherCON<\/li>\n<li>Soporta HARMAN HControlEthernet<\/li>\n<li>DSP controlable por el usuario<\/li>\n<li>La limitaci\u00f3n LevelMax utiliza sofisticados algoritmos de control de excursi\u00f3n para proteger los transductores<\/li>\n<li>La pantalla LCD del panel posterior brinda acceso completo a las funciones de control<\/li>\n<li>Recintos de altavoces compuestos reforzados<\/li>\n<li>Innovador sistema de suspensi\u00f3n de tres puntos<\/li>\n<\/ul>\n<div id=\"panel_features\" class=\"product_main_tab_content content \">\n<div class=\"features text-content\">\n<h3>Ficha T\u00e9cnica<\/h3>\n<table class=\"specs\">\n<tbody>\n<tr>\n<td class=\"name\">Rango de frecuencia (-10dB)<\/td>\n<td>53 Hz-19 kHz (preajuste de matriz)<\/td>\n<\/tr>\n<tr>\n<td class=\"name\">Patr\u00f3n de cobertura<\/td>\n<td>105 grados nominales (400 Hz-16 kHz)<\/td>\n<\/tr>\n<tr>\n<td class=\"name\">SPL m\u00e1ximo<\/td>\n<td>135dB<\/td>\n<\/tr>\n<tr>\n<td class=\"name\">Tipo de sistema<\/td>\n<td>Line Array, bidireccional activo<\/td>\n<\/tr>\n<tr>\n<td class=\"name\">Dise\u00f1o de amplificador<\/td>\n<td>Clase-D<\/td>\n<\/tr>\n<tr>\n<td class=\"name\">Potencia nominal continua<\/td>\n<td>600 vatios |\u00a0LF: 400 vatios |\u00a0Alta frecuencia: 200 vatios<\/td>\n<\/tr>\n<tr>\n<td class=\"name\">Controlador de baja frecuencia<\/td>\n<td>(2) JBL 261G-1, 10 de di\u00e1metro, doble bobina de voz de 2,0 de di\u00e1metro, Differential Drive\u00ae de neodimio<\/td>\n<\/tr>\n<tr>\n<td class=\"name\">Conductor de alta frecuencia<\/td>\n<td>(1) JBL 2432H-3, controlador de compresi\u00f3n de neodimio de salida de 1,5 pulgadas con bobina m\u00f3vil de 3 pulgadas<\/td>\n<\/tr>\n<tr>\n<td class=\"name\">Recinto<\/td>\n<td>Polipropileno, deflector de aluminio, arriostramiento interno de madera contrachapada, cuatro asideros empotrados integrales<\/td>\n<\/tr>\n<tr>\n<td class=\"name\">\u00c1ngulos entre recintos<\/td>\n<td>0.5, 1, 2, 3, 4, 5, 6, 7, 8, 9, 10, 11, 12<\/td>\n<\/tr>\n<tr>\n<td class=\"name\">Dimensiones (Al. x An. x Pr.)<\/td>\n<td>305 mm x 716 mm x 519 mm<br \/>\n(12,0 pulgadas x 28,2 pulgadas x 20,5 pulgadas)<\/td>\n<\/tr>\n<tr>\n<td class=\"name\">Peso neto (cada uno)<\/td>\n<td>26,7 kg (59 libras)<\/td>\n<\/tr>\n<\/tbody>\n<\/table>\n<\/div>\n<\/div>\n<\/div>\n<\/div>\n","protected":false},"excerpt":{"rendered":"<p>La serie SRX900 incorpora los principios de rendimiento avanzado que impulsan el desarrollo de productos de audio de JBL que marcan una diferencia real en el mundo del audio profesional.\u00a0Esta<\/p>\n","protected":false},"featured_media":5804,"comment_status":"open","ping_status":"closed","template":"","meta":{"_acf_changed":false},"product_brand":[],"product_cat":[276,245],"product_tag":[],"class_list":{"0":"post-5803","1":"product","2":"type-product","3":"status-publish","4":"has-post-thumbnail","6":"product_cat-jbl","7":"product_cat-line-array","9":"first","10":"instock","11":"shipping-taxable","12":"product-type-simple","13":"add-to-wishlist-after_add_to_cart"},"acf":[],"yoast_head":"<!-- This site is optimized with the Yoast SEO plugin v26.0 - https:\/\/yoast.com\/wordpress\/plugins\/seo\/ -->\n<title>JBL SRX910LA Line Array Activo 600w 135dB - Soluciones, Asesoria y Venta de Equipos Audiovisuales<\/title>\n<meta name=\"description\" content=\"Los Mejores equipos de sonido profesional para tus proyectos, cumpliendo garant\u00eda, soporte y respaldo, Env\u00edos a nivel nacional Colombia.\" \/>\n<meta name=\"robots\" content=\"index, follow, max-snippet:-1, max-image-preview:large, max-video-preview:-1\" \/>\n<link rel=\"canonical\" href=\"https:\/\/rs-audiovideo.com\/index.php\/product\/jbl-srx910la-line-array-activo-600w-135db\/\" \/>\n<meta property=\"og:locale\" content=\"en_US\" \/>\n<meta property=\"og:type\" content=\"article\" \/>\n<meta property=\"og:title\" content=\"JBL SRX910LA Line Array Activo 600w 135dB - Soluciones, Asesoria y Venta de Equipos Audiovisuales\" \/>\n<meta property=\"og:description\" content=\"Los Mejores equipos de sonido profesional para tus proyectos, cumpliendo garant\u00eda, soporte y respaldo, Env\u00edos a nivel nacional Colombia.\" \/>\n<meta property=\"og:url\" content=\"https:\/\/rs-audiovideo.com\/index.php\/product\/jbl-srx910la-line-array-activo-600w-135db\/\" \/>\n<meta property=\"og:site_name\" content=\"Soluciones, Asesoria y Venta de Equipos Audiovisuales\" \/>\n<meta property=\"article:modified_time\" content=\"2025-09-29T23:54:31+00:00\" \/>\n<meta property=\"og:image\" content=\"https:\/\/rs-audiovideo.com\/wp-content\/uploads\/2024\/06\/0011_JBL-SRX910LA.jpg\" \/>\n\t<meta property=\"og:image:width\" content=\"1000\" \/>\n\t<meta property=\"og:image:height\" content=\"1000\" \/>\n\t<meta property=\"og:image:type\" content=\"image\/jpeg\" \/>\n<meta name=\"twitter:card\" content=\"summary_large_image\" \/>\n<meta name=\"twitter:label1\" content=\"Est. reading time\" \/>\n\t<meta name=\"twitter:data1\" content=\"4 minutes\" \/>\n<script type=\"application\/ld+json\" class=\"yoast-schema-graph\">{\"@context\":\"https:\/\/schema.org\",\"@graph\":[{\"@type\":\"WebPage\",\"@id\":\"https:\/\/rs-audiovideo.com\/index.php\/product\/jbl-srx910la-line-array-activo-600w-135db\/\",\"url\":\"https:\/\/rs-audiovideo.com\/index.php\/product\/jbl-srx910la-line-array-activo-600w-135db\/\",\"name\":\"JBL SRX910LA Line Array Activo 600w 135dB - Soluciones, Asesoria y Venta de Equipos Audiovisuales\",\"isPartOf\":{\"@id\":\"https:\/\/rs-audiovideo.com\/#website\"},\"primaryImageOfPage\":{\"@id\":\"https:\/\/rs-audiovideo.com\/index.php\/product\/jbl-srx910la-line-array-activo-600w-135db\/#primaryimage\"},\"image\":{\"@id\":\"https:\/\/rs-audiovideo.com\/index.php\/product\/jbl-srx910la-line-array-activo-600w-135db\/#primaryimage\"},\"thumbnailUrl\":\"https:\/\/rs-audiovideo.com\/wp-content\/uploads\/2024\/06\/0011_JBL-SRX910LA.jpg\",\"datePublished\":\"2024-06-17T21:28:33+00:00\",\"dateModified\":\"2025-09-29T23:54:31+00:00\",\"description\":\"Los Mejores equipos de sonido profesional para tus proyectos, cumpliendo garant\u00eda, soporte y respaldo, Env\u00edos a nivel nacional Colombia.\",\"breadcrumb\":{\"@id\":\"https:\/\/rs-audiovideo.com\/index.php\/product\/jbl-srx910la-line-array-activo-600w-135db\/#breadcrumb\"},\"inLanguage\":\"en-US\",\"potentialAction\":[{\"@type\":\"ReadAction\",\"target\":[\"https:\/\/rs-audiovideo.com\/index.php\/product\/jbl-srx910la-line-array-activo-600w-135db\/\"]}]},{\"@type\":\"ImageObject\",\"inLanguage\":\"en-US\",\"@id\":\"https:\/\/rs-audiovideo.com\/index.php\/product\/jbl-srx910la-line-array-activo-600w-135db\/#primaryimage\",\"url\":\"https:\/\/rs-audiovideo.com\/wp-content\/uploads\/2024\/06\/0011_JBL-SRX910LA.jpg\",\"contentUrl\":\"https:\/\/rs-audiovideo.com\/wp-content\/uploads\/2024\/06\/0011_JBL-SRX910LA.jpg\",\"width\":1000,\"height\":1000},{\"@type\":\"BreadcrumbList\",\"@id\":\"https:\/\/rs-audiovideo.com\/index.php\/product\/jbl-srx910la-line-array-activo-600w-135db\/#breadcrumb\",\"itemListElement\":[{\"@type\":\"ListItem\",\"position\":1,\"name\":\"Home\",\"item\":\"https:\/\/rs-audiovideo.com\/\"},{\"@type\":\"ListItem\",\"position\":2,\"name\":\"Shop\",\"item\":\"https:\/\/rs-audiovideo.com\/index.php\/shop-2\/\"},{\"@type\":\"ListItem\",\"position\":3,\"name\":\"JBL SRX910LA Line Array Activo 600w 135dB\"}]},{\"@type\":\"WebSite\",\"@id\":\"https:\/\/rs-audiovideo.com\/#website\",\"url\":\"https:\/\/rs-audiovideo.com\/\",\"name\":\"Soluciones, Asesoria y Venta de Equipos Audiovisuales\",\"description\":\"\",\"publisher\":{\"@id\":\"https:\/\/rs-audiovideo.com\/#organization\"},\"potentialAction\":[{\"@type\":\"SearchAction\",\"target\":{\"@type\":\"EntryPoint\",\"urlTemplate\":\"https:\/\/rs-audiovideo.com\/?s={search_term_string}\"},\"query-input\":{\"@type\":\"PropertyValueSpecification\",\"valueRequired\":true,\"valueName\":\"search_term_string\"}}],\"inLanguage\":\"en-US\"},{\"@type\":\"Organization\",\"@id\":\"https:\/\/rs-audiovideo.com\/#organization\",\"name\":\"Soluciones, Asesoria y Venta de Equipos Audiovisuales\",\"url\":\"https:\/\/rs-audiovideo.com\/\",\"logo\":{\"@type\":\"ImageObject\",\"inLanguage\":\"en-US\",\"@id\":\"https:\/\/rs-audiovideo.com\/#\/schema\/logo\/image\/\",\"url\":\"https:\/\/rs-audiovideo.com\/wp-content\/uploads\/2024\/06\/cropped-logointro.png\",\"contentUrl\":\"https:\/\/rs-audiovideo.com\/wp-content\/uploads\/2024\/06\/cropped-logointro.png\",\"width\":579,\"height\":127,\"caption\":\"Soluciones, Asesoria y Venta de Equipos Audiovisuales\"},\"image\":{\"@id\":\"https:\/\/rs-audiovideo.com\/#\/schema\/logo\/image\/\"}}]}<\/script>\n<!-- \/ Yoast SEO plugin. -->","yoast_head_json":{"title":"JBL SRX910LA Line Array Activo 600w 135dB - Soluciones, Asesoria y Venta de Equipos Audiovisuales","description":"Los Mejores equipos de sonido profesional para tus proyectos, cumpliendo garant\u00eda, soporte y respaldo, Env\u00edos a nivel nacional Colombia.","robots":{"index":"index","follow":"follow","max-snippet":"max-snippet:-1","max-image-preview":"max-image-preview:large","max-video-preview":"max-video-preview:-1"},"canonical":"https:\/\/rs-audiovideo.com\/index.php\/product\/jbl-srx910la-line-array-activo-600w-135db\/","og_locale":"en_US","og_type":"article","og_title":"JBL SRX910LA Line Array Activo 600w 135dB - Soluciones, Asesoria y Venta de Equipos Audiovisuales","og_description":"Los Mejores equipos de sonido profesional para tus proyectos, cumpliendo garant\u00eda, soporte y respaldo, Env\u00edos a nivel nacional Colombia.","og_url":"https:\/\/rs-audiovideo.com\/index.php\/product\/jbl-srx910la-line-array-activo-600w-135db\/","og_site_name":"Soluciones, Asesoria y Venta de Equipos Audiovisuales","article_modified_time":"2025-09-29T23:54:31+00:00","og_image":[{"width":1000,"height":1000,"url":"https:\/\/rs-audiovideo.com\/wp-content\/uploads\/2024\/06\/0011_JBL-SRX910LA.jpg","type":"image\/jpeg"}],"twitter_card":"summary_large_image","twitter_misc":{"Est. reading time":"4 minutes"},"schema":{"@context":"https:\/\/schema.org","@graph":[{"@type":"WebPage","@id":"https:\/\/rs-audiovideo.com\/index.php\/product\/jbl-srx910la-line-array-activo-600w-135db\/","url":"https:\/\/rs-audiovideo.com\/index.php\/product\/jbl-srx910la-line-array-activo-600w-135db\/","name":"JBL SRX910LA Line Array Activo 600w 135dB - Soluciones, Asesoria y Venta de Equipos Audiovisuales","isPartOf":{"@id":"https:\/\/rs-audiovideo.com\/#website"},"primaryImageOfPage":{"@id":"https:\/\/rs-audiovideo.com\/index.php\/product\/jbl-srx910la-line-array-activo-600w-135db\/#primaryimage"},"image":{"@id":"https:\/\/rs-audiovideo.com\/index.php\/product\/jbl-srx910la-line-array-activo-600w-135db\/#primaryimage"},"thumbnailUrl":"https:\/\/rs-audiovideo.com\/wp-content\/uploads\/2024\/06\/0011_JBL-SRX910LA.jpg","datePublished":"2024-06-17T21:28:33+00:00","dateModified":"2025-09-29T23:54:31+00:00","description":"Los Mejores equipos de sonido profesional para tus proyectos, cumpliendo garant\u00eda, soporte y respaldo, Env\u00edos a nivel nacional Colombia.","breadcrumb":{"@id":"https:\/\/rs-audiovideo.com\/index.php\/product\/jbl-srx910la-line-array-activo-600w-135db\/#breadcrumb"},"inLanguage":"en-US","potentialAction":[{"@type":"ReadAction","target":["https:\/\/rs-audiovideo.com\/index.php\/product\/jbl-srx910la-line-array-activo-600w-135db\/"]}]},{"@type":"ImageObject","inLanguage":"en-US","@id":"https:\/\/rs-audiovideo.com\/index.php\/product\/jbl-srx910la-line-array-activo-600w-135db\/#primaryimage","url":"https:\/\/rs-audiovideo.com\/wp-content\/uploads\/2024\/06\/0011_JBL-SRX910LA.jpg","contentUrl":"https:\/\/rs-audiovideo.com\/wp-content\/uploads\/2024\/06\/0011_JBL-SRX910LA.jpg","width":1000,"height":1000},{"@type":"BreadcrumbList","@id":"https:\/\/rs-audiovideo.com\/index.php\/product\/jbl-srx910la-line-array-activo-600w-135db\/#breadcrumb","itemListElement":[{"@type":"ListItem","position":1,"name":"Home","item":"https:\/\/rs-audiovideo.com\/"},{"@type":"ListItem","position":2,"name":"Shop","item":"https:\/\/rs-audiovideo.com\/index.php\/shop-2\/"},{"@type":"ListItem","position":3,"name":"JBL SRX910LA Line Array Activo 600w 135dB"}]},{"@type":"WebSite","@id":"https:\/\/rs-audiovideo.com\/#website","url":"https:\/\/rs-audiovideo.com\/","name":"Soluciones, Asesoria y Venta de Equipos Audiovisuales","description":"","publisher":{"@id":"https:\/\/rs-audiovideo.com\/#organization"},"potentialAction":[{"@type":"SearchAction","target":{"@type":"EntryPoint","urlTemplate":"https:\/\/rs-audiovideo.com\/?s={search_term_string}"},"query-input":{"@type":"PropertyValueSpecification","valueRequired":true,"valueName":"search_term_string"}}],"inLanguage":"en-US"},{"@type":"Organization","@id":"https:\/\/rs-audiovideo.com\/#organization","name":"Soluciones, Asesoria y Venta de Equipos Audiovisuales","url":"https:\/\/rs-audiovideo.com\/","logo":{"@type":"ImageObject","inLanguage":"en-US","@id":"https:\/\/rs-audiovideo.com\/#\/schema\/logo\/image\/","url":"https:\/\/rs-audiovideo.com\/wp-content\/uploads\/2024\/06\/cropped-logointro.png","contentUrl":"https:\/\/rs-audiovideo.com\/wp-content\/uploads\/2024\/06\/cropped-logointro.png","width":579,"height":127,"caption":"Soluciones, Asesoria y Venta de Equipos Audiovisuales"},"image":{"@id":"https:\/\/rs-audiovideo.com\/#\/schema\/logo\/image\/"}}]}},"_links":{"self":[{"href":"https:\/\/rs-audiovideo.com\/index.php\/wp-json\/wp\/v2\/product\/5803","targetHints":{"allow":["GET"]}}],"collection":[{"href":"https:\/\/rs-audiovideo.com\/index.php\/wp-json\/wp\/v2\/product"}],"about":[{"href":"https:\/\/rs-audiovideo.com\/index.php\/wp-json\/wp\/v2\/types\/product"}],"replies":[{"embeddable":true,"href":"https:\/\/rs-audiovideo.com\/index.php\/wp-json\/wp\/v2\/comments?post=5803"}],"wp:featuredmedia":[{"embeddable":true,"href":"https:\/\/rs-audiovideo.com\/index.php\/wp-json\/wp\/v2\/media\/5804"}],"wp:attachment":[{"href":"https:\/\/rs-audiovideo.com\/index.php\/wp-json\/wp\/v2\/media?parent=5803"}],"wp:term":[{"taxonomy":"product_brand","embeddable":true,"href":"https:\/\/rs-audiovideo.com\/index.php\/wp-json\/wp\/v2\/product_brand?post=5803"},{"taxonomy":"product_cat","embeddable":true,"href":"https:\/\/rs-audiovideo.com\/index.php\/wp-json\/wp\/v2\/product_cat?post=5803"},{"taxonomy":"product_tag","embeddable":true,"href":"https:\/\/rs-audiovideo.com\/index.php\/wp-json\/wp\/v2\/product_tag?post=5803"}],"curies":[{"name":"wp","href":"https:\/\/api.w.org\/{rel}","templated":true}]}}