{"id":5815,"date":"2024-06-17T21:34:26","date_gmt":"2024-06-17T21:34:26","guid":{"rendered":"https:\/\/rs-audiovideo.com\/?post_type=product&#038;p=5815"},"modified":"2025-06-17T05:24:47","modified_gmt":"2025-06-17T05:24:47","slug":"notepad-12fx-consola-soundcraft-con-interfaz-y-puerto-usb","status":"publish","type":"product","link":"https:\/\/rs-audiovideo.com\/index.php\/product\/notepad-12fx-consola-soundcraft-con-interfaz-y-puerto-usb\/","title":{"rendered":"Notepad-12FX Consola Soundcraft"},"content":{"rendered":"<div id=\"tab-description\" class=\"mf-Tabs-panel mf-Tabs-panel--description panel entry-content\" role=\"tabpanel\" aria-labelledby=\"tab-title-description\">\n<div class=\"tab-content-wrapper\">\n<h3>Consola Soundcraft Notepad-12FX<\/h3>\n<ul>\n<li>Obtenga la legendaria calidad de Soundcraft con preamplificadores de micr\u00f3fono profesionales<\/li>\n<li>Grabe, edite y reproduzca f\u00e1cilmente desde su Mac y PC con una interfaz de audio USB integrada, simplemente con\u00e9ctelo a su Mac*<\/li>\n<li>Endulce su mezcla con el procesamiento de se\u00f1al digital HARMAN que incluye la reverberaci\u00f3n ic\u00f3nica de Lexicon, echo y delay<\/li>\n<li>Obtener una gran mezcla es f\u00e1cil con un dise\u00f1o familiar de canal que incluye EQ, env\u00edo auxiliar, nivel de fader maestro y control de volumen de auriculares rotativos<\/li>\n<li>Recinto de metal duradero que est\u00e1 construido para muchos a\u00f1os de uso.\n<ul>\n<li>* La PC requiere la instalaci\u00f3n del controlador Soundcraft<\/li>\n<\/ul>\n<\/li>\n<\/ul>\n<p>La consola mezcladora de 12 canales\u00a0<strong>Notepad-12FX<\/strong>\u00a0facilita la obtenci\u00f3n del legendario sonido Soundcraft para su m\u00fasica, podcasts o v\u00eddeos. El Notepad-12FX combina componentes anal\u00f3gicos de nivel profesional, el reconocido procesamiento de se\u00f1al digital HARMAN y una interfaz de audio USB incorporada para usar con su software favorito de edici\u00f3n para Mac o PC. Ya sea un cantautor o un podcaster, el mezclador Notepad-12FX ofrece las mejores caracter\u00edsticas de su clase, como los efectos Lexicon\u00ae, para que pueda aportar un nivel de brillo a sus producciones creativas que seguramente impresionar\u00e1 a sus oyentes.<\/p>\n<h4>Calidad de audio impecable. Una tradici\u00f3n de Soundcraft.<\/h4>\n<p><img loading=\"lazy\" decoding=\"async\" class=\"alignnone wp-image-27462 size-full lazyloaded\" src=\"https:\/\/audioluces.com\/wp-content\/uploads\/2020\/02\/Soundcraft-12FX-colombia.jpeg\" alt=\"Soundcraft 12FX canales\" width=\"640\" height=\"427\" data-src=\"https:\/\/audioluces.com\/wp-content\/uploads\/2020\/02\/Soundcraft-12FX-colombia.jpeg\" \/><\/p>\n<p>Durante m\u00e1s de 40 a\u00f1os, los profesionales de audio han confiado en las soluciones de mezcla Soundcraft para obtener una calidad de sonido impecable y un rendimiento confiable. Los mezcladores de la serie Notepad contin\u00faan esta tradici\u00f3n con preamplificadores de micr\u00f3fono Soundcraft de nivel profesional, convenientes conectores XLR y 1\/4\u201d, y recintos met\u00e1licos duraderos dise\u00f1ados para resistir el paso del tiempo.<\/p>\n<h3>C\u00f3modamente familiar. Incre\u00edblemente poderoso.<\/h3>\n<p><img loading=\"lazy\" decoding=\"async\" class=\"alignnone wp-image-27467 size-full lazyloaded\" src=\"https:\/\/audioluces.com\/wp-content\/uploads\/2020\/02\/Soundcraft-12FX-colombia-2.jpeg\" alt=\"Soundcraft 12FX\" width=\"640\" height=\"427\" data-src=\"https:\/\/audioluces.com\/wp-content\/uploads\/2020\/02\/Soundcraft-12FX-colombia-2.jpeg\" \/><\/p>\n<p>Te encontrar\u00e1s en casa con el dise\u00f1o tradicional del canal de Notepad. Los env\u00edos auxiliares y tres controles de ecualizaci\u00f3n por canal le brindan un nivel de conveniencia a menudo reservado para consolas m\u00e1s grandes. Un control giratorio del volumen de los\u00a0<a href=\"https:\/\/audioluces.com\/producto\/audifonos-estudio-akg-k92-colombia\/\">aud\u00edfonos<\/a>\u00a0facilita el ajuste de su nivel de audici\u00f3n personal, mientras que un nivel de atenuador maestro con medici\u00f3n LED proporciona un control preciso sobre su se\u00f1al de salida maestra. Dise\u00f1ada para estudios en el hogar, ensayos, presentaciones en vivo y producci\u00f3n de podcast, la serie Notepad ofrece un dise\u00f1o que es familiar para los profesionales de audio pero f\u00e1cil de entender para los principiantes.<\/p>\n<h3>Perfecta para ensayos, conciertos y m\u00e1s<\/h3>\n<p>&nbsp;<\/p>\n<p>Los mezcladores Notepad extremadamente compactos caben f\u00e1cilmente en una bolsa de equipo y brindan una gran capacidad para montar sesiones, ensayos y conciertos. Los mezcladores Notepad est\u00e1n dise\u00f1ados para proporcionar un rendimiento ic\u00f3nico de Soundcraft y le permiten conectar su equipo favorito como micr\u00f3fonos, guitarras, teclados y m\u00e1s. Con tres modelos disponibles (Notepad-5, -8FX y -12FX), hay un mezclador de Notepad que es la combinaci\u00f3n perfecta, ya sea un cantante, compositor o un peque\u00f1o conjunto de m\u00fasicos.<\/p>\n<h3>Su soluci\u00f3n de podcasting todo en uno<\/h3>\n<p>&nbsp;<\/p>\n<p>La combinaci\u00f3n de componentes premium de Soundcraft y la interfaz de audio USB incorporada hacen que Notepad sea la pieza central ideal para su flujo de trabajo de podcasting. El Notepad-12FX le da a su producci\u00f3n un nivel de pulido solamente logrado por los estudios de grabaci\u00f3n. Desde la captura de mon\u00f3logos hasta entrevistas con m\u00faltiples panelistas, los mezcladores Notepad est\u00e1n dise\u00f1ados para ayudarlo a compartir sus ideas con el mundo.<\/p>\n<h3>Efectos digitales ic\u00f3nicos L\u00e9xicon<\/h3>\n<p><img loading=\"lazy\" decoding=\"async\" class=\"wp-image-27464 size-full alignnone lazyloaded\" src=\"https:\/\/audioluces.com\/wp-content\/uploads\/2020\/02\/Soundcraft-12FX-detalles.jpeg\" alt=\"Consola Notepad-12FX\" width=\"640\" height=\"427\" data-src=\"https:\/\/audioluces.com\/wp-content\/uploads\/2020\/02\/Soundcraft-12FX-detalles.jpeg\" \/><\/p>\n<p>El Notepad-12FX presenta efectos premium de calidad de estudio de Lexicon que lo ayudan a lograr un sonido verdaderamente profesional sin complementos ni equipos adicionales. Mejore sus proyectos con reverb, chorus o delay con el tap tempo control, respaldado por la tecnolog\u00eda de procesamiento de se\u00f1al l\u00edder en la industria integrada en el motor DSP del Notepad.<\/p>\n<h3>Trabaja sin problemas con tu Mac o PC<\/h3>\n<p>&nbsp;<\/p>\n<p>La interfaz de audio USB integrada del Notepad le permite grabar, editar y reproducir proyectos f\u00e1cilmente utilizando su software de audio favorito. Al combinar el legendario rendimiento de audio de Soundcraft con el procesamiento de se\u00f1al HARMAN y la interfaz USB incorporada para su computadora, Notepad ofrece lo mejor del audio tanto anal\u00f3gico como digital en una soluci\u00f3n sin compromiso.<\/p>\n<p><strong>Especificaciones Notepad-12FX<\/strong><\/p>\n<ul>\n<li>Entrada (Mic) \u2013 Entradas combinadas de micr\u00f3fono \/ l\u00ednea 4<\/li>\n<li>Entrada (Mic) \u2013 Ganancia 4<\/li>\n<li>Entrada (Mic) \u2013 Entradas con Hi-Z 2<\/li>\n<li>Entrada (Mic) \u2013 Peak Light 4<\/li>\n<li>Entrada (Mic) \u2013 EQ High 4<\/li>\n<li>Entrada (Mic) \u2013 EQ Mid 4<\/li>\n<li>Entrada (Mic) \u2013 EQ Low 4<\/li>\n<li>Entrada (Mic) \u2013 Pan 4<\/li>\n<li>Entrada (Mic) \u2013 Nivel 4<\/li>\n<li>Entrada (l\u00ednea) \u2013 Entradas de l\u00ednea est\u00e9reo de 1\/4 \u201ccon ajuste 2<\/li>\n<li>Entrada (l\u00ednea) \u2013 Entradas de l\u00ednea est\u00e9reo RCA 1<\/li>\n<li>Entrada (l\u00ednea) \u2013 1\/4 \u201cL\u00ednea est\u00e9reo FX externo Retorno 1<\/li>\n<li>Entrada (l\u00ednea) \u2013 Aux \/ FX 3<\/li>\n<li>Entrada (l\u00ednea) \u2013 Balance 4<\/li>\n<li>Entrada (USB) \u2013 USB Return 2, sumado con RCA, al canal 9\/10<\/li>\n<li>Salida \u2013 Master Stereo Out 1<\/li>\n<li>Salida \u2013 Salida est\u00e9reo de monitor 1<\/li>\n<li>Salida \u2013 Salida auxiliar 1<\/li>\n<li>Procesamiento de l\u00e9xico \u2013 Reverb \/ Chorus \/ Delay 1<\/li>\n<li>Procesamiento de l\u00e9xico \u2013 Tap Tempo 1<\/li>\n<li>Control de salida \u2013 Master Level Fader 1<\/li>\n<li>Control de salida \u2013 Monitor \/ Tel\u00e9fonos Nivel 1<\/li>\n<li>Control de salida \u2013 Medidores de salida 4x LED<\/li>\n<\/ul>\n<p>&nbsp;<\/p>\n<\/div>\n<\/div>\n<div id=\"tab-additional_information\" class=\"mf-Tabs-panel mf-Tabs-panel--additional_information panel entry-content\" role=\"tabpanel\" aria-labelledby=\"tab-title-additional_information\">\n<h3 class=\"tab-title\">Especificaciones<\/h3>\n<div class=\"tab-content-wrapper\">\n<table class=\"woocommerce-product-attributes shop_attributes\">\n<tbody>\n<tr class=\"woocommerce-product-attributes-item woocommerce-product-attributes-item--weight\">\n<th class=\"woocommerce-product-attributes-item__label\">Peso<\/th>\n<td class=\"woocommerce-product-attributes-item__value\">1.75 kg<\/td>\n<\/tr>\n<tr class=\"woocommerce-product-attributes-item woocommerce-product-attributes-item--dimensions\">\n<th class=\"woocommerce-product-attributes-item__label\">Dimensiones<\/th>\n<td class=\"woocommerce-product-attributes-item__value\">25.4 \u00d7 7.62 \u00d7 22.8 cm<\/td>\n<\/tr>\n<tr class=\"woocommerce-product-attributes-item woocommerce-product-attributes-item--attribute_pa_garantia\">\n<th class=\"woocommerce-product-attributes-item__label\">Garant\u00eda<\/th>\n<td class=\"woocommerce-product-attributes-item__value\">6 meses<\/td>\n<\/tr>\n<\/tbody>\n<\/table>\n<\/div>\n<\/div>\n","protected":false},"excerpt":{"rendered":"<p>Consola Soundcraft Notepad-12FX Obtenga la legendaria calidad de Soundcraft con preamplificadores de micr\u00f3fono profesionales Grabe, edite y reproduzca f\u00e1cilmente desde su Mac y PC con una interfaz de audio USB<\/p>\n","protected":false},"featured_media":5816,"comment_status":"open","ping_status":"closed","template":"","meta":{"_acf_changed":false},"product_brand":[],"product_cat":[244,262],"product_tag":[],"class_list":{"0":"post-5815","1":"product","2":"type-product","3":"status-publish","4":"has-post-thumbnail","6":"product_cat-consola-audio-analoga","7":"product_cat-soundcraft","9":"first","10":"instock","11":"shipping-taxable","12":"purchasable","13":"product-type-simple","14":"add-to-wishlist-after_add_to_cart"},"acf":[],"yoast_head":"<!-- This site is optimized with the Yoast SEO plugin v26.0 - https:\/\/yoast.com\/wordpress\/plugins\/seo\/ -->\n<title>Notepad-12FX Consola Soundcraft - Soluciones, Asesoria y Venta de Equipos Audiovisuales<\/title>\n<meta name=\"description\" content=\"Los Mejores equipos de sonido profesional para tus proyectos, cumpliendo garant\u00eda, soporte y respaldo, Env\u00edos a nivel nacional Colombia.\" \/>\n<meta name=\"robots\" content=\"index, follow, max-snippet:-1, max-image-preview:large, max-video-preview:-1\" \/>\n<link rel=\"canonical\" href=\"https:\/\/rs-audiovideo.com\/index.php\/product\/notepad-12fx-consola-soundcraft-con-interfaz-y-puerto-usb\/\" \/>\n<meta property=\"og:locale\" content=\"en_US\" \/>\n<meta property=\"og:type\" content=\"article\" \/>\n<meta property=\"og:title\" content=\"Notepad-12FX Consola Soundcraft - Soluciones, Asesoria y Venta de Equipos Audiovisuales\" \/>\n<meta property=\"og:description\" content=\"Los Mejores equipos de sonido profesional para tus proyectos, cumpliendo garant\u00eda, soporte y respaldo, Env\u00edos a nivel nacional Colombia.\" \/>\n<meta property=\"og:url\" content=\"https:\/\/rs-audiovideo.com\/index.php\/product\/notepad-12fx-consola-soundcraft-con-interfaz-y-puerto-usb\/\" \/>\n<meta property=\"og:site_name\" content=\"Soluciones, Asesoria y Venta de Equipos Audiovisuales\" \/>\n<meta property=\"article:modified_time\" content=\"2025-06-17T05:24:47+00:00\" \/>\n<meta property=\"og:image\" content=\"https:\/\/rs-audiovideo.com\/wp-content\/uploads\/2024\/06\/consola-notepad-12fx-soundcraft-4.jpg\" \/>\n\t<meta property=\"og:image:width\" content=\"1000\" \/>\n\t<meta property=\"og:image:height\" content=\"1000\" \/>\n\t<meta property=\"og:image:type\" content=\"image\/jpeg\" \/>\n<meta name=\"twitter:card\" content=\"summary_large_image\" \/>\n<meta name=\"twitter:label1\" content=\"Est. reading time\" \/>\n\t<meta name=\"twitter:data1\" content=\"5 minutes\" \/>\n<script type=\"application\/ld+json\" class=\"yoast-schema-graph\">{\"@context\":\"https:\/\/schema.org\",\"@graph\":[{\"@type\":\"WebPage\",\"@id\":\"https:\/\/rs-audiovideo.com\/index.php\/product\/notepad-12fx-consola-soundcraft-con-interfaz-y-puerto-usb\/\",\"url\":\"https:\/\/rs-audiovideo.com\/index.php\/product\/notepad-12fx-consola-soundcraft-con-interfaz-y-puerto-usb\/\",\"name\":\"Notepad-12FX Consola Soundcraft - Soluciones, Asesoria y Venta de Equipos Audiovisuales\",\"isPartOf\":{\"@id\":\"https:\/\/rs-audiovideo.com\/#website\"},\"primaryImageOfPage\":{\"@id\":\"https:\/\/rs-audiovideo.com\/index.php\/product\/notepad-12fx-consola-soundcraft-con-interfaz-y-puerto-usb\/#primaryimage\"},\"image\":{\"@id\":\"https:\/\/rs-audiovideo.com\/index.php\/product\/notepad-12fx-consola-soundcraft-con-interfaz-y-puerto-usb\/#primaryimage\"},\"thumbnailUrl\":\"https:\/\/rs-audiovideo.com\/wp-content\/uploads\/2024\/06\/consola-notepad-12fx-soundcraft-4.jpg\",\"datePublished\":\"2024-06-17T21:34:26+00:00\",\"dateModified\":\"2025-06-17T05:24:47+00:00\",\"description\":\"Los Mejores equipos de sonido profesional para tus proyectos, cumpliendo garant\u00eda, soporte y respaldo, Env\u00edos a nivel nacional Colombia.\",\"breadcrumb\":{\"@id\":\"https:\/\/rs-audiovideo.com\/index.php\/product\/notepad-12fx-consola-soundcraft-con-interfaz-y-puerto-usb\/#breadcrumb\"},\"inLanguage\":\"en-US\",\"potentialAction\":[{\"@type\":\"ReadAction\",\"target\":[\"https:\/\/rs-audiovideo.com\/index.php\/product\/notepad-12fx-consola-soundcraft-con-interfaz-y-puerto-usb\/\"]}]},{\"@type\":\"ImageObject\",\"inLanguage\":\"en-US\",\"@id\":\"https:\/\/rs-audiovideo.com\/index.php\/product\/notepad-12fx-consola-soundcraft-con-interfaz-y-puerto-usb\/#primaryimage\",\"url\":\"https:\/\/rs-audiovideo.com\/wp-content\/uploads\/2024\/06\/consola-notepad-12fx-soundcraft-4.jpg\",\"contentUrl\":\"https:\/\/rs-audiovideo.com\/wp-content\/uploads\/2024\/06\/consola-notepad-12fx-soundcraft-4.jpg\",\"width\":1000,\"height\":1000},{\"@type\":\"BreadcrumbList\",\"@id\":\"https:\/\/rs-audiovideo.com\/index.php\/product\/notepad-12fx-consola-soundcraft-con-interfaz-y-puerto-usb\/#breadcrumb\",\"itemListElement\":[{\"@type\":\"ListItem\",\"position\":1,\"name\":\"Home\",\"item\":\"https:\/\/rs-audiovideo.com\/\"},{\"@type\":\"ListItem\",\"position\":2,\"name\":\"Shop\",\"item\":\"https:\/\/rs-audiovideo.com\/index.php\/shop-2\/\"},{\"@type\":\"ListItem\",\"position\":3,\"name\":\"Notepad-12FX Consola Soundcraft\"}]},{\"@type\":\"WebSite\",\"@id\":\"https:\/\/rs-audiovideo.com\/#website\",\"url\":\"https:\/\/rs-audiovideo.com\/\",\"name\":\"Soluciones, Asesoria y Venta de Equipos Audiovisuales\",\"description\":\"\",\"publisher\":{\"@id\":\"https:\/\/rs-audiovideo.com\/#organization\"},\"potentialAction\":[{\"@type\":\"SearchAction\",\"target\":{\"@type\":\"EntryPoint\",\"urlTemplate\":\"https:\/\/rs-audiovideo.com\/?s={search_term_string}\"},\"query-input\":{\"@type\":\"PropertyValueSpecification\",\"valueRequired\":true,\"valueName\":\"search_term_string\"}}],\"inLanguage\":\"en-US\"},{\"@type\":\"Organization\",\"@id\":\"https:\/\/rs-audiovideo.com\/#organization\",\"name\":\"Soluciones, Asesoria y Venta de Equipos Audiovisuales\",\"url\":\"https:\/\/rs-audiovideo.com\/\",\"logo\":{\"@type\":\"ImageObject\",\"inLanguage\":\"en-US\",\"@id\":\"https:\/\/rs-audiovideo.com\/#\/schema\/logo\/image\/\",\"url\":\"https:\/\/rs-audiovideo.com\/wp-content\/uploads\/2024\/06\/cropped-logointro.png\",\"contentUrl\":\"https:\/\/rs-audiovideo.com\/wp-content\/uploads\/2024\/06\/cropped-logointro.png\",\"width\":579,\"height\":127,\"caption\":\"Soluciones, Asesoria y Venta de Equipos Audiovisuales\"},\"image\":{\"@id\":\"https:\/\/rs-audiovideo.com\/#\/schema\/logo\/image\/\"}}]}<\/script>\n<!-- \/ Yoast SEO plugin. -->","yoast_head_json":{"title":"Notepad-12FX Consola Soundcraft - Soluciones, Asesoria y Venta de Equipos Audiovisuales","description":"Los Mejores equipos de sonido profesional para tus proyectos, cumpliendo garant\u00eda, soporte y respaldo, Env\u00edos a nivel nacional Colombia.","robots":{"index":"index","follow":"follow","max-snippet":"max-snippet:-1","max-image-preview":"max-image-preview:large","max-video-preview":"max-video-preview:-1"},"canonical":"https:\/\/rs-audiovideo.com\/index.php\/product\/notepad-12fx-consola-soundcraft-con-interfaz-y-puerto-usb\/","og_locale":"en_US","og_type":"article","og_title":"Notepad-12FX Consola Soundcraft - Soluciones, Asesoria y Venta de Equipos Audiovisuales","og_description":"Los Mejores equipos de sonido profesional para tus proyectos, cumpliendo garant\u00eda, soporte y respaldo, Env\u00edos a nivel nacional Colombia.","og_url":"https:\/\/rs-audiovideo.com\/index.php\/product\/notepad-12fx-consola-soundcraft-con-interfaz-y-puerto-usb\/","og_site_name":"Soluciones, Asesoria y Venta de Equipos Audiovisuales","article_modified_time":"2025-06-17T05:24:47+00:00","og_image":[{"width":1000,"height":1000,"url":"https:\/\/rs-audiovideo.com\/wp-content\/uploads\/2024\/06\/consola-notepad-12fx-soundcraft-4.jpg","type":"image\/jpeg"}],"twitter_card":"summary_large_image","twitter_misc":{"Est. reading time":"5 minutes"},"schema":{"@context":"https:\/\/schema.org","@graph":[{"@type":"WebPage","@id":"https:\/\/rs-audiovideo.com\/index.php\/product\/notepad-12fx-consola-soundcraft-con-interfaz-y-puerto-usb\/","url":"https:\/\/rs-audiovideo.com\/index.php\/product\/notepad-12fx-consola-soundcraft-con-interfaz-y-puerto-usb\/","name":"Notepad-12FX Consola Soundcraft - Soluciones, Asesoria y Venta de Equipos Audiovisuales","isPartOf":{"@id":"https:\/\/rs-audiovideo.com\/#website"},"primaryImageOfPage":{"@id":"https:\/\/rs-audiovideo.com\/index.php\/product\/notepad-12fx-consola-soundcraft-con-interfaz-y-puerto-usb\/#primaryimage"},"image":{"@id":"https:\/\/rs-audiovideo.com\/index.php\/product\/notepad-12fx-consola-soundcraft-con-interfaz-y-puerto-usb\/#primaryimage"},"thumbnailUrl":"https:\/\/rs-audiovideo.com\/wp-content\/uploads\/2024\/06\/consola-notepad-12fx-soundcraft-4.jpg","datePublished":"2024-06-17T21:34:26+00:00","dateModified":"2025-06-17T05:24:47+00:00","description":"Los Mejores equipos de sonido profesional para tus proyectos, cumpliendo garant\u00eda, soporte y respaldo, Env\u00edos a nivel nacional Colombia.","breadcrumb":{"@id":"https:\/\/rs-audiovideo.com\/index.php\/product\/notepad-12fx-consola-soundcraft-con-interfaz-y-puerto-usb\/#breadcrumb"},"inLanguage":"en-US","potentialAction":[{"@type":"ReadAction","target":["https:\/\/rs-audiovideo.com\/index.php\/product\/notepad-12fx-consola-soundcraft-con-interfaz-y-puerto-usb\/"]}]},{"@type":"ImageObject","inLanguage":"en-US","@id":"https:\/\/rs-audiovideo.com\/index.php\/product\/notepad-12fx-consola-soundcraft-con-interfaz-y-puerto-usb\/#primaryimage","url":"https:\/\/rs-audiovideo.com\/wp-content\/uploads\/2024\/06\/consola-notepad-12fx-soundcraft-4.jpg","contentUrl":"https:\/\/rs-audiovideo.com\/wp-content\/uploads\/2024\/06\/consola-notepad-12fx-soundcraft-4.jpg","width":1000,"height":1000},{"@type":"BreadcrumbList","@id":"https:\/\/rs-audiovideo.com\/index.php\/product\/notepad-12fx-consola-soundcraft-con-interfaz-y-puerto-usb\/#breadcrumb","itemListElement":[{"@type":"ListItem","position":1,"name":"Home","item":"https:\/\/rs-audiovideo.com\/"},{"@type":"ListItem","position":2,"name":"Shop","item":"https:\/\/rs-audiovideo.com\/index.php\/shop-2\/"},{"@type":"ListItem","position":3,"name":"Notepad-12FX Consola Soundcraft"}]},{"@type":"WebSite","@id":"https:\/\/rs-audiovideo.com\/#website","url":"https:\/\/rs-audiovideo.com\/","name":"Soluciones, Asesoria y Venta de Equipos Audiovisuales","description":"","publisher":{"@id":"https:\/\/rs-audiovideo.com\/#organization"},"potentialAction":[{"@type":"SearchAction","target":{"@type":"EntryPoint","urlTemplate":"https:\/\/rs-audiovideo.com\/?s={search_term_string}"},"query-input":{"@type":"PropertyValueSpecification","valueRequired":true,"valueName":"search_term_string"}}],"inLanguage":"en-US"},{"@type":"Organization","@id":"https:\/\/rs-audiovideo.com\/#organization","name":"Soluciones, Asesoria y Venta de Equipos Audiovisuales","url":"https:\/\/rs-audiovideo.com\/","logo":{"@type":"ImageObject","inLanguage":"en-US","@id":"https:\/\/rs-audiovideo.com\/#\/schema\/logo\/image\/","url":"https:\/\/rs-audiovideo.com\/wp-content\/uploads\/2024\/06\/cropped-logointro.png","contentUrl":"https:\/\/rs-audiovideo.com\/wp-content\/uploads\/2024\/06\/cropped-logointro.png","width":579,"height":127,"caption":"Soluciones, Asesoria y Venta de Equipos Audiovisuales"},"image":{"@id":"https:\/\/rs-audiovideo.com\/#\/schema\/logo\/image\/"}}]}},"_links":{"self":[{"href":"https:\/\/rs-audiovideo.com\/index.php\/wp-json\/wp\/v2\/product\/5815","targetHints":{"allow":["GET"]}}],"collection":[{"href":"https:\/\/rs-audiovideo.com\/index.php\/wp-json\/wp\/v2\/product"}],"about":[{"href":"https:\/\/rs-audiovideo.com\/index.php\/wp-json\/wp\/v2\/types\/product"}],"replies":[{"embeddable":true,"href":"https:\/\/rs-audiovideo.com\/index.php\/wp-json\/wp\/v2\/comments?post=5815"}],"wp:featuredmedia":[{"embeddable":true,"href":"https:\/\/rs-audiovideo.com\/index.php\/wp-json\/wp\/v2\/media\/5816"}],"wp:attachment":[{"href":"https:\/\/rs-audiovideo.com\/index.php\/wp-json\/wp\/v2\/media?parent=5815"}],"wp:term":[{"taxonomy":"product_brand","embeddable":true,"href":"https:\/\/rs-audiovideo.com\/index.php\/wp-json\/wp\/v2\/product_brand?post=5815"},{"taxonomy":"product_cat","embeddable":true,"href":"https:\/\/rs-audiovideo.com\/index.php\/wp-json\/wp\/v2\/product_cat?post=5815"},{"taxonomy":"product_tag","embeddable":true,"href":"https:\/\/rs-audiovideo.com\/index.php\/wp-json\/wp\/v2\/product_tag?post=5815"}],"curies":[{"name":"wp","href":"https:\/\/api.w.org\/{rel}","templated":true}]}}