{"id":5817,"date":"2024-06-17T21:38:10","date_gmt":"2024-06-17T21:38:10","guid":{"rendered":"https:\/\/rs-audiovideo.com\/?post_type=product&#038;p=5817"},"modified":"2024-06-19T00:12:09","modified_gmt":"2024-06-19T00:12:09","slug":"consola-digital-soundcraft-ui24r-con-control-inalambrico","status":"publish","type":"product","link":"https:\/\/rs-audiovideo.com\/index.php\/product\/consola-digital-soundcraft-ui24r-con-control-inalambrico\/","title":{"rendered":"Consola Digital Soundcraft Ui24R"},"content":{"rendered":"<div class=\"elementor-element elementor-element-27f2569b elementor-widget elementor-widget-text-editor\" data-id=\"27f2569b\" data-element_type=\"widget\" data-widget_type=\"text-editor.default\">\n<div class=\"elementor-widget-container\">\n<h2 class=\"vc_custom_heading\">Consola Digital Soundcraft Ui24R con Control Inal\u00e1mbrico<\/h2>\n<div class=\"wpb_text_column wpb_content_element \">\n<div class=\"wpb_wrapper\">\n<p>La Consola Soundcraft Ui24R es un sistema de grabaci\u00f3n digital de mezcla y multipistas completo, que puede ser montado en rack, proporciona una E\/S flexible, una calidad de sonido impecable, un control inal\u00e1mbrico intuitivo y una fiabilidad adecuada. Todo ello en un dise\u00f1o aerodin\u00e1mico.<br \/>\nEl sistema puede funcionar como un stagebox y puede ser controlado por hasta 10 dispositivos a trav\u00e9s de Ethernet o Wi-Fi incorporado de doble banda, lo que permite controlar la mezcla y grabaci\u00f3n multipista de forma inal\u00e1mbrica desde cualquier espacio del lugar. Con el procesamiento de se\u00f1ales HARMAN, los preamplificadores dise\u00f1ados por Studer y mucho m\u00e1s, desde el estudio hasta el escenario, Soundcraft Ui24R es el sistema definitivo para artistas, lugares e ingenieros que necesitan ahorrar espacio y ofrecer un sonido superior.<\/p>\n<p>La Ui24R re\u00fane las tecnolog\u00edas HARMAN l\u00edderes en la industria para ofrecer una potencia sin precedentes y una estabilidad cr\u00edtica. Los preamplificadores Studer de renombre ofrecen un sonido rico para el rendimiento en vivo y la grabaci\u00f3n multipista, mientras que las reverberaciones ic\u00f3nicas de Lexicon, los coros, los retrasos y la compresi\u00f3n dbx ofrecen resultados pulidos para voces, guitarras ac\u00fasticas y mucho m\u00e1s. La supresi\u00f3n de realimentaci\u00f3n autom\u00e1tica dbx AFS2 est\u00e1 disponible en todas las salidas del monitor, proporcionando una excelente experiencia en directo. Adem\u00e1s, el modelado de amplificadores de guitarra DigiTech aporta una gran cantidad de efectos a cualquier interpretaci\u00f3n, sobre todo cuando se desea un volumen bajo.<\/p>\n<\/div>\n<\/div>\n<\/div>\n<\/div>\n<div class=\"elementor-element elementor-element-dc60d4e elementor-widget elementor-widget-image\" data-id=\"dc60d4e\" data-element_type=\"widget\" data-widget_type=\"image.default\">\n<div class=\"elementor-widget-container\"><img loading=\"lazy\" decoding=\"async\" class=\"attachment-full size-full wp-image-9486 lazyloaded\" src=\"https:\/\/audioluces.com\/wp-content\/uploads\/2017\/08\/UI24R-soundcraft-colombia.jpeg\" sizes=\"auto, (max-width: 640px) 100vw, 640px\" srcset=\"https:\/\/audioluces.com\/wp-content\/uploads\/2017\/08\/UI24R-soundcraft-colombia.jpeg 640w, https:\/\/audioluces.com\/wp-content\/uploads\/2017\/08\/UI24R-soundcraft-colombia-300x200.jpeg 300w\" alt=\"Soundcraft ui24r\" width=\"640\" height=\"426\" data-src=\"https:\/\/audioluces.com\/wp-content\/uploads\/2017\/08\/UI24R-soundcraft-colombia.jpeg\" data-srcset=\"https:\/\/audioluces.com\/wp-content\/uploads\/2017\/08\/UI24R-soundcraft-colombia.jpeg 640w, https:\/\/audioluces.com\/wp-content\/uploads\/2017\/08\/UI24R-soundcraft-colombia-300x200.jpeg 300w\" \/><\/div>\n<\/div>\n<div class=\"elementor-element elementor-element-26f7fdc elementor-widget elementor-widget-text-editor\" data-id=\"26f7fdc\" data-element_type=\"widget\" data-widget_type=\"text-editor.default\">\n<div class=\"elementor-widget-container\">\n<h3 class=\"vc_custom_heading\">M\u00e1s formas de conectarse<\/h3>\n<div class=\"wpb_text_column wpb_content_element \">\n<div class=\"wpb_wrapper\">\n<p>Cuando necesite un mezclador con conexiones completas y una huella compacta, la\u00a0<strong>Ui24R<\/strong>\u00a0proporciona la soluci\u00f3n perfecta y optimizada. La Ui24R le permite mezclar desde m\u00faltiples fuentes, incluyendo 10 entradas combinadas de 1\/4\u2033- TRS\/XLR, 10 XLR, 2 entradas de nivel de l\u00ednea y 2 canales de reproducci\u00f3n USB digital para un total de 24 canales. Con su alta calidad y flexibilidad I\/O, la Ui24R proporciona a los lugares, bandas e ingenieros espacio para crecer, con opciones creativas ampliadas.<\/p>\n<\/div>\n<\/div>\n<\/div>\n<\/div>\n<div class=\"elementor-element elementor-element-63bf5da elementor-widget elementor-widget-image\" data-id=\"63bf5da\" data-element_type=\"widget\" data-widget_type=\"image.default\">\n<div class=\"elementor-widget-container\"><img loading=\"lazy\" decoding=\"async\" class=\"attachment-full size-full wp-image-9487 lazyloaded\" src=\"https:\/\/audioluces.com\/wp-content\/uploads\/2017\/08\/UI24R-soundcraft-colombia-2.jpeg\" sizes=\"auto, (max-width: 650px) 100vw, 650px\" srcset=\"https:\/\/audioluces.com\/wp-content\/uploads\/2017\/08\/UI24R-soundcraft-colombia-2.jpeg 650w, https:\/\/audioluces.com\/wp-content\/uploads\/2017\/08\/UI24R-soundcraft-colombia-2-300x131.jpeg 300w\" alt=\"UI24r Soundcraft\" width=\"650\" height=\"283\" data-src=\"https:\/\/audioluces.com\/wp-content\/uploads\/2017\/08\/UI24R-soundcraft-colombia-2.jpeg\" data-srcset=\"https:\/\/audioluces.com\/wp-content\/uploads\/2017\/08\/UI24R-soundcraft-colombia-2.jpeg 650w, https:\/\/audioluces.com\/wp-content\/uploads\/2017\/08\/UI24R-soundcraft-colombia-2-300x131.jpeg 300w\" \/><\/div>\n<\/div>\n<div class=\"elementor-element elementor-element-a75d365 elementor-widget elementor-widget-text-editor\" data-id=\"a75d365\" data-element_type=\"widget\" data-widget_type=\"text-editor.default\">\n<div class=\"elementor-widget-container\">\n<h3 class=\"vc_custom_heading\">M\u00e1s formas de Controlar<\/h3>\n<div class=\"wpb_text_column wpb_content_element \">\n<div class=\"wpb_wrapper\">\n<p>Controle la\u00a0<strong>Ui24R<\/strong>\u00a0desde el dispositivo de su elecci\u00f3n (tablet, tel\u00e9fono, PC, Mac) a trav\u00e9s de iOS, Android, Windows, Mac OS y navegadores Linux,\u00a0<strong>sin necesidad de instalar aplicaciones<\/strong>. El WiFi a doble banda a bordo le asegura que usted (y hasta 9 miembros de la banda) siempre puedan mantenerse en control sin depender de un enrutador independiente o el WiFi del lugar. Los m\u00fasicos pueden ajustar su mezcla individual en el escenario mientras que el ingeniero FOH optimiza la experiencia de la audiencia.<\/p>\n<\/div>\n<\/div>\n<\/div>\n<\/div>\n<div class=\"elementor-element elementor-element-da0b7fd elementor-widget elementor-widget-image\" data-id=\"da0b7fd\" data-element_type=\"widget\" data-widget_type=\"image.default\">\n<div class=\"elementor-widget-container\"><img loading=\"lazy\" decoding=\"async\" class=\"attachment-full size-full wp-image-9488 lazyloaded\" src=\"https:\/\/audioluces.com\/wp-content\/uploads\/2017\/08\/UI24R-soundcraft-colombia-3.jpeg\" sizes=\"auto, (max-width: 640px) 100vw, 640px\" srcset=\"https:\/\/audioluces.com\/wp-content\/uploads\/2017\/08\/UI24R-soundcraft-colombia-3.jpeg 640w, https:\/\/audioluces.com\/wp-content\/uploads\/2017\/08\/UI24R-soundcraft-colombia-3-300x200.jpeg 300w\" alt=\"UI24R Consola digital\" width=\"640\" height=\"427\" data-src=\"https:\/\/audioluces.com\/wp-content\/uploads\/2017\/08\/UI24R-soundcraft-colombia-3.jpeg\" data-srcset=\"https:\/\/audioluces.com\/wp-content\/uploads\/2017\/08\/UI24R-soundcraft-colombia-3.jpeg 640w, https:\/\/audioluces.com\/wp-content\/uploads\/2017\/08\/UI24R-soundcraft-colombia-3-300x200.jpeg 300w\" \/><\/div>\n<\/div>\n<div class=\"elementor-element elementor-element-ba7c7da elementor-widget elementor-widget-text-editor\" data-id=\"ba7c7da\" data-element_type=\"widget\" data-widget_type=\"text-editor.default\">\n<div class=\"elementor-widget-container\">\n<h3 class=\"vc_custom_heading\">Grabaci\u00f3n y reproducci\u00f3n multipista<\/h3>\n<div class=\"wpb_text_column wpb_content_element \">\n<div class=\"wpb_wrapper\">\n<p>la Ui24R es algo m\u00e1s que un sistema de mezcla completo, tambi\u00e9n es una herramienta de grabaci\u00f3n de primera clase. Disfrute de la tranquilidad con la grabaci\u00f3n de pista doble y multipista de todas las 22 entradas y su mezcla est\u00e9reo, directamente a una unidad de almacenamiento USB o un ordenador conectado. La interfaz de audio USB multicanal tambi\u00e9n facilita la integraci\u00f3n del Ui24R en su estudio de grabaci\u00f3n para realizar trabajos de producci\u00f3n con su DAW favorito.<\/p>\n<\/div>\n<\/div>\n<\/div>\n<\/div>\n<div class=\"elementor-element elementor-element-01d90ad elementor-widget elementor-widget-image\" data-id=\"01d90ad\" data-element_type=\"widget\" data-widget_type=\"image.default\">\n<div class=\"elementor-widget-container\"><img loading=\"lazy\" decoding=\"async\" class=\"attachment-full size-full wp-image-9489 lazyloaded\" src=\"https:\/\/audioluces.com\/wp-content\/uploads\/2017\/08\/UI24R-soundcraft-colombia-4.jpeg\" sizes=\"auto, (max-width: 640px) 100vw, 640px\" srcset=\"https:\/\/audioluces.com\/wp-content\/uploads\/2017\/08\/UI24R-soundcraft-colombia-4.jpeg 640w, https:\/\/audioluces.com\/wp-content\/uploads\/2017\/08\/UI24R-soundcraft-colombia-4-300x200.jpeg 300w\" alt=\"App de Harman PA Soundcraft\" width=\"640\" height=\"426\" data-src=\"https:\/\/audioluces.com\/wp-content\/uploads\/2017\/08\/UI24R-soundcraft-colombia-4.jpeg\" data-srcset=\"https:\/\/audioluces.com\/wp-content\/uploads\/2017\/08\/UI24R-soundcraft-colombia-4.jpeg 640w, https:\/\/audioluces.com\/wp-content\/uploads\/2017\/08\/UI24R-soundcraft-colombia-4-300x200.jpeg 300w\" \/><\/div>\n<\/div>\n<div class=\"elementor-element elementor-element-46f3be8 elementor-widget elementor-widget-text-editor\" data-id=\"46f3be8\" data-element_type=\"widget\" data-widget_type=\"text-editor.default\">\n<div class=\"elementor-widget-container\">\n<h3 class=\"vc_custom_heading\">Mayor Libertad<\/h3>\n<div class=\"wpb_text_column wpb_content_element \">\n<div class=\"wpb_wrapper\">\n<p>Las Consolas mezcladoras tradicionales ofrecen mucha funcionalidad, pero s\u00f3lo se pueden controlar desde la posici\u00f3n de la consola de mezcla. El mezclador sin superficie Ui24R combina la potencia y versatilidad de una consola de gran formato con un dise\u00f1o compacto y un control Wi-Fi completo. Con Ui24R, finalmente puede tener las caracter\u00edsticas que necesita, adem\u00e1s de la libertad de controlar su mezcladora desde cualquier zona del evento a realizar.<\/p>\n<\/div>\n<\/div>\n<\/div>\n<\/div>\n","protected":false},"excerpt":{"rendered":"<p>Consola Digital Soundcraft Ui24R con Control Inal\u00e1mbrico La Consola Soundcraft Ui24R es un sistema de grabaci\u00f3n digital de mezcla y multipistas completo, que puede ser montado en rack, proporciona una<\/p>\n","protected":false},"featured_media":5821,"comment_status":"open","ping_status":"closed","template":"","meta":{"_acf_changed":false},"product_brand":[],"product_cat":[243,262],"product_tag":[],"class_list":{"0":"post-5817","1":"product","2":"type-product","3":"status-publish","4":"has-post-thumbnail","6":"product_cat-consola-audio-digital","7":"product_cat-soundcraft","9":"first","10":"onbackorder","11":"sale","12":"shipping-taxable","13":"purchasable","14":"product-type-simple","15":"add-to-wishlist-after_add_to_cart"},"acf":[],"yoast_head":"<!-- This site is optimized with the Yoast SEO plugin v26.0 - https:\/\/yoast.com\/wordpress\/plugins\/seo\/ -->\n<title>Consola Digital Soundcraft Ui24R - Soluciones, Asesoria y Venta de Equipos Audiovisuales<\/title>\n<meta name=\"description\" content=\"Los Mejores equipos de sonido profesional para tus proyectos, cumpliendo garant\u00eda, soporte y respaldo, Env\u00edos a nivel nacional Colombia.\" \/>\n<meta name=\"robots\" content=\"index, follow, max-snippet:-1, max-image-preview:large, max-video-preview:-1\" \/>\n<link rel=\"canonical\" href=\"https:\/\/rs-audiovideo.com\/index.php\/product\/consola-digital-soundcraft-ui24r-con-control-inalambrico\/\" \/>\n<meta property=\"og:locale\" content=\"en_US\" \/>\n<meta property=\"og:type\" content=\"article\" \/>\n<meta property=\"og:title\" content=\"Consola Digital Soundcraft Ui24R - Soluciones, Asesoria y Venta de Equipos Audiovisuales\" \/>\n<meta property=\"og:description\" content=\"Los Mejores equipos de sonido profesional para tus proyectos, cumpliendo garant\u00eda, soporte y respaldo, Env\u00edos a nivel nacional Colombia.\" \/>\n<meta property=\"og:url\" content=\"https:\/\/rs-audiovideo.com\/index.php\/product\/consola-digital-soundcraft-ui24r-con-control-inalambrico\/\" \/>\n<meta property=\"og:site_name\" content=\"Soluciones, Asesoria y Venta de Equipos Audiovisuales\" \/>\n<meta property=\"article:modified_time\" content=\"2024-06-19T00:12:09+00:00\" \/>\n<meta property=\"og:image\" content=\"https:\/\/rs-audiovideo.com\/wp-content\/uploads\/2024\/06\/Consola-Digital-Soundcraft-Ui24R-con-Control-Inalambrico-3.jpg\" \/>\n\t<meta property=\"og:image:width\" content=\"1000\" \/>\n\t<meta property=\"og:image:height\" content=\"1000\" \/>\n\t<meta property=\"og:image:type\" content=\"image\/jpeg\" \/>\n<meta name=\"twitter:card\" content=\"summary_large_image\" \/>\n<meta name=\"twitter:label1\" content=\"Est. reading time\" \/>\n\t<meta name=\"twitter:data1\" content=\"4 minutes\" \/>\n<script type=\"application\/ld+json\" class=\"yoast-schema-graph\">{\"@context\":\"https:\/\/schema.org\",\"@graph\":[{\"@type\":\"WebPage\",\"@id\":\"https:\/\/rs-audiovideo.com\/index.php\/product\/consola-digital-soundcraft-ui24r-con-control-inalambrico\/\",\"url\":\"https:\/\/rs-audiovideo.com\/index.php\/product\/consola-digital-soundcraft-ui24r-con-control-inalambrico\/\",\"name\":\"Consola Digital Soundcraft Ui24R - Soluciones, Asesoria y Venta de Equipos Audiovisuales\",\"isPartOf\":{\"@id\":\"https:\/\/rs-audiovideo.com\/#website\"},\"primaryImageOfPage\":{\"@id\":\"https:\/\/rs-audiovideo.com\/index.php\/product\/consola-digital-soundcraft-ui24r-con-control-inalambrico\/#primaryimage\"},\"image\":{\"@id\":\"https:\/\/rs-audiovideo.com\/index.php\/product\/consola-digital-soundcraft-ui24r-con-control-inalambrico\/#primaryimage\"},\"thumbnailUrl\":\"https:\/\/rs-audiovideo.com\/wp-content\/uploads\/2024\/06\/Consola-Digital-Soundcraft-Ui24R-con-Control-Inalambrico-3.jpg\",\"datePublished\":\"2024-06-17T21:38:10+00:00\",\"dateModified\":\"2024-06-19T00:12:09+00:00\",\"description\":\"Los Mejores equipos de sonido profesional para tus proyectos, cumpliendo garant\u00eda, soporte y respaldo, Env\u00edos a nivel nacional Colombia.\",\"breadcrumb\":{\"@id\":\"https:\/\/rs-audiovideo.com\/index.php\/product\/consola-digital-soundcraft-ui24r-con-control-inalambrico\/#breadcrumb\"},\"inLanguage\":\"en-US\",\"potentialAction\":[{\"@type\":\"ReadAction\",\"target\":[\"https:\/\/rs-audiovideo.com\/index.php\/product\/consola-digital-soundcraft-ui24r-con-control-inalambrico\/\"]}]},{\"@type\":\"ImageObject\",\"inLanguage\":\"en-US\",\"@id\":\"https:\/\/rs-audiovideo.com\/index.php\/product\/consola-digital-soundcraft-ui24r-con-control-inalambrico\/#primaryimage\",\"url\":\"https:\/\/rs-audiovideo.com\/wp-content\/uploads\/2024\/06\/Consola-Digital-Soundcraft-Ui24R-con-Control-Inalambrico-3.jpg\",\"contentUrl\":\"https:\/\/rs-audiovideo.com\/wp-content\/uploads\/2024\/06\/Consola-Digital-Soundcraft-Ui24R-con-Control-Inalambrico-3.jpg\",\"width\":1000,\"height\":1000},{\"@type\":\"BreadcrumbList\",\"@id\":\"https:\/\/rs-audiovideo.com\/index.php\/product\/consola-digital-soundcraft-ui24r-con-control-inalambrico\/#breadcrumb\",\"itemListElement\":[{\"@type\":\"ListItem\",\"position\":1,\"name\":\"Home\",\"item\":\"https:\/\/rs-audiovideo.com\/\"},{\"@type\":\"ListItem\",\"position\":2,\"name\":\"Shop\",\"item\":\"https:\/\/rs-audiovideo.com\/index.php\/shop-2\/\"},{\"@type\":\"ListItem\",\"position\":3,\"name\":\"Consola Digital Soundcraft Ui24R\"}]},{\"@type\":\"WebSite\",\"@id\":\"https:\/\/rs-audiovideo.com\/#website\",\"url\":\"https:\/\/rs-audiovideo.com\/\",\"name\":\"Soluciones, Asesoria y Venta de Equipos Audiovisuales\",\"description\":\"\",\"publisher\":{\"@id\":\"https:\/\/rs-audiovideo.com\/#organization\"},\"potentialAction\":[{\"@type\":\"SearchAction\",\"target\":{\"@type\":\"EntryPoint\",\"urlTemplate\":\"https:\/\/rs-audiovideo.com\/?s={search_term_string}\"},\"query-input\":{\"@type\":\"PropertyValueSpecification\",\"valueRequired\":true,\"valueName\":\"search_term_string\"}}],\"inLanguage\":\"en-US\"},{\"@type\":\"Organization\",\"@id\":\"https:\/\/rs-audiovideo.com\/#organization\",\"name\":\"Soluciones, Asesoria y Venta de Equipos Audiovisuales\",\"url\":\"https:\/\/rs-audiovideo.com\/\",\"logo\":{\"@type\":\"ImageObject\",\"inLanguage\":\"en-US\",\"@id\":\"https:\/\/rs-audiovideo.com\/#\/schema\/logo\/image\/\",\"url\":\"https:\/\/rs-audiovideo.com\/wp-content\/uploads\/2024\/06\/cropped-logointro.png\",\"contentUrl\":\"https:\/\/rs-audiovideo.com\/wp-content\/uploads\/2024\/06\/cropped-logointro.png\",\"width\":579,\"height\":127,\"caption\":\"Soluciones, Asesoria y Venta de Equipos Audiovisuales\"},\"image\":{\"@id\":\"https:\/\/rs-audiovideo.com\/#\/schema\/logo\/image\/\"}}]}<\/script>\n<!-- \/ Yoast SEO plugin. -->","yoast_head_json":{"title":"Consola Digital Soundcraft Ui24R - Soluciones, Asesoria y Venta de Equipos Audiovisuales","description":"Los Mejores equipos de sonido profesional para tus proyectos, cumpliendo garant\u00eda, soporte y respaldo, Env\u00edos a nivel nacional Colombia.","robots":{"index":"index","follow":"follow","max-snippet":"max-snippet:-1","max-image-preview":"max-image-preview:large","max-video-preview":"max-video-preview:-1"},"canonical":"https:\/\/rs-audiovideo.com\/index.php\/product\/consola-digital-soundcraft-ui24r-con-control-inalambrico\/","og_locale":"en_US","og_type":"article","og_title":"Consola Digital Soundcraft Ui24R - Soluciones, Asesoria y Venta de Equipos Audiovisuales","og_description":"Los Mejores equipos de sonido profesional para tus proyectos, cumpliendo garant\u00eda, soporte y respaldo, Env\u00edos a nivel nacional Colombia.","og_url":"https:\/\/rs-audiovideo.com\/index.php\/product\/consola-digital-soundcraft-ui24r-con-control-inalambrico\/","og_site_name":"Soluciones, Asesoria y Venta de Equipos Audiovisuales","article_modified_time":"2024-06-19T00:12:09+00:00","og_image":[{"width":1000,"height":1000,"url":"https:\/\/rs-audiovideo.com\/wp-content\/uploads\/2024\/06\/Consola-Digital-Soundcraft-Ui24R-con-Control-Inalambrico-3.jpg","type":"image\/jpeg"}],"twitter_card":"summary_large_image","twitter_misc":{"Est. reading time":"4 minutes"},"schema":{"@context":"https:\/\/schema.org","@graph":[{"@type":"WebPage","@id":"https:\/\/rs-audiovideo.com\/index.php\/product\/consola-digital-soundcraft-ui24r-con-control-inalambrico\/","url":"https:\/\/rs-audiovideo.com\/index.php\/product\/consola-digital-soundcraft-ui24r-con-control-inalambrico\/","name":"Consola Digital Soundcraft Ui24R - Soluciones, Asesoria y Venta de Equipos Audiovisuales","isPartOf":{"@id":"https:\/\/rs-audiovideo.com\/#website"},"primaryImageOfPage":{"@id":"https:\/\/rs-audiovideo.com\/index.php\/product\/consola-digital-soundcraft-ui24r-con-control-inalambrico\/#primaryimage"},"image":{"@id":"https:\/\/rs-audiovideo.com\/index.php\/product\/consola-digital-soundcraft-ui24r-con-control-inalambrico\/#primaryimage"},"thumbnailUrl":"https:\/\/rs-audiovideo.com\/wp-content\/uploads\/2024\/06\/Consola-Digital-Soundcraft-Ui24R-con-Control-Inalambrico-3.jpg","datePublished":"2024-06-17T21:38:10+00:00","dateModified":"2024-06-19T00:12:09+00:00","description":"Los Mejores equipos de sonido profesional para tus proyectos, cumpliendo garant\u00eda, soporte y respaldo, Env\u00edos a nivel nacional Colombia.","breadcrumb":{"@id":"https:\/\/rs-audiovideo.com\/index.php\/product\/consola-digital-soundcraft-ui24r-con-control-inalambrico\/#breadcrumb"},"inLanguage":"en-US","potentialAction":[{"@type":"ReadAction","target":["https:\/\/rs-audiovideo.com\/index.php\/product\/consola-digital-soundcraft-ui24r-con-control-inalambrico\/"]}]},{"@type":"ImageObject","inLanguage":"en-US","@id":"https:\/\/rs-audiovideo.com\/index.php\/product\/consola-digital-soundcraft-ui24r-con-control-inalambrico\/#primaryimage","url":"https:\/\/rs-audiovideo.com\/wp-content\/uploads\/2024\/06\/Consola-Digital-Soundcraft-Ui24R-con-Control-Inalambrico-3.jpg","contentUrl":"https:\/\/rs-audiovideo.com\/wp-content\/uploads\/2024\/06\/Consola-Digital-Soundcraft-Ui24R-con-Control-Inalambrico-3.jpg","width":1000,"height":1000},{"@type":"BreadcrumbList","@id":"https:\/\/rs-audiovideo.com\/index.php\/product\/consola-digital-soundcraft-ui24r-con-control-inalambrico\/#breadcrumb","itemListElement":[{"@type":"ListItem","position":1,"name":"Home","item":"https:\/\/rs-audiovideo.com\/"},{"@type":"ListItem","position":2,"name":"Shop","item":"https:\/\/rs-audiovideo.com\/index.php\/shop-2\/"},{"@type":"ListItem","position":3,"name":"Consola Digital Soundcraft Ui24R"}]},{"@type":"WebSite","@id":"https:\/\/rs-audiovideo.com\/#website","url":"https:\/\/rs-audiovideo.com\/","name":"Soluciones, Asesoria y Venta de Equipos Audiovisuales","description":"","publisher":{"@id":"https:\/\/rs-audiovideo.com\/#organization"},"potentialAction":[{"@type":"SearchAction","target":{"@type":"EntryPoint","urlTemplate":"https:\/\/rs-audiovideo.com\/?s={search_term_string}"},"query-input":{"@type":"PropertyValueSpecification","valueRequired":true,"valueName":"search_term_string"}}],"inLanguage":"en-US"},{"@type":"Organization","@id":"https:\/\/rs-audiovideo.com\/#organization","name":"Soluciones, Asesoria y Venta de Equipos Audiovisuales","url":"https:\/\/rs-audiovideo.com\/","logo":{"@type":"ImageObject","inLanguage":"en-US","@id":"https:\/\/rs-audiovideo.com\/#\/schema\/logo\/image\/","url":"https:\/\/rs-audiovideo.com\/wp-content\/uploads\/2024\/06\/cropped-logointro.png","contentUrl":"https:\/\/rs-audiovideo.com\/wp-content\/uploads\/2024\/06\/cropped-logointro.png","width":579,"height":127,"caption":"Soluciones, Asesoria y Venta de Equipos Audiovisuales"},"image":{"@id":"https:\/\/rs-audiovideo.com\/#\/schema\/logo\/image\/"}}]}},"_links":{"self":[{"href":"https:\/\/rs-audiovideo.com\/index.php\/wp-json\/wp\/v2\/product\/5817","targetHints":{"allow":["GET"]}}],"collection":[{"href":"https:\/\/rs-audiovideo.com\/index.php\/wp-json\/wp\/v2\/product"}],"about":[{"href":"https:\/\/rs-audiovideo.com\/index.php\/wp-json\/wp\/v2\/types\/product"}],"replies":[{"embeddable":true,"href":"https:\/\/rs-audiovideo.com\/index.php\/wp-json\/wp\/v2\/comments?post=5817"}],"wp:featuredmedia":[{"embeddable":true,"href":"https:\/\/rs-audiovideo.com\/index.php\/wp-json\/wp\/v2\/media\/5821"}],"wp:attachment":[{"href":"https:\/\/rs-audiovideo.com\/index.php\/wp-json\/wp\/v2\/media?parent=5817"}],"wp:term":[{"taxonomy":"product_brand","embeddable":true,"href":"https:\/\/rs-audiovideo.com\/index.php\/wp-json\/wp\/v2\/product_brand?post=5817"},{"taxonomy":"product_cat","embeddable":true,"href":"https:\/\/rs-audiovideo.com\/index.php\/wp-json\/wp\/v2\/product_cat?post=5817"},{"taxonomy":"product_tag","embeddable":true,"href":"https:\/\/rs-audiovideo.com\/index.php\/wp-json\/wp\/v2\/product_tag?post=5817"}],"curies":[{"name":"wp","href":"https:\/\/api.w.org\/{rel}","templated":true}]}}