{"id":5852,"date":"2024-06-17T23:08:19","date_gmt":"2024-06-17T23:08:19","guid":{"rendered":"https:\/\/rs-audiovideo.com\/?post_type=product&#038;p=5852"},"modified":"2025-02-07T04:19:01","modified_gmt":"2025-02-07T04:19:01","slug":"fullalquiler-sonido-video-iluminacion-pantallas-cctv-profesional-por-evento-precio-promedio","status":"publish","type":"product","link":"https:\/\/rs-audiovideo.com\/index.php\/product\/fullalquiler-sonido-video-iluminacion-pantallas-cctv-profesional-por-evento-precio-promedio\/","title":{"rendered":"Alquiler Full producci\u00f3n \/ Sonido, Video Broadcast Media, Iluminaci\u00f3n, Pantallas, \/ Precio Promedio Por Evento"},"content":{"rendered":"<p>Sonido para Convenciones Grandes, con Artistas y exigencias internacionales.<\/p>\n<p>Incluye:<\/p>\n<p>Sonido:<\/p>\n<ul>\n<li>Line array para 15.000 personas Acordar marca: Nexo, Meyer Sound, LAcustic, JBL, RCF, Adamson..<\/li>\n<li>4 Consolas Digico SD o Yamaha Cl , Avid S6L, Digico Quantum, Yamaha Rivange<\/li>\n<li>Procesador Audio<\/li>\n<li>Microf\u00f3nica Inal\u00e1mbrica RF 8 mic<\/li>\n<li>Microf\u00f3nica Al\u00e1mbrica voz e instrumentos seg\u00fan Rider<\/li>\n<li>In Ears Al\u00e1mbricos e Inal\u00e1mbricos +RF<\/li>\n<li>Acordar especificaciones Tecnicas<\/li>\n<li>Personal Ingenieros, Stage, Riggin&#8230;<\/li>\n<\/ul>\n<p>Video Pantallas:<\/p>\n<ul>\n<li>2 pantallas 5&#215;4<\/li>\n<li>1 Pantalla Led Principal 10&#215;4<\/li>\n<li>Equipo de Multimedia<\/li>\n<li>Personal Calificado<\/li>\n<li>6 c\u00e1maras de Video + switcher Opcional streaming<\/li>\n<\/ul>\n<p>Iluminaci\u00f3n Full:<\/p>\n<ul>\n<li>Luces requerimiento t\u00e9cnico<\/li>\n<li>Personal Calificado<\/li>\n<li>Acordar especificaciones t\u00e9cnicas<\/li>\n<\/ul>\n<p>Estructura y Tarima Acordar.<\/p>\n<p>Plantas El\u00e9ctricas necesarias para el evento.<\/p>\n<p>Eventos m\u00e1ximo 2 d\u00edas. Incluye Montaje y desmontar equipos.<\/p>\n<p>El precio es una idea de costos Generales.<\/p>\n<p>Bogot\u00e1 D.C. \/ Si es fuera de Bogot\u00e1 o para cualquier ciudad de Colombia o en el Exterior Acordar precios.<\/p>\n<h2>Realizamos tus Producciones a Nivel Nacional Producci\u00f3n Profesional con Marcas de Exigencia Internacional y Personal Calificado al mejor Precio.<\/h2>\n<h5>Bogot\u00e1 \/ Medell\u00edn \/ Cali \/ Bucaramanga \/ Ibagu\u00e9 \/ Neiva \/ Manizales \/ Pereira \/ Armenia \/ C\u00facuta \/ Cartagena \/ Santa Marta \/ Barranquilla y dem\u00e1s capitales y Municipios.<\/h5>\n<p>&nbsp;<\/p>\n<div id='gallery-1' class='gallery galleryid-5852 gallery-columns-3 gallery-size-thumbnail'><figure class='gallery-item'>\n\t\t\t<div class='gallery-icon landscape'>\n\t\t\t\t<a href='https:\/\/rs-audiovideo.com\/?attachment_id=5839'><img loading=\"lazy\" decoding=\"async\" width=\"150\" height=\"150\" src=\"https:\/\/rs-audiovideo.com\/wp-content\/uploads\/2024\/06\/IMG_20230628_211347_489-150x150.jpg\" class=\"attachment-thumbnail size-thumbnail\" alt=\"\" srcset=\"https:\/\/rs-audiovideo.com\/wp-content\/uploads\/2024\/06\/IMG_20230628_211347_489-150x150.jpg 150w, https:\/\/rs-audiovideo.com\/wp-content\/uploads\/2024\/06\/IMG_20230628_211347_489-300x300.jpg 300w, https:\/\/rs-audiovideo.com\/wp-content\/uploads\/2024\/06\/IMG_20230628_211347_489-100x100.jpg 100w\" sizes=\"auto, (max-width: 150px) 100vw, 150px\" \/><\/a>\n\t\t\t<\/div><\/figure><figure class='gallery-item'>\n\t\t\t<div class='gallery-icon landscape'>\n\t\t\t\t<a href='https:\/\/rs-audiovideo.com\/?attachment_id=5838'><img loading=\"lazy\" decoding=\"async\" width=\"150\" height=\"150\" src=\"https:\/\/rs-audiovideo.com\/wp-content\/uploads\/2024\/06\/IMG_20230627_200905_455-150x150.jpg\" class=\"attachment-thumbnail size-thumbnail\" alt=\"\" srcset=\"https:\/\/rs-audiovideo.com\/wp-content\/uploads\/2024\/06\/IMG_20230627_200905_455-150x150.jpg 150w, https:\/\/rs-audiovideo.com\/wp-content\/uploads\/2024\/06\/IMG_20230627_200905_455-300x300.jpg 300w, https:\/\/rs-audiovideo.com\/wp-content\/uploads\/2024\/06\/IMG_20230627_200905_455-100x100.jpg 100w\" sizes=\"auto, (max-width: 150px) 100vw, 150px\" \/><\/a>\n\t\t\t<\/div><\/figure><figure class='gallery-item'>\n\t\t\t<div class='gallery-icon landscape'>\n\t\t\t\t<a href='https:\/\/rs-audiovideo.com\/?attachment_id=5837'><img loading=\"lazy\" decoding=\"async\" width=\"150\" height=\"150\" src=\"https:\/\/rs-audiovideo.com\/wp-content\/uploads\/2024\/06\/IMG_20230628_230802_605-150x150.jpg\" class=\"attachment-thumbnail size-thumbnail\" alt=\"\" srcset=\"https:\/\/rs-audiovideo.com\/wp-content\/uploads\/2024\/06\/IMG_20230628_230802_605-150x150.jpg 150w, https:\/\/rs-audiovideo.com\/wp-content\/uploads\/2024\/06\/IMG_20230628_230802_605-300x300.jpg 300w, https:\/\/rs-audiovideo.com\/wp-content\/uploads\/2024\/06\/IMG_20230628_230802_605-100x100.jpg 100w\" sizes=\"auto, (max-width: 150px) 100vw, 150px\" \/><\/a>\n\t\t\t<\/div><\/figure><figure class='gallery-item'>\n\t\t\t<div class='gallery-icon landscape'>\n\t\t\t\t<a href='https:\/\/rs-audiovideo.com\/?attachment_id=5836'><img loading=\"lazy\" decoding=\"async\" width=\"150\" height=\"150\" src=\"https:\/\/rs-audiovideo.com\/wp-content\/uploads\/2024\/06\/IMG_20231202_225042_549-150x150.jpg\" class=\"attachment-thumbnail size-thumbnail\" alt=\"\" srcset=\"https:\/\/rs-audiovideo.com\/wp-content\/uploads\/2024\/06\/IMG_20231202_225042_549-150x150.jpg 150w, https:\/\/rs-audiovideo.com\/wp-content\/uploads\/2024\/06\/IMG_20231202_225042_549-300x300.jpg 300w, https:\/\/rs-audiovideo.com\/wp-content\/uploads\/2024\/06\/IMG_20231202_225042_549-100x100.jpg 100w\" sizes=\"auto, (max-width: 150px) 100vw, 150px\" \/><\/a>\n\t\t\t<\/div><\/figure><figure class='gallery-item'>\n\t\t\t<div class='gallery-icon landscape'>\n\t\t\t\t<a href='https:\/\/rs-audiovideo.com\/?attachment_id=5835'><img loading=\"lazy\" decoding=\"async\" width=\"150\" height=\"150\" src=\"https:\/\/rs-audiovideo.com\/wp-content\/uploads\/2024\/06\/IMG_20231202_180520_685-150x150.jpg\" class=\"attachment-thumbnail size-thumbnail\" alt=\"\" srcset=\"https:\/\/rs-audiovideo.com\/wp-content\/uploads\/2024\/06\/IMG_20231202_180520_685-150x150.jpg 150w, https:\/\/rs-audiovideo.com\/wp-content\/uploads\/2024\/06\/IMG_20231202_180520_685-300x300.jpg 300w, https:\/\/rs-audiovideo.com\/wp-content\/uploads\/2024\/06\/IMG_20231202_180520_685-100x100.jpg 100w\" sizes=\"auto, (max-width: 150px) 100vw, 150px\" \/><\/a>\n\t\t\t<\/div><\/figure><figure class='gallery-item'>\n\t\t\t<div class='gallery-icon landscape'>\n\t\t\t\t<a href='https:\/\/rs-audiovideo.com\/?attachment_id=5834'><img loading=\"lazy\" decoding=\"async\" width=\"150\" height=\"150\" src=\"https:\/\/rs-audiovideo.com\/wp-content\/uploads\/2024\/06\/IMG_20231202_124924_770-150x150.jpg\" class=\"attachment-thumbnail size-thumbnail\" alt=\"\" srcset=\"https:\/\/rs-audiovideo.com\/wp-content\/uploads\/2024\/06\/IMG_20231202_124924_770-150x150.jpg 150w, https:\/\/rs-audiovideo.com\/wp-content\/uploads\/2024\/06\/IMG_20231202_124924_770-300x300.jpg 300w, https:\/\/rs-audiovideo.com\/wp-content\/uploads\/2024\/06\/IMG_20231202_124924_770-100x100.jpg 100w\" sizes=\"auto, (max-width: 150px) 100vw, 150px\" \/><\/a>\n\t\t\t<\/div><\/figure><figure class='gallery-item'>\n\t\t\t<div class='gallery-icon landscape'>\n\t\t\t\t<a href='https:\/\/rs-audiovideo.com\/?attachment_id=5833'><img loading=\"lazy\" decoding=\"async\" width=\"150\" height=\"150\" src=\"https:\/\/rs-audiovideo.com\/wp-content\/uploads\/2024\/06\/IMG_20231202_123850_723-150x150.jpg\" class=\"attachment-thumbnail size-thumbnail\" alt=\"\" srcset=\"https:\/\/rs-audiovideo.com\/wp-content\/uploads\/2024\/06\/IMG_20231202_123850_723-150x150.jpg 150w, https:\/\/rs-audiovideo.com\/wp-content\/uploads\/2024\/06\/IMG_20231202_123850_723-300x300.jpg 300w, https:\/\/rs-audiovideo.com\/wp-content\/uploads\/2024\/06\/IMG_20231202_123850_723-100x100.jpg 100w\" sizes=\"auto, (max-width: 150px) 100vw, 150px\" \/><\/a>\n\t\t\t<\/div><\/figure><figure class='gallery-item'>\n\t\t\t<div class='gallery-icon landscape'>\n\t\t\t\t<a href='https:\/\/rs-audiovideo.com\/?attachment_id=5828'><img loading=\"lazy\" decoding=\"async\" width=\"150\" height=\"150\" src=\"https:\/\/rs-audiovideo.com\/wp-content\/uploads\/2024\/06\/digico_sd12_skanas_tehnikas_noma-150x150.jpg\" class=\"attachment-thumbnail size-thumbnail\" alt=\"\" srcset=\"https:\/\/rs-audiovideo.com\/wp-content\/uploads\/2024\/06\/digico_sd12_skanas_tehnikas_noma-150x150.jpg 150w, https:\/\/rs-audiovideo.com\/wp-content\/uploads\/2024\/06\/digico_sd12_skanas_tehnikas_noma-300x300.jpg 300w, https:\/\/rs-audiovideo.com\/wp-content\/uploads\/2024\/06\/digico_sd12_skanas_tehnikas_noma-100x100.jpg 100w\" sizes=\"auto, (max-width: 150px) 100vw, 150px\" \/><\/a>\n\t\t\t<\/div><\/figure><figure class='gallery-item'>\n\t\t\t<div class='gallery-icon landscape'>\n\t\t\t\t<a href='https:\/\/rs-audiovideo.com\/?attachment_id=5830'><img loading=\"lazy\" decoding=\"async\" width=\"150\" height=\"150\" src=\"https:\/\/rs-audiovideo.com\/wp-content\/uploads\/2024\/06\/IMG_20231202_225600_709-150x150.jpg\" class=\"attachment-thumbnail size-thumbnail\" alt=\"\" srcset=\"https:\/\/rs-audiovideo.com\/wp-content\/uploads\/2024\/06\/IMG_20231202_225600_709-150x150.jpg 150w, https:\/\/rs-audiovideo.com\/wp-content\/uploads\/2024\/06\/IMG_20231202_225600_709-300x300.jpg 300w, https:\/\/rs-audiovideo.com\/wp-content\/uploads\/2024\/06\/IMG_20231202_225600_709-100x100.jpg 100w\" sizes=\"auto, (max-width: 150px) 100vw, 150px\" \/><\/a>\n\t\t\t<\/div><\/figure><figure class='gallery-item'>\n\t\t\t<div class='gallery-icon landscape'>\n\t\t\t\t<a href='https:\/\/rs-audiovideo.com\/?attachment_id=5831'><img loading=\"lazy\" decoding=\"async\" width=\"150\" height=\"150\" src=\"https:\/\/rs-audiovideo.com\/wp-content\/uploads\/2024\/06\/IMG_20231202_233026_642-150x150.jpg\" class=\"attachment-thumbnail size-thumbnail\" alt=\"\" srcset=\"https:\/\/rs-audiovideo.com\/wp-content\/uploads\/2024\/06\/IMG_20231202_233026_642-150x150.jpg 150w, https:\/\/rs-audiovideo.com\/wp-content\/uploads\/2024\/06\/IMG_20231202_233026_642-300x300.jpg 300w, https:\/\/rs-audiovideo.com\/wp-content\/uploads\/2024\/06\/IMG_20231202_233026_642-100x100.jpg 100w\" sizes=\"auto, (max-width: 150px) 100vw, 150px\" \/><\/a>\n\t\t\t<\/div><\/figure><figure class='gallery-item'>\n\t\t\t<div class='gallery-icon landscape'>\n\t\t\t\t<a href='https:\/\/rs-audiovideo.com\/?attachment_id=5832'><img loading=\"lazy\" decoding=\"async\" width=\"150\" height=\"150\" src=\"https:\/\/rs-audiovideo.com\/wp-content\/uploads\/2024\/06\/IMG_20231202_123817_513-150x150.jpg\" class=\"attachment-thumbnail size-thumbnail\" alt=\"\" srcset=\"https:\/\/rs-audiovideo.com\/wp-content\/uploads\/2024\/06\/IMG_20231202_123817_513-150x150.jpg 150w, https:\/\/rs-audiovideo.com\/wp-content\/uploads\/2024\/06\/IMG_20231202_123817_513-300x300.jpg 300w, https:\/\/rs-audiovideo.com\/wp-content\/uploads\/2024\/06\/IMG_20231202_123817_513-100x100.jpg 100w\" sizes=\"auto, (max-width: 150px) 100vw, 150px\" \/><\/a>\n\t\t\t<\/div><\/figure><figure class='gallery-item'>\n\t\t\t<div class='gallery-icon landscape'>\n\t\t\t\t<a href='https:\/\/rs-audiovideo.com\/?attachment_id=5841'><img loading=\"lazy\" decoding=\"async\" width=\"150\" height=\"150\" src=\"https:\/\/rs-audiovideo.com\/wp-content\/uploads\/2024\/06\/IMG_20231201_141715_921-150x150.jpg\" class=\"attachment-thumbnail size-thumbnail\" alt=\"\" srcset=\"https:\/\/rs-audiovideo.com\/wp-content\/uploads\/2024\/06\/IMG_20231201_141715_921-150x150.jpg 150w, https:\/\/rs-audiovideo.com\/wp-content\/uploads\/2024\/06\/IMG_20231201_141715_921-300x300.jpg 300w, https:\/\/rs-audiovideo.com\/wp-content\/uploads\/2024\/06\/IMG_20231201_141715_921-100x100.jpg 100w\" sizes=\"auto, (max-width: 150px) 100vw, 150px\" \/><\/a>\n\t\t\t<\/div><\/figure><figure class='gallery-item'>\n\t\t\t<div class='gallery-icon landscape'>\n\t\t\t\t<a href='https:\/\/rs-audiovideo.com\/?attachment_id=5843'><img loading=\"lazy\" decoding=\"async\" width=\"150\" height=\"150\" src=\"https:\/\/rs-audiovideo.com\/wp-content\/uploads\/2024\/06\/IMG_20231201_174521_535-150x150.jpg\" class=\"attachment-thumbnail size-thumbnail\" alt=\"\" srcset=\"https:\/\/rs-audiovideo.com\/wp-content\/uploads\/2024\/06\/IMG_20231201_174521_535-150x150.jpg 150w, https:\/\/rs-audiovideo.com\/wp-content\/uploads\/2024\/06\/IMG_20231201_174521_535-300x300.jpg 300w, https:\/\/rs-audiovideo.com\/wp-content\/uploads\/2024\/06\/IMG_20231201_174521_535-100x100.jpg 100w\" sizes=\"auto, (max-width: 150px) 100vw, 150px\" \/><\/a>\n\t\t\t<\/div><\/figure><figure class='gallery-item'>\n\t\t\t<div class='gallery-icon landscape'>\n\t\t\t\t<a href='https:\/\/rs-audiovideo.com\/?attachment_id=5844'><img loading=\"lazy\" decoding=\"async\" width=\"150\" height=\"150\" src=\"https:\/\/rs-audiovideo.com\/wp-content\/uploads\/2024\/06\/IMG_20231201_182951_917-150x150.jpg\" class=\"attachment-thumbnail size-thumbnail\" alt=\"\" srcset=\"https:\/\/rs-audiovideo.com\/wp-content\/uploads\/2024\/06\/IMG_20231201_182951_917-150x150.jpg 150w, https:\/\/rs-audiovideo.com\/wp-content\/uploads\/2024\/06\/IMG_20231201_182951_917-300x300.jpg 300w, https:\/\/rs-audiovideo.com\/wp-content\/uploads\/2024\/06\/IMG_20231201_182951_917-100x100.jpg 100w\" sizes=\"auto, (max-width: 150px) 100vw, 150px\" \/><\/a>\n\t\t\t<\/div><\/figure>\n\t\t<\/div>\n\n","protected":false},"excerpt":{"rendered":"<p>Sonido para Convenciones Grandes, con Artistas y exigencias internacionales. Incluye: Sonido: Line array para 15.000 personas Acordar marca: Nexo, Meyer Sound, LAcustic, JBL, RCF, Adamson.. 4 Consolas Digico SD o<\/p>\n","protected":false},"featured_media":5853,"comment_status":"open","ping_status":"closed","template":"","meta":{"_acf_changed":false},"product_brand":[],"product_cat":[279],"product_tag":[],"class_list":{"0":"post-5852","1":"product","2":"type-product","3":"status-publish","4":"has-post-thumbnail","6":"product_cat-alquiler-sonido-y-producciones","8":"first","9":"onbackorder","10":"shipping-taxable","11":"purchasable","12":"product-type-simple","13":"add-to-wishlist-after_add_to_cart"},"acf":[],"yoast_head":"<!-- This site is optimized with the Yoast SEO plugin v26.0 - https:\/\/yoast.com\/wordpress\/plugins\/seo\/ -->\n<title>Alquiler Full producci\u00f3n \/ Sonido, Video Broadcast Media, Iluminaci\u00f3n, Pantallas, \/ Precio Promedio Por Evento - Soluciones, Asesoria y Venta de Equipos Audiovisuales<\/title>\n<meta name=\"description\" content=\"Alquiler de equipos de sonido profesional para conciertos y convenciones, cumpliendo con los exigentes est\u00e1ndares de artistas de nivel internacional.\" \/>\n<meta name=\"robots\" content=\"index, follow, max-snippet:-1, max-image-preview:large, max-video-preview:-1\" \/>\n<link rel=\"canonical\" href=\"https:\/\/rs-audiovideo.com\/index.php\/product\/fullalquiler-sonido-video-iluminacion-pantallas-cctv-profesional-por-evento-precio-promedio\/\" \/>\n<meta property=\"og:locale\" content=\"en_US\" \/>\n<meta property=\"og:type\" content=\"article\" \/>\n<meta property=\"og:title\" content=\"Alquiler Full producci\u00f3n \/ Sonido, Video Broadcast Media, Iluminaci\u00f3n, Pantallas, \/ Precio Promedio Por Evento - Soluciones, Asesoria y Venta de Equipos Audiovisuales\" \/>\n<meta property=\"og:description\" content=\"Alquiler de equipos de sonido profesional para conciertos y convenciones, cumpliendo con los exigentes est\u00e1ndares de artistas de nivel internacional.\" \/>\n<meta property=\"og:url\" content=\"https:\/\/rs-audiovideo.com\/index.php\/product\/fullalquiler-sonido-video-iluminacion-pantallas-cctv-profesional-por-evento-precio-promedio\/\" \/>\n<meta property=\"og:site_name\" content=\"Soluciones, Asesoria y Venta de Equipos Audiovisuales\" \/>\n<meta property=\"article:modified_time\" content=\"2025-02-07T04:19:01+00:00\" \/>\n<meta property=\"og:image\" content=\"https:\/\/rs-audiovideo.com\/wp-content\/uploads\/2024\/06\/conciertos-en-live-stream.jpg\" \/>\n\t<meta property=\"og:image:width\" content=\"1200\" \/>\n\t<meta property=\"og:image:height\" content=\"800\" \/>\n\t<meta property=\"og:image:type\" content=\"image\/jpeg\" \/>\n<meta name=\"twitter:card\" content=\"summary_large_image\" \/>\n<meta name=\"twitter:label1\" content=\"Est. reading time\" \/>\n\t<meta name=\"twitter:data1\" content=\"2 minutes\" \/>\n<script type=\"application\/ld+json\" class=\"yoast-schema-graph\">{\"@context\":\"https:\/\/schema.org\",\"@graph\":[{\"@type\":\"WebPage\",\"@id\":\"https:\/\/rs-audiovideo.com\/index.php\/product\/fullalquiler-sonido-video-iluminacion-pantallas-cctv-profesional-por-evento-precio-promedio\/\",\"url\":\"https:\/\/rs-audiovideo.com\/index.php\/product\/fullalquiler-sonido-video-iluminacion-pantallas-cctv-profesional-por-evento-precio-promedio\/\",\"name\":\"Alquiler Full producci\u00f3n \/ Sonido, Video Broadcast Media, Iluminaci\u00f3n, Pantallas, \/ Precio Promedio Por Evento - Soluciones, Asesoria y Venta de Equipos Audiovisuales\",\"isPartOf\":{\"@id\":\"https:\/\/rs-audiovideo.com\/#website\"},\"primaryImageOfPage\":{\"@id\":\"https:\/\/rs-audiovideo.com\/index.php\/product\/fullalquiler-sonido-video-iluminacion-pantallas-cctv-profesional-por-evento-precio-promedio\/#primaryimage\"},\"image\":{\"@id\":\"https:\/\/rs-audiovideo.com\/index.php\/product\/fullalquiler-sonido-video-iluminacion-pantallas-cctv-profesional-por-evento-precio-promedio\/#primaryimage\"},\"thumbnailUrl\":\"https:\/\/rs-audiovideo.com\/wp-content\/uploads\/2024\/06\/conciertos-en-live-stream.jpg\",\"datePublished\":\"2024-06-17T23:08:19+00:00\",\"dateModified\":\"2025-02-07T04:19:01+00:00\",\"description\":\"Alquiler de equipos de sonido profesional para conciertos y convenciones, cumpliendo con los exigentes est\u00e1ndares de artistas de nivel internacional.\",\"breadcrumb\":{\"@id\":\"https:\/\/rs-audiovideo.com\/index.php\/product\/fullalquiler-sonido-video-iluminacion-pantallas-cctv-profesional-por-evento-precio-promedio\/#breadcrumb\"},\"inLanguage\":\"en-US\",\"potentialAction\":[{\"@type\":\"ReadAction\",\"target\":[\"https:\/\/rs-audiovideo.com\/index.php\/product\/fullalquiler-sonido-video-iluminacion-pantallas-cctv-profesional-por-evento-precio-promedio\/\"]}]},{\"@type\":\"ImageObject\",\"inLanguage\":\"en-US\",\"@id\":\"https:\/\/rs-audiovideo.com\/index.php\/product\/fullalquiler-sonido-video-iluminacion-pantallas-cctv-profesional-por-evento-precio-promedio\/#primaryimage\",\"url\":\"https:\/\/rs-audiovideo.com\/wp-content\/uploads\/2024\/06\/conciertos-en-live-stream.jpg\",\"contentUrl\":\"https:\/\/rs-audiovideo.com\/wp-content\/uploads\/2024\/06\/conciertos-en-live-stream.jpg\",\"width\":1200,\"height\":800},{\"@type\":\"BreadcrumbList\",\"@id\":\"https:\/\/rs-audiovideo.com\/index.php\/product\/fullalquiler-sonido-video-iluminacion-pantallas-cctv-profesional-por-evento-precio-promedio\/#breadcrumb\",\"itemListElement\":[{\"@type\":\"ListItem\",\"position\":1,\"name\":\"Home\",\"item\":\"https:\/\/rs-audiovideo.com\/\"},{\"@type\":\"ListItem\",\"position\":2,\"name\":\"Shop\",\"item\":\"https:\/\/rs-audiovideo.com\/index.php\/shop-2\/\"},{\"@type\":\"ListItem\",\"position\":3,\"name\":\"Alquiler Full producci\u00f3n \/ Sonido, Video Broadcast Media, Iluminaci\u00f3n, Pantallas, \/ Precio Promedio Por Evento\"}]},{\"@type\":\"WebSite\",\"@id\":\"https:\/\/rs-audiovideo.com\/#website\",\"url\":\"https:\/\/rs-audiovideo.com\/\",\"name\":\"Soluciones, Asesoria y Venta de Equipos Audiovisuales\",\"description\":\"\",\"publisher\":{\"@id\":\"https:\/\/rs-audiovideo.com\/#organization\"},\"potentialAction\":[{\"@type\":\"SearchAction\",\"target\":{\"@type\":\"EntryPoint\",\"urlTemplate\":\"https:\/\/rs-audiovideo.com\/?s={search_term_string}\"},\"query-input\":{\"@type\":\"PropertyValueSpecification\",\"valueRequired\":true,\"valueName\":\"search_term_string\"}}],\"inLanguage\":\"en-US\"},{\"@type\":\"Organization\",\"@id\":\"https:\/\/rs-audiovideo.com\/#organization\",\"name\":\"Soluciones, Asesoria y Venta de Equipos Audiovisuales\",\"url\":\"https:\/\/rs-audiovideo.com\/\",\"logo\":{\"@type\":\"ImageObject\",\"inLanguage\":\"en-US\",\"@id\":\"https:\/\/rs-audiovideo.com\/#\/schema\/logo\/image\/\",\"url\":\"https:\/\/rs-audiovideo.com\/wp-content\/uploads\/2024\/06\/cropped-logointro.png\",\"contentUrl\":\"https:\/\/rs-audiovideo.com\/wp-content\/uploads\/2024\/06\/cropped-logointro.png\",\"width\":579,\"height\":127,\"caption\":\"Soluciones, Asesoria y Venta de Equipos Audiovisuales\"},\"image\":{\"@id\":\"https:\/\/rs-audiovideo.com\/#\/schema\/logo\/image\/\"}}]}<\/script>\n<!-- \/ Yoast SEO plugin. -->","yoast_head_json":{"title":"Alquiler Full producci\u00f3n \/ Sonido, Video Broadcast Media, Iluminaci\u00f3n, Pantallas, \/ Precio Promedio Por Evento - Soluciones, Asesoria y Venta de Equipos Audiovisuales","description":"Alquiler de equipos de sonido profesional para conciertos y convenciones, cumpliendo con los exigentes est\u00e1ndares de artistas de nivel internacional.","robots":{"index":"index","follow":"follow","max-snippet":"max-snippet:-1","max-image-preview":"max-image-preview:large","max-video-preview":"max-video-preview:-1"},"canonical":"https:\/\/rs-audiovideo.com\/index.php\/product\/fullalquiler-sonido-video-iluminacion-pantallas-cctv-profesional-por-evento-precio-promedio\/","og_locale":"en_US","og_type":"article","og_title":"Alquiler Full producci\u00f3n \/ Sonido, Video Broadcast Media, Iluminaci\u00f3n, Pantallas, \/ Precio Promedio Por Evento - Soluciones, Asesoria y Venta de Equipos Audiovisuales","og_description":"Alquiler de equipos de sonido profesional para conciertos y convenciones, cumpliendo con los exigentes est\u00e1ndares de artistas de nivel internacional.","og_url":"https:\/\/rs-audiovideo.com\/index.php\/product\/fullalquiler-sonido-video-iluminacion-pantallas-cctv-profesional-por-evento-precio-promedio\/","og_site_name":"Soluciones, Asesoria y Venta de Equipos Audiovisuales","article_modified_time":"2025-02-07T04:19:01+00:00","og_image":[{"width":1200,"height":800,"url":"https:\/\/rs-audiovideo.com\/wp-content\/uploads\/2024\/06\/conciertos-en-live-stream.jpg","type":"image\/jpeg"}],"twitter_card":"summary_large_image","twitter_misc":{"Est. reading time":"2 minutes"},"schema":{"@context":"https:\/\/schema.org","@graph":[{"@type":"WebPage","@id":"https:\/\/rs-audiovideo.com\/index.php\/product\/fullalquiler-sonido-video-iluminacion-pantallas-cctv-profesional-por-evento-precio-promedio\/","url":"https:\/\/rs-audiovideo.com\/index.php\/product\/fullalquiler-sonido-video-iluminacion-pantallas-cctv-profesional-por-evento-precio-promedio\/","name":"Alquiler Full producci\u00f3n \/ Sonido, Video Broadcast Media, Iluminaci\u00f3n, Pantallas, \/ Precio Promedio Por Evento - Soluciones, Asesoria y Venta de Equipos Audiovisuales","isPartOf":{"@id":"https:\/\/rs-audiovideo.com\/#website"},"primaryImageOfPage":{"@id":"https:\/\/rs-audiovideo.com\/index.php\/product\/fullalquiler-sonido-video-iluminacion-pantallas-cctv-profesional-por-evento-precio-promedio\/#primaryimage"},"image":{"@id":"https:\/\/rs-audiovideo.com\/index.php\/product\/fullalquiler-sonido-video-iluminacion-pantallas-cctv-profesional-por-evento-precio-promedio\/#primaryimage"},"thumbnailUrl":"https:\/\/rs-audiovideo.com\/wp-content\/uploads\/2024\/06\/conciertos-en-live-stream.jpg","datePublished":"2024-06-17T23:08:19+00:00","dateModified":"2025-02-07T04:19:01+00:00","description":"Alquiler de equipos de sonido profesional para conciertos y convenciones, cumpliendo con los exigentes est\u00e1ndares de artistas de nivel internacional.","breadcrumb":{"@id":"https:\/\/rs-audiovideo.com\/index.php\/product\/fullalquiler-sonido-video-iluminacion-pantallas-cctv-profesional-por-evento-precio-promedio\/#breadcrumb"},"inLanguage":"en-US","potentialAction":[{"@type":"ReadAction","target":["https:\/\/rs-audiovideo.com\/index.php\/product\/fullalquiler-sonido-video-iluminacion-pantallas-cctv-profesional-por-evento-precio-promedio\/"]}]},{"@type":"ImageObject","inLanguage":"en-US","@id":"https:\/\/rs-audiovideo.com\/index.php\/product\/fullalquiler-sonido-video-iluminacion-pantallas-cctv-profesional-por-evento-precio-promedio\/#primaryimage","url":"https:\/\/rs-audiovideo.com\/wp-content\/uploads\/2024\/06\/conciertos-en-live-stream.jpg","contentUrl":"https:\/\/rs-audiovideo.com\/wp-content\/uploads\/2024\/06\/conciertos-en-live-stream.jpg","width":1200,"height":800},{"@type":"BreadcrumbList","@id":"https:\/\/rs-audiovideo.com\/index.php\/product\/fullalquiler-sonido-video-iluminacion-pantallas-cctv-profesional-por-evento-precio-promedio\/#breadcrumb","itemListElement":[{"@type":"ListItem","position":1,"name":"Home","item":"https:\/\/rs-audiovideo.com\/"},{"@type":"ListItem","position":2,"name":"Shop","item":"https:\/\/rs-audiovideo.com\/index.php\/shop-2\/"},{"@type":"ListItem","position":3,"name":"Alquiler Full producci\u00f3n \/ Sonido, Video Broadcast Media, Iluminaci\u00f3n, Pantallas, \/ Precio Promedio Por Evento"}]},{"@type":"WebSite","@id":"https:\/\/rs-audiovideo.com\/#website","url":"https:\/\/rs-audiovideo.com\/","name":"Soluciones, Asesoria y Venta de Equipos Audiovisuales","description":"","publisher":{"@id":"https:\/\/rs-audiovideo.com\/#organization"},"potentialAction":[{"@type":"SearchAction","target":{"@type":"EntryPoint","urlTemplate":"https:\/\/rs-audiovideo.com\/?s={search_term_string}"},"query-input":{"@type":"PropertyValueSpecification","valueRequired":true,"valueName":"search_term_string"}}],"inLanguage":"en-US"},{"@type":"Organization","@id":"https:\/\/rs-audiovideo.com\/#organization","name":"Soluciones, Asesoria y Venta de Equipos Audiovisuales","url":"https:\/\/rs-audiovideo.com\/","logo":{"@type":"ImageObject","inLanguage":"en-US","@id":"https:\/\/rs-audiovideo.com\/#\/schema\/logo\/image\/","url":"https:\/\/rs-audiovideo.com\/wp-content\/uploads\/2024\/06\/cropped-logointro.png","contentUrl":"https:\/\/rs-audiovideo.com\/wp-content\/uploads\/2024\/06\/cropped-logointro.png","width":579,"height":127,"caption":"Soluciones, Asesoria y Venta de Equipos Audiovisuales"},"image":{"@id":"https:\/\/rs-audiovideo.com\/#\/schema\/logo\/image\/"}}]}},"_links":{"self":[{"href":"https:\/\/rs-audiovideo.com\/index.php\/wp-json\/wp\/v2\/product\/5852","targetHints":{"allow":["GET"]}}],"collection":[{"href":"https:\/\/rs-audiovideo.com\/index.php\/wp-json\/wp\/v2\/product"}],"about":[{"href":"https:\/\/rs-audiovideo.com\/index.php\/wp-json\/wp\/v2\/types\/product"}],"replies":[{"embeddable":true,"href":"https:\/\/rs-audiovideo.com\/index.php\/wp-json\/wp\/v2\/comments?post=5852"}],"wp:featuredmedia":[{"embeddable":true,"href":"https:\/\/rs-audiovideo.com\/index.php\/wp-json\/wp\/v2\/media\/5853"}],"wp:attachment":[{"href":"https:\/\/rs-audiovideo.com\/index.php\/wp-json\/wp\/v2\/media?parent=5852"}],"wp:term":[{"taxonomy":"product_brand","embeddable":true,"href":"https:\/\/rs-audiovideo.com\/index.php\/wp-json\/wp\/v2\/product_brand?post=5852"},{"taxonomy":"product_cat","embeddable":true,"href":"https:\/\/rs-audiovideo.com\/index.php\/wp-json\/wp\/v2\/product_cat?post=5852"},{"taxonomy":"product_tag","embeddable":true,"href":"https:\/\/rs-audiovideo.com\/index.php\/wp-json\/wp\/v2\/product_tag?post=5852"}],"curies":[{"name":"wp","href":"https:\/\/api.w.org\/{rel}","templated":true}]}}