{"id":5923,"date":"2024-06-19T04:33:38","date_gmt":"2024-06-19T04:33:38","guid":{"rendered":"https:\/\/rs-audiovideo.com\/?post_type=product&#038;p=5923"},"modified":"2024-06-20T02:10:11","modified_gmt":"2024-06-20T02:10:11","slug":"vatasa-s28-dual-10-pulgadas","status":"publish","type":"product","link":"https:\/\/rs-audiovideo.com\/index.php\/product\/vatasa-s28-dual-10-pulgadas\/","title":{"rendered":"VA S28 Dual 18 Pulgadas Subwoofer Pasivo"},"content":{"rendered":"<p>Caracter\u00edstica:<br \/>\nControlador de graves de 2400 W (AES)<br \/>\nBajos gruesos y el\u00e1sticos<br \/>\nRespuesta de frecuencia de 28 Hz-180 Hz<br \/>\nBarra de nailon resistente al desgaste montada<br \/>\nFunci\u00f3n de suspensi\u00f3n eficiente<\/p>\n<p>&nbsp;<\/p>\n<p>Solicitud:<br \/>\nRendimiento de gira<br \/>\nEstadio<br \/>\nTeatro<\/p>\n<p><strong>Structure and Size<\/strong><\/p>\n<p><strong><img loading=\"lazy\" decoding=\"async\" title=\"1648113907337653.png\" src=\"https:\/\/www.concord-audio.com\/static\/upload\/image\/20220324\/1648113907337653.png\" alt=\"S28.png\" width=\"1297\" height=\"321\" \/><\/strong><\/p>\n<p><strong>Frequency Response Curve<\/strong><\/p>\n<p><strong><img loading=\"lazy\" decoding=\"async\" title=\"1648113918320303.png\" src=\"https:\/\/www.concord-audio.com\/static\/upload\/image\/20220324\/1648113918320303.png\" alt=\"S28-\u9891.png\" width=\"663\" height=\"436\" \/><\/strong><\/p>\n<p><strong>Impedance Curve<\/strong><\/p>\n<p><strong><img loading=\"lazy\" decoding=\"async\" title=\"1648113930865706.png\" src=\"https:\/\/www.concord-audio.com\/static\/upload\/image\/20220324\/1648113930865706.png\" alt=\"S28-\u963b.png\" width=\"670\" height=\"420\" \/><\/strong><\/p>\n<table width=\"854\">\n<tbody>\n<tr class=\"firstRow\">\n<td colspan=\"2\" rowspan=\"1\"><strong>Technical specification\uff1a<\/strong><\/td>\n<\/tr>\n<tr>\n<td>\u00a0 Frequency response\uff1a<\/td>\n<td>\u00a0 28Hz~180Hz(\u00b13db) 23Hz~250Hz(-10db)<\/td>\n<\/tr>\n<tr>\n<td>\u00a0 Average sensitivity(1w\/1m)\uff1a<\/td>\n<td>\u00a0 101dB<\/td>\n<\/tr>\n<tr>\n<td>\u00a0 Power handling(AES\/PEAK)\uff1a<\/td>\n<td>\u00a0 2400W\/9600W<\/td>\n<\/tr>\n<tr>\n<td>\u00a0 Nominal impedance\uff1a<\/td>\n<td>\u00a0 4\u03a9<\/td>\n<\/tr>\n<tr>\n<td>\u00a0 Maximum SPL(AES\/PEAK)\uff1a<\/td>\n<td>\u00a0 135dB\/141dB<\/td>\n<\/tr>\n<tr>\n<td>\u00a0 LF driver\uff1a<\/td>\n<td>\u00a0 2 \u00d7 18&#8243;\u00a0customized\u00a0dual magnets steel\u00a0driver(4&#8243; voice coil)<\/td>\n<\/tr>\n<tr>\n<td colspan=\"2\" rowspan=\"1\"><strong>\u00a0\u00a0Physical data\uff1a<\/strong><\/td>\n<\/tr>\n<tr>\n<td>\u00a0 Cabinet size(H\u00d7W\u00d7D)\uff1a<\/td>\n<td>\u00a0 568\u00d71300\u00d7700mm<\/td>\n<\/tr>\n<tr>\n<td>\u00a0 N.W\uff1a<\/td>\n<td>\u00a0 120kg<\/td>\n<\/tr>\n<tr>\n<td>\u00a0 Connectors\uff1a<\/td>\n<td>\u00a0 2 \u00d7 4 pin WP4<\/td>\n<\/tr>\n<tr>\n<td>\u00a0 Installation<\/td>\n<td>\u00a0 2-point rigging<\/td>\n<\/tr>\n<tr>\n<td>\u00a0 Material\uff1a<\/td>\n<td>\u00a0 25mm birch plywood<\/td>\n<\/tr>\n<tr>\n<td>\u00a0 Finish\uff1a<\/td>\n<td>\u00a0 black waterproof polyurea paint<\/td>\n<\/tr>\n<tr>\n<td>\u00a0 Grille\uff1a<\/td>\n<td>\u00a0 steel mesh<\/td>\n<\/tr>\n<tr>\n<td>\u00a0 Angle\uff1a<\/td>\n<td>\u00a0 0\u00b0<\/td>\n<\/tr>\n<\/tbody>\n<\/table>\n","protected":false},"excerpt":{"rendered":"<p>Caracter\u00edstica: Controlador de graves de 2400 W (AES) Bajos gruesos y el\u00e1sticos Respuesta de frecuencia de 28 Hz-180 Hz Barra de nailon resistente al desgaste montada Funci\u00f3n de suspensi\u00f3n eficiente<\/p>\n","protected":false},"featured_media":5925,"comment_status":"open","ping_status":"closed","template":"","meta":{"_acf_changed":false},"product_brand":[],"product_cat":[245,274,231,246],"product_tag":[],"class_list":{"0":"post-5923","1":"product","2":"type-product","3":"status-publish","4":"has-post-thumbnail","6":"product_cat-line-array","7":"product_cat-rs-sound","8":"product_cat-sonido-profesional","9":"product_cat-subwoofer-activo","11":"first","12":"onbackorder","13":"shipping-taxable","14":"product-type-simple","15":"add-to-wishlist-after_add_to_cart"},"acf":[],"yoast_head":"<!-- This site is optimized with the Yoast SEO plugin v26.0 - https:\/\/yoast.com\/wordpress\/plugins\/seo\/ -->\n<title>VA S28 Dual 18 Pulgadas Subwoofer Pasivo - Soluciones, Asesoria y Venta de Equipos Audiovisuales<\/title>\n<meta name=\"description\" content=\"Los Mejores equipos de sonido profesional para tus proyectos, cumpliendo garant\u00eda, soporte y respaldo, Env\u00edos a nivel nacional Colombia.\" \/>\n<meta name=\"robots\" content=\"index, follow, max-snippet:-1, max-image-preview:large, max-video-preview:-1\" \/>\n<link rel=\"canonical\" href=\"https:\/\/rs-audiovideo.com\/index.php\/product\/vatasa-s28-dual-10-pulgadas\/\" \/>\n<meta property=\"og:locale\" content=\"en_US\" \/>\n<meta property=\"og:type\" content=\"article\" \/>\n<meta property=\"og:title\" content=\"VA S28 Dual 18 Pulgadas Subwoofer Pasivo - Soluciones, Asesoria y Venta de Equipos Audiovisuales\" \/>\n<meta property=\"og:description\" content=\"Los Mejores equipos de sonido profesional para tus proyectos, cumpliendo garant\u00eda, soporte y respaldo, Env\u00edos a nivel nacional Colombia.\" \/>\n<meta property=\"og:url\" content=\"https:\/\/rs-audiovideo.com\/index.php\/product\/vatasa-s28-dual-10-pulgadas\/\" \/>\n<meta property=\"og:site_name\" content=\"Soluciones, Asesoria y Venta de Equipos Audiovisuales\" \/>\n<meta property=\"article:modified_time\" content=\"2024-06-20T02:10:11+00:00\" \/>\n<meta property=\"og:image\" content=\"https:\/\/rs-audiovideo.com\/wp-content\/uploads\/2024\/06\/1653276784333943.jpg\" \/>\n\t<meta property=\"og:image:width\" content=\"531\" \/>\n\t<meta property=\"og:image:height\" content=\"531\" \/>\n\t<meta property=\"og:image:type\" content=\"image\/jpeg\" \/>\n<meta name=\"twitter:card\" content=\"summary_large_image\" \/>\n<meta name=\"twitter:label1\" content=\"Est. reading time\" \/>\n\t<meta name=\"twitter:data1\" content=\"2 minutes\" \/>\n<script type=\"application\/ld+json\" class=\"yoast-schema-graph\">{\"@context\":\"https:\/\/schema.org\",\"@graph\":[{\"@type\":\"WebPage\",\"@id\":\"https:\/\/rs-audiovideo.com\/index.php\/product\/vatasa-s28-dual-10-pulgadas\/\",\"url\":\"https:\/\/rs-audiovideo.com\/index.php\/product\/vatasa-s28-dual-10-pulgadas\/\",\"name\":\"VA S28 Dual 18 Pulgadas Subwoofer Pasivo - Soluciones, Asesoria y Venta de Equipos Audiovisuales\",\"isPartOf\":{\"@id\":\"https:\/\/rs-audiovideo.com\/#website\"},\"primaryImageOfPage\":{\"@id\":\"https:\/\/rs-audiovideo.com\/index.php\/product\/vatasa-s28-dual-10-pulgadas\/#primaryimage\"},\"image\":{\"@id\":\"https:\/\/rs-audiovideo.com\/index.php\/product\/vatasa-s28-dual-10-pulgadas\/#primaryimage\"},\"thumbnailUrl\":\"https:\/\/rs-audiovideo.com\/wp-content\/uploads\/2024\/06\/1653276784333943.jpg\",\"datePublished\":\"2024-06-19T04:33:38+00:00\",\"dateModified\":\"2024-06-20T02:10:11+00:00\",\"description\":\"Los Mejores equipos de sonido profesional para tus proyectos, cumpliendo garant\u00eda, soporte y respaldo, Env\u00edos a nivel nacional Colombia.\",\"breadcrumb\":{\"@id\":\"https:\/\/rs-audiovideo.com\/index.php\/product\/vatasa-s28-dual-10-pulgadas\/#breadcrumb\"},\"inLanguage\":\"en-US\",\"potentialAction\":[{\"@type\":\"ReadAction\",\"target\":[\"https:\/\/rs-audiovideo.com\/index.php\/product\/vatasa-s28-dual-10-pulgadas\/\"]}]},{\"@type\":\"ImageObject\",\"inLanguage\":\"en-US\",\"@id\":\"https:\/\/rs-audiovideo.com\/index.php\/product\/vatasa-s28-dual-10-pulgadas\/#primaryimage\",\"url\":\"https:\/\/rs-audiovideo.com\/wp-content\/uploads\/2024\/06\/1653276784333943.jpg\",\"contentUrl\":\"https:\/\/rs-audiovideo.com\/wp-content\/uploads\/2024\/06\/1653276784333943.jpg\",\"width\":531,\"height\":531},{\"@type\":\"BreadcrumbList\",\"@id\":\"https:\/\/rs-audiovideo.com\/index.php\/product\/vatasa-s28-dual-10-pulgadas\/#breadcrumb\",\"itemListElement\":[{\"@type\":\"ListItem\",\"position\":1,\"name\":\"Home\",\"item\":\"https:\/\/rs-audiovideo.com\/\"},{\"@type\":\"ListItem\",\"position\":2,\"name\":\"Shop\",\"item\":\"https:\/\/rs-audiovideo.com\/index.php\/shop-2\/\"},{\"@type\":\"ListItem\",\"position\":3,\"name\":\"VA S28 Dual 18 Pulgadas Subwoofer Pasivo\"}]},{\"@type\":\"WebSite\",\"@id\":\"https:\/\/rs-audiovideo.com\/#website\",\"url\":\"https:\/\/rs-audiovideo.com\/\",\"name\":\"Soluciones, Asesoria y Venta de Equipos Audiovisuales\",\"description\":\"\",\"publisher\":{\"@id\":\"https:\/\/rs-audiovideo.com\/#organization\"},\"potentialAction\":[{\"@type\":\"SearchAction\",\"target\":{\"@type\":\"EntryPoint\",\"urlTemplate\":\"https:\/\/rs-audiovideo.com\/?s={search_term_string}\"},\"query-input\":{\"@type\":\"PropertyValueSpecification\",\"valueRequired\":true,\"valueName\":\"search_term_string\"}}],\"inLanguage\":\"en-US\"},{\"@type\":\"Organization\",\"@id\":\"https:\/\/rs-audiovideo.com\/#organization\",\"name\":\"Soluciones, Asesoria y Venta de Equipos Audiovisuales\",\"url\":\"https:\/\/rs-audiovideo.com\/\",\"logo\":{\"@type\":\"ImageObject\",\"inLanguage\":\"en-US\",\"@id\":\"https:\/\/rs-audiovideo.com\/#\/schema\/logo\/image\/\",\"url\":\"https:\/\/rs-audiovideo.com\/wp-content\/uploads\/2024\/06\/cropped-logointro.png\",\"contentUrl\":\"https:\/\/rs-audiovideo.com\/wp-content\/uploads\/2024\/06\/cropped-logointro.png\",\"width\":579,\"height\":127,\"caption\":\"Soluciones, Asesoria y Venta de Equipos Audiovisuales\"},\"image\":{\"@id\":\"https:\/\/rs-audiovideo.com\/#\/schema\/logo\/image\/\"}}]}<\/script>\n<!-- \/ Yoast SEO plugin. -->","yoast_head_json":{"title":"VA S28 Dual 18 Pulgadas Subwoofer Pasivo - Soluciones, Asesoria y Venta de Equipos Audiovisuales","description":"Los Mejores equipos de sonido profesional para tus proyectos, cumpliendo garant\u00eda, soporte y respaldo, Env\u00edos a nivel nacional Colombia.","robots":{"index":"index","follow":"follow","max-snippet":"max-snippet:-1","max-image-preview":"max-image-preview:large","max-video-preview":"max-video-preview:-1"},"canonical":"https:\/\/rs-audiovideo.com\/index.php\/product\/vatasa-s28-dual-10-pulgadas\/","og_locale":"en_US","og_type":"article","og_title":"VA S28 Dual 18 Pulgadas Subwoofer Pasivo - Soluciones, Asesoria y Venta de Equipos Audiovisuales","og_description":"Los Mejores equipos de sonido profesional para tus proyectos, cumpliendo garant\u00eda, soporte y respaldo, Env\u00edos a nivel nacional Colombia.","og_url":"https:\/\/rs-audiovideo.com\/index.php\/product\/vatasa-s28-dual-10-pulgadas\/","og_site_name":"Soluciones, Asesoria y Venta de Equipos Audiovisuales","article_modified_time":"2024-06-20T02:10:11+00:00","og_image":[{"width":531,"height":531,"url":"https:\/\/rs-audiovideo.com\/wp-content\/uploads\/2024\/06\/1653276784333943.jpg","type":"image\/jpeg"}],"twitter_card":"summary_large_image","twitter_misc":{"Est. reading time":"2 minutes"},"schema":{"@context":"https:\/\/schema.org","@graph":[{"@type":"WebPage","@id":"https:\/\/rs-audiovideo.com\/index.php\/product\/vatasa-s28-dual-10-pulgadas\/","url":"https:\/\/rs-audiovideo.com\/index.php\/product\/vatasa-s28-dual-10-pulgadas\/","name":"VA S28 Dual 18 Pulgadas Subwoofer Pasivo - Soluciones, Asesoria y Venta de Equipos Audiovisuales","isPartOf":{"@id":"https:\/\/rs-audiovideo.com\/#website"},"primaryImageOfPage":{"@id":"https:\/\/rs-audiovideo.com\/index.php\/product\/vatasa-s28-dual-10-pulgadas\/#primaryimage"},"image":{"@id":"https:\/\/rs-audiovideo.com\/index.php\/product\/vatasa-s28-dual-10-pulgadas\/#primaryimage"},"thumbnailUrl":"https:\/\/rs-audiovideo.com\/wp-content\/uploads\/2024\/06\/1653276784333943.jpg","datePublished":"2024-06-19T04:33:38+00:00","dateModified":"2024-06-20T02:10:11+00:00","description":"Los Mejores equipos de sonido profesional para tus proyectos, cumpliendo garant\u00eda, soporte y respaldo, Env\u00edos a nivel nacional Colombia.","breadcrumb":{"@id":"https:\/\/rs-audiovideo.com\/index.php\/product\/vatasa-s28-dual-10-pulgadas\/#breadcrumb"},"inLanguage":"en-US","potentialAction":[{"@type":"ReadAction","target":["https:\/\/rs-audiovideo.com\/index.php\/product\/vatasa-s28-dual-10-pulgadas\/"]}]},{"@type":"ImageObject","inLanguage":"en-US","@id":"https:\/\/rs-audiovideo.com\/index.php\/product\/vatasa-s28-dual-10-pulgadas\/#primaryimage","url":"https:\/\/rs-audiovideo.com\/wp-content\/uploads\/2024\/06\/1653276784333943.jpg","contentUrl":"https:\/\/rs-audiovideo.com\/wp-content\/uploads\/2024\/06\/1653276784333943.jpg","width":531,"height":531},{"@type":"BreadcrumbList","@id":"https:\/\/rs-audiovideo.com\/index.php\/product\/vatasa-s28-dual-10-pulgadas\/#breadcrumb","itemListElement":[{"@type":"ListItem","position":1,"name":"Home","item":"https:\/\/rs-audiovideo.com\/"},{"@type":"ListItem","position":2,"name":"Shop","item":"https:\/\/rs-audiovideo.com\/index.php\/shop-2\/"},{"@type":"ListItem","position":3,"name":"VA S28 Dual 18 Pulgadas Subwoofer Pasivo"}]},{"@type":"WebSite","@id":"https:\/\/rs-audiovideo.com\/#website","url":"https:\/\/rs-audiovideo.com\/","name":"Soluciones, Asesoria y Venta de Equipos Audiovisuales","description":"","publisher":{"@id":"https:\/\/rs-audiovideo.com\/#organization"},"potentialAction":[{"@type":"SearchAction","target":{"@type":"EntryPoint","urlTemplate":"https:\/\/rs-audiovideo.com\/?s={search_term_string}"},"query-input":{"@type":"PropertyValueSpecification","valueRequired":true,"valueName":"search_term_string"}}],"inLanguage":"en-US"},{"@type":"Organization","@id":"https:\/\/rs-audiovideo.com\/#organization","name":"Soluciones, Asesoria y Venta de Equipos Audiovisuales","url":"https:\/\/rs-audiovideo.com\/","logo":{"@type":"ImageObject","inLanguage":"en-US","@id":"https:\/\/rs-audiovideo.com\/#\/schema\/logo\/image\/","url":"https:\/\/rs-audiovideo.com\/wp-content\/uploads\/2024\/06\/cropped-logointro.png","contentUrl":"https:\/\/rs-audiovideo.com\/wp-content\/uploads\/2024\/06\/cropped-logointro.png","width":579,"height":127,"caption":"Soluciones, Asesoria y Venta de Equipos Audiovisuales"},"image":{"@id":"https:\/\/rs-audiovideo.com\/#\/schema\/logo\/image\/"}}]}},"_links":{"self":[{"href":"https:\/\/rs-audiovideo.com\/index.php\/wp-json\/wp\/v2\/product\/5923","targetHints":{"allow":["GET"]}}],"collection":[{"href":"https:\/\/rs-audiovideo.com\/index.php\/wp-json\/wp\/v2\/product"}],"about":[{"href":"https:\/\/rs-audiovideo.com\/index.php\/wp-json\/wp\/v2\/types\/product"}],"replies":[{"embeddable":true,"href":"https:\/\/rs-audiovideo.com\/index.php\/wp-json\/wp\/v2\/comments?post=5923"}],"wp:featuredmedia":[{"embeddable":true,"href":"https:\/\/rs-audiovideo.com\/index.php\/wp-json\/wp\/v2\/media\/5925"}],"wp:attachment":[{"href":"https:\/\/rs-audiovideo.com\/index.php\/wp-json\/wp\/v2\/media?parent=5923"}],"wp:term":[{"taxonomy":"product_brand","embeddable":true,"href":"https:\/\/rs-audiovideo.com\/index.php\/wp-json\/wp\/v2\/product_brand?post=5923"},{"taxonomy":"product_cat","embeddable":true,"href":"https:\/\/rs-audiovideo.com\/index.php\/wp-json\/wp\/v2\/product_cat?post=5923"},{"taxonomy":"product_tag","embeddable":true,"href":"https:\/\/rs-audiovideo.com\/index.php\/wp-json\/wp\/v2\/product_tag?post=5923"}],"curies":[{"name":"wp","href":"https:\/\/api.w.org\/{rel}","templated":true}]}}