{"id":5945,"date":"2024-08-21T17:17:58","date_gmt":"2024-08-21T17:17:58","guid":{"rendered":"https:\/\/rs-audiovideo.com\/?post_type=product&#038;p=5945"},"modified":"2025-08-01T17:01:58","modified_gmt":"2025-08-01T17:01:58","slug":"ld-maui-5-sistema-ultracompacto-de-pa-de-columna-con-mezclador-y-bluetooth","status":"publish","type":"product","link":"https:\/\/rs-audiovideo.com\/index.php\/product\/ld-maui-5-sistema-ultracompacto-de-pa-de-columna-con-mezclador-y-bluetooth\/","title":{"rendered":"LD MAUI 5 Sistema ultracompacto de PA de columna con mezclador y Bluetooth"},"content":{"rendered":"<div class=\"info pbxl\">\n<div class=\"article-nr\"><span class=\"article-nr-text\">N.\u00ba art\u00edculo:\u00a0<\/span><span class=\"article-nr-content\">LDMAUI5<\/span><\/div>\n<div class=\"series-nr\"><span class=\"series-nr-text\">Serie:<\/span>\u00a0<span class=\"series-nr-content\"><a href=\"https:\/\/www.ld-systems.com\/es\/listing\/index\/sCategory\/3121\">MAUI<\/a><\/span><\/div>\n<\/div>\n<div class=\"variants-wrapper\"><span class=\"title\">Modelos:<\/span><\/p>\n<div class=\"select\">\n<div class=\"js--fancy-select select-field\"><\/div>\n<\/div>\n<\/div>\n<div class=\"visible--xs visible--s visible--l visible--xl\">\n<div class=\"detail-features pbxxl pbn-m pbxxl-l\">\n<div class=\"detail-feature\">\n<div class=\"detail-feature-text\">Sistema ultracompacto de PA de columna<\/div>\n<div class=\"clear\">Sistema de PA y monitorado todo en uno<\/div>\n<\/div>\n<div class=\"detail-feature\">\n<div class=\"clear\">Potencia de pico de 800 W<\/div>\n<\/div>\n<div class=\"detail-feature\">\n<div class=\"clear\">Amplio \u00e1ngulo de cobertura<\/div>\n<\/div>\n<div class=\"detail-feature\">\n<div class=\"clear\">Procesador digital de se\u00f1ales LECC para un funcionamiento controlado y din\u00e1mico<\/div>\n<\/div>\n<div class=\"detail-feature\">\n<div class=\"clear\">Mezclador integrado de 4 canales con Bluetooth<\/div>\n<\/div>\n<div class=\"detail-feature\">\n<div class=\"clear\">Numerosas posibilidades de conexi\u00f3n<\/div>\n<\/div>\n<div class=\"detail-feature\">\n<div class=\"clear\">Montaje sin cables en cuesti\u00f3n de segundos<\/div>\n<\/div>\n<div class=\"detail-feature\">\n<div class=\"clear\">Muy f\u00e1cil de transportar<\/div>\n<div><\/div>\n<\/div>\n<\/div>\n<div>\n<div class=\"description-headline h3 has--separator is--align-center\" style=\"text-align: center;\">Descripci\u00f3n<\/div>\n<div class=\"description-text is--align-center\">\n<p>El MAUI 5, con su peso de solo 11\u00a0kg, potencia de pico de 800\u00a0W y SPL m\u00e1ximo de 120\u00a0dB, es un sistema ultracompacto de PA y monitorado todo en uno. Gracias a sus conectores multipin especiales y 4\u00a0componentes, el array m\u00e1s peque\u00f1o de la serie MAUI se monta en cuesti\u00f3n de segundos, ofreciendo adem\u00e1s un amplio \u00e1ngulo de cobertura y un excelente rechazo a la realimentaci\u00f3n ac\u00fastica. El MAUI\u00a05 es f\u00e1cil de transportar y cabe perfectamente en el asiento de un coche.<\/p>\n<p>El recinto bass reflex del subwoofer de 8&#8243; aloja tambi\u00e9n el amplificador de clase\u00a0D del sistema y dispone de circuitos de protecci\u00f3n contra sobreintensidad, sobrecalentamiento y cortocircuito, un procesador digital de se\u00f1ales LECC de LD Systems y un mezclador de 4\u00a0canales. Al contar con la tecnolog\u00eda Bluetooth\u00a9 para la transmisi\u00f3n inal\u00e1mbrica y con entradas de micr\u00f3fono, l\u00ednea y alta impedancia que se pueden utilizar simult\u00e1neamente, es posible conectar diversas fuentes de sonido al MAUI\u00a05, por ejemplo, equipos reproductores e instrumentos como teclados o guitarras. Los controles de volumen separados para las entradas, el subwoofer y el sistema, as\u00ed como un filtro high shelf para ajustar las frecuencias altas a la ac\u00fastica de la sala, permiten obtener unos resultados perfectos. El MAUI 5 tambi\u00e9n est\u00e1 disponible con carcasa de color blanco (LDMAUI5W).<\/p>\n<\/div>\n<p><iframe loading=\"lazy\" title=\"LD Systems MAUI 5 - Ultra Portable Column PA System Live @ Adam Hall Showroom Barcelona\" width=\"1170\" height=\"658\" src=\"https:\/\/www.youtube.com\/embed\/aTmp8HjqY5k?feature=oembed\" frameborder=\"0\" allow=\"accelerometer; autoplay; clipboard-write; encrypted-media; gyroscope; picture-in-picture; web-share\" referrerpolicy=\"strict-origin-when-cross-origin\" allowfullscreen><\/iframe><\/p>\n<\/div>\n<\/div>\n","protected":false},"excerpt":{"rendered":"<p>N.\u00ba art\u00edculo:\u00a0LDMAUI5 Serie:\u00a0MAUI Modelos: Sistema ultracompacto de PA de columna Sistema de PA y monitorado todo en uno Potencia de pico de 800 W Amplio \u00e1ngulo de cobertura Procesador digital<\/p>\n","protected":false},"featured_media":5949,"comment_status":"open","ping_status":"closed","template":"","meta":{"_acf_changed":false},"product_brand":[],"product_cat":[283,259],"product_tag":[],"class_list":{"0":"post-5945","1":"product","2":"type-product","3":"status-publish","4":"has-post-thumbnail","6":"product_cat-audio-vertical","7":"product_cat-ld-systems","9":"first","10":"instock","11":"shipping-taxable","12":"purchasable","13":"product-type-simple","14":"add-to-wishlist-after_add_to_cart"},"acf":[],"yoast_head":"<!-- This site is optimized with the Yoast SEO plugin v26.0 - https:\/\/yoast.com\/wordpress\/plugins\/seo\/ -->\n<title>LD MAUI 5 Sistema ultracompacto de PA de columna con mezclador y Bluetooth - Soluciones, Asesoria y Venta de Equipos Audiovisuales<\/title>\n<meta name=\"description\" content=\"Sistema ultracompacto de PA de columnaSistema de PA y monitorado todo en unoPotencia de pico de 800 WAmplio \u00e1ngulo de cobertura\" \/>\n<meta name=\"robots\" content=\"index, follow, max-snippet:-1, max-image-preview:large, max-video-preview:-1\" \/>\n<link rel=\"canonical\" href=\"https:\/\/rs-audiovideo.com\/index.php\/product\/ld-maui-5-sistema-ultracompacto-de-pa-de-columna-con-mezclador-y-bluetooth\/\" \/>\n<meta property=\"og:locale\" content=\"en_US\" \/>\n<meta property=\"og:type\" content=\"article\" \/>\n<meta property=\"og:title\" content=\"LD MAUI 5 Sistema ultracompacto de PA de columna con mezclador y Bluetooth - Soluciones, Asesoria y Venta de Equipos Audiovisuales\" \/>\n<meta property=\"og:description\" content=\"Sistema ultracompacto de PA de columnaSistema de PA y monitorado todo en unoPotencia de pico de 800 WAmplio \u00e1ngulo de cobertura\" \/>\n<meta property=\"og:url\" content=\"https:\/\/rs-audiovideo.com\/index.php\/product\/ld-maui-5-sistema-ultracompacto-de-pa-de-columna-con-mezclador-y-bluetooth\/\" \/>\n<meta property=\"og:site_name\" content=\"Soluciones, Asesoria y Venta de Equipos Audiovisuales\" \/>\n<meta property=\"article:modified_time\" content=\"2025-08-01T17:01:58+00:00\" \/>\n<meta property=\"og:image\" content=\"https:\/\/rs-audiovideo.com\/wp-content\/uploads\/2024\/08\/LDMAUI5_1.jpg\" \/>\n\t<meta property=\"og:image:width\" content=\"1000\" \/>\n\t<meta property=\"og:image:height\" content=\"1000\" \/>\n\t<meta property=\"og:image:type\" content=\"image\/jpeg\" \/>\n<meta name=\"twitter:card\" content=\"summary_large_image\" \/>\n<meta name=\"twitter:label1\" content=\"Est. reading time\" \/>\n\t<meta name=\"twitter:data1\" content=\"2 minutes\" \/>\n<script type=\"application\/ld+json\" class=\"yoast-schema-graph\">{\"@context\":\"https:\/\/schema.org\",\"@graph\":[{\"@type\":\"WebPage\",\"@id\":\"https:\/\/rs-audiovideo.com\/index.php\/product\/ld-maui-5-sistema-ultracompacto-de-pa-de-columna-con-mezclador-y-bluetooth\/\",\"url\":\"https:\/\/rs-audiovideo.com\/index.php\/product\/ld-maui-5-sistema-ultracompacto-de-pa-de-columna-con-mezclador-y-bluetooth\/\",\"name\":\"LD MAUI 5 Sistema ultracompacto de PA de columna con mezclador y Bluetooth - Soluciones, Asesoria y Venta de Equipos Audiovisuales\",\"isPartOf\":{\"@id\":\"https:\/\/rs-audiovideo.com\/#website\"},\"primaryImageOfPage\":{\"@id\":\"https:\/\/rs-audiovideo.com\/index.php\/product\/ld-maui-5-sistema-ultracompacto-de-pa-de-columna-con-mezclador-y-bluetooth\/#primaryimage\"},\"image\":{\"@id\":\"https:\/\/rs-audiovideo.com\/index.php\/product\/ld-maui-5-sistema-ultracompacto-de-pa-de-columna-con-mezclador-y-bluetooth\/#primaryimage\"},\"thumbnailUrl\":\"https:\/\/rs-audiovideo.com\/wp-content\/uploads\/2024\/08\/LDMAUI5_1.jpg\",\"datePublished\":\"2024-08-21T17:17:58+00:00\",\"dateModified\":\"2025-08-01T17:01:58+00:00\",\"description\":\"Sistema ultracompacto de PA de columnaSistema de PA y monitorado todo en unoPotencia de pico de 800 WAmplio \u00e1ngulo de cobertura\",\"breadcrumb\":{\"@id\":\"https:\/\/rs-audiovideo.com\/index.php\/product\/ld-maui-5-sistema-ultracompacto-de-pa-de-columna-con-mezclador-y-bluetooth\/#breadcrumb\"},\"inLanguage\":\"en-US\",\"potentialAction\":[{\"@type\":\"ReadAction\",\"target\":[\"https:\/\/rs-audiovideo.com\/index.php\/product\/ld-maui-5-sistema-ultracompacto-de-pa-de-columna-con-mezclador-y-bluetooth\/\"]}]},{\"@type\":\"ImageObject\",\"inLanguage\":\"en-US\",\"@id\":\"https:\/\/rs-audiovideo.com\/index.php\/product\/ld-maui-5-sistema-ultracompacto-de-pa-de-columna-con-mezclador-y-bluetooth\/#primaryimage\",\"url\":\"https:\/\/rs-audiovideo.com\/wp-content\/uploads\/2024\/08\/LDMAUI5_1.jpg\",\"contentUrl\":\"https:\/\/rs-audiovideo.com\/wp-content\/uploads\/2024\/08\/LDMAUI5_1.jpg\",\"width\":1000,\"height\":1000},{\"@type\":\"BreadcrumbList\",\"@id\":\"https:\/\/rs-audiovideo.com\/index.php\/product\/ld-maui-5-sistema-ultracompacto-de-pa-de-columna-con-mezclador-y-bluetooth\/#breadcrumb\",\"itemListElement\":[{\"@type\":\"ListItem\",\"position\":1,\"name\":\"Home\",\"item\":\"https:\/\/rs-audiovideo.com\/\"},{\"@type\":\"ListItem\",\"position\":2,\"name\":\"Shop\",\"item\":\"https:\/\/rs-audiovideo.com\/index.php\/shop-2\/\"},{\"@type\":\"ListItem\",\"position\":3,\"name\":\"LD MAUI 5 Sistema ultracompacto de PA de columna con mezclador y Bluetooth\"}]},{\"@type\":\"WebSite\",\"@id\":\"https:\/\/rs-audiovideo.com\/#website\",\"url\":\"https:\/\/rs-audiovideo.com\/\",\"name\":\"Soluciones, Asesoria y Venta de Equipos Audiovisuales\",\"description\":\"\",\"publisher\":{\"@id\":\"https:\/\/rs-audiovideo.com\/#organization\"},\"potentialAction\":[{\"@type\":\"SearchAction\",\"target\":{\"@type\":\"EntryPoint\",\"urlTemplate\":\"https:\/\/rs-audiovideo.com\/?s={search_term_string}\"},\"query-input\":{\"@type\":\"PropertyValueSpecification\",\"valueRequired\":true,\"valueName\":\"search_term_string\"}}],\"inLanguage\":\"en-US\"},{\"@type\":\"Organization\",\"@id\":\"https:\/\/rs-audiovideo.com\/#organization\",\"name\":\"Soluciones, Asesoria y Venta de Equipos Audiovisuales\",\"url\":\"https:\/\/rs-audiovideo.com\/\",\"logo\":{\"@type\":\"ImageObject\",\"inLanguage\":\"en-US\",\"@id\":\"https:\/\/rs-audiovideo.com\/#\/schema\/logo\/image\/\",\"url\":\"https:\/\/rs-audiovideo.com\/wp-content\/uploads\/2024\/06\/cropped-logointro.png\",\"contentUrl\":\"https:\/\/rs-audiovideo.com\/wp-content\/uploads\/2024\/06\/cropped-logointro.png\",\"width\":579,\"height\":127,\"caption\":\"Soluciones, Asesoria y Venta de Equipos Audiovisuales\"},\"image\":{\"@id\":\"https:\/\/rs-audiovideo.com\/#\/schema\/logo\/image\/\"}}]}<\/script>\n<!-- \/ Yoast SEO plugin. -->","yoast_head_json":{"title":"LD MAUI 5 Sistema ultracompacto de PA de columna con mezclador y Bluetooth - Soluciones, Asesoria y Venta de Equipos Audiovisuales","description":"Sistema ultracompacto de PA de columnaSistema de PA y monitorado todo en unoPotencia de pico de 800 WAmplio \u00e1ngulo de cobertura","robots":{"index":"index","follow":"follow","max-snippet":"max-snippet:-1","max-image-preview":"max-image-preview:large","max-video-preview":"max-video-preview:-1"},"canonical":"https:\/\/rs-audiovideo.com\/index.php\/product\/ld-maui-5-sistema-ultracompacto-de-pa-de-columna-con-mezclador-y-bluetooth\/","og_locale":"en_US","og_type":"article","og_title":"LD MAUI 5 Sistema ultracompacto de PA de columna con mezclador y Bluetooth - Soluciones, Asesoria y Venta de Equipos Audiovisuales","og_description":"Sistema ultracompacto de PA de columnaSistema de PA y monitorado todo en unoPotencia de pico de 800 WAmplio \u00e1ngulo de cobertura","og_url":"https:\/\/rs-audiovideo.com\/index.php\/product\/ld-maui-5-sistema-ultracompacto-de-pa-de-columna-con-mezclador-y-bluetooth\/","og_site_name":"Soluciones, Asesoria y Venta de Equipos Audiovisuales","article_modified_time":"2025-08-01T17:01:58+00:00","og_image":[{"width":1000,"height":1000,"url":"https:\/\/rs-audiovideo.com\/wp-content\/uploads\/2024\/08\/LDMAUI5_1.jpg","type":"image\/jpeg"}],"twitter_card":"summary_large_image","twitter_misc":{"Est. reading time":"2 minutes"},"schema":{"@context":"https:\/\/schema.org","@graph":[{"@type":"WebPage","@id":"https:\/\/rs-audiovideo.com\/index.php\/product\/ld-maui-5-sistema-ultracompacto-de-pa-de-columna-con-mezclador-y-bluetooth\/","url":"https:\/\/rs-audiovideo.com\/index.php\/product\/ld-maui-5-sistema-ultracompacto-de-pa-de-columna-con-mezclador-y-bluetooth\/","name":"LD MAUI 5 Sistema ultracompacto de PA de columna con mezclador y Bluetooth - Soluciones, Asesoria y Venta de Equipos Audiovisuales","isPartOf":{"@id":"https:\/\/rs-audiovideo.com\/#website"},"primaryImageOfPage":{"@id":"https:\/\/rs-audiovideo.com\/index.php\/product\/ld-maui-5-sistema-ultracompacto-de-pa-de-columna-con-mezclador-y-bluetooth\/#primaryimage"},"image":{"@id":"https:\/\/rs-audiovideo.com\/index.php\/product\/ld-maui-5-sistema-ultracompacto-de-pa-de-columna-con-mezclador-y-bluetooth\/#primaryimage"},"thumbnailUrl":"https:\/\/rs-audiovideo.com\/wp-content\/uploads\/2024\/08\/LDMAUI5_1.jpg","datePublished":"2024-08-21T17:17:58+00:00","dateModified":"2025-08-01T17:01:58+00:00","description":"Sistema ultracompacto de PA de columnaSistema de PA y monitorado todo en unoPotencia de pico de 800 WAmplio \u00e1ngulo de cobertura","breadcrumb":{"@id":"https:\/\/rs-audiovideo.com\/index.php\/product\/ld-maui-5-sistema-ultracompacto-de-pa-de-columna-con-mezclador-y-bluetooth\/#breadcrumb"},"inLanguage":"en-US","potentialAction":[{"@type":"ReadAction","target":["https:\/\/rs-audiovideo.com\/index.php\/product\/ld-maui-5-sistema-ultracompacto-de-pa-de-columna-con-mezclador-y-bluetooth\/"]}]},{"@type":"ImageObject","inLanguage":"en-US","@id":"https:\/\/rs-audiovideo.com\/index.php\/product\/ld-maui-5-sistema-ultracompacto-de-pa-de-columna-con-mezclador-y-bluetooth\/#primaryimage","url":"https:\/\/rs-audiovideo.com\/wp-content\/uploads\/2024\/08\/LDMAUI5_1.jpg","contentUrl":"https:\/\/rs-audiovideo.com\/wp-content\/uploads\/2024\/08\/LDMAUI5_1.jpg","width":1000,"height":1000},{"@type":"BreadcrumbList","@id":"https:\/\/rs-audiovideo.com\/index.php\/product\/ld-maui-5-sistema-ultracompacto-de-pa-de-columna-con-mezclador-y-bluetooth\/#breadcrumb","itemListElement":[{"@type":"ListItem","position":1,"name":"Home","item":"https:\/\/rs-audiovideo.com\/"},{"@type":"ListItem","position":2,"name":"Shop","item":"https:\/\/rs-audiovideo.com\/index.php\/shop-2\/"},{"@type":"ListItem","position":3,"name":"LD MAUI 5 Sistema ultracompacto de PA de columna con mezclador y Bluetooth"}]},{"@type":"WebSite","@id":"https:\/\/rs-audiovideo.com\/#website","url":"https:\/\/rs-audiovideo.com\/","name":"Soluciones, Asesoria y Venta de Equipos Audiovisuales","description":"","publisher":{"@id":"https:\/\/rs-audiovideo.com\/#organization"},"potentialAction":[{"@type":"SearchAction","target":{"@type":"EntryPoint","urlTemplate":"https:\/\/rs-audiovideo.com\/?s={search_term_string}"},"query-input":{"@type":"PropertyValueSpecification","valueRequired":true,"valueName":"search_term_string"}}],"inLanguage":"en-US"},{"@type":"Organization","@id":"https:\/\/rs-audiovideo.com\/#organization","name":"Soluciones, Asesoria y Venta de Equipos Audiovisuales","url":"https:\/\/rs-audiovideo.com\/","logo":{"@type":"ImageObject","inLanguage":"en-US","@id":"https:\/\/rs-audiovideo.com\/#\/schema\/logo\/image\/","url":"https:\/\/rs-audiovideo.com\/wp-content\/uploads\/2024\/06\/cropped-logointro.png","contentUrl":"https:\/\/rs-audiovideo.com\/wp-content\/uploads\/2024\/06\/cropped-logointro.png","width":579,"height":127,"caption":"Soluciones, Asesoria y Venta de Equipos Audiovisuales"},"image":{"@id":"https:\/\/rs-audiovideo.com\/#\/schema\/logo\/image\/"}}]}},"_links":{"self":[{"href":"https:\/\/rs-audiovideo.com\/index.php\/wp-json\/wp\/v2\/product\/5945","targetHints":{"allow":["GET"]}}],"collection":[{"href":"https:\/\/rs-audiovideo.com\/index.php\/wp-json\/wp\/v2\/product"}],"about":[{"href":"https:\/\/rs-audiovideo.com\/index.php\/wp-json\/wp\/v2\/types\/product"}],"replies":[{"embeddable":true,"href":"https:\/\/rs-audiovideo.com\/index.php\/wp-json\/wp\/v2\/comments?post=5945"}],"wp:featuredmedia":[{"embeddable":true,"href":"https:\/\/rs-audiovideo.com\/index.php\/wp-json\/wp\/v2\/media\/5949"}],"wp:attachment":[{"href":"https:\/\/rs-audiovideo.com\/index.php\/wp-json\/wp\/v2\/media?parent=5945"}],"wp:term":[{"taxonomy":"product_brand","embeddable":true,"href":"https:\/\/rs-audiovideo.com\/index.php\/wp-json\/wp\/v2\/product_brand?post=5945"},{"taxonomy":"product_cat","embeddable":true,"href":"https:\/\/rs-audiovideo.com\/index.php\/wp-json\/wp\/v2\/product_cat?post=5945"},{"taxonomy":"product_tag","embeddable":true,"href":"https:\/\/rs-audiovideo.com\/index.php\/wp-json\/wp\/v2\/product_tag?post=5945"}],"curies":[{"name":"wp","href":"https:\/\/api.w.org\/{rel}","templated":true}]}}