{"id":5950,"date":"2024-08-21T17:21:49","date_gmt":"2024-08-21T17:21:49","guid":{"rendered":"https:\/\/rs-audiovideo.com\/?post_type=product&#038;p=5950"},"modified":"2025-08-01T17:02:23","modified_gmt":"2025-08-01T17:02:23","slug":"ld-maui-11-g2-sistema-compacto-de-pa-de-columna-con-mezclador","status":"publish","type":"product","link":"https:\/\/rs-audiovideo.com\/index.php\/product\/ld-maui-11-g2-sistema-compacto-de-pa-de-columna-con-mezclador\/","title":{"rendered":"LD MAUI 11 G2 Sistema compacto de PA de columna con mezclador y Bluetooth negro"},"content":{"rendered":"<div class=\"detail-feature\">\n<div class=\"detail-feature-text\">Altavoz de columna todo en uno para PA y monitorado<\/div>\n<div class=\"clear\">Excepcional potencia de pico de 1000 W con un amplificador de clase D de bajo peso<\/div>\n<\/div>\n<div class=\"detail-feature\">\n<div class=\"clear\">3 woofers de 6,5&#8243; para una excelente reproducci\u00f3n de graves<\/div>\n<\/div>\n<div class=\"detail-feature\">\n<div class=\"clear\">8 altavoces full range de 3&#8243; para unos medios equilibrados<\/div>\n<\/div>\n<div class=\"detail-feature\">\n<div class=\"clear\">2 motores de agudos de 1&#8243; para unos agudos suaves y precisos<\/div>\n<\/div>\n<div class=\"detail-feature\">\n<div class=\"clear\">Configuraci\u00f3n en array para conseguir un mayor alcance y una cobertura mucho m\u00e1s amplia<\/div>\n<\/div>\n<div class=\"detail-feature\">\n<div class=\"clear\">Gu\u00eda de ondas de agudos optimizada con BEM para una dispersi\u00f3n homog\u00e9nea<\/div>\n<\/div>\n<div class=\"detail-feature\">\n<div class=\"clear\">Sonido sin distorsi\u00f3n, incluso a todo volumen, gracias a la tecnolog\u00eda DSP DynX\u00ae de LD Systems<\/div>\n<\/div>\n<div class=\"detail-feature\">\n<div class=\"clear\">Mezclador de 4 canales con audio est\u00e9reo por Bluetooth\u00ae para un control total<\/div>\n<\/div>\n<div class=\"detail-feature\">\n<div class=\"clear\">Columna en dos piezas con un tama\u00f1o compacto de f\u00e1cil transporte<\/div>\n<\/div>\n<div class=\"detail-feature\">\n<div class=\"clear\">Conectores multipin sin cables para una conexi\u00f3n plug &amp; play segura<\/div>\n<\/div>\n<div class=\"detail-feature\">\n<div class=\"clear\">Columna desmontable con diversas posibilidades de uso<\/div>\n<\/div>\n<div class=\"detail-feature\">\n<div class=\"clear\">Facilidad de uso gracias a los preajustes para los modos mono y est\u00e9reo<\/div>\n<\/div>\n<div class=\"detail-feature\">\n<div class=\"clear\">Amplia gama de accesorios pr\u00e1cticos para la instalaci\u00f3n y el transporte<\/div>\n<\/div>\n<div>\n<h2 class=\"description-headline h3 has--separator is--align-center\" style=\"text-align: center;\">Descripci\u00f3n<\/h2>\n<div class=\"description-text is--align-center\">\n<p>Un sistema de sonido completo que puede llevar con su instrumento: hablamos del MAUI\u00a011 G2. Basta con poner los dos elementos de columna en la bolsa acolchada para llevar al hombro, coger el subwoofer con una mano y la guitarra o el teclado con la otra, y listo. Igual de sencillo es montar el sistema completo de PA y monitorado todo en uno, con sus conectores multipin especiales. El MAUI\u00a011 G2 ofrece una calidad de sonido inigualable y una cobertura muy amplia en una carcasa compacta y elegante. Se desarroll\u00f3, tras a\u00f1os de experiencia en el dise\u00f1o de sistemas de columna, como una soluci\u00f3n pr\u00e1ctica para peque\u00f1as y medianas actuaciones e instalaciones fijas.<\/p>\n<p>El MAUI\u00a011 G2 est\u00e1 provisto de tres woofers de 6,5&#8243;, ocho altavoces full range de 3&#8243; y dos motores de compresi\u00f3n de neodimio de 1&#8243;. Generan bajos potentes, medios equilibrados, agudos suaves y precisos, y son atacados por un amplificador de clase\u00a0D de bajo peso, pero que entrega una potencia de pico de 1000\u00a0vatios. La tecnolog\u00eda DSP DynX\u00ae de LD Systems garantiza en todo momento un rendimiento superior y un sonido sin distorsiones. Incluye un limitador multibanda que evita la saturaci\u00f3n, un ecualizador, un compresor y un crossover de 3\u00a0v\u00edas con correcci\u00f3n de tiempo.<\/p>\n<p>La configuraci\u00f3n line array del MAUI\u00a011 G2 consigue un mayor alcance, un excelente rechazo a la realimentaci\u00f3n ac\u00fastica y una cobertura mucho mayor, lo que elimina la necesidad de utilizar altavoces de monitorado adicionales. La gu\u00eda de ondas de los tweeters ha sido desarrollada mediante el m\u00e9todo BEM (Boundary Element Method), una simulaci\u00f3n num\u00e9rica de la dispersi\u00f3n y propagaci\u00f3n ac\u00fastica. Esta gu\u00eda reduce las reflexiones en suelos y techos, elimina los l\u00f3bulos laterales y logra as\u00ed una dispersi\u00f3n uniforme, de modo que el p\u00fablico oir\u00e1 desde la \u00faltima fila con la misma claridad que desde la primera.<\/p>\n<p>Para controlar todo el sistema, el MAUI cuenta con un mezclador integrado de 4\u00a0canales, preajustes para los modos mono y est\u00e9reo, y audio por Bluetooth\u00ae. Su excepcional sonido y facilidad de transporte entusiasmar\u00e1n a cantautores, solistas y DJ. El sistema es muy vers\u00e1til ya que la columna y el subwoofer se pueden instalar por separado, una excelente opci\u00f3n para instalaciones fijas. Al disponer de toda una gama de pr\u00e1cticos accesorios de transporte y de herramientas especiales de montaje, el MAUI\u00a011 G2 es un equipo integral en el que se ha cuidado hasta el \u00faltimo detalle.<\/p>\n<\/div>\n<p><iframe loading=\"lazy\" title=\"LD Systems MAUI 11 G2 meets Kera Mono\" width=\"1170\" height=\"658\" src=\"https:\/\/www.youtube.com\/embed\/ZpAgHop-Rvw?feature=oembed\" frameborder=\"0\" allow=\"accelerometer; autoplay; clipboard-write; encrypted-media; gyroscope; picture-in-picture; web-share\" referrerpolicy=\"strict-origin-when-cross-origin\" allowfullscreen><\/iframe><\/p>\n<\/div>\n","protected":false},"excerpt":{"rendered":"<p>Altavoz de columna todo en uno para PA y monitorado Excepcional potencia de pico de 1000 W con un amplificador de clase D de bajo peso 3 woofers de 6,5&#8243;<\/p>\n","protected":false},"featured_media":5957,"comment_status":"open","ping_status":"closed","template":"","meta":{"_acf_changed":false},"product_brand":[],"product_cat":[283,259],"product_tag":[],"class_list":{"0":"post-5950","1":"product","2":"type-product","3":"status-publish","4":"has-post-thumbnail","6":"product_cat-audio-vertical","7":"product_cat-ld-systems","9":"first","10":"instock","11":"shipping-taxable","12":"purchasable","13":"product-type-simple","14":"add-to-wishlist-after_add_to_cart"},"acf":[],"yoast_head":"<!-- This site is optimized with the Yoast SEO plugin v26.0 - https:\/\/yoast.com\/wordpress\/plugins\/seo\/ -->\n<title>LD MAUI 11 G2 Sistema compacto de PA de columna con mezclador y Bluetooth negro - Soluciones, Asesoria y Venta de Equipos Audiovisuales<\/title>\n<meta name=\"description\" content=\"Altavoz de columna todo en uno para PA y monitoradoExcepcional potencia de pico de 1000 W con un amplificador de clase D de bajo peso3 woofers de 6,5&quot; para una excelente reproducci\u00f3n de graves\" \/>\n<meta name=\"robots\" content=\"index, follow, max-snippet:-1, max-image-preview:large, max-video-preview:-1\" \/>\n<link rel=\"canonical\" href=\"https:\/\/rs-audiovideo.com\/index.php\/product\/ld-maui-11-g2-sistema-compacto-de-pa-de-columna-con-mezclador\/\" \/>\n<meta property=\"og:locale\" content=\"en_US\" \/>\n<meta property=\"og:type\" content=\"article\" \/>\n<meta property=\"og:title\" content=\"LD MAUI 11 G2 Sistema compacto de PA de columna con mezclador y Bluetooth negro - Soluciones, Asesoria y Venta de Equipos Audiovisuales\" \/>\n<meta property=\"og:description\" content=\"Altavoz de columna todo en uno para PA y monitoradoExcepcional potencia de pico de 1000 W con un amplificador de clase D de bajo peso3 woofers de 6,5&quot; para una excelente reproducci\u00f3n de graves\" \/>\n<meta property=\"og:url\" content=\"https:\/\/rs-audiovideo.com\/index.php\/product\/ld-maui-11-g2-sistema-compacto-de-pa-de-columna-con-mezclador\/\" \/>\n<meta property=\"og:site_name\" content=\"Soluciones, Asesoria y Venta de Equipos Audiovisuales\" \/>\n<meta property=\"article:modified_time\" content=\"2025-08-01T17:02:23+00:00\" \/>\n<meta property=\"og:image\" content=\"https:\/\/rs-audiovideo.com\/wp-content\/uploads\/2024\/08\/LDMAUI11G2_1.jpg\" \/>\n\t<meta property=\"og:image:width\" content=\"1000\" \/>\n\t<meta property=\"og:image:height\" content=\"1000\" \/>\n\t<meta property=\"og:image:type\" content=\"image\/jpeg\" \/>\n<meta name=\"twitter:card\" content=\"summary_large_image\" \/>\n<meta name=\"twitter:label1\" content=\"Est. reading time\" \/>\n\t<meta name=\"twitter:data1\" content=\"3 minutes\" \/>\n<script type=\"application\/ld+json\" class=\"yoast-schema-graph\">{\"@context\":\"https:\/\/schema.org\",\"@graph\":[{\"@type\":\"WebPage\",\"@id\":\"https:\/\/rs-audiovideo.com\/index.php\/product\/ld-maui-11-g2-sistema-compacto-de-pa-de-columna-con-mezclador\/\",\"url\":\"https:\/\/rs-audiovideo.com\/index.php\/product\/ld-maui-11-g2-sistema-compacto-de-pa-de-columna-con-mezclador\/\",\"name\":\"LD MAUI 11 G2 Sistema compacto de PA de columna con mezclador y Bluetooth negro - Soluciones, Asesoria y Venta de Equipos Audiovisuales\",\"isPartOf\":{\"@id\":\"https:\/\/rs-audiovideo.com\/#website\"},\"primaryImageOfPage\":{\"@id\":\"https:\/\/rs-audiovideo.com\/index.php\/product\/ld-maui-11-g2-sistema-compacto-de-pa-de-columna-con-mezclador\/#primaryimage\"},\"image\":{\"@id\":\"https:\/\/rs-audiovideo.com\/index.php\/product\/ld-maui-11-g2-sistema-compacto-de-pa-de-columna-con-mezclador\/#primaryimage\"},\"thumbnailUrl\":\"https:\/\/rs-audiovideo.com\/wp-content\/uploads\/2024\/08\/LDMAUI11G2_1.jpg\",\"datePublished\":\"2024-08-21T17:21:49+00:00\",\"dateModified\":\"2025-08-01T17:02:23+00:00\",\"description\":\"Altavoz de columna todo en uno para PA y monitoradoExcepcional potencia de pico de 1000 W con un amplificador de clase D de bajo peso3 woofers de 6,5\\\" para una excelente reproducci\u00f3n de graves\",\"breadcrumb\":{\"@id\":\"https:\/\/rs-audiovideo.com\/index.php\/product\/ld-maui-11-g2-sistema-compacto-de-pa-de-columna-con-mezclador\/#breadcrumb\"},\"inLanguage\":\"en-US\",\"potentialAction\":[{\"@type\":\"ReadAction\",\"target\":[\"https:\/\/rs-audiovideo.com\/index.php\/product\/ld-maui-11-g2-sistema-compacto-de-pa-de-columna-con-mezclador\/\"]}]},{\"@type\":\"ImageObject\",\"inLanguage\":\"en-US\",\"@id\":\"https:\/\/rs-audiovideo.com\/index.php\/product\/ld-maui-11-g2-sistema-compacto-de-pa-de-columna-con-mezclador\/#primaryimage\",\"url\":\"https:\/\/rs-audiovideo.com\/wp-content\/uploads\/2024\/08\/LDMAUI11G2_1.jpg\",\"contentUrl\":\"https:\/\/rs-audiovideo.com\/wp-content\/uploads\/2024\/08\/LDMAUI11G2_1.jpg\",\"width\":1000,\"height\":1000},{\"@type\":\"BreadcrumbList\",\"@id\":\"https:\/\/rs-audiovideo.com\/index.php\/product\/ld-maui-11-g2-sistema-compacto-de-pa-de-columna-con-mezclador\/#breadcrumb\",\"itemListElement\":[{\"@type\":\"ListItem\",\"position\":1,\"name\":\"Home\",\"item\":\"https:\/\/rs-audiovideo.com\/\"},{\"@type\":\"ListItem\",\"position\":2,\"name\":\"Shop\",\"item\":\"https:\/\/rs-audiovideo.com\/index.php\/shop-2\/\"},{\"@type\":\"ListItem\",\"position\":3,\"name\":\"LD MAUI 11 G2 Sistema compacto de PA de columna con mezclador y Bluetooth negro\"}]},{\"@type\":\"WebSite\",\"@id\":\"https:\/\/rs-audiovideo.com\/#website\",\"url\":\"https:\/\/rs-audiovideo.com\/\",\"name\":\"Soluciones, Asesoria y Venta de Equipos Audiovisuales\",\"description\":\"\",\"publisher\":{\"@id\":\"https:\/\/rs-audiovideo.com\/#organization\"},\"potentialAction\":[{\"@type\":\"SearchAction\",\"target\":{\"@type\":\"EntryPoint\",\"urlTemplate\":\"https:\/\/rs-audiovideo.com\/?s={search_term_string}\"},\"query-input\":{\"@type\":\"PropertyValueSpecification\",\"valueRequired\":true,\"valueName\":\"search_term_string\"}}],\"inLanguage\":\"en-US\"},{\"@type\":\"Organization\",\"@id\":\"https:\/\/rs-audiovideo.com\/#organization\",\"name\":\"Soluciones, Asesoria y Venta de Equipos Audiovisuales\",\"url\":\"https:\/\/rs-audiovideo.com\/\",\"logo\":{\"@type\":\"ImageObject\",\"inLanguage\":\"en-US\",\"@id\":\"https:\/\/rs-audiovideo.com\/#\/schema\/logo\/image\/\",\"url\":\"https:\/\/rs-audiovideo.com\/wp-content\/uploads\/2024\/06\/cropped-logointro.png\",\"contentUrl\":\"https:\/\/rs-audiovideo.com\/wp-content\/uploads\/2024\/06\/cropped-logointro.png\",\"width\":579,\"height\":127,\"caption\":\"Soluciones, Asesoria y Venta de Equipos Audiovisuales\"},\"image\":{\"@id\":\"https:\/\/rs-audiovideo.com\/#\/schema\/logo\/image\/\"}}]}<\/script>\n<!-- \/ Yoast SEO plugin. -->","yoast_head_json":{"title":"LD MAUI 11 G2 Sistema compacto de PA de columna con mezclador y Bluetooth negro - Soluciones, Asesoria y Venta de Equipos Audiovisuales","description":"Altavoz de columna todo en uno para PA y monitoradoExcepcional potencia de pico de 1000 W con un amplificador de clase D de bajo peso3 woofers de 6,5\" para una excelente reproducci\u00f3n de graves","robots":{"index":"index","follow":"follow","max-snippet":"max-snippet:-1","max-image-preview":"max-image-preview:large","max-video-preview":"max-video-preview:-1"},"canonical":"https:\/\/rs-audiovideo.com\/index.php\/product\/ld-maui-11-g2-sistema-compacto-de-pa-de-columna-con-mezclador\/","og_locale":"en_US","og_type":"article","og_title":"LD MAUI 11 G2 Sistema compacto de PA de columna con mezclador y Bluetooth negro - Soluciones, Asesoria y Venta de Equipos Audiovisuales","og_description":"Altavoz de columna todo en uno para PA y monitoradoExcepcional potencia de pico de 1000 W con un amplificador de clase D de bajo peso3 woofers de 6,5\" para una excelente reproducci\u00f3n de graves","og_url":"https:\/\/rs-audiovideo.com\/index.php\/product\/ld-maui-11-g2-sistema-compacto-de-pa-de-columna-con-mezclador\/","og_site_name":"Soluciones, Asesoria y Venta de Equipos Audiovisuales","article_modified_time":"2025-08-01T17:02:23+00:00","og_image":[{"width":1000,"height":1000,"url":"https:\/\/rs-audiovideo.com\/wp-content\/uploads\/2024\/08\/LDMAUI11G2_1.jpg","type":"image\/jpeg"}],"twitter_card":"summary_large_image","twitter_misc":{"Est. reading time":"3 minutes"},"schema":{"@context":"https:\/\/schema.org","@graph":[{"@type":"WebPage","@id":"https:\/\/rs-audiovideo.com\/index.php\/product\/ld-maui-11-g2-sistema-compacto-de-pa-de-columna-con-mezclador\/","url":"https:\/\/rs-audiovideo.com\/index.php\/product\/ld-maui-11-g2-sistema-compacto-de-pa-de-columna-con-mezclador\/","name":"LD MAUI 11 G2 Sistema compacto de PA de columna con mezclador y Bluetooth negro - Soluciones, Asesoria y Venta de Equipos Audiovisuales","isPartOf":{"@id":"https:\/\/rs-audiovideo.com\/#website"},"primaryImageOfPage":{"@id":"https:\/\/rs-audiovideo.com\/index.php\/product\/ld-maui-11-g2-sistema-compacto-de-pa-de-columna-con-mezclador\/#primaryimage"},"image":{"@id":"https:\/\/rs-audiovideo.com\/index.php\/product\/ld-maui-11-g2-sistema-compacto-de-pa-de-columna-con-mezclador\/#primaryimage"},"thumbnailUrl":"https:\/\/rs-audiovideo.com\/wp-content\/uploads\/2024\/08\/LDMAUI11G2_1.jpg","datePublished":"2024-08-21T17:21:49+00:00","dateModified":"2025-08-01T17:02:23+00:00","description":"Altavoz de columna todo en uno para PA y monitoradoExcepcional potencia de pico de 1000 W con un amplificador de clase D de bajo peso3 woofers de 6,5\" para una excelente reproducci\u00f3n de graves","breadcrumb":{"@id":"https:\/\/rs-audiovideo.com\/index.php\/product\/ld-maui-11-g2-sistema-compacto-de-pa-de-columna-con-mezclador\/#breadcrumb"},"inLanguage":"en-US","potentialAction":[{"@type":"ReadAction","target":["https:\/\/rs-audiovideo.com\/index.php\/product\/ld-maui-11-g2-sistema-compacto-de-pa-de-columna-con-mezclador\/"]}]},{"@type":"ImageObject","inLanguage":"en-US","@id":"https:\/\/rs-audiovideo.com\/index.php\/product\/ld-maui-11-g2-sistema-compacto-de-pa-de-columna-con-mezclador\/#primaryimage","url":"https:\/\/rs-audiovideo.com\/wp-content\/uploads\/2024\/08\/LDMAUI11G2_1.jpg","contentUrl":"https:\/\/rs-audiovideo.com\/wp-content\/uploads\/2024\/08\/LDMAUI11G2_1.jpg","width":1000,"height":1000},{"@type":"BreadcrumbList","@id":"https:\/\/rs-audiovideo.com\/index.php\/product\/ld-maui-11-g2-sistema-compacto-de-pa-de-columna-con-mezclador\/#breadcrumb","itemListElement":[{"@type":"ListItem","position":1,"name":"Home","item":"https:\/\/rs-audiovideo.com\/"},{"@type":"ListItem","position":2,"name":"Shop","item":"https:\/\/rs-audiovideo.com\/index.php\/shop-2\/"},{"@type":"ListItem","position":3,"name":"LD MAUI 11 G2 Sistema compacto de PA de columna con mezclador y Bluetooth negro"}]},{"@type":"WebSite","@id":"https:\/\/rs-audiovideo.com\/#website","url":"https:\/\/rs-audiovideo.com\/","name":"Soluciones, Asesoria y Venta de Equipos Audiovisuales","description":"","publisher":{"@id":"https:\/\/rs-audiovideo.com\/#organization"},"potentialAction":[{"@type":"SearchAction","target":{"@type":"EntryPoint","urlTemplate":"https:\/\/rs-audiovideo.com\/?s={search_term_string}"},"query-input":{"@type":"PropertyValueSpecification","valueRequired":true,"valueName":"search_term_string"}}],"inLanguage":"en-US"},{"@type":"Organization","@id":"https:\/\/rs-audiovideo.com\/#organization","name":"Soluciones, Asesoria y Venta de Equipos Audiovisuales","url":"https:\/\/rs-audiovideo.com\/","logo":{"@type":"ImageObject","inLanguage":"en-US","@id":"https:\/\/rs-audiovideo.com\/#\/schema\/logo\/image\/","url":"https:\/\/rs-audiovideo.com\/wp-content\/uploads\/2024\/06\/cropped-logointro.png","contentUrl":"https:\/\/rs-audiovideo.com\/wp-content\/uploads\/2024\/06\/cropped-logointro.png","width":579,"height":127,"caption":"Soluciones, Asesoria y Venta de Equipos Audiovisuales"},"image":{"@id":"https:\/\/rs-audiovideo.com\/#\/schema\/logo\/image\/"}}]}},"_links":{"self":[{"href":"https:\/\/rs-audiovideo.com\/index.php\/wp-json\/wp\/v2\/product\/5950","targetHints":{"allow":["GET"]}}],"collection":[{"href":"https:\/\/rs-audiovideo.com\/index.php\/wp-json\/wp\/v2\/product"}],"about":[{"href":"https:\/\/rs-audiovideo.com\/index.php\/wp-json\/wp\/v2\/types\/product"}],"replies":[{"embeddable":true,"href":"https:\/\/rs-audiovideo.com\/index.php\/wp-json\/wp\/v2\/comments?post=5950"}],"wp:featuredmedia":[{"embeddable":true,"href":"https:\/\/rs-audiovideo.com\/index.php\/wp-json\/wp\/v2\/media\/5957"}],"wp:attachment":[{"href":"https:\/\/rs-audiovideo.com\/index.php\/wp-json\/wp\/v2\/media?parent=5950"}],"wp:term":[{"taxonomy":"product_brand","embeddable":true,"href":"https:\/\/rs-audiovideo.com\/index.php\/wp-json\/wp\/v2\/product_brand?post=5950"},{"taxonomy":"product_cat","embeddable":true,"href":"https:\/\/rs-audiovideo.com\/index.php\/wp-json\/wp\/v2\/product_cat?post=5950"},{"taxonomy":"product_tag","embeddable":true,"href":"https:\/\/rs-audiovideo.com\/index.php\/wp-json\/wp\/v2\/product_tag?post=5950"}],"curies":[{"name":"wp","href":"https:\/\/api.w.org\/{rel}","templated":true}]}}