{"id":5964,"date":"2024-09-01T05:19:56","date_gmt":"2024-09-01T05:19:56","guid":{"rendered":"https:\/\/rs-audiovideo.com\/?post_type=product&#038;p=5964"},"modified":"2024-10-06T22:50:34","modified_gmt":"2024-10-06T22:50:34","slug":"sistema-de-monitor-personal-intrauditivo-coda","status":"publish","type":"product","link":"https:\/\/rs-audiovideo.com\/index.php\/product\/sistema-de-monitor-personal-intrauditivo-coda\/","title":{"rendered":"Sistema de monitor intrauditivo CODA"},"content":{"rendered":"<h2 class=\"default\">Descripci\u00f3n del producto<\/h2>\n<div id=\"productDescription\" class=\"a-section a-spacing-small\">\n<p>\u00bfPuedo ponerme m\u00e1s en el monitor?<\/p>\n<p>\u00bfSiempre necesitas &#8220;m\u00e1s yo&#8221; en tu monitor? \u00a1Te tenemos cubierto! El IEM-One es un amplificador de monitor personal en el o\u00eddo que le brinda un monitoreo personalizado con claridad limpia en cada concierto y ensayo. Con m\u00faltiples opciones de conexi\u00f3n de entrada, ajustes de mezcla mono y est\u00e9reo, y un limitador integrado, tiene una mezcla flexible y clara para que pueda rendir lo mejor posible.<\/p>\n<p>\u00bfPor qu\u00e9 utilizar un amplificador de monitor intrauditivo?<\/p>\n<p>Los escenarios silenciosos y el monitoreo en el o\u00eddo son la mejor mezcla de frente de casa, y muchos lugares han eliminado por completo los monitores en el escenario. No solo los monitores en el escenario a menudo son malos para la mezcla frontal de la casa, sino que tambi\u00e9n pueden ser malos para su audici\u00f3n.<\/p>\n<p>Y a diferencia de los complicados sistemas de monitor intrauditivo, el IEM-One es altamente port\u00e1til y rid\u00edculamente f\u00e1cil de configurar. Se engancha f\u00e1cilmente en un cintur\u00f3n o correa sin intrusi\u00f3n, y toma las mismas l\u00edneas que un monitor activo en el escenario hace (XLR o TRS).<\/p>\n<p>&nbsp;<\/p>\n<p>\u00bfEl resto de la banda sigue usando monitores de escenario? Sin sudor. Toda tu banda no necesita estar en un sistema IEM. De hecho, nadie m\u00e1s necesita usar un sistema IEM para que usted obtenga la mezcla perfecta. El amplificador de monitoreo IEM-One en o\u00eddo se puede utilizar por s\u00ed mismo. Perfecto para bateristas que utilizan una pista de clic, o teclas de jugadores que no tienen amplificadores para usar como monitores de referencia.<\/p>\n<p>Y es perfecto para cualquier m\u00fasico que quiera una gran mezcla cada vez.<\/p>\n<p>Especificaciones:<\/p>\n<p>Canales de entrada: 1 canal mono\/est\u00e9reo<\/p>\n<p>Entradas anal\u00f3gicas: Combo TRS y XLR<\/p>\n<p>Salida anal\u00f3gica: est\u00e9reo de 1\/8&#8243;<\/p>\n<p>Potencia: AAA bater\u00eda<\/p>\n<p>Duraci\u00f3n de la bater\u00eda: 10 horas<\/p>\n<p>Dise\u00f1ado y dise\u00f1ado en Estados Unidos<\/p>\n<\/div>\n","protected":false},"excerpt":{"rendered":"<p>Descripci\u00f3n del producto \u00bfPuedo ponerme m\u00e1s en el monitor? \u00bfSiempre necesitas &#8220;m\u00e1s yo&#8221; en tu monitor? \u00a1Te tenemos cubierto! El IEM-One es un amplificador de monitor personal en el o\u00eddo<\/p>\n","protected":false},"featured_media":5966,"comment_status":"open","ping_status":"closed","template":"","meta":{"_acf_changed":false},"product_brand":[],"product_cat":[284,268],"product_tag":[],"class_list":{"0":"post-5964","1":"product","2":"type-product","3":"status-publish","4":"has-post-thumbnail","6":"product_cat-coda","7":"product_cat-in-ears-sistema-alambrico","9":"first","10":"instock","11":"shipping-taxable","12":"purchasable","13":"product-type-simple","14":"add-to-wishlist-after_add_to_cart"},"acf":[],"yoast_head":"<!-- This site is optimized with the Yoast SEO plugin v26.0 - https:\/\/yoast.com\/wordpress\/plugins\/seo\/ -->\n<title>Sistema de monitor intrauditivo CODA - Soluciones, Asesoria y Venta de Equipos Audiovisuales<\/title>\n<meta name=\"description\" content=\"El IEM-One es un amplificador de monitor personal en el o\u00eddo que le brinda un monitoreo personalizado con claridad limpia en cada concierto y ensayo.\" \/>\n<meta name=\"robots\" content=\"index, follow, max-snippet:-1, max-image-preview:large, max-video-preview:-1\" \/>\n<link rel=\"canonical\" href=\"https:\/\/rs-audiovideo.com\/index.php\/product\/sistema-de-monitor-personal-intrauditivo-coda\/\" \/>\n<meta property=\"og:locale\" content=\"en_US\" \/>\n<meta property=\"og:type\" content=\"article\" \/>\n<meta property=\"og:title\" content=\"Sistema de monitor intrauditivo CODA - Soluciones, Asesoria y Venta de Equipos Audiovisuales\" \/>\n<meta property=\"og:description\" content=\"El IEM-One es un amplificador de monitor personal en el o\u00eddo que le brinda un monitoreo personalizado con claridad limpia en cada concierto y ensayo.\" \/>\n<meta property=\"og:url\" content=\"https:\/\/rs-audiovideo.com\/index.php\/product\/sistema-de-monitor-personal-intrauditivo-coda\/\" \/>\n<meta property=\"og:site_name\" content=\"Soluciones, Asesoria y Venta de Equipos Audiovisuales\" \/>\n<meta property=\"article:modified_time\" content=\"2024-10-06T22:50:34+00:00\" \/>\n<meta property=\"og:image\" content=\"https:\/\/rs-audiovideo.com\/wp-content\/uploads\/2024\/09\/71ht7MiQ4uL._AC_SL1500_.jpg\" \/>\n\t<meta property=\"og:image:width\" content=\"1408\" \/>\n\t<meta property=\"og:image:height\" content=\"1143\" \/>\n\t<meta property=\"og:image:type\" content=\"image\/jpeg\" \/>\n<meta name=\"twitter:card\" content=\"summary_large_image\" \/>\n<meta name=\"twitter:label1\" content=\"Est. reading time\" \/>\n\t<meta name=\"twitter:data1\" content=\"2 minutes\" \/>\n<script type=\"application\/ld+json\" class=\"yoast-schema-graph\">{\"@context\":\"https:\/\/schema.org\",\"@graph\":[{\"@type\":\"WebPage\",\"@id\":\"https:\/\/rs-audiovideo.com\/index.php\/product\/sistema-de-monitor-personal-intrauditivo-coda\/\",\"url\":\"https:\/\/rs-audiovideo.com\/index.php\/product\/sistema-de-monitor-personal-intrauditivo-coda\/\",\"name\":\"Sistema de monitor intrauditivo CODA - Soluciones, Asesoria y Venta de Equipos Audiovisuales\",\"isPartOf\":{\"@id\":\"https:\/\/rs-audiovideo.com\/#website\"},\"primaryImageOfPage\":{\"@id\":\"https:\/\/rs-audiovideo.com\/index.php\/product\/sistema-de-monitor-personal-intrauditivo-coda\/#primaryimage\"},\"image\":{\"@id\":\"https:\/\/rs-audiovideo.com\/index.php\/product\/sistema-de-monitor-personal-intrauditivo-coda\/#primaryimage\"},\"thumbnailUrl\":\"https:\/\/rs-audiovideo.com\/wp-content\/uploads\/2024\/09\/71ht7MiQ4uL._AC_SL1500_.jpg\",\"datePublished\":\"2024-09-01T05:19:56+00:00\",\"dateModified\":\"2024-10-06T22:50:34+00:00\",\"description\":\"El IEM-One es un amplificador de monitor personal en el o\u00eddo que le brinda un monitoreo personalizado con claridad limpia en cada concierto y ensayo.\",\"breadcrumb\":{\"@id\":\"https:\/\/rs-audiovideo.com\/index.php\/product\/sistema-de-monitor-personal-intrauditivo-coda\/#breadcrumb\"},\"inLanguage\":\"en-US\",\"potentialAction\":[{\"@type\":\"ReadAction\",\"target\":[\"https:\/\/rs-audiovideo.com\/index.php\/product\/sistema-de-monitor-personal-intrauditivo-coda\/\"]}]},{\"@type\":\"ImageObject\",\"inLanguage\":\"en-US\",\"@id\":\"https:\/\/rs-audiovideo.com\/index.php\/product\/sistema-de-monitor-personal-intrauditivo-coda\/#primaryimage\",\"url\":\"https:\/\/rs-audiovideo.com\/wp-content\/uploads\/2024\/09\/71ht7MiQ4uL._AC_SL1500_.jpg\",\"contentUrl\":\"https:\/\/rs-audiovideo.com\/wp-content\/uploads\/2024\/09\/71ht7MiQ4uL._AC_SL1500_.jpg\",\"width\":1408,\"height\":1143},{\"@type\":\"BreadcrumbList\",\"@id\":\"https:\/\/rs-audiovideo.com\/index.php\/product\/sistema-de-monitor-personal-intrauditivo-coda\/#breadcrumb\",\"itemListElement\":[{\"@type\":\"ListItem\",\"position\":1,\"name\":\"Home\",\"item\":\"https:\/\/rs-audiovideo.com\/\"},{\"@type\":\"ListItem\",\"position\":2,\"name\":\"Shop\",\"item\":\"https:\/\/rs-audiovideo.com\/index.php\/shop-2\/\"},{\"@type\":\"ListItem\",\"position\":3,\"name\":\"Sistema de monitor intrauditivo CODA\"}]},{\"@type\":\"WebSite\",\"@id\":\"https:\/\/rs-audiovideo.com\/#website\",\"url\":\"https:\/\/rs-audiovideo.com\/\",\"name\":\"Soluciones, Asesoria y Venta de Equipos Audiovisuales\",\"description\":\"\",\"publisher\":{\"@id\":\"https:\/\/rs-audiovideo.com\/#organization\"},\"potentialAction\":[{\"@type\":\"SearchAction\",\"target\":{\"@type\":\"EntryPoint\",\"urlTemplate\":\"https:\/\/rs-audiovideo.com\/?s={search_term_string}\"},\"query-input\":{\"@type\":\"PropertyValueSpecification\",\"valueRequired\":true,\"valueName\":\"search_term_string\"}}],\"inLanguage\":\"en-US\"},{\"@type\":\"Organization\",\"@id\":\"https:\/\/rs-audiovideo.com\/#organization\",\"name\":\"Soluciones, Asesoria y Venta de Equipos Audiovisuales\",\"url\":\"https:\/\/rs-audiovideo.com\/\",\"logo\":{\"@type\":\"ImageObject\",\"inLanguage\":\"en-US\",\"@id\":\"https:\/\/rs-audiovideo.com\/#\/schema\/logo\/image\/\",\"url\":\"https:\/\/rs-audiovideo.com\/wp-content\/uploads\/2024\/06\/cropped-logointro.png\",\"contentUrl\":\"https:\/\/rs-audiovideo.com\/wp-content\/uploads\/2024\/06\/cropped-logointro.png\",\"width\":579,\"height\":127,\"caption\":\"Soluciones, Asesoria y Venta de Equipos Audiovisuales\"},\"image\":{\"@id\":\"https:\/\/rs-audiovideo.com\/#\/schema\/logo\/image\/\"}}]}<\/script>\n<!-- \/ Yoast SEO plugin. -->","yoast_head_json":{"title":"Sistema de monitor intrauditivo CODA - Soluciones, Asesoria y Venta de Equipos Audiovisuales","description":"El IEM-One es un amplificador de monitor personal en el o\u00eddo que le brinda un monitoreo personalizado con claridad limpia en cada concierto y ensayo.","robots":{"index":"index","follow":"follow","max-snippet":"max-snippet:-1","max-image-preview":"max-image-preview:large","max-video-preview":"max-video-preview:-1"},"canonical":"https:\/\/rs-audiovideo.com\/index.php\/product\/sistema-de-monitor-personal-intrauditivo-coda\/","og_locale":"en_US","og_type":"article","og_title":"Sistema de monitor intrauditivo CODA - Soluciones, Asesoria y Venta de Equipos Audiovisuales","og_description":"El IEM-One es un amplificador de monitor personal en el o\u00eddo que le brinda un monitoreo personalizado con claridad limpia en cada concierto y ensayo.","og_url":"https:\/\/rs-audiovideo.com\/index.php\/product\/sistema-de-monitor-personal-intrauditivo-coda\/","og_site_name":"Soluciones, Asesoria y Venta de Equipos Audiovisuales","article_modified_time":"2024-10-06T22:50:34+00:00","og_image":[{"width":1408,"height":1143,"url":"https:\/\/rs-audiovideo.com\/wp-content\/uploads\/2024\/09\/71ht7MiQ4uL._AC_SL1500_.jpg","type":"image\/jpeg"}],"twitter_card":"summary_large_image","twitter_misc":{"Est. reading time":"2 minutes"},"schema":{"@context":"https:\/\/schema.org","@graph":[{"@type":"WebPage","@id":"https:\/\/rs-audiovideo.com\/index.php\/product\/sistema-de-monitor-personal-intrauditivo-coda\/","url":"https:\/\/rs-audiovideo.com\/index.php\/product\/sistema-de-monitor-personal-intrauditivo-coda\/","name":"Sistema de monitor intrauditivo CODA - Soluciones, Asesoria y Venta de Equipos Audiovisuales","isPartOf":{"@id":"https:\/\/rs-audiovideo.com\/#website"},"primaryImageOfPage":{"@id":"https:\/\/rs-audiovideo.com\/index.php\/product\/sistema-de-monitor-personal-intrauditivo-coda\/#primaryimage"},"image":{"@id":"https:\/\/rs-audiovideo.com\/index.php\/product\/sistema-de-monitor-personal-intrauditivo-coda\/#primaryimage"},"thumbnailUrl":"https:\/\/rs-audiovideo.com\/wp-content\/uploads\/2024\/09\/71ht7MiQ4uL._AC_SL1500_.jpg","datePublished":"2024-09-01T05:19:56+00:00","dateModified":"2024-10-06T22:50:34+00:00","description":"El IEM-One es un amplificador de monitor personal en el o\u00eddo que le brinda un monitoreo personalizado con claridad limpia en cada concierto y ensayo.","breadcrumb":{"@id":"https:\/\/rs-audiovideo.com\/index.php\/product\/sistema-de-monitor-personal-intrauditivo-coda\/#breadcrumb"},"inLanguage":"en-US","potentialAction":[{"@type":"ReadAction","target":["https:\/\/rs-audiovideo.com\/index.php\/product\/sistema-de-monitor-personal-intrauditivo-coda\/"]}]},{"@type":"ImageObject","inLanguage":"en-US","@id":"https:\/\/rs-audiovideo.com\/index.php\/product\/sistema-de-monitor-personal-intrauditivo-coda\/#primaryimage","url":"https:\/\/rs-audiovideo.com\/wp-content\/uploads\/2024\/09\/71ht7MiQ4uL._AC_SL1500_.jpg","contentUrl":"https:\/\/rs-audiovideo.com\/wp-content\/uploads\/2024\/09\/71ht7MiQ4uL._AC_SL1500_.jpg","width":1408,"height":1143},{"@type":"BreadcrumbList","@id":"https:\/\/rs-audiovideo.com\/index.php\/product\/sistema-de-monitor-personal-intrauditivo-coda\/#breadcrumb","itemListElement":[{"@type":"ListItem","position":1,"name":"Home","item":"https:\/\/rs-audiovideo.com\/"},{"@type":"ListItem","position":2,"name":"Shop","item":"https:\/\/rs-audiovideo.com\/index.php\/shop-2\/"},{"@type":"ListItem","position":3,"name":"Sistema de monitor intrauditivo CODA"}]},{"@type":"WebSite","@id":"https:\/\/rs-audiovideo.com\/#website","url":"https:\/\/rs-audiovideo.com\/","name":"Soluciones, Asesoria y Venta de Equipos Audiovisuales","description":"","publisher":{"@id":"https:\/\/rs-audiovideo.com\/#organization"},"potentialAction":[{"@type":"SearchAction","target":{"@type":"EntryPoint","urlTemplate":"https:\/\/rs-audiovideo.com\/?s={search_term_string}"},"query-input":{"@type":"PropertyValueSpecification","valueRequired":true,"valueName":"search_term_string"}}],"inLanguage":"en-US"},{"@type":"Organization","@id":"https:\/\/rs-audiovideo.com\/#organization","name":"Soluciones, Asesoria y Venta de Equipos Audiovisuales","url":"https:\/\/rs-audiovideo.com\/","logo":{"@type":"ImageObject","inLanguage":"en-US","@id":"https:\/\/rs-audiovideo.com\/#\/schema\/logo\/image\/","url":"https:\/\/rs-audiovideo.com\/wp-content\/uploads\/2024\/06\/cropped-logointro.png","contentUrl":"https:\/\/rs-audiovideo.com\/wp-content\/uploads\/2024\/06\/cropped-logointro.png","width":579,"height":127,"caption":"Soluciones, Asesoria y Venta de Equipos Audiovisuales"},"image":{"@id":"https:\/\/rs-audiovideo.com\/#\/schema\/logo\/image\/"}}]}},"_links":{"self":[{"href":"https:\/\/rs-audiovideo.com\/index.php\/wp-json\/wp\/v2\/product\/5964","targetHints":{"allow":["GET"]}}],"collection":[{"href":"https:\/\/rs-audiovideo.com\/index.php\/wp-json\/wp\/v2\/product"}],"about":[{"href":"https:\/\/rs-audiovideo.com\/index.php\/wp-json\/wp\/v2\/types\/product"}],"replies":[{"embeddable":true,"href":"https:\/\/rs-audiovideo.com\/index.php\/wp-json\/wp\/v2\/comments?post=5964"}],"wp:featuredmedia":[{"embeddable":true,"href":"https:\/\/rs-audiovideo.com\/index.php\/wp-json\/wp\/v2\/media\/5966"}],"wp:attachment":[{"href":"https:\/\/rs-audiovideo.com\/index.php\/wp-json\/wp\/v2\/media?parent=5964"}],"wp:term":[{"taxonomy":"product_brand","embeddable":true,"href":"https:\/\/rs-audiovideo.com\/index.php\/wp-json\/wp\/v2\/product_brand?post=5964"},{"taxonomy":"product_cat","embeddable":true,"href":"https:\/\/rs-audiovideo.com\/index.php\/wp-json\/wp\/v2\/product_cat?post=5964"},{"taxonomy":"product_tag","embeddable":true,"href":"https:\/\/rs-audiovideo.com\/index.php\/wp-json\/wp\/v2\/product_tag?post=5964"}],"curies":[{"name":"wp","href":"https:\/\/api.w.org\/{rel}","templated":true}]}}