{"id":5977,"date":"2024-10-06T23:04:20","date_gmt":"2024-10-06T23:04:20","guid":{"rendered":"https:\/\/rs-audiovideo.com\/?post_type=product&#038;p=5977"},"modified":"2025-08-01T17:02:40","modified_gmt":"2025-08-01T17:02:40","slug":"ldmon12ag3-monitor-de-escenario-activo-12","status":"publish","type":"product","link":"https:\/\/rs-audiovideo.com\/index.php\/product\/ldmon12ag3-monitor-de-escenario-activo-12\/","title":{"rendered":"LDMON12AG3 Monitor de escenario activo 12"},"content":{"rendered":"<div class=\"product-name-description\">\n<h1 class=\"is-headline\">MON 12 A G3<span class=\"is-description\">Monitor de escenario activo coaxial de 12&#8243;<\/span><\/h1>\n<\/div>\n<div class=\"info pbxl\">\n<div class=\"article-nr\"><span class=\"article-nr-text\">N.\u00ba art\u00edculo:\u00a0<\/span><span class=\"article-nr-content\">LDMON12AG3<\/span><\/div>\n<div class=\"series-nr\"><span class=\"series-nr-text\">Serie:<\/span>\u00a0<span class=\"series-nr-content\">MON G3<\/span><\/div>\n<\/div>\n<div class=\"variants-wrapper\"><span class=\"title\">Modelos:<\/span><\/div>\n<div class=\"visible--xs visible--s visible--l visible--xl\">\n<div class=\"detail-features pbxxl pbn-m pbxxl-l\">\n<div class=\"detail-feature\"><i class=\"icon--check text--primary\"><\/i><\/p>\n<div class=\"detail-feature-text\">Monitor de escenario compacto y potente con tecnolog\u00eda de alta calidad<\/div>\n<div class=\"clear\">Amplificador de potencia de clase D con 300 W RMS\/1.200 W de pico y un SPL m\u00e1ximo de 127 dB<\/div>\n<\/div>\n<div class=\"detail-feature\">\n<div class=\"clear\">Dise\u00f1o coaxial que proporciona una verdadera fuente puntual, con un motor de agudos con diafragma de titanio de 1,75&#8243;<\/div>\n<\/div>\n<div class=\"detail-feature\">\n<div class=\"clear\">Woofer de 12&#8243; con bobina de 2,5&#8243;<\/div>\n<\/div>\n<div class=\"detail-feature\">\n<div class=\"clear\">Patr\u00f3n de radiaci\u00f3n optimizado y pr\u00e1ctico gracias al difusor de directividad constante de 50\u00b0 \u00d7 90\u00b0<\/div>\n<\/div>\n<div class=\"detail-feature\">\n<div class=\"clear\">DSP DynX\u00ae (Gen. 2) que ofrece un sonido sin distorsiones incluso a m\u00e1ximo volumen<\/div>\n<\/div>\n<div class=\"detail-feature\">\n<div class=\"clear\">Ecualizador de 3 bandas, filtro eliminador de banda, 4 preajustes de sonido y funci\u00f3n de retardo<\/div>\n<\/div>\n<div class=\"detail-feature\">\n<div class=\"clear\">Conexi\u00f3n de alimentaci\u00f3n profesional (compatible powerCON) en bucle<\/div>\n<\/div>\n<div class=\"detail-feature\">\n<div class=\"clear\">Montura de tr\u00edpode de 35 mm para aplicaciones FOH<\/div>\n<\/div>\n<div class=\"detail-feature\">\n<div class=\"clear\">Revestimiento duradero de poliurea y rejilla frontal robusta<\/div>\n<\/div>\n<\/div>\n<\/div>\n","protected":false},"excerpt":{"rendered":"<p>MON 12 A G3Monitor de escenario activo coaxial de 12&#8243; N.\u00ba art\u00edculo:\u00a0LDMON12AG3 Serie:\u00a0MON G3 Modelos: Monitor de escenario compacto y potente con tecnolog\u00eda de alta calidad Amplificador de potencia de<\/p>\n","protected":false},"featured_media":5982,"comment_status":"open","ping_status":"closed","template":"","meta":{"_acf_changed":false},"product_brand":[],"product_cat":[241,259,231],"product_tag":[],"class_list":{"0":"post-5977","1":"product","2":"type-product","3":"status-publish","4":"has-post-thumbnail","6":"product_cat-cabinas-activas","7":"product_cat-ld-systems","8":"product_cat-sonido-profesional","10":"first","11":"instock","12":"sale","13":"shipping-taxable","14":"purchasable","15":"product-type-simple","16":"add-to-wishlist-after_add_to_cart"},"acf":[],"yoast_head":"<!-- This site is optimized with the Yoast SEO plugin v26.0 - https:\/\/yoast.com\/wordpress\/plugins\/seo\/ -->\n<title>LDMON12AG3 Monitor de escenario activo 12 - Soluciones, Asesoria y Venta de Equipos Audiovisuales<\/title>\n<meta name=\"robots\" content=\"index, follow, max-snippet:-1, max-image-preview:large, max-video-preview:-1\" \/>\n<link rel=\"canonical\" href=\"https:\/\/rs-audiovideo.com\/index.php\/product\/ldmon12ag3-monitor-de-escenario-activo-12\/\" \/>\n<meta property=\"og:locale\" content=\"en_US\" \/>\n<meta property=\"og:type\" content=\"article\" \/>\n<meta property=\"og:title\" content=\"LDMON12AG3 Monitor de escenario activo 12 - Soluciones, Asesoria y Venta de Equipos Audiovisuales\" \/>\n<meta property=\"og:description\" content=\"MON 12 A G3Monitor de escenario activo coaxial de 12&#8243; N.\u00ba art\u00edculo:\u00a0LDMON12AG3 Serie:\u00a0MON G3 Modelos: Monitor de escenario compacto y potente con tecnolog\u00eda de alta calidad Amplificador de potencia de\" \/>\n<meta property=\"og:url\" content=\"https:\/\/rs-audiovideo.com\/index.php\/product\/ldmon12ag3-monitor-de-escenario-activo-12\/\" \/>\n<meta property=\"og:site_name\" content=\"Soluciones, Asesoria y Venta de Equipos Audiovisuales\" \/>\n<meta property=\"article:modified_time\" content=\"2025-08-01T17:02:40+00:00\" \/>\n<meta property=\"og:image\" content=\"https:\/\/rs-audiovideo.com\/wp-content\/uploads\/2024\/10\/LDMON12AG3_1.jpg\" \/>\n\t<meta property=\"og:image:width\" content=\"2000\" \/>\n\t<meta property=\"og:image:height\" content=\"2000\" \/>\n\t<meta property=\"og:image:type\" content=\"image\/jpeg\" \/>\n<meta name=\"twitter:card\" content=\"summary_large_image\" \/>\n<meta name=\"twitter:label1\" content=\"Est. reading time\" \/>\n\t<meta name=\"twitter:data1\" content=\"1 minute\" \/>\n<script type=\"application\/ld+json\" class=\"yoast-schema-graph\">{\"@context\":\"https:\/\/schema.org\",\"@graph\":[{\"@type\":\"WebPage\",\"@id\":\"https:\/\/rs-audiovideo.com\/index.php\/product\/ldmon12ag3-monitor-de-escenario-activo-12\/\",\"url\":\"https:\/\/rs-audiovideo.com\/index.php\/product\/ldmon12ag3-monitor-de-escenario-activo-12\/\",\"name\":\"LDMON12AG3 Monitor de escenario activo 12 - Soluciones, Asesoria y Venta de Equipos Audiovisuales\",\"isPartOf\":{\"@id\":\"https:\/\/rs-audiovideo.com\/#website\"},\"primaryImageOfPage\":{\"@id\":\"https:\/\/rs-audiovideo.com\/index.php\/product\/ldmon12ag3-monitor-de-escenario-activo-12\/#primaryimage\"},\"image\":{\"@id\":\"https:\/\/rs-audiovideo.com\/index.php\/product\/ldmon12ag3-monitor-de-escenario-activo-12\/#primaryimage\"},\"thumbnailUrl\":\"https:\/\/rs-audiovideo.com\/wp-content\/uploads\/2024\/10\/LDMON12AG3_1.jpg\",\"datePublished\":\"2024-10-06T23:04:20+00:00\",\"dateModified\":\"2025-08-01T17:02:40+00:00\",\"breadcrumb\":{\"@id\":\"https:\/\/rs-audiovideo.com\/index.php\/product\/ldmon12ag3-monitor-de-escenario-activo-12\/#breadcrumb\"},\"inLanguage\":\"en-US\",\"potentialAction\":[{\"@type\":\"ReadAction\",\"target\":[\"https:\/\/rs-audiovideo.com\/index.php\/product\/ldmon12ag3-monitor-de-escenario-activo-12\/\"]}]},{\"@type\":\"ImageObject\",\"inLanguage\":\"en-US\",\"@id\":\"https:\/\/rs-audiovideo.com\/index.php\/product\/ldmon12ag3-monitor-de-escenario-activo-12\/#primaryimage\",\"url\":\"https:\/\/rs-audiovideo.com\/wp-content\/uploads\/2024\/10\/LDMON12AG3_1.jpg\",\"contentUrl\":\"https:\/\/rs-audiovideo.com\/wp-content\/uploads\/2024\/10\/LDMON12AG3_1.jpg\",\"width\":2000,\"height\":2000},{\"@type\":\"BreadcrumbList\",\"@id\":\"https:\/\/rs-audiovideo.com\/index.php\/product\/ldmon12ag3-monitor-de-escenario-activo-12\/#breadcrumb\",\"itemListElement\":[{\"@type\":\"ListItem\",\"position\":1,\"name\":\"Home\",\"item\":\"https:\/\/rs-audiovideo.com\/\"},{\"@type\":\"ListItem\",\"position\":2,\"name\":\"Shop\",\"item\":\"https:\/\/rs-audiovideo.com\/index.php\/shop-2\/\"},{\"@type\":\"ListItem\",\"position\":3,\"name\":\"LDMON12AG3 Monitor de escenario activo 12\"}]},{\"@type\":\"WebSite\",\"@id\":\"https:\/\/rs-audiovideo.com\/#website\",\"url\":\"https:\/\/rs-audiovideo.com\/\",\"name\":\"Soluciones, Asesoria y Venta de Equipos Audiovisuales\",\"description\":\"\",\"publisher\":{\"@id\":\"https:\/\/rs-audiovideo.com\/#organization\"},\"potentialAction\":[{\"@type\":\"SearchAction\",\"target\":{\"@type\":\"EntryPoint\",\"urlTemplate\":\"https:\/\/rs-audiovideo.com\/?s={search_term_string}\"},\"query-input\":{\"@type\":\"PropertyValueSpecification\",\"valueRequired\":true,\"valueName\":\"search_term_string\"}}],\"inLanguage\":\"en-US\"},{\"@type\":\"Organization\",\"@id\":\"https:\/\/rs-audiovideo.com\/#organization\",\"name\":\"Soluciones, Asesoria y Venta de Equipos Audiovisuales\",\"url\":\"https:\/\/rs-audiovideo.com\/\",\"logo\":{\"@type\":\"ImageObject\",\"inLanguage\":\"en-US\",\"@id\":\"https:\/\/rs-audiovideo.com\/#\/schema\/logo\/image\/\",\"url\":\"https:\/\/rs-audiovideo.com\/wp-content\/uploads\/2024\/06\/cropped-logointro.png\",\"contentUrl\":\"https:\/\/rs-audiovideo.com\/wp-content\/uploads\/2024\/06\/cropped-logointro.png\",\"width\":579,\"height\":127,\"caption\":\"Soluciones, Asesoria y Venta de Equipos Audiovisuales\"},\"image\":{\"@id\":\"https:\/\/rs-audiovideo.com\/#\/schema\/logo\/image\/\"}}]}<\/script>\n<!-- \/ Yoast SEO plugin. -->","yoast_head_json":{"title":"LDMON12AG3 Monitor de escenario activo 12 - Soluciones, Asesoria y Venta de Equipos Audiovisuales","robots":{"index":"index","follow":"follow","max-snippet":"max-snippet:-1","max-image-preview":"max-image-preview:large","max-video-preview":"max-video-preview:-1"},"canonical":"https:\/\/rs-audiovideo.com\/index.php\/product\/ldmon12ag3-monitor-de-escenario-activo-12\/","og_locale":"en_US","og_type":"article","og_title":"LDMON12AG3 Monitor de escenario activo 12 - Soluciones, Asesoria y Venta de Equipos Audiovisuales","og_description":"MON 12 A G3Monitor de escenario activo coaxial de 12&#8243; N.\u00ba art\u00edculo:\u00a0LDMON12AG3 Serie:\u00a0MON G3 Modelos: Monitor de escenario compacto y potente con tecnolog\u00eda de alta calidad Amplificador de potencia de","og_url":"https:\/\/rs-audiovideo.com\/index.php\/product\/ldmon12ag3-monitor-de-escenario-activo-12\/","og_site_name":"Soluciones, Asesoria y Venta de Equipos Audiovisuales","article_modified_time":"2025-08-01T17:02:40+00:00","og_image":[{"width":2000,"height":2000,"url":"https:\/\/rs-audiovideo.com\/wp-content\/uploads\/2024\/10\/LDMON12AG3_1.jpg","type":"image\/jpeg"}],"twitter_card":"summary_large_image","twitter_misc":{"Est. reading time":"1 minute"},"schema":{"@context":"https:\/\/schema.org","@graph":[{"@type":"WebPage","@id":"https:\/\/rs-audiovideo.com\/index.php\/product\/ldmon12ag3-monitor-de-escenario-activo-12\/","url":"https:\/\/rs-audiovideo.com\/index.php\/product\/ldmon12ag3-monitor-de-escenario-activo-12\/","name":"LDMON12AG3 Monitor de escenario activo 12 - Soluciones, Asesoria y Venta de Equipos Audiovisuales","isPartOf":{"@id":"https:\/\/rs-audiovideo.com\/#website"},"primaryImageOfPage":{"@id":"https:\/\/rs-audiovideo.com\/index.php\/product\/ldmon12ag3-monitor-de-escenario-activo-12\/#primaryimage"},"image":{"@id":"https:\/\/rs-audiovideo.com\/index.php\/product\/ldmon12ag3-monitor-de-escenario-activo-12\/#primaryimage"},"thumbnailUrl":"https:\/\/rs-audiovideo.com\/wp-content\/uploads\/2024\/10\/LDMON12AG3_1.jpg","datePublished":"2024-10-06T23:04:20+00:00","dateModified":"2025-08-01T17:02:40+00:00","breadcrumb":{"@id":"https:\/\/rs-audiovideo.com\/index.php\/product\/ldmon12ag3-monitor-de-escenario-activo-12\/#breadcrumb"},"inLanguage":"en-US","potentialAction":[{"@type":"ReadAction","target":["https:\/\/rs-audiovideo.com\/index.php\/product\/ldmon12ag3-monitor-de-escenario-activo-12\/"]}]},{"@type":"ImageObject","inLanguage":"en-US","@id":"https:\/\/rs-audiovideo.com\/index.php\/product\/ldmon12ag3-monitor-de-escenario-activo-12\/#primaryimage","url":"https:\/\/rs-audiovideo.com\/wp-content\/uploads\/2024\/10\/LDMON12AG3_1.jpg","contentUrl":"https:\/\/rs-audiovideo.com\/wp-content\/uploads\/2024\/10\/LDMON12AG3_1.jpg","width":2000,"height":2000},{"@type":"BreadcrumbList","@id":"https:\/\/rs-audiovideo.com\/index.php\/product\/ldmon12ag3-monitor-de-escenario-activo-12\/#breadcrumb","itemListElement":[{"@type":"ListItem","position":1,"name":"Home","item":"https:\/\/rs-audiovideo.com\/"},{"@type":"ListItem","position":2,"name":"Shop","item":"https:\/\/rs-audiovideo.com\/index.php\/shop-2\/"},{"@type":"ListItem","position":3,"name":"LDMON12AG3 Monitor de escenario activo 12"}]},{"@type":"WebSite","@id":"https:\/\/rs-audiovideo.com\/#website","url":"https:\/\/rs-audiovideo.com\/","name":"Soluciones, Asesoria y Venta de Equipos Audiovisuales","description":"","publisher":{"@id":"https:\/\/rs-audiovideo.com\/#organization"},"potentialAction":[{"@type":"SearchAction","target":{"@type":"EntryPoint","urlTemplate":"https:\/\/rs-audiovideo.com\/?s={search_term_string}"},"query-input":{"@type":"PropertyValueSpecification","valueRequired":true,"valueName":"search_term_string"}}],"inLanguage":"en-US"},{"@type":"Organization","@id":"https:\/\/rs-audiovideo.com\/#organization","name":"Soluciones, Asesoria y Venta de Equipos Audiovisuales","url":"https:\/\/rs-audiovideo.com\/","logo":{"@type":"ImageObject","inLanguage":"en-US","@id":"https:\/\/rs-audiovideo.com\/#\/schema\/logo\/image\/","url":"https:\/\/rs-audiovideo.com\/wp-content\/uploads\/2024\/06\/cropped-logointro.png","contentUrl":"https:\/\/rs-audiovideo.com\/wp-content\/uploads\/2024\/06\/cropped-logointro.png","width":579,"height":127,"caption":"Soluciones, Asesoria y Venta de Equipos Audiovisuales"},"image":{"@id":"https:\/\/rs-audiovideo.com\/#\/schema\/logo\/image\/"}}]}},"_links":{"self":[{"href":"https:\/\/rs-audiovideo.com\/index.php\/wp-json\/wp\/v2\/product\/5977","targetHints":{"allow":["GET"]}}],"collection":[{"href":"https:\/\/rs-audiovideo.com\/index.php\/wp-json\/wp\/v2\/product"}],"about":[{"href":"https:\/\/rs-audiovideo.com\/index.php\/wp-json\/wp\/v2\/types\/product"}],"replies":[{"embeddable":true,"href":"https:\/\/rs-audiovideo.com\/index.php\/wp-json\/wp\/v2\/comments?post=5977"}],"wp:featuredmedia":[{"embeddable":true,"href":"https:\/\/rs-audiovideo.com\/index.php\/wp-json\/wp\/v2\/media\/5982"}],"wp:attachment":[{"href":"https:\/\/rs-audiovideo.com\/index.php\/wp-json\/wp\/v2\/media?parent=5977"}],"wp:term":[{"taxonomy":"product_brand","embeddable":true,"href":"https:\/\/rs-audiovideo.com\/index.php\/wp-json\/wp\/v2\/product_brand?post=5977"},{"taxonomy":"product_cat","embeddable":true,"href":"https:\/\/rs-audiovideo.com\/index.php\/wp-json\/wp\/v2\/product_cat?post=5977"},{"taxonomy":"product_tag","embeddable":true,"href":"https:\/\/rs-audiovideo.com\/index.php\/wp-json\/wp\/v2\/product_tag?post=5977"}],"curies":[{"name":"wp","href":"https:\/\/api.w.org\/{rel}","templated":true}]}}