{"id":5998,"date":"2024-12-05T03:59:01","date_gmt":"2024-12-05T03:59:01","guid":{"rendered":"https:\/\/rs-audiovideo.com\/?post_type=product&#038;p=5998"},"modified":"2024-12-05T04:02:56","modified_gmt":"2024-12-05T04:02:56","slug":"lamina-black-theater-1-22-x-2-44-x-2","status":"publish","type":"product","link":"https:\/\/rs-audiovideo.com\/index.php\/product\/lamina-black-theater-1-22-x-2-44-x-2\/","title":{"rendered":"L\u00e1mina Black Theater 1.22 x 2.44 x 2"},"content":{"rendered":"<p>Black Theater es una soluci\u00f3n de aislamiento termoac\u00fastico para acondicionamiento de espacios interiores y control lum\u00ednico en cinemas m\u00faltiplex, estudios de sonido, oficinas, auditorios, teatros, iglesias&#8230;<\/p>\n<p><strong>L\u00e1mina Black Theater<\/strong>\u00a0es una soluci\u00f3n de aislamiento termoac\u00fastico para acondicionamiento de espacios interiores y control lum\u00ednico en cinemas m\u00faltiplex, estudios de sonido, oficinas, auditorios, teatros, etc. l\u00e1minas. Est\u00e1 compuesto por un cuerpo en fibra de vidrio aglomerada con resina termo-resistente y un acabado en refuerzo de fibra de vidrio.<\/p>\n<p>La l\u00e1mina Black Theater ha sido dise\u00f1ado para aplicaciones ac\u00fasticas, no para ser expuesto directamente a condiciones ambientales. El producto tiene un excelente desempe\u00f1o ac\u00fastico para cinemas multiplex, salas de cine, estudios de sonido, auditorios, teatros, home theaters y en general espacios que requieran un control ac\u00fastico en sus dise\u00f1os.<\/p>\n<p>La l\u00e1mina Black Theater\u00a0 ha sido dise\u00f1ado para proveer facilidad de instalaci\u00f3n y retenci\u00f3n de sus propiedades de desempe\u00f1o. El aislamiento puede ser ubicado sobre paneles de yeso (dry-wall), bloques de concreto, o concreto prefabricado, mediante dispositivos mec\u00e1nicos o sistemas de suspensi\u00f3n adecuados incluyendo adhesivos apropiados.<\/p>\n<p>Las caracter\u00edsticas de quemado superficial han sido evaluadas de acuerdo a los m\u00e9todos UL723, FS\/SD=25\/50, SELLO UL File R18971. El producto tiene excelentes propiedades de resiliencia y funciona como absorbedor del sonido y neutralizador de vibraciones o como barrera de transmisi\u00f3n del sonido en funci\u00f3n del espesor seleccionado y los sistemas complementarios.<\/p>\n<p>La l\u00e1mina Black Theater fue dise\u00f1ada con acabado soporta aire que opera a velocidades de hasta 30.5 m\/s (6000 fpm) y presi\u00f3n est\u00e1tica hasta est\u00e1tica hasta 498 Pa (2 in WG) sin evidencia de erosi\u00f3n en la fibra de vidrio, deformaci\u00f3n o separaci\u00f3n del acabado. La l\u00e1mina Black Theater debe ser protegido para que se mantenga seco durante el transporte, almacenamiento e instalaci\u00f3n.<\/p>\n","protected":false},"excerpt":{"rendered":"<p>Black Theater es una soluci\u00f3n de aislamiento termoac\u00fastico para acondicionamiento de espacios interiores y control lum\u00ednico en cinemas m\u00faltiplex, estudios de sonido, oficinas, auditorios, teatros, iglesias&#8230; L\u00e1mina Black Theater\u00a0es una<\/p>\n","protected":false},"featured_media":6000,"comment_status":"open","ping_status":"closed","template":"","meta":{"_acf_changed":false},"product_brand":[],"product_cat":[280],"product_tag":[],"class_list":{"0":"post-5998","1":"product","2":"type-product","3":"status-publish","4":"has-post-thumbnail","6":"product_cat-acustica-e-insonorizacion","8":"first","9":"instock","10":"shipping-taxable","11":"purchasable","12":"product-type-simple","13":"add-to-wishlist-after_add_to_cart"},"acf":[],"yoast_head":"<!-- This site is optimized with the Yoast SEO plugin v26.0 - https:\/\/yoast.com\/wordpress\/plugins\/seo\/ -->\n<title>L\u00e1mina Black Theater 1.22 x 2.44 x 2 - Soluciones, Asesoria y Venta de Equipos Audiovisuales<\/title>\n<meta name=\"robots\" content=\"index, follow, max-snippet:-1, max-image-preview:large, max-video-preview:-1\" \/>\n<link rel=\"canonical\" href=\"https:\/\/rs-audiovideo.com\/index.php\/product\/lamina-black-theater-1-22-x-2-44-x-2\/\" \/>\n<meta property=\"og:locale\" content=\"en_US\" \/>\n<meta property=\"og:type\" content=\"article\" \/>\n<meta property=\"og:title\" content=\"L\u00e1mina Black Theater 1.22 x 2.44 x 2 - Soluciones, Asesoria y Venta de Equipos Audiovisuales\" \/>\n<meta property=\"og:description\" content=\"Black Theater es una soluci\u00f3n de aislamiento termoac\u00fastico para acondicionamiento de espacios interiores y control lum\u00ednico en cinemas m\u00faltiplex, estudios de sonido, oficinas, auditorios, teatros, iglesias&#8230; L\u00e1mina Black Theater\u00a0es una\" \/>\n<meta property=\"og:url\" content=\"https:\/\/rs-audiovideo.com\/index.php\/product\/lamina-black-theater-1-22-x-2-44-x-2\/\" \/>\n<meta property=\"og:site_name\" content=\"Soluciones, Asesoria y Venta de Equipos Audiovisuales\" \/>\n<meta property=\"article:modified_time\" content=\"2024-12-05T04:02:56+00:00\" \/>\n<meta property=\"og:image\" content=\"https:\/\/rs-audiovideo.com\/wp-content\/uploads\/2024\/12\/Black_teather.jpg\" \/>\n\t<meta property=\"og:image:width\" content=\"800\" \/>\n\t<meta property=\"og:image:height\" content=\"800\" \/>\n\t<meta property=\"og:image:type\" content=\"image\/jpeg\" \/>\n<meta name=\"twitter:card\" content=\"summary_large_image\" \/>\n<meta name=\"twitter:label1\" content=\"Est. reading time\" \/>\n\t<meta name=\"twitter:data1\" content=\"2 minutes\" \/>\n<script type=\"application\/ld+json\" class=\"yoast-schema-graph\">{\"@context\":\"https:\/\/schema.org\",\"@graph\":[{\"@type\":\"WebPage\",\"@id\":\"https:\/\/rs-audiovideo.com\/index.php\/product\/lamina-black-theater-1-22-x-2-44-x-2\/\",\"url\":\"https:\/\/rs-audiovideo.com\/index.php\/product\/lamina-black-theater-1-22-x-2-44-x-2\/\",\"name\":\"L\u00e1mina Black Theater 1.22 x 2.44 x 2 - Soluciones, Asesoria y Venta de Equipos Audiovisuales\",\"isPartOf\":{\"@id\":\"https:\/\/rs-audiovideo.com\/#website\"},\"primaryImageOfPage\":{\"@id\":\"https:\/\/rs-audiovideo.com\/index.php\/product\/lamina-black-theater-1-22-x-2-44-x-2\/#primaryimage\"},\"image\":{\"@id\":\"https:\/\/rs-audiovideo.com\/index.php\/product\/lamina-black-theater-1-22-x-2-44-x-2\/#primaryimage\"},\"thumbnailUrl\":\"https:\/\/rs-audiovideo.com\/wp-content\/uploads\/2024\/12\/Black_teather.jpg\",\"datePublished\":\"2024-12-05T03:59:01+00:00\",\"dateModified\":\"2024-12-05T04:02:56+00:00\",\"breadcrumb\":{\"@id\":\"https:\/\/rs-audiovideo.com\/index.php\/product\/lamina-black-theater-1-22-x-2-44-x-2\/#breadcrumb\"},\"inLanguage\":\"en-US\",\"potentialAction\":[{\"@type\":\"ReadAction\",\"target\":[\"https:\/\/rs-audiovideo.com\/index.php\/product\/lamina-black-theater-1-22-x-2-44-x-2\/\"]}]},{\"@type\":\"ImageObject\",\"inLanguage\":\"en-US\",\"@id\":\"https:\/\/rs-audiovideo.com\/index.php\/product\/lamina-black-theater-1-22-x-2-44-x-2\/#primaryimage\",\"url\":\"https:\/\/rs-audiovideo.com\/wp-content\/uploads\/2024\/12\/Black_teather.jpg\",\"contentUrl\":\"https:\/\/rs-audiovideo.com\/wp-content\/uploads\/2024\/12\/Black_teather.jpg\",\"width\":800,\"height\":800},{\"@type\":\"BreadcrumbList\",\"@id\":\"https:\/\/rs-audiovideo.com\/index.php\/product\/lamina-black-theater-1-22-x-2-44-x-2\/#breadcrumb\",\"itemListElement\":[{\"@type\":\"ListItem\",\"position\":1,\"name\":\"Home\",\"item\":\"https:\/\/rs-audiovideo.com\/\"},{\"@type\":\"ListItem\",\"position\":2,\"name\":\"Shop\",\"item\":\"https:\/\/rs-audiovideo.com\/index.php\/shop-2\/\"},{\"@type\":\"ListItem\",\"position\":3,\"name\":\"L\u00e1mina Black Theater 1.22 x 2.44 x 2\"}]},{\"@type\":\"WebSite\",\"@id\":\"https:\/\/rs-audiovideo.com\/#website\",\"url\":\"https:\/\/rs-audiovideo.com\/\",\"name\":\"Soluciones, Asesoria y Venta de Equipos Audiovisuales\",\"description\":\"\",\"publisher\":{\"@id\":\"https:\/\/rs-audiovideo.com\/#organization\"},\"potentialAction\":[{\"@type\":\"SearchAction\",\"target\":{\"@type\":\"EntryPoint\",\"urlTemplate\":\"https:\/\/rs-audiovideo.com\/?s={search_term_string}\"},\"query-input\":{\"@type\":\"PropertyValueSpecification\",\"valueRequired\":true,\"valueName\":\"search_term_string\"}}],\"inLanguage\":\"en-US\"},{\"@type\":\"Organization\",\"@id\":\"https:\/\/rs-audiovideo.com\/#organization\",\"name\":\"Soluciones, Asesoria y Venta de Equipos Audiovisuales\",\"url\":\"https:\/\/rs-audiovideo.com\/\",\"logo\":{\"@type\":\"ImageObject\",\"inLanguage\":\"en-US\",\"@id\":\"https:\/\/rs-audiovideo.com\/#\/schema\/logo\/image\/\",\"url\":\"https:\/\/rs-audiovideo.com\/wp-content\/uploads\/2024\/06\/cropped-logointro.png\",\"contentUrl\":\"https:\/\/rs-audiovideo.com\/wp-content\/uploads\/2024\/06\/cropped-logointro.png\",\"width\":579,\"height\":127,\"caption\":\"Soluciones, Asesoria y Venta de Equipos Audiovisuales\"},\"image\":{\"@id\":\"https:\/\/rs-audiovideo.com\/#\/schema\/logo\/image\/\"}}]}<\/script>\n<!-- \/ Yoast SEO plugin. -->","yoast_head_json":{"title":"L\u00e1mina Black Theater 1.22 x 2.44 x 2 - Soluciones, Asesoria y Venta de Equipos Audiovisuales","robots":{"index":"index","follow":"follow","max-snippet":"max-snippet:-1","max-image-preview":"max-image-preview:large","max-video-preview":"max-video-preview:-1"},"canonical":"https:\/\/rs-audiovideo.com\/index.php\/product\/lamina-black-theater-1-22-x-2-44-x-2\/","og_locale":"en_US","og_type":"article","og_title":"L\u00e1mina Black Theater 1.22 x 2.44 x 2 - Soluciones, Asesoria y Venta de Equipos Audiovisuales","og_description":"Black Theater es una soluci\u00f3n de aislamiento termoac\u00fastico para acondicionamiento de espacios interiores y control lum\u00ednico en cinemas m\u00faltiplex, estudios de sonido, oficinas, auditorios, teatros, iglesias&#8230; L\u00e1mina Black Theater\u00a0es una","og_url":"https:\/\/rs-audiovideo.com\/index.php\/product\/lamina-black-theater-1-22-x-2-44-x-2\/","og_site_name":"Soluciones, Asesoria y Venta de Equipos Audiovisuales","article_modified_time":"2024-12-05T04:02:56+00:00","og_image":[{"width":800,"height":800,"url":"https:\/\/rs-audiovideo.com\/wp-content\/uploads\/2024\/12\/Black_teather.jpg","type":"image\/jpeg"}],"twitter_card":"summary_large_image","twitter_misc":{"Est. reading time":"2 minutes"},"schema":{"@context":"https:\/\/schema.org","@graph":[{"@type":"WebPage","@id":"https:\/\/rs-audiovideo.com\/index.php\/product\/lamina-black-theater-1-22-x-2-44-x-2\/","url":"https:\/\/rs-audiovideo.com\/index.php\/product\/lamina-black-theater-1-22-x-2-44-x-2\/","name":"L\u00e1mina Black Theater 1.22 x 2.44 x 2 - Soluciones, Asesoria y Venta de Equipos Audiovisuales","isPartOf":{"@id":"https:\/\/rs-audiovideo.com\/#website"},"primaryImageOfPage":{"@id":"https:\/\/rs-audiovideo.com\/index.php\/product\/lamina-black-theater-1-22-x-2-44-x-2\/#primaryimage"},"image":{"@id":"https:\/\/rs-audiovideo.com\/index.php\/product\/lamina-black-theater-1-22-x-2-44-x-2\/#primaryimage"},"thumbnailUrl":"https:\/\/rs-audiovideo.com\/wp-content\/uploads\/2024\/12\/Black_teather.jpg","datePublished":"2024-12-05T03:59:01+00:00","dateModified":"2024-12-05T04:02:56+00:00","breadcrumb":{"@id":"https:\/\/rs-audiovideo.com\/index.php\/product\/lamina-black-theater-1-22-x-2-44-x-2\/#breadcrumb"},"inLanguage":"en-US","potentialAction":[{"@type":"ReadAction","target":["https:\/\/rs-audiovideo.com\/index.php\/product\/lamina-black-theater-1-22-x-2-44-x-2\/"]}]},{"@type":"ImageObject","inLanguage":"en-US","@id":"https:\/\/rs-audiovideo.com\/index.php\/product\/lamina-black-theater-1-22-x-2-44-x-2\/#primaryimage","url":"https:\/\/rs-audiovideo.com\/wp-content\/uploads\/2024\/12\/Black_teather.jpg","contentUrl":"https:\/\/rs-audiovideo.com\/wp-content\/uploads\/2024\/12\/Black_teather.jpg","width":800,"height":800},{"@type":"BreadcrumbList","@id":"https:\/\/rs-audiovideo.com\/index.php\/product\/lamina-black-theater-1-22-x-2-44-x-2\/#breadcrumb","itemListElement":[{"@type":"ListItem","position":1,"name":"Home","item":"https:\/\/rs-audiovideo.com\/"},{"@type":"ListItem","position":2,"name":"Shop","item":"https:\/\/rs-audiovideo.com\/index.php\/shop-2\/"},{"@type":"ListItem","position":3,"name":"L\u00e1mina Black Theater 1.22 x 2.44 x 2"}]},{"@type":"WebSite","@id":"https:\/\/rs-audiovideo.com\/#website","url":"https:\/\/rs-audiovideo.com\/","name":"Soluciones, Asesoria y Venta de Equipos Audiovisuales","description":"","publisher":{"@id":"https:\/\/rs-audiovideo.com\/#organization"},"potentialAction":[{"@type":"SearchAction","target":{"@type":"EntryPoint","urlTemplate":"https:\/\/rs-audiovideo.com\/?s={search_term_string}"},"query-input":{"@type":"PropertyValueSpecification","valueRequired":true,"valueName":"search_term_string"}}],"inLanguage":"en-US"},{"@type":"Organization","@id":"https:\/\/rs-audiovideo.com\/#organization","name":"Soluciones, Asesoria y Venta de Equipos Audiovisuales","url":"https:\/\/rs-audiovideo.com\/","logo":{"@type":"ImageObject","inLanguage":"en-US","@id":"https:\/\/rs-audiovideo.com\/#\/schema\/logo\/image\/","url":"https:\/\/rs-audiovideo.com\/wp-content\/uploads\/2024\/06\/cropped-logointro.png","contentUrl":"https:\/\/rs-audiovideo.com\/wp-content\/uploads\/2024\/06\/cropped-logointro.png","width":579,"height":127,"caption":"Soluciones, Asesoria y Venta de Equipos Audiovisuales"},"image":{"@id":"https:\/\/rs-audiovideo.com\/#\/schema\/logo\/image\/"}}]}},"_links":{"self":[{"href":"https:\/\/rs-audiovideo.com\/index.php\/wp-json\/wp\/v2\/product\/5998","targetHints":{"allow":["GET"]}}],"collection":[{"href":"https:\/\/rs-audiovideo.com\/index.php\/wp-json\/wp\/v2\/product"}],"about":[{"href":"https:\/\/rs-audiovideo.com\/index.php\/wp-json\/wp\/v2\/types\/product"}],"replies":[{"embeddable":true,"href":"https:\/\/rs-audiovideo.com\/index.php\/wp-json\/wp\/v2\/comments?post=5998"}],"wp:featuredmedia":[{"embeddable":true,"href":"https:\/\/rs-audiovideo.com\/index.php\/wp-json\/wp\/v2\/media\/6000"}],"wp:attachment":[{"href":"https:\/\/rs-audiovideo.com\/index.php\/wp-json\/wp\/v2\/media?parent=5998"}],"wp:term":[{"taxonomy":"product_brand","embeddable":true,"href":"https:\/\/rs-audiovideo.com\/index.php\/wp-json\/wp\/v2\/product_brand?post=5998"},{"taxonomy":"product_cat","embeddable":true,"href":"https:\/\/rs-audiovideo.com\/index.php\/wp-json\/wp\/v2\/product_cat?post=5998"},{"taxonomy":"product_tag","embeddable":true,"href":"https:\/\/rs-audiovideo.com\/index.php\/wp-json\/wp\/v2\/product_tag?post=5998"}],"curies":[{"name":"wp","href":"https:\/\/api.w.org\/{rel}","templated":true}]}}