{"id":6029,"date":"2025-09-24T05:21:27","date_gmt":"2025-09-24T05:21:27","guid":{"rendered":"https:\/\/rs-audiovideo.com\/?post_type=product&#038;p=6029"},"modified":"2025-09-24T05:25:30","modified_gmt":"2025-09-24T05:25:30","slug":"jbl-srx928s-subwoofer-activo-1100w-140db-2","status":"publish","type":"product","link":"https:\/\/rs-audiovideo.com\/index.php\/product\/jbl-srx928s-subwoofer-activo-1100w-140db-2\/","title":{"rendered":"JBL SRX918S Bajo activo 18\u2033 134 dB"},"content":{"rendered":"<h3>Subwoofer activo de 18 pulgadas<\/h3>\n<p>La serie SRX900 incorpora los principios de rendimiento avanzado que impulsan el desarrollo de productos de audio de JBL que marcan una diferencia real en el mundo del audio profesional. Esta familia de subwoofers y arreglos lineales autoamplificados de pr\u00f3xima generaci\u00f3n aborda la creciente necesidad de soluciones escalables de refuerzo de sonido profesional de formato peque\u00f1o y mediano para empresas de alquiler, instalaciones fijas y m\u00fasicos que buscan la mejor combinaci\u00f3n de rendimiento y portabilidad.<\/p>\n<p>El SRX918S es un \u00fanico subwoofer activo de 18 pulgadas dise\u00f1ado para complementar los sistemas de refuerzo de sonido de gama completa de la serie SRX900. El subwoofer alberga un woofer JBL 2279-1 de 18 pulgadas con Differential Drive\u00ae, la bobina de voz dual de JBL, tecnolog\u00eda de doble separaci\u00f3n, para brindar una mejor disipaci\u00f3n de calor, menor compresi\u00f3n de potencia y un rango din\u00e1mico m\u00e1s amplio que los dise\u00f1os convencionales de bobina simple.<\/p>\n<p>El DSP y la amplificaci\u00f3n incorporados ofrecen una experiencia plug and play al tiempo que brindan consistencia y un rendimiento \u00f3ptimo en cualquier parte del mundo. El SRX918S incorpora un gran dise\u00f1o de puerto de baja frecuencia que mejora el flujo de aire y reduce la turbulencia audible, incluso a altos niveles de salida. Un nuevo paquete de software con todas las funciones brinda a los usuarios el control del sistema en varias plataformas, incluidos Windows, macOS y iPad OS.<\/p>\n<p><iframe loading=\"lazy\" class=\" lazyloaded\" title=\"JBL SRX900 Series: Technical Overview\" src=\"https:\/\/www.youtube.com\/embed\/Y86LiUitdJM?feature=oembed&amp;enablejsapi=1&amp;origin=https:\/\/audioluces.com\" width=\"840\" height=\"473\" frameborder=\"0\" allowfullscreen=\"allowfullscreen\" data-src=\"https:\/\/www.youtube.com\/embed\/Y86LiUitdJM?feature=oembed&amp;enablejsapi=1&amp;origin=https:\/\/audioluces.com\" data-mce-fragment=\"1\"><\/iframe><\/p>\n<h3>Caracter\u00edsticas<\/h3>\n<ul>\n<li>Soluci\u00f3n de sistema de alta densidad y alto rendimiento en un formato apto para camiones<\/li>\n<li>Los transductores de manejo de alta potencia ofrecen baja distorsi\u00f3n, alta fidelidad y salida l\u00edder en su clase<\/li>\n<li>Amplificaci\u00f3n Clase D incorporada, enfriada pasivamente con una fuente de alimentaci\u00f3n universal<\/li>\n<li>Puertos Ethernet duales con conectores Neutrik etherCON<\/li>\n<li>Soporta HARMAN HControlEthernet<\/li>\n<li>DSP controlable por el usuario<\/li>\n<li>La limitaci\u00f3n LevelMax utiliza sofisticados algoritmos de control de excursi\u00f3n para proteger los transductores<\/li>\n<li>La pantalla LCD del panel posterior brinda acceso completo a las funciones de control<\/li>\n<li>Cajas de madera contrachapada reforzada de 18 mm<\/li>\n<\/ul>\n<h3>Ficha T\u00e9cnica<\/h3>\n<ul>\n<li>Rango de frecuencia (-10dB) 35 Hz-90 Hz (Preestablecido: 80 Hz)<\/li>\n<li>Patr\u00f3n de cobertura Omnidireccional o Cardioide<\/li>\n<li>SPL m\u00e1ximo 134 dB (preestablecido: 80 Hz)<\/li>\n<li>Tipo de sistema Subwoofer activo<\/li>\n<li>Dise\u00f1o de amplificador Clase-D<\/li>\n<li>Clasificaci\u00f3n de potencia continua 1100 vatios<\/li>\n<li>Controlador de baja frecuencia (1) JBL 2279G-1, 18 pulgadas de di\u00e1metro, 4 ohmios, bobina de voz doble de 3,0 pulgadas<\/li>\n<li>de di\u00e1metro, ferrita Differential Drive\u00ae<\/li>\n<li>Recinto Madera contrachapada de 18 mm, acabado Black DuraFlex, dos manijas integradas empotradas<\/li>\n<li>Dimensiones (Al. x An. x Pr.) 575 mm x 684 mm x 683 mm (22,6 pulgadas x 26,9 pulgadas x 26,9 pulgadas)<\/li>\n<li>Peso neto (cada uno) 44,5 kg (98 libras)<\/li>\n<\/ul>\n","protected":false},"excerpt":{"rendered":"<p>Subwoofer activo de 18 pulgadas La serie SRX900 incorpora los principios de rendimiento avanzado que impulsan el desarrollo de productos de audio de JBL que marcan una diferencia real en<\/p>\n","protected":false},"featured_media":6033,"comment_status":"open","ping_status":"closed","template":"","meta":{"_acf_changed":false},"product_brand":[],"product_cat":[276,245,246],"product_tag":[],"class_list":{"0":"post-6029","1":"product","2":"type-product","3":"status-publish","4":"has-post-thumbnail","6":"product_cat-jbl","7":"product_cat-line-array","8":"product_cat-subwoofer-activo","10":"first","11":"instock","12":"shipping-taxable","13":"product-type-simple","14":"add-to-wishlist-after_add_to_cart"},"acf":[],"yoast_head":"<!-- This site is optimized with the Yoast SEO plugin v26.0 - https:\/\/yoast.com\/wordpress\/plugins\/seo\/ -->\n<title>JBL SRX918S Bajo activo 18\u2033 134 dB - Soluciones, Asesoria y Venta de Equipos Audiovisuales<\/title>\n<meta name=\"robots\" content=\"index, follow, max-snippet:-1, max-image-preview:large, max-video-preview:-1\" \/>\n<link rel=\"canonical\" href=\"https:\/\/rs-audiovideo.com\/index.php\/product\/jbl-srx928s-subwoofer-activo-1100w-140db-2\/\" \/>\n<meta property=\"og:locale\" content=\"en_US\" \/>\n<meta property=\"og:type\" content=\"article\" \/>\n<meta property=\"og:title\" content=\"JBL SRX918S Bajo activo 18\u2033 134 dB - Soluciones, Asesoria y Venta de Equipos Audiovisuales\" \/>\n<meta property=\"og:description\" content=\"Subwoofer activo de 18 pulgadas La serie SRX900 incorpora los principios de rendimiento avanzado que impulsan el desarrollo de productos de audio de JBL que marcan una diferencia real en\" \/>\n<meta property=\"og:url\" content=\"https:\/\/rs-audiovideo.com\/index.php\/product\/jbl-srx928s-subwoofer-activo-1100w-140db-2\/\" \/>\n<meta property=\"og:site_name\" content=\"Soluciones, Asesoria y Venta de Equipos Audiovisuales\" \/>\n<meta property=\"article:modified_time\" content=\"2025-09-24T05:25:30+00:00\" \/>\n<meta property=\"og:image\" content=\"https:\/\/rs-audiovideo.com\/wp-content\/uploads\/2025\/09\/SRX918S_0010.jpg.webp\" \/>\n\t<meta property=\"og:image:width\" content=\"1000\" \/>\n\t<meta property=\"og:image:height\" content=\"1000\" \/>\n\t<meta property=\"og:image:type\" content=\"image\/webp\" \/>\n<meta name=\"twitter:card\" content=\"summary_large_image\" \/>\n<meta name=\"twitter:label1\" content=\"Est. reading time\" \/>\n\t<meta name=\"twitter:data1\" content=\"3 minutes\" \/>\n<script type=\"application\/ld+json\" class=\"yoast-schema-graph\">{\"@context\":\"https:\/\/schema.org\",\"@graph\":[{\"@type\":\"WebPage\",\"@id\":\"https:\/\/rs-audiovideo.com\/index.php\/product\/jbl-srx928s-subwoofer-activo-1100w-140db-2\/\",\"url\":\"https:\/\/rs-audiovideo.com\/index.php\/product\/jbl-srx928s-subwoofer-activo-1100w-140db-2\/\",\"name\":\"JBL SRX918S Bajo activo 18\u2033 134 dB - Soluciones, Asesoria y Venta de Equipos Audiovisuales\",\"isPartOf\":{\"@id\":\"https:\/\/rs-audiovideo.com\/#website\"},\"primaryImageOfPage\":{\"@id\":\"https:\/\/rs-audiovideo.com\/index.php\/product\/jbl-srx928s-subwoofer-activo-1100w-140db-2\/#primaryimage\"},\"image\":{\"@id\":\"https:\/\/rs-audiovideo.com\/index.php\/product\/jbl-srx928s-subwoofer-activo-1100w-140db-2\/#primaryimage\"},\"thumbnailUrl\":\"https:\/\/rs-audiovideo.com\/wp-content\/uploads\/2025\/09\/SRX918S_0010.jpg.webp\",\"datePublished\":\"2025-09-24T05:21:27+00:00\",\"dateModified\":\"2025-09-24T05:25:30+00:00\",\"breadcrumb\":{\"@id\":\"https:\/\/rs-audiovideo.com\/index.php\/product\/jbl-srx928s-subwoofer-activo-1100w-140db-2\/#breadcrumb\"},\"inLanguage\":\"en-US\",\"potentialAction\":[{\"@type\":\"ReadAction\",\"target\":[\"https:\/\/rs-audiovideo.com\/index.php\/product\/jbl-srx928s-subwoofer-activo-1100w-140db-2\/\"]}]},{\"@type\":\"ImageObject\",\"inLanguage\":\"en-US\",\"@id\":\"https:\/\/rs-audiovideo.com\/index.php\/product\/jbl-srx928s-subwoofer-activo-1100w-140db-2\/#primaryimage\",\"url\":\"https:\/\/rs-audiovideo.com\/wp-content\/uploads\/2025\/09\/SRX918S_0010.jpg.webp\",\"contentUrl\":\"https:\/\/rs-audiovideo.com\/wp-content\/uploads\/2025\/09\/SRX918S_0010.jpg.webp\",\"width\":1000,\"height\":1000},{\"@type\":\"BreadcrumbList\",\"@id\":\"https:\/\/rs-audiovideo.com\/index.php\/product\/jbl-srx928s-subwoofer-activo-1100w-140db-2\/#breadcrumb\",\"itemListElement\":[{\"@type\":\"ListItem\",\"position\":1,\"name\":\"Home\",\"item\":\"https:\/\/rs-audiovideo.com\/\"},{\"@type\":\"ListItem\",\"position\":2,\"name\":\"Shop\",\"item\":\"https:\/\/rs-audiovideo.com\/index.php\/shop-2\/\"},{\"@type\":\"ListItem\",\"position\":3,\"name\":\"JBL SRX918S Bajo activo 18\u2033 134 dB\"}]},{\"@type\":\"WebSite\",\"@id\":\"https:\/\/rs-audiovideo.com\/#website\",\"url\":\"https:\/\/rs-audiovideo.com\/\",\"name\":\"Soluciones, Asesoria y Venta de Equipos Audiovisuales\",\"description\":\"\",\"publisher\":{\"@id\":\"https:\/\/rs-audiovideo.com\/#organization\"},\"potentialAction\":[{\"@type\":\"SearchAction\",\"target\":{\"@type\":\"EntryPoint\",\"urlTemplate\":\"https:\/\/rs-audiovideo.com\/?s={search_term_string}\"},\"query-input\":{\"@type\":\"PropertyValueSpecification\",\"valueRequired\":true,\"valueName\":\"search_term_string\"}}],\"inLanguage\":\"en-US\"},{\"@type\":\"Organization\",\"@id\":\"https:\/\/rs-audiovideo.com\/#organization\",\"name\":\"Soluciones, Asesoria y Venta de Equipos Audiovisuales\",\"url\":\"https:\/\/rs-audiovideo.com\/\",\"logo\":{\"@type\":\"ImageObject\",\"inLanguage\":\"en-US\",\"@id\":\"https:\/\/rs-audiovideo.com\/#\/schema\/logo\/image\/\",\"url\":\"https:\/\/rs-audiovideo.com\/wp-content\/uploads\/2024\/06\/cropped-logointro.png\",\"contentUrl\":\"https:\/\/rs-audiovideo.com\/wp-content\/uploads\/2024\/06\/cropped-logointro.png\",\"width\":579,\"height\":127,\"caption\":\"Soluciones, Asesoria y Venta de Equipos Audiovisuales\"},\"image\":{\"@id\":\"https:\/\/rs-audiovideo.com\/#\/schema\/logo\/image\/\"}}]}<\/script>\n<!-- \/ Yoast SEO plugin. -->","yoast_head_json":{"title":"JBL SRX918S Bajo activo 18\u2033 134 dB - Soluciones, Asesoria y Venta de Equipos Audiovisuales","robots":{"index":"index","follow":"follow","max-snippet":"max-snippet:-1","max-image-preview":"max-image-preview:large","max-video-preview":"max-video-preview:-1"},"canonical":"https:\/\/rs-audiovideo.com\/index.php\/product\/jbl-srx928s-subwoofer-activo-1100w-140db-2\/","og_locale":"en_US","og_type":"article","og_title":"JBL SRX918S Bajo activo 18\u2033 134 dB - Soluciones, Asesoria y Venta de Equipos Audiovisuales","og_description":"Subwoofer activo de 18 pulgadas La serie SRX900 incorpora los principios de rendimiento avanzado que impulsan el desarrollo de productos de audio de JBL que marcan una diferencia real en","og_url":"https:\/\/rs-audiovideo.com\/index.php\/product\/jbl-srx928s-subwoofer-activo-1100w-140db-2\/","og_site_name":"Soluciones, Asesoria y Venta de Equipos Audiovisuales","article_modified_time":"2025-09-24T05:25:30+00:00","og_image":[{"width":1000,"height":1000,"url":"https:\/\/rs-audiovideo.com\/wp-content\/uploads\/2025\/09\/SRX918S_0010.jpg.webp","type":"image\/webp"}],"twitter_card":"summary_large_image","twitter_misc":{"Est. reading time":"3 minutes"},"schema":{"@context":"https:\/\/schema.org","@graph":[{"@type":"WebPage","@id":"https:\/\/rs-audiovideo.com\/index.php\/product\/jbl-srx928s-subwoofer-activo-1100w-140db-2\/","url":"https:\/\/rs-audiovideo.com\/index.php\/product\/jbl-srx928s-subwoofer-activo-1100w-140db-2\/","name":"JBL SRX918S Bajo activo 18\u2033 134 dB - Soluciones, Asesoria y Venta de Equipos Audiovisuales","isPartOf":{"@id":"https:\/\/rs-audiovideo.com\/#website"},"primaryImageOfPage":{"@id":"https:\/\/rs-audiovideo.com\/index.php\/product\/jbl-srx928s-subwoofer-activo-1100w-140db-2\/#primaryimage"},"image":{"@id":"https:\/\/rs-audiovideo.com\/index.php\/product\/jbl-srx928s-subwoofer-activo-1100w-140db-2\/#primaryimage"},"thumbnailUrl":"https:\/\/rs-audiovideo.com\/wp-content\/uploads\/2025\/09\/SRX918S_0010.jpg.webp","datePublished":"2025-09-24T05:21:27+00:00","dateModified":"2025-09-24T05:25:30+00:00","breadcrumb":{"@id":"https:\/\/rs-audiovideo.com\/index.php\/product\/jbl-srx928s-subwoofer-activo-1100w-140db-2\/#breadcrumb"},"inLanguage":"en-US","potentialAction":[{"@type":"ReadAction","target":["https:\/\/rs-audiovideo.com\/index.php\/product\/jbl-srx928s-subwoofer-activo-1100w-140db-2\/"]}]},{"@type":"ImageObject","inLanguage":"en-US","@id":"https:\/\/rs-audiovideo.com\/index.php\/product\/jbl-srx928s-subwoofer-activo-1100w-140db-2\/#primaryimage","url":"https:\/\/rs-audiovideo.com\/wp-content\/uploads\/2025\/09\/SRX918S_0010.jpg.webp","contentUrl":"https:\/\/rs-audiovideo.com\/wp-content\/uploads\/2025\/09\/SRX918S_0010.jpg.webp","width":1000,"height":1000},{"@type":"BreadcrumbList","@id":"https:\/\/rs-audiovideo.com\/index.php\/product\/jbl-srx928s-subwoofer-activo-1100w-140db-2\/#breadcrumb","itemListElement":[{"@type":"ListItem","position":1,"name":"Home","item":"https:\/\/rs-audiovideo.com\/"},{"@type":"ListItem","position":2,"name":"Shop","item":"https:\/\/rs-audiovideo.com\/index.php\/shop-2\/"},{"@type":"ListItem","position":3,"name":"JBL SRX918S Bajo activo 18\u2033 134 dB"}]},{"@type":"WebSite","@id":"https:\/\/rs-audiovideo.com\/#website","url":"https:\/\/rs-audiovideo.com\/","name":"Soluciones, Asesoria y Venta de Equipos Audiovisuales","description":"","publisher":{"@id":"https:\/\/rs-audiovideo.com\/#organization"},"potentialAction":[{"@type":"SearchAction","target":{"@type":"EntryPoint","urlTemplate":"https:\/\/rs-audiovideo.com\/?s={search_term_string}"},"query-input":{"@type":"PropertyValueSpecification","valueRequired":true,"valueName":"search_term_string"}}],"inLanguage":"en-US"},{"@type":"Organization","@id":"https:\/\/rs-audiovideo.com\/#organization","name":"Soluciones, Asesoria y Venta de Equipos Audiovisuales","url":"https:\/\/rs-audiovideo.com\/","logo":{"@type":"ImageObject","inLanguage":"en-US","@id":"https:\/\/rs-audiovideo.com\/#\/schema\/logo\/image\/","url":"https:\/\/rs-audiovideo.com\/wp-content\/uploads\/2024\/06\/cropped-logointro.png","contentUrl":"https:\/\/rs-audiovideo.com\/wp-content\/uploads\/2024\/06\/cropped-logointro.png","width":579,"height":127,"caption":"Soluciones, Asesoria y Venta de Equipos Audiovisuales"},"image":{"@id":"https:\/\/rs-audiovideo.com\/#\/schema\/logo\/image\/"}}]}},"_links":{"self":[{"href":"https:\/\/rs-audiovideo.com\/index.php\/wp-json\/wp\/v2\/product\/6029","targetHints":{"allow":["GET"]}}],"collection":[{"href":"https:\/\/rs-audiovideo.com\/index.php\/wp-json\/wp\/v2\/product"}],"about":[{"href":"https:\/\/rs-audiovideo.com\/index.php\/wp-json\/wp\/v2\/types\/product"}],"replies":[{"embeddable":true,"href":"https:\/\/rs-audiovideo.com\/index.php\/wp-json\/wp\/v2\/comments?post=6029"}],"wp:featuredmedia":[{"embeddable":true,"href":"https:\/\/rs-audiovideo.com\/index.php\/wp-json\/wp\/v2\/media\/6033"}],"wp:attachment":[{"href":"https:\/\/rs-audiovideo.com\/index.php\/wp-json\/wp\/v2\/media?parent=6029"}],"wp:term":[{"taxonomy":"product_brand","embeddable":true,"href":"https:\/\/rs-audiovideo.com\/index.php\/wp-json\/wp\/v2\/product_brand?post=6029"},{"taxonomy":"product_cat","embeddable":true,"href":"https:\/\/rs-audiovideo.com\/index.php\/wp-json\/wp\/v2\/product_cat?post=6029"},{"taxonomy":"product_tag","embeddable":true,"href":"https:\/\/rs-audiovideo.com\/index.php\/wp-json\/wp\/v2\/product_tag?post=6029"}],"curies":[{"name":"wp","href":"https:\/\/api.w.org\/{rel}","templated":true}]}}