{"id":6049,"date":"2025-09-24T05:44:09","date_gmt":"2025-09-24T05:44:09","guid":{"rendered":"https:\/\/rs-audiovideo.com\/?post_type=product&#038;p=6049"},"modified":"2025-09-24T05:44:10","modified_gmt":"2025-09-24T05:44:10","slug":"allen-heath-qu-5-38-channel-digital-mixer","status":"publish","type":"product","link":"https:\/\/rs-audiovideo.com\/index.php\/product\/allen-heath-qu-5-38-channel-digital-mixer\/","title":{"rendered":"Allen &#038; Heath Qu-5 38-channel Digital Mixer"},"content":{"rendered":"<p>El nuevo Qu conserva la apariencia y el formato tan apreciados de la serie Qu original, pero con m\u00faltiples mejoras de hardware para elevar el rendimiento sonoro y la experiencia de mezcla. Los preamplificadores de micr\u00f3fono actualizados y los convertidores AD\/DA de 96 kHz de alto rendimiento se combinan para brindar audio impecable hacia y desde el n\u00facleo XCVI, preservando cada detalle de la fuente. Cada canal ahora cuenta con una pantalla de canal (que muestra el nombre del canal, el tipo de canal o el n\u00famero de conector) y un medidor de canal crom\u00e1tico para obtener informaci\u00f3n de nivel de un vistazo, y la nueva pantalla t\u00e1ctil admite una interfaz de usuario completamente redise\u00f1ada. Compatible con Dante. El Qu-5D proporciona una interfaz Dante de 16\u00d716 a 96 kHz o 48 kHz para su integraci\u00f3n en sistemas o instalaciones m\u00e1s grandes.<\/p>\n<section class=\"layout\">\n<div class=\"row flex-centered\">\n<div class=\"column one-half m-one-whole center\">\n<h2><span>Procesamiento PROFUNDO. Herramientas de asistencia.<\/span><\/h2>\n<p class=\"grey--dark\"><span>Qu ahora est\u00e1 listo para procesamiento PROFUNDO y trae complementos aclamados de nuestro sistema insignia dLive a la plataforma Qu por primera vez. Adem\u00e1s, Qu ahora cuenta con los asistentes de retroalimentaci\u00f3n y ganancia de la serie CQ para eliminar el estr\u00e9s de la configuraci\u00f3n y acelerar sus pruebas de sonido.<\/span><\/p>\n<\/div>\n<\/div>\n<\/section>\n<section class=\"layout visible\" data-animate=\"slideLeft\">\n<div class=\"row\">\n<div class=\"column one-whole\">\n<div class=\"content content--tbi\">\n<div class=\"content-image-container right\"><span class=\"lazy loaded\"><img decoding=\"async\" src=\"https:\/\/www.allen-heath.com\/content\/uploads\/2025\/05\/Qu-5-GainAssist-2.jpg\" sizes=\"(max-width: 800px) 100vw, 50vw\" srcset=\"https:\/\/www.allen-heath.com\/content\/uploads\/2025\/05\/Qu-5-GainAssist-2.jpg 1024w, https:\/\/www.allen-heath.com\/content\/uploads\/2025\/05\/Qu-5-GainAssist-2-300x200.jpg 300w, https:\/\/www.allen-heath.com\/content\/uploads\/2025\/05\/Qu-5-GainAssist-2-768x512.jpg 768w, https:\/\/www.allen-heath.com\/content\/uploads\/2025\/05\/Qu-5-GainAssist-2-600x400.jpg 600w\" alt=\"\" \/><\/span><\/div>\n<div class=\"content-body\">\n<header class=\"content-header\">\n<h2 class=\"content-title no-margin\"><span>Asistente de ganancias<\/span><\/h2>\n<p class=\"gamma charcoal content-standfirst half-margin\"><span>Configuraciones m\u00e1s r\u00e1pidas<\/span><\/p>\n<\/header>\n<div class=\"content-main grey--dark\">\n<p class=\" no-margin \"><span>Ajustar la ganancia de cada canal puede no ser la tarea m\u00e1s emocionante y puede ocupar gran parte de su tiempo de configuraci\u00f3n cuando tiene varios canales que administrar.<\/span><\/p>\n<p><span>Gain Assistant de Qu agiliza este proceso estableciendo de forma r\u00e1pida y precisa el nivel de ganancia ideal para uno o m\u00e1s canales de entrada, mientras monitorea continuamente los niveles durante el rendimiento para evitar picos o sorpresas no deseados.<\/span><\/p>\n<\/div>\n<\/div>\n<\/div>\n<\/div>\n<\/div>\n<\/section>\n<section class=\"layout visible\" data-animate=\"slideRight\">\n<div class=\"row\">\n<div class=\"column one-whole\">\n<div class=\"content content--tbi\">\n<div class=\"content-image-container left\"><span class=\"lazy loaded\"><img decoding=\"async\" src=\"https:\/\/www.allen-heath.com\/content\/uploads\/2025\/05\/Qu-5-Feedbac.jpg\" sizes=\"(max-width: 800px) 100vw, 50vw\" srcset=\"https:\/\/www.allen-heath.com\/content\/uploads\/2025\/05\/Qu-5-Feedbac.jpg 1024w, https:\/\/www.allen-heath.com\/content\/uploads\/2025\/05\/Qu-5-Feedbac-300x200.jpg 300w, https:\/\/www.allen-heath.com\/content\/uploads\/2025\/05\/Qu-5-Feedbac-768x512.jpg 768w, https:\/\/www.allen-heath.com\/content\/uploads\/2025\/05\/Qu-5-Feedbac-600x400.jpg 600w\" alt=\"\" \/><\/span><\/div>\n<div class=\"content-body\">\n<header class=\"content-header\">\n<h2 class=\"content-title no-margin\"><span>Asistente de comentarios<\/span><\/h2>\n<p class=\"gamma charcoal content-standfirst half-margin\"><span>Dile adi\u00f3s a los comentarios<\/span><\/p>\n<\/header>\n<div class=\"content-main grey--dark\">\n<p class=\" no-margin \"><span>El asistente de retroalimentaci\u00f3n f\u00e1cil de usar de Qu identifica y elimina autom\u00e1ticamente frecuencias problem\u00e1ticas con hasta 16 filtros por salida, lo que le permite combinar con confianza y dejar atr\u00e1s las preocupaciones por la retroalimentaci\u00f3n.<\/span><\/p>\n<\/div>\n<\/div>\n<\/div>\n<\/div>\n<\/div>\n<\/section>\n<section class=\"layout bg--cover layout--text-over-image auto-height\"><span class=\"lazy loaded\"><img decoding=\"async\" src=\"https:\/\/www.allen-heath.com\/content\/uploads\/2025\/05\/Qu-567-AddOns-1024x512.jpg\" sizes=\"100vw\" srcset=\"https:\/\/www.allen-heath.com\/content\/uploads\/2025\/05\/Qu-567-AddOns-1024x512.jpg 1024w, https:\/\/www.allen-heath.com\/content\/uploads\/2025\/05\/Qu-567-AddOns-300x150.jpg 300w, https:\/\/www.allen-heath.com\/content\/uploads\/2025\/05\/Qu-567-AddOns-768x384.jpg 768w, https:\/\/www.allen-heath.com\/content\/uploads\/2025\/05\/Qu-567-AddOns-1536x768.jpg 1536w, https:\/\/www.allen-heath.com\/content\/uploads\/2025\/05\/Qu-567-AddOns-1920x960.jpg 1920w, https:\/\/www.allen-heath.com\/content\/uploads\/2025\/05\/Qu-567-AddOns-1600x800.jpg 1600w, https:\/\/www.allen-heath.com\/content\/uploads\/2025\/05\/Qu-567-AddOns-800x400.jpg 800w, https:\/\/www.allen-heath.com\/content\/uploads\/2025\/05\/Qu-567-AddOns-400x200.jpg 400w, https:\/\/www.allen-heath.com\/content\/uploads\/2025\/05\/Qu-567-AddOns-600x300.jpg 600w, https:\/\/www.allen-heath.com\/content\/uploads\/2025\/05\/Qu-567-AddOns.jpg 2048w\" alt=\"\" \/><\/span><\/p>\n<div class=\"row\">\n<div class=\"column one-half l-one-whole\">\n<div class=\"copy\">\n<header class=\"content-header\">\n<h2 class=\"content-title no-margin\">Complementos<\/h2>\n<p class=\"gamma charcoal content-standfirst half-margin\">Lleva tu mezcla al siguiente nivel<\/p>\n<\/header>\n<div class=\"content-main grey--dark\">\n<p class=\"\">\n<p>Probado en innumerables giras mundiales con artistas internacionales, DEEP Processing y RackExtra FX de nuestro galardonado sistema de mezcla digital dLive ahora est\u00e1n disponibles dentro de su Qu.<\/p>\n<div class=\"content-image-container right\"><span class=\"lazy loaded\"><span class=\"lazy loaded\"><img decoding=\"async\" src=\"https:\/\/www.allen-heath.com\/content\/uploads\/2025\/05\/Qu-567-AMM.jpg\" sizes=\"(max-width: 800px) 100vw, 50vw\" srcset=\"https:\/\/www.allen-heath.com\/content\/uploads\/2025\/05\/Qu-567-AMM.jpg 1024w, https:\/\/www.allen-heath.com\/content\/uploads\/2025\/05\/Qu-567-AMM-300x200.jpg 300w, https:\/\/www.allen-heath.com\/content\/uploads\/2025\/05\/Qu-567-AMM-768x512.jpg 768w, https:\/\/www.allen-heath.com\/content\/uploads\/2025\/05\/Qu-567-AMM-600x400.jpg 600w\" alt=\"\" \/><\/span><\/span><\/div>\n<\/div>\n<\/div>\n<\/div>\n<\/div>\n<\/section>\n","protected":false},"excerpt":{"rendered":"<p>El nuevo Qu conserva la apariencia y el formato tan apreciados de la serie Qu original, pero con m\u00faltiples mejoras de hardware para elevar el rendimiento sonoro y la experiencia<\/p>\n","protected":false},"featured_media":6056,"comment_status":"open","ping_status":"closed","template":"","meta":{"_acf_changed":false},"product_brand":[],"product_cat":[286,243],"product_tag":[],"class_list":{"0":"post-6049","1":"product","2":"type-product","3":"status-publish","4":"has-post-thumbnail","6":"product_cat-allen-heath","7":"product_cat-consola-audio-digital","9":"first","10":"instock","11":"shipping-taxable","12":"product-type-simple","13":"add-to-wishlist-after_add_to_cart"},"acf":[],"yoast_head":"<!-- This site is optimized with the Yoast SEO plugin v26.0 - https:\/\/yoast.com\/wordpress\/plugins\/seo\/ -->\n<title>Allen &amp; Heath Qu-5 38-channel Digital Mixer - Soluciones, Asesoria y Venta de Equipos Audiovisuales<\/title>\n<meta name=\"robots\" content=\"index, follow, max-snippet:-1, max-image-preview:large, max-video-preview:-1\" \/>\n<link rel=\"canonical\" href=\"https:\/\/rs-audiovideo.com\/index.php\/product\/allen-heath-qu-5-38-channel-digital-mixer\/\" \/>\n<meta property=\"og:locale\" content=\"en_US\" \/>\n<meta property=\"og:type\" content=\"article\" \/>\n<meta property=\"og:title\" content=\"Allen &amp; Heath Qu-5 38-channel Digital Mixer - Soluciones, Asesoria y Venta de Equipos Audiovisuales\" \/>\n<meta property=\"og:description\" content=\"El nuevo Qu conserva la apariencia y el formato tan apreciados de la serie Qu original, pero con m\u00faltiples mejoras de hardware para elevar el rendimiento sonoro y la experiencia\" \/>\n<meta property=\"og:url\" content=\"https:\/\/rs-audiovideo.com\/index.php\/product\/allen-heath-qu-5-38-channel-digital-mixer\/\" \/>\n<meta property=\"og:site_name\" content=\"Soluciones, Asesoria y Venta de Equipos Audiovisuales\" \/>\n<meta property=\"article:modified_time\" content=\"2025-09-24T05:44:10+00:00\" \/>\n<meta property=\"og:image\" content=\"https:\/\/rs-audiovideo.com\/wp-content\/uploads\/2025\/09\/rsw_365h_274cg_truem.webp\" \/>\n\t<meta property=\"og:image:width\" content=\"365\" \/>\n\t<meta property=\"og:image:height\" content=\"274\" \/>\n\t<meta property=\"og:image:type\" content=\"image\/webp\" \/>\n<meta name=\"twitter:card\" content=\"summary_large_image\" \/>\n<meta name=\"twitter:label1\" content=\"Est. reading time\" \/>\n\t<meta name=\"twitter:data1\" content=\"3 minutes\" \/>\n<script type=\"application\/ld+json\" class=\"yoast-schema-graph\">{\"@context\":\"https:\/\/schema.org\",\"@graph\":[{\"@type\":\"WebPage\",\"@id\":\"https:\/\/rs-audiovideo.com\/index.php\/product\/allen-heath-qu-5-38-channel-digital-mixer\/\",\"url\":\"https:\/\/rs-audiovideo.com\/index.php\/product\/allen-heath-qu-5-38-channel-digital-mixer\/\",\"name\":\"Allen & Heath Qu-5 38-channel Digital Mixer - Soluciones, Asesoria y Venta de Equipos Audiovisuales\",\"isPartOf\":{\"@id\":\"https:\/\/rs-audiovideo.com\/#website\"},\"primaryImageOfPage\":{\"@id\":\"https:\/\/rs-audiovideo.com\/index.php\/product\/allen-heath-qu-5-38-channel-digital-mixer\/#primaryimage\"},\"image\":{\"@id\":\"https:\/\/rs-audiovideo.com\/index.php\/product\/allen-heath-qu-5-38-channel-digital-mixer\/#primaryimage\"},\"thumbnailUrl\":\"https:\/\/rs-audiovideo.com\/wp-content\/uploads\/2025\/09\/rsw_365h_274cg_truem.webp\",\"datePublished\":\"2025-09-24T05:44:09+00:00\",\"dateModified\":\"2025-09-24T05:44:10+00:00\",\"breadcrumb\":{\"@id\":\"https:\/\/rs-audiovideo.com\/index.php\/product\/allen-heath-qu-5-38-channel-digital-mixer\/#breadcrumb\"},\"inLanguage\":\"en-US\",\"potentialAction\":[{\"@type\":\"ReadAction\",\"target\":[\"https:\/\/rs-audiovideo.com\/index.php\/product\/allen-heath-qu-5-38-channel-digital-mixer\/\"]}]},{\"@type\":\"ImageObject\",\"inLanguage\":\"en-US\",\"@id\":\"https:\/\/rs-audiovideo.com\/index.php\/product\/allen-heath-qu-5-38-channel-digital-mixer\/#primaryimage\",\"url\":\"https:\/\/rs-audiovideo.com\/wp-content\/uploads\/2025\/09\/rsw_365h_274cg_truem.webp\",\"contentUrl\":\"https:\/\/rs-audiovideo.com\/wp-content\/uploads\/2025\/09\/rsw_365h_274cg_truem.webp\",\"width\":365,\"height\":274},{\"@type\":\"BreadcrumbList\",\"@id\":\"https:\/\/rs-audiovideo.com\/index.php\/product\/allen-heath-qu-5-38-channel-digital-mixer\/#breadcrumb\",\"itemListElement\":[{\"@type\":\"ListItem\",\"position\":1,\"name\":\"Home\",\"item\":\"https:\/\/rs-audiovideo.com\/\"},{\"@type\":\"ListItem\",\"position\":2,\"name\":\"Shop\",\"item\":\"https:\/\/rs-audiovideo.com\/index.php\/shop-2\/\"},{\"@type\":\"ListItem\",\"position\":3,\"name\":\"Allen &#038; Heath Qu-5 38-channel Digital Mixer\"}]},{\"@type\":\"WebSite\",\"@id\":\"https:\/\/rs-audiovideo.com\/#website\",\"url\":\"https:\/\/rs-audiovideo.com\/\",\"name\":\"Soluciones, Asesoria y Venta de Equipos Audiovisuales\",\"description\":\"\",\"publisher\":{\"@id\":\"https:\/\/rs-audiovideo.com\/#organization\"},\"potentialAction\":[{\"@type\":\"SearchAction\",\"target\":{\"@type\":\"EntryPoint\",\"urlTemplate\":\"https:\/\/rs-audiovideo.com\/?s={search_term_string}\"},\"query-input\":{\"@type\":\"PropertyValueSpecification\",\"valueRequired\":true,\"valueName\":\"search_term_string\"}}],\"inLanguage\":\"en-US\"},{\"@type\":\"Organization\",\"@id\":\"https:\/\/rs-audiovideo.com\/#organization\",\"name\":\"Soluciones, Asesoria y Venta de Equipos Audiovisuales\",\"url\":\"https:\/\/rs-audiovideo.com\/\",\"logo\":{\"@type\":\"ImageObject\",\"inLanguage\":\"en-US\",\"@id\":\"https:\/\/rs-audiovideo.com\/#\/schema\/logo\/image\/\",\"url\":\"https:\/\/rs-audiovideo.com\/wp-content\/uploads\/2024\/06\/cropped-logointro.png\",\"contentUrl\":\"https:\/\/rs-audiovideo.com\/wp-content\/uploads\/2024\/06\/cropped-logointro.png\",\"width\":579,\"height\":127,\"caption\":\"Soluciones, Asesoria y Venta de Equipos Audiovisuales\"},\"image\":{\"@id\":\"https:\/\/rs-audiovideo.com\/#\/schema\/logo\/image\/\"}}]}<\/script>\n<!-- \/ Yoast SEO plugin. -->","yoast_head_json":{"title":"Allen & Heath Qu-5 38-channel Digital Mixer - Soluciones, Asesoria y Venta de Equipos Audiovisuales","robots":{"index":"index","follow":"follow","max-snippet":"max-snippet:-1","max-image-preview":"max-image-preview:large","max-video-preview":"max-video-preview:-1"},"canonical":"https:\/\/rs-audiovideo.com\/index.php\/product\/allen-heath-qu-5-38-channel-digital-mixer\/","og_locale":"en_US","og_type":"article","og_title":"Allen & Heath Qu-5 38-channel Digital Mixer - Soluciones, Asesoria y Venta de Equipos Audiovisuales","og_description":"El nuevo Qu conserva la apariencia y el formato tan apreciados de la serie Qu original, pero con m\u00faltiples mejoras de hardware para elevar el rendimiento sonoro y la experiencia","og_url":"https:\/\/rs-audiovideo.com\/index.php\/product\/allen-heath-qu-5-38-channel-digital-mixer\/","og_site_name":"Soluciones, Asesoria y Venta de Equipos Audiovisuales","article_modified_time":"2025-09-24T05:44:10+00:00","og_image":[{"width":365,"height":274,"url":"https:\/\/rs-audiovideo.com\/wp-content\/uploads\/2025\/09\/rsw_365h_274cg_truem.webp","type":"image\/webp"}],"twitter_card":"summary_large_image","twitter_misc":{"Est. reading time":"3 minutes"},"schema":{"@context":"https:\/\/schema.org","@graph":[{"@type":"WebPage","@id":"https:\/\/rs-audiovideo.com\/index.php\/product\/allen-heath-qu-5-38-channel-digital-mixer\/","url":"https:\/\/rs-audiovideo.com\/index.php\/product\/allen-heath-qu-5-38-channel-digital-mixer\/","name":"Allen & Heath Qu-5 38-channel Digital Mixer - Soluciones, Asesoria y Venta de Equipos Audiovisuales","isPartOf":{"@id":"https:\/\/rs-audiovideo.com\/#website"},"primaryImageOfPage":{"@id":"https:\/\/rs-audiovideo.com\/index.php\/product\/allen-heath-qu-5-38-channel-digital-mixer\/#primaryimage"},"image":{"@id":"https:\/\/rs-audiovideo.com\/index.php\/product\/allen-heath-qu-5-38-channel-digital-mixer\/#primaryimage"},"thumbnailUrl":"https:\/\/rs-audiovideo.com\/wp-content\/uploads\/2025\/09\/rsw_365h_274cg_truem.webp","datePublished":"2025-09-24T05:44:09+00:00","dateModified":"2025-09-24T05:44:10+00:00","breadcrumb":{"@id":"https:\/\/rs-audiovideo.com\/index.php\/product\/allen-heath-qu-5-38-channel-digital-mixer\/#breadcrumb"},"inLanguage":"en-US","potentialAction":[{"@type":"ReadAction","target":["https:\/\/rs-audiovideo.com\/index.php\/product\/allen-heath-qu-5-38-channel-digital-mixer\/"]}]},{"@type":"ImageObject","inLanguage":"en-US","@id":"https:\/\/rs-audiovideo.com\/index.php\/product\/allen-heath-qu-5-38-channel-digital-mixer\/#primaryimage","url":"https:\/\/rs-audiovideo.com\/wp-content\/uploads\/2025\/09\/rsw_365h_274cg_truem.webp","contentUrl":"https:\/\/rs-audiovideo.com\/wp-content\/uploads\/2025\/09\/rsw_365h_274cg_truem.webp","width":365,"height":274},{"@type":"BreadcrumbList","@id":"https:\/\/rs-audiovideo.com\/index.php\/product\/allen-heath-qu-5-38-channel-digital-mixer\/#breadcrumb","itemListElement":[{"@type":"ListItem","position":1,"name":"Home","item":"https:\/\/rs-audiovideo.com\/"},{"@type":"ListItem","position":2,"name":"Shop","item":"https:\/\/rs-audiovideo.com\/index.php\/shop-2\/"},{"@type":"ListItem","position":3,"name":"Allen &#038; Heath Qu-5 38-channel Digital Mixer"}]},{"@type":"WebSite","@id":"https:\/\/rs-audiovideo.com\/#website","url":"https:\/\/rs-audiovideo.com\/","name":"Soluciones, Asesoria y Venta de Equipos Audiovisuales","description":"","publisher":{"@id":"https:\/\/rs-audiovideo.com\/#organization"},"potentialAction":[{"@type":"SearchAction","target":{"@type":"EntryPoint","urlTemplate":"https:\/\/rs-audiovideo.com\/?s={search_term_string}"},"query-input":{"@type":"PropertyValueSpecification","valueRequired":true,"valueName":"search_term_string"}}],"inLanguage":"en-US"},{"@type":"Organization","@id":"https:\/\/rs-audiovideo.com\/#organization","name":"Soluciones, Asesoria y Venta de Equipos Audiovisuales","url":"https:\/\/rs-audiovideo.com\/","logo":{"@type":"ImageObject","inLanguage":"en-US","@id":"https:\/\/rs-audiovideo.com\/#\/schema\/logo\/image\/","url":"https:\/\/rs-audiovideo.com\/wp-content\/uploads\/2024\/06\/cropped-logointro.png","contentUrl":"https:\/\/rs-audiovideo.com\/wp-content\/uploads\/2024\/06\/cropped-logointro.png","width":579,"height":127,"caption":"Soluciones, Asesoria y Venta de Equipos Audiovisuales"},"image":{"@id":"https:\/\/rs-audiovideo.com\/#\/schema\/logo\/image\/"}}]}},"_links":{"self":[{"href":"https:\/\/rs-audiovideo.com\/index.php\/wp-json\/wp\/v2\/product\/6049","targetHints":{"allow":["GET"]}}],"collection":[{"href":"https:\/\/rs-audiovideo.com\/index.php\/wp-json\/wp\/v2\/product"}],"about":[{"href":"https:\/\/rs-audiovideo.com\/index.php\/wp-json\/wp\/v2\/types\/product"}],"replies":[{"embeddable":true,"href":"https:\/\/rs-audiovideo.com\/index.php\/wp-json\/wp\/v2\/comments?post=6049"}],"wp:featuredmedia":[{"embeddable":true,"href":"https:\/\/rs-audiovideo.com\/index.php\/wp-json\/wp\/v2\/media\/6056"}],"wp:attachment":[{"href":"https:\/\/rs-audiovideo.com\/index.php\/wp-json\/wp\/v2\/media?parent=6049"}],"wp:term":[{"taxonomy":"product_brand","embeddable":true,"href":"https:\/\/rs-audiovideo.com\/index.php\/wp-json\/wp\/v2\/product_brand?post=6049"},{"taxonomy":"product_cat","embeddable":true,"href":"https:\/\/rs-audiovideo.com\/index.php\/wp-json\/wp\/v2\/product_cat?post=6049"},{"taxonomy":"product_tag","embeddable":true,"href":"https:\/\/rs-audiovideo.com\/index.php\/wp-json\/wp\/v2\/product_tag?post=6049"}],"curies":[{"name":"wp","href":"https:\/\/api.w.org\/{rel}","templated":true}]}}